{"id":2316,"date":"2021-07-19T09:36:01","date_gmt":"2021-07-19T09:36:01","guid":{"rendered":"https:\/\/taizypackaging.com\/?p=2316"},"modified":"2024-07-17T17:30:05","modified_gmt":"2024-07-17T09:30:05","slug":"vacuum-capping-machine-for-sale","status":"publish","type":"product","link":"https:\/\/taizypackaging.com\/vi\/vacuum-capping-machine-for-sale\/","title":{"rendered":"M\u00e1y \u0111\u00f3ng n\u1eafp ch\u00e2n kh\u00f4ng"},"content":{"rendered":"<div class=\"kk-star-ratings kksr-auto kksr-align-left kksr-valign-top\"     data-payload='{&quot;align&quot;:&quot;left&quot;,&quot;id&quot;:&quot;2316&quot;,&quot;slug&quot;:&quot;default&quot;,&quot;valign&quot;:&quot;top&quot;,&quot;ignore&quot;:&quot;&quot;,&quot;reference&quot;:&quot;auto&quot;,&quot;class&quot;:&quot;&quot;,&quot;count&quot;:&quot;30&quot;,&quot;legendonly&quot;:&quot;&quot;,&quot;readonly&quot;:&quot;&quot;,&quot;score&quot;:&quot;4.7&quot;,&quot;starsonly&quot;:&quot;&quot;,&quot;best&quot;:&quot;5&quot;,&quot;gap&quot;:&quot;5&quot;,&quot;greet&quot;:&quot;Rate this product&quot;,&quot;legend&quot;:&quot;4.7\\\/5 - (30 b\u00ecnh ch\u1ecdn)&quot;,&quot;size&quot;:&quot;24&quot;,&quot;title&quot;:&quot;Vacuum Capping Machine&quot;,&quot;width&quot;:&quot;133.8&quot;,&quot;_legend&quot;:&quot;{score}\\\/{best} - ({count} {votes})&quot;,&quot;font_factor&quot;:&quot;1.25&quot;}'>              <div class=\"kksr-stars\">      <div class=\"kksr-stars-inactive\">             <div class=\"kksr-star\" data-star=\"1\" style=\"padding-right: 5px\">               <div class=\"kksr-icon\" style=\"width: 24px; height: 24px;\"><\/div>         <\/div>             <div class=\"kksr-star\" data-star=\"2\" style=\"padding-right: 5px\">               <div class=\"kksr-icon\" style=\"width: 24px; height: 24px;\"><\/div>         <\/div>             <div class=\"kksr-star\" data-star=\"3\" style=\"padding-right: 5px\">               <div class=\"kksr-icon\" style=\"width: 24px; height: 24px;\"><\/div>         <\/div>             <div class=\"kksr-star\" data-star=\"4\" style=\"padding-right: 5px\">               <div class=\"kksr-icon\" style=\"width: 24px; height: 24px;\"><\/div>         <\/div>             <div class=\"kksr-star\" data-star=\"5\" style=\"padding-right: 5px\">               <div class=\"kksr-icon\" style=\"width: 24px; height: 24px;\"><\/div>         <\/div>     <\/div>      <div class=\"kksr-stars-active\" style=\"width: 133.8px;\">             <div class=\"kksr-star\" style=\"padding-right: 5px\">               <div class=\"kksr-icon\" style=\"width: 24px; height: 24px;\"><\/div>         <\/div>             <div class=\"kksr-star\" style=\"padding-right: 5px\">               <div class=\"kksr-icon\" style=\"width: 24px; height: 24px;\"><\/div>         <\/div>             <div class=\"kksr-star\" style=\"padding-right: 5px\">               <div class=\"kksr-icon\" style=\"width: 24px; height: 24px;\"><\/div>         <\/div>             <div class=\"kksr-star\" style=\"padding-right: 5px\">               <div class=\"kksr-icon\" style=\"width: 24px; height: 24px;\"><\/div>         <\/div>             <div class=\"kksr-star\" style=\"padding-right: 5px\">               <div class=\"kksr-icon\" style=\"width: 24px; height: 24px;\"><\/div>         <\/div>     <\/div> <\/div>                   <div class=\"kksr-legend\" style=\"font-size: 19.2px;\">             4.7\/5 - (30 l\u01b0\u1ee3t b\u00ecnh ch\u1ecdn)    <\/div>     <\/div>  <p class=\"translation-block\"><strong>M\u00e1y \u0111\u00f3ng n\u1eafp ch\u00e2n kh\u00f4ng<\/strong> l\u00e0 m\u1ed9t lo\u1ea1i m\u00e1y \u0111\u00f3ng n\u1eafp chai b\u00e1n t\u1ef1 \u0111\u1ed9ng. \u0110\u1ed3ng th\u1eddi, \u0111\u00e2y c\u0169ng l\u00e0 m\u1ed9t lo\u1ea1i m\u00e1y \u0111\u00f3ng n\u1eafp xoay. <strong>M\u00e1y \u0111\u00f3ng n\u1eafp chai ch\u00e2n kh\u00f4ng<\/strong> n\u00e0y ch\u1ee7 y\u1ebfu \u0111\u01b0\u1ee3c \u1ee9ng d\u1ee5ng \u0111\u1ec3 \u0111\u00f3ng n\u1eafp ch\u00e2n kh\u00f4ng cho chai tr\u00f2n, chai vu\u00f4ng, chai c\u00f3 r\u00e3nh v\u00e0 c\u00e1c lo\u1ea1i chai th\u1ee7y tinh, l\u1ecd, lon kh\u00e1c. N\u00f3 \u0111\u01b0\u1ee3c s\u1eed d\u1ee5ng r\u1ed9ng r\u00e3i trong nhi\u1ec1u ng\u00e0nh c\u00f4ng nghi\u1ec7p nh\u01b0 ng\u00e0nh th\u1ef1c ph\u1ea9m &amp; \u0111\u1ed3 u\u1ed1ng v\u00e0 ng\u00e0nh d\u01b0\u1ee3c ph\u1ea9m. M\u1ed9t <strong>m\u00e1y \u0111\u00f3ng n\u1eafp chai th\u1ee7y tinh<\/strong> c\u00f3 nhu c\u1ea7u l\u1edbn trong m\u1ecdi l\u0129nh v\u1ef1c. N\u00f3i t\u00f3m l\u1ea1i, \u1edf \u0111\u00e2u c\u00f3 chi\u1ebft r\u00f3t chai, \u1edf \u0111\u00f3 c\u1ea7n m\u00e1y \u0111\u00f3ng n\u1eafp ch\u00e2n kh\u00f4ng. \u0110\u00e2y ch\u1eafc ch\u1eafn l\u00e0 m\u1ed9t c\u01a1 h\u1ed9i tuy\u1ec7t v\u1eddi cho doanh nghi\u1ec7p c\u1ee7a b\u1ea1n. H\u00e3y li\u00ean h\u1ec7 v\u1edbi ch\u00fang t\u00f4i ngay h\u00f4m nay \u0111\u1ec3 bi\u1ebft th\u00f4ng tin chi ti\u1ebft v\u1ec1 vi\u1ec7c mua h\u00e0ng. <\/p>    <h2 class=\"wp-block-heading\" id=\"vacuum-capping-machine-working-video\">Video ho\u1ea1t \u0111\u1ed9ng c\u1ee7a m\u00e1y \u0111\u00f3ng n\u1eafp ch\u00e2n kh\u00f4ng <\/h2>   <figure class=\"wp-block-embed-youtube wp-block-embed is-type-video is-provider-youtube wp-embed-aspect-16-9 wp-has-aspect-ratio\"><div class=\"lyte-wrapper fourthree\" title=\"M\u00e1y \u0111\u00f3ng n\u1eafp ch\u00e2n kh\u00f4ng B\u00ecnh th\u1ee7y tinh, Chai, Th\u00f9ng Semiauto | Hi\u1ec7u su\u1ea5t t\u1ed1t v\u00e0 chi ph\u00ed th\u1ea5p\" style=\"width:960px;max-width:100%;margin:5px auto;\"><div class=\"lyMe hidef\" id=\"WYL_BWf1Jd0ly80\" itemprop=\"video\" itemscope itemtype=\"https:\/\/schema.org\/VideoObject\"><div><meta itemprop=\"thumbnailUrl\" content=\"https:\/\/taizypackaging.com\/wp-content\/plugins\/wp-youtube-lyte\/lyteCache.php?origThumbUrl=https%3A%2F%2Fi.ytimg.com%2Fvi%2FBWf1Jd0ly80%2Fmaxresdefault.jpg\" \/><meta itemprop=\"embedURL\" content=\"https:\/\/www.youtube.com\/embed\/BWf1Jd0ly80\" \/><meta itemprop=\"duration\" content=\"PT1M9S\" \/><meta itemprop=\"uploadDate\" content=\"2022-02-17T03:05:20Z\" \/><\/div><meta itemprop=\"accessibilityFeature\" content=\"captions\" \/><div id=\"lyte_BWf1Jd0ly80\" data-src=\"https:\/\/taizypackaging.com\/wp-content\/plugins\/wp-youtube-lyte\/lyteCache.php?origThumbUrl=https%3A%2F%2Fi.ytimg.com%2Fvi%2FBWf1Jd0ly80%2Fmaxresdefault.jpg\" class=\"pL\"><div class=\"tC\"><div class=\"tT\" itemprop=\"name\">M\u00e1y \u0111\u00f3ng n\u1eafp ch\u00e2n kh\u00f4ng B\u00ecnh th\u1ee7y tinh, Chai, Th\u00f9ng Semiauto | Hi\u1ec7u su\u1ea5t t\u1ed1t v\u00e0 chi ph\u00ed th\u1ea5p<\/div><\/div><div class=\"play\"><\/div><div class=\"ctrl\"><div class=\"Lctrl\"><\/div><div class=\"Rctrl\"><\/div><\/div><\/div><noscript><a href=\"https:\/\/youtu.be\/BWf1Jd0ly80\" rel=\"nofollow noopener\" target=\"_blank\"><img loading=\"lazy\" decoding=\"async\" src=\"https:\/\/taizypackaging.com\/wp-content\/plugins\/wp-youtube-lyte\/lyteCache.php?origThumbUrl=https%3A%2F%2Fi.ytimg.com%2Fvi%2FBWf1Jd0ly80%2F0.jpg\" alt=\"M\u00e1y \u0111\u00f3ng n\u1eafp ch\u00e2n kh\u00f4ng B\u00ecnh th\u1ee7y tinh, Chai, Th\u00f9ng Semiauto | Hi\u1ec7u su\u1ea5t t\u1ed1t v\u00e0 chi ph\u00ed th\u1ea5p\" width=\"960\" height=\"700\" \/><br \/>Xem video n\u00e0y tr\u00ean YouTube<\/a><\/noscript><meta itemprop=\"description\" content=\"#vacuumcapping #bottlecapper #cappingmachine EMAIL: info@taizypackaging.com TEL\/WHATSAPP: +86 18837171591 USEFUL LINK: https:\/\/taizypackaging.com\/vacuum-capping-machine-for-sale\/ This vacuum capping machine is a semi automatic bottle capper. It is suitable for various glass bottles and jars. And it is widely used in lots of industries like the food &amp; beverage industry, pharmaceutical industry. Vacuum capping machine has a wide range of applications, such as sesame sauce, chili sauce, peanut butter, jam, canned peach, bird&#039;s nest, beer, wine, oil, milk, etc. A semi auto vacuum capping machine is usually used together with a paste filling machine, when the sauce or liquid is filled, the bottle and the cap are put together on the machine for capping. Vacuum bottle capping machine uses a PLC control screen, Chinese and English languages available. You can set capping time, vacuum time on it easily. Besides, this semi automatic bottle capping machine has 4 vacuum capping heads, high efficiency. Moreover, with stainless steel body materials, the bottle capper is durable and has a long service life. What is more, it has two fixed cylinders, 4 wheels, a rotary cylinder, and a workbox. You may also like these videos: Automatic paste filling machine: https:\/\/www.youtube.com\/watch?v=EwhasMp_vJI Automatic round bottle labeling machine: https:\/\/www.youtube.com\/watch?v=CCdx5K88i5Q Automatic bottle capping machine: https:\/\/www.youtube.com\/watch?v=w6hJUqlY1gk EMAIL: info@taizypackaging.com TEL\/WHATSAPP: +86 18837171591 USEFUL LINK: https:\/\/taizypackaging.com\/vacuum-capping-machine-for-sale\/\"><\/div><\/div><div class=\"lL\" style=\"max-width:100%;width:960px;margin:5px auto;\"><\/div><figcaption><\/figcaption><\/figure>   <p class=\"translation-block\"><strong>Nguy\u00ean l\u00fd ho\u1ea1t \u0111\u1ed9ng:<\/strong> \u0110\u1eb7t chai th\u1ee7y tinh v\u00e0o khu\u00f4n, v\u00e0 khu\u00f4n \u0111\u01b0\u1ee3c quay gi\u00e1n \u0111o\u1ea1n b\u1edfi b\u00e0n xoay v\u1edbi b\u1ed1n h\u00e0nh \u0111\u1ed9ng chia \u0111\u1ec1u. C\u01a1 ch\u1ebf gi\u1eef chai gi\u1eef ch\u1eb7t chai sau \u0111\u00f3 khu\u00f4n \u0111\u01b0\u1ee3c xoay \u0111\u1ebfn v\u1ecb tr\u00ed \u0111\u00f3ng n\u1eafp, v\u00e0 b\u1ed9 truy\u1ec1n \u0111\u1ed9ng xoay \u0111\u01b0\u1ee3c \u00e9p xu\u1ed1ng v\u00e0 \u0111\u00f3ng n\u1eafp \u0111\u1ec3 t\u1ea1o khoang ch\u00e2n kh\u00f4ng.<\/p>    <h2 class=\"wp-block-heading\" id=\"h-introduction-of-vacuum-capping-machine\">\u1ee8ng d\u1ee5ng m\u00e1y \u0111\u00f3ng n\u1eafp ch\u00e2n kh\u00f4ng <\/h2>    <p class=\"translation-block\">M\u00e1y \u0111\u00f3ng n\u1eafp ch\u00e2n kh\u00f4ng ch\u1ee7 y\u1ebfu \u0111\u01b0\u1ee3c s\u1eed d\u1ee5ng \u0111\u1ec3 \u0111\u00f3ng n\u1eafp ch\u00e2n kh\u00f4ng cho c\u00e1c lo\u1ea1i chai th\u1ee7y tinh c\u00f3 n\u1eafp thi\u1ebfc. N\u00f3 c\u00f3 ph\u1ea1m vi \u1ee9ng d\u1ee5ng r\u1ed9ng r\u00e3i, ch\u1eb3ng h\u1ea1n nh\u01b0 s\u1ed1t m\u00e8, s\u1ed1t \u1edbt, b\u01a1 \u0111\u1eadu ph\u1ed9ng, m\u1ee9t, \u0111\u00e0o \u0111\u00f3ng h\u1ed9p, y\u1ebfn s\u00e0o, bia, r\u01b0\u1ee3u, d\u1ea7u, s\u1eefa, v.v. M\u00e1y \u0111\u00f3ng n\u1eafp ch\u00e2n kh\u00f4ng b\u00e1n t\u1ef1 \u0111\u1ed9ng t\u1ea1o ra kh\u00f4ng gian k\u00edn ho\u00e0n to\u00e0n, gi\u00fap ng\u0103n ch\u1eb7n hi\u1ec7u qu\u1ea3 s\u1ef1 ph\u00e1t tri\u1ec3n c\u1ee7a vi khu\u1ea9n, qu\u00e1 tr\u00ecnh oxy h\u00f3a v\u00e0 h\u01b0 h\u1ecfng. N\u00f3 c\u00f3 t\u00e1c d\u1ee5ng b\u1ea3o qu\u1ea3n ch\u1ea5t l\u01b0\u1ee3ng. Nh\u00e2n ti\u1ec7n, m\u00e1y \u0111\u00f3ng n\u1eafp ch\u00e2n kh\u00f4ng th\u01b0\u1eddng \u0111\u01b0\u1ee3c s\u1eed d\u1ee5ng c\u00f9ng v\u1edbi <a rel=\"noreferrer noopener\" href=\"https:\/\/taizypackaging.com\/vi\/semi-automatic-paste-filling-machine\/\" target=\"_blank\">m\u00e1y chi\u1ebft r\u00f3t t\u01b0\u01a1ng<\/a>, khi t\u01b0\u01a1ng ho\u1eb7c ch\u1ea5t l\u1ecfng \u0111\u01b0\u1ee3c chi\u1ebft r\u00f3t, chai v\u00e0 n\u1eafp \u0111\u01b0\u1ee3c \u0111\u1eb7t c\u00f9ng nhau tr\u00ean m\u00e1y \u0111\u1ec3 \u0111\u00f3ng n\u1eafp.<\/p>    <figure class=\"wp-block-image size-full\"><img decoding=\"async\" src=\"https:\/\/taizypackaging.com\/wp-content\/uploads\/2021\/07\/vacuum-capping-machine-applications.jpg\" alt=\"\u1ee9ng d\u1ee5ng m\u00e1y \u0111\u00f3ng n\u1eafp ch\u00e2n kh\u00f4ng\" class=\"wp-image-3778\"\/><figcaption class=\"wp-element-caption\">\u1ee9ng d\u1ee5ng m\u00e1y \u0111\u00f3ng n\u1eafp ch\u00e2n kh\u00f4ng<\/figcaption><\/figure>    <h2 class=\"wp-block-heading\" id=\"h-the-structure-of-vacuum-bottle-capping-machine\">\u0110\u1eb7c \u0111i\u1ec3m c\u1ea5u t\u1ea1o c\u1ee7a m\u00e1y \u0111\u00f3ng n\u1eafp chai ch\u00e2n kh\u00f4ng <\/h2>    <p>M\u00e1y \u0111\u00f3ng n\u1eafp chai ch\u00e2n kh\u00f4ng s\u1eed d\u1ee5ng m\u00e0n h\u00ecnh \u0111i\u1ec1u khi\u1ec3n PLC, c\u00f3 s\u1eb5n ti\u1ebfng Trung v\u00e0 ti\u1ebfng Anh. B\u1ea1n c\u00f3 th\u1ec3 \u0111\u1eb7t th\u1eddi gian \u0111\u00f3ng n\u1eafp v\u00e0 th\u1eddi gian h\u00fat b\u1ee5i m\u1ed9t c\u00e1ch d\u1ec5 d\u00e0ng. Ngo\u00e0i ra, m\u00e1y \u0111\u00f3ng n\u1eafp chai b\u00e1n t\u1ef1 \u0111\u1ed9ng n\u00e0y c\u00f2n c\u00f3 4 \u0111\u1ea7u \u0111\u00f3ng n\u1eafp ch\u00e2n kh\u00f4ng, hi\u1ec7u qu\u1ea3 cao. H\u01a1n n\u1eefa, v\u1edbi ch\u1ea5t li\u1ec7u th\u00e2n chai b\u1eb1ng th\u00e9p kh\u00f4ng g\u1ec9, n\u1eafp chai c\u00f3 \u0111\u1ed9 b\u1ec1n cao v\u00e0 tu\u1ed5i th\u1ecd s\u1eed d\u1ee5ng l\u00e2u d\u00e0i. H\u01a1n n\u1eefa, n\u00f3 c\u00f3 hai xi lanh c\u1ed1 \u0111\u1ecbnh, 4 b\u00e1nh xe, m\u1ed9t xi lanh quay v\u00e0 m\u1ed9t h\u1ed9p l\u00e0m vi\u1ec7c. <\/p>    <figure class=\"wp-block-image size-full\"><img decoding=\"async\" src=\"https:\/\/taizypackaging.com\/wp-content\/uploads\/2021\/07\/vacuum-capping-machine-structure.jpg\" alt=\"c\u1ea5u t\u1ea1o m\u00e1y \u0111\u00f3ng n\u1eafp ch\u00e2n kh\u00f4ng\" class=\"wp-image-3780\"\/><figcaption class=\"wp-element-caption\">c\u1ea5u t\u1ea1o m\u00e1y \u0111\u00f3ng n\u1eafp ch\u00e2n kh\u00f4ng<\/figcaption><\/figure>    <h2 class=\"wp-block-heading\" id=\"h-machine-parameters\">Th\u00f4ng s\u1ed1 n\u1eafp chai th\u1ee7y tinh ch\u00e2n kh\u00f4ng<\/h2>    <figure class=\"wp-block-table is-style-stripes\"><table class=\"has-fixed-layout\"><tbody><tr><td>Quy\u1ec1n l\u1ef1c<\/td><td>220V\/50HZ\/1.5KW<\/td><\/tr><tr><td>\u00c1p su\u1ea5t kh\u00f4ng kh\u00ed<\/td><td>0,5 ~ 0,8MPa<\/td><\/tr><tr><td>Dung t\u00edch<\/td><td>10 ~ 15 chai\/ph\u00fat<\/td><\/tr><tr><td>\u0110\u01b0\u1eddng k\u00ednh n\u1eafp v\u1eb7n<\/td><td>C\u00f3 th\u1ec3 \u0111\u01b0\u1ee3c t\u00f9y ch\u1ec9nh<\/td><\/tr><tr><td>K\u00edch th\u01b0\u1edbc chai<\/td><td>C\u00f3 th\u1ec3 \u0111\u01b0\u1ee3c t\u00f9y ch\u1ec9nh<\/td><\/tr><tr><td>K\u00edch th\u01b0\u1edbc m\u00e1y<\/td><td>650*750*1600mm<\/td><\/tr><tr><td>C\u00e2n n\u1eb7ng<\/td><td>180Kg<\/td><\/tr><\/tbody><\/table><\/figure>    <h2 class=\"wp-block-heading\" id=\"h-features-of-vacuum-capping-machine\">T\u00ednh n\u0103ng ho\u1ea1t \u0111\u1ed9ng c\u1ee7a m\u00e1y \u0111\u00f3ng n\u1eafp ch\u00e2n kh\u00f4ng Taizy \u0111\u1ec3 b\u00e1n<\/h2>    <ul class=\"wp-block-list\"> <li>M\u00e1y \u0111\u00f3ng n\u1eafp ch\u00e2n kh\u00f4ng \u00e1p d\u1ee5ng ph\u01b0\u01a1ng ph\u00e1p s\u01a1 t\u00e1n b\u01a1m ch\u00e2n kh\u00f4ng \u0111\u1ec3 \u0111\u1ea3m b\u1ea3o \u0111\u1ed9 ch\u00e2n kh\u00f4ng cao v\u00e0 n\u00e2ng cao hi\u1ec7u qu\u1ea3 c\u0169ng nh\u01b0 ch\u1ea5t l\u01b0\u1ee3ng b\u1ecbt k\u00edn.<\/li>    <li>M\u00e1y \u0111\u00f3ng n\u1eafp ch\u00e2n kh\u00f4ng b\u00e1n t\u1ef1 \u0111\u1ed9ng s\u1eed d\u1ee5ng h\u1ec7 th\u1ed1ng \u0111i\u1ec1u khi\u1ec3n PLC, thao t\u00e1c \u0111\u01a1n gi\u1ea3n th\u00f4ng qua m\u00e0n h\u00ecnh c\u00f3 th\u1ec3 \u0111i\u1ec1u ch\u1ec9nh c\u00e1c ch\u1ebf \u0111\u1ed9 v\u00e0 th\u00f4ng s\u1ed1 kh\u00e1c nhau.<\/li>    <li>Thi\u1ebft k\u1ebf \u0111\u1ed9c \u0111\u00e1o c\u1ee7a m\u00e1y c\u00f3 th\u1ec3 t\u01b0\u01a1ng th\u00edch v\u1edbi c\u00e1c k\u00edch c\u1ee1 v\u00e0 h\u00ecnh d\u1ea1ng n\u1eafp kh\u00e1c nhau, khu\u00f4n chai v\u00e0 \u0111\u1ea7u n\u1eafp c\u00f3 th\u1ec3 \u0111\u01b0\u1ee3c t\u00f9y ch\u1ec9nh theo nhu c\u1ea7u kh\u00e1c nhau c\u1ee7a kh\u00e1ch h\u00e0ng.<\/li>    <li>To\u00e0n b\u1ed9 m\u00e1y \u0111\u01b0\u1ee3c l\u00e0m b\u1eb1ng v\u1eadt li\u1ec7u th\u00e9p kh\u00f4ng g\u1ec9 304 c\u00f3 kh\u1ea3 n\u0103ng ch\u1ed1ng \u0103n m\u00f2n, ch\u1ecbu nhi\u1ec7t v\u00e0 kh\u1ea3 n\u0103ng x\u1eed l\u00fd t\u1ed1t gi\u00fap k\u00e9o d\u00e0i tu\u1ed5i th\u1ecd c\u1ee7a m\u00e1y.<\/li>    <li>C\u00e1c b\u1ed9 ph\u1eadn \u0111i\u1ec7n v\u00e0 kh\u00ed n\u00e9n ch\u00ednh s\u1eed d\u1ee5ng c\u00e1c th\u01b0\u01a1ng hi\u1ec7u n\u1ed5i ti\u1ebfng qu\u1ed1c t\u1ebf \u0111\u1ec3 \u0111\u1ea3m b\u1ea3o hi\u1ec7u su\u1ea5t \u1ed5n \u0111\u1ecbnh v\u00e0 \u0111\u00e1ng tin c\u1eady.<\/li>    <li> \u0110i\u1ec1u \u0111\u00e1ng n\u00f3i l\u00e0 m\u00e1y c\u1ee7a ch\u00fang t\u00f4i \u0111\u01b0\u1ee3c trang b\u1ecb b\u1ed9 t\u00e1ch d\u1ea7u-n\u01b0\u1edbc, th\u01b0\u1eddng kh\u00f4ng \u0111\u01b0\u1ee3c c\u00e1c nh\u00e0 s\u1ea3n xu\u1ea5t kh\u00e1c c\u1ea5u h\u00ecnh. Ch\u00fang t\u00f4i bi\u1ebft r\u1eb1ng lo\u1ea1i m\u00e1y n\u00e0y c\u1ea7n \u0111\u01b0\u1ee3c s\u1eed d\u1ee5ng k\u1ebft h\u1ee3p v\u1edbi m\u00e1y n\u00e9n kh\u00ed \u0111\u1ec3 t\u1ea1o m\u00f4i tr\u01b0\u1eddng ch\u00e2n kh\u00f4ng, \u0111\u1ed3ng th\u1eddi b\u1ed9 t\u00e1ch n\u01b0\u1edbc-d\u1ea7u v\u00e0 m\u00e1y n\u00e9n kh\u00ed n\u00e0y k\u1ebft h\u1ee3p v\u1edbi nhau c\u00f3 th\u1ec3 k\u00e9o d\u00e0i tu\u1ed5i th\u1ecd c\u1ee7a xi lanh. N\u00f3 c\u0169ng c\u00f3 th\u1ec3 ng\u0103n n\u01b0\u1edbc v\u00e0o xi lanh v\u00e0 t\u0103ng t\u1ed1c \u0111\u1ed9 h\u01b0 h\u1ecfng c\u1ee7a m\u00e1y.<\/li> <\/ul>    <h2 class=\"wp-block-heading\" id=\"h-details-of-vacuum-capping-machine-semi-automatic\">Chi ti\u1ebft m\u00e1y \u0111\u00f3ng n\u1eafp ch\u00e2n kh\u00f4ng b\u00e1n t\u1ef1 \u0111\u1ed9ng<\/h2>    <figure class=\"wp-block-image size-large\"><img decoding=\"async\" src=\"https:\/\/taizypackaging.com\/wp-content\/uploads\/2021\/07\/\u753b\u677f-2.jpg\" alt=\"\" class=\"wp-image-2319\"\/><\/figure>    <h2 class=\"wp-block-heading\" id=\"h-why-do-we-need-vacuum-capping\">T\u1ea1i sao ch\u00fang ta c\u1ea7n \u0111\u00f3ng n\u1eafp ch\u00e2n kh\u00f4ng? <\/h2>    <p>Nh\u01b0 ch\u00fang ta \u0111\u00e3 bi\u1ebft, th\u1ef1c ph\u1ea9m \u0111\u00f3ng g\u00f3i ch\u00e2n kh\u00f4ng th\u01b0\u1eddng c\u00f3 th\u1eddi h\u1ea1n s\u1eed d\u1ee5ng l\u00e2u d\u00e0i, \u0111\u00f3 l\u00e0 do \u0111\u00f3ng g\u00f3i ch\u00e2n kh\u00f4ng l\u00e0m gi\u1ea3m l\u01b0\u1ee3ng oxy trong kh\u00ed quy\u1ec3n, h\u1ea1n ch\u1ebf s\u1ef1 ph\u00e1t tri\u1ec3n c\u1ee7a vi khu\u1ea9n ho\u1eb7c n\u1ea5m hi\u1ebfu kh\u00ed v\u00e0 ng\u0103n ch\u1eb7n s\u1ef1 bay h\u01a1i c\u1ee7a c\u00e1c th\u00e0nh ph\u1ea7n d\u1ec5 bay h\u01a1i. \u0110\u1ed3ng th\u1eddi, \u0111\u00f3ng g\u00f3i ch\u00e2n kh\u00f4ng tr\u00e1nh s\u1eed d\u1ee5ng ch\u1ea5t b\u1ea3o qu\u1ea3n, \u1edf m\u1ed9t m\u1ee9c \u0111\u1ed9 nh\u1ea5t \u0111\u1ecbnh s\u1ebd kh\u00f4i ph\u1ee5c l\u1ea1i gi\u00e1 tr\u1ecb dinh d\u01b0\u1ee1ng c\u1ee7a th\u1ef1c ph\u1ea9m. Cu\u1ed1i c\u00f9ng, \u0111\u1ed3 \u0111\u1ea1c \u0111\u01b0\u1ee3c \u0111\u00f3ng g\u00f3i ch\u00e2n kh\u00f4ng c\u0169ng \u00edt b\u1ecb h\u01b0 h\u1ecfng trong qu\u00e1 tr\u00ecnh v\u1eadn chuy\u1ec3n.<\/p>    <h2 class=\"wp-block-heading\" id=\"bottle-capping-machines-exported-to-cameroon-africa\">M\u00e1y \u0111\u00f3ng n\u1eafp chai xu\u1ea5t kh\u1ea9u sang Cameroon, Ch\u00e2u Phi<\/h2>    <p class=\"translation-block\">Th\u00e1ng tr\u01b0\u1edbc, m\u1ed9t kh\u00e1ch h\u00e0ng t\u1eeb Cameroon, Ch\u00e2u Phi \u0111\u00e3 \u0111\u1eb7t mua m\u1ed9t m\u00e1y \u0111\u00f3ng n\u1eafp ch\u00e2n kh\u00f4ng th\u00f4ng qua <a href=\"https:\/\/taizypackaging.com\/vi\/\">trang web ch\u00ednh th\u1ee9c c\u1ee7a c\u00f4ng ty taizy<\/a>. Trong cu\u1ed9c tr\u00f2 chuy\u1ec7n ti\u1ebfp theo, kh\u00e1ch h\u00e0ng \u0111\u00e3 g\u1eedi cho ch\u00fang t\u00f4i nh\u1eefng h\u00ecnh \u1ea3nh th\u1ef1c t\u1ebf c\u1ee7a s\u1ea3n ph\u1ea9m sau khi \u0111\u00f3ng g\u00f3i. \u00d4ng \u1ea5y h\u00e0i l\u00f2ng v\u1ec1 ch\u1ea5t l\u01b0\u1ee3ng v\u00e0 hi\u1ec7u qu\u1ea3 \u0111\u00f3ng g\u00f3i c\u1ee7a m\u00e1y v\u00e0 b\u00e0y t\u1ecf mong mu\u1ed1n h\u1ee3p t\u00e1c v\u1edbi ch\u00fang t\u00f4i trong nh\u1eefng n\u0103m t\u1edbi. Nh\u00e2n vi\u00ean c\u1ee7a ch\u00fang t\u00f4i \u0111\u00e3 \u0111\u01b0a ra nh\u1eefng g\u1ee3i \u00fd t\u01b0\u01a1ng \u1ee9ng v\u1ec1 vi\u1ec7c s\u1eed d\u1ee5ng v\u00e0 b\u1ea3o tr\u00ec m\u00e1y theo m\u00f4i tr\u01b0\u1eddng nh\u00e0 m\u00e1y.<\/p>    <figure class=\"wp-block-image size-large\"><img decoding=\"async\" src=\"https:\/\/taizypackaging.com\/wp-content\/uploads\/2021\/07\/\u5ba2\u6237\u53cd\u9988\u56fe.jpg\" alt=\"\" class=\"wp-image-2320\"\/><figcaption class=\"wp-element-caption\">h\u00ecnh \u1ea3nh tr\u1ef1c ti\u1ebfp t\u1eeb kh\u00e1ch h\u00e0ng c\u1ee7a ch\u00fang t\u00f4i<\/figcaption><\/figure>    <h2 class=\"wp-block-heading\" id=\"h-cleaning-and-maintenance\">Ph\u01b0\u01a1ng ph\u00e1p b\u1ea3o d\u01b0\u1ee1ng m\u00e1y ni\u00eam phong chai ch\u00e2n kh\u00f4ng Taizy<\/h2>    <ul class=\"wp-block-list\"> <li>Th\u01b0\u1eddng xuy\u00ean v\u1ec7 sinh b\u1ec1 m\u1eb7t b\u00e0n m\u00e1y v\u00e0 khu\u00f4n (ph\u1ea3i t\u1eaft ngu\u1ed3n \u0111i\u1ec7n v\u00e0 ngu\u1ed3n c\u1ea5p kh\u00ed tr\u01b0\u1edbc)<\/li>    <li>B\u00f4i tr\u01a1n th\u01b0\u1eddng xuy\u00ean c\u00e1c b\u1ed9 ph\u1eadn chuy\u1ec3n \u0111\u1ed9ng nh\u01b0 tr\u1ee5c quay v\u00e0 ray d\u1eabn h\u01b0\u1edbng<\/li>    <li>D\u1ea7u b\u01a1m ch\u00e2n kh\u00f4ng n\u00ean \u0111\u01b0\u1ee3c thay th\u1ebf th\u01b0\u1eddng xuy\u00ean, th\u01b0\u1eddng l\u00e0 3-6 th\u00e1ng m\u1ed9t l\u1ea7n.<\/li>    <li>V\u1ec7 sinh b\u1ed9 l\u1ecdc kh\u00f4ng kh\u00ed th\u01b0\u1eddng xuy\u00ean<\/li>    <li>Trong ho\u1ea1t \u0111\u1ed9ng b\u00ecnh th\u01b0\u1eddng c\u1ee7a b\u01a1m ch\u00e2n kh\u00f4ng, gi\u1eef d\u1ea7u b\u01a1m ch\u00e2n kh\u00f4ng trong b\u01a1m kh\u00f4ng th\u1ea5p h\u01a1n v\u1ea1ch d\u1ea7u. Kh\u00f4ng tr\u1ed9n l\u1eabn v\u1edbi c\u00e1c nh\u00e3n hi\u1ec7u v\u00e0 m\u1eabu d\u1ea7u b\u01a1m ch\u00e2n kh\u00f4ng kh\u00e1c nhau khi ti\u1ebfp nhi\u00ean li\u1ec7u.<\/li> <\/ul>    <h2 class=\"wp-block-heading\" id=\"get-a-free-quote\">Nh\u1eadn b\u00e1o gi\u00e1 mi\u1ec5n ph\u00ed!<\/h2>    <p class=\"translation-block\">M\u00e1y \u0111\u00f3ng n\u1eafp ch\u00e2n kh\u00f4ng b\u00e1n t\u1ea1i c\u00f4ng ty ch\u00fang t\u00f4i c\u00f3 hi\u1ec7u su\u1ea5t t\u1ed1t v\u00e0 gi\u00e1 t\u1ed1t nh\u1ea5t. Lo\u1ea1i m\u00e1y \u0111\u00f3ng g\u00f3i chai n\u00e0y r\u1ea5t ph\u1ed5 bi\u1ebfn tr\u00ean to\u00e0n th\u1ebf gi\u1edbi. Ngo\u00e0i ra, ch\u00fang t\u00f4i c\u00f2n cung c\u1ea5p <a href=\"https:\/\/taizypackaging.com\/vi\/automatic-capping-machine\/\">m\u00e1y \u0111\u00f3ng n\u1eafp chai t\u1ef1 \u0111\u1ed9ng<\/a>. N\u00f3 c\u00f3 c\u00e1c t\u00ednh n\u0103ng v\u00e0 \u01b0u \u0111i\u1ec3m kh\u00e1c nhau so v\u1edbi m\u00e1y \u0111\u01b0\u1ee3c hi\u1ec3n th\u1ecb. B\u1ea1n mu\u1ed1n nh\u1eadn th\u00eam th\u00f4ng tin h\u1eefu \u00edch ho\u1eb7c danh s\u00e1ch gi\u00e1 mi\u1ec5n ph\u00ed? H\u00e3y \u0111\u1ec3 l\u1ea1i y\u00eau c\u1ea7u c\u1ee7a b\u1ea1n v\u00e0 ch\u00fang t\u00f4i s\u1ebd li\u00ean h\u1ec7 l\u1ea1i v\u1edbi b\u1ea1n s\u1edbm nh\u1ea5t c\u00f3 th\u1ec3.  <\/p>","protected":false},"excerpt":{"rendered":"<p>Vacuum capping machine here is a type of semi automatic bottle cap sealing machine. Meanwhile, it is also a rotary capping machine. This vacuum bottle capping machine is mainly applied in vacuum capping for round bottles, square bottles, fluted bottles, and other glass bottles, jars, and cans. It is widely used in lots of industries [&hellip;]<\/p>\n","protected":false},"author":1,"featured_media":2323,"parent":0,"template":"","tags":[588,90,497,498],"product-type":[668],"class_list":["post-2316","product","type-product","status-publish","has-post-thumbnail","hentry","tag-bottle-capping-machine","tag-capping-machine","tag-vacuum-capping","tag-vacuum-capping-machine","product-type-supporting-equipment"],"_links":{"self":[{"href":"https:\/\/taizypackaging.com\/vi\/wp-json\/wp\/v2\/product\/2316","targetHints":{"allow":["GET"]}}],"collection":[{"href":"https:\/\/taizypackaging.com\/vi\/wp-json\/wp\/v2\/product"}],"about":[{"href":"https:\/\/taizypackaging.com\/vi\/wp-json\/wp\/v2\/types\/product"}],"author":[{"embeddable":true,"href":"https:\/\/taizypackaging.com\/vi\/wp-json\/wp\/v2\/users\/1"}],"wp:featuredmedia":[{"embeddable":true,"href":"https:\/\/taizypackaging.com\/vi\/wp-json\/wp\/v2\/media\/2323"}],"wp:attachment":[{"href":"https:\/\/taizypackaging.com\/vi\/wp-json\/wp\/v2\/media?parent=2316"}],"wp:term":[{"taxonomy":"post_tag","embeddable":true,"href":"https:\/\/taizypackaging.com\/vi\/wp-json\/wp\/v2\/tags?post=2316"},{"taxonomy":"product-type","embeddable":true,"href":"https:\/\/taizypackaging.com\/vi\/wp-json\/wp\/v2\/product-type?post=2316"}],"curies":[{"name":"wp","href":"https:\/\/api.w.org\/{rel}","templated":true}]}}