{"id":2429,"date":"2021-07-25T07:50:54","date_gmt":"2021-07-25T07:50:54","guid":{"rendered":"https:\/\/taizypackaging.com\/?p=2429"},"modified":"2024-07-17T16:58:32","modified_gmt":"2024-07-17T08:58:32","slug":"automatic-capping-machine","status":"publish","type":"product","link":"https:\/\/taizypackaging.com\/vi\/automatic-capping-machine\/","title":{"rendered":"M\u00e1y \u0111\u00f3ng n\u1eafp t\u1ef1 \u0111\u1ed9ng"},"content":{"rendered":"<div class=\"kk-star-ratings kksr-auto kksr-align-left kksr-valign-top\"     data-payload='{&quot;align&quot;:&quot;left&quot;,&quot;id&quot;:&quot;2429&quot;,&quot;slug&quot;:&quot;default&quot;,&quot;valign&quot;:&quot;top&quot;,&quot;ignore&quot;:&quot;&quot;,&quot;reference&quot;:&quot;auto&quot;,&quot;class&quot;:&quot;&quot;,&quot;count&quot;:&quot;20&quot;,&quot;legendonly&quot;:&quot;&quot;,&quot;readonly&quot;:&quot;&quot;,&quot;score&quot;:&quot;4.6&quot;,&quot;starsonly&quot;:&quot;&quot;,&quot;best&quot;:&quot;5&quot;,&quot;gap&quot;:&quot;5&quot;,&quot;greet&quot;:&quot;Rate this product&quot;,&quot;legend&quot;:&quot;4.6\\\/5 - (20 b\u00ecnh ch\u1ecdn)&quot;,&quot;size&quot;:&quot;24&quot;,&quot;title&quot;:&quot;Automatic Capping Machine&quot;,&quot;width&quot;:&quot;130.9&quot;,&quot;_legend&quot;:&quot;{score}\\\/{best} - ({count} {votes})&quot;,&quot;font_factor&quot;:&quot;1.25&quot;}'>              <div class=\"kksr-stars\">      <div class=\"kksr-stars-inactive\">             <div class=\"kksr-star\" data-star=\"1\" style=\"padding-right: 5px\">               <div class=\"kksr-icon\" style=\"width: 24px; height: 24px;\"><\/div>         <\/div>             <div class=\"kksr-star\" data-star=\"2\" style=\"padding-right: 5px\">               <div class=\"kksr-icon\" style=\"width: 24px; height: 24px;\"><\/div>         <\/div>             <div class=\"kksr-star\" data-star=\"3\" style=\"padding-right: 5px\">               <div class=\"kksr-icon\" style=\"width: 24px; height: 24px;\"><\/div>         <\/div>             <div class=\"kksr-star\" data-star=\"4\" style=\"padding-right: 5px\">               <div class=\"kksr-icon\" style=\"width: 24px; height: 24px;\"><\/div>         <\/div>             <div class=\"kksr-star\" data-star=\"5\" style=\"padding-right: 5px\">               <div class=\"kksr-icon\" style=\"width: 24px; height: 24px;\"><\/div>         <\/div>     <\/div>      <div class=\"kksr-stars-active\" style=\"width: 130.9px;\">             <div class=\"kksr-star\" style=\"padding-right: 5px\">               <div class=\"kksr-icon\" style=\"width: 24px; height: 24px;\"><\/div>         <\/div>             <div class=\"kksr-star\" style=\"padding-right: 5px\">               <div class=\"kksr-icon\" style=\"width: 24px; height: 24px;\"><\/div>         <\/div>             <div class=\"kksr-star\" style=\"padding-right: 5px\">               <div class=\"kksr-icon\" style=\"width: 24px; height: 24px;\"><\/div>         <\/div>             <div class=\"kksr-star\" style=\"padding-right: 5px\">               <div class=\"kksr-icon\" style=\"width: 24px; height: 24px;\"><\/div>         <\/div>             <div class=\"kksr-star\" style=\"padding-right: 5px\">               <div class=\"kksr-icon\" style=\"width: 24px; height: 24px;\"><\/div>         <\/div>     <\/div> <\/div>                   <div class=\"kksr-legend\" style=\"font-size: 19.2px;\">             4.6\/5 - (20 l\u01b0\u1ee3t b\u00ecnh ch\u1ecdn)    <\/div>     <\/div>  <p class=\"translation-block\"><strong>M\u00e1y \u0111\u00f3ng n\u1eafp t\u1ef1 \u0111\u1ed9ng<\/strong> \u0111\u00e2y l\u00e0 m\u1ed9t lo\u1ea1i m\u00e1y \u0111\u00f3ng n\u1eafp chai nh\u1ef1a. N\u00f3 ph\u00f9 h\u1ee3p \u0111\u1ec3 ni\u00eam phong c\u00e1c chai nh\u1ef1a, h\u0169 v\u00e0 lon kh\u00e1c nhau. V\u00e0 <strong>m\u00e1y \u0111\u00f3ng n\u1eafp chai t\u1ef1 \u0111\u1ed9ng<\/strong> \u0111\u01b0\u1ee3c s\u1eed d\u1ee5ng r\u1ed9ng r\u00e3i trong c\u00e1c ng\u00e0nh th\u1ef1c ph\u1ea9m &amp; \u0111\u1ed3 u\u1ed1ng, h\u00f3a ch\u1ea5t, m\u1ef9 ph\u1ea9m, d\u01b0\u1ee3c ph\u1ea9m. Ta c\u00f3 th\u1ec3 n\u00f3i r\u1eb1ng c\u00e1c c\u00f4ng ty \u0111\u1ed5 \u0111\u1ea7y chai, lon, \u043a\u043e\u043d\u0442\u0435\u0439ner, h\u1ecd c\u1ea7n c\u00e1c m\u00e1y \u0111\u00f3ng n\u1eafp \u0111\u1ec3 \u0111\u1ea3m b\u1ea3o s\u1ea3n ph\u1ea9m \u0111\u01b0\u1ee3c ni\u00eam phong ch\u1eb7t ch\u1ebd v\u00e0 hi\u1ec7u qu\u1ea3. L\u00e0 m\u1ed9t nh\u00e0 s\u1ea3n xu\u1ea5t m\u00e1y \u0111\u00f3ng n\u1eafp m\u1ea1nh m\u1ebd v\u00e0 \u0111\u00e1ng tin c\u1eady c\u1ee7a Trung Qu\u1ed1c, Taizy Packaging Machinery cung c\u1ea5p c\u00e1c <strong>m\u00e1y ni\u00eam phong chai<\/strong> theo ti\u00eau chu\u1ea9n qu\u1ed1c t\u1ebf. Ch\u00e0o m\u1eebng li\u00ean h\u1ec7 v\u1edbi ch\u00fang t\u00f4i \u0111\u1ec3 nh\u1eadn m\u1ee9c gi\u00e1 t\u1ed1t nh\u1ea5t. <\/p>    <h2 class=\"wp-block-heading\" id=\"h-what-is-automatic-capping-machine\">M\u00e1y \u0111\u00f3ng n\u1eafp t\u1ef1 \u0111\u1ed9ng l\u00e0 g\u00ec? <\/h2>    <p>M\u00e1y \u0111\u00f3ng n\u1eafp t\u1ef1 \u0111\u1ed9ng c\u00f3 th\u1ec3 xoay n\u1eafp b\u1eb1ng ren, b\u1eb1ng \u0111\u1ed9ng c\u01a1 th\u00f4ng th\u01b0\u1eddng b\u1ed1n m\u00f3ng \u0111\u1ec3 si\u1ebft ch\u1eb7t n\u1eafp. M\u00e1y n\u00e0y \u1edf d\u1ea1ng n\u1eafp m\u00e0i m\u00f2n, d\u1ec5 \u0111i\u1ec1u ch\u1ec9nh. T\u1ed1c \u0111\u1ed9 gi\u1edbi h\u1ea1n c\u00f3 th\u1ec3 \u0111\u01b0\u1ee3c \u0111i\u1ec1u ch\u1ec9nh t\u00f9y \u00fd theo \u0111\u1ea7u ra c\u1ee7a ng\u01b0\u1eddi d\u00f9ng. N\u00f3 c\u00f3 thi\u1ebft k\u1ebf h\u1ee3p l\u00fd, c\u1ea5u tr\u00fac nh\u1ecf g\u1ecdn, hi\u1ec7u qu\u1ea3 \u0111\u00f3ng n\u1eafp cao. N\u1eafp s\u1ebd kh\u00f4ng b\u1ecb tr\u01b0\u1ee3t v\u00e0 g\u00e3y, qu\u00e1 tr\u00ecnh l\u00e0m vi\u1ec7c \u1ed5n \u0111\u1ecbnh v\u00e0 \u0111\u00e1ng tin c\u1eady. M\u00e1y \u0111\u00f3ng n\u1eafp t\u1ef1 \u0111\u1ed9ng n\u00e0y c\u00f3 tu\u1ed5i th\u1ecd cao, v\u1eadn h\u00e0nh \u0111\u01a1n gi\u1ea3n v\u00e0 b\u1ea3o tr\u00ec d\u1ec5 d\u00e0ng. N\u00f3 \u0111\u01b0\u1ee3c s\u1eed d\u1ee5ng r\u1ed9ng r\u00e3i trong d\u01b0\u1ee3c ph\u1ea9m, th\u1ef1c ph\u1ea9m, h\u00f3a ch\u1ea5t v\u00e0 c\u00e1c ng\u00e0nh c\u00f4ng nghi\u1ec7p kh\u00e1c.<\/p>    <figure class=\"wp-block-image size-full\"><img loading=\"lazy\" decoding=\"async\" width=\"720\" height=\"540\" src=\"https:\/\/taizypackaging.com\/wp-content\/uploads\/2021\/07\/automatic-bottle-capping-machine.jpg\" alt=\"m\u00e1y \u0111\u00f3ng n\u1eafp chai t\u1ef1 \u0111\u1ed9ng\" class=\"wp-image-3798\" srcset=\"https:\/\/taizypackaging.com\/wp-content\/uploads\/2021\/07\/automatic-bottle-capping-machine.jpg 720w, https:\/\/taizypackaging.com\/wp-content\/uploads\/2021\/07\/automatic-bottle-capping-machine-300x225.jpg 300w\" sizes=\"auto, (max-width: 720px) 100vw, 720px\" \/><figcaption>m\u00e1y \u0111\u00f3ng n\u1eafp chai t\u1ef1 \u0111\u1ed9ng<\/figcaption><\/figure>    <h2 class=\"wp-block-heading\" id=\"structure-details-of-automatic-capper-machine\"> C\u1ea5u t\u1ea1o chi ti\u1ebft m\u00e1y \u0111\u00f3ng n\u1eafp t\u1ef1 \u0111\u1ed9ng<\/h2>    <p>M\u00e1y \u0111\u00f3ng n\u1eafp t\u1ef1 \u0111\u1ed9ng n\u00e0y ch\u1ee7 y\u1ebfu bao g\u1ed3m c\u00e1c b\u1ed9 ph\u1eadn n\u00e0y, m\u1ed9t \u0111\u1ed9ng c\u01a1 th\u01b0\u01a1ng hi\u1ec7u, h\u1ec7 th\u1ed1ng \u0111i\u1ec1u khi\u1ec3n PLC, b\u0103ng t\u1ea3i, \u0111\u1ed9ng c\u01a1 ma s\u00e1t, b\u00e1nh xe \u0111i\u1ec1u ch\u1ec9nh, th\u00e2n b\u1eb1ng th\u00e9p kh\u00f4ng g\u1ec9, n\u1eafp \u00e1p su\u1ea5t, v.v. M\u00e1y n\u00e0y c\u00f3 th\u1ec3 \u0111\u1ea1t \u0111\u01b0\u1ee3c quy tr\u00ecnh \u0111\u00f3ng n\u1eafp t\u1ef1 \u0111\u1ed9ng cho c\u00e1c chai nh\u1ef1a kh\u00e1c nhau. V\u1edbi h\u1ec7 th\u1ed1ng \u0111i\u1ec1u khi\u1ec3n PLC th\u00f4ng minh, d\u1ec5 d\u00e0ng thao t\u00e1c th\u00f4ng qua m\u00e0n h\u00ecnh c\u1ea3m \u1ee9ng l\u1edbn. Ngo\u00e0i ra c\u00f2n c\u00f3 b\u00e1nh xe, d\u1ec5 d\u00e0ng di chuy\u1ec3n. H\u01a1n n\u1eefa, s\u1eed d\u1ee5ng v\u1eadt li\u1ec7u th\u00e9p kh\u00f4ng g\u1ec9 304 b\u1ec1n b\u1ec9, m\u00e1y \u0111\u00f3ng n\u1eafp t\u1ef1 \u0111\u1ed9ng c\u00f3 tu\u1ed5i th\u1ecd cao v\u00e0 hi\u1ec7u su\u1ea5t t\u1ed1t. <\/p>    <figure class=\"wp-block-image size-full\"><img decoding=\"async\" src=\"https:\/\/taizypackaging.com\/wp-content\/uploads\/2021\/07\/automatic-capping-machine-structure.jpg\" alt=\"c\u1ea5u t\u1ea1o m\u00e1y \u0111\u00f3ng n\u1eafp t\u1ef1 \u0111\u1ed9ng\" class=\"wp-image-3806\"\/><figcaption>c\u1ea5u t\u1ea1o m\u00e1y \u0111\u00f3ng n\u1eafp t\u1ef1 \u0111\u1ed9ng<\/figcaption><\/figure>    <h2 class=\"wp-block-heading\" id=\"how-does-a-screw-bottle-capping-machine-work\">M\u00e1y \u0111\u00f3ng n\u1eafp chai tr\u1ee5c v\u00edt ho\u1ea1t \u0111\u1ed9ng nh\u01b0 th\u1ebf n\u00e0o? <\/h2>   <figure class=\"wp-block-embed-youtube wp-block-embed is-type-video is-provider-youtube wp-embed-aspect-16-9 wp-has-aspect-ratio\"><div class=\"lyte-wrapper fourthree\" title=\"M\u00e1y \u0111\u00f3ng n\u1eafp t\u1ef1 \u0111\u1ed9ng | M\u00e1y \u0111\u00f3ng n\u1eafp v\u00edt\" style=\"width:960px;max-width:100%;margin:5px auto;\"><div class=\"lyMe hidef\" id=\"WYL_w6hJUqlY1gk\" itemprop=\"video\" itemscope itemtype=\"https:\/\/schema.org\/VideoObject\"><div><meta itemprop=\"thumbnailUrl\" content=\"https:\/\/taizypackaging.com\/wp-content\/plugins\/wp-youtube-lyte\/lyteCache.php?origThumbUrl=https%3A%2F%2Fi.ytimg.com%2Fvi%2Fw6hJUqlY1gk%2Fmaxresdefault.jpg\" \/><meta itemprop=\"embedURL\" content=\"https:\/\/www.youtube.com\/embed\/w6hJUqlY1gk\" \/><meta itemprop=\"duration\" content=\"PT28S\" \/><meta itemprop=\"uploadDate\" content=\"2021-07-25T02:19:35Z\" \/><\/div><div id=\"lyte_w6hJUqlY1gk\" data-src=\"https:\/\/taizypackaging.com\/wp-content\/plugins\/wp-youtube-lyte\/lyteCache.php?origThumbUrl=https%3A%2F%2Fi.ytimg.com%2Fvi%2Fw6hJUqlY1gk%2Fmaxresdefault.jpg\" class=\"pL\"><div class=\"tC\"><div class=\"tT\" itemprop=\"name\">M\u00e1y \u0111\u00f3ng n\u1eafp t\u1ef1 \u0111\u1ed9ng | M\u00e1y \u0111\u00f3ng n\u1eafp v\u00edt<\/div><\/div><div class=\"play\"><\/div><div class=\"ctrl\"><div class=\"Lctrl\"><\/div><div class=\"Rctrl\"><\/div><\/div><\/div><noscript><a href=\"https:\/\/youtu.be\/w6hJUqlY1gk\" rel=\"nofollow noopener\" target=\"_blank\"><img loading=\"lazy\" decoding=\"async\" src=\"https:\/\/taizypackaging.com\/wp-content\/plugins\/wp-youtube-lyte\/lyteCache.php?origThumbUrl=https%3A%2F%2Fi.ytimg.com%2Fvi%2Fw6hJUqlY1gk%2F0.jpg\" alt=\"M\u00e1y \u0111\u00f3ng n\u1eafp t\u1ef1 \u0111\u1ed9ng | M\u00e1y \u0111\u00f3ng n\u1eafp v\u00edt\" width=\"960\" height=\"700\" \/><br \/>Xem video n\u00e0y tr\u00ean YouTube<\/a><\/noscript><meta itemprop=\"description\" content=\"WhatsApp\/Wechat\/Tel:+86 19139754781 An automatic capping machine can rotate the cap with thread, by ordinary motor drive four claws to tighten the cap. This machine is in the form of abrasive capping, easy to adjust. The capping speed can be adjusted arbitrarily according to the user&#039;s output. You can learn more information on:https:\/\/taizypackaging.com\/automatic-capping-machine-four-wheels-screw-capping-machine\/\"><\/div><\/div><div class=\"lL\" style=\"max-width:100%;width:960px;margin:5px auto;\"><\/div><figcaption>Quy tr\u00ecnh l\u00e0m vi\u1ec7c c\u1ee7a m\u00e1y \u0111\u00f3ng n\u1eafp t\u1ef1 \u0111\u1ed9ng<\/figcaption><\/figure>   <h2 class=\"wp-block-heading\" id=\"h-machine-parameters\">Th\u00f4ng s\u1ed1 m\u00e1y \u0111\u00f3ng n\u1eafp chai t\u1ef1 \u0111\u1ed9ng<\/h2>    <figure class=\"wp-block-table is-style-stripes\"><table><tbody><tr><td>Quy\u1ec1n l\u1ef1c                       <\/td><td>AC220V \/ 50Hz\/300w<\/td><\/tr><tr><td>L\u1eadt \u00fap<\/td><td>15~70mm 40~100mm<\/td><\/tr><tr><td>Dung t\u00edch<\/td><td>0-40 chai\/ph\u00fat<\/td><\/tr><tr><td>\u0110\u01b0\u1eddng k\u00ednh chai<\/td><td>50 ~ 280mm<\/td><\/tr><tr><td>\u00c1p su\u1ea5t kh\u00f4ng kh\u00ed<\/td><td>0,4 ~ 0,6MPa<\/td><\/tr><tr><td>C\u00e2n n\u1eb7ng<\/td><td>108kg<\/td><\/tr><tr><td>K\u00edch th\u01b0\u1edbc m\u00e1y<\/td><td>3500x470x1600mm<\/td><\/tr><\/tbody><\/table><\/figure>    <h2 class=\"wp-block-heading\" id=\"awesome-features-of-taizy-automatic-capping-machine-for-sale\">C\u00e1c t\u00ednh n\u0103ng tuy\u1ec7t v\u1eddi c\u1ee7a m\u00e1y \u0111\u00f3ng n\u1eafp t\u1ef1 \u0111\u1ed9ng Taizy \u0111\u1ec3 b\u00e1n<\/h2>    <ul class=\"wp-block-list\"><li>N\u00f3 ph\u00f9 h\u1ee3p v\u1edbi nhi\u1ec1u lo\u1ea1i n\u1eafp nh\u01b0 n\u1eafp xo\u1eafn \u1ed1c, n\u1eafp ch\u1ed1ng tr\u1ed9m, n\u1eafp ch\u1ed1ng tr\u1ebb em v\u00e0 c\u00e1c lo\u1ea1i n\u1eafp nh\u1ef1a kh\u00e1c.<\/li><li>C\u1ea5u tr\u00fac c\u1ee7a m\u00e1y \u0111\u00f3ng n\u1eafp v\u00edt t\u1ef1 \u0111\u1ed9ng nh\u1ecf g\u1ecdn v\u00e0 h\u1ee3p l\u00fd. N\u00f3 c\u00f3 th\u1ec3 ho\u1ea1t \u0111\u1ed9ng \u0111\u1ed9c l\u1eadp ho\u1eb7c k\u1ebft h\u1ee3p v\u1edbi c\u00e1c m\u00e1y kh\u00e1c nh\u01b0 <a href=\"https:\/\/taizypackaging.com\/vi\/automatic-liquid-filling-machine\/\">m\u00e1y l\u00e0m \u0111\u1ea7y ch\u1ea5t l\u1ecfng<\/a> \u0111\u1ec3 t\u0103ng n\u0103ng su\u1ea5t.<\/li><li>C\u00e1c t\u1ea5m ma s\u00e1t c\u01a1 h\u1ecdc truy\u1ec1n th\u1ed1ng d\u1eabn \u0111\u1ebfn \u0111\u1ed9 k\u00edn kh\u00f4ng \u0111\u1ed3ng \u0111\u1ec1u c\u1ee7a n\u1eafp. T\u00ecnh hu\u1ed1ng n\u00e0y c\u00f3 th\u1ec3 \u0111\u01b0\u1ee3c thay \u0111\u1ed5i b\u1eb1ng c\u00e1ch s\u1eed d\u1ee5ng thi\u1ebft b\u1ecb m\u00f4-men xo\u1eafn n\u1eafp \u0111i\u1ec7n t\u1eeb b\u00ean tr\u00e1i m\u1ea1nh.<\/li><li>M\u00e1y s\u1eed d\u1ee5ng m\u00e0n h\u00ecnh c\u1ea3m \u1ee9ng. Kh\u00e1ch h\u00e0ng c\u00f3 th\u1ec3 \u0111i\u1ec1u ch\u1ec9nh t\u1ed1c \u0111\u1ed9 ch\u1ea1y c\u1ee7a b\u0103ng t\u1ea3i, chi\u1ec1u d\u00e0i \u0111\u00f3ng n\u1eafp v\u00e0 kho\u1ea3ng c\u00e1ch ch\u1ea1y c\u1ee7a b\u0103ng t\u1ea3i b\u00ean tr\u00ean m\u00e0n h\u00ecnh hi\u1ec3n th\u1ecb r\u1ea5t linh ho\u1ea1t.<\/li><li>B\u0103ng t\u1ea3i \u0111\u01b0\u1ee3c d\u1eabn \u0111\u1ed9ng b\u1eb1ng \u0111\u1ed9ng c\u01a1, b\u0103ng t\u1ea3i c\u00f3 th\u1ec3 \u0111\u01b0\u1ee3c t\u00f9y ch\u1ec9nh theo k\u00edch th\u01b0\u1edbc c\u1ee7a chai.<\/li><\/ul>    <h2 class=\"wp-block-heading\" id=\"what-is-the-difference-between-an-automatic-and-a-semi-automatic-bottle-capping-machine\">M\u00e1y \u0111\u00f3ng n\u1eafp chai t\u1ef1 \u0111\u1ed9ng v\u00e0 b\u00e1n t\u1ef1 \u0111\u1ed9ng c\u00f3 g\u00ec kh\u00e1c nhau?<\/h2>    <p class=\"translation-block\">Tr\u01b0\u1edbc h\u1ebft, hai lo\u1ea1i chai ph\u00f9 h\u1ee3p c\u00f3 s\u1ef1 kh\u00e1c nhau. M\u1ed9t <a rel=\"noreferrer noopener\" href=\"https:\/\/taizypackaging.com\/vi\/vacuum-capping-machine-for-sale\/\" target=\"_blank\">m\u00e1y \u0111\u00f3ng n\u1eafp ch\u00e2n kh\u00f4ng<\/a> c\u00f3 th\u1ec3 t\u1ea1o ra m\u00f4i tr\u01b0\u1eddng ch\u00e2n kh\u00f4ng, v\u00ec v\u1eady n\u00f3 ch\u1ee7 y\u1ebfu \u0111\u01b0\u1ee3c s\u1eed d\u1ee5ng \u0111\u1ec3 \u0111\u00f3ng g\u00f3i chai th\u1ee7y tinh c\u00f3 th\u1ef1c ph\u1ea9m. M\u00e1y \u0111\u00f3ng n\u1eafp t\u1ef1 \u0111\u1ed9ng c\u00f3 n\u1eafp \u00e1p \u0111\u1ec3 gi\u1eef n\u1eafp xu\u1ed1ng \u0111\u1ec3 ng\u0103n tr\u01b0\u1ee3t, v\u00ec v\u1eady n\u00f3 ch\u1ee7 y\u1ebfu \u0111\u01b0\u1ee3c s\u1eed d\u1ee5ng \u0111\u1ec3 \u0111\u00f3ng g\u00f3i c\u00e1c chai c\u1ee9ng h\u01a1n. Ti\u1ebfp theo, m\u1ed9t m\u00e1y \u0111\u00f3ng n\u1eafp t\u1ef1 \u0111\u1ed9ng c\u00f3 th\u1ec3 \u0111\u01b0\u1ee3c s\u1eed d\u1ee5ng v\u1edbi c\u00e1c m\u00e1y kh\u00e1c m\u00e0 kh\u00f4ng c\u1ea7n v\u1eadn h\u00e0nh b\u1eb1ng tay. M\u00e1y \u0111\u00f3ng n\u1eafp ch\u00e2n kh\u00f4ng \u0111\u00f2i h\u1ecfi ng\u01b0\u1eddi v\u1eadn h\u00e0nh \u0111\u1eb7t chai v\u00e0o khu\u00f4n b\u1eb1ng tay. Cu\u1ed1i c\u00f9ng, gi\u00e1 c\u1ee7a ch\u00fang kh\u00e1c nhau. N\u1ebfu b\u1ea1n mu\u1ed1n bi\u1ebft th\u00eam th\u00f4ng tin chi ph\u00ed, h\u00e3y g\u1eedi email cho ch\u00fang t\u00f4i ho\u1eb7c WhatsApp cho ph\u1ea3n h\u1ed3i nhanh. <\/p>    <figure class=\"wp-block-image size-full\"><img decoding=\"async\" src=\"https:\/\/taizypackaging.com\/wp-content\/uploads\/2021\/07\/automatic-capping-machine-1.jpg\" alt=\"m\u00e1y \u0111\u00f3ng n\u1eafp t\u1ef1 \u0111\u1ed9ng\" class=\"wp-image-3790\"\/><figcaption>m\u00e1y \u0111\u00f3ng n\u1eafp t\u1ef1 \u0111\u1ed9ng<\/figcaption><\/figure>    <h2 class=\"wp-block-heading\" id=\"q-a-about-taizy-bottle-capping-machine\">H\u1ecfi \u0111\u00e1p v\u1ec1 m\u00e1y \u0111\u00f3ng n\u1eafp chai Taizy<\/h2>    <p id=\"q-a\">1. M\u00e1y \u0111\u00f3ng n\u1eafp n\u00e0y ch\u1ee7 y\u1ebfu \u0111\u01b0\u1ee3c s\u1eed d\u1ee5ng cho nh\u1eefng lo\u1ea1i chai n\u00e0o?<\/p>    <p>M\u00e1y ch\u1ee7 y\u1ebfu \u0111\u01b0\u1ee3c \u00e1p d\u1ee5ng cho c\u00e1c lo\u1ea1i thu\u1ed1c, th\u00fa y, th\u1ef1c ph\u1ea9m, m\u1ef9 ph\u1ea9m, x\u00e0 ph\u00f2ng r\u1eeda tay, ch\u1ea5t t\u1ea9y r\u1eeda, thu\u1ed1c tr\u1eeb s\u00e2u, d\u1ea7u b\u00f4i tr\u01a1n \u0111\u00f3ng n\u1eafp t\u1ef1 \u0111\u1ed9ng.<\/p>    <p>2. Ch\u1ea5t li\u1ec7u c\u1ee7a m\u00e1y l\u00e0 g\u00ec?<\/p>    <p>To\u00e0n b\u1ed9 m\u00e1y \u0111\u01b0\u1ee3c l\u00e0m b\u1eb1ng th\u00e9p kh\u00f4ng g\u1ec9 304 c\u00f3 kh\u1ea3 n\u0103ng ch\u1ed1ng \u0103n m\u00f2n, ch\u1ecbu nhi\u1ec7t v\u00e0 kh\u1ea3 n\u0103ng x\u1eed l\u00fd t\u1ed1t \u0111\u1ec3 k\u00e9o d\u00e0i tu\u1ed5i th\u1ecd c\u1ee7a m\u00e1y.<\/p>    <p>3. M\u00e1y n\u00e0y c\u00f3 th\u1ec3 d\u00f9ng \u0111\u1ec3 \u0111\u00f3ng n\u1eafp l\u1ecd ho\u1eb7c c\u00e1c chai th\u1ee7y tinh kh\u00e1c kh\u00f4ng?<\/p>    <p>Kh\u00f4ng, m\u00e1y n\u00e0y ph\u00f9 h\u1ee3p \u0111\u1ec3 \u0111\u00f3ng n\u1eafp chai nh\u1ef1a. N\u1ebfu b\u1ea1n mu\u1ed1n \u0111\u00f3ng n\u1eafp c\u00e1c th\u00f9ng ch\u1ee9a nh\u01b0 l\u1ecd ho\u1eb7c chai th\u1ee7y tinh, t\u00f4i khuy\u00ean b\u1ea1n n\u00ean s\u1eed d\u1ee5ng m\u00e1y \u0111\u00f3ng n\u1eafp ch\u00e2n kh\u00f4ng c\u1ee7a ch\u00fang t\u00f4i.<\/p>    <p>4. Gi\u00e1 m\u00e1y \u0111\u00f3ng n\u1eafp t\u1ef1 \u0111\u1ed9ng l\u00e0 bao nhi\u00eau?<\/p>    <p class=\"translation-block\">T\u1ea1i <a rel=\"noreferrer noopener\" href=\"https:\/\/taizypackaging.com\/vi\/\" target=\"_blank\">c\u00f4ng ty Taizy<\/a>, m\u00e1y m\u00f3c c\u1ee7a ch\u00fang t\u00f4i c\u00f3 th\u1ec3 t\u00f9y ch\u1ec9nh theo nhu c\u1ea7u kh\u00e1ch h\u00e0ng, xin li\u00ean h\u1ec7 tr\u1ef1c ti\u1ebfp \u0111\u1ec3 bi\u1ebft gi\u00e1 c\u1ee5 th\u1ec3.<\/p>    <h2 class=\"wp-block-heading\" id=\"related-machines-for-sale\">C\u1ea7n b\u00e1n m\u00e1y li\u00ean quan <\/h2>    <p class=\"translation-block\">M\u1ed9t m\u00e1y \u0111\u00f3ng n\u1eafp t\u1ef1 \u0111\u1ed9ng th\u01b0\u1eddng \u0111\u01b0\u1ee3c s\u1eed d\u1ee5ng v\u1edbi m\u1ed9t m\u00e1y chi\u1ebft\/n\u00e9n ch\u1ea5t l\u1ecfng v\u00e0 <a href=\"https:\/\/taizypackaging.com\/vi\/machines-category\/labeling\/\">m\u00e1y d\u00e1n nh\u00e3n<\/a>. Ch\u00fang c\u00f3 th\u1ec3 ho\u1ea1t \u0111\u1ed9ng c\u00f9ng nhau \u0111\u1ec3 t\u1ea1o th\u00e0nh m\u1ed9t d\u00e2y chuy\u1ec1n s\u1ea3n xu\u1ea5t chi\u1ebft\/n\u00e9n ch\u1ea5t l\u1ecfng ho\u00e0n ch\u1ec9nh. Taizy l\u00e0 nh\u00e0 cung c\u1ea5p gi\u1ea3i ph\u00e1p \u0111\u00f3ng g\u00f3i m\u1ea1nh m\u1ebd v\u00e0 \u0111\u00e1ng tin c\u1eady t\u1ea1i Trung Qu\u1ed1c, ng\u00e0y nay, c\u00e1c m\u00e1y n\u00e0y t\u1eeb ch\u00fang t\u00f4i \u0111\u00e3 \u0111\u01b0\u1ee3c xu\u1ea5t kh\u1ea9u th\u00e0nh c\u00f4ng t\u1edbi h\u01a1n 50 qu\u1ed1c gia v\u00e0 v\u00f9ng l\u00e3nh th\u1ed5. Mu\u1ed1n nh\u1eadn gi\u00e1 t\u1ed1t nh\u1ea5t? H\u00e3y \u0111\u1ec3 l\u1ea1i y\u00eau c\u1ea7u c\u1ee7a b\u1ea1n v\u00e0 ch\u00fang t\u00f4i s\u1ebd ph\u1ea3n h\u1ed3i c\u00e0ng s\u1edbm c\u00e0ng t\u1ed1t. <\/p>","protected":false},"excerpt":{"rendered":"<p>Automatic capping machine here is a kind of plastic bottle capping machine. It is suitable for sealing various plastic bottles, jars, and cans. And the automatic bottle capping machine is widely used in the food &amp; beverage, chemical, cosmetics, pharmaceuticals industries. We can say that companies fill bottles, cans, containers, they need capping machines to [&hellip;]<\/p>\n","protected":false},"author":1,"featured_media":2434,"parent":0,"template":"","tags":[48,588,90],"product-type":[663],"class_list":["post-2429","product","type-product","status-publish","has-post-thumbnail","hentry","tag-automatic-filling-machine","tag-bottle-capping-machine","tag-capping-machine","product-type-bottle-filling-production-line"],"_links":{"self":[{"href":"https:\/\/taizypackaging.com\/vi\/wp-json\/wp\/v2\/product\/2429","targetHints":{"allow":["GET"]}}],"collection":[{"href":"https:\/\/taizypackaging.com\/vi\/wp-json\/wp\/v2\/product"}],"about":[{"href":"https:\/\/taizypackaging.com\/vi\/wp-json\/wp\/v2\/types\/product"}],"author":[{"embeddable":true,"href":"https:\/\/taizypackaging.com\/vi\/wp-json\/wp\/v2\/users\/1"}],"wp:featuredmedia":[{"embeddable":true,"href":"https:\/\/taizypackaging.com\/vi\/wp-json\/wp\/v2\/media\/2434"}],"wp:attachment":[{"href":"https:\/\/taizypackaging.com\/vi\/wp-json\/wp\/v2\/media?parent=2429"}],"wp:term":[{"taxonomy":"post_tag","embeddable":true,"href":"https:\/\/taizypackaging.com\/vi\/wp-json\/wp\/v2\/tags?post=2429"},{"taxonomy":"product-type","embeddable":true,"href":"https:\/\/taizypackaging.com\/vi\/wp-json\/wp\/v2\/product-type?post=2429"}],"curies":[{"name":"wp","href":"https:\/\/api.w.org\/{rel}","templated":true}]}}