{"id":2444,"date":"2021-07-28T07:44:51","date_gmt":"2021-07-28T07:44:51","guid":{"rendered":"https:\/\/taizypackaging.com\/?p=2444"},"modified":"2024-07-16T18:31:24","modified_gmt":"2024-07-16T10:31:24","slug":"automatic-shrink-wrap-machine","status":"publish","type":"product","link":"https:\/\/taizypackaging.com\/vi\/automatic-shrink-wrap-machine\/","title":{"rendered":"M\u00e1y qu\u1ea5n m\u00e0ng co t\u1ef1 \u0111\u1ed9ng"},"content":{"rendered":"<div class=\"kk-star-ratings kksr-auto kksr-align-left kksr-valign-top\"     data-payload='{&quot;align&quot;:&quot;left&quot;,&quot;id&quot;:&quot;2444&quot;,&quot;slug&quot;:&quot;default&quot;,&quot;valign&quot;:&quot;top&quot;,&quot;ignore&quot;:&quot;&quot;,&quot;reference&quot;:&quot;auto&quot;,&quot;class&quot;:&quot;&quot;,&quot;count&quot;:&quot;27&quot;,&quot;legendonly&quot;:&quot;&quot;,&quot;readonly&quot;:&quot;&quot;,&quot;score&quot;:&quot;4.8&quot;,&quot;starsonly&quot;:&quot;&quot;,&quot;best&quot;:&quot;5&quot;,&quot;gap&quot;:&quot;5&quot;,&quot;greet&quot;:&quot;Rate this product&quot;,&quot;legend&quot;:&quot;4.8\\\/5 - (27 b\u00ecnh ch\u1ecdn)&quot;,&quot;size&quot;:&quot;24&quot;,&quot;title&quot;:&quot;Automatic Shrink Wrap Machine&quot;,&quot;width&quot;:&quot;136.7&quot;,&quot;_legend&quot;:&quot;{score}\\\/{best} - ({count} {votes})&quot;,&quot;font_factor&quot;:&quot;1.25&quot;}'>              <div class=\"kksr-stars\">      <div class=\"kksr-stars-inactive\">             <div class=\"kksr-star\" data-star=\"1\" style=\"padding-right: 5px\">               <div class=\"kksr-icon\" style=\"width: 24px; height: 24px;\"><\/div>         <\/div>             <div class=\"kksr-star\" data-star=\"2\" style=\"padding-right: 5px\">               <div class=\"kksr-icon\" style=\"width: 24px; height: 24px;\"><\/div>         <\/div>             <div class=\"kksr-star\" data-star=\"3\" style=\"padding-right: 5px\">               <div class=\"kksr-icon\" style=\"width: 24px; height: 24px;\"><\/div>         <\/div>             <div class=\"kksr-star\" data-star=\"4\" style=\"padding-right: 5px\">               <div class=\"kksr-icon\" style=\"width: 24px; height: 24px;\"><\/div>         <\/div>             <div class=\"kksr-star\" data-star=\"5\" style=\"padding-right: 5px\">               <div class=\"kksr-icon\" style=\"width: 24px; height: 24px;\"><\/div>         <\/div>     <\/div>      <div class=\"kksr-stars-active\" style=\"width: 136.7px;\">             <div class=\"kksr-star\" style=\"padding-right: 5px\">               <div class=\"kksr-icon\" style=\"width: 24px; height: 24px;\"><\/div>         <\/div>             <div class=\"kksr-star\" style=\"padding-right: 5px\">               <div class=\"kksr-icon\" style=\"width: 24px; height: 24px;\"><\/div>         <\/div>             <div class=\"kksr-star\" style=\"padding-right: 5px\">               <div class=\"kksr-icon\" style=\"width: 24px; height: 24px;\"><\/div>         <\/div>             <div class=\"kksr-star\" style=\"padding-right: 5px\">               <div class=\"kksr-icon\" style=\"width: 24px; height: 24px;\"><\/div>         <\/div>             <div class=\"kksr-star\" style=\"padding-right: 5px\">               <div class=\"kksr-icon\" style=\"width: 24px; height: 24px;\"><\/div>         <\/div>     <\/div> <\/div>                   <div class=\"kksr-legend\" style=\"font-size: 19.2px;\">             4.8\/5 - (27 l\u01b0\u1ee3t b\u00ecnh ch\u1ecdn)    <\/div>     <\/div>  <p class=\"translation-block\"><strong>M\u00e1y co nhi\u1ec7t t\u1ef1 \u0111\u1ed9ng<\/strong> c\u00f3 m\u1ed9t ph\u1ea1m vi \u1ee9ng d\u1ee5ng c\u1ef1c k\u1ef3 r\u1ed9ng l\u1edbn trong x\u00e3 h\u1ed9i hi\u1ec7n \u0111\u1ea1i. <strong>M\u00e1y \u0111\u00f3ng g\u00f3i co nhi\u1ec7t<\/strong> ph\u00f9 h\u1ee3p v\u1edbi nhi\u1ec1u lo\u1ea1i s\u1ea3n ph\u1ea9m, ch\u1eb3ng h\u1ea1n nh\u01b0 s\u00e1ch, m\u1ef9 ph\u1ea9m, \u0111\u1ed3 d\u00f9ng, \u0111\u1ed3 ch\u01a1i, m\u1eb7t n\u1ea1, b\u00e0n ch\u1ea3i \u0111\u00e1nh r\u0103ng, thu\u1ed1c, \u0111\u1ed3 d\u00f9ng h\u00e0ng ng\u00e0y, v.v. C\u00f3 m\u1ed9t xu h\u01b0\u1edbng ng\u00e0y c\u00e0ng t\u0103ng \u0111\u1ed1i v\u1edbi <strong>m\u00e1y \u0111\u00f3ng g\u00f3i co nhi\u1ec7t<\/strong> n\u00e0y tr\u00ean th\u1ecb tr\u01b0\u1eddng to\u00e0n c\u1ea7u. T\u1ea1i Taizy Packaging Machinery, ch\u00fang t\u00f4i c\u00f3 th\u1ec3 cung c\u1ea5p h\u01b0\u1edbng d\u1eabn mua h\u00e0ng h\u1eefu \u00edch v\u00e0 cung c\u1ea5p m\u00e1y co nhi\u1ec7t t\u1ef1 \u0111\u1ed9ng xu\u1ea5t s\u1eafc. <\/p>    <h2 class=\"wp-block-heading\" id=\"h-the-working-process-of-automatic-heat-shrink-cutter\">Video ho\u1ea1t \u0111\u1ed9ng c\u1ee7a m\u00e1y \u0111\u00f3ng g\u00f3i m\u00e0ng co nhi\u1ec7t t\u1ef1 \u0111\u1ed9ng<\/h2>   <figure class=\"wp-block-embed-youtube wp-block-embed is-type-video is-provider-youtube wp-embed-aspect-16-9 wp-has-aspect-ratio\"><div class=\"lyte-wrapper fourthree\" title=\"M\u00e1y qu\u1ea5n m\u00e0ng co t\u1ef1 \u0111\u1ed9ng | M\u00e1y c\u1eaft co nhi\u1ec7t t\u1ef1 \u0111\u1ed9ng\" style=\"width:960px;max-width:100%;margin:5px auto;\"><div class=\"lyMe hidef\" id=\"WYL_dyFayXTAn-s\" itemprop=\"video\" itemscope itemtype=\"https:\/\/schema.org\/VideoObject\"><div><meta itemprop=\"thumbnailUrl\" content=\"https:\/\/taizypackaging.com\/wp-content\/plugins\/wp-youtube-lyte\/lyteCache.php?origThumbUrl=https%3A%2F%2Fi.ytimg.com%2Fvi%2FdyFayXTAn-s%2Fmaxresdefault.jpg\" \/><meta itemprop=\"embedURL\" content=\"https:\/\/www.youtube.com\/embed\/dyFayXTAn-s\" \/><meta itemprop=\"duration\" content=\"PT1M52S\" \/><meta itemprop=\"uploadDate\" content=\"2021-07-28T09:46:36Z\" \/><\/div><meta itemprop=\"accessibilityFeature\" content=\"captions\" \/><div id=\"lyte_dyFayXTAn-s\" data-src=\"https:\/\/taizypackaging.com\/wp-content\/plugins\/wp-youtube-lyte\/lyteCache.php?origThumbUrl=https%3A%2F%2Fi.ytimg.com%2Fvi%2FdyFayXTAn-s%2Fmaxresdefault.jpg\" class=\"pL\"><div class=\"tC\"><div class=\"tT\" itemprop=\"name\">M\u00e1y qu\u1ea5n m\u00e0ng co t\u1ef1 \u0111\u1ed9ng | M\u00e1y c\u1eaft co nhi\u1ec7t t\u1ef1 \u0111\u1ed9ng<\/div><\/div><div class=\"play\"><\/div><div class=\"ctrl\"><div class=\"Lctrl\"><\/div><div class=\"Rctrl\"><\/div><\/div><\/div><noscript><a href=\"https:\/\/youtu.be\/dyFayXTAn-s\" rel=\"nofollow noopener\" target=\"_blank\"><img loading=\"lazy\" decoding=\"async\" src=\"https:\/\/taizypackaging.com\/wp-content\/plugins\/wp-youtube-lyte\/lyteCache.php?origThumbUrl=https%3A%2F%2Fi.ytimg.com%2Fvi%2FdyFayXTAn-s%2F0.jpg\" alt=\"M\u00e1y qu\u1ea5n m\u00e0ng co t\u1ef1 \u0111\u1ed9ng | M\u00e1y c\u1eaft co nhi\u1ec7t t\u1ef1 \u0111\u1ed9ng\" width=\"960\" height=\"700\" \/><br \/>Xem video n\u00e0y tr\u00ean YouTube<\/a><\/noscript><meta itemprop=\"description\" content=\"WhatsApp\/Wechat\/Tel:+86 19139754781 Our company&#039;s automatic shrink wrap machine is an L-type heat shrink film wrapping machine, widely used for mass production packaging flowing operation. You can learn more information on :https:\/\/taizypackaging.com\/automatic-shrink-wrap-machine\/\"><\/div><\/div><div class=\"lL\" style=\"max-width:100%;width:960px;margin:5px auto;\"><\/div><figcaption>Video ho\u1ea1t \u0111\u1ed9ng c\u1ee7a m\u00e1y qu\u1ea5n m\u00e0ng co t\u1ef1 \u0111\u1ed9ng<\/figcaption><\/figure>   <h2 class=\"wp-block-heading\" id=\"what-is-an-automatic-shrink-wrap-machine\">M\u00e1y qu\u1ea5n m\u00e0ng co t\u1ef1 \u0111\u1ed9ng l\u00e0 g\u00ec?<\/h2>    <p id=\"what-is-an-automatic-shrink-wrap-machine\">M\u00e1y qu\u1ea5n m\u00e0ng co t\u1ef1 \u0111\u1ed9ng l\u00e0 c\u00f4ng c\u1ee5 tuy\u1ec7t v\u1eddi \u0111\u1ec3 b\u1ecdc v\u00e0 d\u00e1n k\u00edn s\u1ea3n ph\u1ea9m th\u00f4ng qua m\u00e0ng co nhi\u1ec7t. M\u00e0ng co c\u00f4ng nghi\u1ec7p \u0111\u01b0\u1ee3c s\u1eed d\u1ee5ng r\u1ed9ng r\u00e3i trong m\u1ecdi t\u1ea7ng l\u1edbp x\u00e3 h\u1ed9i. B\u1ecdc co l\u00e0 m\u1ed9t qu\u00e1 tr\u00ecnh li\u00ean quan \u0111\u1ebfn vi\u1ec7c s\u1eed d\u1ee5ng m\u00e0ng nh\u1ea1y c\u1ea3m v\u1edbi nhi\u1ec7t \u0111\u1ed9. Khi nhi\u1ec7t \u0111\u1ed9 \u0111\u1ea1t \u0111\u1ebfn m\u1ed9t m\u1ee9c nh\u1ea5t \u0111\u1ecbnh, m\u00e0ng s\u1ebd co l\u1ea1i ch\u1eb7t ch\u1ebd v\u1edbi b\u1ea5t c\u1ee9 th\u1ee9 g\u00ec n\u00f3 che ph\u1ee7. M\u00e1y qu\u1ea5n m\u00e0ng co t\u1ef1 \u0111\u1ed9ng \u0111\u01b0\u1ee3c b\u00e1n c\u1ee7a Taizy l\u00e0 m\u00e1y qu\u1ea5n m\u00e0ng co nhi\u1ec7t lo\u1ea1i L. Ch\u1ec9 c\u1ea7n \u0111\u1eb7t s\u1ea3n ph\u1ea9m l\u00ean b\u0103ng chuy\u1ec1n, n\u00f3 c\u00f3 th\u1ec3 t\u1ef1 \u0111\u1ed9ng ho\u00e0n t\u1ea5t qu\u00e1 tr\u00ecnh v\u1eadn chuy\u1ec3n, b\u1ecdc m\u00e0ng, h\u00e0n k\u00edn v\u00e0 c\u1eaft, \u0111\u00f3ng g\u00f3i co nhi\u1ec7t. M\u00e1y \u0111\u00f3ng g\u00f3i m\u00e0ng co n\u00e0y ho\u1ea1t \u0111\u1ed9ng nhanh ch\u00f3ng v\u00e0 ti\u1ec7n l\u1ee3i, l\u00e0 s\u1ef1 l\u1ef1a ch\u1ecdn t\u1ed1t nh\u1ea5t cho c\u00e1c doanh nghi\u1ec7p nh\u1eb1m ti\u1ebft ki\u1ec7m chi ph\u00ed s\u1ea3n xu\u1ea5t, n\u00e2ng cao hi\u1ec7u qu\u1ea3 v\u00e0 \u0111\u1ea1t \u0111\u01b0\u1ee3c ti\u00eau chu\u1ea9n h\u00f3a bao b\u00ec.<\/p>    <figure class=\"wp-block-image size-full\"><img loading=\"lazy\" decoding=\"async\" width=\"740\" height=\"520\" src=\"https:\/\/taizypackaging.com\/wp-content\/uploads\/2021\/07\/automatic-shrink-wrap-machine.jpg\" alt=\"m\u00e1y qu\u1ea5n m\u00e0ng co t\u1ef1 \u0111\u1ed9ng\" class=\"wp-image-3817\" srcset=\"https:\/\/taizypackaging.com\/wp-content\/uploads\/2021\/07\/automatic-shrink-wrap-machine.jpg 740w, https:\/\/taizypackaging.com\/wp-content\/uploads\/2021\/07\/automatic-shrink-wrap-machine-300x211.jpg 300w\" sizes=\"auto, (max-width: 740px) 100vw, 740px\" \/><figcaption class=\"wp-element-caption\">m\u00e1y qu\u1ea5n m\u00e0ng co t\u1ef1 \u0111\u1ed9ng<\/figcaption><\/figure>    <h2 class=\"wp-block-heading\" id=\"h-the-application-of-automatic-shrink-wrap-machine\">\u1ee8ng d\u1ee5ng c\u1ee7a m\u00e1y qu\u1ea5n m\u00e0ng co t\u1ef1 \u0111\u1ed9ng<\/h2>    <p>Nh\u1edd n\u0103ng su\u1ea5t cao n\u00ean m\u00e1y c\u1eaft co nhi\u1ec7t t\u1ef1 \u0111\u1ed9ng \u0111\u01b0\u1ee3c s\u1eed d\u1ee5ng r\u1ed9ng r\u00e3i trong c\u00e1c ng\u00e0nh s\u1ea3n xu\u1ea5t h\u00e0ng lo\u1ea1t nh\u01b0 nhu y\u1ebfu ph\u1ea9m h\u00e0ng ng\u00e0y, in \u1ea5n, th\u1ef1c ph\u1ea9m, \u0111i\u1ec7n t\u1eed, \u0111i\u1ec7n gia d\u1ee5ng, m\u1ef9 ph\u1ea9m, s\u00e1ch, v\u1edf, t\u1ea1p ch\u00ed, b\u01b0u thi\u1ebfp, d\u1ea7u g\u1ed9i, s\u1eefa t\u1eafm, thu\u1ed1c nhu\u1ed9m t\u00f3c, gh\u00e9p h\u00ecnh , v\u00e2n v\u00e2n.<\/p>    <figure class=\"wp-block-image size-full\"><img decoding=\"async\" src=\"https:\/\/taizypackaging.com\/wp-content\/uploads\/2021\/07\/shrink-wrap-machine-applications.jpg\" alt=\"\u1ee9ng d\u1ee5ng c\u1ee7a m\u00e1y b\u1ecdc m\u00e0ng co\" class=\"wp-image-4106\"\/><figcaption class=\"wp-element-caption\">\u1ee9ng d\u1ee5ng c\u1ee7a m\u00e1y b\u1ecdc m\u00e0ng co<\/figcaption><\/figure>    <h2 class=\"wp-block-heading\" id=\"h-technical-parameters\">Th\u00f4ng s\u1ed1 m\u00e1y qu\u1ea5n m\u00e0ng co t\u1ef1 \u0111\u1ed9ng<\/h2>    <figure class=\"wp-block-table\"><table><tbody><tr><td>Ng\u01b0\u1eddi m\u1eabu<\/td><td>LC-560B<\/td><\/tr><tr><td>Lo\u1ea1i ni\u00eam phong<\/td><td>Bao b\u1ecdc ho\u00e0n to\u00e0n<\/td><\/tr><tr><td>Ngu\u1ed3n c\u1ea5p<\/td><td>380V \/ 50 \u4e00 60Hz\/3 pha<\/td><\/tr><tr><td>C\u00f4ng su\u1ea5t \u0111\u00f3ng g\u00f3i t\u1ed1i \u0111a<\/td><td>35 g\u00f3i\/ph\u00fat (ph\u1ee5 thu\u1ed9c v\u00e0o k\u00edch th\u01b0\u1edbc s\u1ea3n ph\u1ea9m)<\/td><\/tr><tr><td>Chi\u1ec1u cao ni\u00eam phong<\/td><td>125mm<\/td><\/tr><tr><td>Chi\u1ec1u r\u1ed9ng \u0111\u00f3ng g\u00f3i<\/td><td>350mm<\/td><\/tr><tr><td>K\u00edch th\u01b0\u1edbc th\u00e0nh ph\u1ea9m<\/td><td>Chi\u1ec1u r\u1ed9ng + chi\u1ec1u cao&lt;400mm Chi\u1ec1u d\u00e0i\u00a0+ chi\u1ec1u cao&lt;480mm<\/td><\/tr><tr><td>Lo\u1ea1i phim<\/td><td>Phim polyolefin g\u1ea5p \u1edf gi\u1eefa (POF)<\/td><\/tr><tr><td>T\u1ed5ng c\u00f4ng su\u1ea5t<\/td><td>1,5KW<\/td><\/tr><tr><td>Chi\u1ec1u cao l\u00e0m vi\u1ec7c<\/td><td>780-850mm<\/td><\/tr><tr><td>\u00c1p su\u1ea5t kh\u00f4ng kh\u00ed<\/td><td>.50,5MPa \uff085 thanh<\/td><\/tr><tr><td>H\u1ec7 th\u1ed1ng ni\u00eam phong<\/td><td>H\u1ec7 th\u1ed1ng s\u01b0\u1edfi \u1ea5m nhi\u1ec7t \u0111\u1ed9 kh\u00f4ng \u0111\u1ed5i<\/td><\/tr><tr><td>V\u1eadt li\u1ec7u m\u00e1y<\/td><td>Th\u00e9p carbon<\/td><\/tr><tr><td>C\u00e2n n\u1eb7ng<\/td><td>300kg<\/td><\/tr><\/tbody><\/table><figcaption class=\"wp-element-caption\">thi\u1ebft b\u1ecb b\u1ecdc co l\u1ea1i<\/figcaption><\/figure>    <h3 class=\"wp-block-heading\" id=\"dql-5545-automatic-l-sealer-parameters\">Th\u00f4ng s\u1ed1 m\u00e1y \u0111\u00f3ng d\u1ea5u ch\u1eef L t\u1ef1 \u0111\u1ed9ng DQL-5545<\/h3>    <figure class=\"wp-block-table is-style-stripes\"><table><tbody><tr><td class=\"has-text-align-center\" data-align=\"center\">V\u00f4n <\/td><td class=\"has-text-align-center\" data-align=\"center\">220V\/50-60HZ\/2.2KW<\/td><\/tr><tr><td class=\"has-text-align-center\" data-align=\"center\">c\u00f4ng su\u1ea5t \u0111\u00f3ng g\u00f3i<\/td><td class=\"has-text-align-center\" data-align=\"center\">0-30 chi\u1ebfc \/ ph\u00fat<\/td><\/tr><tr><td class=\"has-text-align-center\" data-align=\"center\">K\u00edch th\u01b0\u1edbc ni\u00eam phong t\u1ed1i \u0111a<\/td><td class=\"has-text-align-center\" data-align=\"center\">POF, PVC,PE<\/td><\/tr><tr><td class=\"has-text-align-center\" data-align=\"center\">Nhi\u1ec7t \u0111\u1ed9 ni\u00eam phong<\/td><td class=\"has-text-align-center\" data-align=\"center\">140oC -180oC<\/td><\/tr><tr><td class=\"has-text-align-center\" data-align=\"center\">\u0110\u1ed9 d\u00e0y c\u1ee7a m\u00e0ng<\/td><td class=\"has-text-align-center\" data-align=\"center\">0,015-0,1mm<\/td><\/tr><tr><td class=\"has-text-align-center\" data-align=\"center\">K\u00edch th\u01b0\u1edbc m\u00e1y<\/td><td class=\"has-text-align-center\" data-align=\"center\">1760*<em>900<\/em>*1580mm<\/td><\/tr><tr><td class=\"has-text-align-center\" data-align=\"center\">m\u00e0ng co<\/td><td class=\"has-text-align-center\" data-align=\"center\">POF, PVC, PE<\/td><\/tr><\/tbody><\/table><figcaption class=\"wp-element-caption\">th\u00f4ng s\u1ed1 ni\u00eam phong L t\u1ef1 \u0111\u1ed9ng<\/figcaption><\/figure>    <h3 class=\"wp-block-heading\" id=\"dsd-4520-shrink-tunnel-machine-parameters\">Th\u00f4ng s\u1ed1 m\u00e1y thu nh\u1ecf DSD-4520 <\/h3>    <figure class=\"wp-block-table is-style-stripes\"><table><tbody><tr><td class=\"has-text-align-center\" data-align=\"center\">V\u00f4n<\/td><td class=\"has-text-align-center\" data-align=\"center\">220V\/50-60HZ<\/td><\/tr><tr><td class=\"has-text-align-center\" data-align=\"center\">L\u00f2 s\u01b0\u1edfi<\/td><td class=\"has-text-align-center\" data-align=\"center\">12,8(kW)<\/td><\/tr><tr><td class=\"has-text-align-center\" data-align=\"center\">T\u1ed1c \u0111\u1ed9 truy\u1ec1n t\u1ea3i<\/td><td class=\"has-text-align-center\" data-align=\"center\">0-16m\/ph\u00fat<\/td><\/tr><tr><td class=\"has-text-align-center\" data-align=\"center\">K\u00edch th\u01b0\u1edbc \u0111\u01b0\u1eddng h\u1ea7m<\/td><td class=\"has-text-align-center\" data-align=\"center\">1200*<em>450<\/em>*200mm<\/td><\/tr><tr><td class=\"has-text-align-center\" data-align=\"center\">T\u1ea3i b\u0103ng t\u1ea3i<\/td><td class=\"has-text-align-center\" data-align=\"center\">10kg<\/td><\/tr><tr><td class=\"has-text-align-center\" data-align=\"center\">K\u00edch th\u01b0\u1edbc m\u00e1y<\/td><td class=\"has-text-align-center\" data-align=\"center\">1600*<em>720<\/em>*1400mm<\/td><\/tr><\/tbody><\/table><figcaption class=\"wp-element-caption\">m\u00e1y thu nh\u1ecf \u0111\u01b0\u1eddng h\u1ea7m<\/figcaption><\/figure>    <h2 class=\"wp-block-heading\" id=\"h-the-advantages-of-automatic-shrink-wrap-machine\">\u01afu \u0111i\u1ec3m c\u1ee7a m\u00e1y qu\u1ea5n m\u00e0ng co t\u1ef1 \u0111\u1ed9ng<\/h2>    <ul class=\"wp-block-list\"> <li>M\u00e1y \u0111\u00f3ng g\u00f3i m\u00e0ng co n\u00e0y s\u1eed d\u1ee5ng \u0111i\u1ec1u khi\u1ec3n th\u00f4ng minh, v\u1eadn h\u00e0nh \u0111\u01a1n gi\u1ea3n, thi\u1ebft k\u1ebf nh\u00e2n b\u1ea3n v\u00e0 \u0111i\u1ec1u khi\u1ec3n l\u1eadp tr\u00ecnh PLC. H\u1ec7 th\u1ed1ng \u0111i\u1ec1u ch\u1ec9nh nhi\u1ec7t \u0111\u1ed9 th\u00f4ng minh \u0111\u1ea3m b\u1ea3o s\u1ef1 \u1ed5n \u0111\u1ecbnh v\u00e0 ch\u00ednh x\u00e1c c\u1ee7a nhi\u1ec7t \u0111\u1ed9 trong qu\u00e1 tr\u00ecnh co ng\u00f3t.<\/li>    <li>M\u00e1y co m\u00e0ng \u0111\u01b0\u1ee3c trang b\u1ecb ba \u1ed1ng gia nhi\u1ec7t \u1edf b\u00ean tr\u00e1i v\u00e0 b\u00ean ph\u1ea3i, ph\u00eda tr\u00ean m\u00e1y c\u00f3 m\u1ed9t chi\u1ebfc qu\u1ea1t nh\u1ecf c\u00f3 th\u1ec3 l\u00e0m cho kh\u00f4ng kh\u00ed n\u00f3ng l\u01b0u th\u00f4ng b\u00ean trong \u0111\u1ec3 s\u1ea3n ph\u1ea9m c\u00f3 th\u1ec3 \u0111\u01b0\u1ee3c \u0111\u00f3ng g\u00f3i ho\u00e0n ch\u1ec9nh.<\/li>    <li>Chi\u1ec1u r\u1ed9ng c\u1ee7a b\u0103ng t\u1ea3i c\u00f3 th\u1ec3 \u0111\u01b0\u1ee3c \u0111i\u1ec1u ch\u1ec9nh b\u1eb1ng tay c\u1ea7m \u0111\u1ec3 ph\u00f9 h\u1ee3p v\u1edbi c\u00e1c k\u00edch c\u1ee1 s\u1ea3n ph\u1ea9m kh\u00e1c nhau.<\/li>    <li>M\u00e1y s\u1eed d\u1ee5ng h\u1ec7 th\u1ed1ng c\u1ea3m \u1ee9ng quang \u0111i\u1ec7n ti\u00ean ti\u1ebfn \u0111\u1ec3 c\u1eaft v\u00e0 h\u00e0n k\u00edn s\u1ea3n ph\u1ea9m m\u1ed9t c\u00e1ch ch\u00ednh x\u00e1c v\u00e0 kh\u00f4ng c\u00f3 l\u1ed7i. L\u01b0\u1ee1i dao c\u1eaft v\u00e0 ni\u00eam phong \u0111\u01b0\u1ee3c trang b\u1ecb v\u1ea3i c\u00e1ch nhi\u1ec7t \u0111\u1ec3 tr\u00e1nh m\u1ea5t th\u00eam m\u00e0ng do l\u01b0\u1ee1i dao g\u00e2y ra. \u0110\u1ed3ng th\u1eddi, tr\u01b0\u1edbc khi \u0111\u01b0a v\u00e0o m\u00e1y co m\u00e0ng, thi\u1ebft b\u1ecb x\u1ea3 s\u1ebd bu\u1ed9c c\u00e1c l\u1ed7 nh\u1ecf tr\u00ean m\u00e0ng \u0111\u1ec3 tr\u00e1nh tr\u01b0\u1eddng h\u1ee3p m\u00e0ng b\u1ecb nung n\u00f3ng kh\u00f4ng \u0111\u1ec1u v\u00e0 g\u00e2y n\u1ed5.<\/li>    <li>M\u00e1y \u0111\u01b0\u1ee3c trang b\u1ecb v\u1ecf b\u1ea3o v\u1ec7 Plexiglas, c\u00f3 th\u1ec3 ng\u0103n b\u1ee5i x\u00e2m nh\u1eadp v\u00e0o g\u00f3i s\u1ea3n ph\u1ea9m v\u00e0 b\u1ea3o v\u1ec7 ng\u01b0\u1eddi v\u1eadn h\u00e0nh \u1edf m\u1ed9t m\u1ee9c \u0111\u1ed9 n\u00e0o \u0111\u00f3.<\/li> <\/ul>    <h2 class=\"wp-block-heading\" id=\"h-the-structure-of-automatic-heat-shrink-cutter\">\u0110\u1eb7c \u0111i\u1ec3m c\u1ea5u tr\u00fac c\u1ee7a m\u00e0ng co nhi\u1ec7t t\u1ef1 \u0111\u1ed9ng<\/h2>    <div class=\"wp-block-columns is-layout-flex wp-container-core-columns-is-layout-9d6595d7 wp-block-columns-is-layout-flex\"> <div class=\"wp-block-column is-layout-flow wp-block-column-is-layout-flow\"> <figure class=\"wp-block-image size-full\"><img decoding=\"async\" src=\"https:\/\/taizypackaging.com\/wp-content\/uploads\/2021\/07\/\u753b\u677f-6.jpg\" alt=\"C\u1ea5u t\u1ea1o m\u00e1y qu\u1ea5n m\u00e0ng co\" class=\"wp-image-2446\"\/><figcaption class=\"wp-element-caption\">C\u1ea5u t\u1ea1o m\u00e1y qu\u1ea5n m\u00e0ng co<\/figcaption><\/figure> <\/div>    <div class=\"wp-block-column is-layout-flow wp-block-column-is-layout-flow\"> <figure class=\"wp-block-image size-full\"><img decoding=\"async\" src=\"https:\/\/taizypackaging.com\/wp-content\/uploads\/2021\/07\/\u753b\u677f-7.jpg\" alt=\"c\u1ea5u tr\u00fac \u0111\u01b0\u1eddng h\u1ea7m m\u00e0ng co nhi\u1ec7t\" class=\"wp-image-2447\"\/><figcaption class=\"wp-element-caption\">c\u1ea5u tr\u00fac \u0111\u01b0\u1eddng h\u1ea7m m\u00e0ng co nhi\u1ec7t<\/figcaption><\/figure> <\/div> <\/div>    <h2 class=\"wp-block-heading\" id=\"why-choose-us-as-your-top-shrink-wrap-sealer-manufacturer\">T\u1ea1i sao ch\u1ecdn ch\u00fang t\u00f4i l\u00e0m nh\u00e0 s\u1ea3n xu\u1ea5t m\u00e1y d\u00e1n m\u00e0ng co h\u00e0ng \u0111\u1ea7u c\u1ee7a b\u1ea1n? <\/h2>    <p class=\"translation-block\"><a rel=\"noreferrer noopener\" href=\"https:\/\/taizypackaging.com\/vi\/\" target=\"_blank\">C\u00f4ng ty Taizy<\/a> c\u00f3 10 n\u0103m kinh nghi\u1ec7m trong ng\u00e0nh c\u00f4ng nghi\u1ec7p m\u00e1y m\u00f3c \u0111\u00f3ng g\u00f3i. V\u00e0 ch\u00fang t\u00f4i \u0111\u00e3 b\u00e1n m\u1ed9t s\u1ed1 l\u01b0\u1ee3ng l\u1edbn m\u00e1y cho nhi\u1ec1u qu\u1ed1c gia v\u00e0 khu v\u1ef1c, t\u1ea5t c\u1ea3 c\u00e1c m\u00e1y c\u1ee7a ch\u00fang t\u00f4i c\u00f3 th\u1ec3 \u0111\u01b0\u1ee3c t\u00f9y ch\u1ec9nh theo nhu c\u1ea7u th\u1ef1c t\u1ebf c\u1ee7a b\u1ea1n. C\u00e1c k\u1ef9 thu\u1eadt vi\u00ean s\u1ebd \u0111i\u1ec1u ch\u1ec9nh m\u00e1y cho ph\u00f9 h\u1ee3p v\u1edbi nhu c\u1ea7u c\u1ee7a b\u1ea1n tr\u01b0\u1edbc. Ch\u00fang t\u00f4i s\u1ebd ghi l\u1ea1i nhi\u1ec1u video ho\u1ea1t \u0111\u1ed9ng h\u01a1n, v\u00e0 cung c\u1ea5p h\u01b0\u1edbng d\u1eabn tr\u1ef1c tuy\u1ebfn t\u1eeb xa sau khi nh\u1eadn h\u00e0ng, ho\u1eb7c g\u1eedi k\u1ef9 s\u01b0 \u0111\u1ebfn nh\u00e0 m\u00e1y c\u1ee7a b\u1ea1n \u0111\u1ec3 \u0111\u1ea3m b\u1ea3o d\u1ef1 \u00e1n c\u1ee7a b\u1ea1n di\u1ec5n ra su\u00f4n s\u1ebb. Ch\u00fang t\u00f4i s\u1eed d\u1ee5ng quy tr\u00ecnh \u0111\u00f3ng g\u00f3i v\u00e0 ph\u00e2n ph\u1ed1i ti\u00eau chu\u1ea9n h\u00f3a \u0111\u1ec3 gi\u1ea3m thi\u1ec3u t\u1ed5n th\u1ea5t s\u1ea3n ph\u1ea9m trong qu\u00e1 tr\u00ecnh v\u1eadn chuy\u1ec3n. Ch\u00e0o m\u1eebng b\u1ea1n \u0111\u1ebfn <a rel=\"noreferrer noopener\" href=\"https:\/\/taizypackaging.com\/vi\/contact-us\/\" target=\"_blank\">li\u00ean h\u1ec7 v\u1edbi ch\u00fang t\u00f4i<\/a> b\u1ea5t c\u1ee9 l\u00fac n\u00e0o!<\/p>    <figure class=\"wp-block-image size-full\"><img decoding=\"async\" src=\"https:\/\/taizypackaging.com\/wp-content\/uploads\/2021\/07\/\u753b\u677f-8-1.jpg\" alt=\"nh\u00e0 m\u00e1y s\u1ea3n xu\u1ea5t m\u00e1y b\u1ecdc m\u00e0ng co\" class=\"wp-image-2463\"\/><figcaption class=\"wp-element-caption\">nh\u00e0 m\u00e1y s\u1ea3n xu\u1ea5t m\u00e1y b\u1ecdc m\u00e0ng co<\/figcaption><\/figure>","protected":false},"excerpt":{"rendered":"<p>Automatic shrink wrap machine has an extremely wide range of applications in modern society. Shrink wrapping machine is suitable for a variety of products, such as books, cosmetics, dishes, toys, masks, toothbrushes, medicines, daily necessities, etc. There is a growing trend for this shrink packing machine on the global market. At Taizy Packaging Machinery, we [&hellip;]<\/p>\n","protected":false},"author":1,"featured_media":2458,"parent":0,"template":"","tags":[545,589,590],"product-type":[668],"class_list":["post-2444","product","type-product","status-publish","has-post-thumbnail","hentry","tag-automatic-shrink-wrap-machine","tag-shrink-wrap-machine","tag-shrink-wrap-sealer","product-type-supporting-equipment"],"_links":{"self":[{"href":"https:\/\/taizypackaging.com\/vi\/wp-json\/wp\/v2\/product\/2444","targetHints":{"allow":["GET"]}}],"collection":[{"href":"https:\/\/taizypackaging.com\/vi\/wp-json\/wp\/v2\/product"}],"about":[{"href":"https:\/\/taizypackaging.com\/vi\/wp-json\/wp\/v2\/types\/product"}],"author":[{"embeddable":true,"href":"https:\/\/taizypackaging.com\/vi\/wp-json\/wp\/v2\/users\/1"}],"wp:featuredmedia":[{"embeddable":true,"href":"https:\/\/taizypackaging.com\/vi\/wp-json\/wp\/v2\/media\/2458"}],"wp:attachment":[{"href":"https:\/\/taizypackaging.com\/vi\/wp-json\/wp\/v2\/media?parent=2444"}],"wp:term":[{"taxonomy":"post_tag","embeddable":true,"href":"https:\/\/taizypackaging.com\/vi\/wp-json\/wp\/v2\/tags?post=2444"},{"taxonomy":"product-type","embeddable":true,"href":"https:\/\/taizypackaging.com\/vi\/wp-json\/wp\/v2\/product-type?post=2444"}],"curies":[{"name":"wp","href":"https:\/\/api.w.org\/{rel}","templated":true}]}}