{"id":2468,"date":"2021-07-29T01:23:33","date_gmt":"2021-07-29T01:23:33","guid":{"rendered":"https:\/\/taizypackaging.com\/?p=2468"},"modified":"2023-10-24T17:04:56","modified_gmt":"2023-10-24T09:04:56","slug":"automatic-flat-labeling-machine","status":"publish","type":"product","link":"https:\/\/taizypackaging.com\/vi\/automatic-flat-labeling-machine\/","title":{"rendered":"M\u00e1y d\u00e1n nh\u00e3n ph\u1eb3ng"},"content":{"rendered":"<div class=\"kk-star-ratings kksr-auto kksr-align-left kksr-valign-top\"     data-payload='{&quot;align&quot;:&quot;left&quot;,&quot;id&quot;:&quot;2468&quot;,&quot;slug&quot;:&quot;default&quot;,&quot;valign&quot;:&quot;top&quot;,&quot;ignore&quot;:&quot;&quot;,&quot;reference&quot;:&quot;auto&quot;,&quot;class&quot;:&quot;&quot;,&quot;count&quot;:&quot;22&quot;,&quot;legendonly&quot;:&quot;&quot;,&quot;readonly&quot;:&quot;&quot;,&quot;score&quot;:&quot;4.9&quot;,&quot;starsonly&quot;:&quot;&quot;,&quot;best&quot;:&quot;5&quot;,&quot;gap&quot;:&quot;5&quot;,&quot;greet&quot;:&quot;Rate this product&quot;,&quot;legend&quot;:&quot;4.9\\\/5 - (22 b\u00ecnh ch\u1ecdn)&quot;,&quot;size&quot;:&quot;24&quot;,&quot;title&quot;:&quot;Flat Labeling Machine&quot;,&quot;width&quot;:&quot;139.6&quot;,&quot;_legend&quot;:&quot;{score}\\\/{best} - ({count} {votes})&quot;,&quot;font_factor&quot;:&quot;1.25&quot;}'>              <div class=\"kksr-stars\">      <div class=\"kksr-stars-inactive\">             <div class=\"kksr-star\" data-star=\"1\" style=\"padding-right: 5px\">               <div class=\"kksr-icon\" style=\"width: 24px; height: 24px;\"><\/div>         <\/div>             <div class=\"kksr-star\" data-star=\"2\" style=\"padding-right: 5px\">               <div class=\"kksr-icon\" style=\"width: 24px; height: 24px;\"><\/div>         <\/div>             <div class=\"kksr-star\" data-star=\"3\" style=\"padding-right: 5px\">               <div class=\"kksr-icon\" style=\"width: 24px; height: 24px;\"><\/div>         <\/div>             <div class=\"kksr-star\" data-star=\"4\" style=\"padding-right: 5px\">               <div class=\"kksr-icon\" style=\"width: 24px; height: 24px;\"><\/div>         <\/div>             <div class=\"kksr-star\" data-star=\"5\" style=\"padding-right: 5px\">               <div class=\"kksr-icon\" style=\"width: 24px; height: 24px;\"><\/div>         <\/div>     <\/div>      <div class=\"kksr-stars-active\" style=\"width: 139.6px;\">             <div class=\"kksr-star\" style=\"padding-right: 5px\">               <div class=\"kksr-icon\" style=\"width: 24px; height: 24px;\"><\/div>         <\/div>             <div class=\"kksr-star\" style=\"padding-right: 5px\">               <div class=\"kksr-icon\" style=\"width: 24px; height: 24px;\"><\/div>         <\/div>             <div class=\"kksr-star\" style=\"padding-right: 5px\">               <div class=\"kksr-icon\" style=\"width: 24px; height: 24px;\"><\/div>         <\/div>             <div class=\"kksr-star\" style=\"padding-right: 5px\">               <div class=\"kksr-icon\" style=\"width: 24px; height: 24px;\"><\/div>         <\/div>             <div class=\"kksr-star\" style=\"padding-right: 5px\">               <div class=\"kksr-icon\" style=\"width: 24px; height: 24px;\"><\/div>         <\/div>     <\/div> <\/div>                   <div class=\"kksr-legend\" style=\"font-size: 19.2px;\">             4.9\/5 - (22 l\u01b0\u1ee3t b\u00ecnh ch\u1ecdn)    <\/div>     <\/div>  <p class=\"translation-block\"><strong>M\u00e1y d\u00e1n nh\u00e3n ph\u1eb3ng<\/strong> \u1edf \u0111\u00e2y l\u00e0 m\u1ed9t m\u00e1y d\u00e1n nh\u00e3n t\u1ef1 \u0111\u1ed9ng v\u00e0 di \u0111\u1ed9ng. N\u00f3 \u0111\u01b0\u1ee3c \u00e1p d\u1ee5ng \u0111\u1ec3 d\u00e1n nh\u00e3n cho t\u1ea5t c\u1ea3 c\u00e1c lo\u1ea1i s\u1ea3n ph\u1ea9m c\u00f3 b\u1ec1 m\u1eb7t ph\u1eb3ng nh\u01b0 chai, t\u00fai, lon, h\u1ed9p, th\u00f9ng carton, v.v. M\u00e1y d\u00e1n nh\u00e3n b\u1ec1 m\u1eb7t ph\u1eb3ng c\u00f3 th\u1ec3 l\u00e0m vi\u1ec7c v\u1edbi c\u00e1c thi\u1ebft b\u1ecb kh\u00e1c \u0111\u1ec3 t\u1ea1o th\u00e0nh m\u1ed9t d\u00e2y chuy\u1ec1n s\u1ea3n xu\u1ea5t ho\u00e0n ch\u1ec9nh, ch\u1eb3ng h\u1ea1n nh\u01b0 m\u00e1y chi\u1ebft r\u00f3t, m\u00e1y \u0111\u00f3ng g\u00f3i, m\u00e1y ni\u00eam phong, m\u00e1y n\u1eafp, v.v. B\u1ea1n c\u00f3 th\u1ec3 g\u1eedi y\u00eau c\u1ea7u c\u1ee7a m\u00ecnh cho ch\u00fang t\u00f4i, \u0111\u1ec3 ch\u00fang t\u00f4i c\u00f3 th\u1ec3 t\u00f9y ch\u1ec9nh m\u1ed9t m\u00e1y d\u00e1n nh\u00e3n ph\u1eb3ng c\u1ee5 th\u1ec3 \u0111\u1ec3 th\u1ef1c s\u1ef1 \u0111\u00e1p \u1ee9ng nhu c\u1ea7u c\u1ee7a b\u1ea1n. B\u1ea1n \u0111ang t\u00ecm ki\u1ebfm m\u1ed9t <strong>m\u00e1y d\u00e1n nh\u00e3n ph\u1eb3ng<\/strong> ch\u1ea5t l\u01b0\u1ee3ng? G\u1eedi email cho ch\u00fang t\u00f4i ho\u1eb7c g\u1ecdi cho ch\u00fang t\u00f4i ngay b\u00e2y gi\u1edd \u0111\u1ec3 nh\u1eadn b\u1ea3ng gi\u00e1 mi\u1ec5n ph\u00ed. <\/p>    <h2 class=\"wp-block-heading\" id=\"h-the-working-video-of-flax-bottle-label-applicator\">Video ho\u1ea1t \u0111\u1ed9ng c\u1ee7a m\u00e1y d\u00e1n nh\u00e3n b\u1ec1 m\u1eb7t ph\u1eb3ng <\/h2>   <figure class=\"wp-block-embed-youtube wp-block-embed is-type-video is-provider-youtube wp-embed-aspect-16-9 wp-has-aspect-ratio\"><div class=\"lyte-wrapper fourthree\" title=\"M\u00e1y d\u00e1n nh\u00e3n ph\u1eb3ng t\u1ef1 \u0111\u1ed9ng\" style=\"width:960px;max-width:100%;margin:5px auto;\"><div class=\"lyMe hidef\" id=\"WYL_Ajyv04TJick\" itemprop=\"video\" itemscope itemtype=\"https:\/\/schema.org\/VideoObject\"><div><meta itemprop=\"thumbnailUrl\" content=\"https:\/\/taizypackaging.com\/wp-content\/plugins\/wp-youtube-lyte\/lyteCache.php?origThumbUrl=https%3A%2F%2Fi.ytimg.com%2Fvi%2FAjyv04TJick%2Fmaxresdefault.jpg\" \/><meta itemprop=\"embedURL\" content=\"https:\/\/www.youtube.com\/embed\/Ajyv04TJick\" \/><meta itemprop=\"duration\" content=\"PT1M6S\" \/><meta itemprop=\"uploadDate\" content=\"2021-07-28T10:36:21Z\" \/><\/div><meta itemprop=\"accessibilityFeature\" content=\"captions\" \/><div id=\"lyte_Ajyv04TJick\" data-src=\"https:\/\/taizypackaging.com\/wp-content\/plugins\/wp-youtube-lyte\/lyteCache.php?origThumbUrl=https%3A%2F%2Fi.ytimg.com%2Fvi%2FAjyv04TJick%2Fmaxresdefault.jpg\" class=\"pL\"><div class=\"tC\"><div class=\"tT\" itemprop=\"name\">M\u00e1y d\u00e1n nh\u00e3n ph\u1eb3ng t\u1ef1 \u0111\u1ed9ng<\/div><\/div><div class=\"play\"><\/div><div class=\"ctrl\"><div class=\"Lctrl\"><\/div><div class=\"Rctrl\"><\/div><\/div><\/div><noscript><a href=\"https:\/\/youtu.be\/Ajyv04TJick\" rel=\"nofollow noopener\" target=\"_blank\"><img loading=\"lazy\" decoding=\"async\" src=\"https:\/\/taizypackaging.com\/wp-content\/plugins\/wp-youtube-lyte\/lyteCache.php?origThumbUrl=https%3A%2F%2Fi.ytimg.com%2Fvi%2FAjyv04TJick%2F0.jpg\" alt=\"M\u00e1y d\u00e1n nh\u00e3n ph\u1eb3ng t\u1ef1 \u0111\u1ed9ng\" width=\"960\" height=\"700\" \/><br \/>Xem video n\u00e0y tr\u00ean YouTube<\/a><\/noscript><meta itemprop=\"description\" content=\"WhatsApp\/Wechat\/Tel:+86 19139754781 This desktop automatic flat labeling machine is mainly suitable for the following two types of labeling: flat labeling or round bottles with a diameter of less than 2cm (such as lipstick, cosmetic samples, etc.). It is widely used in the food, logistics industry. Specific performance in the courier bag or courier box on the single number labeling, food bag outer packaging labeling, fresh food labeling on the plastic box, etc. You can get more information on: https:\/\/taizypackaging.com\/automatic-flat-labeling-machine\/\"><\/div><\/div><div class=\"lL\" style=\"max-width:100%;width:960px;margin:5px auto;\"><\/div><figcaption><\/figcaption><\/figure>   <h2 class=\"wp-block-heading\" id=\"what-is-a-flat-labeling-machine\">M\u00e1y d\u00e1n nh\u00e3n ph\u1eb3ng l\u00e0 g\u00ec? <\/h2>    <p>Ghi nh\u00e3n \u0111\u00e3 tr\u1edf th\u00e0nh m\u1ed9t kh\u00e2u kh\u00f4ng th\u1ec3 thi\u1ebfu trong bao b\u00ec c\u1ee7a m\u1ecdi s\u1ea3n ph\u1ea9m. M\u00e1y d\u00e1n nh\u00e3n ph\u1eb3ng t\u1ef1 \u0111\u1ed9ng \u0111\u1ec3 b\u00e0n n\u00e0y ch\u1ee7 y\u1ebfu ph\u00f9 h\u1ee3p v\u1edbi hai lo\u1ea1i nh\u00e3n sau: d\u00e1n nh\u00e3n ph\u1eb3ng ho\u1eb7c chai tr\u00f2n c\u00f3 \u0111\u01b0\u1eddng k\u00ednh d\u01b0\u1edbi 2cm (nh\u01b0 son m\u00f4i, m\u1eabu m\u1ef9 ph\u1ea9m, v.v.). N\u00f3 \u0111\u01b0\u1ee3c s\u1eed d\u1ee5ng r\u1ed9ng r\u00e3i trong ng\u00e0nh th\u1ef1c ph\u1ea9m v\u00e0 h\u1eadu c\u1ea7n. Hi\u1ec7u su\u1ea5t c\u1ee5 th\u1ec3 trong t\u00fai chuy\u1ec3n ph\u00e1t nhanh ho\u1eb7c h\u1ed9p chuy\u1ec3n ph\u00e1t nhanh tr\u00ean nh\u00e3n s\u1ed1 \u0111\u01a1n, nh\u00e3n bao b\u00ec b\u00ean ngo\u00e0i t\u00fai th\u1ef1c ph\u1ea9m, nh\u00e3n th\u1ef1c ph\u1ea9m t\u01b0\u01a1i s\u1ed1ng tr\u00ean h\u1ed9p nh\u1ef1a, v.v.<\/p>    <figure class=\"wp-block-image size-full\"><img decoding=\"async\" src=\"https:\/\/taizypackaging.com\/wp-content\/uploads\/2021\/07\/flat-surface-labeling-machine.jpg\" alt=\"m\u00e1y d\u00e1n nh\u00e3n b\u1ec1 m\u1eb7t ph\u1eb3ng\" class=\"wp-image-3841\"\/><figcaption class=\"wp-element-caption\">m\u00e1y d\u00e1n nh\u00e3n b\u1ec1 m\u1eb7t ph\u1eb3ng<\/figcaption><\/figure>    <h2 class=\"wp-block-heading\" id=\"h-why-do-we-need-a-flat-labeling-machine\">T\u1ea1i sao ch\u00fang ta c\u1ea7n m\u1ed9t m\u00e1y d\u00e1n nh\u00e3n ph\u1eb3ng?<\/h2>    <ul class=\"wp-block-list\"> <li>M\u00e1y \u0111\u01b0\u1ee3c trang b\u1ecb h\u1ec7 th\u1ed1ng \u0111i\u1ec1u khi\u1ec3n PLC, thao t\u00e1c \u0111\u01a1n gi\u1ea3n d\u1ec5 d\u00e0ng kh\u1edfi \u0111\u1ed9ng. M\u00e0n h\u00ecnh LCD c\u1ea3m \u1ee9ng, d\u1ec5 d\u00e0ng \u0111i\u1ec1u ch\u1ec9nh c\u00e1c th\u00f4ng s\u1ed1 nh\u01b0 t\u1ed1c \u0111\u1ed9 ghi nh\u00e3n v\u00e0 s\u1ed1 l\u01b0\u1ee3ng ghi nh\u00e3n.<\/li>    <li>H\u1ec7 th\u1ed1ng ph\u00e1t hi\u1ec7n m\u1eaft \u1ea3nh \u0111\u1ea3m b\u1ea3o v\u1ecb tr\u00ed ghi nh\u00e3n \u0111\u1ed3ng \u0111\u1ec1u v\u00e0 \u0111\u1eb9p m\u1eaft.<\/li>    <li>To\u00e0n b\u1ed9 m\u00e1y \u0111\u01b0\u1ee3c l\u00e0m b\u1eb1ng th\u00e9p kh\u00f4ng g\u1ec9 v\u00e0 h\u1ee3p kim nh\u00f4m, c\u00f3 hi\u1ec7u su\u1ea5t t\u1ed1t, d\u1ec5 d\u00e0ng v\u1ec7 sinh v\u00e0 b\u1ea3o tr\u00ec. B\u00ean c\u1ea1nh \u0111\u00f3, ph\u00f9 h\u1ee3p v\u1edbi ti\u00eau chu\u1ea9n s\u1ea3n xu\u1ea5t xu\u1ea5t s\u1eafc c\u1ee7a GMP.<\/li>    <li>Chi\u1ec1u r\u1ed9ng b\u0103ng t\u1ea3i v\u00e0 chi\u1ec1u cao ghi nh\u00e3n c\u1ee7a m\u00e1y c\u00f3 th\u1ec3 \u0111i\u1ec1u ch\u1ec9nh \u0111\u01b0\u1ee3c \u0111\u1ec3 ph\u00f9 h\u1ee3p v\u1edbi c\u00e1c k\u00edch c\u1ee1 kh\u00e1c nhau c\u1ee7a s\u1ea3n ph\u1ea9m v\u00e0 nh\u00e3n.<\/li>    <li>M\u00e1y d\u00e1n nh\u00e3n ph\u1eb3ng b\u00e1n t\u1ef1 \u0111\u1ed9ng y\u00eau c\u1ea7u quay v\u1eadt ph\u1ea9m m\u1ee5c ti\u00eau b\u1eb1ng tay \u0111\u1ec3 d\u00e1n nh\u00e3n. M\u00e1y t\u1ef1 \u0111\u1ed9ng n\u00e0y kh\u00f4ng y\u00eau c\u1ea7u quy tr\u00ecnh l\u00e0m vi\u1ec7c ph\u1ee9c t\u1ea1p, thu\u1eadn ti\u1ec7n v\u00e0 hi\u1ec7u qu\u1ea3.<\/li>    <li>N\u00f3 c\u00f3 th\u1ec3 tham gia v\u00e0o m\u1ed9t d\u00e2y chuy\u1ec1n s\u1ea3n xu\u1ea5t ho\u00e0n ch\u1ec9nh. V\u00ed d\u1ee5: m\u00e1y tr\u01b0\u1edbc c\u00f3 th\u00f9ng carton, m\u00e1y sau c\u00f3 m\u00e3 h\u00f3a ho\u1eb7c <a href=\"https:\/\/taizypackaging.com\/vi\/round-bottle-labeling-machine\/\" target=\"_blank\" rel=\"noreferrer noopener\">m\u00e1y d\u00e1n nh\u00e3n chai tr\u00f2n t\u1ef1 \u0111\u1ed9ng<\/a> v\u1edbi vi\u1ec7c s\u1eed d\u1ee5ng, c\u00f3 th\u1ec3 c\u1ea3i thi\u1ec7n \u0111\u00e1ng k\u1ec3 hi\u1ec7u qu\u1ea3 s\u1ea3n xu\u1ea5t.<\/li> <\/ul>    <h2 class=\"wp-block-heading\" id=\"what-can-a-flat-surface-labeling-machine-used-for\">M\u00e1y d\u00e1n nh\u00e3n b\u1ec1 m\u1eb7t ph\u1eb3ng c\u00f3 th\u1ec3 d\u00f9ng \u0111\u1ec3 l\u00e0m g\u00ec? <\/h2>    <p>M\u00e1y d\u00e1n nh\u00e3n b\u1ec1 m\u1eb7t ph\u1eb3ng l\u00fd t\u01b0\u1edfng \u0111\u1ec3 d\u00e1n nh\u00e3n c\u00e1c s\u1ea3n ph\u1ea9m kh\u00e1c nhau c\u00f3 b\u1ec1 m\u1eb7t ph\u1eb3ng. N\u00f3 c\u00f3 \u1ee9ng d\u1ee5ng kh\u00e1 r\u1ed9ng r\u00e3i v\u00e0 \u0111\u01b0\u1ee3c s\u1eed d\u1ee5ng r\u1ed9ng r\u00e3i trong ng\u00e0nh th\u1ef1c ph\u1ea9m, c\u00f4ng nghi\u1ec7p m\u1ef9 ph\u1ea9m, nhu y\u1ebfu ph\u1ea9m h\u00e0ng ng\u00e0y, c\u00f4ng nghi\u1ec7p d\u01b0\u1ee3c ph\u1ea9m v\u00e0 nhi\u1ec1u ng\u00e0nh c\u00f4ng nghi\u1ec7p kh\u00e1c. C\u1ee5 th\u1ec3, m\u00e1y d\u00e1n nh\u00e3n ph\u1eb3ng th\u00edch h\u1ee3p \u0111\u1ec3 d\u00e1n nh\u00e3n chai, h\u1ed9p, th\u00f9ng, t\u00fai, v.v. <\/p>    <figure class=\"wp-block-image size-full\"><img decoding=\"async\" src=\"https:\/\/taizypackaging.com\/wp-content\/uploads\/2021\/07\/flat-labeling-machine-uses-1.jpg\" alt=\"s\u1eed d\u1ee5ng m\u00e1y d\u00e1n nh\u00e3n ph\u1eb3ng\" class=\"wp-image-3839\"\/><figcaption class=\"wp-element-caption\">s\u1eed d\u1ee5ng m\u00e1y d\u00e1n nh\u00e3n ph\u1eb3ng<\/figcaption><\/figure>    <h2 class=\"wp-block-heading\" id=\"h-the-details-of-flat-label-applicator\">Chi ti\u1ebft c\u1ea5u t\u1ea1o c\u1ee7a m\u00e1y d\u00e1n nh\u00e3n ph\u1eb3ng t\u1ef1 \u0111\u1ed9ng Taizy<\/h2>    <p>M\u00e1y d\u00e1n nh\u00e3n ph\u1eb3ng t\u1ef1 \u0111\u1ed9ng ch\u1ee7 y\u1ebfu bao g\u1ed3m c\u1ea5u tr\u00fac nh\u00e3n b\u1ec1n, gi\u00e1 \u0111\u1ee1 nh\u00e3n, b\u1ea3ng \u0111i\u1ec1u khi\u1ec3n, m\u1eaft theo d\u00f5i \u0111i\u1ec7n, n\u00fat d\u1eebng kh\u1ea9n c\u1ea5p, b\u0103ng t\u1ea3i s\u1ea3n ph\u1ea9m, \u0111\u1ed9ng c\u01a1 th\u01b0\u01a1ng hi\u1ec7u, n\u00fam xoay, v.v. C\u00f4ng ngh\u1ec7 ti\u00ean ti\u1ebfn v\u00e0 c\u00e1c ph\u1ee5 ki\u1ec7n ch\u1ea5t l\u01b0\u1ee3ng \u0111\u1ea3m b\u1ea3o hi\u1ec7u su\u1ea5t tuy\u1ec7t v\u1eddi v\u00e0 \u0111\u1ed9 ch\u00ednh x\u00e1c cao. Ngo\u00e0i ra, v\u1eadt li\u1ec7u b\u1ec1n v\u00e0 \u0111\u1ed9ng c\u01a1 n\u1ed5i ti\u1ebfng \u0111\u1ea3m b\u1ea3o tu\u1ed5i th\u1ecd r\u1ea5t d\u00e0i cho m\u00e1y d\u00e1n nh\u00e3n b\u1ec1 m\u1eb7t ph\u1eb3ng c\u1ee7a ch\u00fang t\u00f4i. <\/p>    <figure class=\"wp-block-image size-full\"><img decoding=\"async\" src=\"https:\/\/taizypackaging.com\/wp-content\/uploads\/2021\/07\/03-3.jpg\" alt=\"chi ti\u1ebft m\u00e1y nh\u00e3n ph\u1eb3ng\" class=\"wp-image-2471\"\/><figcaption class=\"wp-element-caption\">chi ti\u1ebft m\u00e1y nh\u00e3n ph\u1eb3ng<\/figcaption><\/figure>    <h2 class=\"wp-block-heading\" id=\"h-our-service\">T\u1ea1i sao ch\u1ecdn ch\u00fang t\u00f4i l\u00e0m nh\u00e0 cung c\u1ea5p m\u00e1y d\u00e1n nh\u00e3n h\u00e0ng \u0111\u1ea7u c\u1ee7a b\u1ea1n? <\/h2>    <p class=\"translation-block\">L\u00e0 m\u1ed9t <a href=\"https:\/\/taizypackaging.com\/vi\/\">nh\u00e0 s\u1ea3n xu\u1ea5t v\u00e0 cung c\u1ea5p m\u00e1y m\u00f3c \u0111\u00f3ng g\u00f3i<\/a> chuy\u00ean nghi\u1ec7p, t\u1eeb qu\u00e1 tr\u00ecnh s\u1ea3n xu\u1ea5t \u0111\u1ea7u ti\u00ean, m\u1ed7i b\u01b0\u1edbc trong d\u00e2y chuy\u1ec1n \u0111\u1ec1u ph\u00f9 h\u1ee3p v\u1edbi ti\u00eau chu\u1ea9n s\u1ea3n xu\u1ea5t qu\u1ed1c t\u1ebf. Tr\u01b0\u1edbc khi v\u1eadn chuy\u1ec3n, ch\u00fang t\u00f4i s\u1ebd m\u00f4 ph\u1ecfng v\u00e0 thi\u1ebft l\u1eadp c\u00e1c th\u00f4ng s\u1ed1 c\u1ea7n thi\u1ebft theo y\u00eau c\u1ea7u c\u1ee7a kh\u00e1ch h\u00e0ng tr\u01b0\u1edbc, v\u00e0 ch\u1edd \u0111\u1ee3i cho \u0111\u1ebfn khi h\u1ecd nh\u1eadn h\u00e0ng ch\u1ec9 c\u1ea7n \u0111i\u1ec1u ch\u1ec9nh nh\u1eb9 ho\u1eb7c kh\u00f4ng c\u1ea7n \u0111i\u1ec1u ch\u1ec9nh. Sau khi s\u1ea3n ph\u1ea9m \u0111\u01b0\u1ee3c g\u1eedi \u0111i, ch\u00fang t\u00f4i c\u0169ng c\u00f3 nh\u00e2n vi\u00ean chuy\u00ean nghi\u1ec7p \u0111\u1ec3 cung c\u1ea5p d\u1ecbch v\u1ee5 h\u1ed7 tr\u1ee3 k\u1ef9 thu\u1eadt. H\u01a1n n\u1eefa, sau khi b\u1ea1n nh\u1eadn \u0111\u01b0\u1ee3c thi\u1ebft b\u1ecb, b\u1ea5t k\u1ef3 c\u00e2u h\u1ecfi n\u00e0o c\u00f3 th\u1ec3 li\u00ean h\u1ec7 v\u1edbi nh\u00e2n vi\u00ean d\u1ecbch v\u1ee5 h\u1eadu m\u00e3i c\u1ee7a ch\u00fang t\u00f4i \u0111\u1ec3 nh\u1eadn \u0111\u01b0\u1ee3c c\u00e2u tr\u1ea3 l\u1eddi. S\u1ef1 h\u00e0i l\u00f2ng c\u1ee7a kh\u00e1ch h\u00e0ng l\u00e0 m\u1ed9t trong nh\u1eefng ni\u1ec1m tin m\u00e0 c\u00f4ng ty Taizy ch\u00fang t\u00f4i gi\u1eef g\u00ecn.<\/p>    <figure class=\"wp-block-image size-full\"><img loading=\"lazy\" decoding=\"async\" width=\"750\" height=\"533\" src=\"https:\/\/taizypackaging.com\/wp-content\/uploads\/2021\/07\/Taizy-flat-labeling-machine-factory.jpg\" alt=\"Nh\u00e0 m\u00e1y s\u1ea3n xu\u1ea5t m\u00e1y d\u00e1n nh\u00e3n ph\u1eb3ng Taizy\" class=\"wp-image-3837\" srcset=\"https:\/\/taizypackaging.com\/wp-content\/uploads\/2021\/07\/Taizy-flat-labeling-machine-factory.jpg 750w, https:\/\/taizypackaging.com\/wp-content\/uploads\/2021\/07\/Taizy-flat-labeling-machine-factory-300x213.jpg 300w\" sizes=\"auto, (max-width: 750px) 100vw, 750px\" \/><figcaption class=\"wp-element-caption\">Nh\u00e0 m\u00e1y s\u1ea3n xu\u1ea5t m\u00e1y d\u00e1n nh\u00e3n ph\u1eb3ng Taizy<\/figcaption><\/figure>","protected":false},"excerpt":{"rendered":"<p>The flat labeling machine here is an automatic and portable labeling machine. It is applied for labeling all kinds of products with a flat surface like bottles, bags, cans, boxes, cartons, etc. The flat surface labeling machine can work with other equipment to make a complete production line, such as a filling machine, packaging machine, [&hellip;]<\/p>\n","protected":false},"author":1,"featured_media":2474,"parent":0,"template":"","tags":[595,546],"product-type":[668],"class_list":["post-2468","product","type-product","status-publish","has-post-thumbnail","hentry","tag-flat-labeling-machine","tag-labeling-machine","product-type-supporting-equipment"],"_links":{"self":[{"href":"https:\/\/taizypackaging.com\/vi\/wp-json\/wp\/v2\/product\/2468","targetHints":{"allow":["GET"]}}],"collection":[{"href":"https:\/\/taizypackaging.com\/vi\/wp-json\/wp\/v2\/product"}],"about":[{"href":"https:\/\/taizypackaging.com\/vi\/wp-json\/wp\/v2\/types\/product"}],"author":[{"embeddable":true,"href":"https:\/\/taizypackaging.com\/vi\/wp-json\/wp\/v2\/users\/1"}],"wp:featuredmedia":[{"embeddable":true,"href":"https:\/\/taizypackaging.com\/vi\/wp-json\/wp\/v2\/media\/2474"}],"wp:attachment":[{"href":"https:\/\/taizypackaging.com\/vi\/wp-json\/wp\/v2\/media?parent=2468"}],"wp:term":[{"taxonomy":"post_tag","embeddable":true,"href":"https:\/\/taizypackaging.com\/vi\/wp-json\/wp\/v2\/tags?post=2468"},{"taxonomy":"product-type","embeddable":true,"href":"https:\/\/taizypackaging.com\/vi\/wp-json\/wp\/v2\/product-type?post=2468"}],"curies":[{"name":"wp","href":"https:\/\/api.w.org\/{rel}","templated":true}]}}