{"id":2483,"date":"2021-07-29T07:41:07","date_gmt":"2021-07-29T07:41:07","guid":{"rendered":"https:\/\/taizypackaging.com\/?p=2483"},"modified":"2024-07-16T18:26:03","modified_gmt":"2024-07-16T10:26:03","slug":"continuous-sealing-machine-for-sale","status":"publish","type":"product","link":"https:\/\/taizypackaging.com\/vi\/continuous-sealing-machine-for-sale\/","title":{"rendered":"M\u00e1y ni\u00eam phong li\u00ean t\u1ee5c"},"content":{"rendered":"<div class=\"kk-star-ratings kksr-auto kksr-align-left kksr-valign-top\"     data-payload='{&quot;align&quot;:&quot;left&quot;,&quot;id&quot;:&quot;2483&quot;,&quot;slug&quot;:&quot;default&quot;,&quot;valign&quot;:&quot;top&quot;,&quot;ignore&quot;:&quot;&quot;,&quot;reference&quot;:&quot;auto&quot;,&quot;class&quot;:&quot;&quot;,&quot;count&quot;:&quot;23&quot;,&quot;legendonly&quot;:&quot;&quot;,&quot;readonly&quot;:&quot;&quot;,&quot;score&quot;:&quot;4.6&quot;,&quot;starsonly&quot;:&quot;&quot;,&quot;best&quot;:&quot;5&quot;,&quot;gap&quot;:&quot;5&quot;,&quot;greet&quot;:&quot;Rate this product&quot;,&quot;legend&quot;:&quot;4.6\\\/5 - (23 b\u00ecnh ch\u1ecdn)&quot;,&quot;size&quot;:&quot;24&quot;,&quot;title&quot;:&quot;Continuous Sealing Machine&quot;,&quot;width&quot;:&quot;130.9&quot;,&quot;_legend&quot;:&quot;{score}\\\/{best} - ({count} {votes})&quot;,&quot;font_factor&quot;:&quot;1.25&quot;}'>              <div class=\"kksr-stars\">      <div class=\"kksr-stars-inactive\">             <div class=\"kksr-star\" data-star=\"1\" style=\"padding-right: 5px\">               <div class=\"kksr-icon\" style=\"width: 24px; height: 24px;\"><\/div>         <\/div>             <div class=\"kksr-star\" data-star=\"2\" style=\"padding-right: 5px\">               <div class=\"kksr-icon\" style=\"width: 24px; height: 24px;\"><\/div>         <\/div>             <div class=\"kksr-star\" data-star=\"3\" style=\"padding-right: 5px\">               <div class=\"kksr-icon\" style=\"width: 24px; height: 24px;\"><\/div>         <\/div>             <div class=\"kksr-star\" data-star=\"4\" style=\"padding-right: 5px\">               <div class=\"kksr-icon\" style=\"width: 24px; height: 24px;\"><\/div>         <\/div>             <div class=\"kksr-star\" data-star=\"5\" style=\"padding-right: 5px\">               <div class=\"kksr-icon\" style=\"width: 24px; height: 24px;\"><\/div>         <\/div>     <\/div>      <div class=\"kksr-stars-active\" style=\"width: 130.9px;\">             <div class=\"kksr-star\" style=\"padding-right: 5px\">               <div class=\"kksr-icon\" style=\"width: 24px; height: 24px;\"><\/div>         <\/div>             <div class=\"kksr-star\" style=\"padding-right: 5px\">               <div class=\"kksr-icon\" style=\"width: 24px; height: 24px;\"><\/div>         <\/div>             <div class=\"kksr-star\" style=\"padding-right: 5px\">               <div class=\"kksr-icon\" style=\"width: 24px; height: 24px;\"><\/div>         <\/div>             <div class=\"kksr-star\" style=\"padding-right: 5px\">               <div class=\"kksr-icon\" style=\"width: 24px; height: 24px;\"><\/div>         <\/div>             <div class=\"kksr-star\" style=\"padding-right: 5px\">               <div class=\"kksr-icon\" style=\"width: 24px; height: 24px;\"><\/div>         <\/div>     <\/div> <\/div>                   <div class=\"kksr-legend\" style=\"font-size: 19.2px;\">             4.6\/5 - (23 l\u01b0\u1ee3t b\u00ecnh ch\u1ecdn)    <\/div>     <\/div>  <p class=\"translation-block\"><strong>M\u00e1y h\u00e0n li\u00ean t\u1ee5c<\/strong> \u0111\u00e2y l\u00e0 m\u00e1y h\u00e0n nhi\u1ec7t t\u00fai x\u00e1ch tay. N\u00f3 chi\u1ebfm di\u1ec7n t\u00edch nh\u1ecf v\u00e0 ti\u1ec7n l\u1ee3i \u0111\u1ec3 di chuy\u1ec3n. B\u00ean c\u1ea1nh \u0111\u00f3, n\u00f3 c\u00f3 th\u1ec3 x\u1eed l\u00fd nhi\u1ec1u lo\u1ea1i t\u00fai nh\u1ef1a kh\u00e1c nhau. M\u1ed9t kho\u1ea3n \u0111\u1ea7u t\u01b0 nh\u1ecf v\u00e0o nh\u1eefng <strong>m\u00e1y h\u00e0n t\u00fai li\u00ean t\u1ee5c<\/strong> n\u00e0y c\u00f3 th\u1ec3 t\u0103ng hi\u1ec7u qu\u1ea3 v\u00e0 ti\u1ebft ki\u1ec7m chi ph\u00ed cho b\u1ea1n. T\u1ea3i tr\u1ecdng t\u1ed1i \u0111a c\u1ee7a b\u00e0n t\u1ea3i c\u1ee7a m\u00e1y n\u00e0y l\u00e0 10kg. T\u1ed1c \u0111\u1ed9 h\u00e0n l\u00e0 0 ~ 12 t\u00fai m\u1ed7i ph\u00fat. H\u01a1n n\u1eefa, <strong>m\u00e1y h\u00e0n nhi\u1ec7t t\u00fai<\/strong> n\u00e0y s\u1eed d\u1ee5ng \u0111i\u1ec7n \u00e1p 220V, v\u00e0 \u0111i\u1ec7n \u00e1p c\u00f3 th\u1ec3 \u0111\u01b0\u1ee3c t\u00f9y ch\u1ec9nh. C\u00f4ng ty Taizy Packaging Machinery cung c\u1ea5p c\u00e1c gi\u1ea3i ph\u00e1p h\u00e0n ti\u00eau chu\u1ea9n v\u00e0 t\u00f9y ch\u1ec9nh cho kh\u00e1ch h\u00e0ng tr\u00ean to\u00e0n th\u1ebf gi\u1edbi. B\u1ea1n c\u00f3 quan t\u00e2m \u0111\u1ebfn m\u00e1y h\u00e0n b\u0103ng li\u00ean t\u1ee5c ch\u1ea5t l\u01b0\u1ee3ng cao kh\u00f4ng? G\u1eedi email cho ch\u00fang t\u00f4i v\u00e0 \u0111\u1ec3 l\u1ea1i l\u1eddi nh\u1eafn c\u1ee7a b\u1ea1n b\u00ean d\u01b0\u1edbi, ch\u00fang t\u00f4i s\u1ebd li\u00ean h\u1ec7 l\u1ea1i v\u1edbi b\u1ea1n s\u1edbm. <\/p>    <h2 class=\"wp-block-heading\" id=\"h-how-does-a-continuous-band-sealer-work\">M\u00e1y h\u00e0n li\u00ean t\u1ee5c ho\u1ea1t \u0111\u1ed9ng nh\u01b0 th\u1ebf n\u00e0o? <\/h2>   <figure class=\"wp-block-embed-youtube wp-block-embed is-type-video is-provider-youtube wp-embed-aspect-16-9 wp-has-aspect-ratio\"><div class=\"lyte-wrapper fourthree\" title=\"M\u00e1y h\u00e0n k\u00edn li\u00ean t\u1ee5c | M\u00e1y d\u00e1n b\u0103ng\" style=\"width:960px;max-width:100%;margin:5px auto;\"><div class=\"lyMe hidef\" id=\"WYL_ixVPifOtkNY\" itemprop=\"video\" itemscope itemtype=\"https:\/\/schema.org\/VideoObject\"><div><meta itemprop=\"thumbnailUrl\" content=\"https:\/\/taizypackaging.com\/wp-content\/plugins\/wp-youtube-lyte\/lyteCache.php?origThumbUrl=https%3A%2F%2Fi.ytimg.com%2Fvi%2FixVPifOtkNY%2Fmaxresdefault.jpg\" \/><meta itemprop=\"embedURL\" content=\"https:\/\/www.youtube.com\/embed\/ixVPifOtkNY\" \/><meta itemprop=\"duration\" content=\"PT44S\" \/><meta itemprop=\"uploadDate\" content=\"2021-07-29T06:54:41Z\" \/><\/div><div id=\"lyte_ixVPifOtkNY\" data-src=\"https:\/\/taizypackaging.com\/wp-content\/plugins\/wp-youtube-lyte\/lyteCache.php?origThumbUrl=https%3A%2F%2Fi.ytimg.com%2Fvi%2FixVPifOtkNY%2Fmaxresdefault.jpg\" class=\"pL\"><div class=\"tC\"><div class=\"tT\" itemprop=\"name\">M\u00e1y h\u00e0n k\u00edn li\u00ean t\u1ee5c | M\u00e1y d\u00e1n b\u0103ng<\/div><\/div><div class=\"play\"><\/div><div class=\"ctrl\"><div class=\"Lctrl\"><\/div><div class=\"Rctrl\"><\/div><\/div><\/div><noscript><a href=\"https:\/\/youtu.be\/ixVPifOtkNY\" rel=\"nofollow noopener\" target=\"_blank\"><img loading=\"lazy\" decoding=\"async\" src=\"https:\/\/taizypackaging.com\/wp-content\/plugins\/wp-youtube-lyte\/lyteCache.php?origThumbUrl=https%3A%2F%2Fi.ytimg.com%2Fvi%2FixVPifOtkNY%2F0.jpg\" alt=\"M\u00e1y h\u00e0n k\u00edn li\u00ean t\u1ee5c | M\u00e1y d\u00e1n b\u0103ng\" width=\"960\" height=\"700\" \/><br \/>Xem video n\u00e0y tr\u00ean YouTube<\/a><\/noscript><meta itemprop=\"description\" content=\"WhatsApp\/Wechat\/Tel:+86 19139754781 A continuous sealing machine is used to seal bags of powders, granules, liquids, etc. This band sealer is novel in structure, simple in operation, and complete in function, pushing and sealing at one time. It has a high degree of automation, which can significantly reduce the workload of workers. You will get more information on: https:\/\/taizypackaging.com\/continuous-sealing-machine-for-sale\/\"><\/div><\/div><div class=\"lL\" style=\"max-width:100%;width:960px;margin:5px auto;\"><\/div><figcaption>Video ho\u1ea1t \u0111\u1ed9ng c\u1ee7a m\u00e1y d\u00e1n b\u0103ng<\/figcaption><\/figure>   <h2 class=\"wp-block-heading\" id=\"h-what-is-a-continuous-sealing-machine\">M\u00e1y h\u00e0n b\u0103ng li\u00ean t\u1ee5c l\u00e0 g\u00ec?<\/h2>    <p>M\u00e1y h\u00e0n k\u00edn li\u00ean t\u1ee5c \u0111\u01b0\u1ee3c s\u1eed d\u1ee5ng \u0111\u1ec3 ni\u00eam phong c\u00e1c t\u00fai nh\u1ef1a kh\u00e1c nhau ch\u1ee9a b\u1ed9t, h\u1ea1t, ch\u1ea5t l\u1ecfng, b\u1ed9t nh\u00e3o, v.v. M\u00e1y h\u00e0n t\u00fai b\u0103ng li\u00ean t\u1ee5c n\u00e0y c\u00f3 c\u1ea5u tr\u00fac m\u1edbi, d\u1ec5 v\u1eadn h\u00e0nh v\u00e0 ho\u00e0n thi\u1ec7n v\u1ec1 ch\u1ee9c n\u0103ng, \u0111\u1ea9y v\u00e0 h\u00e0n k\u00edn c\u00f9ng m\u1ed9t l\u00fac. N\u00f3 c\u00f3 m\u1ee9c \u0111\u1ed9 t\u1ef1 \u0111\u1ed9ng h\u00f3a cao, c\u00f3 th\u1ec3 ti\u1ebft ki\u1ec7m \u0111\u00e1ng k\u1ec3 chi ph\u00ed c\u1ee7a b\u1ea1n. <\/p>    <figure class=\"wp-block-image size-full\"><img decoding=\"async\" src=\"https:\/\/taizypackaging.com\/wp-content\/uploads\/2021\/07\/continuous-sealing-machine.jpg\" alt=\"m\u00e1y ni\u00eam phong li\u00ean t\u1ee5c\" class=\"wp-image-3850\"\/><figcaption class=\"wp-element-caption\">m\u00e1y ni\u00eam phong li\u00ean t\u1ee5c<\/figcaption><\/figure>    <h2 class=\"wp-block-heading\" id=\"h-why-do-we-need-a-continuous-sealing-machine\">T\u00ednh n\u0103ng v\u00e0 \u01b0u \u0111i\u1ec3m c\u1ee7a m\u00e1y h\u00e0n k\u00edn li\u00ean t\u1ee5c Taizy<\/h2>    <p class=\"translation-block\">T\u1ea1i <a href=\"https:\/\/taizypackaging.com\/vi\/\" target=\"_blank\" rel=\"noreferrer noopener\">Taizy Company<\/a>, m\u00e1y h\u00e0n li\u00ean t\u1ee5c c\u1ee7a ch\u00fang t\u00f4i c\u00f3 nh\u1eefng \u01b0u \u0111i\u1ec3m sau:<\/p>    <ul class=\"wp-block-list\"> <li>Th\u00e2n m\u00e1y \u0111\u01b0\u1ee3c l\u00e0m b\u1eb1ng th\u00e9p kh\u00f4ng g\u1ec9, c\u00f3 v\u1ebb ngo\u00e0i \u0111\u1eb9p v\u00e0 \u0111\u1ed9 \u1ed5n \u0111\u1ecbnh cao. K\u00edch th\u01b0\u1edbc m\u00e1y nh\u1ecf gi\u00fap d\u1ec5 d\u00e0ng b\u1ea3o tr\u00ec v\u00e0 di chuy\u1ec3n.<\/li>    <li>B\u1ea3ng \u0111i\u1ec1u khi\u1ec3n \u0111\u01a1n gi\u1ea3n, d\u1ec5 v\u1eadn h\u00e0nh, nhi\u1ec7t \u0111\u1ed9 c\u00f3 th\u1ec3 \u0111\u01b0\u1ee3c \u0111i\u1ec1u ch\u1ec9nh b\u1ea5t c\u1ee9 l\u00fac n\u00e0o.<\/li>    <li>Kh\u1ed1i gia nhi\u1ec7t v\u00e0 kh\u1ed1i l\u00e0m m\u00e1t c\u1ee7a m\u00e1y \u0111\u01b0\u1ee3c l\u00e0m b\u1eb1ng kh\u1ed1i \u0111\u1ed3ng nguy\u00ean ch\u1ea5t. Kh\u1ed1i gia nhi\u1ec7t b\u1eb1ng \u0111\u1ed3ng nguy\u00ean ch\u1ea5t gi\u00fap khu v\u1ef1c ni\u00eam phong t\u00fai \u0111\u01b0\u1ee3c l\u00e0m n\u00f3ng \u0111\u1ec1u, \u0111\u1ed3ng th\u1eddi kh\u1ed1i l\u00e0m m\u00e1t t\u1ea3n nhi\u1ec7t b\u1eb1ng kh\u00f4ng kh\u00ed l\u1ea1nh gi\u00fap \u0111\u00f4ng k\u1ebft ni\u00eam phong nhanh ch\u00f3ng. Nh\u00e2n ti\u1ec7n, kh\u1ed1i s\u01b0\u1edfi \u0111\u01b0\u1ee3c g\u1eafn m\u1ed9t mi\u1ebfng v\u1ea3i c\u00e1ch nhi\u1ec7t n\u00ean kh\u00f4ng c\u1ea7n lo l\u1eafng v\u1ec1 vi\u1ec7c t\u00fai b\u1ecb n\u00f3ng ch\u1ea3y do nhi\u1ec7t \u0111\u1ed9 cao.<\/li>    <li>Con d\u1ea5u b\u00e1nh xe d\u1eadp n\u1ed5i b\u1eb1ng kim lo\u1ea1i ch\u1eafc ch\u1eafn v\u00e0 \u0111\u1eb9p, hoa v\u0103n r\u00f5 r\u00e0ng v\u00e0 v\u1ebft l\u00f5m ph\u1eb3ng. B\u00e1nh xe m\u1ef1c c\u00f3 b\u00e1nh xe in c\u00f3 th\u1ec3 \u0111\u00e1p \u1ee9ng nhu c\u1ea7u c\u1ee7a nh\u00e0 s\u1ea3n xu\u1ea5t v\u1ec1 in ng\u00e0y s\u1ea3n xu\u1ea5t, th\u1eddi h\u1ea1n s\u1eed d\u1ee5ng, v.v.<\/li> <\/ul>    <h2 class=\"wp-block-heading\" id=\"h-machine-parameters\">Th\u00f4ng s\u1ed1 m\u00e1y d\u00e1n b\u0103ng li\u00ean t\u1ee5c<\/h2>    <figure class=\"wp-block-table is-style-stripes\"><table><tbody><tr><td class=\"has-text-align-center\" data-align=\"center\">V\u00f4n<\/td><td class=\"has-text-align-center\" data-align=\"center\">220V\/50HZ\/0,65KW<\/td><\/tr><tr><td class=\"has-text-align-center\" data-align=\"center\">T\u1ea3i tr\u1ecdng t\u1ed1i \u0111a c\u1ee7a b\u00e0n b\u0103ng t\u1ea3i<\/td><td class=\"has-text-align-center\" data-align=\"center\">10kg<\/td><\/tr><tr><td class=\"has-text-align-center\" data-align=\"center\">T\u1ed1c \u0111\u1ed9 ni\u00eam phong<\/td><td class=\"has-text-align-center\" data-align=\"center\">0-12 t\u00fai\/ph\u00fat<\/td><\/tr><tr><td class=\"has-text-align-center\" data-align=\"center\">K\u00edch th\u01b0\u1edbc<\/td><td class=\"has-text-align-center\" data-align=\"center\">815*<em>645<\/em>*305mm<\/td><\/tr><\/tbody><\/table><\/figure>    <h2 class=\"wp-block-heading\" id=\"h-what-kind-of-bags-can-the-continuous-band-sealer-be-used-to-seal\">M\u00e1y d\u00e1n b\u0103ng d\u00ednh li\u00ean t\u1ee5c c\u00f3 th\u1ec3 s\u1eed d\u1ee5ng lo\u1ea1i v\u1eadt li\u1ec7u t\u00fai n\u00e0o \u0111\u1ec3 d\u00e1n?<\/h2>    <p class=\"translation-block\">Tr\u00ean th\u1ef1c t\u1ebf, m\u00e1y c\u1ee7a ch\u00fang t\u00f4i ph\u00f9 h\u1ee3p \u0111\u1ec3 h\u00e0n c\u00e1c v\u1eadt li\u1ec7u nh\u1ef1a nhi\u1ec7t d\u1ebbo (PP, PE, m\u00e0ng gh\u00e9p) c\u00f3 k\u00edch th\u01b0\u1edbc v\u00e0 \u0111\u1ed9 d\u00e0i b\u1ea5t k\u1ef3. Ch\u00fang t\u00f4i cung c\u1ea5p c\u1ea3 m\u00e1y h\u00e0n b\u0103ng ngang (n\u01a1i t\u00fai ph\u1eb3ng tr\u00ean b\u0103ng t\u1ea3i) v\u00e0 m\u00e1y h\u00e0n b\u0103ng d\u1ecdc (n\u01a1i t\u00fai \u0111\u1ee9ng tr\u00ean b\u0103ng t\u1ea3i). M\u00e1y h\u00e0n b\u0103ng c\u1ee7a ch\u00fang t\u00f4i c\u00f3 th\u1ec3 \u0111\u01b0\u1ee3c s\u1eed d\u1ee5ng trong nhi\u1ec1u \u1ee9ng d\u1ee5ng v\u00e0 ng\u00e0nh c\u00f4ng nghi\u1ec7p, ch\u1eb3ng h\u1ea1n nh\u01b0 d\u01b0\u1ee3c ph\u1ea9m, th\u1ef1c ph\u1ea9m, n\u00f4ng nghi\u1ec7p, h\u00f3a m\u1ef9 ph\u1ea9m, v.v. B\u00ean c\u1ea1nh \u0111\u00f3, b\u1ea1n c\u0169ng n\u00ean l\u01b0u \u00fd \u0111\u1ebfn c\u00e1c lo\u1ea1i t\u00fai \u0111\u01b0\u1ee3c s\u1eed d\u1ee5ng cho <a rel=\"noreferrer noopener\" href=\"https:\/\/taizypackaging.com\/vi\/machines-category\/vpm\/\" target=\"_blank\">m\u00e1y h\u00fat ch\u00e2n kh\u00f4ng<\/a>, <a href=\"https:\/\/taizypackaging.com\/vi\/granule-filling-machine\/\">m\u00e1y chi\u1ebft r\u00f3t h\u1ea1t cho 5-50kg<\/a>.<\/p>    <figure class=\"wp-block-image size-full\"><img loading=\"lazy\" decoding=\"async\" width=\"720\" height=\"522\" src=\"https:\/\/taizypackaging.com\/wp-content\/uploads\/2021\/07\/2.png\" alt=\"\" class=\"wp-image-2486\" srcset=\"https:\/\/taizypackaging.com\/wp-content\/uploads\/2021\/07\/2.png 720w, https:\/\/taizypackaging.com\/wp-content\/uploads\/2021\/07\/2-300x218.png 300w\" sizes=\"auto, (max-width: 720px) 100vw, 720px\" \/><figcaption class=\"wp-element-caption\">\u1ee8ng d\u1ee5ng c\u1ee7a m\u00e1y h\u00e0n k\u00edn li\u00ean t\u1ee5c<\/figcaption><\/figure>    <h2 class=\"wp-block-heading\" id=\"h-the-structure-of-the-continuous-sealing-machine\">C\u1ea5u t\u1ea1o chi ti\u1ebft c\u1ee7a m\u00e1y h\u00e0n k\u00edn li\u00ean t\u1ee5c<\/h2>    <p>M\u00e1y h\u00e0n k\u00edn li\u00ean t\u1ee5c ch\u1ee7 y\u1ebfu bao g\u1ed3m c\u00e1c b\u1ed9 ph\u1eadn: b\u0103ng t\u1ea3i, b\u00e0n b\u0103ng t\u1ea3i, c\u00f4ng t\u1eafc kh\u1ea9n c\u1ea5p, b\u00e1nh xe d\u1eadp n\u1ed5i, n\u00fat \u0111i\u1ec1u ch\u1ec9nh \u00e1p su\u1ea5t, b\u00e1nh xe l\u00e0m m\u00e1t, kh\u1ed1i nhi\u1ec7t, \u0111\u1ed9ng c\u01a1, v.v. N\u00f3 c\u00f3 c\u1ea5u tr\u00fac nh\u1ecf g\u1ecdn v\u00e0 thi\u1ebft k\u1ebf h\u1ee3p l\u00fd, r\u1ea5t d\u1ec5 v\u1eadn h\u00e0nh v\u00e0 duy tr\u00ec. Ngo\u00e0i ra, k\u1ebft c\u1ea5u th\u00e2n m\u00e1y b\u1eb1ng th\u00e9p kh\u00f4ng g\u1ec9 \u0111\u1ea3m b\u1ea3o tu\u1ed5i th\u1ecd l\u00e2u d\u00e0i cho m\u00e1y n\u00e0y.  <\/p>    <figure class=\"wp-block-image size-full\"><img loading=\"lazy\" decoding=\"async\" width=\"720\" height=\"516\" src=\"https:\/\/taizypackaging.com\/wp-content\/uploads\/2021\/07\/3.png\" alt=\"\" class=\"wp-image-2487\" srcset=\"https:\/\/taizypackaging.com\/wp-content\/uploads\/2021\/07\/3.png 720w, https:\/\/taizypackaging.com\/wp-content\/uploads\/2021\/07\/3-300x215.png 300w\" sizes=\"auto, (max-width: 720px) 100vw, 720px\" \/><figcaption class=\"wp-element-caption\">M\u00e0n h\u00ecnh hi\u1ec3n th\u1ecb c\u1ee7a m\u00e1y d\u00e1n b\u0103ng li\u00ean t\u1ee5c<\/figcaption><\/figure>    <h2 class=\"wp-block-heading\" id=\"h-the-details-of-the-continuous-band-sealer\">C\u00e1c chi ti\u1ebft c\u1ee7a m\u00e1y d\u00e1n b\u0103ng li\u00ean t\u1ee5c<\/h2>    <figure class=\"wp-block-image size-full\"><img loading=\"lazy\" decoding=\"async\" width=\"720\" height=\"540\" src=\"https:\/\/taizypackaging.com\/wp-content\/uploads\/2021\/07\/4.png\" alt=\"b\u1ea3ng \u0111i\u1ec1u khi\u1ec3n m\u00e1y ni\u00eam phong li\u00ean t\u1ee5c\" class=\"wp-image-2492\" srcset=\"https:\/\/taizypackaging.com\/wp-content\/uploads\/2021\/07\/4.png 720w, https:\/\/taizypackaging.com\/wp-content\/uploads\/2021\/07\/4-300x225.png 300w\" sizes=\"auto, (max-width: 720px) 100vw, 720px\" \/><figcaption class=\"wp-element-caption\">b\u1ea3ng \u0111i\u1ec1u khi\u1ec3n m\u00e1y ni\u00eam phong li\u00ean t\u1ee5c<\/figcaption><\/figure>    <figure class=\"wp-block-image size-full\"><img loading=\"lazy\" decoding=\"async\" width=\"720\" height=\"529\" src=\"https:\/\/taizypackaging.com\/wp-content\/uploads\/2021\/07\/5.png\" alt=\"\" class=\"wp-image-2493\" srcset=\"https:\/\/taizypackaging.com\/wp-content\/uploads\/2021\/07\/5.png 720w, https:\/\/taizypackaging.com\/wp-content\/uploads\/2021\/07\/5-300x220.png 300w\" sizes=\"auto, (max-width: 720px) 100vw, 720px\" \/><figcaption class=\"wp-element-caption\">t\u00e1c d\u1ee5ng b\u1ecbt k\u00edn c\u1ee7a m\u00e1y h\u00e0n mi\u1ec7ng t\u00fai<\/figcaption><\/figure>    <figure class=\"wp-block-image size-full\"><img loading=\"lazy\" decoding=\"async\" width=\"720\" height=\"535\" src=\"https:\/\/taizypackaging.com\/wp-content\/uploads\/2021\/07\/6.png\" alt=\"b\u00e0n b\u0103ng t\u1ea3i \u0111i\u1ec1u ch\u1ec9nh\" class=\"wp-image-2494\" srcset=\"https:\/\/taizypackaging.com\/wp-content\/uploads\/2021\/07\/6.png 720w, https:\/\/taizypackaging.com\/wp-content\/uploads\/2021\/07\/6-300x223.png 300w\" sizes=\"auto, (max-width: 720px) 100vw, 720px\" \/><figcaption class=\"wp-element-caption\">b\u00e0n b\u0103ng t\u1ea3i \u0111i\u1ec1u ch\u1ec9nh<\/figcaption><\/figure>    <h2 class=\"wp-block-heading\" id=\"related-machines-you-may-also-interested-in\">M\u00e1y li\u00ean quan b\u1ea1n c\u0169ng c\u00f3 th\u1ec3 quan t\u00e2m <\/h2>    <p>M\u00e1y d\u00e1n b\u0103ng keo li\u00ean t\u1ee5c c\u00f3 th\u1ec3 s\u1eed d\u1ee5ng k\u1ebft h\u1ee3p v\u1edbi c\u00e1c m\u00e1y kh\u00e1c nh\u01b0 m\u00e1y chi\u1ebft r\u00f3t, m\u00e1y d\u00e1n nh\u00e3n, m\u00e1y m\u00e3 h\u00f3a. T\u1ea5t c\u1ea3 nh\u1eefng m\u00e1y n\u00e0y c\u00f3 th\u1ec3 t\u1ea1o th\u00e0nh m\u1ed9t d\u00e2y chuy\u1ec1n s\u1ea3n xu\u1ea5t ho\u00e0n ch\u1ec9nh. V\u00e0 ch\u00fang t\u00f4i cung c\u1ea5p d\u1ecbch v\u1ee5 t\u00f9y ch\u1ec9nh m\u1ea1nh m\u1ebd \u0111\u1ec3 \u0111\u00e1p \u1ee9ng y\u00eau c\u1ea7u c\u1ee5 th\u1ec3 c\u1ee7a b\u1ea1n. B\u1ea1n \u0111ang t\u00ecm ki\u1ebfm nh\u1eefng chi\u1ebfc m\u00e1y n\u00e0y? Li\u00ean h\u1ec7 v\u1edbi ch\u00fang t\u00f4i \u0111\u1ec3 c\u00f3 b\u1ea3ng gi\u00e1 mi\u1ec5n ph\u00ed. <\/p>","protected":false},"excerpt":{"rendered":"<p>Continuous sealing machine here is a portable bag heat sealing machine. It covers a small area and is convenient to move it. Besides, it can handle various types of plastic bags. A small investment in these continuous bag sealing machines can increase your efficiency and save you money. The maximum load of the conveyor table [&hellip;]<\/p>\n","protected":false},"author":1,"featured_media":2496,"parent":0,"template":"","tags":[596,547,548],"product-type":[668],"class_list":["post-2483","product","type-product","status-publish","has-post-thumbnail","hentry","tag-bag-sealing-machine","tag-continuous-sealing-machine","tag-sealing-machine","product-type-supporting-equipment"],"_links":{"self":[{"href":"https:\/\/taizypackaging.com\/vi\/wp-json\/wp\/v2\/product\/2483","targetHints":{"allow":["GET"]}}],"collection":[{"href":"https:\/\/taizypackaging.com\/vi\/wp-json\/wp\/v2\/product"}],"about":[{"href":"https:\/\/taizypackaging.com\/vi\/wp-json\/wp\/v2\/types\/product"}],"author":[{"embeddable":true,"href":"https:\/\/taizypackaging.com\/vi\/wp-json\/wp\/v2\/users\/1"}],"wp:featuredmedia":[{"embeddable":true,"href":"https:\/\/taizypackaging.com\/vi\/wp-json\/wp\/v2\/media\/2496"}],"wp:attachment":[{"href":"https:\/\/taizypackaging.com\/vi\/wp-json\/wp\/v2\/media?parent=2483"}],"wp:term":[{"taxonomy":"post_tag","embeddable":true,"href":"https:\/\/taizypackaging.com\/vi\/wp-json\/wp\/v2\/tags?post=2483"},{"taxonomy":"product-type","embeddable":true,"href":"https:\/\/taizypackaging.com\/vi\/wp-json\/wp\/v2\/product-type?post=2483"}],"curies":[{"name":"wp","href":"https:\/\/api.w.org\/{rel}","templated":true}]}}