{"id":2500,"date":"2021-07-30T09:18:45","date_gmt":"2021-07-30T09:18:45","guid":{"rendered":"https:\/\/taizypackaging.com\/?p=2500"},"modified":"2024-07-16T18:17:34","modified_gmt":"2024-07-16T10:17:34","slug":"horizontal-bag-feeding-machine","status":"publish","type":"product","link":"https:\/\/taizypackaging.com\/vi\/horizontal-bag-feeding-machine\/","title":{"rendered":"M\u00e1y c\u1ea5p li\u1ec7u t\u00fai ngang"},"content":{"rendered":"<div class=\"kk-star-ratings kksr-auto kksr-align-left kksr-valign-top\"     data-payload='{&quot;align&quot;:&quot;left&quot;,&quot;id&quot;:&quot;2500&quot;,&quot;slug&quot;:&quot;default&quot;,&quot;valign&quot;:&quot;top&quot;,&quot;ignore&quot;:&quot;&quot;,&quot;reference&quot;:&quot;auto&quot;,&quot;class&quot;:&quot;&quot;,&quot;count&quot;:&quot;6&quot;,&quot;legendonly&quot;:&quot;&quot;,&quot;readonly&quot;:&quot;&quot;,&quot;score&quot;:&quot;4.6&quot;,&quot;starsonly&quot;:&quot;&quot;,&quot;best&quot;:&quot;5&quot;,&quot;gap&quot;:&quot;5&quot;,&quot;greet&quot;:&quot;Rate this product&quot;,&quot;legend&quot;:&quot;4.6\\\/5 - (6 b\u00ecnh ch\u1ecdn)&quot;,&quot;size&quot;:&quot;24&quot;,&quot;title&quot;:&quot;Horizontal Bag Feeding Machine&quot;,&quot;width&quot;:&quot;130.9&quot;,&quot;_legend&quot;:&quot;{score}\\\/{best} - ({count} {votes})&quot;,&quot;font_factor&quot;:&quot;1.25&quot;}'>              <div class=\"kksr-stars\">      <div class=\"kksr-stars-inactive\">             <div class=\"kksr-star\" data-star=\"1\" style=\"padding-right: 5px\">               <div class=\"kksr-icon\" style=\"width: 24px; height: 24px;\"><\/div>         <\/div>             <div class=\"kksr-star\" data-star=\"2\" style=\"padding-right: 5px\">               <div class=\"kksr-icon\" style=\"width: 24px; height: 24px;\"><\/div>         <\/div>             <div class=\"kksr-star\" data-star=\"3\" style=\"padding-right: 5px\">               <div class=\"kksr-icon\" style=\"width: 24px; height: 24px;\"><\/div>         <\/div>             <div class=\"kksr-star\" data-star=\"4\" style=\"padding-right: 5px\">               <div class=\"kksr-icon\" style=\"width: 24px; height: 24px;\"><\/div>         <\/div>             <div class=\"kksr-star\" data-star=\"5\" style=\"padding-right: 5px\">               <div class=\"kksr-icon\" style=\"width: 24px; height: 24px;\"><\/div>         <\/div>     <\/div>      <div class=\"kksr-stars-active\" style=\"width: 130.9px;\">             <div class=\"kksr-star\" style=\"padding-right: 5px\">               <div class=\"kksr-icon\" style=\"width: 24px; height: 24px;\"><\/div>         <\/div>             <div class=\"kksr-star\" style=\"padding-right: 5px\">               <div class=\"kksr-icon\" style=\"width: 24px; height: 24px;\"><\/div>         <\/div>             <div class=\"kksr-star\" style=\"padding-right: 5px\">               <div class=\"kksr-icon\" style=\"width: 24px; height: 24px;\"><\/div>         <\/div>             <div class=\"kksr-star\" style=\"padding-right: 5px\">               <div class=\"kksr-icon\" style=\"width: 24px; height: 24px;\"><\/div>         <\/div>             <div class=\"kksr-star\" style=\"padding-right: 5px\">               <div class=\"kksr-icon\" style=\"width: 24px; height: 24px;\"><\/div>         <\/div>     <\/div> <\/div>                   <div class=\"kksr-legend\" style=\"font-size: 19.2px;\">             4.6\/5 - (6 l\u01b0\u1ee3t b\u00ecnh ch\u1ecdn)    <\/div>     <\/div>  <p class=\"translation-block\"><strong>M\u00e1y c\u1ea5p t\u00fai ngang<\/strong> l\u00e0 m\u1ed9t lo\u1ea1i m\u00e1y \u0111\u00f3ng g\u00f3i t\u00fai l\u00e0m s\u1eb5n. M\u00e1y n\u00e0y c\u00f3 ph\u1ea1m vi \u1ee9ng d\u1ee5ng r\u1ea5t r\u1ed9ng. \u0110\u01b0\u1ee3c trang b\u1ecb h\u1ec7 th\u1ed1ng c\u1ea5p li\u1ec7u kh\u00e1c nhau, m\u00e1y \u0111\u00f3ng g\u00f3i t\u00fai ngang c\u00f3 th\u1ec3 \u0111\u00f3ng g\u00f3i c\u00e1c s\u1ea3n ph\u1ea9m d\u1ea1ng h\u1ea1t, b\u1ed9t v\u00e0 d\u1ea1ng l\u1ecfng. Ngo\u00e0i ra, m\u00e1y n\u00e0y c\u00f3 th\u1ec3 ph\u00f9 h\u1ee3p ho\u00e0n h\u1ea3o v\u1edbi nhi\u1ec1u ki\u1ec3u t\u00fai kh\u00e1c nhau nh\u01b0 t\u00fai \u0111\u1ee9ng, t\u00fai g\u1ed1i, t\u00fai zip, t\u00fai ph\u1eb3ng h\u00e0n ba c\u1ea1nh, t\u00fai c\u00f3 n\u1ebfp g\u1ea5p hai b\u00ean, t\u00fai \u0111\u1ee9ng c\u00f3 v\u00f2i, v.v. Taizy Packaging Machinery cung c\u1ea5p c\u00e1c m\u00e1y \u0111\u00f3ng g\u00f3i t\u00fai l\u00e0m s\u1eb5n ti\u00eau chu\u1ea9n v\u00e0 t\u00f9y ch\u1ec9nh xu\u1ea5t s\u1eafc \u0111\u1ec3 b\u00e1n. G\u1eedi email ho\u1eb7c g\u1ecdi cho ch\u00fang t\u00f4i \u0111\u1ec3 bi\u1ebft <strong>gi\u00e1 m\u00e1y c\u1ea5p t\u00fai l\u00e0m s\u1eb5n<\/strong> mi\u1ec5n ph\u00ed. <\/p>    <h2 class=\"wp-block-heading\" id=\"horizontal-bag-feeding-machine-working-video\">Video ho\u1ea1t \u0111\u1ed9ng c\u1ee7a m\u00e1y c\u1ea5p li\u1ec7u t\u00fai ngang <\/h2>   <figure class=\"wp-block-embed-youtube wp-block-embed is-type-video is-provider-youtube wp-embed-aspect-16-9 wp-has-aspect-ratio\"><div class=\"lyte-wrapper fourthree\" title=\"M\u00e1y \u0111\u00f3ng g\u00f3i t\u00fai l\u00e0m s\u1eb5n | M\u00e1y \u0111\u00f3ng g\u00f3i v\u00e0 ni\u00eam phong lo\u1ea1i ngang\" style=\"width:960px;max-width:100%;margin:5px auto;\"><div class=\"lyMe hidef\" id=\"WYL_xZWUfPAGP1w\" itemprop=\"video\" itemscope itemtype=\"https:\/\/schema.org\/VideoObject\"><div><meta itemprop=\"thumbnailUrl\" content=\"https:\/\/taizypackaging.com\/wp-content\/plugins\/wp-youtube-lyte\/lyteCache.php?origThumbUrl=https%3A%2F%2Fi.ytimg.com%2Fvi%2FxZWUfPAGP1w%2Fmaxresdefault.jpg\" \/><meta itemprop=\"embedURL\" content=\"https:\/\/www.youtube.com\/embed\/xZWUfPAGP1w\" \/><meta itemprop=\"duration\" content=\"PT4M18S\" \/><meta itemprop=\"uploadDate\" content=\"2021-07-30T03:41:54Z\" \/><\/div><meta itemprop=\"accessibilityFeature\" content=\"captions\" \/><div id=\"lyte_xZWUfPAGP1w\" data-src=\"https:\/\/taizypackaging.com\/wp-content\/plugins\/wp-youtube-lyte\/lyteCache.php?origThumbUrl=https%3A%2F%2Fi.ytimg.com%2Fvi%2FxZWUfPAGP1w%2Fmaxresdefault.jpg\" class=\"pL\"><div class=\"tC\"><div class=\"tT\" itemprop=\"name\">M\u00e1y \u0111\u00f3ng g\u00f3i t\u00fai l\u00e0m s\u1eb5n | M\u00e1y \u0111\u00f3ng g\u00f3i v\u00e0 ni\u00eam phong lo\u1ea1i ngang<\/div><\/div><div class=\"play\"><\/div><div class=\"ctrl\"><div class=\"Lctrl\"><\/div><div class=\"Rctrl\"><\/div><\/div><\/div><noscript><a href=\"https:\/\/youtu.be\/xZWUfPAGP1w\" rel=\"nofollow noopener\" target=\"_blank\"><img loading=\"lazy\" decoding=\"async\" src=\"https:\/\/taizypackaging.com\/wp-content\/plugins\/wp-youtube-lyte\/lyteCache.php?origThumbUrl=https%3A%2F%2Fi.ytimg.com%2Fvi%2FxZWUfPAGP1w%2F0.jpg\" alt=\"M\u00e1y \u0111\u00f3ng g\u00f3i t\u00fai l\u00e0m s\u1eb5n | M\u00e1y \u0111\u00f3ng g\u00f3i v\u00e0 ni\u00eam phong lo\u1ea1i ngang\" width=\"960\" height=\"700\" \/><br \/>Xem video n\u00e0y tr\u00ean YouTube<\/a><\/noscript><meta itemprop=\"description\" content=\"#premadepouch #fillsealmachine #doypackmachine WhatsApp\/Wechat\/Tel: +86 19139754781 Email: info@taizypackaging.com Useful link: https:\/\/taizypackaging.com\/horizontal-bag-feeding-machine\/ -------------------------------------------------------------------- A horizontal bag feeding machine is very versatile, it can package both powder, liquid, granule, and paste. Also, the types of bags can be various, such as stand-up pouches, zipper bags, four-side-seal bags, three-side-seal bags, paper bags, etc. This premade pouch feeding machine has multi-function by changing feeding systems. This machine can be divided into horizontal bag feeding machine for granules, horizontal bag feeding machine for powders, horizontal bag feeding machine for liquids. Performance features of horizontal bag feeding machine 1. PLC intelligent control system, support multi-language, parameter setting, machine control are particularly convenient. 2. The equipment meets the sanitary standards of food processing machinery, and the parts of the equipment in contact with materials are processed with 304 stainless steel or other materials that meet the requirements of food hygiene. Besides, it is designed in line with GMP standards. 3. The machine is equipped with an electric eye detection device: First of all, it will detect whether the bag is open or not, if the bag is not open, it will transport the bag directly to the end without any operation, and after that, there is a corresponding detection when feeding and sealing, which ensures the stable proceeding of the packaging process and saves the cost of the bag to avoid waste. -------------------------------------------------------------------- WhatsApp\/Wechat\/Tel: +86 19139754781 Email: info@taizypackaging.com Useful link: https:\/\/taizypackaging.com\/horizontal-bag-feeding-machine\/\"><\/div><\/div><div class=\"lL\" style=\"max-width:100%;width:960px;margin:5px auto;\"><\/div><figcaption>Video ho\u1ea1t \u0111\u1ed9ng c\u1ee7a m\u00e1y c\u1ea5p li\u1ec7u t\u00fai ngang<\/figcaption><\/figure>   <h2 class=\"wp-block-heading\" id=\"h-design-features-of-horizontal-bag-feeing-machine\">T\u00ednh n\u0103ng ho\u1ea1t \u0111\u1ed9ng c\u1ee7a m\u00e1y c\u1ea5p li\u1ec7u t\u00fai ngang<\/h2>    <ul class=\"wp-block-list\"> <li>H\u1ec7 th\u1ed1ng \u0111i\u1ec1u khi\u1ec3n th\u00f4ng minh PLC, h\u1ed7 tr\u1ee3 \u0111a ng\u00f4n ng\u1eef, c\u00e0i \u0111\u1eb7t th\u00f4ng s\u1ed1, \u0111i\u1ec1u khi\u1ec3n m\u00e1y \u0111\u1eb7c bi\u1ec7t ti\u1ec7n l\u1ee3i.<\/li>    <li>Thi\u1ebft b\u1ecb \u0111\u00e1p \u1ee9ng ti\u00eau chu\u1ea9n v\u1ec7 sinh c\u1ee7a m\u00e1y m\u00f3c ch\u1ebf bi\u1ebfn th\u1ef1c ph\u1ea9m, c\u00e1c b\u1ed9 ph\u1eadn c\u1ee7a thi\u1ebft b\u1ecb ti\u1ebfp x\u00fac v\u1edbi nguy\u00ean li\u1ec7u \u0111\u1ec1u \u0111\u01b0\u1ee3c gia c\u00f4ng b\u1eb1ng inox 304 ho\u1eb7c c\u00e1c v\u1eadt li\u1ec7u kh\u00e1c \u0111\u00e1p \u1ee9ng y\u00eau c\u1ea7u v\u1ec7 sinh th\u1ef1c ph\u1ea9m. B\u00ean c\u1ea1nh \u0111\u00f3, n\u00f3 \u0111\u01b0\u1ee3c thi\u1ebft k\u1ebf ph\u00f9 h\u1ee3p v\u1edbi ti\u00eau chu\u1ea9n GMP.<\/li>    <li>M\u00e1y \u0111\u01b0\u1ee3c trang b\u1ecb thi\u1ebft b\u1ecb ph\u00e1t hi\u1ec7n m\u1eaft \u0111i\u1ec7n: Tr\u01b0\u1edbc h\u1ebft, n\u00f3 s\u1ebd ph\u00e1t hi\u1ec7n t\u00fai \u0111\u00e3 m\u1edf hay ch\u01b0a, n\u1ebfu t\u00fai ch\u01b0a m\u1edf s\u1ebd v\u1eadn chuy\u1ec3n t\u00fai tr\u1ef1c ti\u1ebfp \u0111\u1ebfn cu\u1ed1i m\u00e0 kh\u00f4ng c\u1ea7n thao t\u00e1c g\u00ec, sau \u0111\u00f3, c\u00f3 s\u1ef1 ph\u00e1t hi\u1ec7n t\u01b0\u01a1ng \u1ee9ng khi cho \u0103n v\u00e0 ni\u00eam phong, \u0111i\u1ec1u n\u00e0y \u0111\u1ea3m b\u1ea3o qu\u00e1 tr\u00ecnh \u0111\u00f3ng g\u00f3i \u0111\u01b0\u1ee3c ti\u1ebfn h\u00e0nh \u1ed5n \u0111\u1ecbnh v\u00e0 ti\u1ebft ki\u1ec7m chi ph\u00ed cho t\u00fai \u0111\u1ec3 tr\u00e1nh l\u00e3ng ph\u00ed.<\/li>    <li>T\u1ea5m k\u00e9o d\u00e0i \u1edf ni\u00eam phong c\u0169ng \u0111\u01b0\u1ee3c l\u00e0m b\u1eb1ng th\u00e9p kh\u00f4ng g\u1ec9, kh\u00f4ng ch\u1ec9 \u0111\u1eb9p v\u1ec1 t\u1ed5ng th\u1ec3 m\u00e0 c\u00f2n c\u00f3 vai tr\u00f2 \u0111\u1ec7m c\u00e1c m\u1eb7t h\u00e0ng \u0111\u01b0\u1ee3c \u0111\u00f3ng g\u00f3i \u1edf m\u1ed9t m\u1ee9c \u0111\u1ed9 nh\u1ea5t \u0111\u1ecbnh.<\/li>    <li>H\u1ec7 th\u1ed1ng b\u00e1o \u0111\u1ed9ng th\u00f4ng minh, khi n\u01a1i h\u00e0n t\u00fai nilon b\u1ecb n\u00f3ng ch\u1ea3y do nhi\u1ec7t \u0111\u1ed9 cao, d\u00ednh v\u00e0o kh\u1ed1i \u0111\u1ed3ng khi m\u00e1y s\u1ebd t\u1ef1 \u0111\u1ed9ng b\u00e1o \u0111\u1ed9ng v\u00e0 ng\u1eebng ho\u1ea1t \u0111\u1ed9ng k\u1ecbp th\u1eddi.<\/li> <\/ul>    <figure class=\"wp-block-image size-full\"><img loading=\"lazy\" decoding=\"async\" width=\"720\" height=\"540\" src=\"https:\/\/taizypackaging.com\/wp-content\/uploads\/2021\/07\/horizontal-bag-feeding-machine.jpg\" alt=\"m\u00e1y cho \u0103n t\u00fai ngang\" class=\"wp-image-3859\" srcset=\"https:\/\/taizypackaging.com\/wp-content\/uploads\/2021\/07\/horizontal-bag-feeding-machine.jpg 720w, https:\/\/taizypackaging.com\/wp-content\/uploads\/2021\/07\/horizontal-bag-feeding-machine-300x225.jpg 300w\" sizes=\"auto, (max-width: 720px) 100vw, 720px\" \/><figcaption class=\"wp-element-caption\">m\u00e1y cho \u0103n t\u00fai ngang<\/figcaption><\/figure>    <h2 class=\"wp-block-heading\" id=\"h-machine-parameters\">Th\u00f4ng s\u1ed1 m\u00e1y c\u1ea5p li\u1ec7u t\u00fai ngang<\/h2>    <figure class=\"wp-block-table is-style-stripes\"><table><tbody><tr><td>Quy\u1ec1n l\u1ef1c<\/td><td>380V\/2.5KW<\/td><\/tr><tr><td>T\u1ed1c \u0111\u1ed9 \u0111\u00f3ng g\u00f3i<\/td><td>20-50 t\u00fai\/ph\u00fat<\/td><\/tr><tr><td>K\u00edch th\u01b0\u1edbc<\/td><td>100-210mm\/110-320mm(L*W)<\/td><\/tr><tr><td>C\u00e2n n\u1eb7ng<\/td><td>600kg<\/td><\/tr><tr><td>\u0110o ph\u1ea1m vi<\/td><td>20g-1000g<\/td><\/tr><tr><td>Ti\u00eau th\u1ee5 kh\u00f4ng kh\u00ed<\/td><td>0,7m\u00b3 \/ ph\u00fat<\/td><\/tr><\/tbody><\/table><\/figure>    <h2 class=\"wp-block-heading\" id=\"h-classification-of-bag-feeding-packing-machine\">Ph\u00e2n lo\u1ea1i m\u00e1y \u0111\u00f3ng g\u00f3i th\u1ee9c \u0103n d\u1ea1ng t\u00fai l\u00e0m s\u1eb5n<\/h2>    <p>M\u00e1y c\u1ea5p li\u1ec7u d\u1ea1ng t\u00fai l\u00e0m s\u1eb5n n\u00e0y c\u00f3 nhi\u1ec1u ch\u1ee9c n\u0103ng b\u1eb1ng c\u00e1ch thay \u0111\u1ed5i h\u1ec7 th\u1ed1ng c\u1ea5p li\u1ec7u. M\u00e1y n\u00e0y c\u00f3 th\u1ec3 \u0111\u01b0\u1ee3c chia th\u00e0nh m\u00e1y c\u1ea5p li\u1ec7u t\u00fai ngang cho h\u1ea1t, m\u00e1y c\u1ea5p li\u1ec7u t\u00fai ngang cho b\u1ed9t, m\u00e1y c\u1ea5p li\u1ec7u t\u00fai ngang cho ch\u1ea5t l\u1ecfng. <\/p>    <div class=\"wp-block-columns is-layout-flex wp-container-core-columns-is-layout-9d6595d7 wp-block-columns-is-layout-flex\"> <div class=\"wp-block-column is-layout-flow wp-block-column-is-layout-flow\"> <figure class=\"wp-block-image size-full\"><img decoding=\"async\" src=\"https:\/\/taizypackaging.com\/wp-content\/uploads\/2021\/07\/horizontal-bag-feeding-machine-for-powder.jpg\" alt=\"m\u00e1y cho \u0103n t\u00fai ngang \u0111\u1ef1ng b\u1ed9t\" class=\"wp-image-3862\"\/><figcaption class=\"wp-element-caption\">m\u00e1y cho \u0103n t\u00fai ngang \u0111\u1ef1ng b\u1ed9t<\/figcaption><\/figure> <\/div>    <div class=\"wp-block-column is-layout-flow wp-block-column-is-layout-flow\"> <figure class=\"wp-block-image size-full\"><img loading=\"lazy\" decoding=\"async\" width=\"720\" height=\"540\" src=\"https:\/\/taizypackaging.com\/wp-content\/uploads\/2021\/07\/horizontal-bag-feeding-machine-for-liquids.jpg\" alt=\"m\u00e1y c\u1ea5p li\u1ec7u t\u00fai ngang \u0111\u1ef1ng ch\u1ea5t l\u1ecfng\" class=\"wp-image-3863\" srcset=\"https:\/\/taizypackaging.com\/wp-content\/uploads\/2021\/07\/horizontal-bag-feeding-machine-for-liquids.jpg 720w, https:\/\/taizypackaging.com\/wp-content\/uploads\/2021\/07\/horizontal-bag-feeding-machine-for-liquids-300x225.jpg 300w\" sizes=\"auto, (max-width: 720px) 100vw, 720px\" \/><figcaption class=\"wp-element-caption\">m\u00e1y c\u1ea5p li\u1ec7u t\u00fai ngang \u0111\u1ef1ng ch\u1ea5t l\u1ecfng<\/figcaption><\/figure> <\/div> <\/div>    <div class=\"wp-block-columns is-layout-flex wp-container-core-columns-is-layout-9d6595d7 wp-block-columns-is-layout-flex\"> <div class=\"wp-block-column is-layout-flow wp-block-column-is-layout-flow\"> <figure class=\"wp-block-image size-full\"><img decoding=\"async\" src=\"https:\/\/taizypackaging.com\/wp-content\/uploads\/2021\/07\/powder-packaging-bag-style.jpg\" alt=\"ki\u1ec3u t\u00fai bao b\u00ec b\u1ed9t\" class=\"wp-image-3864\"\/><figcaption class=\"wp-element-caption\">ki\u1ec3u t\u00fai bao b\u00ec b\u1ed9t<\/figcaption><\/figure> <\/div>    <div class=\"wp-block-column is-layout-flow wp-block-column-is-layout-flow\"> <figure class=\"wp-block-image size-full\"><img decoding=\"async\" src=\"https:\/\/taizypackaging.com\/wp-content\/uploads\/2021\/07\/liquid-packaging-bag-style.jpg\" alt=\"ki\u1ec3u t\u00fai \u0111\u00f3ng g\u00f3i ch\u1ea5t l\u1ecfng\" class=\"wp-image-3865\"\/><figcaption class=\"wp-element-caption\">ki\u1ec3u t\u00fai \u0111\u00f3ng g\u00f3i ch\u1ea5t l\u1ecfng<\/figcaption><\/figure> <\/div> <\/div>    <h2 class=\"wp-block-heading\" id=\"h-construction-of-horizontal-bag-feeding-packaging-machine\">H\u1ec7 th\u1ed1ng c\u1ea5p li\u1ec7u c\u1ee7a m\u00e1y \u0111\u00f3ng g\u00f3i c\u1ea5p li\u1ec7u t\u00fai ngang<\/h2>    <p>H\u1ec7 th\u1ed1ng c\u1ea5p li\u1ec7u ph\u1ee5 thu\u1ed9c v\u00e0o lo\u1ea1i nguy\u00ean li\u1ec7u th\u00f4 c\u1ee5 th\u1ec3 c\u1ea7n \u0111\u00f3ng g\u00f3i: thi\u1ebft b\u1ecb c\u1ea5p li\u1ec7u d\u1ea1ng v\u00edt (c\u00f3 th\u1ec3 \u0111\u01b0\u1ee3c trang b\u1ecb b\u00e0n ch\u1ea3i v\u00e0 c\u00e1c thi\u1ebft b\u1ecb lo\u1ea1i b\u1ecf b\u1ee5i kh\u00e1c) th\u01b0\u1eddng \u0111\u01b0\u1ee3c s\u1eed d\u1ee5ng \u0111\u1ec3 \u0111\u00f3ng g\u00f3i d\u1ea1ng b\u1ed9t; c\u00e1c h\u1ea1t nh\u1ecf, sau \u0111\u00f3 th\u01b0\u1eddng ch\u1ecdn cho \u0103n b\u1eb1ng b\u00e0n xoay; c\u00e2n b\u1ed1n \u0111\u1ea7u v\u00e0 thi\u1ebft b\u1ecb c\u1ea5p li\u1ec7u c\u00e2n k\u1ebft h\u1ee3p \u0111i\u1ec7n t\u1eed kh\u00e1c ch\u1ee7 y\u1ebfu \u0111\u01b0\u1ee3c s\u1eed d\u1ee5ng \u0111\u1ec3 \u0111\u00f3ng g\u00f3i c\u00e1c h\u1ea1t d\u1ea1ng c\u1ee5c, ch\u1eb3ng h\u1ea1n nh\u01b0 b\u00e1nh quy, v.v.; l\u1ecfng ho\u1eb7c d\u00e1n b\u1eb1ng c\u00e1ch s\u1eed d\u1ee5ng m\u00e1y b\u01a1m ch\u1ea5t l\u1ecfng ho\u1eb7c m\u00e1y b\u01a1m d\u00e1n. H\u1ec7 th\u1ed1ng x\u1ea3 \u0111\u01b0\u1ee3c l\u00e0m b\u1eb1ng th\u00e9p kh\u00f4ng g\u1ec9, ph\u00f9 h\u1ee3p v\u1edbi nhi\u1ec1u lo\u1ea1i v\u1eadt li\u1ec7u, cao c\u1ea5p v\u00e0 \u1ed5n \u0111\u1ecbnh, ch\u1eafc ch\u1eafn v\u00e0 b\u1ec1n b\u1ec9.<\/p>    <p>H\u1ec7 th\u1ed1ng c\u1ea5p t\u00fai bao g\u1ed3m l\u1ea5y t\u00fai, gi\u1eef t\u00fai, \u0111\u1ed5 \u0111\u1ea7y v\u00e0 ni\u00eam phong. Nh\u00e2n ti\u1ec7n, h\u1ec7 th\u1ed1ng c\u1ea5p t\u00fai c\u00f3 th\u1ec3 \u0111\u01b0\u1ee3c t\u00f9y ch\u1ec9nh theo y\u00eau c\u1ea7u c\u1ee7a kh\u00e1ch h\u00e0ng n\u1ebfu g\u1eb7p chip v\u00e0 c\u00e1c h\u1ed9p kh\u00e1c kh\u00f4ng d\u1ec5 \u0111\u1ed5 \u0111\u1ea7y, b\u1ed5 sung th\u00eam thi\u1ebft b\u1ecb rung th\u1ea5p h\u01a1n v\u00e0 thi\u1ebft b\u1ecb \u0111\u00e2m. N\u1ebfu l\u00e0 t\u00fai c\u00f3 kh\u00f3a k\u00e9o c\u1ea7n c\u00f3 th\u00eam thi\u1ebft b\u1ecb m\u1edf kh\u00f3a k\u00e9o.<\/p>    <p class=\"translation-block\">M\u00e1y c\u1ea7n s\u1eed d\u1ee5ng c\u00f9ng v\u1edbi m\u00e1y n\u00e9n kh\u00ed. \u0110i\u1ec1u n\u00e0y t\u01b0\u01a1ng t\u1ef1 nh\u01b0 <a href=\"https:\/\/taizypackaging.com\/vi\/machines-category\/vpm\/\" target=\"_blank\" rel=\"noreferrer noopener\">m\u00e1y h\u00e0n h\u00fat ch\u00e2n kh\u00f4ng<\/a>. Chi\u1ec1u r\u1ed9ng t\u00fai d\u01b0\u1edbi 20cm, b\u1ea1n c\u00f3 th\u1ec3 th\u00eam m\u00e1y in date, ch\u1eb3ng h\u1ea1n nh\u01b0 m\u00e1y in date ruy b\u0103ng. Thi\u1ebft b\u1ecb h\u00e0n s\u1eed d\u1ee5ng c\u00f4ng ngh\u1ec7 h\u00e0n nhi\u1ec7t ti\u00ean ti\u1ebfn, v\u1edbi kh\u1ea3 n\u0103ng ki\u1ec3m so\u00e1t nhi\u1ec7t \u0111\u1ed9 d\u1ec5 d\u00e0ng, cho c\u00e1c lo\u1ea1i v\u1eadt li\u1ec7u m\u00e0ng \u0111\u00f3ng g\u00f3i, \u0111\u1ed9 d\u00e0y v\u00e0 kh\u1ea3 n\u0103ng th\u00edch \u1ee9ng kh\u00e1c nhau.<\/p>    <h2 class=\"wp-block-heading\" id=\"faqs-about-taizy-horizontal-pouch-feeding-machine\">Nh\u1eefng c\u00e2u h\u1ecfi th\u01b0\u1eddng g\u1eb7p v\u1ec1 m\u00e1y c\u1ea5p li\u1ec7u t\u00fai ngang Taizy<\/h2>    <p>1. Th\u00f4ng s\u1ed1 c\u1ee7a m\u00e1y l\u00e0 g\u00ec?<\/p>    <p class=\"translation-block\">Do c\u1ea5u tr\u00fac v\u00e0 th\u00f4ng s\u1ed1 k\u1ef9 thu\u1eadt c\u1ee5 th\u1ec3 c\u1ee7a m\u00e1y t\u1eeb <a href=\"https:\/\/taizypackaging.com\/vi\/\" target=\"_blank\" rel=\"noreferrer noopener\">Taizy Company<\/a> d\u1ef1a tr\u00ean nguy\u00ean li\u1ec7u th\u00f4 v\u00e0 t\u00fai c\u1ea7n \u0111\u00f3ng g\u00f3i c\u1ee7a kh\u00e1ch h\u00e0ng, n\u00ean k\u00edch th\u01b0\u1edbc c\u1ee5 th\u1ec3 y\u00eau c\u1ea7u t\u00f9y ch\u1ec9nh sau khi ch\u00fang t\u00f4i li\u00ean l\u1ea1c v\u1edbi kh\u00e1ch h\u00e0ng, n\u1ebfu b\u1ea1n mu\u1ed1n t\u00ecm hi\u1ec3u t\u00ecnh h\u00ecnh c\u1ee5 th\u1ec3 c\u00f3 th\u1ec3 li\u00ean h\u1ec7 tr\u1ef1c ti\u1ebfp v\u1edbi ch\u00fang t\u00f4i.<\/p>    <p>2. M\u00e1y n\u00e0y c\u00f3 ho\u00e0n to\u00e0n t\u1ef1 \u0111\u1ed9ng kh\u00f4ng?<\/p>    <p>C\u00f3, c\u00f4ng nh\u00e2n ch\u1ec9 c\u1ea7n chu\u1ea9n b\u1ecb tr\u01b0\u1edbc c\u00e1c bao v\u00e0 \u0111\u1eb7t v\u00e0o v\u1ecb tr\u00ed quy \u0111\u1ecbnh, c\u00e0i \u0111\u1eb7t c\u00e1c th\u00f4ng s\u1ed1 c\u1ed1 \u0111\u1ecbnh tr\u00ean b\u1ea3ng \u0111i\u1ec1u khi\u1ec3n, m\u00e1y s\u1ebd t\u1ef1 \u0111\u1ed9ng g\u1eafp c\u00e1c bao \u0111\u1ec3 \u0111\u00f3ng g\u00f3i, c\u00e1c bao s\u1ebd \u0111\u01b0\u1ee3c d\u1eabn xu\u1ed1ng \u0111\u1ea5t c\u00f9ng v\u1edbi b\u1ea3ng k\u00e9o sau khi \u0111\u00f3ng g\u00f3i ho\u00e0n t\u1ea5t v\u00e0 to\u00e0n b\u1ed9 qu\u00e1 tr\u00ecnh kh\u00f4ng y\u00eau c\u1ea7u thao t\u00e1c th\u1ee7 c\u00f4ng.<\/p>    <p>3. M\u00e1y n\u00e0y c\u00f3 \u0111\u01b0\u1ee3c trang b\u1ecb m\u00e1y m\u00e3 h\u00f3a kh\u00f4ng?<\/p>    <p>M\u00e1y m\u00e3 h\u00f3a c\u00f3 th\u1ec3 \u0111\u01b0\u1ee3c c\u1ea5u h\u00ecnh theo nhu c\u1ea7u c\u1ee7a kh\u00e1ch h\u00e0ng, c\u00f4ng ty ch\u00fang t\u00f4i s\u1eed d\u1ee5ng b\u1ed9 m\u00e3 h\u00f3a ribbon. N\u00f3 s\u1eed d\u1ee5ng ruy b\u0103ng in nhi\u1ec7t thay v\u00ec in m\u1ef1c, th\u1ef1c hi\u1ec7n t\u1ea3i v\u00e0 d\u1ee1 t\u1eeb tr\u1ef1c ti\u1ebfp \u0111\u1eb7c bi\u1ec7t cho c\u1ea5u tr\u00fac t\u1eeb v\u00e0 c\u00f3 th\u1ec3 \u1edf trong b\u1ea5t k\u1ef3 v\u1eadt li\u1ec7u \u0111\u00f3ng g\u00f3i n\u00e0o tr\u00ean m\u00e3. H\u00ecnh in r\u00f5 r\u00e0ng, kh\u00f4ng d\u1ec5 x\u00f3a; h\u1ee3p v\u1ec7 sinh v\u00e0 s\u1ea1ch s\u1ebd, kh\u00f4ng g\u00e2y \u00f4 nhi\u1ec5m m\u1ef1c, l\u00e0 m\u1ed9t ph\u01b0\u01a1ng ph\u00e1p m\u00e3 h\u00f3a ti\u1ebft ki\u1ec7m v\u00e0 h\u1ee3p v\u1ec7 sinh.<\/p>    <p>4. Gi\u00e1 m\u00e1y c\u1ea5p li\u1ec7u t\u00fai ngang bao nhi\u00eau?<\/p>    <p>V\u00ec m\u00e1y c\u1ee7a ch\u00fang t\u00f4i \u0111\u01b0\u1ee3c t\u00f9y ch\u1ec9nh theo nhu c\u1ea7u c\u1ee7a kh\u00e1ch h\u00e0ng n\u00ean vui l\u00f2ng li\u00ean h\u1ec7 tr\u1ef1c ti\u1ebfp v\u1edbi ch\u00fang t\u00f4i \u0111\u1ec3 bi\u1ebft gi\u00e1 c\u1ee5 th\u1ec3.<\/p>","protected":false},"excerpt":{"rendered":"<p>Horizontal bag feeding machine is a type of premade bag filling packaging machine. This machine has a very wide range of applications. Equipped with a different feeding system, the horizontal bag filling machine can package particles, powders, and liquid products. Besides, this machine can perfectly suit various bag styles like stand-up bags, pillow bags, zip [&hellip;]<\/p>\n","protected":false},"author":1,"featured_media":2513,"parent":0,"template":"","tags":[549,550,597],"product-type":[665],"class_list":["post-2500","product","type-product","status-publish","has-post-thumbnail","hentry","tag-bag-feeding-machine","tag-horizontal-bag-feeding-machine","tag-premade-bag-filling-machine","product-type-premade-pouch-packing-machine"],"_links":{"self":[{"href":"https:\/\/taizypackaging.com\/vi\/wp-json\/wp\/v2\/product\/2500","targetHints":{"allow":["GET"]}}],"collection":[{"href":"https:\/\/taizypackaging.com\/vi\/wp-json\/wp\/v2\/product"}],"about":[{"href":"https:\/\/taizypackaging.com\/vi\/wp-json\/wp\/v2\/types\/product"}],"author":[{"embeddable":true,"href":"https:\/\/taizypackaging.com\/vi\/wp-json\/wp\/v2\/users\/1"}],"wp:featuredmedia":[{"embeddable":true,"href":"https:\/\/taizypackaging.com\/vi\/wp-json\/wp\/v2\/media\/2513"}],"wp:attachment":[{"href":"https:\/\/taizypackaging.com\/vi\/wp-json\/wp\/v2\/media?parent=2500"}],"wp:term":[{"taxonomy":"post_tag","embeddable":true,"href":"https:\/\/taizypackaging.com\/vi\/wp-json\/wp\/v2\/tags?post=2500"},{"taxonomy":"product-type","embeddable":true,"href":"https:\/\/taizypackaging.com\/vi\/wp-json\/wp\/v2\/product-type?post=2500"}],"curies":[{"name":"wp","href":"https:\/\/api.w.org\/{rel}","templated":true}]}}