{"id":2528,"date":"2021-08-04T08:03:21","date_gmt":"2021-08-04T08:03:21","guid":{"rendered":"https:\/\/taizypackaging.com\/?p=2528"},"modified":"2024-07-16T16:49:31","modified_gmt":"2024-07-16T08:49:31","slug":"reciprocating-servo-packing-machine","status":"publish","type":"product","link":"https:\/\/taizypackaging.com\/vi\/reciprocating-servo-packing-machine\/","title":{"rendered":"M\u00e1y \u0111\u00f3ng g\u00f3i servo chuy\u1ec3n \u0111\u1ed9ng qua l\u1ea1i"},"content":{"rendered":"<div class=\"kk-star-ratings kksr-auto kksr-align-left kksr-valign-top\"     data-payload='{&quot;align&quot;:&quot;left&quot;,&quot;id&quot;:&quot;2528&quot;,&quot;slug&quot;:&quot;default&quot;,&quot;valign&quot;:&quot;top&quot;,&quot;ignore&quot;:&quot;&quot;,&quot;reference&quot;:&quot;auto&quot;,&quot;class&quot;:&quot;&quot;,&quot;count&quot;:&quot;19&quot;,&quot;legendonly&quot;:&quot;&quot;,&quot;readonly&quot;:&quot;&quot;,&quot;score&quot;:&quot;4.6&quot;,&quot;starsonly&quot;:&quot;&quot;,&quot;best&quot;:&quot;5&quot;,&quot;gap&quot;:&quot;5&quot;,&quot;greet&quot;:&quot;Rate this product&quot;,&quot;legend&quot;:&quot;4.6\\\/5 - (19 b\u00ecnh ch\u1ecdn)&quot;,&quot;size&quot;:&quot;24&quot;,&quot;title&quot;:&quot;Reciprocating Servo Packing Machine&quot;,&quot;width&quot;:&quot;130.9&quot;,&quot;_legend&quot;:&quot;{score}\\\/{best} - ({count} {votes})&quot;,&quot;font_factor&quot;:&quot;1.25&quot;}'>              <div class=\"kksr-stars\">      <div class=\"kksr-stars-inactive\">             <div class=\"kksr-star\" data-star=\"1\" style=\"padding-right: 5px\">               <div class=\"kksr-icon\" style=\"width: 24px; height: 24px;\"><\/div>         <\/div>             <div class=\"kksr-star\" data-star=\"2\" style=\"padding-right: 5px\">               <div class=\"kksr-icon\" style=\"width: 24px; height: 24px;\"><\/div>         <\/div>             <div class=\"kksr-star\" data-star=\"3\" style=\"padding-right: 5px\">               <div class=\"kksr-icon\" style=\"width: 24px; height: 24px;\"><\/div>         <\/div>             <div class=\"kksr-star\" data-star=\"4\" style=\"padding-right: 5px\">               <div class=\"kksr-icon\" style=\"width: 24px; height: 24px;\"><\/div>         <\/div>             <div class=\"kksr-star\" data-star=\"5\" style=\"padding-right: 5px\">               <div class=\"kksr-icon\" style=\"width: 24px; height: 24px;\"><\/div>         <\/div>     <\/div>      <div class=\"kksr-stars-active\" style=\"width: 130.9px;\">             <div class=\"kksr-star\" style=\"padding-right: 5px\">               <div class=\"kksr-icon\" style=\"width: 24px; height: 24px;\"><\/div>         <\/div>             <div class=\"kksr-star\" style=\"padding-right: 5px\">               <div class=\"kksr-icon\" style=\"width: 24px; height: 24px;\"><\/div>         <\/div>             <div class=\"kksr-star\" style=\"padding-right: 5px\">               <div class=\"kksr-icon\" style=\"width: 24px; height: 24px;\"><\/div>         <\/div>             <div class=\"kksr-star\" style=\"padding-right: 5px\">               <div class=\"kksr-icon\" style=\"width: 24px; height: 24px;\"><\/div>         <\/div>             <div class=\"kksr-star\" style=\"padding-right: 5px\">               <div class=\"kksr-icon\" style=\"width: 24px; height: 24px;\"><\/div>         <\/div>     <\/div> <\/div>                   <div class=\"kksr-legend\" style=\"font-size: 19.2px;\">             4.6\/5 - (19 l\u01b0\u1ee3t b\u00ecnh ch\u1ecdn)    <\/div>     <\/div>  <p class=\"translation-block\"><strong>M\u00e1y \u0111\u00f3ng g\u00f3i servo h\u1ed3i chi\u1ec1u<\/strong> l\u00e0 m\u1ed9t lo\u1ea1i m\u00e1y \u0111\u00f3ng g\u00f3i d\u00f2ng ch\u1ea3y ngang. N\u00f3 c\u00f3 thi\u1ebft k\u1ebf m\u1edbi, c\u1ea5u tr\u00fac \u0111\u01a1n gi\u1ea3n v\u00e0 s\u1eed d\u1ee5ng c\u00f4ng ngh\u1ec7 ti\u00ean ti\u1ebfn. B\u00ean c\u1ea1nh \u0111\u00f3, <strong>m\u00e1y \u0111\u00f3ng g\u00f3i g\u1ed1i h\u1ed3i chi\u1ec1u<\/strong> c\u00f3 m\u1ed9t ph\u1ea1m vi \u1ee9ng d\u1ee5ng r\u1ea5t r\u1ed9ng. V\u00ed d\u1ee5, n\u00f3 c\u00f3 th\u1ec3 \u0111\u01b0\u1ee3c \u00e1p d\u1ee5ng \u0111\u1ec3 \u0111\u00f3ng g\u00f3i nhi\u1ec1u lo\u1ea1i th\u1ef1c ph\u1ea9m, rau c\u1ee7, tr\u00e1i c\u00e2y, \u0111\u1ed3 d\u00f9ng h\u00e0ng ng\u00e0y, v.v. Taizy Packaging Machinery \u0111\u00e3 tham gia v\u00e0o thi\u1ebft k\u1ebf v\u00e0 nghi\u00ean c\u1ee9u nhi\u1ec1u lo\u1ea1i m\u00e1y \u0111\u00f3ng g\u00f3i g\u1ed1i. Ng\u00e0y nay, <strong>m\u00e1y \u0111\u00f3ng g\u00f3i d\u00f2ng ch\u1ea3y ngang<\/strong> c\u1ee7a ch\u00fang t\u00f4i \u0111\u00e3 \u0111\u01b0\u1ee3c xu\u1ea5t kh\u1ea9u th\u00e0nh c\u00f4ng \u0111\u1ebfn h\u01a1n 50 qu\u1ed1c gia v\u00e0 khu v\u1ef1c. V\u00e0 ch\u00fang t\u00f4i \u0111\u00e3 gi\u00fap nhi\u1ec1u \u0111\u1ed1i t\u00e1c ph\u00e1t tri\u1ec3n c\u00e1c doanh nghi\u1ec7p nh\u1ecf c\u1ee7a h\u1ecd tr\u00ean to\u00e0n th\u1ebf gi\u1edbi. <\/p>    <h2 class=\"wp-block-heading\" id=\"h-the-working-video-of-reciprocating-pillow-packaging-machine\">Video ho\u1ea1t \u0111\u1ed9ng c\u1ee7a m\u00e1y \u0111\u00f3ng g\u00f3i g\u1ed1i pitt\u00f4ng<\/h2>   <figure class=\"wp-block-embed-youtube wp-block-embed is-type-video is-provider-youtube wp-embed-aspect-16-9 wp-has-aspect-ratio\"><div class=\"lyte-wrapper fourthree\" title=\"M\u00e1y \u0111\u00f3ng g\u00f3i servo pitt\u00f4ng | m\u00e1y \u0111\u00f3ng g\u00f3i g\u1ed1i ngang v\u1edbi \u0111\u1ed9ng c\u01a1 servo\" style=\"width:960px;max-width:100%;margin:5px auto;\"><div class=\"lyMe hidef\" id=\"WYL_Mr0Rt9b9FEk\" itemprop=\"video\" itemscope itemtype=\"https:\/\/schema.org\/VideoObject\"><div><meta itemprop=\"thumbnailUrl\" content=\"https:\/\/taizypackaging.com\/wp-content\/plugins\/wp-youtube-lyte\/lyteCache.php?origThumbUrl=https%3A%2F%2Fi.ytimg.com%2Fvi%2FMr0Rt9b9FEk%2Fmaxresdefault.jpg\" \/><meta itemprop=\"embedURL\" content=\"https:\/\/www.youtube.com\/embed\/Mr0Rt9b9FEk\" \/><meta itemprop=\"duration\" content=\"PT3M\" \/><meta itemprop=\"uploadDate\" content=\"2021-08-03T10:20:47Z\" \/><\/div><meta itemprop=\"accessibilityFeature\" content=\"captions\" \/><div id=\"lyte_Mr0Rt9b9FEk\" data-src=\"https:\/\/taizypackaging.com\/wp-content\/plugins\/wp-youtube-lyte\/lyteCache.php?origThumbUrl=https%3A%2F%2Fi.ytimg.com%2Fvi%2FMr0Rt9b9FEk%2Fmaxresdefault.jpg\" class=\"pL\"><div class=\"tC\"><div class=\"tT\" itemprop=\"name\">M\u00e1y \u0111\u00f3ng g\u00f3i servo pitt\u00f4ng | m\u00e1y \u0111\u00f3ng g\u00f3i g\u1ed1i ngang v\u1edbi \u0111\u1ed9ng c\u01a1 servo<\/div><\/div><div class=\"play\"><\/div><div class=\"ctrl\"><div class=\"Lctrl\"><\/div><div class=\"Rctrl\"><\/div><\/div><\/div><noscript><a href=\"https:\/\/youtu.be\/Mr0Rt9b9FEk\" rel=\"nofollow noopener\" target=\"_blank\"><img loading=\"lazy\" decoding=\"async\" src=\"https:\/\/taizypackaging.com\/wp-content\/plugins\/wp-youtube-lyte\/lyteCache.php?origThumbUrl=https%3A%2F%2Fi.ytimg.com%2Fvi%2FMr0Rt9b9FEk%2F0.jpg\" alt=\"M\u00e1y \u0111\u00f3ng g\u00f3i servo pitt\u00f4ng | m\u00e1y \u0111\u00f3ng g\u00f3i g\u1ed1i ngang v\u1edbi \u0111\u1ed9ng c\u01a1 servo\" width=\"960\" height=\"700\" \/><br \/>Xem video n\u00e0y tr\u00ean YouTube<\/a><\/noscript><meta itemprop=\"description\" content=\"WhatsApp\/Wechat\/Tel:+86 19139754781 This machine can be regarded as the upgrade of a common horizontal pillow-type packing machine. Reciprocating servo packing machine is suitable for various kinds of regular objects like biscuits, bread, egg roll, instant noodle, moon cake, medicine, hardware, industrial parts, paper boxes, plates, etc. It is worth mentioning that this machine has a gusset bag device which makes the bag shape more beautiful, and enhances the product grade.\"><\/div><\/div><div class=\"lL\" style=\"max-width:100%;width:960px;margin:5px auto;\"><\/div><figcaption><\/figcaption><\/figure>   <h2 class=\"wp-block-heading\" id=\"introduction-of-reciprocating-servo-packing-machine\">Gi\u1edbi thi\u1ec7u m\u00e1y \u0111\u00f3ng g\u00f3i servo pitt\u00f4ng<\/h2>    <p>M\u00e1y \u0111\u00f3ng g\u00f3i pitt\u00f4ng c\u00f3 th\u1ec3 \u0111\u01b0\u1ee3c coi l\u00e0 t\u1ea7m nh\u00ecn n\u00e2ng c\u1ea5p c\u1ee7a m\u00e1y \u0111\u00f3ng g\u00f3i ki\u1ec3u g\u1ed1i ngang th\u00f4ng th\u01b0\u1eddng. V\u00e0 n\u00f3 l\u00e0 m\u1ed9t lo\u1ea1i m\u00e1y qu\u1ea5n d\u00f2ng ch\u1ea3y t\u1ef1 \u0111\u1ed9ng. M\u00e1y \u0111\u00f3ng g\u00f3i servo pitt\u00f4ng ph\u00f9 h\u1ee3p v\u1edbi nhi\u1ec1u lo\u1ea1i \u0111\u1ed3 v\u1eadt th\u00f4ng th\u01b0\u1eddng nh\u01b0 b\u00e1nh quy, b\u00e1nh m\u00ec, tr\u1ee9ng cu\u1ed9n, m\u00ec \u0103n li\u1ec1n, b\u00e1nh trung thu, thu\u1ed1c, ph\u1ea7n c\u1ee9ng, linh ki\u1ec7n c\u00f4ng nghi\u1ec7p, h\u1ed9p gi\u1ea5y, \u0111\u0129a, v.v. \u0110i\u1ec1u \u0111\u00e1ng n\u00f3i l\u00e0 chi\u1ebfc m\u00e1y n\u00e0y c\u00f3 m\u1ed9t thi\u1ebft b\u1ecb t\u00fai \u0111eo ch\u00e9o gi\u00fap ki\u1ec3u d\u00e1ng t\u00fai \u0111\u1eb9p h\u01a1n v\u00e0 n\u00e2ng cao \u0111\u1eb3ng c\u1ea5p s\u1ea3n ph\u1ea9m.<\/p>    <figure class=\"wp-block-image size-full\"><img decoding=\"async\" src=\"https:\/\/taizypackaging.com\/wp-content\/uploads\/2021\/08\/reciprocating-servo-packing-machine.jpg\" alt=\"m\u00e1y \u0111\u00f3ng g\u00f3i servo qua l\u1ea1i\" class=\"wp-image-3877\"\/><figcaption class=\"wp-element-caption\">m\u00e1y \u0111\u00f3ng g\u00f3i servo qua l\u1ea1i<\/figcaption><\/figure>    <h2 class=\"wp-block-heading\" id=\"h-the-structure-of-reciprocating-packaging-machine\">\u0110\u1eb7c \u0111i\u1ec3m c\u1ea5u tr\u00fac c\u1ee7a m\u00e1y \u0111\u00f3ng g\u00f3i pitt\u00f4ng<\/h2>    <p>M\u00e1y \u0111\u00f3ng g\u00f3i d\u00f2ng chuy\u1ec3n \u0111\u1ed9ng qua l\u1ea1i c\u00f3 c\u1ea5u tr\u00fac \u0111\u01a1n gi\u1ea3n. N\u00f3 ch\u1ee7 y\u1ebfu bao g\u1ed3m h\u1ec7 th\u1ed1ng \u0111i\u1ec1u khi\u1ec3n PLC th\u00f4ng minh, b\u0103ng t\u1ea3i, thi\u1ebft b\u1ecb c\u1ea5p m\u00e0ng, m\u00e1y \u0111\u1ecbnh h\u00ecnh t\u00fai, c\u1ed5ng x\u1ea3, thi\u1ebft b\u1ecb h\u00e0n v\u00e0 c\u1eaft, \u0111\u1ed9ng c\u01a1 n\u1ed5i ti\u1ebfng, v.v. T\u1ea5t c\u1ea3 c\u00e1c b\u1ed9 ph\u1eadn \u0111\u1ec1u s\u1eed d\u1ee5ng v\u1eadt li\u1ec7u b\u1ec1n v\u00e0 c\u00f4ng ngh\u1ec7 ti\u00ean ti\u1ebfn, \u0111\u1ea3m b\u1ea3o g\u1ed1i c\u1ee7a ch\u00fang t\u00f4i ho\u1ea1t \u0111\u1ed9ng t\u1ed1t m\u00e1y \u0111\u00f3ng g\u00f3i. Ngo\u00e0i ra, t\u1ea5t c\u1ea3 c\u00e1c ph\u1ee5 ki\u1ec7n \u0111\u1ec1u \u0111\u01b0\u1ee3c h\u1ed7 tr\u1ee3 b\u1edfi d\u1ecbch v\u1ee5 t\u00f9y ch\u1ec9nh t\u1eeb c\u00f4ng ty Taizy \u0111\u1ec3 \u0111\u00e1p \u1ee9ng c\u00e1c y\u00eau c\u1ea7u c\u1ee5 th\u1ec3 c\u1ee7a b\u1ea1n. <\/p>    <figure class=\"wp-block-image size-full\"><img decoding=\"async\" src=\"https:\/\/taizypackaging.com\/wp-content\/uploads\/2021\/08\/\u753b\u677f-1_\u770b\u56fe\u738b.jpg\" alt=\"\" class=\"wp-image-2530\"\/><\/figure>    <h2 class=\"wp-block-heading\" id=\"h-details-of-reciprocating-servo-packing-machine\">Chi ti\u1ebft m\u00e1y \u0111\u00f3ng g\u00f3i servo pitt\u00f4ng<\/h2>    <p>M\u00e1y \u0111\u00f3ng g\u00f3i servo pitt\u00f4ng \u0111\u01b0\u1ee3c b\u00e1n t\u1eeb Taizy c\u00f3 hi\u1ec7u su\u1ea5t tuy\u1ec7t v\u1eddi. Tr\u01b0\u1edbc h\u1ebft, chi\u1ebfc m\u00e1y n\u00e0y s\u1eed d\u1ee5ng h\u1ec7 th\u1ed1ng \u0111i\u1ec1u khi\u1ec3n PLC th\u00f4ng minh. Th\u00f4ng qua m\u00e0n h\u00ecnh c\u1ea3m \u1ee9ng l\u1edbn, ch\u00fang ta c\u00f3 th\u1ec3 d\u1ec5 d\u00e0ng thi\u1ebft l\u1eadp c\u00e1c th\u00f4ng s\u1ed1 \u0111\u1ec3 \u0111i\u1ec1u khi\u1ec3n to\u00e0n b\u1ed9 m\u00e1y. Ti\u1ebfp theo, tr\u1ee5c cu\u1ed9n m\u00e0ng nhi\u1ec1u li\u00ean k\u1ebft d\u00f9ng \u0111\u1ec3 ph\u1ed1i h\u1ee3p li\u00ean k\u1ebft k\u00e9o m\u00e0ng th\u00edch \u1ee9ng v\u1edbi ch\u1ea5t li\u1ec7u c\u1ee7a m\u00e0ng nhi\u1ec1u cu\u1ed9n, m\u00e0ng cu\u1ed9n tr\u01a1n tru. Th\u1ee9 ba, m\u00e1y c\u1eaft ni\u00eam phong nhi\u1ec7t s\u1ebd b\u1ecbt k\u00edn m\u1eb7t tr\u01b0\u1edbc v\u00e0 m\u1eb7t sau c\u1ee7a s\u1ea3n ph\u1ea9m \u0111\u00f3ng g\u00f3i \u0111\u1ec3 tr\u00e1nh b\u1ecb cong ho\u1eb7c s\u01a1 h\u1edf \u1edf v\u1ecb tr\u00ed ni\u00eam phong. <\/p>    <div class=\"wp-block-columns is-layout-flex wp-container-core-columns-is-layout-9d6595d7 wp-block-columns-is-layout-flex\"> <div class=\"wp-block-column is-layout-flow wp-block-column-is-layout-flow\"> <figure class=\"wp-block-image size-full\"><img decoding=\"async\" src=\"https:\/\/taizypackaging.com\/wp-content\/uploads\/2021\/08\/reciprocating-packing-machine-bag-forming-system.jpg\" alt=\"h\u1ec7 th\u1ed1ng t\u1ea1o h\u00ecnh t\u00fai m\u00e1y \u0111\u00f3ng g\u00f3i qua l\u1ea1i\" class=\"wp-image-3880\"\/><figcaption class=\"wp-element-caption\">h\u1ec7 th\u1ed1ng t\u1ea1o h\u00ecnh t\u00fai m\u00e1y \u0111\u00f3ng g\u00f3i qua l\u1ea1i<\/figcaption><\/figure> <\/div>    <div class=\"wp-block-column is-layout-flow wp-block-column-is-layout-flow\"> <figure class=\"wp-block-image size-full\"><img decoding=\"async\" src=\"https:\/\/taizypackaging.com\/wp-content\/uploads\/2021\/08\/reciprocating-packing-machine-cutter.jpg\" alt=\"m\u00e1y c\u1eaft m\u00e1y \u0111\u00f3ng g\u00f3i pitt\u00f4ng\" class=\"wp-image-3881\"\/><figcaption class=\"wp-element-caption\">m\u00e1y c\u1eaft m\u00e1y \u0111\u00f3ng g\u00f3i pitt\u00f4ng<\/figcaption><\/figure> <\/div> <\/div>    <h2 class=\"wp-block-heading\" id=\"h-machine-parameters-of-reciprocating-servo-packing-machine\">Th\u00f4ng s\u1ed1 m\u00e1y \u0111\u00f3ng g\u00f3i servo pitt\u00f4ng <\/h2>    <h3 class=\"wp-block-heading\" id=\"tz-450w-reciprocating-servo-packing-machine-parameters\">Th\u00f4ng s\u1ed1 m\u00e1y \u0111\u00f3ng g\u00f3i servo pitt\u00f4ng TZ-450W <\/h3>    <figure class=\"wp-block-table is-style-stripes\"><table><tbody><tr><td>Chi\u1ec1u r\u1ed9ng phim<\/td><td>T\u1ed1i \u0111a450mm<\/td><\/tr><tr><td>Chi\u1ec1u d\u00e0i l\u00e0m t\u00fai<\/td><td>120 ~ 450mm<\/td><\/tr><tr><td>Chi\u1ec1u r\u1ed9ng l\u00e0m t\u00fai<\/td><td>50 ~ 160mm<\/td><\/tr><tr><td>Chi\u1ec1u cao s\u1ea3n xu\u1ea5t<\/td><td>10 ~ 100mm<\/td><\/tr><tr><td>T\u1ed1c \u0111\u1ed9 \u0111\u00f3ng g\u00f3i<\/td><td>20-80 t\u00fai\/ph\u00fat<\/td><\/tr><tr><td>Quy\u1ec1n l\u1ef1c<\/td><td>4.2KW\/220V\/50\/60HZ<\/td><\/tr><tr><td>K\u00edch th\u01b0\u1edbc<\/td><td>(L)4380mmx(W)870mmx(H)1500mm<\/td><\/tr><tr><td>C\u00e2n n\u1eb7ng<\/td><td>800Kg<\/td><\/tr><\/tbody><\/table><\/figure>    <h3 class=\"wp-block-heading\" id=\"tz-600w-reciprocating-servo-packing-machine-parameters\">Th\u00f4ng s\u1ed1 m\u00e1y \u0111\u00f3ng g\u00f3i servo pitt\u00f4ng TZ-600W <\/h3>    <figure class=\"wp-block-table is-style-stripes\"><table><tbody><tr><td>Chi\u1ec1u r\u1ed9ng phim<\/td><td>T\u1ed1i \u0111a600mm<\/td><\/tr><tr><td>Chi\u1ec1u d\u00e0i l\u00e0m t\u00fai<\/td><td>120 ~ 450mm<\/td><\/tr><tr><td>Chi\u1ec1u r\u1ed9ng l\u00e0m t\u00fai<\/td><td>50 ~ 200mm<\/td><\/tr><tr><td>Chi\u1ec1u cao s\u1ea3n xu\u1ea5t<\/td><td>10 ~ 100mm<\/td><\/tr><tr><td>T\u1ed1c \u0111\u1ed9 \u0111\u00f3ng g\u00f3i<\/td><td>20-80 t\u00fai\/ph\u00fat<\/td><\/tr><tr><td>Quy\u1ec1n l\u1ef1c<\/td><td>4.6KW\/220V\/50\/60HZ<\/td><\/tr><tr><td>K\u00edch th\u01b0\u1edbc<\/td><td>(L)4380mmx(W)970mmx(H)1500mm<\/td><\/tr><tr><td>C\u00e2n n\u1eb7ng<\/td><td>900Kg<\/td><\/tr><\/tbody><\/table><\/figure>    <h2 class=\"wp-block-heading\" id=\"h-the-design-features-of-reciprocating-pillow-packaging-machine\">\u01afu \u0111i\u1ec3m thi\u1ebft k\u1ebf c\u1ee7a m\u00e1y \u0111\u00f3ng g\u00f3i g\u1ed1i pitt\u00f4ng<\/h2>    <ul class=\"wp-block-list\"> <li>So v\u1edbi h\u1ec7 th\u1ed1ng ni\u00eam phong quay truy\u1ec1n th\u1ed1ng, h\u1ec7 th\u1ed1ng ni\u00eam phong qua l\u1ea1i c\u00f3 th\u1ec3 \u0111\u1ed3ng th\u1eddi ho\u00e0n th\u00e0nh vi\u1ec7c \u0111\u00f3ng g\u00f3i c\u00e1c s\u1ea3n ph\u1ea9m c\u00f3 chi\u1ec1u cao v\u00e0 chi\u1ec1u d\u00e0i kh\u00e1c nhau, v\u00e0 v\u1ec1 \u0111\u1ed9 tinh x\u1ea3o, h\u1ec7 th\u1ed1ng ni\u00eam phong qua l\u1ea1i c\u0169ng cao h\u01a1n h\u1ec7 th\u1ed1ng ni\u00eam phong quay truy\u1ec1n th\u1ed1ng, \u0111\u1ed3ng th\u1eddi \u0111\u1ea3m b\u1ea3o kh\u1ea3 n\u0103ng t\u1ea3n nhi\u1ec7t t\u00e1c d\u1ee5ng b\u1ecbt k\u00edn c\u1ee7a b\u1ec1 m\u1eb7t b\u1ecbt k\u00edn.<\/li>    <li>N\u1ebfu l\u00e0 m\u00e1y th\u00f4ng th\u01b0\u1eddng, \u0111\u1ec3 \u0111\u00f3ng g\u00f3i c\u00e1c s\u1ea3n ph\u1ea9m kh\u00e1c nhau c\u1ea7n \u0111i\u1ec1u ch\u1ec9nh kho\u1ea3ng c\u00e1ch gi\u1eefa c\u00e1c b\u0103ng t\u1ea3i, trong khi m\u00e1y \u0111\u00f3ng g\u00f3i servo pitt\u00f4ng c\u00f3 \u0111\u1ed9ng c\u01a1 servo \u0111\u1ea7y \u0111\u1ee7 c\u00f3 th\u1ec3 t\u1ef1 \u0111\u1ed9ng c\u1ea3m nh\u1eadn v\u00e0 ph\u00e1n \u0111o\u00e1n m\u00e0 kh\u00f4ng c\u1ea7n \u0111i\u1ec1u ch\u1ec9nh th\u1ee7 c\u00f4ng.<\/li>    <li>Th\u00e9p kh\u00f4ng g\u1ec9 c\u1ea5p th\u1ef1c ph\u1ea9m ti\u1ebfp x\u00fac v\u1edbi s\u1ea3n ph\u1ea9m S\u1ea1ch s\u1ebd, h\u1ee3p v\u1ec7 sinh v\u00e0 \u0111\u1eb9p m\u1eaft.<\/li>    <li>M\u00e0n h\u00ecnh c\u1ea3m \u1ee9ng, hi\u1ec3n th\u1ecb ti\u1ebfng Trung v\u00e0 ti\u1ebfng Anh, c\u00e0i \u0111\u1eb7t th\u00f4ng s\u1ed1 thu\u1eadn ti\u1ec7n v\u00e0 nhanh ch\u00f3ng.<\/li>    <li>Theo d\u00f5i m\u00e0u m\u1eaft quang \u0111i\u1ec7n c\u00f3 \u0111\u1ed9 nh\u1ea1y cao, \u0111\u1ea7u v\u00e0o k\u1ef9 thu\u1eadt s\u1ed1 v\u1ecb tr\u00ed con d\u1ea5u c\u1eaft, ch\u00ednh x\u00e1c h\u01a1n.<\/li>    <li>Ki\u1ec3m so\u00e1t nhi\u1ec7t \u0111\u1ed9 t\u1ef1 \u0111\u1ed9ng PID t\u1ed1t h\u01a1n cho vi\u1ec7c \u0111\u00f3ng g\u00f3i c\u00e1c v\u1eadt li\u1ec7u kh\u00e1c nhau.<\/li>    <li>Khi s\u1ea3n ph\u1ea9m \u0111\u01b0\u1ee3c chuy\u1ec3n \u0111\u1ebfn d\u00e2y chuy\u1ec1n thi\u1ebft b\u1ecb chuy\u1ec3n t\u1ea3i t\u1eeb \u0111\u1ea7u \u0111\u1ebfn cu\u1ed1i \u0111\u00f3ng g\u00f3i, to\u00e0n b\u1ed9 quy tr\u00ecnh, thi\u1ebft b\u1ecb t\u1eebng c\u00f4ng \u0111o\u1ea1n c\u1ee7a h\u1ec7 th\u1ed1ng b\u0103ng t\u1ea3i s\u1ebd gi\u1eef \u0111\u1ed3ng b\u1ed9 v\u1edbi s\u1ea3n ph\u1ea9m v\u1ec1 ph\u00eda tr\u01b0\u1edbc, tr\u00e1nh t\u00ecnh tr\u1ea1ng tr\u1ea7y x\u01b0\u1edbc b\u1ec1 m\u1eb7t s\u1ea3n ph\u1ea9m \u1ea3nh h\u01b0\u1edfng \u0111\u1ebfn m\u1ef9 quan. c\u1ee7a s\u1ea3n ph\u1ea9m, \u0111\u1ea3m b\u1ea3o ch\u1ea5t l\u01b0\u1ee3ng bao b\u00ec s\u1ea3n ph\u1ea9m.<\/li> <\/ul>    <h2 class=\"wp-block-heading\" id=\"h-about-us\">T\u1ea1i sao ch\u1ecdn Taizy?<\/h2>    <p>Ch\u00fang t\u00f4i \u0111\u00e3 t\u1eadp trung v\u00e0o ng\u00e0nh m\u00e1y \u0111\u00f3ng g\u00f3i trong h\u01a1n 10 n\u0103m. Ch\u00fang t\u00f4i \u0111\u00e3 thu h\u00fat kh\u00e1ch h\u00e0ng t\u1eeb kh\u1eafp n\u01a1i tr\u00ean th\u1ebf gi\u1edbi b\u1eb1ng danh ti\u1ebfng t\u1ed1t, s\u1ea3n ph\u1ea9m ch\u1ea5t l\u01b0\u1ee3ng cao v\u00e0 gi\u00e1 c\u1ea3 ph\u1ea3i ch\u0103ng. Nh\u00e0 m\u00e1y c\u1ee7a ch\u00fang t\u00f4i \u0111\u00e3 t\u1eadp h\u1ee3p c\u00e1c k\u1ef9 s\u01b0 cao c\u1ea5p v\u00e0 k\u1ef9 thu\u1eadt vi\u00ean h\u1ea1ng nh\u1ea5t \u0111\u1ec3 ki\u1ec3m so\u00e1t ch\u1eb7t ch\u1ebd ch\u1ea5t l\u01b0\u1ee3ng s\u1ea3n ph\u1ea9m. Gi\u00e1m \u0111\u1ed1c b\u00e1n h\u00e0ng c\u1ee7a ch\u00fang t\u00f4i s\u1ebd gi\u1edbi thi\u1ec7u cho b\u1ea1n v\u1ec1 m\u1ecdi m\u1eb7t c\u1ee7a m\u00e1y th\u00f4ng qua nhi\u1ec1u c\u00e1ch kh\u00e1c nhau nh\u01b0 video, \u1ea3nh, \u0111i\u1ec7n tho\u1ea1i v\u00e0 \u0111\u1ec1 xu\u1ea5t lo\u1ea1i m\u00e1y ph\u00f9 h\u1ee3p nh\u1ea5t theo nhu c\u1ea7u c\u1ee7a b\u1ea1n. B\u1ea1n c\u00f3 quan t\u00e2m \u0111\u1ebfn m\u00e1y \u0111\u00f3ng g\u00f3i ngang n\u00e0y? H\u00e3y th\u00f4ng b\u00e1o tr\u01b0\u1edbc cho ch\u00fang t\u00f4i v\u00e0 ch\u00fang t\u00f4i s\u1ebd cung c\u1ea5p cho b\u1ea1n gi\u1ea3i ph\u00e1p \u0111\u00f3ng g\u00f3i t\u00f9y ch\u1ec9nh tuy\u1ec7t v\u1eddi. <\/p>    <p class=\"translation-block\">C\u00f4ng ty ch\u00fang t\u00f4i duy tr\u00ec h\u1ee3p t\u00e1c l\u00e2u d\u00e0i v\u1edbi c\u00e1c c\u00f4ng ty v\u1eadn t\u1ea3i l\u1edbn trong n\u01b0\u1edbc \u0111\u1ec3 \u0111\u1ea3m b\u1ea3o r\u1eb1ng h\u00e0ng h\u00f3a c\u1ee7a b\u1ea1n \u0111\u01b0\u1ee3c v\u1eadn chuy\u1ec3n v\u1edbi m\u1ee9c \u0111\u1ed9 t\u1ed5n th\u1ea5t kh\u00f4ng c\u1ea7n thi\u1ebft t\u1ed1i thi\u1ec3u. \u0110\u1ed3ng th\u1eddi, sau khi nh\u1eadn h\u00e0ng, nh\u00e2n vi\u00ean d\u1ecbch v\u1ee5 sau b\u00e1n h\u00e0ng c\u1ee7a ch\u00fang t\u00f4i lu\u00f4n s\u1eb5n s\u00e0ng tr\u1ea3 l\u1eddi nh\u1eefng th\u1eafc m\u1eafc c\u1ee7a b\u1ea1n v\u00e0 cung c\u1ea5p l\u1eddi khuy\u00ean v\u1ec1 b\u1ea3o tr\u00ec v\u00e0 ch\u0103m s\u00f3c m\u00e1y. \u0110\u1ec3 l\u00e0m h\u00e0i l\u00f2ng kh\u00e1ch h\u00e0ng, t\u00ecm ki\u1ebfm th\u00e0nh c\u00f4ng v\u00e0 c\u00f9ng nhau ti\u1ebfn b\u1ed9 l\u00e0 m\u1ee5c ti\u00eau m\u00e0 <a href=\"https:\/\/taizypackaging.com\/vi\/\">Taizy<\/a> lu\u00f4n theo \u0111u\u1ed5i.<\/p>    <figure class=\"wp-block-image size-full\"><img decoding=\"async\" src=\"https:\/\/taizypackaging.com\/wp-content\/uploads\/2021\/08\/\u753b\u677f-9.jpg\" alt=\"nh\u00e0 m\u00e1y s\u1ea3n xu\u1ea5t m\u00e1y \u0111\u00f3ng g\u00f3i g\u1ed1i pitt\u00f4ng\" class=\"wp-image-2543\"\/><figcaption class=\"wp-element-caption\">nh\u00e0 m\u00e1y s\u1ea3n xu\u1ea5t m\u00e1y \u0111\u00f3ng g\u00f3i g\u1ed1i pitt\u00f4ng<\/figcaption><\/figure>","protected":false},"excerpt":{"rendered":"<p>Reciprocating servo packing machine is a kind of horizontal flow wrap machine. It has a new design, a simple structure, and uses advanced technology. Besides, a reciprocating pillow packaging machine has a very wide range of applications. For example, it can be applied for packing various foods, vegetables, fruits, daily necessities, etc. Taizy Packaging Machinery [&hellip;]<\/p>\n","protected":false},"author":1,"featured_media":2546,"parent":0,"template":"","tags":[559,598,599],"product-type":[664],"class_list":["post-2528","product","type-product","status-publish","has-post-thumbnail","hentry","tag-pillow-packing-machine","tag-reciprocating-flow-pack-machine","tag-reciprocating-servo-packing-machine","product-type-horizontal-flow-wrapping-machines"],"_links":{"self":[{"href":"https:\/\/taizypackaging.com\/vi\/wp-json\/wp\/v2\/product\/2528","targetHints":{"allow":["GET"]}}],"collection":[{"href":"https:\/\/taizypackaging.com\/vi\/wp-json\/wp\/v2\/product"}],"about":[{"href":"https:\/\/taizypackaging.com\/vi\/wp-json\/wp\/v2\/types\/product"}],"author":[{"embeddable":true,"href":"https:\/\/taizypackaging.com\/vi\/wp-json\/wp\/v2\/users\/1"}],"wp:featuredmedia":[{"embeddable":true,"href":"https:\/\/taizypackaging.com\/vi\/wp-json\/wp\/v2\/media\/2546"}],"wp:attachment":[{"href":"https:\/\/taizypackaging.com\/vi\/wp-json\/wp\/v2\/media?parent=2528"}],"wp:term":[{"taxonomy":"post_tag","embeddable":true,"href":"https:\/\/taizypackaging.com\/vi\/wp-json\/wp\/v2\/tags?post=2528"},{"taxonomy":"product-type","embeddable":true,"href":"https:\/\/taizypackaging.com\/vi\/wp-json\/wp\/v2\/product-type?post=2528"}],"curies":[{"name":"wp","href":"https:\/\/api.w.org\/{rel}","templated":true}]}}