{"id":2616,"date":"2021-08-10T09:58:13","date_gmt":"2021-08-10T09:58:13","guid":{"rendered":"https:\/\/taizypackaging.com\/?p=2616"},"modified":"2022-12-14T01:50:53","modified_gmt":"2022-12-14T01:50:53","slug":"granule-filling-machine-2","status":"publish","type":"product","link":"https:\/\/taizypackaging.com\/vi\/granule-filling-machine\/","title":{"rendered":"M\u00e1y l\u00e0m h\u1ea1t"},"content":{"rendered":"<div class=\"kk-star-ratings kksr-auto kksr-align-left kksr-valign-top\"     data-payload='{&quot;align&quot;:&quot;left&quot;,&quot;id&quot;:&quot;2616&quot;,&quot;slug&quot;:&quot;default&quot;,&quot;valign&quot;:&quot;top&quot;,&quot;ignore&quot;:&quot;&quot;,&quot;reference&quot;:&quot;auto&quot;,&quot;class&quot;:&quot;&quot;,&quot;count&quot;:&quot;8&quot;,&quot;legendonly&quot;:&quot;&quot;,&quot;readonly&quot;:&quot;&quot;,&quot;score&quot;:&quot;4.7&quot;,&quot;starsonly&quot;:&quot;&quot;,&quot;best&quot;:&quot;5&quot;,&quot;gap&quot;:&quot;5&quot;,&quot;greet&quot;:&quot;Rate this product&quot;,&quot;legend&quot;:&quot;4.7\\\/5 - (8 b\u00ecnh ch\u1ecdn)&quot;,&quot;size&quot;:&quot;24&quot;,&quot;title&quot;:&quot;Granule Filling Machine&quot;,&quot;width&quot;:&quot;133.8&quot;,&quot;_legend&quot;:&quot;{score}\\\/{best} - ({count} {votes})&quot;,&quot;font_factor&quot;:&quot;1.25&quot;}'>              <div class=\"kksr-stars\">      <div class=\"kksr-stars-inactive\">             <div class=\"kksr-star\" data-star=\"1\" style=\"padding-right: 5px\">               <div class=\"kksr-icon\" style=\"width: 24px; height: 24px;\"><\/div>         <\/div>             <div class=\"kksr-star\" data-star=\"2\" style=\"padding-right: 5px\">               <div class=\"kksr-icon\" style=\"width: 24px; height: 24px;\"><\/div>         <\/div>             <div class=\"kksr-star\" data-star=\"3\" style=\"padding-right: 5px\">               <div class=\"kksr-icon\" style=\"width: 24px; height: 24px;\"><\/div>         <\/div>             <div class=\"kksr-star\" data-star=\"4\" style=\"padding-right: 5px\">               <div class=\"kksr-icon\" style=\"width: 24px; height: 24px;\"><\/div>         <\/div>             <div class=\"kksr-star\" data-star=\"5\" style=\"padding-right: 5px\">               <div class=\"kksr-icon\" style=\"width: 24px; height: 24px;\"><\/div>         <\/div>     <\/div>      <div class=\"kksr-stars-active\" style=\"width: 133.8px;\">             <div class=\"kksr-star\" style=\"padding-right: 5px\">               <div class=\"kksr-icon\" style=\"width: 24px; height: 24px;\"><\/div>         <\/div>             <div class=\"kksr-star\" style=\"padding-right: 5px\">               <div class=\"kksr-icon\" style=\"width: 24px; height: 24px;\"><\/div>         <\/div>             <div class=\"kksr-star\" style=\"padding-right: 5px\">               <div class=\"kksr-icon\" style=\"width: 24px; height: 24px;\"><\/div>         <\/div>             <div class=\"kksr-star\" style=\"padding-right: 5px\">               <div class=\"kksr-icon\" style=\"width: 24px; height: 24px;\"><\/div>         <\/div>             <div class=\"kksr-star\" style=\"padding-right: 5px\">               <div class=\"kksr-icon\" style=\"width: 24px; height: 24px;\"><\/div>         <\/div>     <\/div> <\/div>                   <div class=\"kksr-legend\" style=\"font-size: 19.2px;\">             4.7\/5 - (8 l\u01b0\u1ee3t b\u00ecnh ch\u1ecdn)    <\/div>     <\/div>  <p class=\"translation-block\"><strong>M\u00e1y \u0111\u00f3ng g\u00f3i h\u1ea1t<\/strong> \u1edf \u0111\u00e2y \u0111\u01b0\u1ee3c thi\u1ebft k\u1ebf cho nhu c\u1ea7u s\u1ea3n xu\u1ea5t l\u1edbn. N\u00f3 th\u01b0\u1eddng \u0111\u01b0\u1ee3c s\u1eed d\u1ee5ng cho c\u00e1c m\u1eb7t h\u00e0ng t\u1eeb 5kg \u0111\u1ebfn 50kg v\u00e0 d\u00f9ng \u0111\u1ec3 \u0111\u00f3ng g\u00f3i ng\u0169 c\u1ed1c, h\u1ea1t, th\u1ee9c \u0103n cho ch\u00f3, th\u1ee9c \u0103n cho c\u00e1, g\u1ea1o, ng\u00f4, ph\u00e2n b\u00f3n h\u00f3a h\u1ecdc, v.v. <strong>M\u00e1y \u0111\u00f3ng g\u00f3i h\u1ea1t \u0111\u1ec3 b\u00e1n<\/strong> \u1edf \u0111\u00e2y c\u00f3 th\u1ec3 ho\u00e0n th\u00e0nh t\u1ef1 \u0111\u1ed9ng ho\u00e0n to\u00e0n qu\u00e1 tr\u00ecnh c\u00e2n \u0111\u1ecbnh l\u01b0\u1ee3ng v\u00e0 \u0111\u00f3ng g\u00f3i. V\u1edbi c\u1ea5u tr\u00fac th\u00e2n b\u1eb1ng v\u1eadt li\u1ec7u th\u00e9p kh\u00f4ng g\u1ec9 v\u00e0 c\u00f4ng ngh\u1ec7 ti\u00ean ti\u1ebfn, m\u00e1y \u0111\u00f3ng g\u00f3i h\u1ea1t t\u1ef1 \u0111\u1ed9ng n\u00e0y c\u00f3 hi\u1ec7u su\u1ea5t r\u1ea5t t\u1ed1t. L\u00e0 m\u1ed9t trong nh\u1eefng nh\u00e0 s\u1ea3n xu\u1ea5t m\u00e1y \u0111\u00f3ng g\u00f3i h\u00e0ng \u0111\u1ea7u t\u1ea1i Trung Qu\u1ed1c, ch\u00fang t\u00f4i cung c\u1ea5p nhi\u1ec1u lo\u1ea1i <strong>m\u00e1y \u0111\u00f3ng g\u00f3i h\u1ea1t<\/strong> ti\u00eau chu\u1ea9n v\u00e0 t\u00f9y ch\u1ec9nh \u0111\u1ec3 ph\u00f9 h\u1ee3p v\u1edbi nhu c\u1ea7u c\u1ee7a b\u1ea1n. Li\u00ean h\u1ec7 v\u1edbi ch\u00fang t\u00f4i h\u00f4m nay \u0111\u1ec3 nh\u1eadn danh s\u00e1ch gi\u00e1 mi\u1ec5n ph\u00ed. <\/p>    <h2 class=\"wp-block-heading\" id=\"h-the-brief-introduction-of-granule-packaging-machine-for-5-50kg\">Gi\u1edbi thi\u1ec7u m\u00e1y l\u00e0m h\u1ea1t \u0111\u1ec3 b\u00e1n <\/h2>    <p>M\u00e1y r\u00f3t h\u1ea1t n\u00e0y \u0111\u01b0\u1ee3c thi\u1ebft k\u1ebf cho c\u00e1c m\u1eb7t h\u00e0ng 5kg ~ 50kg. V\u00e0 n\u00f3 ch\u1ee7 y\u1ebfu \u0111\u01b0\u1ee3c s\u1eed d\u1ee5ng trong ng\u0169 c\u1ed1c, ch\u1eb3ng h\u1ea1n nh\u01b0 ng\u00f4, l\u00faa m\u00ec, g\u1ea1o, v.v.; c\u00e1c lo\u1ea1i ph\u00e2n b\u00f3n nh\u01b0 ph\u00e2n h\u1eefu c\u01a1, ph\u00e2n h\u1ed7n h\u1ee3p v\u00e0 c\u00e1c lo\u1ea1i ph\u00e2n b\u00f3n h\u1ed7n h\u1ee3p kh\u00e1c; h\u00f3a ch\u1ea5t, ch\u1eb3ng h\u1ea1n nh\u01b0 polyetylen, PVC, PE, PP v\u00e0 bao b\u00ec v\u1eadt li\u1ec7u d\u1ea1ng h\u1ea1t kh\u00e1c.<br>T\u00fai th\u01b0\u1eddng \u0111\u01b0\u1ee3c chia th\u00e0nh hai lo\u1ea1i, t\u00fai nh\u1ef1a ho\u1eb7c t\u00fai d\u1ec7t, m\u00e1y c\u00f3 th\u1ec3 \u0111\u00f3ng g\u00f3i th\u00e0nh hai lo\u1ea1i t\u00fai, nh\u01b0ng ph\u01b0\u01a1ng ph\u00e1p ni\u00eam phong l\u00e0 kh\u00e1c nhau. T\u00fai nh\u1ef1a \u0111\u01b0\u1ee3c \u0111\u00f3ng g\u00f3i b\u1eb1ng m\u00e1y h\u00e0n nhi\u1ec7t, trong khi t\u00fai d\u1ec7t \u0111\u01b0\u1ee3c \u0111\u00f3ng g\u00f3i b\u1eb1ng m\u00e1y kh\u00e2u.<\/p>    <figure class=\"wp-block-image size-full\"><img decoding=\"async\" src=\"https:\/\/taizypackaging.com\/wp-content\/uploads\/2021\/08\/\u753b\u677f-3_\u770b\u56fe\u738b.jpg\" alt=\"\" class=\"wp-image-2618\"\/><figcaption class=\"wp-element-caption\">M\u00e0n h\u00ecnh m\u00e1y \u0111\u00f3ng g\u00f3i h\u1ea1t 5-50kg<\/figcaption><\/figure>    <h2 class=\"wp-block-heading\" id=\"h-the-working-process-of-5-50kg-granule-packing-machine\">Video ho\u1ea1t \u0111\u1ed9ng c\u1ee7a m\u00e1y \u0111\u00f3ng g\u00f3i h\u1ea1t 5-50kg<\/h2>   <figure class=\"wp-block-embed-youtube wp-block-embed is-type-video is-provider-youtube wp-embed-aspect-16-9 wp-has-aspect-ratio\"><div class=\"lyte-wrapper fourthree\" title=\"M\u00e1y c\u00e2n, chi\u1ebft r\u00f3t v\u00e0 ni\u00eam phong t\u1ef1 \u0111\u1ed9ng cho \u0110\u1eadu, G\u1ea1o, H\u1ea1t gi\u1ed1ng, Th\u1ee9c \u0103n cho Ch\u00f3\/M\u00e8o 5kg ~ 50kg\" style=\"width:960px;max-width:100%;margin:5px auto;\"><div class=\"lyMe hidef\" id=\"WYL__E3hqS6pwhY\" itemprop=\"video\" itemscope itemtype=\"https:\/\/schema.org\/VideoObject\"><div><meta itemprop=\"thumbnailUrl\" content=\"https:\/\/taizypackaging.com\/wp-content\/plugins\/wp-youtube-lyte\/lyteCache.php?origThumbUrl=https%3A%2F%2Fi.ytimg.com%2Fvi%2F_E3hqS6pwhY%2Fmaxresdefault.jpg\" \/><meta itemprop=\"embedURL\" content=\"https:\/\/www.youtube.com\/embed\/_E3hqS6pwhY\" \/><meta itemprop=\"duration\" content=\"PT2M39S\" \/><meta itemprop=\"uploadDate\" content=\"2022-02-08T03:51:35Z\" \/><\/div><div id=\"lyte__E3hqS6pwhY\" data-src=\"https:\/\/taizypackaging.com\/wp-content\/plugins\/wp-youtube-lyte\/lyteCache.php?origThumbUrl=https%3A%2F%2Fi.ytimg.com%2Fvi%2F_E3hqS6pwhY%2Fmaxresdefault.jpg\" class=\"pL\"><div class=\"tC\"><div class=\"tT\" itemprop=\"name\">M\u00e1y c\u00e2n, chi\u1ebft r\u00f3t v\u00e0 ni\u00eam phong t\u1ef1 \u0111\u1ed9ng cho \u0110\u1eadu, G\u1ea1o, H\u1ea1t gi\u1ed1ng, Th\u1ee9c \u0103n cho Ch\u00f3\/M\u00e8o 5kg ~ 50kg<\/div><\/div><div class=\"play\"><\/div><div class=\"ctrl\"><div class=\"Lctrl\"><\/div><div class=\"Rctrl\"><\/div><\/div><\/div><noscript><a href=\"https:\/\/youtu.be\/_E3hqS6pwhY\" rel=\"nofollow noopener\" target=\"_blank\"><img loading=\"lazy\" decoding=\"async\" src=\"https:\/\/taizypackaging.com\/wp-content\/plugins\/wp-youtube-lyte\/lyteCache.php?origThumbUrl=https%3A%2F%2Fi.ytimg.com%2Fvi%2F_E3hqS6pwhY%2F0.jpg\" alt=\"M\u00e1y c\u00e2n, chi\u1ebft r\u00f3t v\u00e0 ni\u00eam phong t\u1ef1 \u0111\u1ed9ng cho \u0110\u1eadu, G\u1ea1o, H\u1ea1t gi\u1ed1ng, Th\u1ee9c \u0103n cho Ch\u00f3\/M\u00e8o 5kg ~ 50kg\" width=\"960\" height=\"700\" \/><br \/>Xem video n\u00e0y tr\u00ean YouTube<\/a><\/noscript><meta itemprop=\"description\" content=\"#bagfillingmachine #fillingmachine #weighingsealingmachine EMAIL: info@taizypackaging.com TEL\/WHATSAPP: +86 18837171591 USEFUL LINK: https:\/\/taizypackaging.com\/granule-packaging-machine-for-5-50kg\/ Automatic weighing and filling machine is designed for big bags, such as10kg, 15kg, 20kg, 30kg, 40kg, and a maximum of 50kg. This machine is suitable for packaging various particles like nuts, seeds, beans, rice, dried chilies, walnut, grains, chemical fertilizer, cat food, dog food, etc. Besides, it is ideal for both bags, bottles, cans. Features of this granule filling sealing machine 1. This machine adopts an intelligent control system, touchable display, and supports multiple national languages. It automatically calculates to ensure that the quality of each blanking is consistent. 2. Automatic belt-clamping design and conveyor belt save labor and effectively improve production efficiency. 3. Materials touched by the use of 304 stainless steel, durable, strong, clean, and hygienic. 4. Sealing machine and sewing machine with good quality, firm sealing, stable, and no air leakage. These videos may also be useful to you: Small vertical granule packing machine: https:\/\/www.youtube.com\/watch?v=RdSqEhdiWzU&amp;t=31s Super-efficient multihead weigher packing machine: https:\/\/www.youtube.com\/watch?v=mfQQ28r7qzY Semi automatic powder filling machine: https:\/\/www.youtube.com\/watch?v=F5tlcnSb8q4 EMAIL: info@taizypackaging.com TEL\/WHATSAPP: +86 18837171591 USEFUL LINK: https:\/\/taizypackaging.com\/granule-packaging-machine-for-5-50kg\/\"><\/div><\/div><div class=\"lL\" style=\"max-width:100%;width:960px;margin:5px auto;\"><\/div><figcaption><\/figcaption><\/figure>   <h2 class=\"wp-block-heading\" id=\"granule-filling-packing-machine-applications\">\u1ee8ng d\u1ee5ng m\u00e1y \u0111\u00f3ng g\u00f3i h\u1ea1t<\/h2>    <p class=\"translation-block\">M\u00e1y \u0111\u00f3ng g\u00f3i h\u1ea1t n\u00e0y \u0111\u01b0\u1ee3c s\u1eed d\u1ee5ng r\u1ed9ng r\u00e3i trong ng\u00e0nh th\u1ef1c ph\u1ea9m, ng\u00e0nh \u0111\u1ed3 \u0103n nh\u1eb9 v\u00e0 ng\u00e0nh h\u00f3a ch\u1ea5t. N\u00f3 \u0111\u01b0\u1ee3c s\u1ea3n xu\u1ea5t cho nhu c\u1ea7u s\u1ea3n xu\u1ea5t l\u1edbn. V\u00e0 n\u00f3 l\u00fd t\u01b0\u1edfng cho vi\u1ec7c \u0111\u00f3ng g\u00f3i nhi\u1ec1u lo\u1ea1i h\u1ea1t, ng\u0169 c\u1ed1c, g\u1ea1o, ng\u00f4, l\u00faa m\u00ec, \u0111\u1eadu, h\u1ea1t gi\u1ed1ng, th\u1ee9c \u0103n cho \u0111\u1ed9ng v\u1eadt, t\u00e1o \u0111\u1ecf, \u1edbt kh\u00f4, qu\u1ea3 \u00f3c ch\u00f3, ph\u00e2n b\u00f3n h\u00f3a h\u1ecdc, v\u00e0 nhi\u1ec1u h\u01a1n n\u1eefa. Ngo\u00e0i ra, ch\u00fang t\u00f4i c\u0169ng cung c\u1ea5p m\u00e1y \u0111\u00f3ng g\u00f3i t\u00fai h\u1ea1t t\u1ef1 \u0111\u1ed9ng ch\u1ea5t l\u01b0\u1ee3ng. V\u00e0 n\u1ebfu b\u1ea1n c\u00f3 nhu c\u1ea7u s\u1ea3n xu\u1ea5t l\u1edbn, c\u00f3 <a href=\"https:\/\/taizypackaging.com\/vi\/lapel-combination-packaging-machine\/\">m\u00e1y \u0111\u00f3ng g\u00f3i c\u00e2n \u0111a \u0111\u1ea7u<\/a> cho b\u1ea1n. <\/p>    <figure class=\"wp-block-image size-full\"><img decoding=\"async\" src=\"https:\/\/taizypackaging.com\/wp-content\/uploads\/2021\/08\/\u753b\u677f-2_\u770b\u56fe\u738b-1.jpg\" alt=\"\u1ee9ng d\u1ee5ng m\u00e1y l\u00e0m h\u1ea1t\" class=\"wp-image-2619\"\/><figcaption class=\"wp-element-caption\">\u1ee9ng d\u1ee5ng m\u00e1y l\u00e0m h\u1ea1t<\/figcaption><\/figure>    <h2 class=\"wp-block-heading\" id=\"h-the-structure-of-granule-packing-machine-for-5-50kg\">\u0110\u1eb7c \u0111i\u1ec3m c\u1ea5u t\u1ea1o c\u1ee7a m\u00e1y r\u00f3t h\u1ea1t 5-50kg<\/h2>    <p>M\u00e1y r\u00f3t h\u1ea1t 5kg ~ 50kg c\u00f3 thi\u1ebft k\u1ebf h\u1ee3p l\u00fd v\u00e0 c\u1ea5u t\u1ea1o \u0111\u01a1n gi\u1ea3n. N\u00f3 c\u00f3 hai ph\u1ea7n, h\u1ec7 th\u1ed1ng l\u00e0m \u0111\u1ea7y v\u00e0 h\u1ec7 th\u1ed1ng may. M\u00e1y r\u00f3t h\u1ea1t t\u1ef1 \u0111\u1ed9ng n\u00e0y ch\u1ee7 y\u1ebfu bao g\u1ed3m c\u01a1 quan \u0111\u1ecbnh l\u01b0\u1ee3ng, c\u01a1 c\u1ea5u kh\u00ed n\u00e9n, h\u1ed9p \u0111i\u1ec1u khi\u1ec3n m\u00e1y may, h\u1ed9p \u0111i\u1ec1u khi\u1ec3n, m\u00e1y \u0111\u00f3ng g\u00f3i, th\u00e2n c\u00e2n v\u00e0 b\u0103ng t\u1ea3i. S\u1eed d\u1ee5ng h\u1ec7 th\u1ed1ng \u0111i\u1ec1u khi\u1ec3n PLC ti\u00ean ti\u1ebfn, ch\u00fang ta c\u00f3 th\u1ec3 c\u00e0i \u0111\u1eb7t th\u00f4ng s\u1ed1 th\u00f4ng qua m\u00e0n h\u00ecnh c\u1ea3m \u1ee9ng l\u1edbn, d\u1ec5 v\u1eadn h\u00e0nh v\u00e0 b\u1ea3o tr\u00ec. <\/p>    <figure class=\"wp-block-image size-full\"><img decoding=\"async\" src=\"https:\/\/taizypackaging.com\/wp-content\/uploads\/2021\/08\/\u753b\u677f-5_\u770b\u56fe\u738b.jpg\" alt=\"c\u1ea5u tr\u00fac m\u00e1y l\u00e0m h\u1ea1t\" class=\"wp-image-2620\"\/><figcaption class=\"wp-element-caption\">c\u1ea5u tr\u00fac m\u00e1y l\u00e0m h\u1ea1t<\/figcaption><\/figure>    <h2 class=\"wp-block-heading\" id=\"h-the-design-features-of-packing-machine-for-large-granule\">\u0110\u1eb7c \u0111i\u1ec3m thi\u1ebft k\u1ebf c\u1ee7a m\u00e1y h\u00e0n k\u00edn h\u1ea1t t\u1ef1 \u0111\u1ed9ng <\/h2>    <ul class=\"wp-block-list\"> <li>M\u00e1y n\u00e0y s\u1eed d\u1ee5ng h\u1ec7 th\u1ed1ng \u0111i\u1ec1u khi\u1ec3n th\u00f4ng minh, m\u00e0n h\u00ecnh c\u1ea3m \u1ee9ng v\u00e0 h\u1ed7 tr\u1ee3 nhi\u1ec1u ng\u00f4n ng\u1eef qu\u1ed1c t\u1ebf. N\u00f3 t\u1ef1 \u0111\u1ed9ng t\u00ednh to\u00e1n \u0111\u1ec3 \u0111\u1ea3m b\u1ea3o r\u1eb1ng ch\u1ea5t l\u01b0\u1ee3ng c\u1ee7a m\u1ed7i l\u1ea7n \u0111\u1ed9t bao h\u00ecnh l\u00e0 nh\u1ea5t qu\u00e1n.<\/li>    <li>Thi\u1ebft k\u1ebf k\u1eb9p \u0111ai v\u00e0 b\u0103ng t\u1ea3i t\u1ef1 \u0111\u1ed9ng gi\u00fap ti\u1ebft ki\u1ec7m nh\u00e2n c\u00f4ng v\u00e0 n\u00e2ng cao hi\u1ec7u qu\u1ea3 s\u1ea3n xu\u1ea5t m\u1ed9t c\u00e1ch hi\u1ec7u qu\u1ea3.<\/li>    <li>Ch\u1ea5t li\u1ec7u s\u1eed d\u1ee5ng inox 304 c\u00f3 \u0111\u1ed9 b\u1ec1n cao, ch\u1eafc ch\u1eafn, s\u1ea1ch s\u1ebd v\u00e0 v\u1ec7 sinh.<\/li>    <li>M\u00e1y h\u00e0n v\u00e0 m\u00e1y may ch\u1ea5t l\u01b0\u1ee3ng t\u1ed1t, ni\u00eam phong ch\u1eafc ch\u1eafn, \u1ed5n \u0111\u1ecbnh, kh\u00f4ng r\u00f2 r\u1ec9 kh\u00ed.<\/li> <\/ul>    <h2 class=\"wp-block-heading\" id=\"h-faq\">C\u00e2u h\u1ecfi th\u01b0\u1eddng g\u1eb7p v\u1ec1 m\u00e1y chi\u1ebft r\u00f3t h\u1ea1t Taizy <\/h2>   <div id=\"rank-math-faq\" class=\"rank-math-block\"> <div class=\"rank-math-list\"> <div id=\"faq-question-1670982372820\" class=\"rank-math-list-item\"> <h3 class=\"rank-math-question\">1. N\u1ebfu t\u00f4i mu\u1ed1n \u0111\u00f3ng g\u00f3i h\u1ea1t n\u1eb7ng h\u01a1n 50kg, t\u00f4i c\u00f3 th\u1ec3 s\u1eed d\u1ee5ng m\u00e1y n\u00e0y kh\u00f4ng?<\/h3> <div class=\"rank-math-answer\">  <p>M\u00e1y n\u00e0y \u0111\u01b0\u1ee3c thi\u1ebft k\u1ebf \u0111\u1ec3 \u0111\u00f3ng g\u00f3i c\u00e1c m\u1eb7t h\u00e0ng d\u1ea1ng h\u1ea1t t\u1eeb 5 \u0111\u1ebfn 50 kg, n\u1ebfu b\u1ea1n c\u00f3 nhu c\u1ea7u v\u1ec1 vi\u1ec7c n\u00e0y, x\u01b0\u1edfng ch\u00fang t\u00f4i c\u00f3 m\u00e1y \u0111\u00f3ng g\u00f3i chi\u1ebft r\u00f3t t\u1ef1 \u0111\u1ed9ng cho y\u00eau c\u1ea7u s\u1ea3n xu\u1ea5t l\u1edbn, b\u1ea1n c\u00f3 th\u1ec3 li\u00ean h\u1ec7 v\u1edbi ch\u00fang t\u00f4i \u0111\u1ec3 bi\u1ebft th\u00eam th\u00f4ng tin chi ti\u1ebft. Ch\u00fang t\u00f4i c\u0169ng c\u00f3 m\u00e1y m\u00f3c ph\u00f9 h\u1ee3p v\u1edbi y\u00eau c\u1ea7u s\u1ea3n xu\u1ea5t nh\u1ecf.<\/p>  <\/div> <\/div> <div id=\"faq-question-1670982376808\" class=\"rank-math-list-item\"> <h3 class=\"rank-math-question\">2. M\u00e1y h\u00e0n k\u00edn c\u00f3 b\u00e1n k\u00e8m theo m\u00e1y kh\u00f4ng?<\/h3> <div class=\"rank-math-answer\">  <p>C\u00f3, n\u00f3 \u0111\u01b0\u1ee3c trang b\u1ecb m\u00e1y h\u00e0n k\u00edn ho\u1eb7c m\u00e1y may t\u00f9y theo lo\u1ea1i t\u00fai. T\u1ea5t nhi\u00ean, n\u1ebfu b\u1ea1n \u0111\u00e3 mua m\u00e1y h\u00e0n k\u00edn, b\u1ea1n c\u0169ng c\u00f3 th\u1ec3 mua m\u1ed9t chi\u1ebfc.<\/p>  <\/div> <\/div> <div id=\"faq-question-1670982388050\" class=\"rank-math-list-item\"> <h3 class=\"rank-math-question\">3. \u0110\u1ed9 ch\u00ednh x\u00e1c c\u1ee7a m\u00e1y chi\u1ebft r\u00f3t nh\u01b0 th\u1ebf n\u00e0o?<\/h3> <div class=\"rank-math-answer\">  <p>M\u00e1y \u0111\u01b0\u1ee3c thi\u1ebft k\u1ebf h\u1ee3p l\u00fd, s\u1eed d\u1ee5ng h\u1ec7 th\u1ed1ng \u0111i\u1ec1u khi\u1ec3n PLC ti\u00ean ti\u1ebfn nh\u1ea5t v\u00e0 c\u00f3 \u0111\u1ed9 ch\u00ednh x\u00e1c \u00b1 0,2.<\/p>  <\/div> <\/div> <\/div> <\/div>   <h2 class=\"wp-block-heading\" id=\"h-packing-and-shipping\">M\u00e1y l\u00e0m \u0111\u1ea7y h\u1ea1t s\u1eb5n s\u00e0ng xu\u1ea5t x\u01b0\u1edfng<\/h2>    <p class=\"translation-block\">V\u00ec m\u00e1y m\u00f3c c\u1ee7a ch\u00fang t\u00f4i t\u1eeb <a rel=\"noreferrer noopener\" href=\"https:\/\/taizypackaging.com\/vi\/\" target=\"_blank\">Taizy Company<\/a> \u0111\u01b0\u1ee3c b\u00e1n tr\u00ean to\u00e0n th\u1ebf gi\u1edbi, h\u1ea7u h\u1ebft ch\u00fang \u0111\u01b0\u1ee3c v\u1eadn chuy\u1ec3n b\u1eb1ng \u0111\u01b0\u1eddng bi\u1ec3n. Ch\u00fang t\u00f4i s\u1ebd ki\u1ec3m tra c\u1ea9n th\u1eadn ch\u1ea5t l\u01b0\u1ee3ng m\u00e1y tr\u01b0\u1edbc khi giao h\u00e0ng, c\u00e0i \u0111\u1eb7t s\u1eb5n c\u00e1c th\u00f4ng s\u1ed1 v\u00e0 quay video m\u00e1y \u0111ang ho\u1ea1t \u0111\u1ed9ng \u0111\u1ec3 kh\u00e1ch h\u00e0ng tham kh\u1ea3o. Xem x\u00e9t y\u1ebfu t\u1ed1 th\u1eddi ti\u1ebft v\u00e0 c\u00e1c y\u1ebfu t\u1ed1 kh\u00f4ng th\u1ec3 ki\u1ec3m so\u00e1t kh\u00e1c trong qu\u00e1 tr\u00ecnh v\u1eadn chuy\u1ec3n, ch\u00fang t\u00f4i s\u1ebd qu\u1ea5n m\u1ed9t l\u1edbp m\u00e0ng quanh th\u00e2n m\u00e1y \u0111\u1ec3 ch\u1ed1ng \u1ea9m cho m\u00e1y trong qu\u00e1 tr\u00ecnh v\u1eadn chuy\u1ec3n, \u0111\u1ed3ng th\u1eddi ch\u00fang t\u00f4i c\u0169ng s\u1ebd \u0111\u00f3ng th\u00f9ng g\u1ed7 chuy\u00ean nghi\u1ec7p cho m\u00e1y v\u1edbi nhi\u1ec1u l\u1edbp b\u1ea3o v\u1ec7 \u0111\u1ec3 \u0111\u1ea3m b\u1ea3o m\u00e1y kh\u00f4ng b\u1ecb h\u01b0 h\u1ea1i trong qu\u00e1 tr\u00ecnh v\u1eadn chuy\u1ec3n.<\/p>    <figure class=\"wp-block-image size-full\"><img decoding=\"async\" src=\"https:\/\/taizypackaging.com\/wp-content\/uploads\/2021\/08\/\u753b\u677f-9_\u770b\u56fe\u738b.jpg\" alt=\"m\u00e1y l\u00e0m h\u1ea1t v\u1eadn chuy\u1ec3n ra n\u01b0\u1edbc ngo\u00e0i\" class=\"wp-image-2621\"\/><figcaption class=\"wp-element-caption\">m\u00e1y l\u00e0m h\u1ea1t v\u1eadn chuy\u1ec3n ra n\u01b0\u1edbc ngo\u00e0i<\/figcaption><\/figure>","protected":false},"excerpt":{"rendered":"<p>Granule filling machine here is designed for large production demand. It is commonly for items from 5kg to 50kg and used for packaging grains, nuts, dog food, fish food, rice, corn, chemical fertilizer, etc. Granule filling machine for sale here can fully automatically finish the process of quantitative weighing and filling. With stainless steel material [&hellip;]<\/p>\n","protected":false},"author":1,"featured_media":2626,"parent":0,"template":"","tags":[600,198],"product-type":[659],"class_list":["post-2616","product","type-product","status-publish","has-post-thumbnail","hentry","tag-granule-filling-machine","tag-granule-packing-machine","product-type-granule-packing-machines"],"_links":{"self":[{"href":"https:\/\/taizypackaging.com\/vi\/wp-json\/wp\/v2\/product\/2616","targetHints":{"allow":["GET"]}}],"collection":[{"href":"https:\/\/taizypackaging.com\/vi\/wp-json\/wp\/v2\/product"}],"about":[{"href":"https:\/\/taizypackaging.com\/vi\/wp-json\/wp\/v2\/types\/product"}],"author":[{"embeddable":true,"href":"https:\/\/taizypackaging.com\/vi\/wp-json\/wp\/v2\/users\/1"}],"wp:featuredmedia":[{"embeddable":true,"href":"https:\/\/taizypackaging.com\/vi\/wp-json\/wp\/v2\/media\/2626"}],"wp:attachment":[{"href":"https:\/\/taizypackaging.com\/vi\/wp-json\/wp\/v2\/media?parent=2616"}],"wp:term":[{"taxonomy":"post_tag","embeddable":true,"href":"https:\/\/taizypackaging.com\/vi\/wp-json\/wp\/v2\/tags?post=2616"},{"taxonomy":"product-type","embeddable":true,"href":"https:\/\/taizypackaging.com\/vi\/wp-json\/wp\/v2\/product-type?post=2616"}],"curies":[{"name":"wp","href":"https:\/\/api.w.org\/{rel}","templated":true}]}}