{"id":2662,"date":"2021-08-14T07:36:45","date_gmt":"2021-08-14T07:36:45","guid":{"rendered":"https:\/\/taizypackaging.com\/?p=2662"},"modified":"2024-07-17T17:49:48","modified_gmt":"2024-07-17T09:49:48","slug":"double-chamber-vacuum-packing-machine-2","status":"publish","type":"product","link":"https:\/\/taizypackaging.com\/vi\/double-chamber-vacuum-packing-machine\/","title":{"rendered":"M\u00e1y \u0111\u00f3ng g\u00f3i ch\u00e2n kh\u00f4ng bu\u1ed3ng \u0111\u00f4i"},"content":{"rendered":"<div class=\"kk-star-ratings kksr-auto kksr-align-left kksr-valign-top\"     data-payload='{&quot;align&quot;:&quot;left&quot;,&quot;id&quot;:&quot;2662&quot;,&quot;slug&quot;:&quot;default&quot;,&quot;valign&quot;:&quot;top&quot;,&quot;ignore&quot;:&quot;&quot;,&quot;reference&quot;:&quot;auto&quot;,&quot;class&quot;:&quot;&quot;,&quot;count&quot;:&quot;20&quot;,&quot;legendonly&quot;:&quot;&quot;,&quot;readonly&quot;:&quot;&quot;,&quot;score&quot;:&quot;4.7&quot;,&quot;starsonly&quot;:&quot;&quot;,&quot;best&quot;:&quot;5&quot;,&quot;gap&quot;:&quot;5&quot;,&quot;greet&quot;:&quot;Rate this product&quot;,&quot;legend&quot;:&quot;4.7\\\/5 - (20 b\u00ecnh ch\u1ecdn)&quot;,&quot;size&quot;:&quot;24&quot;,&quot;title&quot;:&quot;Double Chamber Vacuum Packing Machine&quot;,&quot;width&quot;:&quot;133.8&quot;,&quot;_legend&quot;:&quot;{score}\\\/{best} - ({count} {votes})&quot;,&quot;font_factor&quot;:&quot;1.25&quot;}'>              <div class=\"kksr-stars\">      <div class=\"kksr-stars-inactive\">             <div class=\"kksr-star\" data-star=\"1\" style=\"padding-right: 5px\">               <div class=\"kksr-icon\" style=\"width: 24px; height: 24px;\"><\/div>         <\/div>             <div class=\"kksr-star\" data-star=\"2\" style=\"padding-right: 5px\">               <div class=\"kksr-icon\" style=\"width: 24px; height: 24px;\"><\/div>         <\/div>             <div class=\"kksr-star\" data-star=\"3\" style=\"padding-right: 5px\">               <div class=\"kksr-icon\" style=\"width: 24px; height: 24px;\"><\/div>         <\/div>             <div class=\"kksr-star\" data-star=\"4\" style=\"padding-right: 5px\">               <div class=\"kksr-icon\" style=\"width: 24px; height: 24px;\"><\/div>         <\/div>             <div class=\"kksr-star\" data-star=\"5\" style=\"padding-right: 5px\">               <div class=\"kksr-icon\" style=\"width: 24px; height: 24px;\"><\/div>         <\/div>     <\/div>      <div class=\"kksr-stars-active\" style=\"width: 133.8px;\">             <div class=\"kksr-star\" style=\"padding-right: 5px\">               <div class=\"kksr-icon\" style=\"width: 24px; height: 24px;\"><\/div>         <\/div>             <div class=\"kksr-star\" style=\"padding-right: 5px\">               <div class=\"kksr-icon\" style=\"width: 24px; height: 24px;\"><\/div>         <\/div>             <div class=\"kksr-star\" style=\"padding-right: 5px\">               <div class=\"kksr-icon\" style=\"width: 24px; height: 24px;\"><\/div>         <\/div>             <div class=\"kksr-star\" style=\"padding-right: 5px\">               <div class=\"kksr-icon\" style=\"width: 24px; height: 24px;\"><\/div>         <\/div>             <div class=\"kksr-star\" style=\"padding-right: 5px\">               <div class=\"kksr-icon\" style=\"width: 24px; height: 24px;\"><\/div>         <\/div>     <\/div> <\/div>                   <div class=\"kksr-legend\" style=\"font-size: 19.2px;\">             4.7\/5 - (20 l\u01b0\u1ee3t b\u00ecnh ch\u1ecdn)    <\/div>     <\/div>  <p class=\"translation-block\"><strong>M\u00e1y \u0111\u00f3ng g\u00f3i ch\u00e2n kh\u00f4ng bu\u1ed3ng \u0111\u00f4i<\/strong> l\u00e0 m\u1ed9t lo\u1ea1i m\u00e1y ni\u00eam phong ch\u00e2n kh\u00f4ng bu\u1ed3ng ph\u1ed5 bi\u1ebfn. N\u00f3 c\u00f3 c\u00e1c \u0111\u1eb7c \u0111i\u1ec3m hi\u1ec7u qu\u1ea3 cao v\u00e0 hi\u1ec7u su\u1ea5t t\u1ed1t. M\u1ed9t <strong>m\u00e1y \u0111\u00f3ng g\u00f3i ch\u00e2n kh\u00f4ng bu\u1ed3ng \u0111\u00f4i<\/strong> \u0111\u01b0\u1ee3c thi\u1ebft k\u1ebf v\u00e0 ch\u1ebf t\u1ea1o cho nhu c\u1ea7u s\u1ea3n xu\u1ea5t v\u1eeba v\u00e0 nh\u1ecf. So v\u1edbi m\u00e1y \u0111\u00f3ng g\u00f3i ch\u00e2n kh\u00f4ng bu\u1ed3ng \u0111\u01a1n, m\u00e1y \u0111\u00f3ng g\u00f3i ch\u00e2n kh\u00f4ng bu\u1ed3ng \u0111\u00f4i c\u00f3 hai bu\u1ed3ng l\u00e0m vi\u1ec7c v\u00e0 m\u1ed9t n\u1eafp bu\u1ed3ng linh ho\u1ea1t. Do \u0111\u00f3, n\u00f3 c\u00f3 t\u1ed1c \u0111\u1ed9 ni\u00eam phong ch\u00e2n kh\u00f4ng g\u1ea5p \u0111\u00f4i so v\u1edbi m\u00e1y ni\u00eam phong ch\u00e2n kh\u00f4ng bu\u1ed3ng \u0111\u01a1n, \u0111i\u1ec1u n\u00e0y r\u1ea5t hi\u1ec7u qu\u1ea3 v\u00e0 c\u00f3 hi\u1ec7u su\u1ea5t chi ph\u00ed cao. B\u1ea1n \u0111ang t\u00ecm ki\u1ebfm m\u1ed9t <strong>m\u00e1y ni\u00eam phong ch\u00e2n kh\u00f4ng bu\u1ed3ng \u0111\u00f4i<\/strong> \u0111\u00e1ng tin c\u1eady? Li\u00ean h\u1ec7 v\u1edbi ch\u00fang t\u00f4i h\u00f4m nay \u0111\u1ec3 nh\u1eadn b\u1ea3ng gi\u00e1 mi\u1ec5n ph\u00ed. <\/p>    <h2 class=\"wp-block-heading\" id=\"h-the-workflow-of-double-chamber-vacuum-packer\">Video ho\u1ea1t \u0111\u1ed9ng c\u1ee7a m\u00e1y h\u00fat ch\u00e2n kh\u00f4ng bu\u1ed3ng \u0111\u00f4i<\/h2>   <figure class=\"wp-block-embed-youtube wp-block-embed is-type-video is-provider-youtube wp-embed-aspect-16-9 wp-has-aspect-ratio\"><div class=\"lyte-wrapper fourthree\" title=\"M\u00e1y \u0111\u00f3ng g\u00f3i ch\u00e2n kh\u00f4ng bu\u1ed3ng \u0111\u00f4i si\u00eau hi\u1ec7u qu\u1ea3 cho th\u1ecbt, tr\u00e1i c\u00e2y, rau, h\u1ea3i s\u1ea3n, v.v.\" style=\"width:960px;max-width:100%;margin:5px auto;\"><div class=\"lyMe hidef\" id=\"WYL_aPYp44oAyio\" itemprop=\"video\" itemscope itemtype=\"https:\/\/schema.org\/VideoObject\"><div><meta itemprop=\"thumbnailUrl\" content=\"https:\/\/taizypackaging.com\/wp-content\/plugins\/wp-youtube-lyte\/lyteCache.php?origThumbUrl=https%3A%2F%2Fi.ytimg.com%2Fvi%2FaPYp44oAyio%2Fmaxresdefault.jpg\" \/><meta itemprop=\"embedURL\" content=\"https:\/\/www.youtube.com\/embed\/aPYp44oAyio\" \/><meta itemprop=\"duration\" content=\"PT1M\" \/><meta itemprop=\"uploadDate\" content=\"2021-08-13T01:02:39Z\" \/><\/div><div id=\"lyte_aPYp44oAyio\" data-src=\"https:\/\/taizypackaging.com\/wp-content\/plugins\/wp-youtube-lyte\/lyteCache.php?origThumbUrl=https%3A%2F%2Fi.ytimg.com%2Fvi%2FaPYp44oAyio%2Fmaxresdefault.jpg\" class=\"pL\"><div class=\"tC\"><div class=\"tT\" itemprop=\"name\">M\u00e1y \u0111\u00f3ng g\u00f3i ch\u00e2n kh\u00f4ng bu\u1ed3ng \u0111\u00f4i si\u00eau hi\u1ec7u qu\u1ea3 cho th\u1ecbt, tr\u00e1i c\u00e2y, rau, h\u1ea3i s\u1ea3n, v.v.<\/div><\/div><div class=\"play\"><\/div><div class=\"ctrl\"><div class=\"Lctrl\"><\/div><div class=\"Rctrl\"><\/div><\/div><\/div><noscript><a href=\"https:\/\/youtu.be\/aPYp44oAyio\" rel=\"nofollow noopener\" target=\"_blank\"><img loading=\"lazy\" decoding=\"async\" src=\"https:\/\/taizypackaging.com\/wp-content\/plugins\/wp-youtube-lyte\/lyteCache.php?origThumbUrl=https%3A%2F%2Fi.ytimg.com%2Fvi%2FaPYp44oAyio%2F0.jpg\" alt=\"M\u00e1y \u0111\u00f3ng g\u00f3i ch\u00e2n kh\u00f4ng bu\u1ed3ng \u0111\u00f4i si\u00eau hi\u1ec7u qu\u1ea3 cho th\u1ecbt, tr\u00e1i c\u00e2y, rau, h\u1ea3i s\u1ea3n, v.v.\" width=\"960\" height=\"700\" \/><br \/>Xem video n\u00e0y tr\u00ean YouTube<\/a><\/noscript><meta itemprop=\"description\" content=\"#vacuumpackaging #vacuumsealer #vacuumpacker Email: info@taizypackaging.com WhatsApp\/Wechat\/Tel:+86 18837171591 Useful link: https:\/\/taizypackaging.com\/double-chamber-vacuum-packing-machine\/ ---------------------------------------------------- The\u00a0double chamber vacuum packing machine\u00a0has two vacuum chambers. It uses a vacuum cover to work alternately on the two vacuum chambers to achieve the purpose of improving work efficiency. When one vacuum chamber is evacuating, the other vacuum chamber can place packaging items; therefore, the labor-saving device that is specially designed for the swing of the vacuum cover greatly reduces the labor intensity of the operator. Compared with a single chamber vacuum packing machine, a double chamber vacuum packing machine has higher efficiency. It is a kind of commercial vacuum packing machine. It is suitable for various meats, vegetables, fruits, seafood, etc. ---------------------------------------------------- You may also like these videos: https:\/\/www.youtube.com\/watch?v=ogHoh9d3IKc ---------------------------------------------------- Email: info@taizypackaging.com WhatsApp\/Wechat\/Tel:+86 18837171591 Useful link: https:\/\/taizypackaging.com\/double-chamber-vacuum-packing-machine\/\"><\/div><\/div><div class=\"lL\" style=\"max-width:100%;width:960px;margin:5px auto;\"><\/div><figcaption><\/figcaption><\/figure>   <h2 class=\"wp-block-heading\" id=\"h-the-brief-introduction-of-double-chamber-vacuum-packing-machine\">M\u00e1y \u0111\u00f3ng g\u00f3i ch\u00e2n kh\u00f4ng bu\u1ed3ng \u0111\u00f4i l\u00e0 g\u00ec? <\/h2>    <p class=\"translation-block\"><strong>M\u1ed9t m\u00e1y \u0111\u00f3ng g\u00f3i ch\u00e2n kh\u00f4ng bu\u1ed3ng \u0111\u00f4i<\/strong>, c\u00f2n \u0111\u01b0\u1ee3c g\u1ecdi l\u00e0 m\u00e1y ni\u00eam phong ch\u00e2n kh\u00f4ng bu\u1ed3ng \u0111\u00f4i ho\u1eb7c m\u00e1y ni\u00eam phong ch\u00e2n kh\u00f4ng bu\u1ed3ng \u0111\u00f4i, l\u00e0 m\u1ed9t thi\u1ebft b\u1ecb \u0111\u00f3ng g\u00f3i ch\u00e2n kh\u00f4ng th\u01b0\u01a1ng m\u1ea1i xu\u1ea5t s\u1eafc. V\u1edbi hai bu\u1ed3ng, n\u00f3 c\u00f3 hi\u1ec7u su\u1ea5t cao h\u01a1n nhi\u1ec1u so v\u1edbi m\u1ed9t <a href=\"https:\/\/taizypackaging.com\/vi\/single-chamber-vacuum-packing-machine\/\">m\u00e1y \u0111\u00f3ng g\u00f3i ch\u00e2n kh\u00f4ng bu\u1ed3ng \u0111\u01a1n<\/a> ho\u1eb7c m\u1ed9t m\u00e1y \u0111\u00f3ng g\u00f3i ch\u00e2n kh\u00f4ng \u0111\u1ec3 b\u00e0n. Ngo\u00e0i ra, m\u00e1y \u0111\u00f3ng g\u00f3i ch\u00e2n kh\u00f4ng bu\u1ed3ng \u0111\u00f4i s\u1eed d\u1ee5ng m\u1ed9t n\u1eafp ch\u00e2n kh\u00f4ng \u0111\u1ec3 l\u00e0m vi\u1ec7c lu\u00e2n phi\u00ean tr\u00ean hai bu\u1ed3ng ch\u00e2n kh\u00f4ng nh\u1eb1m \u0111\u1ea1t \u0111\u01b0\u1ee3c hi\u1ec7u su\u1ea5t \u0111\u00f3ng g\u00f3i ch\u00e2n kh\u00f4ng xu\u1ea5t s\u1eafc. Khi m\u1ed9t bu\u1ed3ng ch\u00e2n kh\u00f4ng \u0111ang h\u00fat, bu\u1ed3ng ch\u00e2n kh\u00f4ng kh\u00e1c c\u00f3 th\u1ec3 \u0111\u1eb7t c\u00e1c v\u1eadt ph\u1ea9m \u0111\u00f3ng g\u00f3i; do \u0111\u00f3, thi\u1ebft b\u1ecb ti\u1ebft ki\u1ec7m lao \u0111\u1ed9ng \u0111\u01b0\u1ee3c thi\u1ebft k\u1ebf \u0111\u1eb7c bi\u1ec7t cho vi\u1ec7c xoay n\u1eafp ch\u00e2n kh\u00f4ng gi\u1ea3m \u0111\u00e1ng k\u1ec3 c\u01b0\u1eddng \u0111\u1ed9 lao \u0111\u1ed9ng c\u1ee7a ng\u01b0\u1eddi v\u1eadn h\u00e0nh.<\/p>    <figure class=\"wp-block-image size-full\"><img loading=\"lazy\" decoding=\"async\" width=\"720\" height=\"540\" src=\"https:\/\/taizypackaging.com\/wp-content\/uploads\/2021\/08\/double-chamber-vacuum-packing-machine.jpg\" alt=\"m\u00e1y \u0111\u00f3ng g\u00f3i ch\u00e2n kh\u00f4ng bu\u1ed3ng \u0111\u00f4i\" class=\"wp-image-3908\" srcset=\"https:\/\/taizypackaging.com\/wp-content\/uploads\/2021\/08\/double-chamber-vacuum-packing-machine.jpg 720w, https:\/\/taizypackaging.com\/wp-content\/uploads\/2021\/08\/double-chamber-vacuum-packing-machine-300x225.jpg 300w\" sizes=\"auto, (max-width: 720px) 100vw, 720px\" \/><figcaption class=\"wp-element-caption\">m\u00e1y \u0111\u00f3ng g\u00f3i ch\u00e2n kh\u00f4ng bu\u1ed3ng \u0111\u00f4i<\/figcaption><\/figure>    <h2 class=\"wp-block-heading\" id=\"h-the-application-of-double-chamber-vacuum-packing-machine\">\u1ee8ng d\u1ee5ng m\u00e1y \u0111\u00f3ng g\u00f3i ch\u00e2n kh\u00f4ng bu\u1ed3ng \u0111\u00f4i<\/h2>    <p>M\u00e1y \u0111\u00f3ng g\u00f3i ch\u00e2n kh\u00f4ng bu\u1ed3ng \u0111\u00f4i th\u00edch h\u1ee3p \u0111\u1ec3 h\u00fat ch\u00e2n kh\u00f4ng c\u00e1c s\u1ea3n ph\u1ea9m th\u1ef1c ph\u1ea9m kh\u00e1c nhau b\u1eb1ng c\u00e1ch s\u1eed d\u1ee5ng v\u1eadt li\u1ec7u m\u00e0ng composite b\u1eb1ng nh\u1ef1a ho\u1eb7c l\u00e1 nh\u00f4m. N\u00f3 c\u00f3 th\u1ec3 \u0111\u00f3ng g\u00f3i th\u1ef1c ph\u1ea9m d\u1ea1ng l\u1ecfng, b\u00e1n l\u1ecfng, d\u1ea1ng h\u1ea1t r\u1eafn, d\u1ea1ng b\u1ed9t, d\u1ea1ng nh\u00e3o, nh\u01b0 tr\u00e1i c\u00e2y t\u01b0\u01a1i, rau, th\u1ecbt, x\u00fac x\u00edch, th\u1ecbt x\u00f4ng kh\u00f3i, g\u1ea1o, hoa, h\u00f3a ch\u1ea5t, d\u01b0\u1ee3c li\u1ec7u c\u00f3 gi\u00e1 tr\u1ecb, th\u01b0 ph\u00e1p v\u00e0 h\u1ed9i h\u1ecda c\u00f3 gi\u00e1 tr\u1ecb, linh ki\u1ec7n \u0111i\u1ec7n t\u1eed, c\u00e1c s\u1ea3n ph\u1ea9m ch\u1ed1ng s\u00e2u b\u01b0\u1edbm, ch\u1ed1ng \u0103n m\u00f2n, ch\u1ed1ng \u1ea9m, ch\u1ed1ng n\u1ea5m m\u1ed1c v\u00e0 ch\u1ed1ng oxy h\u00f3a kh\u00e1c nhau. \u0110\u00f3ng g\u00f3i ch\u00e2n kh\u00f4ng ho\u1eb7c \u0111\u00f3ng g\u00f3i ch\u1ee9a \u0111\u1ea7y nit\u01a1 ch\u00e2n kh\u00f4ng \u0111\u1ec3 k\u00e9o d\u00e0i th\u1eddi h\u1ea1n s\u1eed d\u1ee5ng. T\u1ea1i nh\u00e0 m\u00e1y M\u00e1y \u0111\u00f3ng g\u00f3i Taizy, ch\u00fang t\u00f4i c\u0169ng cung c\u1ea5p m\u00e1y \u0111\u00f3ng g\u00f3i ch\u00e2n kh\u00f4ng bu\u1ed3ng \u0111\u01a1n v\u00e0 m\u00e1y \u0111\u00f3ng g\u00f3i ch\u00e2n kh\u00f4ng \u0111\u1ec3 b\u00e0n tuy\u1ec7t v\u1eddi. <\/p>    <figure class=\"wp-block-image size-full\"><img decoding=\"async\" src=\"https:\/\/taizypackaging.com\/wp-content\/uploads\/2021\/08\/vacuum-sealing-machine-applications.jpg\" alt=\"\u1ee9ng d\u1ee5ng m\u00e1y h\u00fat ch\u00e2n kh\u00f4ng\" class=\"wp-image-3905\"\/><figcaption class=\"wp-element-caption\">\u1ee9ng d\u1ee5ng m\u00e1y h\u00fat ch\u00e2n kh\u00f4ng<\/figcaption><\/figure>    <h2 class=\"wp-block-heading\" id=\"h-machine-parameters\">Th\u00f4ng s\u1ed1 m\u00e1y \u0111\u00f3ng g\u00f3i ch\u00e2n kh\u00f4ng bu\u1ed3ng \u0111\u00f4i<\/h2>    <figure class=\"wp-block-table\"><table><tbody><tr><td>Ng\u01b0\u1eddi m\u1eabu<\/td><td>DZ400\/2SB<\/td><td>DZ500\/2SB<\/td><td>DZ600\/2SB<\/td><td>DZS600\/2SB<\/td><\/tr><tr><td>Quy\u1ec1n l\u1ef1c<\/td><td>220V\/380V<\/td><td>220V\/380V<\/td><td>220V\/380V<\/td><td>220V\/380V<\/td><\/tr><tr><td>C\u00f4ng su\u1ea5t b\u01a1m ch\u00e2n kh\u00f4ng<\/td><td>750W<\/td><td>1500W<\/td><td>1500W<\/td><td>2250W<\/td><\/tr><tr><td>S\u1ee9c m\u1ea1nh ni\u00eam phong<\/td><td>800W<\/td><td>1200W<\/td><td>1500W<\/td><td>1500W<\/td><\/tr><tr><td>\u00c1p su\u1ea5t tuy\u1ec7t \u0111\u1ed1i th\u1ea5p nh\u1ea5t<\/td><td>1Kpa<\/td><td>1Kpa<\/td><td>1Kpa<\/td><td>1Kpa<\/td><\/tr><tr><td>M\u1ea3nh d\u00e1n<\/td><td>2<\/td><td>2<\/td><td>2<\/td><td>2<\/td><\/tr><tr><td>K\u00edch th\u01b0\u1edbc bu\u1ed3ng ch\u00e2n kh\u00f4ng<\/td><td>440*<em>490<\/em>*70mm<\/td><td>570*<em>540<\/em>*70mm<\/td><td>720*<em>515<\/em>*70mm<\/td><td>670*<em>550<\/em>*70<\/td><\/tr><tr><td>K\u00edch th\u01b0\u1edbc ni\u00eam phong<\/td><td>400*12mm<\/td><td>500*12mm<\/td><td>600*12mm<\/td><td>600*12mm<\/td><\/tr><tr><td>C\u00e2n n\u1eb7ng<\/td><td>180kg<\/td><td>230kg<\/td><td>285kg<\/td><td>320kg<\/td><\/tr><tr><td>K\u00edch th\u01b0\u1edbc m\u00e1y<\/td><td>990*<em>630<\/em>*940mm<\/td><td>1255*<em>700<\/em>*950mm<\/td><td>1450*<em>620<\/em>*1230mm<\/td><td>1450*<em>620<\/em>*1230mm<\/td><\/tr><\/tbody><\/table><\/figure>    <h2 class=\"wp-block-heading\" id=\"h-the-design-features-of-double-chamber-packaging-machine\">\u0110\u1eb7c \u0111i\u1ec3m thi\u1ebft k\u1ebf c\u1ee7a m\u00e1y \u0111\u00f3ng g\u00f3i bu\u1ed3ng \u0111\u00f4i<\/h2>    <ul class=\"wp-block-list\"> <li>C\u00f3 nhi\u1ec1u \u1ee9ng d\u1ee5ng, c\u1ea3 \u0111\u1ed3 kh\u00f4 v\u00e0 \u0111\u1ed3 \u01b0\u1edbt \u0111\u1ec1u c\u00f3 th\u1ec3 \u0111\u01b0\u1ee3c \u0111\u00f3ng g\u00f3i.<\/li>    <li>L\u1edbp v\u1ecf inox d\u00e0y d\u1eb7n ch\u1eafc ch\u1eafn, b\u1ec1n \u0111\u1eb9p, thi\u1ebft k\u1ebf h\u1ee3p l\u00fd, \u0111\u1eb9p m\u1eaft. D\u00f9ng inox 304 ti\u1ebfp x\u00fac v\u1edbi t\u00fai h\u00fat ch\u00e2n kh\u00f4ng \u0111\u1ea1t ti\u00eau chu\u1ea9n.<\/li>    <li>\u00c1p d\u1ee5ng h\u1ec7 th\u1ed1ng \u0111i\u1ec1u khi\u1ec3n th\u00f4ng minh plc, \u0111i\u1ec1u ch\u1ec9nh m\u00e0n h\u00ecnh hi\u1ec3n th\u1ecb d\u1ec5 \u0111i\u1ec1u khi\u1ec3n, \u0111\u1ea1t \u0111\u01b0\u1ee3c hi\u1ec7u qu\u1ea3 \u0111\u00f3ng g\u00f3i t\u1ed1t h\u01a1n.<\/li>    <li>Bu\u1ed3ng \u0111\u00f4i thi\u1ebft k\u1ebf kh\u00f4ng gian r\u1ed9ng, hi\u1ec7u qu\u1ea3 l\u00e0m vi\u1ec7c cao.<\/li> <\/ul>    <div class=\"wp-block-columns is-layout-flex wp-container-core-columns-is-layout-9d6595d7 wp-block-columns-is-layout-flex\"> <div class=\"wp-block-column is-layout-flow wp-block-column-is-layout-flow\"> <figure class=\"wp-block-image size-full\"><img decoding=\"async\" src=\"https:\/\/taizypackaging.com\/wp-content\/uploads\/2021\/08\/vacuum-chambers.jpg\" alt=\"bu\u1ed3ng ch\u00e2n kh\u00f4ng\" class=\"wp-image-3919\"\/><figcaption class=\"wp-element-caption\">bu\u1ed3ng ch\u00e2n kh\u00f4ng<\/figcaption><\/figure> <\/div>    <div class=\"wp-block-column is-layout-flow wp-block-column-is-layout-flow\"> <figure class=\"wp-block-image size-full\"><img decoding=\"async\" src=\"https:\/\/taizypackaging.com\/wp-content\/uploads\/2021\/08\/stainless-steel-body-structure.jpg\" alt=\"k\u1ebft c\u1ea5u th\u00e2n th\u00e9p kh\u00f4ng g\u1ec9\" class=\"wp-image-3920\"\/><figcaption class=\"wp-element-caption\">k\u1ebft c\u1ea5u th\u00e2n th\u00e9p kh\u00f4ng g\u1ec9<\/figcaption><\/figure> <\/div> <\/div>    <div class=\"wp-block-columns is-layout-flex wp-container-core-columns-is-layout-9d6595d7 wp-block-columns-is-layout-flex\"> <div class=\"wp-block-column is-layout-flow wp-block-column-is-layout-flow\"> <figure class=\"wp-block-image size-full\"><img decoding=\"async\" src=\"https:\/\/taizypackaging.com\/wp-content\/uploads\/2021\/08\/electrical-control-box-of-the-vacuum-sealer.jpg\" alt=\"h\u1ed9p \u0111i\u1ec1u khi\u1ec3n \u0111i\u1ec7n c\u1ee7a m\u00e1y h\u00fat ch\u00e2n kh\u00f4ng\" class=\"wp-image-3921\"\/><figcaption class=\"wp-element-caption\">h\u1ed9p \u0111i\u1ec1u khi\u1ec3n \u0111i\u1ec7n c\u1ee7a m\u00e1y h\u00fat ch\u00e2n kh\u00f4ng<\/figcaption><\/figure> <\/div>    <div class=\"wp-block-column is-layout-flow wp-block-column-is-layout-flow\"> <figure class=\"wp-block-image size-full\"><img decoding=\"async\" src=\"https:\/\/taizypackaging.com\/wp-content\/uploads\/2021\/08\/control-panel.jpg\" alt=\"b\u1ea3ng \u0111i\u1ec1u khi\u1ec3n\" class=\"wp-image-3922\"\/><figcaption class=\"wp-element-caption\">b\u1ea3ng \u0111i\u1ec1u khi\u1ec3n<\/figcaption><\/figure> <\/div> <\/div>    <h2 class=\"wp-block-heading\" id=\"operation-and-maintainence-of-taizy-double-chamber-vacuum-sealer\">V\u1eadn h\u00e0nh v\u00e0 b\u1ea3o tr\u00ec m\u00e1y h\u00fat ch\u00e2n kh\u00f4ng bu\u1ed3ng \u0111\u00f4i Taizy<\/h2>    <ul class=\"wp-block-list\"> <li>C\u00e1c b\u1ed9 ph\u1eadn hao m\u00f2n c\u1ee7a m\u00e1y \u0111\u00f3ng g\u00f3i ch\u00e2n kh\u00f4ng bu\u1ed3ng \u0111\u00f4i l\u00e0 d\u1ea3i gia nhi\u1ec7t v\u00e0 b\u01a1m ch\u00e2n kh\u00f4ng. D\u1ea3i s\u01b0\u1edfi \u0111\u01b0\u1ee3c thay th\u1ebf kho\u1ea3ng s\u00e1u th\u00e1ng m\u1ed9t l\u1ea7n v\u00e0 b\u01a1m ch\u00e2n kh\u00f4ng \u0111\u01b0\u1ee3c b\u1ea3o tr\u00ec m\u1ed7i n\u0103m m\u1ed9t l\u1ea7n. D\u1ea7u b\u01a1m ch\u00e2n kh\u00f4ng c\u1ea7n \u0111\u01b0\u1ee3c thay th\u1ebf th\u01b0\u1eddng xuy\u00ean v\u00e0 v\u00e0o nh\u1eefng th\u1eddi \u0111i\u1ec3m kh\u00e1c nhau t\u00f9y theo t\u1ea7n su\u1ea5t s\u1eed d\u1ee5ng. N\u1ebfu kh\u00f4ng, n\u00f3 c\u0169ng s\u1ebd \u1ea3nh h\u01b0\u1edfng \u0111\u1ebfn vi\u1ec7c s\u1eed d\u1ee5ng b\u00ecnh th\u01b0\u1eddng c\u1ee7a m\u00e1y.<\/li>    <li>Khi \u0111\u1eb7t s\u1ea3n ph\u1ea9m, c\u1ea7n ch\u1eeba kho\u1ea3ng tr\u1ed1ng \u1edf c\u1ea3 hai b\u00ean \u0111\u1ec3 \u0111\u1ea1t \u0111\u01b0\u1ee3c hi\u1ec7u qu\u1ea3 \u0111\u00f3ng g\u00f3i t\u1ed1t h\u01a1n.<\/li> <\/ul>    <h2 class=\"wp-block-heading\" id=\"h-related-machines\">C\u1ea7n b\u00e1n m\u00e1y \u0111\u00f3ng g\u00f3i ch\u00e2n kh\u00f4ng li\u00ean quan<\/h2>    <p class=\"translation-block\">M\u00e1y \u0111\u00f3ng g\u00f3i ch\u00e2n kh\u00f4ng bu\u1ed3ng \u0111\u00f4i l\u00e0 s\u1ea3n ph\u1ea9m n\u00f3ng c\u1ee7a ch\u00fang t\u00f4i. N\u00f3 c\u00f3 hi\u1ec7u su\u1ea5t si\u00eau cao v\u00e0 hi\u1ec7u su\u1ea5t t\u1ed1t. V\u00e0 n\u00f3 c\u00f3 th\u1ec3 mang l\u1ea1i l\u1ee3i \u00edch l\u1edbn cho doanh nghi\u1ec7p nh\u1ecf c\u1ee7a b\u1ea1n. Ngo\u00e0i ra, c\u00f2n c\u00f3 c\u00e1c m\u00e1y \u0111\u00f3ng g\u00f3i ch\u00e2n kh\u00f4ng bu\u1ed3ng \u0111\u01a1n c\u00f4ng nghi\u1ec7p v\u00e0 <a href=\"https:\/\/taizypackaging.com\/vi\/vacuum-packing-machine\/\">m\u00e1y \u0111\u00f3ng g\u00f3i ch\u00e2n kh\u00f4ng \u0111\u1ec3 b\u00e0n di \u0111\u1ed9ng<\/a> c\u00f3 s\u1eb5n t\u1eeb nh\u00e0 m\u00e1y c\u1ee7a ch\u00fang t\u00f4i. T\u1ea5t c\u1ea3 c\u00e1c m\u00e1y c\u1ee7a ch\u00fang t\u00f4i \u0111\u01b0\u1ee3c thi\u1ebft k\u1ebf v\u00e0 ch\u1ebf t\u1ea1o theo ti\u00eau chu\u1ea9n qu\u1ed1c t\u1ebf. H\u01a1n n\u1eefa, c\u00e1c m\u00e1y ni\u00eam phong ch\u00e2n kh\u00f4ng c\u1ee7a ch\u00fang t\u00f4i \u0111\u00e3 \u0111\u01b0\u1ee3c v\u1eadn chuy\u1ec3n th\u00e0nh c\u00f4ng \u0111\u1ebfn h\u01a1n 40 qu\u1ed1c gia v\u00e0 khu v\u1ef1c. Ch\u00e0o m\u1eebng b\u1ea1n li\u00ean h\u1ec7 v\u1edbi ch\u00fang t\u00f4i \u0111\u1ec3 nh\u1eadn b\u00e1o gi\u00e1 mi\u1ec5n ph\u00ed. <\/p>    <figure class=\"wp-block-image size-full\"><a href=\"https:\/\/taizypackaging.com\/vi\/machines-category\/vpm\/\"><img decoding=\"async\" src=\"https:\/\/taizypackaging.com\/wp-content\/uploads\/2021\/08\/\u753b\u677f-12_\u770b\u56fe\u738b.jpg\" alt=\"m\u00e1y h\u00fat ch\u00e2n kh\u00f4ng bu\u1ed3ng \u0111\u01a1n v\u00e0 m\u00e1y h\u00fat ch\u00e2n kh\u00f4ng \u0111\u1ec3 b\u00e0n.\" class=\"wp-image-2676\"\/><\/a><figcaption class=\"wp-element-caption\">m\u00e1y h\u00fat ch\u00e2n kh\u00f4ng bu\u1ed3ng \u0111\u01a1n v\u00e0 m\u00e1y h\u00fat ch\u00e2n kh\u00f4ng \u0111\u1ec3 b\u00e0n<\/figcaption><\/figure>","protected":false},"excerpt":{"rendered":"<p>Double chamber vacuum packing machine is a popular type of chamber vacuum sealing machine. It has features of high efficiency and good performance. A double chamber vacuum packaging machine is designed and manufactured for small and medium-sized production demand. Compared with a single chamber vacuum packing machine, a double chamber vacuum packing machine has two [&hellip;]<\/p>\n","protected":false},"author":1,"featured_media":2665,"parent":0,"template":"","tags":[137,601,507],"product-type":[666],"class_list":["post-2662","product","type-product","status-publish","has-post-thumbnail","hentry","tag-double-chamber-vacuum-packing-machine","tag-double-chamber-vacuum-sealer","tag-vacuum-packing-machine","product-type-vacuum-packaging-machines"],"_links":{"self":[{"href":"https:\/\/taizypackaging.com\/vi\/wp-json\/wp\/v2\/product\/2662","targetHints":{"allow":["GET"]}}],"collection":[{"href":"https:\/\/taizypackaging.com\/vi\/wp-json\/wp\/v2\/product"}],"about":[{"href":"https:\/\/taizypackaging.com\/vi\/wp-json\/wp\/v2\/types\/product"}],"author":[{"embeddable":true,"href":"https:\/\/taizypackaging.com\/vi\/wp-json\/wp\/v2\/users\/1"}],"wp:featuredmedia":[{"embeddable":true,"href":"https:\/\/taizypackaging.com\/vi\/wp-json\/wp\/v2\/media\/2665"}],"wp:attachment":[{"href":"https:\/\/taizypackaging.com\/vi\/wp-json\/wp\/v2\/media?parent=2662"}],"wp:term":[{"taxonomy":"post_tag","embeddable":true,"href":"https:\/\/taizypackaging.com\/vi\/wp-json\/wp\/v2\/tags?post=2662"},{"taxonomy":"product-type","embeddable":true,"href":"https:\/\/taizypackaging.com\/vi\/wp-json\/wp\/v2\/product-type?post=2662"}],"curies":[{"name":"wp","href":"https:\/\/api.w.org\/{rel}","templated":true}]}}