{"id":2713,"date":"2021-08-20T11:40:00","date_gmt":"2021-08-20T11:40:00","guid":{"rendered":"https:\/\/taizypackaging.com\/?p=2713"},"modified":"2024-07-16T18:20:06","modified_gmt":"2024-07-16T10:20:06","slug":"carton-sealing-machine-for-sale","status":"publish","type":"product","link":"https:\/\/taizypackaging.com\/vi\/carton-sealing-machine-for-sale\/","title":{"rendered":"M\u00e1y d\u00e1n th\u00f9ng carton"},"content":{"rendered":"<div class=\"kk-star-ratings kksr-auto kksr-align-left kksr-valign-top\"     data-payload='{&quot;align&quot;:&quot;left&quot;,&quot;id&quot;:&quot;2713&quot;,&quot;slug&quot;:&quot;default&quot;,&quot;valign&quot;:&quot;top&quot;,&quot;ignore&quot;:&quot;&quot;,&quot;reference&quot;:&quot;auto&quot;,&quot;class&quot;:&quot;&quot;,&quot;count&quot;:&quot;8&quot;,&quot;legendonly&quot;:&quot;&quot;,&quot;readonly&quot;:&quot;&quot;,&quot;score&quot;:&quot;4.6&quot;,&quot;starsonly&quot;:&quot;&quot;,&quot;best&quot;:&quot;5&quot;,&quot;gap&quot;:&quot;5&quot;,&quot;greet&quot;:&quot;Rate this product&quot;,&quot;legend&quot;:&quot;4.6\\\/5 - (8 b\u00ecnh ch\u1ecdn)&quot;,&quot;size&quot;:&quot;24&quot;,&quot;title&quot;:&quot;Carton Sealing Machine&quot;,&quot;width&quot;:&quot;130.9&quot;,&quot;_legend&quot;:&quot;{score}\\\/{best} - ({count} {votes})&quot;,&quot;font_factor&quot;:&quot;1.25&quot;}'>              <div class=\"kksr-stars\">      <div class=\"kksr-stars-inactive\">             <div class=\"kksr-star\" data-star=\"1\" style=\"padding-right: 5px\">               <div class=\"kksr-icon\" style=\"width: 24px; height: 24px;\"><\/div>         <\/div>             <div class=\"kksr-star\" data-star=\"2\" style=\"padding-right: 5px\">               <div class=\"kksr-icon\" style=\"width: 24px; height: 24px;\"><\/div>         <\/div>             <div class=\"kksr-star\" data-star=\"3\" style=\"padding-right: 5px\">               <div class=\"kksr-icon\" style=\"width: 24px; height: 24px;\"><\/div>         <\/div>             <div class=\"kksr-star\" data-star=\"4\" style=\"padding-right: 5px\">               <div class=\"kksr-icon\" style=\"width: 24px; height: 24px;\"><\/div>         <\/div>             <div class=\"kksr-star\" data-star=\"5\" style=\"padding-right: 5px\">               <div class=\"kksr-icon\" style=\"width: 24px; height: 24px;\"><\/div>         <\/div>     <\/div>      <div class=\"kksr-stars-active\" style=\"width: 130.9px;\">             <div class=\"kksr-star\" style=\"padding-right: 5px\">               <div class=\"kksr-icon\" style=\"width: 24px; height: 24px;\"><\/div>         <\/div>             <div class=\"kksr-star\" style=\"padding-right: 5px\">               <div class=\"kksr-icon\" style=\"width: 24px; height: 24px;\"><\/div>         <\/div>             <div class=\"kksr-star\" style=\"padding-right: 5px\">               <div class=\"kksr-icon\" style=\"width: 24px; height: 24px;\"><\/div>         <\/div>             <div class=\"kksr-star\" style=\"padding-right: 5px\">               <div class=\"kksr-icon\" style=\"width: 24px; height: 24px;\"><\/div>         <\/div>             <div class=\"kksr-star\" style=\"padding-right: 5px\">               <div class=\"kksr-icon\" style=\"width: 24px; height: 24px;\"><\/div>         <\/div>     <\/div> <\/div>                   <div class=\"kksr-legend\" style=\"font-size: 19.2px;\">             4.6\/5 - (8 l\u01b0\u1ee3t b\u00ecnh ch\u1ecdn)    <\/div>     <\/div>  <p class=\"translation-block\"><strong>M\u00e1y d\u00e1n th\u00f9ng<\/strong>, m\u00e1y \u0111\u00f3ng th\u00f9ng ho\u1eb7c m\u00e1y d\u00e1n b\u0103ng d\u00ednh th\u00f9ng \u0111\u01b0\u1ee3c \u1ee9ng d\u1ee5ng ch\u1ee7 y\u1ebfu trong \u0111\u00f3ng g\u00f3i th\u00f9ng carton. So v\u1edbi v\u1eadn h\u00e0nh th\u1ee7 c\u00f4ng, n\u00f3 c\u00f3 th\u1ec3 n\u00e2ng cao hi\u1ec7u qu\u1ea3 c\u1ee7a b\u1ea1n. N\u00f3i t\u00f3m l\u1ea1i, n\u00f3 c\u00f3 th\u1ec3 l\u00e0m t\u1ed1t h\u01a1n con ng\u01b0\u1eddi v\u1ec1 vi\u1ec7c \u0111\u00f3ng g\u00f3i th\u00f9ng. <strong>M\u00e1y \u0111\u00f3ng g\u00f3i th\u00f9ng<\/strong> n\u00e0y th\u01b0\u1eddng ho\u1ea1t \u0111\u1ed9ng c\u00f9ng v\u1edbi c\u00e1c thi\u1ebft b\u1ecb kh\u00e1c, ch\u1eb3ng h\u1ea1n nh\u01b0 m\u00e1y m\u1edf th\u00f9ng, m\u00e1y d\u00e1n nh\u00e3n, m\u00e1y in date, v.v. Do \u0111\u00f3, c\u00f3 m\u00e1y d\u00e1n th\u00f9ng ho\u00e0n to\u00e0n t\u1ef1 \u0111\u1ed9ng. <strong>M\u00e1y d\u00e1n th\u00f9ng<\/strong> \u0111\u01b0\u1ee3c s\u1eed d\u1ee5ng r\u1ed9ng r\u00e3i trong ng\u00e0nh th\u1ef1c ph\u1ea9m, \u0111\u1ed3 u\u1ed1ng, y t\u1ebf, h\u00f3a ch\u1ea5t, \u0111i\u1ec7n t\u1eed, c\u00e1p, thu\u1ed1c l\u00e1 v\u00e0 nhi\u1ec1u ng\u00e0nh c\u00f4ng nghi\u1ec7p kh\u00e1c. N\u1ebfu b\u1ea1n \u0111ang t\u00ecm ki\u1ebfm m\u1ed9t gi\u1ea3i ph\u00e1p \u0111\u00f3ng g\u00f3i th\u00f9ng \u0111\u00e1ng tin c\u1eady, h\u00e3y li\u00ean h\u1ec7 v\u1edbi ch\u00fang t\u00f4i \u0111\u1ec3 nh\u1eadn b\u1ea3ng gi\u00e1 mi\u1ec5n ph\u00ed. <\/p>   <figure class=\"wp-block-embed-youtube wp-block-embed is-type-video is-provider-youtube wp-embed-aspect-16-9 wp-has-aspect-ratio\"><div class=\"lyte-wrapper fourthree\" title=\"C\u1ea7n b\u00e1n m\u00e1y d\u00e1n th\u00f9ng carton\" style=\"width:960px;max-width:100%;margin:5px auto;\"><div class=\"lyMe hidef\" id=\"WYL_xRSpEOnrlN0\" itemprop=\"video\" itemscope itemtype=\"https:\/\/schema.org\/VideoObject\"><div><meta itemprop=\"thumbnailUrl\" content=\"https:\/\/taizypackaging.com\/wp-content\/plugins\/wp-youtube-lyte\/lyteCache.php?origThumbUrl=https%3A%2F%2Fi.ytimg.com%2Fvi%2FxRSpEOnrlN0%2Fmaxresdefault.jpg\" \/><meta itemprop=\"embedURL\" content=\"https:\/\/www.youtube.com\/embed\/xRSpEOnrlN0\" \/><meta itemprop=\"duration\" content=\"PT52S\" \/><meta itemprop=\"uploadDate\" content=\"2021-08-23T12:46:27Z\" \/><\/div><meta itemprop=\"accessibilityFeature\" content=\"captions\" \/><div id=\"lyte_xRSpEOnrlN0\" data-src=\"https:\/\/taizypackaging.com\/wp-content\/plugins\/wp-youtube-lyte\/lyteCache.php?origThumbUrl=https%3A%2F%2Fi.ytimg.com%2Fvi%2FxRSpEOnrlN0%2Fmaxresdefault.jpg\" class=\"pL\"><div class=\"tC\"><div class=\"tT\" itemprop=\"name\">C\u1ea7n b\u00e1n m\u00e1y d\u00e1n th\u00f9ng carton<\/div><\/div><div class=\"play\"><\/div><div class=\"ctrl\"><div class=\"Lctrl\"><\/div><div class=\"Rctrl\"><\/div><\/div><\/div><noscript><a href=\"https:\/\/youtu.be\/xRSpEOnrlN0\" rel=\"nofollow noopener\" target=\"_blank\"><img loading=\"lazy\" decoding=\"async\" src=\"https:\/\/taizypackaging.com\/wp-content\/plugins\/wp-youtube-lyte\/lyteCache.php?origThumbUrl=https%3A%2F%2Fi.ytimg.com%2Fvi%2FxRSpEOnrlN0%2F0.jpg\" alt=\"C\u1ea7n b\u00e1n m\u00e1y d\u00e1n th\u00f9ng carton\" width=\"960\" height=\"700\" \/><br \/>Xem video n\u00e0y tr\u00ean YouTube<\/a><\/noscript><meta itemprop=\"description\" content=\"WhatsApp\/Wechat\/Tel:+86 19139754781 Carton sealing machine is mainly applied to the packing of cartons. The sealing machine is generally used in conjunction with cartooning machine and unpacking machine. It can also be connected with labeling, coding, and heat shrink film wrapping machines to form an unmanned automatic packaging line. You can learn more information on: https:\/\/taizypackaging.com\/carton-sealing-machine-for-sale\/\"><\/div><\/div><div class=\"lL\" style=\"max-width:100%;width:960px;margin:5px auto;\"><\/div><figcaption><\/figcaption><\/figure>   <h2 class=\"wp-block-heading\">\u01afu \u0111i\u1ec3m c\u1ee7a m\u00e1y d\u00e1n th\u00f9ng carton Taizy<\/h2>    <ol class=\"wp-block-list\"> <li>\u1ee8ng d\u1ee5ng r\u1ed9ng r\u00e3i cho c\u00e1c k\u00edch c\u1ee1 kh\u00e1c nhau c\u1ee7a th\u00f9ng carton<\/li>    <li>Ho\u00e0n th\u00e0nh thao t\u00e1c ni\u00eam phong \u0111\u00e1y v\u00e0 ni\u00eam phong tr\u00ean c\u00f9ng m\u1ed9t l\u1ea7n, v\u00e0 ni\u00eam phong ch\u1eafc ch\u1eafn v\u00e0 tr\u01a1n tru v\u1edbi h\u00ecnh th\u1ee9c \u0111\u1eb9p m\u1eaft<\/li>    <li>Thi\u1ebft k\u1ebf h\u1ee3p l\u00fd, ch\u1ea5t li\u1ec7u b\u1ec1n b\u1ec9, ch\u1ea1y \u00eam, l\u00e0m vi\u1ec7c hi\u1ec7u qu\u1ea3<\/li>    <li>N\u00fat kh\u1ea9n c\u1ea5p \u0111\u01b0\u1ee3c thi\u1ebft k\u1ebf nh\u01b0 m\u1ed9t bi\u1ec7n ph\u00e1p ph\u00f2ng ng\u1eeba an to\u00e0n<\/li>    <li>Con l\u0103n \u0111\u01b0\u1ee3c b\u1ed1 tr\u00ed ch\u1eb7t ch\u1ebd, ph\u00f9 h\u1ee3p v\u1edbi c\u00e1c k\u00edch th\u01b0\u1edbc th\u00f9ng carton kh\u00e1c nhau, \u0111\u1eb7c bi\u1ec7t l\u00e0 h\u1ed9p nh\u1ecf<\/li>    <li>Chi\u1ec1u cao c\u1ee7a b\u0103ng t\u1ea3i c\u00f3 th\u1ec3 \u0111i\u1ec1u ch\u1ec9nh theo nhu c\u1ea7u c\u1ee7a b\u1ea1n<\/li>    <li>B\u1ed9 ph\u1eadn c\u1ed1 \u0111\u1ecbnh b\u0103ng c\u00f3 th\u1ec3 th\u00e1o r\u1eddi, thu\u1eadn ti\u1ec7n khi thay th\u1ebf b\u0103ng.<\/li>    <li>H\u1ed7 tr\u1ee3 d\u1ecbch v\u1ee5 OEM m\u1ea1nh m\u1ebd<\/li> <\/ol>    <figure class=\"wp-block-image size-full\"><img decoding=\"async\" src=\"https:\/\/taizypackaging.com\/wp-content\/uploads\/2021\/08\/carton-sealing-machine.jpg\" alt=\"m\u00e1y d\u00e1n th\u00f9ng carton\" class=\"wp-image-3958\"\/><figcaption class=\"wp-element-caption\">m\u00e1y d\u00e1n th\u00f9ng carton<\/figcaption><\/figure>    <h2 class=\"wp-block-heading\" id=\"h-machine-parameters\">Th\u00f4ng s\u1ed1 c\u1ee7a m\u00e1y d\u00e1n th\u00f9ng carton Taizy<\/h2>    <figure class=\"wp-block-table\"><table><tbody><tr><td>Ng\u01b0\u1eddi m\u1eabu<\/td><td>FXJ-4030<\/td><td>FXJ-6050<\/td><\/tr><tr><td>Quy\u1ec1n l\u1ef1c<\/td><td>220V\/50Hz\/180W<\/td><td>220V\/50Hz\/180W<\/td><\/tr><tr><td>Dung t\u00edch<\/td><td>1000 h\u1ed9p \/ gi\u1edd<\/td><td>1000 h\u1ed9p \/ gi\u1edd<\/td><\/tr><tr><td>Chi\u1ec1u r\u1ed9ng b\u0103ng<\/td><td>45mm<\/td><td>45mm<\/td><\/tr><tr><td>Chi\u1ec1u r\u1ed9ng ni\u00eam phong<\/td><td>80-300mm<\/td><td>250-500mm<\/td><\/tr><tr><td>Chi\u1ec1u cao ni\u00eam phong<\/td><td>90-400mm<\/td><td>180-600mm<\/td><\/tr><tr><td>Chi\u1ec1u cao b\u00e0n<\/td><td>t\u1ed1i thi\u1ec3u550mm\/t\u1ed1i \u0111a730mm<\/td><td>t\u1ed1i thi\u1ec3u570mm\/t\u1ed1i \u0111a730mm<\/td><\/tr><tr><td>K\u00edch th\u01b0\u1edbc m\u00e1y<\/td><td>1060*660*1010mm<\/td><td>1000*830*1350mm<\/td><\/tr><\/tbody><\/table><\/figure>    <h2 class=\"wp-block-heading\" id=\"h-how-does-the-carton-sealer-work\">M\u00e1y d\u00e1n th\u00f9ng carton ho\u1ea1t \u0111\u1ed9ng nh\u01b0 th\u1ebf n\u00e0o?<\/h2>    <p>Nguy\u00ean l\u00fd l\u00e0m vi\u1ec7c c\u1ee7a m\u00e1y d\u00e1n th\u00f9ng carton r\u1ea5t \u0111\u01a1n gi\u1ea3n, th\u00f9ng \u0111\u01b0\u1ee3c v\u1eadn chuy\u1ec3n qua b\u0103ng t\u1ea3i v\u1ec1 m\u00e1y. D\u01b0\u1edbi m\u00e1y, th\u00f4ng qua h\u1ec7 \u0111i\u1ec1u h\u00e0nh th\u00f4ng minh, ho\u00e0n th\u00e0nh c\u00f4ng vi\u1ec7c ni\u00eam phong th\u00f9ng m\u00e1y. Quy tr\u00ecnh c\u1ee5 th\u1ec3 nh\u01b0 video sau.<\/p>    <h2 class=\"wp-block-heading\" id=\"h-details-of-carton-sealing-machine\">Chi ti\u1ebft m\u00e1y d\u00e1n th\u00f9ng carton Taizy<\/h2>    <p>M\u00e1y d\u00e1n th\u00f9ng carton c\u1ea7n b\u00e1n bao g\u1ed3m m\u1ed9t b\u1ec7 b\u0103ng t\u1ea3i c\u00f3 con l\u0103n quay, m\u1ed9t t\u1ea5m kim lo\u1ea1i d\u00e0i, b\u0103ng t\u1ea3i tr\u00e1i ph\u1ea3i, tay c\u1ea7m \u0111i\u1ec1u ch\u1ec9nh \u0111\u1ed9 cao c\u1ee7a b\u1ec7 b\u0103ng t\u1ea3i v\u00e0 thi\u1ebft b\u1ecb d\u00e1n k\u00edn ph\u00eda tr\u00ean, con l\u0103n \u0111\u1ecbnh v\u1ecb th\u00f9ng carton, khung \u0111\u1ee1 c\u00f3 c\u00e2n , c\u00f4ng t\u1eafc ngu\u1ed3n, 4 b\u00e1nh xe \u1edf \u0111\u00e1y m\u00e1y, n\u00fat kh\u1ea9n c\u1ea5p, v.v. H\u1ec7 th\u1ed1ng \u0111ai \u0111i\u1ec1u ch\u1ec9nh c\u00f3 th\u1ec3 n\u00e2ng \u0111\u01b0\u1ee3c nhi\u1ec1u lo\u1ea1i th\u00f9ng. B\u00ean c\u1ea1nh \u0111\u00f3, v\u1eadt li\u1ec7u b\u1ec1n b\u1ec9 v\u00e0 c\u00f4ng ngh\u1ec7 ti\u00ean ti\u1ebfn \u0111\u1ea3m b\u1ea3o cho m\u00e1y m\u00f3c c\u1ee7a ch\u00fang t\u00f4i ho\u1ea1t \u0111\u1ed9ng t\u1ed1t. <\/p>    <div class=\"wp-block-columns is-layout-flex wp-container-core-columns-is-layout-9d6595d7 wp-block-columns-is-layout-flex\"> <div class=\"wp-block-column is-layout-flow wp-block-column-is-layout-flow\"> <figure class=\"wp-block-image size-full\"><img decoding=\"async\" src=\"https:\/\/taizypackaging.com\/wp-content\/uploads\/2021\/08\/\u753b\u677f-6_\u770b\u56fe\u738b-1.jpg\" alt=\"m\u00e1y d\u00e1n th\u00f9ng carton c\u00f3 h\u00e0ng\" class=\"wp-image-2717\"\/><figcaption class=\"wp-element-caption\">m\u00e1y d\u00e1n th\u00f9ng carton c\u00f3 h\u00e0ng<\/figcaption><\/figure> <\/div>    <div class=\"wp-block-column is-layout-flow wp-block-column-is-layout-flow\"> <figure class=\"wp-block-image size-full\"><img decoding=\"async\" src=\"https:\/\/taizypackaging.com\/wp-content\/uploads\/2021\/08\/\u753b\u677f-7_\u770b\u56fe\u738b-2.jpg\" alt=\"b\u0103ng t\u1ea3i d\u00e1n th\u00f9ng carton\" class=\"wp-image-2718\"\/><figcaption class=\"wp-element-caption\">b\u0103ng t\u1ea3i d\u00e1n th\u00f9ng carton<\/figcaption><\/figure> <\/div> <\/div>    <h2 class=\"wp-block-heading\" id=\"h-why-do-people-need-a-carton-sealing-machine\">T\u1ea1i sao ch\u00fang ta c\u1ea7n m\u00e1y d\u00e1n th\u00f9ng carton?<\/h2>    <ul class=\"wp-block-list\"> <li>Th\u00edch h\u1ee3p cho c\u00e1c k\u00edch c\u1ee1 th\u00f9ng carton t\u1eeb 1 \u0111\u1ebfn 12.<\/li>    <li>M\u00e1y d\u00e1n th\u00f9ng carton n\u00e0y s\u1eed d\u1ee5ng l\u1edbp l\u00f3t ni\u00eam phong ti\u00ean ti\u1ebfn, gi\u00fap l\u00e0m ph\u1eb3ng ph\u1ea7n nh\u00f4 ra c\u1ee7a th\u00f9ng carton v\u00e0 l\u00e0m cho b\u0103ng d\u00ednh v\u1eeba kh\u00edt v\u1edbi b\u1ec1 m\u1eb7t th\u00f9ng carton. \u0110\u01b0\u1eddng c\u1eaft m\u1ecbn, ni\u00eam phong \u0111\u1eb9p, ch\u1eafc ch\u1eafn, d\u1ec5 \u0111eo.<\/li>    <li>Chi\u1ec1u r\u1ed9ng v\u00e0 chi\u1ec1u cao c\u1ee7a m\u00e1y ni\u00eam phong c\u00f3 th\u1ec3 \u0111i\u1ec1u ch\u1ec9nh \u0111\u01b0\u1ee3c, v\u1edbi nhi\u1ec1u k\u00edch c\u1ee1 ni\u00eam phong, b\u0103ng t\u1ea3i b\u00ean tr\u00e1i v\u00e0 b\u00ean ph\u1ea3i c\u00f3 th\u1ec3 d\u1eabn \u0111\u1ed9ng c\u00e1c th\u00f9ng carton n\u1eb7ng h\u01a1n.<\/li>    <li>Ph\u1ea7n d\u01b0\u1edbi v\u00e0 ph\u1ea7n tr\u00ean c\u1ee7a b\u0103ng t\u1ea3i \u0111\u1ec1u \u0111\u01b0\u1ee3c trang b\u1ecb m\u1ed9t \u0111\u1ed9ng c\u01a1 l\u1edbn, thi\u1ebft k\u1ebf \u0111\u1ed9ng c\u01a1 k\u00e9p mang l\u1ea1i s\u1ee9c m\u1ea1nh m\u1ea1nh m\u1ebd cho c\u00e1c th\u00f9ng carton n\u1eb7ng h\u01a1n v\u00e0 r\u1ed9ng h\u01a1n.<\/li>    <li>C\u00e1c b\u00e1nh xe ch\u1ee7 \u0111\u1ed9ng v\u00e0 th\u1ee5 \u0111\u1ed9ng c\u1ee7a b\u0103ng t\u1ea3i ng\u00e0y c\u00e0ng d\u00e0y h\u01a1n, kh\u1ea3 n\u0103ng ch\u1ecbu t\u1ea3i l\u1edbn h\u01a1n v\u00e0 hi\u1ec7u qu\u1ea3 l\u0103n t\u1ed1t h\u01a1n.<\/li>    <li>\u0110\u1ea7u d\u00e1n ph\u00eda tr\u00ean c\u00f3 th\u1ec3 thi\u1ebft k\u1ebf \u0111\u1ee9ng, thu\u1eadn ti\u1ec7n h\u01a1n cho vi\u1ec7c thay b\u0103ng, \u0111\u01a1n gi\u1ea3n v\u00e0 nhanh ch\u00f3ng.<\/li>    <li>L\u1edbp l\u00f3t b\u00ean trong c\u00f3 thi\u1ebft k\u1ebf kh\u00e9p k\u00edn, gi\u00fap ni\u00eam phong ch\u1eafc ch\u1eafn v\u00e0 \u0111\u1eb9p m\u1eaft h\u01a1n. <\/li> <\/ul>    <h2 class=\"wp-block-heading\" id=\"h-related-machine\">Thi\u1ebft b\u1ecb h\u1ed7 tr\u1ee3 c\u1ee7a m\u00e1y d\u00e1n th\u00f9ng carton<\/h2>    <p class=\"translation-block\">T\u1ea1i <a rel=\"noreferrer noopener\" href=\"https:\/\/taizypackaging.com\/vi\/\" target=\"_blank\">Taizy Company<\/a>, kh\u00f4ng ch\u1ec9 c\u00f3 m\u00e1y d\u00e1n th\u00f9ng m\u00e0 c\u00f2n c\u00f3 c\u00e1c thi\u1ebft b\u1ecb ph\u1ee5 tr\u1ee3 (m\u00e1y m\u1edf th\u00f9ng, b\u0103ng chuy\u1ec1n, v.v.) \u0111\u1ec3 b\u1ea1n l\u1ef1a ch\u1ecdn. \u0110\u01b0\u1ee3c li\u1ec7t k\u00ea nh\u01b0 h\u00ecnh d\u01b0\u1edbi \u0111\u00e2y: <\/p>    <figure class=\"wp-block-image size-full\"><img decoding=\"async\" src=\"https:\/\/taizypackaging.com\/wp-content\/uploads\/2021\/08\/\u753b\u677f-9_\u770b\u56fe\u738b-3.jpg\" alt=\"m\u00e1y d\u1ee1 h\u1ed9p v\u00e0 b\u0103ng t\u1ea3i\" class=\"wp-image-2719\"\/><figcaption class=\"wp-element-caption\">m\u00e1y d\u1ee1 h\u1ed9p v\u00e0 b\u0103ng t\u1ea3i<\/figcaption><\/figure>","protected":false},"excerpt":{"rendered":"<p>Carton sealing machine, carton sealer, or box taping machine is mainly applied to the carton packaging. Compared with manual operation, it can greatly enhance your efficiency. In short, it can do better than humans in terms of box packing. This carton packing machine usually works together with other equipment, such as an unpack machine, labeling [&hellip;]<\/p>\n","protected":false},"author":1,"featured_media":2720,"parent":0,"template":"","tags":[604,603,602],"product-type":[668],"class_list":["post-2713","product","type-product","status-publish","has-post-thumbnail","hentry","tag-box-taping-machine","tag-carton-sealer","tag-carton-sealing-machine","product-type-supporting-equipment"],"_links":{"self":[{"href":"https:\/\/taizypackaging.com\/vi\/wp-json\/wp\/v2\/product\/2713","targetHints":{"allow":["GET"]}}],"collection":[{"href":"https:\/\/taizypackaging.com\/vi\/wp-json\/wp\/v2\/product"}],"about":[{"href":"https:\/\/taizypackaging.com\/vi\/wp-json\/wp\/v2\/types\/product"}],"author":[{"embeddable":true,"href":"https:\/\/taizypackaging.com\/vi\/wp-json\/wp\/v2\/users\/1"}],"wp:featuredmedia":[{"embeddable":true,"href":"https:\/\/taizypackaging.com\/vi\/wp-json\/wp\/v2\/media\/2720"}],"wp:attachment":[{"href":"https:\/\/taizypackaging.com\/vi\/wp-json\/wp\/v2\/media?parent=2713"}],"wp:term":[{"taxonomy":"post_tag","embeddable":true,"href":"https:\/\/taizypackaging.com\/vi\/wp-json\/wp\/v2\/tags?post=2713"},{"taxonomy":"product-type","embeddable":true,"href":"https:\/\/taizypackaging.com\/vi\/wp-json\/wp\/v2\/product-type?post=2713"}],"curies":[{"name":"wp","href":"https:\/\/api.w.org\/{rel}","templated":true}]}}