{"id":2740,"date":"2021-08-25T09:54:57","date_gmt":"2021-08-25T09:54:57","guid":{"rendered":"https:\/\/taizypackaging.com\/?p=2740"},"modified":"2024-07-16T16:37:44","modified_gmt":"2024-07-16T08:37:44","slug":"chain-bucket-packing-machine","status":"publish","type":"product","link":"https:\/\/taizypackaging.com\/vi\/chain-bucket-packing-machine\/","title":{"rendered":"M\u00e1y \u0111\u00f3ng g\u00f3i th\u00f9ng x\u00edch"},"content":{"rendered":"<div class=\"kk-star-ratings kksr-auto kksr-align-left kksr-valign-top\"     data-payload='{&quot;align&quot;:&quot;left&quot;,&quot;id&quot;:&quot;2740&quot;,&quot;slug&quot;:&quot;default&quot;,&quot;valign&quot;:&quot;top&quot;,&quot;ignore&quot;:&quot;&quot;,&quot;reference&quot;:&quot;auto&quot;,&quot;class&quot;:&quot;&quot;,&quot;count&quot;:&quot;6&quot;,&quot;legendonly&quot;:&quot;&quot;,&quot;readonly&quot;:&quot;&quot;,&quot;score&quot;:&quot;4.8&quot;,&quot;starsonly&quot;:&quot;&quot;,&quot;best&quot;:&quot;5&quot;,&quot;gap&quot;:&quot;5&quot;,&quot;greet&quot;:&quot;Rate this product&quot;,&quot;legend&quot;:&quot;4.8\\\/5 - (6 b\u00ecnh ch\u1ecdn)&quot;,&quot;size&quot;:&quot;24&quot;,&quot;title&quot;:&quot;Chain Bucket Packing Machine&quot;,&quot;width&quot;:&quot;136.7&quot;,&quot;_legend&quot;:&quot;{score}\\\/{best} - ({count} {votes})&quot;,&quot;font_factor&quot;:&quot;1.25&quot;}'>              <div class=\"kksr-stars\">      <div class=\"kksr-stars-inactive\">             <div class=\"kksr-star\" data-star=\"1\" style=\"padding-right: 5px\">               <div class=\"kksr-icon\" style=\"width: 24px; height: 24px;\"><\/div>         <\/div>             <div class=\"kksr-star\" data-star=\"2\" style=\"padding-right: 5px\">               <div class=\"kksr-icon\" style=\"width: 24px; height: 24px;\"><\/div>         <\/div>             <div class=\"kksr-star\" data-star=\"3\" style=\"padding-right: 5px\">               <div class=\"kksr-icon\" style=\"width: 24px; height: 24px;\"><\/div>         <\/div>             <div class=\"kksr-star\" data-star=\"4\" style=\"padding-right: 5px\">               <div class=\"kksr-icon\" style=\"width: 24px; height: 24px;\"><\/div>         <\/div>             <div class=\"kksr-star\" data-star=\"5\" style=\"padding-right: 5px\">               <div class=\"kksr-icon\" style=\"width: 24px; height: 24px;\"><\/div>         <\/div>     <\/div>      <div class=\"kksr-stars-active\" style=\"width: 136.7px;\">             <div class=\"kksr-star\" style=\"padding-right: 5px\">               <div class=\"kksr-icon\" style=\"width: 24px; height: 24px;\"><\/div>         <\/div>             <div class=\"kksr-star\" style=\"padding-right: 5px\">               <div class=\"kksr-icon\" style=\"width: 24px; height: 24px;\"><\/div>         <\/div>             <div class=\"kksr-star\" style=\"padding-right: 5px\">               <div class=\"kksr-icon\" style=\"width: 24px; height: 24px;\"><\/div>         <\/div>             <div class=\"kksr-star\" style=\"padding-right: 5px\">               <div class=\"kksr-icon\" style=\"width: 24px; height: 24px;\"><\/div>         <\/div>             <div class=\"kksr-star\" style=\"padding-right: 5px\">               <div class=\"kksr-icon\" style=\"width: 24px; height: 24px;\"><\/div>         <\/div>     <\/div> <\/div>                   <div class=\"kksr-legend\" style=\"font-size: 19.2px;\">             4.8\/5 - (6 l\u01b0\u1ee3t b\u00ecnh ch\u1ecdn)    <\/div>     <\/div>  <p class=\"translation-block\"><strong>M\u00e1y \u0111\u00f3ng g\u00f3i g\u1ea7u x\u00edch<\/strong> l\u00e0 thi\u1ebft b\u1ecb \u0111\u00f3ng g\u00f3i h\u1ea1t b\u00e1n t\u1ef1 \u0111\u1ed9ng. N\u00f3 c\u00f3 th\u1ec3 ho\u00e0n th\u00e0nh qu\u00e1 tr\u00ecnh chi\u1ebft r\u00f3t, l\u00e0m t\u00fai, h\u00e0n, c\u1eaft v\u00e0 \u0111\u1ebfm. Ch\u1ec9 c\u1ea7n c\u1ea5p li\u1ec7u th\u1ee7 c\u00f4ng. M\u00e1y \u0111\u00f3ng g\u00f3i lo\u1ea1i g\u1ea7u x\u00edch ph\u00f9 h\u1ee3p \u0111\u1ec3 \u0111\u00f3ng g\u00f3i nhi\u1ec1u lo\u1ea1i h\u1ea1t kh\u00e1c nhau, ch\u1eb3ng h\u1ea1n nh\u01b0 \u0111\u1ed3 \u0103n nh\u1eb9, c\u00e1c lo\u1ea1i h\u1ea1t, \u0111\u1eadu, b\u00e1nh quy, ng\u0169 c\u1ed1c, ng\u0169 c\u1ed1c, khoai t\u00e2y chi\u00ean, x\u00e0 ph\u00f2ng, \u0111inh, c\u00e1, th\u1ef1c ph\u1ea9m \u0111\u00f4ng l\u1ea1nh, v.v. Tr\u00ean th\u1ef1c t\u1ebf, \u01b0u \u0111i\u1ec3m l\u1edbn nh\u1ea5t c\u1ee7a m\u00e1y \u0111\u00f3ng g\u00f3i h\u1ea1t n\u00e0y l\u00e0 n\u00f3 c\u00f3 th\u1ec3 cho nhi\u1ec1u lo\u1ea1i v\u1eadt li\u1ec7u ho\u00e0n to\u00e0n kh\u00e1c nhau v\u00e0o m\u1ed9t t\u00fai nh\u01b0 tr\u00e0 c\u00f3 h\u01b0\u01a1ng v\u1ecb. Ngo\u00e0i ra, m\u00e1y \u0111\u00f3ng g\u00f3i h\u1ea1t g\u1ea7u x\u00edch c\u00f3 th\u1ec3 \u0111\u01b0\u1ee3c trang b\u1ecb m\u00e1y c\u00e2n v\u00e0 chi\u1ebft r\u00f3t \u0111\u1ec3 \u0111\u1ea1t \u0111\u01b0\u1ee3c t\u1ef1 \u0111\u1ed9ng h\u00f3a ho\u00e0n to\u00e0n. Do \u0111\u00f3, c\u00f3 d\u1ecbch v\u1ee5 OEM m\u1ea1nh m\u1ebd \u0111\u1ec3 \u0111\u00e1p \u1ee9ng c\u00e1c y\u00eau c\u1ea7u c\u1ee5 th\u1ec3 c\u1ee7a b\u1ea1n. Li\u00ean h\u1ec7 v\u1edbi ch\u00fang t\u00f4i ngay h\u00f4m nay \u0111\u1ec3 nh\u1eadn <strong>danh s\u00e1ch gi\u00e1 mi\u1ec5n ph\u00ed<\/strong>. <\/p>    <h2 class=\"wp-block-heading\" id=\"h-the-workflow-of-the-chain-bucket-packaging-machine\">Video ho\u1ea1t \u0111\u1ed9ng c\u1ee7a m\u00e1y \u0111\u00f3ng g\u00f3i b\u0103ng t\u1ea3i g\u1ea7u x\u00edch<\/h2>   <figure class=\"wp-block-embed-youtube wp-block-embed is-type-video is-provider-youtube wp-embed-aspect-16-9 wp-has-aspect-ratio\"><div class=\"lyte-wrapper fourthree\" title=\"M\u00e1y \u0111\u00f3ng g\u00f3i t\u00fai d\u1ea1ng x\u00f4 d\u1ea1ng x\u00edch cho \u0111\u1ed3 \u0103n nh\u1eb9, c\u00e1c lo\u1ea1i h\u1ea1t, \u0111\u1eadu, v.v.\" style=\"width:960px;max-width:100%;margin:5px auto;\"><div class=\"lyMe hidef\" id=\"WYL_6pbVY3ET1ZM\" itemprop=\"video\" itemscope itemtype=\"https:\/\/schema.org\/VideoObject\"><div><meta itemprop=\"thumbnailUrl\" content=\"https:\/\/taizypackaging.com\/wp-content\/plugins\/wp-youtube-lyte\/lyteCache.php?origThumbUrl=https%3A%2F%2Fi.ytimg.com%2Fvi%2F6pbVY3ET1ZM%2Fmaxresdefault.jpg\" \/><meta itemprop=\"embedURL\" content=\"https:\/\/www.youtube.com\/embed\/6pbVY3ET1ZM\" \/><meta itemprop=\"duration\" content=\"PT2M15S\" \/><meta itemprop=\"uploadDate\" content=\"2022-02-10T07:02:13Z\" \/><\/div><div id=\"lyte_6pbVY3ET1ZM\" data-src=\"https:\/\/taizypackaging.com\/wp-content\/plugins\/wp-youtube-lyte\/lyteCache.php?origThumbUrl=https%3A%2F%2Fi.ytimg.com%2Fvi%2F6pbVY3ET1ZM%2Fmaxresdefault.jpg\" class=\"pL\"><div class=\"tC\"><div class=\"tT\" itemprop=\"name\">M\u00e1y \u0111\u00f3ng g\u00f3i t\u00fai d\u1ea1ng x\u00f4 d\u1ea1ng x\u00edch cho \u0111\u1ed3 \u0103n nh\u1eb9, c\u00e1c lo\u1ea1i h\u1ea1t, \u0111\u1eadu, v.v.<\/div><\/div><div class=\"play\"><\/div><div class=\"ctrl\"><div class=\"Lctrl\"><\/div><div class=\"Rctrl\"><\/div><\/div><\/div><noscript><a href=\"https:\/\/youtu.be\/6pbVY3ET1ZM\" rel=\"nofollow noopener\" target=\"_blank\"><img loading=\"lazy\" decoding=\"async\" src=\"https:\/\/taizypackaging.com\/wp-content\/plugins\/wp-youtube-lyte\/lyteCache.php?origThumbUrl=https%3A%2F%2Fi.ytimg.com%2Fvi%2F6pbVY3ET1ZM%2F0.jpg\" alt=\"M\u00e1y \u0111\u00f3ng g\u00f3i t\u00fai d\u1ea1ng x\u00f4 d\u1ea1ng x\u00edch cho \u0111\u1ed3 \u0103n nh\u1eb9, c\u00e1c lo\u1ea1i h\u1ea1t, \u0111\u1eadu, v.v.\" width=\"960\" height=\"700\" \/><br \/>Xem video n\u00e0y tr\u00ean YouTube<\/a><\/noscript><meta itemprop=\"description\" content=\"#foodpackingmachine #snackspackaging #packingmachine EMAIL: info@taizypackaging.com TEL\/WHATSAPP: +86 18837171591 USEFUL LINK: https:\/\/taizypackaging.com\/chain-bucket-packing-machine\/ Chain bucket packing machine is a type of granule packing machine. It is suitable for various particles like nuts, snacks, beans, rice, dried fruits, puffed food, trinkets, etc. Our chain bucket packing macine packing speed is from 30 bags to 60 bags per minute. And the bag length is from 30mm to 280mm. Besides, we support custom services to meet your actual requirements. Awesome benefits of Taizy chain bucket packing machine 1. The machine adopts advanced PLC control system, the program is stable, equipped with electronic intelligent touch screen, supporting up to six languages, also can be customized according to customer language, easy to operate. 2. The machine as a whole is made of stainless steel and alloy, contact with the material part of 304 stainless steel, not easy to rust, strong and durable. 3. Intelligent temperature control system ensures the quality of packaging materials, low working noise, clear-cutting patterns, and strong sealing ability. You may also like these granule\/food packing machine videos: Small vertical packing machine: https:\/\/www.youtube.com\/watch?v=RdSqEhdiWzU&amp;t=31s Multihead weigher packing machine: https:\/\/www.youtube.com\/watch?v=mfQQ28r7qzY Granule filling machine: https:\/\/www.youtube.com\/watch?v=_E3hqS6pwhY&amp;t=59s EMAIL: info@taizypackaging.com TEL\/WHATSAPP: +86 18837171591 USEFUL LINK: https:\/\/taizypackaging.com\/chain-bucket-packing-machine\/\"><\/div><\/div><div class=\"lL\" style=\"max-width:100%;width:960px;margin:5px auto;\"><\/div><figcaption><\/figcaption><\/figure>   <h2 class=\"wp-block-heading\" id=\"h-the-brief-introduction-of-the-chain-bucket-packing-machine\">M\u00e1y \u0111\u00f3ng g\u00f3i th\u00f9ng x\u00edch l\u00e0 g\u00ec? <\/h2>    <p>M\u00e1y \u0111\u00f3ng g\u00f3i th\u00f9ng x\u00edch l\u00e0 gi\u1ea3i ph\u00e1p \u0111\u00f3ng g\u00f3i b\u00e1n t\u1ef1 \u0111\u1ed9ng, thu\u1ed9c lo\u1ea1i m\u00e1y \u0111\u00f3ng g\u00f3i d\u1ea1ng h\u1ea1t. So v\u1edbi lo\u1ea1i m\u00e1y l\u1edbn nh\u01b0 m\u00e1y \u0111\u00f3ng g\u00f3i c\u00e2n \u0111\u1ecbnh l\u01b0\u1ee3ng nhi\u1ec1u \u0111\u1ea7u ho\u00e0n to\u00e0n t\u1ef1 \u0111\u1ed9ng, m\u00e1y \u0111\u00f3ng g\u00f3i th\u00f9ng x\u00edch ph\u00f9 h\u1ee3p h\u01a1n cho c\u00e1c d\u1ef1 \u00e1n v\u1eeba v\u00e0 nh\u1ecf. gi\u00e1 c\u1ea3 ph\u1ea3i ch\u0103ng c\u1ee7a hi\u1ec7u qu\u1ea3 s\u1ea3n xu\u1ea5t \u0111\u01b0\u1ee3c c\u1ea3i thi\u1ec7n c\u0169ng kh\u00e1 \u0111\u00e1ng k\u1ec3. M\u00e1y \u0111\u00f3ng g\u00f3i b\u0103ng t\u1ea3i x\u00edch g\u1ea7u h\u1ed7 tr\u1ee3 nhi\u1ec1u lo\u1ea1i ph\u01b0\u01a1ng ph\u00e1p ni\u00eam phong, ch\u1eb3ng h\u1ea1n nh\u01b0 con d\u1ea5u ph\u00eda sau, con d\u1ea5u ba m\u1eb7t v\u00e0 con d\u1ea5u b\u1ed1n m\u1eb7t.<\/p>    <figure class=\"wp-block-image size-full\"><img loading=\"lazy\" decoding=\"async\" width=\"720\" height=\"540\" src=\"https:\/\/taizypackaging.com\/wp-content\/uploads\/2021\/08\/chain-bucket-packing-machine.jpg\" alt=\"m\u00e1y \u0111\u00f3ng g\u00f3i x\u00f4 x\u00edch\" class=\"wp-image-3970\" srcset=\"https:\/\/taizypackaging.com\/wp-content\/uploads\/2021\/08\/chain-bucket-packing-machine.jpg 720w, https:\/\/taizypackaging.com\/wp-content\/uploads\/2021\/08\/chain-bucket-packing-machine-300x225.jpg 300w\" sizes=\"auto, (max-width: 720px) 100vw, 720px\" \/><figcaption class=\"wp-element-caption\">m\u00e1y \u0111\u00f3ng g\u00f3i x\u00f4 x\u00edch<\/figcaption><\/figure>    <h2 class=\"wp-block-heading\" id=\"h-the-application-of-the-chain-bucket-packaging-machine\">\u1ee8ng d\u1ee5ng c\u1ee7a m\u00e1y \u0111\u00f3ng g\u00f3i x\u00f4 x\u00edch<\/h2>    <p class=\"translation-block\">M\u00e1y \u0111\u00f3ng g\u00f3i h\u1ea1t g\u1ea7u x\u00edch ph\u00f9 h\u1ee3p \u0111\u1ec3 \u0111\u00f3ng g\u00f3i nhi\u1ec1u lo\u1ea1i v\u1eadt li\u1ec7u th\u1ef1c ph\u1ea9m v\u00e0 phi th\u1ef1c ph\u1ea9m, ch\u1eb3ng h\u1ea1n nh\u01b0 c\u00e1c lo\u1ea1i h\u1ea1t, \u0111\u1eadu ph\u1ed9ng, ng\u0169 c\u1ed1c, h\u1ea1t gi\u1ed1ng, \u0111\u1eadu, ng\u0169 c\u1ed1c, b\u00e1nh quy, t\u1ecfi, c\u00e1, b\u00e1nh bao, \u0111\u1ed3 \u0103n nh\u1eb9, th\u1ef1c ph\u1ea9m \u0111\u00f4ng l\u1ea1nh, h\u1ea3i s\u1ea3n, g\u1ea1o, k\u1eb9o, khoai t\u00e2y chi\u00ean, chu\u1ed1i s\u1ea5y, tr\u00e1i c\u00e2y s\u1ea5y kh\u00f4, v.v. Nhi\u1ec1u ch\u1ee9c n\u0103ng trong m\u1ed9t m\u00e1y, \u0111\u00e1ng tin c\u1eady v\u00e0 hi\u1ec7u qu\u1ea3. N\u1ebfu b\u1ea1n \u0111ang t\u00ecm ki\u1ebfm m\u1ed9t m\u00e1y \u0111\u00f3ng g\u00f3i nh\u01b0 th\u1ebf n\u00e0y, h\u00e3y <a href=\"https:\/\/taizypackaging.com\/vi\/contact-us\/\">li\u00ean h\u1ec7 v\u1edbi ch\u00fang t\u00f4i ngay b\u00e2y gi\u1edd<\/a> \u0111\u1ec3 b\u1eaft \u0111\u1ea7u kinh doanh c\u1ee7a b\u1ea1n. <\/p>    <figure class=\"wp-block-image size-full\"><img decoding=\"async\" src=\"https:\/\/taizypackaging.com\/wp-content\/uploads\/2021\/08\/chain-bucket-packing-machine-applications.jpg\" alt=\"\u1ee9ng d\u1ee5ng m\u00e1y \u0111\u00f3ng g\u00f3i x\u00f4 x\u00edch\" class=\"wp-image-3973\"\/><figcaption class=\"wp-element-caption\">\u1ee9ng d\u1ee5ng m\u00e1y \u0111\u00f3ng g\u00f3i x\u00f4 x\u00edch<\/figcaption><\/figure>    <h2 class=\"wp-block-heading\" id=\"h-technical-parameters-of-tz-320-chain-granule-packing-machine\">Th\u00f4ng s\u1ed1 m\u00e1y \u0111\u00f3ng g\u00f3i x\u00f4 x\u00edch<\/h2>    <figure class=\"wp-block-table is-style-stripes\"><table><tbody><tr><td>Quy\u1ec1n l\u1ef1c<\/td><td>220(380)V\/1200W<\/td><\/tr><tr><td>T\u1ed1c \u0111\u1ed9<\/td><td>30~60 t\u00fai\/ph\u00fat<\/td><\/tr><tr><td>Chi\u1ec1u d\u00e0i t\u00fai<\/td><td>30 ~ 280mm<\/td><\/tr><tr><td>\u0110\u01b0\u1eddng k\u00ednh t\u1ed1i \u0111a<\/td><td>\u03a6350mm<\/td><\/tr><tr><td>\u0110\u1ed9 d\u00e0y m\u00e0ng bao b\u00ec<\/td><td>0,03 ~ 0,1mm<\/td><\/tr><tr><td>Chi\u1ec1u r\u1ed9ng phim t\u1ed1i \u0111a<\/td><td>300mm<\/td><\/tr><tr><td>C\u00e2n n\u1eb7ng<\/td><td>400kg<\/td><\/tr><tr><td>K\u00edch th\u01b0\u1edbc m\u00e1y<\/td><td>870x1350x1850mm<\/td><\/tr><\/tbody><\/table><\/figure>    <p>L\u01b0u \u00fd: H\u1ed7 tr\u1ee3 d\u1ecbch v\u1ee5 t\u00f9y ch\u1ec9nh \u0111\u1ec3 ph\u00f9 h\u1ee3p v\u1edbi nhu c\u1ea7u c\u1ee5 th\u1ec3 c\u1ee7a b\u1ea1n.<\/p>    <h2 class=\"wp-block-heading\" id=\"h-the-structure-of-the-chain-granule-packing-machine\">C\u1ea5u tr\u00fac c\u1ee7a m\u00e1y \u0111\u00f3ng g\u00f3i h\u1ea1t chu\u1ed7i<\/h2>    <p>M\u00e1y \u0111\u00f3ng g\u00f3i h\u1ea1t x\u00f4 x\u00edch ch\u1ee7 y\u1ebfu bao g\u1ed3m c\u00e1c b\u1ed9 ph\u1eadn n\u00e0y, m\u00e0n h\u00ecnh c\u1ea3m \u1ee9ng PLC, th\u00f9ng ch\u1ee9a nguy\u00ean li\u1ec7u, tr\u1ee5c m\u00e0ng, khu\u00f4n t\u00fai, b\u00e1nh xe, n\u00fat d\u1eebng kh\u1ea9n c\u1ea5p, n\u00fat \u0111i\u1ec1u khi\u1ec3n t\u1ed1c \u0111\u1ed9, v.v. L\u00e0 m\u1ed9t trong nh\u1eefng nh\u00e0 s\u1ea3n xu\u1ea5t m\u00e1y \u0111\u00f3ng g\u00f3i h\u00e0ng \u0111\u1ea7u \u1edf Trung Qu\u1ed1c, ch\u00fang t\u00f4i s\u1eed d\u1ee5ng c\u00f4ng ngh\u1ec7 ti\u00ean ti\u1ebfn v\u00e0 v\u1eadt li\u1ec7u b\u1ec1n \u0111\u1ec3 \u0111\u1ea3m b\u1ea3o hi\u1ec7u su\u1ea5t t\u1ed1t c\u1ee7a m\u00e1y m\u00f3c c\u1ee7a ch\u00fang t\u00f4i. B\u00ean c\u1ea1nh \u0111\u00f3, h\u1ec7 th\u1ed1ng \u0111i\u1ec1u khi\u1ec3n PLC th\u00f4ng minh gi\u00fap v\u1eadn h\u00e0nh d\u1ec5 d\u00e0ng. <\/p>    <figure class=\"wp-block-image size-full\"><img loading=\"lazy\" decoding=\"async\" width=\"720\" height=\"540\" src=\"https:\/\/taizypackaging.com\/wp-content\/uploads\/2021\/08\/chain-granule-packing-machine-structure.jpg\" alt=\"c\u1ea5u tr\u00fac m\u00e1y \u0111\u00f3ng g\u00f3i h\u1ea1t chu\u1ed7i\" class=\"wp-image-3979\" srcset=\"https:\/\/taizypackaging.com\/wp-content\/uploads\/2021\/08\/chain-granule-packing-machine-structure.jpg 720w, https:\/\/taizypackaging.com\/wp-content\/uploads\/2021\/08\/chain-granule-packing-machine-structure-300x225.jpg 300w\" sizes=\"auto, (max-width: 720px) 100vw, 720px\" \/><figcaption class=\"wp-element-caption\">c\u1ea5u tr\u00fac m\u00e1y \u0111\u00f3ng g\u00f3i h\u1ea1t chu\u1ed7i<\/figcaption><\/figure>    <h2 class=\"wp-block-heading\" id=\"h-details-of-the-chain-granule-packaging-machine\">Chi ti\u1ebft m\u00e1y \u0111\u00f3ng g\u00f3i h\u1ea1t d\u1ea1ng x\u00edch<\/h2>    <div class=\"wp-block-columns is-layout-flex wp-container-core-columns-is-layout-9d6595d7 wp-block-columns-is-layout-flex\"> <div class=\"wp-block-column is-layout-flow wp-block-column-is-layout-flow\"> <figure class=\"wp-block-image size-full\"><img decoding=\"async\" src=\"https:\/\/taizypackaging.com\/wp-content\/uploads\/2021\/08\/PLC-touch-screen.jpg\" alt=\"M\u00e0n h\u00ecnh c\u1ea3m \u1ee9ng PLC\" class=\"wp-image-3982\"\/><figcaption class=\"wp-element-caption\">M\u00e0n h\u00ecnh c\u1ea3m \u1ee9ng PLC<\/figcaption><\/figure> <\/div>    <div class=\"wp-block-column is-layout-flow wp-block-column-is-layout-flow\"> <figure class=\"wp-block-image size-full\"><img decoding=\"async\" src=\"https:\/\/taizypackaging.com\/wp-content\/uploads\/2021\/08\/3_02.jpg\" alt=\"con l\u0103n phim\" class=\"wp-image-2746\"\/><figcaption class=\"wp-element-caption\">con l\u0103n phim<\/figcaption><\/figure> <\/div> <\/div>    <div class=\"wp-block-columns is-layout-flex wp-container-core-columns-is-layout-9d6595d7 wp-block-columns-is-layout-flex\"> <div class=\"wp-block-column is-layout-flow wp-block-column-is-layout-flow\"> <figure class=\"wp-block-image size-full\"><img decoding=\"async\" src=\"https:\/\/taizypackaging.com\/wp-content\/uploads\/2021\/08\/3_03.jpg\" alt=\"x\u00f4 chu\u1ed7i\" class=\"wp-image-2747\"\/><figcaption class=\"wp-element-caption\">x\u00f4 chu\u1ed7i<\/figcaption><\/figure> <\/div>    <div class=\"wp-block-column is-layout-flow wp-block-column-is-layout-flow\"> <figure class=\"wp-block-image size-full\"><img decoding=\"async\" src=\"https:\/\/taizypackaging.com\/wp-content\/uploads\/2021\/08\/3_04.jpg\" alt=\"t\u00fai c\u0169\" class=\"wp-image-2748\"\/><figcaption class=\"wp-element-caption\">t\u00fai c\u0169<\/figcaption><\/figure> <\/div> <\/div>    <h2 class=\"wp-block-heading\" id=\"h-the-advantages-of-the-chain-bucket-packing-machine\">\u01afu \u0111i\u1ec3m c\u1ee7a m\u00e1y \u0111\u00f3ng g\u00f3i th\u00f9ng x\u00edch<\/h2>    <ul class=\"wp-block-list\"> <li>M\u00e1y s\u1eed d\u1ee5ng h\u1ec7 th\u1ed1ng \u0111i\u1ec1u khi\u1ec3n PLC ti\u00ean ti\u1ebfn, ch\u01b0\u01a1ng tr\u00ecnh \u1ed5n \u0111\u1ecbnh, \u0111\u01b0\u1ee3c trang b\u1ecb m\u00e0n h\u00ecnh c\u1ea3m \u1ee9ng \u0111i\u1ec7n t\u1eed th\u00f4ng minh, h\u1ed7 tr\u1ee3 t\u1edbi s\u00e1u ng\u00f4n ng\u1eef, c\u00f3 th\u1ec3 t\u00f9y ch\u1ec9nh theo ng\u00f4n ng\u1eef c\u1ee7a kh\u00e1ch h\u00e0ng, d\u1ec5 v\u1eadn h\u00e0nh.<\/li>    <li>\u0110i\u1ec1u khi\u1ec3n m\u00e1y vi t\u00ednh, h\u1ec7 th\u1ed1ng hi\u1ec7u ch\u1ec9nh theo d\u00f5i quang \u0111i\u1ec7n, \u0111\u01b0\u1ee3c trang b\u1ecb \u0111\u1ed9ng c\u01a1 b\u01b0\u1edbc c\u00f3 \u0111\u1ed9 ch\u00ednh x\u00e1c cao, \u0111\u1ed9 ch\u00ednh x\u00e1c l\u00e0m t\u00fai cao, sai s\u1ed1 nh\u1ecf.<\/li>    <li>To\u00e0n b\u1ed9 m\u00e1y \u0111\u01b0\u1ee3c l\u00e0m b\u1eb1ng th\u00e9p kh\u00f4ng g\u1ec9 v\u00e0 h\u1ee3p kim, ti\u1ebfp x\u00fac v\u1edbi ph\u1ea7n v\u1eadt li\u1ec7u l\u00e0 th\u00e9p kh\u00f4ng g\u1ec9 304 n\u00ean kh\u00f4ng d\u1ec5 b\u1ecb r\u1ec9 s\u00e9t, ch\u1eafc ch\u1eafn v\u00e0 b\u1ec1n b\u1ec9.<\/li>    <li>M\u00e1y c\u00f3 th\u1ec3 \u0111\u01b0\u1ee3c s\u1eed d\u1ee5ng ri\u00eang l\u1ebb ho\u1eb7c k\u1ebft h\u1ee3p v\u1edbi c\u00e1c m\u00e1y kh\u00e1c. V\u00ed d\u1ee5, \u0111\u00f3ng g\u00f3i t\u00fai tr\u00e0 v\u00e0 c\u00e1c lo\u1ea1i nguy\u00ean li\u1ec7u th\u00f4 h\u1ed7n h\u1ee3p kh\u00e1c c\u00f3 th\u1ec3 \u0111\u01b0\u1ee3c trang b\u1ecb b\u1ed9 ph\u00e2n ph\u1ed1i tr\u00ean b\u00e0n \u0111\u1ec3 \u0111\u1ea1t \u0111\u01b0\u1ee3c qu\u00e1 tr\u00ecnh s\u1ea3n xu\u1ea5t t\u1ef1 \u0111\u1ed9ng kh\u00f4ng ng\u01b0\u1eddi l\u00e1i.<\/li>    <li>H\u1ec7 th\u1ed1ng ki\u1ec3m so\u00e1t nhi\u1ec7t \u0111\u1ed9 th\u00f4ng minh \u0111\u1ea3m b\u1ea3o ch\u1ea5t l\u01b0\u1ee3ng c\u1ee7a v\u1eadt li\u1ec7u \u0111\u00f3ng g\u00f3i, \u0111\u1ed9 \u1ed3n khi l\u00e0m vi\u1ec7c th\u1ea5p, hoa v\u0103n r\u00f5 r\u00e0ng v\u00e0 kh\u1ea3 n\u0103ng b\u1ecbt k\u00edn ch\u1eafc ch\u1eafn.<\/li> <\/ul>    <figure class=\"wp-block-image size-full\"><img loading=\"lazy\" decoding=\"async\" width=\"720\" height=\"540\" src=\"https:\/\/taizypackaging.com\/wp-content\/uploads\/2021\/08\/bucket-chain-conveyor-packing-machine.jpg\" alt=\"m\u00e1y \u0111\u00f3ng g\u00f3i b\u0103ng t\u1ea3i x\u00edch x\u00f4\" class=\"wp-image-3995\" srcset=\"https:\/\/taizypackaging.com\/wp-content\/uploads\/2021\/08\/bucket-chain-conveyor-packing-machine.jpg 720w, https:\/\/taizypackaging.com\/wp-content\/uploads\/2021\/08\/bucket-chain-conveyor-packing-machine-300x225.jpg 300w\" sizes=\"auto, (max-width: 720px) 100vw, 720px\" \/><figcaption class=\"wp-element-caption\">m\u00e1y \u0111\u00f3ng g\u00f3i b\u0103ng t\u1ea3i x\u00edch x\u00f4<\/figcaption><\/figure>    <h2 class=\"wp-block-heading\" id=\"h-optional-type\">Lo\u1ea1i m\u00e1y \u0111\u00f3ng g\u00f3i t\u00fai x\u00f4 t\u00f9y ch\u1ecdn<\/h2>    <p>\u0110\u1ed1i v\u1edbi m\u00e1y \u0111\u00f3ng g\u00f3i g\u1ea7u x\u00edch, ki\u1ec3u d\u00e1ng c\u1ee7a b\u0103ng t\u1ea3i ti\u1ebfn dao c\u00f3 th\u1ec3 t\u00f9y ch\u1ec9nh, t\u00f9y thu\u1ed9c v\u00e0o tr\u1ecdng l\u01b0\u1ee3ng c\u1ee7a v\u1eadt th\u1ec3 m\u00e0 kh\u00e1ch h\u00e0ng s\u1ebd \u0111\u00f3ng g\u00f3i. Lo\u1ea1i ngang ch\u1ee7 y\u1ebfu \u0111\u01b0\u1ee3c s\u1eed d\u1ee5ng \u0111\u1ec3 \u0111\u00f3ng g\u00f3i c\u00e1c m\u1eb7t h\u00e0ng c\u00f3 ch\u1ea5t l\u01b0\u1ee3ng nh\u1eb9 h\u01a1n, ch\u1eb3ng h\u1ea1n nh\u01b0 b\u00e1nh bao \u0111\u00f4ng l\u1ea1nh, tr\u00e1i c\u00e2y s\u1ea5y kh\u00f4 v\u00e0 c\u00e1c th\u1ef1c ph\u1ea9m kh\u00e1c. Lo\u1ea1i \u0111\u1ea9y nghi\u00eang \u0111\u01b0\u1ee3c s\u1eed d\u1ee5ng cho c\u00e1c m\u1eb7t h\u00e0ng c\u00f3 ch\u1ea5t l\u01b0\u1ee3ng l\u1edbn h\u01a1n, ch\u1eb3ng h\u1ea1n nh\u01b0 ph\u1ee5 ki\u1ec7n ph\u1ea7n c\u1ee9ng, v.v., \u0111\u1ec3 ti\u1ebft ki\u1ec7m nh\u00e2n c\u00f4ng v\u00e0 n\u00e2ng cao hi\u1ec7u qu\u1ea3 s\u1ea3n xu\u1ea5t.<\/p>    <figure class=\"wp-block-image size-full\"><img loading=\"lazy\" decoding=\"async\" width=\"750\" height=\"638\" src=\"https:\/\/taizypackaging.com\/wp-content\/uploads\/2021\/08\/\u94fe\u6597\u5305\u88c5\u673a\u8be6\u60c5_05.jpg\" alt=\"m\u00e1y \u0111\u00f3ng g\u00f3i th\u00f9ng x\u00edch ngang\" class=\"wp-image-2750\" srcset=\"https:\/\/taizypackaging.com\/wp-content\/uploads\/2021\/08\/\u94fe\u6597\u5305\u88c5\u673a\u8be6\u60c5_05.jpg 750w, https:\/\/taizypackaging.com\/wp-content\/uploads\/2021\/08\/\u94fe\u6597\u5305\u88c5\u673a\u8be6\u60c5_05-300x255.jpg 300w\" sizes=\"auto, (max-width: 750px) 100vw, 750px\" \/><figcaption class=\"wp-element-caption\">m\u00e1y \u0111\u00f3ng g\u00f3i th\u00f9ng x\u00edch ngang<\/figcaption><\/figure>    <figure class=\"wp-block-image size-full\"><img loading=\"lazy\" decoding=\"async\" width=\"750\" height=\"640\" src=\"https:\/\/taizypackaging.com\/wp-content\/uploads\/2021\/08\/\u94fe\u6597\u5305\u88c5\u673a\u8be6\u60c5_06.jpg\" alt=\"\" class=\"wp-image-2751\" srcset=\"https:\/\/taizypackaging.com\/wp-content\/uploads\/2021\/08\/\u94fe\u6597\u5305\u88c5\u673a\u8be6\u60c5_06.jpg 750w, https:\/\/taizypackaging.com\/wp-content\/uploads\/2021\/08\/\u94fe\u6597\u5305\u88c5\u673a\u8be6\u60c5_06-300x256.jpg 300w\" sizes=\"auto, (max-width: 750px) 100vw, 750px\" \/><figcaption class=\"wp-element-caption\">M\u00e1y \u0111\u00f3ng g\u00f3i x\u00f4 d\u1ea1ng x\u00edch \u0111\u1ea9y nghi\u00eang<\/figcaption><\/figure>","protected":false},"excerpt":{"rendered":"<p>Chain bucket packing machine is a semi-automatic granule packing equipment. It can complete the process of filling, bag making, sealing, cutting, and counting. Just the manual feeding of material is required. A bucket chain-type packing machine is suitable for packaging various particles, such as snacks, nuts, beans, biscuits, grains, cereal, chips, soap, nails, fish, frozen [&hellip;]<\/p>\n","protected":false},"author":1,"featured_media":2752,"parent":0,"template":"","tags":[605,198],"product-type":[659],"class_list":["post-2740","product","type-product","status-publish","has-post-thumbnail","hentry","tag-chain-bucket-packing-machine","tag-granule-packing-machine","product-type-granule-packing-machines"],"_links":{"self":[{"href":"https:\/\/taizypackaging.com\/vi\/wp-json\/wp\/v2\/product\/2740","targetHints":{"allow":["GET"]}}],"collection":[{"href":"https:\/\/taizypackaging.com\/vi\/wp-json\/wp\/v2\/product"}],"about":[{"href":"https:\/\/taizypackaging.com\/vi\/wp-json\/wp\/v2\/types\/product"}],"author":[{"embeddable":true,"href":"https:\/\/taizypackaging.com\/vi\/wp-json\/wp\/v2\/users\/1"}],"wp:featuredmedia":[{"embeddable":true,"href":"https:\/\/taizypackaging.com\/vi\/wp-json\/wp\/v2\/media\/2752"}],"wp:attachment":[{"href":"https:\/\/taizypackaging.com\/vi\/wp-json\/wp\/v2\/media?parent=2740"}],"wp:term":[{"taxonomy":"post_tag","embeddable":true,"href":"https:\/\/taizypackaging.com\/vi\/wp-json\/wp\/v2\/tags?post=2740"},{"taxonomy":"product-type","embeddable":true,"href":"https:\/\/taizypackaging.com\/vi\/wp-json\/wp\/v2\/product-type?post=2740"}],"curies":[{"name":"wp","href":"https:\/\/api.w.org\/{rel}","templated":true}]}}