{"id":2756,"date":"2021-08-25T10:21:49","date_gmt":"2021-08-25T10:21:49","guid":{"rendered":"https:\/\/taizypackaging.com\/?p=2756"},"modified":"2024-07-16T17:50:16","modified_gmt":"2024-07-16T09:50:16","slug":"yogurt-cup-filling-and-sealing-machine","status":"publish","type":"product","link":"https:\/\/taizypackaging.com\/vi\/yogurt-cup-filling-and-sealing-machine\/","title":{"rendered":"M\u00e1y chi\u1ebft r\u00f3t v\u00e0 d\u00e1n k\u00edn c\u1ed1c s\u1eefa chua"},"content":{"rendered":"<div class=\"kk-star-ratings kksr-auto kksr-align-left kksr-valign-top\"     data-payload='{&quot;align&quot;:&quot;left&quot;,&quot;id&quot;:&quot;2756&quot;,&quot;slug&quot;:&quot;default&quot;,&quot;valign&quot;:&quot;top&quot;,&quot;ignore&quot;:&quot;&quot;,&quot;reference&quot;:&quot;auto&quot;,&quot;class&quot;:&quot;&quot;,&quot;count&quot;:&quot;12&quot;,&quot;legendonly&quot;:&quot;&quot;,&quot;readonly&quot;:&quot;&quot;,&quot;score&quot;:&quot;4.6&quot;,&quot;starsonly&quot;:&quot;&quot;,&quot;best&quot;:&quot;5&quot;,&quot;gap&quot;:&quot;5&quot;,&quot;greet&quot;:&quot;Rate this product&quot;,&quot;legend&quot;:&quot;4.6\\\/5 - (12 b\u00ecnh ch\u1ecdn)&quot;,&quot;size&quot;:&quot;24&quot;,&quot;title&quot;:&quot;Yogurt Cup Filling and Sealing Machine&quot;,&quot;width&quot;:&quot;130.9&quot;,&quot;_legend&quot;:&quot;{score}\\\/{best} - ({count} {votes})&quot;,&quot;font_factor&quot;:&quot;1.25&quot;}'>              <div class=\"kksr-stars\">      <div class=\"kksr-stars-inactive\">             <div class=\"kksr-star\" data-star=\"1\" style=\"padding-right: 5px\">               <div class=\"kksr-icon\" style=\"width: 24px; height: 24px;\"><\/div>         <\/div>             <div class=\"kksr-star\" data-star=\"2\" style=\"padding-right: 5px\">               <div class=\"kksr-icon\" style=\"width: 24px; height: 24px;\"><\/div>         <\/div>             <div class=\"kksr-star\" data-star=\"3\" style=\"padding-right: 5px\">               <div class=\"kksr-icon\" style=\"width: 24px; height: 24px;\"><\/div>         <\/div>             <div class=\"kksr-star\" data-star=\"4\" style=\"padding-right: 5px\">               <div class=\"kksr-icon\" style=\"width: 24px; height: 24px;\"><\/div>         <\/div>             <div class=\"kksr-star\" data-star=\"5\" style=\"padding-right: 5px\">               <div class=\"kksr-icon\" style=\"width: 24px; height: 24px;\"><\/div>         <\/div>     <\/div>      <div class=\"kksr-stars-active\" style=\"width: 130.9px;\">             <div class=\"kksr-star\" style=\"padding-right: 5px\">               <div class=\"kksr-icon\" style=\"width: 24px; height: 24px;\"><\/div>         <\/div>             <div class=\"kksr-star\" style=\"padding-right: 5px\">               <div class=\"kksr-icon\" style=\"width: 24px; height: 24px;\"><\/div>         <\/div>             <div class=\"kksr-star\" style=\"padding-right: 5px\">               <div class=\"kksr-icon\" style=\"width: 24px; height: 24px;\"><\/div>         <\/div>             <div class=\"kksr-star\" style=\"padding-right: 5px\">               <div class=\"kksr-icon\" style=\"width: 24px; height: 24px;\"><\/div>         <\/div>             <div class=\"kksr-star\" style=\"padding-right: 5px\">               <div class=\"kksr-icon\" style=\"width: 24px; height: 24px;\"><\/div>         <\/div>     <\/div> <\/div>                   <div class=\"kksr-legend\" style=\"font-size: 19.2px;\">             4.6\/5 - (12 b\u00ecnh ch\u1ecdn)    <\/div>     <\/div>  <p class=\"translation-block\"><strong>M\u00e1y \u0111\u00f3ng g\u00f3i v\u00e0 \u0111\u00f3ng n\u1eafp h\u1ee7 s\u1eefa chua<\/strong> \u1edf \u0111\u00e2y \u0111\u01b0\u1ee3c s\u1eed d\u1ee5ng \u0111\u1ec3 \u0111\u00f3ng g\u00f3i h\u1ee7 s\u1eefa chua t\u1ef1 \u0111\u1ed9ng. Tr\u00ean th\u1ef1c t\u1ebf, m\u00e1y n\u00e0y kh\u00f4ng ch\u1ec9 ph\u00f9 h\u1ee3p cho vi\u1ec7c \u0111\u1ed5 \u0111\u1ea7y v\u00e0 \u0111\u00f3ng n\u1eafp s\u1eefa chua, m\u00e0 c\u00f2n cho nhi\u1ec1u m\u1eb7t h\u00e0ng kh\u00e1c nh\u01b0 s\u1eefa, c\u00e0 ph\u00ea, n\u01b0\u1edbc tr\u00e1i c\u00e2y, kem, m\u1ee9t, v\u00e0 c\u00e1c \u0111\u1ed3 u\u1ed1ng kh\u00e1c. N\u00f3 l\u00fd t\u01b0\u1edfng cho c\u00e1c d\u1ef1 \u00e1n nh\u1ecf v\u00e0 v\u1eeba. M\u00e1y \u0111\u00f3ng g\u00f3i v\u00e0 \u0111\u00f3ng n\u1eafp h\u1ee7 t\u1ef1 \u0111\u1ed9ng n\u00e0y c\u00f3 th\u1ec3 ho\u00e0n t\u1ea5t qu\u00e1 tr\u00ecnh di chuy\u1ec3n, \u0111\u1ed5 \u0111\u1ea7y, ni\u00eam phong v\u00e0 ho\u00e0n thi\u1ec7n s\u1ea3n ph\u1ea9m. V\u1edbi thi\u1ebft k\u1ebf quay v\u00e0 c\u00f4ng ngh\u1ec7 ti\u00ean ti\u1ebfn, m\u00e1y \u0111\u00f3ng g\u00f3i v\u00e0 \u0111\u00f3ng n\u1eafp h\u1ee7 s\u1eefa chua c\u00f3 hi\u1ec7u su\u1ea5t t\u1ed1t v\u00e0 n\u0103ng su\u1ea5t cao. B\u00ean c\u1ea1nh \u0111\u00f3, Taizy Packaging Machinery h\u1ed7 tr\u1ee3 d\u1ecbch v\u1ee5 OEM m\u1ea1nh m\u1ebd \u0111\u1ec3 \u0111\u00e1p \u1ee9ng c\u00e1c y\u00eau c\u1ea7u ri\u00eang c\u1ee7a b\u1ea1n. H\u00e3y \u0111\u1ec3 l\u1ea1i tin nh\u1eafn cho ch\u00fang t\u00f4i v\u00e0 ch\u00fang t\u00f4i s\u1ebd tr\u1ea3 l\u1eddi b\u1ea1n s\u1edbm. <\/p>    <h2 class=\"wp-block-heading\">Video ho\u1ea1t \u0111\u1ed9ng c\u1ee7a m\u00e1y l\u00e0m c\u1ed1c s\u1eefa chua<\/h2>   <figure class=\"wp-block-embed-youtube wp-block-embed is-type-video is-provider-youtube wp-embed-aspect-16-9 wp-has-aspect-ratio\"><div class=\"lyte-wrapper fourthree\" title=\"M\u00e1y chi\u1ebft r\u00f3t v\u00e0 d\u00e1n k\u00edn c\u1ed1c cho s\u1eefa chua Lo\u1ea1i quay t\u1ef1 \u0111\u1ed9ng S\u1ea3n xu\u1ea5t t\u1ea1i Trung Qu\u1ed1c\" style=\"width:960px;max-width:100%;margin:5px auto;\"><div class=\"lyMe hidef\" id=\"WYL_-WLq0PyuVQA\" itemprop=\"video\" itemscope itemtype=\"https:\/\/schema.org\/VideoObject\"><div><meta itemprop=\"thumbnailUrl\" content=\"https:\/\/taizypackaging.com\/wp-content\/plugins\/wp-youtube-lyte\/lyteCache.php?origThumbUrl=https%3A%2F%2Fi.ytimg.com%2Fvi%2F-WLq0PyuVQA%2Fmaxresdefault.jpg\" \/><meta itemprop=\"embedURL\" content=\"https:\/\/www.youtube.com\/embed\/-WLq0PyuVQA\" \/><meta itemprop=\"duration\" content=\"PT3M13S\" \/><meta itemprop=\"uploadDate\" content=\"2022-02-24T06:53:35Z\" \/><\/div><div id=\"lyte_-WLq0PyuVQA\" data-src=\"https:\/\/taizypackaging.com\/wp-content\/plugins\/wp-youtube-lyte\/lyteCache.php?origThumbUrl=https%3A%2F%2Fi.ytimg.com%2Fvi%2F-WLq0PyuVQA%2Fmaxresdefault.jpg\" class=\"pL\"><div class=\"tC\"><div class=\"tT\" itemprop=\"name\">M\u00e1y chi\u1ebft r\u00f3t v\u00e0 d\u00e1n k\u00edn c\u1ed1c cho s\u1eefa chua Lo\u1ea1i quay t\u1ef1 \u0111\u1ed9ng S\u1ea3n xu\u1ea5t t\u1ea1i Trung Qu\u1ed1c<\/div><\/div><div class=\"play\"><\/div><div class=\"ctrl\"><div class=\"Lctrl\"><\/div><div class=\"Rctrl\"><\/div><\/div><\/div><noscript><a href=\"https:\/\/youtu.be\/-WLq0PyuVQA\" rel=\"nofollow noopener\" target=\"_blank\"><img loading=\"lazy\" decoding=\"async\" src=\"https:\/\/taizypackaging.com\/wp-content\/plugins\/wp-youtube-lyte\/lyteCache.php?origThumbUrl=https%3A%2F%2Fi.ytimg.com%2Fvi%2F-WLq0PyuVQA%2F0.jpg\" alt=\"M\u00e1y chi\u1ebft r\u00f3t v\u00e0 d\u00e1n k\u00edn c\u1ed1c cho s\u1eefa chua Lo\u1ea1i quay t\u1ef1 \u0111\u1ed9ng S\u1ea3n xu\u1ea5t t\u1ea1i Trung Qu\u1ed1c\" width=\"960\" height=\"700\" \/><br \/>Xem video n\u00e0y tr\u00ean YouTube<\/a><\/noscript><meta itemprop=\"description\" content=\"#yogurtcupfilling #cupfillingmachine #fillingmachine EMAIL: info@taizypackaging.com TEL\/WHATSAPP: +86 18837171591 USEFUL LINK: https:\/\/taizypackaging.com\/yogurt-cup-filling-and-sealing-machine\/ This cup filling and sealing machine is designed for packing yogurt, water, fruit jams, coffee, dahi, etc. Yogurt filling and sealing machine is a packaging machine designed for beverage cup sealing. It can complete the process of automatic cup dropping, automatic filling, automatic film sealing, and automatic cup discharging. Easy to operate, stable performance, easy to maintain. It can be used as a stand-alone machine or connected to the production line. Automatic rotary filling and sealing machines for Packaging Solutions offer a competitive filling and sealing solution for liquid,semi-liquid and pasty food products. For example, oil, yogurt, fresh milk, milk tea, cosmetics, hair care products, fruit drinks, carbonated drinks, etc. Advantages of automatic rotary filling and sealing machine 1. The automatic rotary filling and sealing machine is fully functional and the smallest fully automatic machine with small space occupation. 2. The whole machine is made of stainless steel and aluminum alloy, sturdy and smooth, not easy to rust. 3. Advanced plc control system with display, support multiple languages. It is easy to understand the operation. 4. The electric eye automatically tracks and corrects the sealing position for precise film printing alignment. 5. The machine will stop automatically when it detects no cups to be filled and will start automatically when the cups are refilled. You may also interested in these videos: Automatic paste\/liquid filling machine: https:\/\/www.youtube.com\/watch?v=EwhasMp_vJI&amp;t=59s Automatic capping machine: https:\/\/www.youtube.com\/watch?v=w6hJUqlY1gk EMAIL: info@taizypackaging.com TEL\/WHATSAPP: +86 18837171591 USEFUL LINK: https:\/\/taizypackaging.com\/yogurt-cup-filling-and-sealing-machine\/\"><\/div><\/div><div class=\"lL\" style=\"max-width:100%;width:960px;margin:5px auto;\"><\/div><figcaption><\/figcaption><\/figure>   <h2 class=\"wp-block-heading\" id=\"h-the-brief-introduction-of-yogurt-cup-filling-and-sealing-machine\">M\u00e1y chi\u1ebft r\u00f3t v\u00e0 d\u00e1n k\u00edn c\u1ed1c s\u1eefa chua l\u00e0 g\u00ec? <\/h2>    <p>M\u00e1y chi\u1ebft r\u00f3t v\u00e0 d\u00e1n k\u00edn s\u1eefa chua \u0111\u01b0\u1ee3c thi\u1ebft k\u1ebf \u0111\u1ec3 \u0111\u00f3ng g\u00f3i c\u1ed1c s\u1eefa chua. Ngo\u00e0i ra, n\u00f3 c\u00f2n ph\u00f9 h\u1ee3p v\u1edbi m\u1ed9t s\u1ed1 ng\u00e0nh c\u00f4ng nghi\u1ec7p, bao g\u1ed3m \u0111\u1ed3 u\u1ed1ng, th\u1ef1c ph\u1ea9m v\u00e0 trang \u0111i\u1ec3m. S\u1eefa chua c\u00f3 nhu c\u1ea7u r\u1ea5t l\u1edbn tr\u00ean to\u00e0n th\u1ebf gi\u1edbi. V\u00ec v\u1eady, m\u00e1y \u0111\u00f3ng g\u00f3i s\u1eefa chua \u0111ang c\u00f3 nhu c\u1ea7u l\u1edbn v\u00e0 \u0111\u01b0\u1ee3c \u01b0a chu\u1ed9ng. N\u00f3 c\u00f3 th\u1ec3 ho\u00e0n th\u00e0nh qu\u00e1 tr\u00ecnh th\u1ea3 c\u1ed1c, r\u00f3t, d\u00e1n m\u00e0ng v\u00e0 x\u1ea3 c\u1ed1c t\u1ef1 \u0111\u1ed9ng. V\u1eadn h\u00e0nh v\u00e0 b\u1ea3o tr\u00ec d\u1ec5 d\u00e0ng, hi\u1ec7u su\u1ea5t t\u1ed1t. m\u00e1y l\u00e0m \u0111\u1ea7y v\u00e0 ni\u00eam phong s\u1eefa chua c\u00f3 th\u1ec3 c\u1ea3i thi\u1ec7n \u0111\u00e1ng k\u1ec3 hi\u1ec7u qu\u1ea3 c\u1ee7a b\u1ea1n v\u00e0 mang l\u1ea1i l\u1ee3i \u00edch cho d\u1ef1 \u00e1n c\u1ee7a b\u1ea1n. N\u1ebfu b\u1ea1n s\u1edf h\u1eefu doanh nghi\u1ec7p s\u1eefa chua ho\u1eb7c \u0111\u1ed3 u\u1ed1ng kh\u00e1c c\u1ee7a ri\u00eang m\u00ecnh, ho\u1eb7c b\u1ea1n l\u00e0 ng\u01b0\u1eddi kinh doanh m\u00e1y \u0111\u00f3ng g\u00f3i, m\u00e1y chi\u1ebft r\u00f3t v\u00e0 d\u00e1n k\u00edn c\u1ed1c s\u1eefa chua l\u00e0 s\u1ef1 l\u1ef1a ch\u1ecdn tuy\u1ec7t v\u1eddi cho b\u1ea1n. <\/p>    <figure class=\"wp-block-image size-full\"><img decoding=\"async\" src=\"https:\/\/taizypackaging.com\/wp-content\/uploads\/2021\/08\/yougurt-cup-filling-and-sealing-machine.jpg\" alt=\"m\u00e1y chi\u1ebft r\u00f3t v\u00e0 d\u00e1n k\u00edn c\u1ed1c yougurt\" class=\"wp-image-4009\"\/><figcaption class=\"wp-element-caption\">m\u00e1y l\u00e0m \u0111\u1ea7y v\u00e0 ni\u00eam phong c\u1ed1c s\u1eefa chua<\/figcaption><\/figure>    <h2 class=\"wp-block-heading\" id=\"h-applications-of-yogurt-cup-filling-mad-sealing-machine\">\u1ee8ng d\u1ee5ng c\u1ee7a m\u00e1y l\u00e0m \u0111\u1ea7y c\u1ed1c s\u1eefa chua \u0111i\u00ean cu\u1ed3ng<\/h2>    <p>M\u00e1y r\u00f3t v\u00e0 d\u00e1n c\u1ed1c n\u00e0y kh\u00f4ng ch\u1ec9 ph\u00f9 h\u1ee3p v\u1edbi s\u1eefa chua m\u00e0 c\u00f2n ph\u00f9 h\u1ee3p v\u1edbi nhi\u1ec1u s\u1ea3n ph\u1ea9m nh\u01b0 d\u1ea7u, s\u1eefa chua, s\u1eefa t\u01b0\u01a1i, tr\u00e0 s\u1eefa, m\u1ef9 ph\u1ea9m, s\u1ea3n ph\u1ea9m ch\u0103m s\u00f3c t\u00f3c, n\u01b0\u1edbc tr\u00e1i c\u00e2y, \u0111\u1ed3 u\u1ed1ng c\u00f3 ga, kem, th\u1ea1ch, lassi, s\u1eefa \u0111\u00f4ng , n\u01b0\u1edbc tinh khi\u1ebft, n\u01b0\u1edbc kho\u00e1ng, c\u00e0 ph\u00ea, n\u01b0\u1edbc tr\u00e1i c\u00e2y, n\u01b0\u1edbc s\u1ed1t, m\u1ee9t,\u2026 M\u00e1y chi\u1ebft r\u00f3t v\u00e0 \u0111\u00f3ng k\u00edn c\u1ed1c quay t\u1ef1 \u0111\u1ed9ng c\u00f3 ph\u1ea1m vi \u1ee9ng d\u1ee5ng kh\u00e1 r\u1ed9ng. N\u00f3 c\u00f3 th\u1ec3 l\u00e0 m\u1ed9t c\u00f4ng c\u1ee5 tuy\u1ec7t v\u1eddi cho d\u1ef1 \u00e1n c\u1ee7a b\u1ea1n. <\/p>    <figure class=\"wp-block-image size-full\"><img decoding=\"async\" src=\"https:\/\/taizypackaging.com\/wp-content\/uploads\/2021\/08\/cup-filling-sealing-machine-applications.jpg\" alt=\"\u1ee9ng d\u1ee5ng c\u1ee7a m\u00e1y d\u00e1n mi\u1ec7ng c\u1ed1c\" class=\"wp-image-4000\"\/><figcaption class=\"wp-element-caption\">\u1ee9ng d\u1ee5ng c\u1ee7a m\u00e1y d\u00e1n mi\u1ec7ng c\u1ed1c<\/figcaption><\/figure>    <h2 class=\"wp-block-heading\" id=\"h-technical-parameters-of-kis-1800\">Th\u00f4ng s\u1ed1 m\u00e1y l\u00e0m \u0111\u1ea7y v\u00e0 ni\u00eam phong s\u1eefa chua <\/h2>    <figure class=\"wp-block-table is-style-stripes\"><table><tbody><tr><td>Quy\u1ec1n l\u1ef1c<\/td><td>220V\/1200W<\/td><\/tr><tr><td>T\u1ed1c \u0111\u1ed9<\/td><td>800~900chai\/h(1600~1800chai\/h)<\/td><\/tr><tr><td>\u00c1p l\u1ef1c<\/td><td>0,5MPa-0,75 MPa<\/td><\/tr><tr><td>Ti\u00eau th\u1ee5 kh\u00f4ng kh\u00ed t\u1ed1i \u0111a<\/td><td>0,45m\u00b3\/m<\/td><\/tr><tr><td>C\u00e2n n\u1eb7ng<\/td><td>350kg<\/td><\/tr><tr><td>K\u00edch th\u01b0\u1edbc m\u00e1y<\/td><td>100*<em>80<\/em>*120 cm<\/td><\/tr><\/tbody><\/table><\/figure>    <p>L\u01b0u \u00fd: C\u00e1c th\u00f4ng s\u1ed1 c\u00f3 th\u1ec3 \u0111\u01b0\u1ee3c t\u00f9y ch\u1ec9nh theo y\u00eau c\u1ea7u c\u1ee5 th\u1ec3 c\u1ee7a b\u1ea1n. <\/p>    <h2 class=\"wp-block-heading\" id=\"h-the-design-features-of-automatic-rotary-filling-and-sealing-machine\">\u01afu \u0111i\u1ec3m c\u1ee7a m\u00e1y d\u00e1n mi\u1ec7ng c\u1ed1c quay t\u1ef1 \u0111\u1ed9ng Taizy<\/h2>    <ul class=\"wp-block-list\"> <li>M\u00e1y chi\u1ebft r\u00f3t v\u00e0 h\u00e0n k\u00edn quay t\u1ef1 \u0111\u1ed9ng c\u00f3 \u0111\u1ea7y \u0111\u1ee7 ch\u1ee9c n\u0103ng v\u00e0 l\u00e0 lo\u1ea1i m\u00e1y ho\u00e0n to\u00e0n t\u1ef1 \u0111\u1ed9ng nh\u1ecf nh\u1ea5t v\u1edbi di\u1ec7n t\u00edch chi\u1ebfm kh\u00f4ng gian nh\u1ecf.<\/li>    <li>To\u00e0n b\u1ed9 m\u00e1y \u0111\u01b0\u1ee3c l\u00e0m b\u1eb1ng th\u00e9p kh\u00f4ng g\u1ec9 v\u00e0 h\u1ee3p kim nh\u00f4m, c\u1ee9ng c\u00e1p v\u00e0 m\u1ecbn m\u00e0ng, kh\u00f4ng d\u1ec5 b\u1ecb r\u1ec9 s\u00e9t.<\/li>    <li>H\u1ec7 th\u1ed1ng \u0111i\u1ec1u khi\u1ec3n PLC ti\u00ean ti\u1ebfn c\u00f3 m\u00e0n h\u00ecnh hi\u1ec3n th\u1ecb, h\u1ed7 tr\u1ee3 nhi\u1ec1u ng\u00f4n ng\u1eef. Th\u1eadt d\u1ec5 d\u00e0ng \u0111\u1ec3 hi\u1ec3u ho\u1ea1t \u0111\u1ed9ng.<\/li>    <li>M\u1eaft \u0111i\u1ec7n t\u1ef1 \u0111\u1ed9ng theo d\u00f5i v\u00e0 \u0111i\u1ec1u ch\u1ec9nh v\u1ecb tr\u00ed ni\u00eam phong \u0111\u1ec3 c\u0103n ch\u1ec9nh in phim ch\u00ednh x\u00e1c.<\/li>    <li>S\u1ed1 l\u01b0\u1ee3ng \u0111\u1ed5 \u0111\u1ea7y ch\u00ednh x\u00e1c, c\u1ea5p li\u1ec7u t\u1ef1 \u0111\u1ed9ng b\u1eb1ng c\u00e1ch ki\u1ec3m so\u00e1t m\u1ee9c ch\u1ea5t l\u1ecfng c\u1ee7a tr\u1ed1ng l\u01b0u tr\u1eef, t\u1ef1 \u0111\u1ed9ng l\u00e0m s\u1ea1ch tr\u1ed1ng v\u00e0 \u0111\u1ed5 \u0111\u1ea7y \u0111\u01b0\u1eddng \u1ed1ng b\u1eb1ng CIP. T\u1ea5t c\u1ea3 c\u00e1c \u0111\u01b0\u1eddng \u1ed1ng \u0111\u1ec1u \u0111\u00e1p \u1ee9ng c\u00e1c quy \u0111\u1ecbnh v\u1ec7 sinh c\u1ea5p th\u1ef1c ph\u1ea9m.<\/li>    <li>M\u00e1y s\u1ebd t\u1ef1 \u0111\u1ed9ng d\u1eebng khi ph\u00e1t hi\u1ec7n kh\u00f4ng c\u00f3 c\u1ed1c n\u00e0o \u0111\u01b0\u1ee3c \u0111\u1ed5 \u0111\u1ea7y v\u00e0 s\u1ebd t\u1ef1 \u0111\u1ed9ng kh\u1edfi \u0111\u1ed9ng khi c\u1ed1c \u0111\u01b0\u1ee3c \u0111\u1ed5 \u0111\u1ea7y l\u1ea1i.<\/li> <\/ul>    <h2 class=\"wp-block-heading\">C\u1ea5u t\u1ea1o m\u00e1y d\u00e1n mi\u1ec7ng c\u1ed1c s\u1eefa chua<\/h2>    <p>M\u00e1y d\u00e1n mi\u1ec7ng c\u1ed1c s\u1eefa chua \u0111\u01b0\u1ee3c t\u1ea1o th\u00e0nh t\u1eeb h\u1ec7 th\u1ed1ng h\u00e0n k\u00edn, h\u1ec7 th\u1ed1ng r\u00f3t, h\u1ec7 th\u1ed1ng \u0111i\u1ec1u khi\u1ec3n PLC, h\u1ec7 th\u1ed1ng th\u1ea3 c\u1ed1c t\u1ef1 \u0111\u1ed9ng, h\u1ec7 th\u1ed1ng nh\u1ea3 m\u00e0ng, h\u1ec7 th\u1ed1ng x\u1ea3 c\u1ed1c, v.v. T\u1ea5t c\u1ea3 c\u00e1c b\u1ed9 ph\u1eadn n\u00e0y ho\u1ea1t \u0111\u1ed9ng c\u00f9ng nhau, c\u00f3 m\u1ed9t m\u00e1y r\u00f3t c\u1ed1c s\u1eefa chua ho\u00e0n to\u00e0n t\u1ef1 \u0111\u1ed9ng m\u00e1y ni\u00eam phong c\u00f3 s\u1eb5n. M\u00e0n h\u00ecnh c\u1ea3m \u1ee9ng l\u1edbn gi\u00fap thao t\u00e1c v\u00e0 c\u00e0i \u0111\u1eb7t th\u00f4ng s\u1ed1 r\u1ea5t d\u1ec5 d\u00e0ng. B\u00ean c\u1ea1nh \u0111\u00f3, ch\u1ea5t li\u1ec7u th\u00e9p kh\u00f4ng g\u1ec9 b\u1ec1n b\u1ec9 v\u00e0 c\u00f4ng ngh\u1ec7 ti\u00ean ti\u1ebfn gi\u00fap m\u00e1y h\u00e0n mi\u1ec7ng c\u1ed1c ho\u1ea1t \u0111\u1ed9ng t\u1ed1t v\u00e0 tu\u1ed5i th\u1ecd cao. <\/p>    <figure class=\"wp-block-image size-full\"><img decoding=\"async\" src=\"https:\/\/taizypackaging.com\/wp-content\/uploads\/2021\/08\/yogurt-packing-machine-structure.jpg\" alt=\"c\u1ea5u t\u1ea1o m\u00e1y \u0111\u00f3ng g\u00f3i s\u1eefa chua\" class=\"wp-image-4018\"\/><figcaption class=\"wp-element-caption\">c\u1ea5u t\u1ea1o m\u00e1y \u0111\u00f3ng g\u00f3i s\u1eefa chua<\/figcaption><\/figure>    <h2 class=\"wp-block-heading\" id=\"h-about-us\">Nh\u00e0 s\u1ea3n xu\u1ea5t m\u00e1y d\u00e1n mi\u1ec7ng c\u1ed1c t\u1ef1 \u0111\u1ed9ng \u2013 Taizy Packaging<\/h2>    <p>M\u00e1y chi\u1ebft r\u00f3t v\u00e0 d\u00e1n k\u00edn c\u1ed1c quay l\u00e0 d\u00e2y chuy\u1ec1n \u0111\u00f3ng g\u00f3i s\u1eefa chua ho\u00e0n to\u00e0n t\u1ef1 \u0111\u1ed9ng t\u00edch h\u1ee3p c\u00e1c ho\u1ea1t \u0111\u1ed9ng c\u1ea5p c\u1ed1c, r\u00f3t, h\u00e0n k\u00edn v\u00e0 x\u1ea3 c\u1ed1c. M\u00e1y n\u00e0y \u0111\u01b0\u1ee3c l\u00e0m b\u1eb1ng th\u00e2n b\u1eb1ng th\u00e9p kh\u00f4ng g\u1ec9, \u0111\u00e1p \u1ee9ng c\u00e1c y\u00eau c\u1ea7u v\u1ec7 sinh v\u00e0 d\u1ec5 d\u00e0ng v\u1ec7 sinh, r\u1eeda s\u1ea1ch. Ngo\u00e0i ra, n\u00f3 c\u00f2n th\u00edch h\u1ee3p \u0111\u1ec3 d\u00e1n c\u1ed1c \u0111\u1ef1ng kem v\u00e0 c\u00e1c s\u1ea3n ph\u1ea9m kh\u00e1c, c\u0169ng nh\u01b0 \u0111\u1ec3 d\u00e1n c\u1ed1c nh\u1ef1a, c\u1ed1c gi\u1ea5y, c\u1ed1c nh\u00f4m c\u0169ng nh\u01b0 c\u00e1c lo\u1ea1i c\u1ed1c v\u00e0 h\u1ed9p kh\u00e1c.<\/p>    <p class=\"translation-block\"> L\u00e0 m\u1ed9t nh\u00e0 s\u1ea3n xu\u1ea5t v\u00e0 cung c\u1ea5p m\u00e1y \u0111\u00f3ng g\u00f3i m\u1ea1nh m\u1ebd, chu\u1ed7i s\u1ea3n ph\u1ea9m c\u1ee7a ch\u00fang t\u00f4i c\u00f3 h\u01a1n m\u01b0\u1eddi n\u0103m kinh nghi\u1ec7m s\u1ea3n xu\u1ea5t. V\u1edbi c\u00f4ng ngh\u1ec7 ti\u00ean ti\u1ebfn, to\u00e0n b\u1ed9 m\u00e1y s\u1eed d\u1ee5ng h\u1ec7 th\u1ed1ng \u0111i\u1ec1u khi\u1ec3n v\u00e0 c\u00e1c th\u00e0nh ph\u1ea7n kh\u00ed n\u00e9n t\u1eeb Nh\u1eadt B\u1ea3n, \u0110\u00e0i Loan v\u00e0 nhi\u1ec1u th\u01b0\u01a1ng hi\u1ec7u n\u1ed5i ti\u1ebfng kh\u00e1c, c\u00f3 \u0111\u1eb7c \u0111i\u1ec3m \u00edt h\u1ecfng h\u00f3c, ho\u1ea1t \u0111\u1ed9ng \u1ed5n \u0111\u1ecbnh v\u00e0 tu\u1ed5i th\u1ecd d\u00e0i. B\u00ean c\u1ea1nh \u0111\u00f3, ch\u00fang t\u00f4i cung c\u1ea5p <a href=\"https:\/\/taizypackaging.com\/vi\/category\/machines-category\/granule-packing-machine\/\" target=\"_blank\" rel=\"noreferrer noopener\"> may \u0111\u00f3ng g\u00f3i h\u1ea1t<\/a>, m\u00e1y \u0111\u00f3ng g\u00f3i b\u1ed9t, <a href=\"https:\/\/taizypackaging.com\/vi\/category\/machines-category\/tea\/\" target=\"_blank\" rel=\"noreferrer noopener\"> m\u00e1y \u0111\u00f3ng g\u00f3i tr\u00e0<\/a>, v.v. Ch\u00e0o m\u1eddi li\u00ean h\u1ec7 v\u1edbi ch\u00fang t\u00f4i \u0111\u1ec3 \u0111\u01b0\u1ee3c b\u00e1o gi\u00e1 mi\u1ec5n ph\u00ed. <\/p>","protected":false},"excerpt":{"rendered":"<p>M\u00e1y chi\u1ebft r\u00f3t v\u00e0 d\u00e1n k\u00edn c\u1ed1c s\u1eefa chua \u0111\u01b0\u1ee3c s\u1eed d\u1ee5ng \u0111\u1ec3 \u0111\u00f3ng g\u00f3i c\u1ed1c s\u1eefa chua t\u1ef1 \u0111\u1ed9ng. Tr\u00ean th\u1ef1c t\u1ebf, chi\u1ebfc m\u00e1y n\u00e0y kh\u00f4ng ch\u1ec9 th\u00edch h\u1ee3p \u0111\u1ec3 l\u00e0m \u0111\u1ea7y v\u00e0 \u0111\u00f3ng g\u00f3i s\u1eefa chua m\u00e0 c\u00f2n th\u00edch h\u1ee3p cho nhi\u1ec1u m\u1eb7t h\u00e0ng kh\u00e1c nh\u01b0 s\u1eefa, c\u00e0 ph\u00ea, n\u01b0\u1edbc tr\u00e1i c\u00e2y, kem, m\u1ee9t v\u00e0 c\u00e1c lo\u1ea1i \u0111\u1ed3 u\u1ed1ng kh\u00e1c.<\/p>","protected":false},"author":1,"featured_media":4881,"parent":0,"template":"","tags":[607,606],"product-type":[662],"class_list":["post-2756","product","type-product","status-publish","has-post-thumbnail","hentry","tag-cup-filling-and-sealing-machine","tag-yogurt-cup-filling-and-sealing-machine","product-type-paste-packing-machines"],"_links":{"self":[{"href":"https:\/\/taizypackaging.com\/vi\/wp-json\/wp\/v2\/product\/2756","targetHints":{"allow":["GET"]}}],"collection":[{"href":"https:\/\/taizypackaging.com\/vi\/wp-json\/wp\/v2\/product"}],"about":[{"href":"https:\/\/taizypackaging.com\/vi\/wp-json\/wp\/v2\/types\/product"}],"author":[{"embeddable":true,"href":"https:\/\/taizypackaging.com\/vi\/wp-json\/wp\/v2\/users\/1"}],"wp:featuredmedia":[{"embeddable":true,"href":"https:\/\/taizypackaging.com\/vi\/wp-json\/wp\/v2\/media\/4881"}],"wp:attachment":[{"href":"https:\/\/taizypackaging.com\/vi\/wp-json\/wp\/v2\/media?parent=2756"}],"wp:term":[{"taxonomy":"post_tag","embeddable":true,"href":"https:\/\/taizypackaging.com\/vi\/wp-json\/wp\/v2\/tags?post=2756"},{"taxonomy":"product-type","embeddable":true,"href":"https:\/\/taizypackaging.com\/vi\/wp-json\/wp\/v2\/product-type?post=2756"}],"curies":[{"name":"wp","href":"https:\/\/api.w.org\/{rel}","templated":true}]}}