{"id":293,"date":"2020-08-27T07:59:15","date_gmt":"2020-08-27T07:59:15","guid":{"rendered":"https:\/\/taizypackaging.com\/?p=293"},"modified":"2024-07-16T16:44:43","modified_gmt":"2024-07-16T08:44:43","slug":"lapel-combination-packaging-machine","status":"publish","type":"product","link":"https:\/\/taizypackaging.com\/vi\/lapel-combination-packaging-machine\/","title":{"rendered":"M\u00e1y \u0111\u00f3ng g\u00f3i c\u00e2n nhi\u1ec1u \u0111\u1ea7u"},"content":{"rendered":"<div class=\"kk-star-ratings kksr-auto kksr-align-left kksr-valign-top\"     data-payload='{&quot;align&quot;:&quot;left&quot;,&quot;id&quot;:&quot;293&quot;,&quot;slug&quot;:&quot;default&quot;,&quot;valign&quot;:&quot;top&quot;,&quot;ignore&quot;:&quot;&quot;,&quot;reference&quot;:&quot;auto&quot;,&quot;class&quot;:&quot;&quot;,&quot;count&quot;:&quot;10&quot;,&quot;legendonly&quot;:&quot;&quot;,&quot;readonly&quot;:&quot;&quot;,&quot;score&quot;:&quot;4.8&quot;,&quot;starsonly&quot;:&quot;&quot;,&quot;best&quot;:&quot;5&quot;,&quot;gap&quot;:&quot;5&quot;,&quot;greet&quot;:&quot;Rate this product&quot;,&quot;legend&quot;:&quot;4.8\\\/5 - (10 b\u00ecnh ch\u1ecdn)&quot;,&quot;size&quot;:&quot;24&quot;,&quot;title&quot;:&quot;Multihead Weigher Packing Machine&quot;,&quot;width&quot;:&quot;136.7&quot;,&quot;_legend&quot;:&quot;{score}\\\/{best} - ({count} {votes})&quot;,&quot;font_factor&quot;:&quot;1.25&quot;}'>              <div class=\"kksr-stars\">      <div class=\"kksr-stars-inactive\">             <div class=\"kksr-star\" data-star=\"1\" style=\"padding-right: 5px\">               <div class=\"kksr-icon\" style=\"width: 24px; height: 24px;\"><\/div>         <\/div>             <div class=\"kksr-star\" data-star=\"2\" style=\"padding-right: 5px\">               <div class=\"kksr-icon\" style=\"width: 24px; height: 24px;\"><\/div>         <\/div>             <div class=\"kksr-star\" data-star=\"3\" style=\"padding-right: 5px\">               <div class=\"kksr-icon\" style=\"width: 24px; height: 24px;\"><\/div>         <\/div>             <div class=\"kksr-star\" data-star=\"4\" style=\"padding-right: 5px\">               <div class=\"kksr-icon\" style=\"width: 24px; height: 24px;\"><\/div>         <\/div>             <div class=\"kksr-star\" data-star=\"5\" style=\"padding-right: 5px\">               <div class=\"kksr-icon\" style=\"width: 24px; height: 24px;\"><\/div>         <\/div>     <\/div>      <div class=\"kksr-stars-active\" style=\"width: 136.7px;\">             <div class=\"kksr-star\" style=\"padding-right: 5px\">               <div class=\"kksr-icon\" style=\"width: 24px; height: 24px;\"><\/div>         <\/div>             <div class=\"kksr-star\" style=\"padding-right: 5px\">               <div class=\"kksr-icon\" style=\"width: 24px; height: 24px;\"><\/div>         <\/div>             <div class=\"kksr-star\" style=\"padding-right: 5px\">               <div class=\"kksr-icon\" style=\"width: 24px; height: 24px;\"><\/div>         <\/div>             <div class=\"kksr-star\" style=\"padding-right: 5px\">               <div class=\"kksr-icon\" style=\"width: 24px; height: 24px;\"><\/div>         <\/div>             <div class=\"kksr-star\" style=\"padding-right: 5px\">               <div class=\"kksr-icon\" style=\"width: 24px; height: 24px;\"><\/div>         <\/div>     <\/div> <\/div>                   <div class=\"kksr-legend\" style=\"font-size: 19.2px;\">             4.8\/5 - (10 l\u01b0\u1ee3t b\u00ecnh ch\u1ecdn)    <\/div>     <\/div>  <p class=\"translation-block\"><strong>M\u00e1y \u0111\u00f3ng g\u00f3i c\u00e2n Multihead<\/strong> l\u00e0 m\u1ed9t gi\u1ea3i ph\u00e1p \u0111\u00f3ng g\u00f3i si\u00eau hi\u1ec7u qu\u1ea3. N\u00f3 c\u00f3 th\u1ec3 \u00e1p d\u1ee5ng cho c\u1ea3 nguy\u00ean li\u1ec7u th\u1ef1c ph\u1ea9m v\u00e0 phi th\u1ef1c ph\u1ea9m nh\u01b0 khoai t\u00e2y l\u00e1t, b\u1ecfng ng\u00f4, h\u1ea1t, ng\u0169 c\u1ed1c, \u0111\u01b0\u1eddng, c\u00e0 ph\u00ea, mu\u1ed1i, socola, \u0111\u1ed3 gia d\u1ee5ng, nh\u1ef1a, v.v. V\u1edbi m\u1ee9c \u0111\u1ed9 t\u1ef1 \u0111\u1ed9ng h\u00f3a cao v\u00e0 v\u1eadn h\u00e0nh d\u1ec5 d\u00e0ng, m\u00e1y \u0111\u00f3ng g\u00f3i t\u00fai c\u00e2n nhi\u1ec1u \u0111\u1ea7u c\u00f3 th\u1ec3 n\u00e2ng cao \u0111\u00e1ng k\u1ec3 n\u0103ng su\u1ea5t v\u00e0 l\u1ee3i \u00edch cho d\u1ef1 \u00e1n c\u1ee7a b\u1ea1n. B\u00ean c\u1ea1nh \u0111\u00f3, ch\u00fang t\u00f4i \u00e1p d\u1ee5ng c\u00e1c thi\u1ebft b\u1ecb an to\u00e0n kh\u1ea9n c\u1ea5p \u0111\u1ec3 \u0111\u1ea3m b\u1ea3o v\u1eadn h\u00e0nh an to\u00e0n. T\u1ea5t c\u1ea3 m\u00e1y c\u1ee7a ch\u00fang t\u00f4i \u0111\u01b0\u1ee3c l\u00e0m b\u1eb1ng th\u00e9p kh\u00f4ng g\u1ec9, b\u1ec1n v\u00e0 \u0111\u00e1ng tin c\u1eady. N\u1ebfu b\u1ea1n s\u1edf h\u1eefu m\u1ed9t nh\u00e0 m\u00e1y th\u1ef1c ph\u1ea9m, m\u00e1y c\u00e2n \u0111a \u0111\u1ea7u ch\u1eafc ch\u1eafn l\u00e0 l\u1ef1a ch\u1ecdn t\u1ed1t. Li\u00ean h\u1ec7 v\u1edbi ch\u00fang t\u00f4i ngay h\u00f4m nay \u0111\u1ec3 bi\u1ebft th\u00eam th\u00f4ng tin.  <\/p>    <h2 class=\"wp-block-heading\" id=\"h-the-working-video-of-the-large-combination-weigher-packaging-machine\">Video ho\u1ea1t \u0111\u1ed9ng c\u1ee7a m\u00e1y \u0111\u00f3ng g\u00f3i c\u00e2n k\u1ebft h\u1ee3p l\u1edbn<\/h2>   <figure class=\"wp-block-embed-youtube wp-block-embed is-type-video is-provider-youtube wp-embed-aspect-16-9 wp-has-aspect-ratio\"><div class=\"lyte-wrapper fourthree\" title=\"M\u00e1y \u0111\u00f3ng g\u00f3i c\u00e2n nhi\u1ec1u \u0111\u1ea7u cho khoai t\u00e2y chi\u00ean | M\u00e1y \u0111\u00f3ng g\u00f3i chip t\u1ef1 \u0111\u1ed9ng\" style=\"width:960px;max-width:100%;margin:5px auto;\"><div class=\"lyMe hidef\" id=\"WYL_mfQQ28r7qzY\" itemprop=\"video\" itemscope itemtype=\"https:\/\/schema.org\/VideoObject\"><div><meta itemprop=\"thumbnailUrl\" content=\"https:\/\/taizypackaging.com\/wp-content\/plugins\/wp-youtube-lyte\/lyteCache.php?origThumbUrl=https%3A%2F%2Fi.ytimg.com%2Fvi%2FmfQQ28r7qzY%2Fmaxresdefault.jpg\" \/><meta itemprop=\"embedURL\" content=\"https:\/\/www.youtube.com\/embed\/mfQQ28r7qzY\" \/><meta itemprop=\"duration\" content=\"PT50S\" \/><meta itemprop=\"uploadDate\" content=\"2022-01-25T03:01:53Z\" \/><\/div><div id=\"lyte_mfQQ28r7qzY\" data-src=\"https:\/\/taizypackaging.com\/wp-content\/plugins\/wp-youtube-lyte\/lyteCache.php?origThumbUrl=https%3A%2F%2Fi.ytimg.com%2Fvi%2FmfQQ28r7qzY%2Fmaxresdefault.jpg\" class=\"pL\"><div class=\"tC\"><div class=\"tT\" itemprop=\"name\">M\u00e1y \u0111\u00f3ng g\u00f3i c\u00e2n nhi\u1ec1u \u0111\u1ea7u cho khoai t\u00e2y chi\u00ean | M\u00e1y \u0111\u00f3ng g\u00f3i chip t\u1ef1 \u0111\u1ed9ng<\/div><\/div><div class=\"play\"><\/div><div class=\"ctrl\"><div class=\"Lctrl\"><\/div><div class=\"Rctrl\"><\/div><\/div><\/div><noscript><a href=\"https:\/\/youtu.be\/mfQQ28r7qzY\" rel=\"nofollow noopener\" target=\"_blank\"><img loading=\"lazy\" decoding=\"async\" src=\"https:\/\/taizypackaging.com\/wp-content\/plugins\/wp-youtube-lyte\/lyteCache.php?origThumbUrl=https%3A%2F%2Fi.ytimg.com%2Fvi%2FmfQQ28r7qzY%2F0.jpg\" alt=\"M\u00e1y \u0111\u00f3ng g\u00f3i c\u00e2n nhi\u1ec1u \u0111\u1ea7u cho khoai t\u00e2y chi\u00ean | M\u00e1y \u0111\u00f3ng g\u00f3i chip t\u1ef1 \u0111\u1ed9ng\" width=\"960\" height=\"700\" \/><br \/>Xem video n\u00e0y tr\u00ean YouTube<\/a><\/noscript><meta itemprop=\"description\" content=\"#chipspacking #multiheadweigher #packingbusiness EMAIL: info@taizypackaging.com TEL\/WHATSAPP: +86 18837171591 WEBSITE:https:\/\/taizypackaging.com\/lapel-combination-packaging-machine\/ This is a kind of multihead weigher packing machine for chips. It has absolutely a high efficiency and good performance. It can be applied to both food and non-food materials like chips, popcorn, nut, grains, sugar, coffee, salt, chocolate, hardware, plastic, etc. With a high degree of automation level and easy operation, a muli-head weigher pouch packing machine can greatly enhance your productivity and benefit your project. Generally, a multi-head weigher packing machine mainly consists of two parts, a feeding system, and a packaging system. They include a Z-type conveyor, multi head weigher, working platform, packaging machine, and output conveyor. You may also like these videos: Automatic small granule packing machine: https:\/\/www.youtube.com\/watch?v=RdSqEhdiWzU Premade bag packing machine: https:\/\/www.youtube.com\/watch?v=Xqb5_CFb_H8&amp;t=3s EMAIL: info@taizypackaging.com TEL\/WHATSAPP: +86 18837171591\"><\/div><\/div><div class=\"lL\" style=\"max-width:100%;width:960px;margin:5px auto;\"><\/div><figcaption><\/figcaption><\/figure>   <h2 class=\"wp-block-heading\" id=\"h-wide-applications-of-multi-head-weigher-packing-machine\">\u1ee8ng d\u1ee5ng r\u1ed9ng r\u00e3i c\u1ee7a M\u00e1y \u0111\u00f3ng g\u00f3i c\u00e2n nhi\u1ec1u \u0111\u1ea7u<\/h2>    <p id=\"h-large-combination-weigher-packaging-machine-from-taizy-machinery-company-is-suitable-for-packaging-it-can-be-used-to-package-puffed-food-potato-chips-french-fries-peanuts-melon-seeds-msg-tea-dried-fruits-biscuits-cereals-hardware-plastics-and-other-granular-flake-strip-irregular-shapes-and-other-objects-it-can-be-wrapped-up-to-2-5-kg-so-how-do-you-pack-a-large-item-you-can-choose-this-machine-this-machine-is-the-first-choice-when-you-pack-fragile-items-for-example-potato-chips-french-fries-nigerian-chinchin-and-other-snacks\" class=\"translation-block\"><strong>M\u00e1y \u0111\u00f3ng g\u00f3i c\u00e2n \u0111a \u0111\u1ea7u<\/strong> ph\u00f9 h\u1ee3p \u0111\u1ec3 \u0111\u00f3ng g\u00f3i nhi\u1ec1u lo\u1ea1i h\u1ea1t. N\u00f3 c\u00f3 th\u1ec3 \u0111\u01b0\u1ee3c d\u00f9ng \u0111\u1ec3 \u0111\u00f3ng g\u00f3i th\u1ef1c ph\u1ea9m b\u1ecdt, khoai t\u00e2y l\u00e1t, khoai T\u00e2y chi\u00ean, h\u1ea1t \u0111i\u1ec1u, ng\u0169 c\u1ed1c, snack, h\u1ea1t b\u00ed, tr\u00e0, tr\u00e1i c\u00e2y s\u1ea5y kh\u00f4, biscuits, cereal, hardware, plastics, v\u00e0 nhi\u1ec1u h\u1ea1t granule kh\u00e1c. M\u1ed9t m\u00e1y \u0111\u00f3ng g\u00f3i t\u00fai c\u00e2n nhi\u1ec1u \u0111\u1ea7u th\u01b0\u1eddng \u0111\u01b0\u1ee3c s\u1eed d\u1ee5ng trong ng\u00e0nh c\u00f4ng nghi\u1ec7p th\u1ef1c ph\u1ea9m. \u00c1p d\u1ee5ng v\u1eadt li\u1ec7u \u0111\u1ecbnh d\u1ea1ng th\u1ef1c ph\u1ea9m v\u00e0 c\u00f4ng ngh\u1ec7 ti\u00ean ti\u1ebfn, n\u00f3 an to\u00e0n v\u00e0 \u0111\u00e1ng tin c\u1eady. \u0110\u1ed3ng th\u1eddi, ch\u00fang t\u00f4i cung c\u1ea5p nhi\u1ec1u thi\u1ebft b\u1ecb h\u1ed7 tr\u1ee3 \u0111\u1ec3 ph\u00f9 h\u1ee3p v\u1edbi nhu c\u1ea7u c\u1ee7a b\u1ea1n. V\u00ed d\u1ee5, c\u00f3 m\u1ed9t thi\u1ebft b\u1ecb b\u01a1m nit\u01a1 \u0111\u1ec3 gi\u1eef cho s\u1ea3n ph\u1ea9m gi\u00f2n v\u00e0 d\u1ec5 v\u1eadn chuy\u1ec3n. <\/p>    <figure class=\"wp-block-image alignnone wp-image-825 size-full\"><img decoding=\"async\" src=\"https:\/\/taizypackaging.com\/wp-content\/uploads\/2020\/08\/packing-snacks-2.jpg\" alt=\"\u0111\u00f3ng g\u00f3i \u0111\u1ed3 \u0103n nh\u1eb9\" class=\"wp-image-825\"\/><figcaption class=\"wp-element-caption\">\u1ee9ng d\u1ee5ng \u0111\u00f3ng g\u00f3i th\u1ef1c ph\u1ea9m<\/figcaption><\/figure>    <h2 class=\"wp-block-heading\" id=\"h-types-of-multihead-weigher-vffs-packing-machine-for-sale\">C\u1ea7n b\u00e1n c\u00e1c lo\u1ea1i m\u00e1y \u0111\u00f3ng g\u00f3i VFFS c\u00e2n nhi\u1ec1u \u0111\u1ea7u <\/h2>    <p class=\"translation-block\">M\u00e1y \u0111\u00f3ng g\u00f3i c\u00e2n nhi\u1ec1u \u0111\u1ea7u kh\u00e1c v\u1edbi nhi\u1ec1u <a href=\"https:\/\/taizypackaging.com\/vi\/granule-packaging-machine\/\">m\u00e1y \u0111\u00f3ng g\u00f3i theo chi\u1ec1u d\u1ecdc<\/a>. M\u00e1y c\u00f3 th\u1ec3 \u0111\u01b0\u1ee3c trang b\u1ecb c\u00e1c h\u1ec7 th\u1ed1ng c\u1ea5p li\u1ec7u kh\u00e1c nhau. Th\u01b0\u1eddng d\u00f9ng l\u00e0 c\u00e2n 4 \u0111\u1ea7u, c\u00e2n 10 \u0111\u1ea7u v\u00e0 c\u00e2n 14 \u0111\u1ea7u. C\u00e1c c\u00e2n \u0111a \u0111\u1ea7u kh\u00e1c nhau c\u00f3 l\u1ee3i \u00edch v\u00e0 \u1ee9ng d\u1ee5ng kh\u00e1c nhau. V\u00ed d\u1ee5, m\u00e1y \u0111\u00f3ng g\u00f3i c\u00e2n 14 \u0111\u1ea7u hi\u1ec7u qu\u1ea3 h\u01a1n m\u00e1y 4 \u0111\u1ea7u. Tuy nhi\u00ean, chi ph\u00ed c\u1ee7a n\u00f3 t\u01b0\u01a1ng \u0111\u1ed1i cao h\u01a1n. B\u00ean c\u1ea1nh \u0111\u00f3, c\u00f3 ba lo\u1ea1i h\u1ec7 th\u1ed1ng \u0111\u00f3ng g\u00f3i cho m\u00e1y n\u00e0y, TH-420, TH-520 v\u00e0 TH-720. Ch\u00fang ph\u00f9 h\u1ee3p v\u1edbi chi\u1ec1u d\u00e0i t\u00fai, chi\u1ec1u r\u1ed9ng t\u00fai v\u00e0 t\u1ed1c \u0111\u1ed9 \u0111\u00f3ng g\u00f3i. B\u1ea1n c\u00f3 bi\u1ebft \u0111\u00e2u l\u00e0 ph\u00f9 h\u1ee3p nh\u1ea5t cho d\u1ef1 \u00e1n c\u1ee7a b\u1ea1n kh\u00f4ng? G\u1eedi email cho ch\u00fang t\u00f4i ho\u1eb7c g\u1ecdi cho ch\u00fang t\u00f4i \u0111\u1ec3 \u0111\u01b0\u1ee3c t\u01b0 v\u1ea5n mua h\u00e0ng chuy\u00ean nghi\u1ec7p. <\/p>    <figure class=\"wp-block-image size-large\"><img decoding=\"async\" src=\"https:\/\/taizypackaging.com\/wp-content\/uploads\/2020\/08\/large-combination-weigher-packaging-machine-1.jpg\" alt=\"m\u00e1y \u0111\u00f3ng g\u00f3i c\u00e2n k\u1ebft h\u1ee3p l\u1edbn\" class=\"wp-image-709\"\/><figcaption class=\"wp-element-caption\">M\u00e1y \u0111\u00f3ng g\u00f3i c\u00e2n k\u1ebft h\u1ee3p nhi\u1ec1u \u0111\u1ea7u<\/figcaption><\/figure>    <h2 class=\"wp-block-heading\" id=\"taizy-multihead-weigher-machine-parameters\">Th\u00f4ng s\u1ed1 m\u00e1y c\u00e2n nhi\u1ec1u \u0111\u1ea7u Taizy<\/h2>    <figure class=\"wp-block-table\"><table><tbody><tr><td>Ki\u1ec3u<\/td><td>TH420<\/td><td>TH520<\/td><td>TH720<\/td><\/tr><tr><td>Chi\u1ec1u d\u00e0i t\u00fai<\/td><td>80-300mm<\/td><td>80-400mm<\/td><td>100-400mm<\/td><\/tr><tr><td>Chi\u1ec1u r\u1ed9ng t\u00fai<\/td><td>50-200mm<\/td><td>80-250mm<\/td><td>180-350mm<\/td><\/tr><tr><td>Chi\u1ec1u r\u1ed9ng t\u1ed1i \u0111a c\u1ee7a m\u00e0ng cu\u1ed9n<\/td><td>420mm<\/td><td>520mm<\/td><td>720mm<\/td><\/tr><tr><td>T\u1ed1c \u0111\u1ed9 \u0111\u00f3ng g\u00f3i<\/td><td>5-30 t\u00fai\/ph\u00fat<\/td><td>5-50 t\u00fai\/ph\u00fat<\/td><td>5-50 t\u00fai\/ph\u00fat<\/td><\/tr><tr><td>Ti\u00eau th\u1ee5 kh\u00f4ng kh\u00ed<\/td><td>0,65mpa<\/td><td>0,65mpa<\/td><td>0,65mpa<\/td><\/tr><tr><td>Ti\u00eau th\u1ee5 kh\u00ed \u0111\u1ed1t<\/td><td>0,3m\u00b3 \/ ph\u00fat<\/td><td>0,4m\u00b3 \/ ph\u00fat<\/td><td>0,4m\u00b3 \/ ph\u00fat<\/td><\/tr><tr><td>\u0110i\u1ec7n \u00e1p ngu\u1ed3n<\/td><td>220V<\/td><td>220VAC\/50HZ<\/td><td>220VAC\/50HZ<\/td><\/tr><tr><td>K\u00edch th\u01b0\u1edbc<\/td><td>(D)1320*(W)950*(H)1360<\/td><td>(L)1150\u00d7(W)1795\u00d7(H)1650mm<\/td><td>(L)1780\u00d7(W)1350\u00d7(H)1950mm<\/td><\/tr><\/tbody><\/table><\/figure>    <h2 class=\"wp-block-heading\" id=\"h-structures-of-multihead-weigher-packaging-machine\">C\u1ea5u t\u1ea1o c\u1ee7a m\u00e1y \u0111\u00f3ng g\u00f3i c\u00e2n \u0111\u1ecbnh l\u01b0\u1ee3ng nhi\u1ec1u \u0111\u1ea7u<\/h2>    <p>Th\u00f4ng th\u01b0\u1eddng, m\u00e1y \u0111\u00f3ng g\u00f3i c\u00e2n \u0111\u1ecbnh l\u01b0\u1ee3ng nhi\u1ec1u \u0111\u1ea7u ch\u1ee7 y\u1ebfu bao g\u1ed3m hai b\u1ed9 ph\u1eadn, h\u1ec7 th\u1ed1ng c\u1ea5p li\u1ec7u v\u00e0 h\u1ec7 th\u1ed1ng \u0111\u00f3ng g\u00f3i.  Ch\u00fang bao g\u1ed3m thang m\u00e1y lo\u1ea1i Z, m\u00e1y c\u00e2n nhi\u1ec1u \u0111\u1ea7u, b\u1ec7 l\u00e0m vi\u1ec7c, m\u00e1y \u0111\u00f3ng g\u00f3i v\u00e0 b\u0103ng t\u1ea3i \u0111\u1ea7u ra. Ch\u00fang \u0111\u01b0\u1ee3c nh\u00f3m l\u1ea1i v\u1edbi nhau \u0111\u1ec3 \u0111\u1ea1t \u0111\u01b0\u1ee3c quy tr\u00ecnh c\u1ea5p li\u1ec7u, c\u00e2n, chi\u1ebft r\u00f3t, ni\u00eam phong v\u00e0 c\u1eaft t\u1ef1 \u0111\u1ed9ng. \u0110\u01b0\u1ee3c trang b\u1ecb c\u00e2n \u0111\u1ecbnh l\u01b0\u1ee3ng 10 \u0111\u1ea7u ho\u1eb7c c\u00e2n \u0111\u1ecbnh l\u01b0\u1ee3ng 14 \u0111\u1ea7u, si\u00eau hi\u1ec7u qu\u1ea3 v\u00e0 \u0111\u00e1ng tin c\u1eady. L\u00e0 nh\u00e0 s\u1ea3n xu\u1ea5t m\u00e1y c\u00e2n nhi\u1ec1u \u0111\u1ea7u m\u1ea1nh m\u1ebd, ch\u00fang t\u00f4i cung c\u1ea5p d\u1ecbch v\u1ee5 m\u00e1y \u0111\u00f3ng g\u00f3i t\u00f9y ch\u1ec9nh v\u00e0 ti\u00eau chu\u1ea9n tuy\u1ec7t v\u1eddi. B\u1ea1n c\u00f3 quan t\u00e2m \u0111\u1ebfn chi\u1ebfc m\u00e1y n\u00e0y kh\u00f4ng? H\u00e3y li\u00ean h\u1ec7 v\u1edbi ch\u00fang t\u00f4i \u0111\u1ec3 bi\u1ebft th\u00eam th\u00f4ng tin. <\/p>    <figure class=\"wp-block-image size-full\"><img decoding=\"async\" src=\"https:\/\/taizypackaging.com\/wp-content\/uploads\/2020\/08\/multihead-weigher-machine-structure.jpg\" alt=\"c\u1ea5u t\u1ea1o m\u00e1y c\u00e2n nhi\u1ec1u \u0111\u1ea7u\" class=\"wp-image-3298\"\/><figcaption class=\"wp-element-caption\">c\u1ea5u t\u1ea1o m\u00e1y c\u00e2n nhi\u1ec1u \u0111\u1ea7u<\/figcaption><\/figure>   <h2>Ki\u1ec3u \u0111\u00f3ng g\u00f3i c\u1ee7a m\u00e1y \u0111\u00f3ng g\u00f3i c\u00e2n nhi\u1ec1u \u0111\u1ea7u<\/h2> <p>Ki\u1ec3u d\u00e1ng \u0111\u00f3ng g\u00f3i c\u1ee7a m\u00e1y \u0111\u00f3ng g\u00f3i c\u00e2n k\u1ebft h\u1ee3p d\u1ecdc l\u1edbn r\u1ea5t \u0111a d\u1ea1ng. N\u00f3 c\u00f3 th\u1ec3 \u0111\u01b0\u1ee3c ni\u00eam phong l\u1ea1i, nh\u01b0ng c\u00f3 s\u1ef1 kh\u00e1c bi\u1ec7t v\u1ec1 k\u00edch th\u01b0\u1edbc.<\/p> <figure id=\"attachment_1126\" aria-describedby=\"caption-attachment-1126\" style=\"width: 720px\" class=\"wp-caption alignnone\"><img loading=\"lazy\" decoding=\"async\" class=\"wp-image-1126 size-full\" src=\"https:\/\/taizypackaging.com\/wp-content\/uploads\/2020\/08\/back-sealing.jpg\" alt=\"ni\u00eam phong l\u1ea1i\" width=\"720\" height=\"540\"><figcaption id=\"caption-attachment-1126\" class=\"wp-caption-text\">c\u00e1c lo\u1ea1i t\u00fai<\/figcaption><\/figure> <h2 id=\"h-the-advantages-of-large-packaging-machine\">\u01afu \u0111i\u1ec3m c\u1ee7a m\u00e1y \u0111\u00f3ng g\u00f3i c\u00e2n nhi\u1ec1u \u0111\u1ea7u<\/h2>   <ol class=\"wp-block-list\" type=\"1\"> <li>M\u00e1y \u0111\u00f3ng g\u00f3i n\u00e0y s\u1eed d\u1ee5ng c\u1eb7p nhi\u1ec7t \u0111i\u1ec7n \u0111\u1ec3 ki\u1ec3m so\u00e1t nhi\u1ec7t \u0111\u1ed9 ni\u00eam phong ngang v\u00e0 d\u1ecdc.<\/li>    <li>N\u00f3 s\u1eed d\u1ee5ng m\u1ed9t m\u00e1y ch\u1ee7 kh\u00ed n\u00e9n v\u1edbi s\u1ee9c m\u1ea1nh m\u1ea1nh m\u1ebd.<\/li>    <li>B\u00e1nh xe k\u00e9o m\u00e0ng \u0111\u01b0\u1ee3c l\u00e0m b\u1eb1ng ch\u1ea5t li\u1ec7u cao su, gi\u00fap cho bao b\u00ec \u0111\u01b0\u1ee3c d\u00e0y d\u1eb7n h\u01a1n. B\u00e1nh xe k\u00e9o m\u00e0ng \u0111\u01b0\u1ee3c l\u00e0m b\u1eb1ng ch\u1ea5t li\u1ec7u cao su gi\u00fap bao b\u00ec \u0111\u01b0\u1ee3c \u00eam \u00e1i h\u01a1n.<\/li>    <li>Bao b\u00ec c\u1ee7a m\u00e1y ho\u00e0n h\u1ea3o v\u00e0 \u1ed5n \u0111\u1ecbnh.<\/li>    <li>M\u1eb7t trong c\u1ee7a m\u00e0ng bao b\u00ec \u0111\u01b0\u1ee3c l\u00e0m b\u1eb1ng m\u00e0ng d\u00e1n nhi\u1ec7t, thu\u1eadn ti\u1ec7n cho vi\u1ec7c ni\u00eam phong.<\/li>    <li>C\u00f3 th\u1ec3 trang b\u1ecb th\u00eam thi\u1ebft b\u1ecb \u0111\u1ee5c l\u1ed7 n\u00ean t\u00fai \u0111\u00f3ng g\u00f3i r\u1ea5t th\u00edch h\u1ee3p \u0111\u1ec3 treo trong si\u00eau th\u1ecb.<\/li>    <li>N\u00f3 c\u00f3 th\u1ec3 \u0111\u01b0\u1ee3c trang b\u1ecb m\u1ed9t m\u00e1y b\u01a1m h\u01a1i \u0111\u1ec3 \u0111\u00f3ng g\u00f3i c\u00e1c m\u1eb7t h\u00e0ng d\u1ec5 v\u1ee1 nh\u01b0 khoai t\u00e2y chi\u00ean, khoai t\u00e2y chi\u00ean, \u0111\u1ed3 \u0103n nh\u1eb9 c\u0103ng ph\u1ed3ng, v.v.<\/li> <\/ol>    <h2 class=\"wp-block-heading\" id=\"h-multihead-weigher-working-principle\">Nguy\u00ean l\u00fd l\u00e0m vi\u1ec7c c\u1ee7a c\u00e2n \u0111\u1ecbnh l\u01b0\u1ee3ng nhi\u1ec1u \u0111\u1ea7u <\/h2>    <p>C\u00e2n \u0111\u1ecbnh l\u01b0\u1ee3ng nhi\u1ec1u \u0111\u1ea7u hay c\u00f2n g\u1ecdi l\u00e0 c\u00e2n k\u1ebft h\u1ee3p m\u00e1y t\u00ednh th\u01b0\u1eddng s\u1eed d\u1ee5ng c\u00e1c \u0111\u1ea7u c\u00e2n kh\u00e1c nhau \u0111\u1ec3 \u0111o tr\u1ecdng l\u01b0\u1ee3ng ch\u00ednh x\u00e1c c\u1ee7a s\u1ea3n ph\u1ea9m. Thang \u0111o \u1edf tr\u00ean c\u00f9ng c\u1ee7a s\u1ef1 k\u1ebft h\u1ee3p c\u00e1c s\u1ea3n ph\u1ea9m r\u1ea5t l\u00e2u sau khi c\u00e2n b\u1eb1ng h\u1ec7 th\u1ed1ng ph\u00e2n t\u00e1n b\u00ean trong s\u1ebd b\u1eaft \u0111\u1ea7u ho\u1ea1t \u0111\u1ed9ng. H\u1ec7 th\u1ed1ng s\u1ebd ph\u00e2n ph\u1ed1i s\u1ea3n ph\u1ea9m v\u1edbi s\u1ef1 tr\u1ee3 gi\u00fap c\u1ee7a t\u1ea5m c\u1ea5p li\u1ec7u tuy\u1ebfn t\u00ednh, c\u00e1c m\u00e1y c\u1ea5p li\u1ec7u tuy\u1ebfn t\u00ednh kh\u00e1c nhau s\u1ebd v\u1eadn chuy\u1ec3n s\u1ea3n ph\u1ea9m v\u00e0o ph\u1ec5u. V\u00ed d\u1ee5: n\u1ebfu b\u1ea1n \u0111ang s\u1eed d\u1ee5ng m\u00e1y \u0111\u00f3ng g\u00f3i c\u00e2n 14 \u0111\u1ea7u th\u00ec th\u00f4ng th\u01b0\u1eddng s\u1ebd c\u00f3 14 b\u1ed9 c\u1ea5p li\u1ec7u tuy\u1ebfn t\u00ednh \u0111\u1ec3 v\u1eadn chuy\u1ec3n s\u1ea3n ph\u1ea9m \u0111\u1ebfn 14 ph\u1ec5u sau khi s\u1ea3n ph\u1ea9m \u0111\u01b0\u1ee3c chuy\u1ec3n sang ph\u1ec5u. <\/p>    <h2 class=\"wp-block-heading\" id=\"h-customer-case\">M\u00e1y \u0111\u00f3ng g\u00f3i c\u00e2n nhi\u1ec1u \u0111\u1ea7u xu\u1ea5t kh\u1ea9u sang Malaysia<\/h2>    <p>Ch\u00fang t\u00f4i c\u00f3 m\u1ed9t kh\u00e1ch h\u00e0ng \u1edf Malaysia s\u1eed d\u1ee5ng m\u00e1y n\u00e0y \u0111\u1ec3 \u0111\u00f3ng g\u00f3i 1,5 kg b\u1ed9t gi\u1eb7t. Ngo\u00e0i ra, anh c\u00f2n b\u1ed5 sung th\u00eam m\u1ed9t thi\u1ebft b\u1ecb \u0111\u1ee5c l\u1ed7 g\u00f3c ng\u1ea1nh. V\u00ec l\u00e0 nh\u00e0 cung c\u1ea5p cho si\u00eau th\u1ecb n\u00ean anh \u0111\u00f3ng g\u00f3i b\u1ed9t gi\u1eb7t \u0111\u1ec3 cung c\u1ea5p cho si\u00eau th\u1ecb.<\/p>    <figure class=\"wp-block-image size-full\"><img decoding=\"async\" src=\"https:\/\/taizypackaging.com\/wp-content\/uploads\/2020\/08\/multihead-weigher-packing-machine-factory.jpg\" alt=\"nh\u00e0 m\u00e1y s\u1ea3n xu\u1ea5t m\u00e1y \u0111\u00f3ng g\u00f3i c\u00e2n \u0111\u1ecbnh l\u01b0\u1ee3ng nhi\u1ec1u \u0111\u1ea7u\" class=\"wp-image-3306\"\/><figcaption class=\"wp-element-caption\">nh\u00e0 m\u00e1y s\u1ea3n xu\u1ea5t m\u00e1y \u0111\u00f3ng g\u00f3i c\u00e2n nhi\u1ec1u \u0111\u1ea7u<\/figcaption><\/figure>    <h2 class=\"wp-block-heading\" id=\"h-conclusion\">Ph\u1ea7n k\u1ebft lu\u1eadn<\/h2>    <p class=\"translation-block\">M\u00e1y \u0111\u00f3ng g\u00f3i c\u00e2n \u0111a \u0111\u1ea7u l\u00e0 m\u1ed9t c\u00f4ng c\u1ee5 \u0111\u00f3ng g\u00f3i tuy\u1ec7t v\u1eddi v\u1edbi hi\u1ec7u su\u1ea5t r\u1ea5t cao. N\u00f3 ch\u1eafc ch\u1eafn s\u1ebd mang l\u1ea1i l\u1ee3i \u00edch cho doanh nghi\u1ec7p th\u1ef1c ph\u1ea9m c\u1ee7a b\u1ea1n. V\u1edbi v\u1eadt li\u1ec7u b\u1ec1n v\u00e0 c\u00f4ng ngh\u1ec7 ti\u00ean ti\u1ebfn, c\u00e1c m\u00e1y c\u00e2n \u0111a \u0111\u1ea7u c\u1ee7a ch\u00fang t\u00f4i c\u00f3 hi\u1ec7u su\u1ea5t t\u1ed1t v\u00e0 tu\u1ed5i th\u1ecd d\u00e0i. B\u00ean c\u1ea1nh \u0111\u00f3, c\u00e2n \u0111a \u0111\u1ea7u v\u00e0 <a href=\"https:\/\/taizypackaging.com\/vi\/\">m\u00e1y \u0111\u00f3ng g\u00f3i<\/a> c\u00f3 th\u1ec3 \u0111\u01b0\u1ee3c b\u00e1n ri\u00eang. Ch\u00fang t\u00f4i cung c\u1ea5p c\u00e1c d\u1ecbch v\u1ee5 t\u00f9y ch\u1ec9nh m\u1ea1nh m\u1ebd \u0111\u1ec3 \u0111\u00e1p \u1ee9ng c\u00e1c y\u00eau c\u1ea7u c\u1ee5 th\u1ec3 c\u1ee7a b\u1ea1n. B\u1ea1n c\u00f3 \u0111ang t\u00ecm m\u1ed9t m\u00e1y c\u00e2n \u0111a \u0111\u1ea7u ch\u1ea5t l\u01b0\u1ee3ng \u0111\u1ec3 t\u0103ng l\u1ee3i nhu\u1eadn kh\u00f4ng? \u0110\u1ec3 l\u1ea1i y\u00eau c\u1ea7u c\u1ee7a b\u1ea1n v\u00e0 ch\u00fang t\u00f4i s\u1ebd tr\u1ea3 l\u1eddi b\u1ea1n c\u00e0ng s\u1edbm c\u00e0ng t\u1ed1t. <\/p>","protected":false},"excerpt":{"rendered":"<p>Multihead weigher packing machine is a super-efficient packaging solution. It can be applied to both food and non-food materials like chips, popcorn, nuts, grains, sugar, coffee, salt, chocolate, hardware, plastic, etc. With a high degree of automation level and easy operation, a muli-head weigher pouch packing machine can greatly enhance your productivity and benefit your [&hellip;]<\/p>\n","protected":false},"author":1,"featured_media":710,"parent":0,"template":"","tags":[594,593],"product-type":[659],"class_list":["post-293","product","type-product","status-publish","has-post-thumbnail","hentry","tag-multihead-weigher-machine","tag-multihead-weigher-packing-machine","product-type-granule-packing-machines"],"_links":{"self":[{"href":"https:\/\/taizypackaging.com\/vi\/wp-json\/wp\/v2\/product\/293","targetHints":{"allow":["GET"]}}],"collection":[{"href":"https:\/\/taizypackaging.com\/vi\/wp-json\/wp\/v2\/product"}],"about":[{"href":"https:\/\/taizypackaging.com\/vi\/wp-json\/wp\/v2\/types\/product"}],"author":[{"embeddable":true,"href":"https:\/\/taizypackaging.com\/vi\/wp-json\/wp\/v2\/users\/1"}],"wp:featuredmedia":[{"embeddable":true,"href":"https:\/\/taizypackaging.com\/vi\/wp-json\/wp\/v2\/media\/710"}],"wp:attachment":[{"href":"https:\/\/taizypackaging.com\/vi\/wp-json\/wp\/v2\/media?parent=293"}],"wp:term":[{"taxonomy":"post_tag","embeddable":true,"href":"https:\/\/taizypackaging.com\/vi\/wp-json\/wp\/v2\/tags?post=293"},{"taxonomy":"product-type","embeddable":true,"href":"https:\/\/taizypackaging.com\/vi\/wp-json\/wp\/v2\/product-type?post=293"}],"curies":[{"name":"wp","href":"https:\/\/api.w.org\/{rel}","templated":true}]}}