{"id":392,"date":"2020-09-10T01:59:30","date_gmt":"2020-09-10T01:59:30","guid":{"rendered":"https:\/\/taizypackaging.com\/?p=392"},"modified":"2024-07-17T18:00:41","modified_gmt":"2024-07-17T10:00:41","slug":"vacuum-packing-machine-2","status":"publish","type":"product","link":"https:\/\/taizypackaging.com\/vi\/vacuum-packing-machine\/","title":{"rendered":"M\u00e1y \u0111\u00f3ng g\u00f3i ch\u00e2n kh\u00f4ng \u0111\u1ec3 b\u00e0n"},"content":{"rendered":"<div class=\"kk-star-ratings kksr-auto kksr-align-left kksr-valign-top\"     data-payload='{&quot;align&quot;:&quot;left&quot;,&quot;id&quot;:&quot;392&quot;,&quot;slug&quot;:&quot;default&quot;,&quot;valign&quot;:&quot;top&quot;,&quot;ignore&quot;:&quot;&quot;,&quot;reference&quot;:&quot;auto&quot;,&quot;class&quot;:&quot;&quot;,&quot;count&quot;:&quot;13&quot;,&quot;legendonly&quot;:&quot;&quot;,&quot;readonly&quot;:&quot;&quot;,&quot;score&quot;:&quot;4.7&quot;,&quot;starsonly&quot;:&quot;&quot;,&quot;best&quot;:&quot;5&quot;,&quot;gap&quot;:&quot;5&quot;,&quot;greet&quot;:&quot;Rate this product&quot;,&quot;legend&quot;:&quot;4.7\\\/5 - (13 b\u00ecnh ch\u1ecdn)&quot;,&quot;size&quot;:&quot;24&quot;,&quot;title&quot;:&quot;Desktop Vacuum Packaging Machine&quot;,&quot;width&quot;:&quot;133.8&quot;,&quot;_legend&quot;:&quot;{score}\\\/{best} - ({count} {votes})&quot;,&quot;font_factor&quot;:&quot;1.25&quot;}'>              <div class=\"kksr-stars\">      <div class=\"kksr-stars-inactive\">             <div class=\"kksr-star\" data-star=\"1\" style=\"padding-right: 5px\">               <div class=\"kksr-icon\" style=\"width: 24px; height: 24px;\"><\/div>         <\/div>             <div class=\"kksr-star\" data-star=\"2\" style=\"padding-right: 5px\">               <div class=\"kksr-icon\" style=\"width: 24px; height: 24px;\"><\/div>         <\/div>             <div class=\"kksr-star\" data-star=\"3\" style=\"padding-right: 5px\">               <div class=\"kksr-icon\" style=\"width: 24px; height: 24px;\"><\/div>         <\/div>             <div class=\"kksr-star\" data-star=\"4\" style=\"padding-right: 5px\">               <div class=\"kksr-icon\" style=\"width: 24px; height: 24px;\"><\/div>         <\/div>             <div class=\"kksr-star\" data-star=\"5\" style=\"padding-right: 5px\">               <div class=\"kksr-icon\" style=\"width: 24px; height: 24px;\"><\/div>         <\/div>     <\/div>      <div class=\"kksr-stars-active\" style=\"width: 133.8px;\">             <div class=\"kksr-star\" style=\"padding-right: 5px\">               <div class=\"kksr-icon\" style=\"width: 24px; height: 24px;\"><\/div>         <\/div>             <div class=\"kksr-star\" style=\"padding-right: 5px\">               <div class=\"kksr-icon\" style=\"width: 24px; height: 24px;\"><\/div>         <\/div>             <div class=\"kksr-star\" style=\"padding-right: 5px\">               <div class=\"kksr-icon\" style=\"width: 24px; height: 24px;\"><\/div>         <\/div>             <div class=\"kksr-star\" style=\"padding-right: 5px\">               <div class=\"kksr-icon\" style=\"width: 24px; height: 24px;\"><\/div>         <\/div>             <div class=\"kksr-star\" style=\"padding-right: 5px\">               <div class=\"kksr-icon\" style=\"width: 24px; height: 24px;\"><\/div>         <\/div>     <\/div> <\/div>                   <div class=\"kksr-legend\" style=\"font-size: 19.2px;\">             4.7\/5 - (13 l\u01b0\u1ee3t b\u00ecnh ch\u1ecdn)    <\/div>     <\/div>  <p class=\"translation-block\"><strong>M\u00e1y \u0111\u00f3ng g\u00f3i ch\u00e2n kh\u00f4ng \u0111\u1ec3 b\u00e0n<\/strong> c\u00f2n \u0111\u01b0\u1ee3c g\u1ecdi l\u00e0 m\u00e1y h\u00e0n ch\u00e2n kh\u00f4ng di \u0111\u1ed9ng. N\u00f3 r\u1ea5t ti\u1ec7n l\u1ee3i cho vi\u1ec7c \u0111\u00f3ng g\u00f3i th\u1ef1c ph\u1ea9m ch\u00e2n kh\u00f4ng cho c\u1ea3 m\u1ee5c \u0111\u00edch th\u01b0\u01a1ng m\u1ea1i v\u00e0 gia \u0111\u00ecnh. M\u1ed9t m\u00e1y \u0111\u00f3ng g\u00f3i ch\u00e2n kh\u00f4ng \u0111\u1ec3 b\u00e0n c\u00f3 \u0111\u1eb7c \u0111i\u1ec3m k\u00edch th\u01b0\u1edbc nh\u1ecf, chi ph\u00ed th\u1ea5p v\u00e0 hi\u1ec7u su\u1ea5t t\u1ed1t. N\u00f3 c\u00f3 th\u1ec3 k\u00e9o d\u00e0i \u0111\u00e1ng k\u1ec3 th\u1eddi gian b\u1ea3o qu\u1ea3n th\u1ef1c ph\u1ea9m v\u00e0 c\u0169ng d\u1ec5 d\u00e0ng \u0111\u1ec3 v\u1eadn chuy\u1ec3n. Do \u0111\u00f3, m\u00e1y n\u00e0y l\u00e0 l\u1ef1a ch\u1ecdn l\u00fd t\u01b0\u1edfng cho nh\u00e0 m\u00e1y nh\u1ecf ho\u1eb7c \u1ee9ng d\u1ee5ng gia \u0111\u00ecnh c\u1ee7a b\u1ea1n. B\u00ean c\u1ea1nh \u0111\u00f3, th\u1ecb tr\u01b0\u1eddng m\u00e1y \u0111\u00f3ng g\u00f3i ch\u00e2n kh\u00f4ng \u0111ang ph\u00e1t tri\u1ec3n qua t\u1eebng n\u0103m. B\u1ea1n mu\u1ed1n b\u1eaft \u0111\u1ea7u d\u1ef1 \u00e1n c\u1ee7a m\u00ecnh ho\u1eb7c tr\u1edf th\u00e0nh \u0111\u1ea1i l\u00fd c\u1ee7a ch\u00fang t\u00f4i? H\u00e3y li\u00ean h\u1ec7 v\u1edbi ch\u00fang t\u00f4i h\u00f4m nay \u0111\u1ec3 bi\u1ebft th\u00eam th\u00f4ng tin. <\/p>    <h2 class=\"wp-block-heading\" id=\"h-applications-of-vacuum-packing-machine\">\u1ee8ng d\u1ee5ng c\u1ee7a m\u00e1y \u0111\u00f3ng g\u00f3i ch\u00e2n kh\u00f4ng<\/h2>    <p>M\u00e1y \u0111\u00f3ng g\u00f3i ch\u00e2n kh\u00f4ng \u0111\u1ec3 b\u00e0n ch\u1ee7 y\u1ebfu \u0111\u01b0\u1ee3c s\u1eed d\u1ee5ng \u0111\u1ec3 \u0111\u00f3ng g\u00f3i t\u1ea5t c\u1ea3 c\u00e1c lo\u1ea1i th\u1ef1c ph\u1ea9m nh\u01b0 ch\u00e2n g\u00e0, gi\u0103m b\u00f4ng, ch\u00e2n g\u00e0, th\u1ecbt, rau, tr\u00e1i c\u00e2y, d\u1ea3i cay, phi l\u00ea c\u00e1 n\u01b0\u1edbng, th\u1ecbt b\u00f2 kh\u00f4, x\u00fac x\u00edch, h\u1ea3i s\u1ea3n, ch\u1ea5t l\u1ecfng, b\u1ed9t nh\u00e3o, thu\u1ed1c, v.v. H\u01a1n n\u1eefa, n\u00f3 c\u00f2n c\u00f3 th\u1ec3 h\u00fat ch\u00e2n kh\u00f4ng c\u00e1c ph\u1ea7n c\u1ee9ng \u0111\u00f3ng g\u00f3i, nh\u1ef1a, v.v. N\u00f3i m\u1ed9t c\u00e1ch d\u1ec5 hi\u1ec3u, n\u00f3 c\u00f3 r\u1ea5t nhi\u1ec1u \u1ee9ng d\u1ee5ng, cho c\u1ea3 s\u1ea3n ph\u1ea9m th\u1ef1c ph\u1ea9m v\u00e0 phi th\u1ef1c ph\u1ea9m. <\/p>    <figure class=\"wp-block-image size-full\"><img decoding=\"async\" src=\"https:\/\/taizypackaging.com\/wp-content\/uploads\/2020\/09\/desktop-vacuum-packing-machine-applications.jpg\" alt=\"\u1ee9ng d\u1ee5ng m\u00e1y \u0111\u00f3ng g\u00f3i ch\u00e2n kh\u00f4ng \u0111\u1ec3 b\u00e0n\" class=\"wp-image-4078\"\/><figcaption>\u1ee9ng d\u1ee5ng m\u00e1y \u0111\u00f3ng g\u00f3i ch\u00e2n kh\u00f4ng \u0111\u1ec3 b\u00e0n<\/figcaption><\/figure>    <h2 class=\"wp-block-heading\" id=\"h-quality-desktop-vacuum-packaging-machine-for-sale\">C\u1ea7n b\u00e1n m\u00e1y \u0111\u00f3ng g\u00f3i ch\u00e2n kh\u00f4ng \u0111\u1ec3 b\u00e0n ch\u1ea5t l\u01b0\u1ee3ng <\/h2>    <p class=\"translation-block\">M\u00e1y \u0111\u00f3ng g\u00f3i ch\u00e2n kh\u00f4ng \u0111ang ng\u00e0y c\u00e0ng tr\u1edf n\u00ean ph\u1ed5 bi\u1ebfn tr\u00ean to\u00e0n th\u1ebf gi\u1edbi. Nhi\u1ec1u gia \u0111\u00ecnh s\u1eed d\u1ee5ng n\u00f3 \u0111\u1ec3 h\u00e0n k\u00edn th\u1ef1c ph\u1ea9m. Do \u0111\u00f3, c\u00e1c s\u1ea3n ph\u1ea9m th\u1ef1c ph\u1ea9m d\u1ec5 d\u00e0ng \u0111\u01b0\u1ee3c b\u1ea3o qu\u1ea3n v\u00e0 c\u00f3 th\u1eddi gian b\u1ea3o qu\u1ea3n d\u00e0i. C\u00f3 ba m\u1eabu m\u00e1y \u0111\u00f3ng g\u00f3i ch\u00e2n kh\u00f4ng \u0111\u1ec3 b\u00e0n t\u1eeb Taizy Packaging Machinery, DZ-260A, DZ-260B v\u00e0 DZ-260C. Ch\u00fang c\u00f3 c\u00f4ng su\u1ea5t b\u01a1m ch\u00e2n kh\u00f4ng v\u00e0 k\u00edch th\u01b0\u1edbc bu\u1ed3ng ch\u00e2n kh\u00f4ng kh\u00e1c nhau. M\u1eabu n\u00e0o ph\u00f9 h\u1ee3p th\u00ec n\u00ean d\u1ef1a v\u00e0o t\u00ecnh h\u00ecnh th\u1ef1c t\u1ebf c\u1ee7a b\u1ea1n. H\u01a1n n\u1eefa, ch\u00fang t\u00f4i cung c\u1ea5p c\u00e1c m\u00e1y \u0111\u00f3ng g\u00f3i ch\u00e2n kh\u00f4ng c\u00f4ng nghi\u1ec7p tuy\u1ec7t v\u1eddi \u0111\u1ec3 b\u00e1n, ch\u1eb3ng h\u1ea1n nh\u01b0 <a href=\"https:\/\/taizypackaging.com\/vi\/single-chamber-vacuum-packing-machine\/\">m\u00e1y h\u00e0n ch\u00e2n kh\u00f4ng m\u1ed9t bu\u1ed3ng<\/a> v\u00e0 <a href=\"https:\/\/taizypackaging.com\/vi\/double-chamber-vacuum-packing-machine\/\">m\u00e1y h\u00e0n ch\u00e2n kh\u00f4ng hai bu\u1ed3ng<\/a>. Ch\u00fang c\u00f3 hi\u1ec7u su\u1ea5t cao v\u00e0 l\u00e0 m\u00e1y h\u00e0n ch\u00e2n kh\u00f4ng th\u01b0\u01a1ng m\u1ea1i c\u1ee7a ch\u00fang t\u00f4i. V\u1edbi c\u1ea5u tr\u00fac \u0111\u01a1n gi\u1ea3n v\u00e0 thi\u1ebft k\u1ebf ho\u00e0n h\u1ea3o, ch\u00fang d\u1ec5 v\u1eadn h\u00e0nh v\u00e0 b\u1ea3o tr\u00ec. G\u1eedi email cho ch\u00fang t\u00f4i ho\u1eb7c g\u1ecdi cho ch\u00fang t\u00f4i \u0111\u1ec3 nh\u1eadn b\u00e1o gi\u00e1 t\u1ed1t nh\u1ea5t.<\/p>    <figure class=\"wp-block-image size-full\"><img decoding=\"async\" src=\"https:\/\/taizypackaging.com\/wp-content\/uploads\/2020\/09\/portable-vacuum-packaging-machine.jpg\" alt=\"m\u00e1y \u0111\u00f3ng g\u00f3i ch\u00e2n kh\u00f4ng c\u1ea7m tay\" class=\"wp-image-3318\"\/><figcaption>m\u00e1y \u0111\u00f3ng g\u00f3i ch\u00e2n kh\u00f4ng c\u1ea7m tay<\/figcaption><\/figure>    <h2 class=\"wp-block-heading\" id=\"h-parameters-of-taizy-desktop-vacuum-packing-machine\">Th\u00f4ng s\u1ed1 c\u1ee7a m\u00e1y \u0111\u00f3ng g\u00f3i ch\u00e2n kh\u00f4ng \u0111\u1ec3 b\u00e0n Taizy<\/h2>    <figure class=\"wp-block-table\"><table><tbody><tr><td>Ng\u01b0\u1eddi m\u1eabu<\/td><td>DZ-260A<\/td><td>DZ-260B<\/td><td>DZ-260C<\/td><\/tr><tr><td>Ngu\u1ed3n c\u1ea5p<\/td><td>AC220V\/50Hz 110V\/60Hz<\/td><td>AC220V\/50Hz 110V\/60Hz<\/td><td>AC220V\/50Hz 110V\/60Hz<\/td><\/tr><tr><td>C\u00f4ng su\u1ea5t b\u01a1m ch\u00e2n kh\u00f4ng<\/td><td>180W<\/td><td>180W<\/td><td>120W<\/td><\/tr><tr><td>S\u1ee9c m\u1ea1nh ni\u00eam phong nhi\u1ec7t<\/td><td>260W<\/td><td>260W<\/td><td>260W<\/td><\/tr><tr><td>K\u00edch th\u01b0\u1edbc ph\u00f2ng ch\u00e2n kh\u00f4ng<\/td><td>390*285*50mm<\/td><td>390*285*50mm<\/td><td>330*270*50mm<\/td><\/tr><tr><td>Ch\u1ea5t li\u1ec7u ph\u00f2ng ch\u00e2n kh\u00f4ng<\/td><td>Th\u00e9p kh\u00f4ng g\u1ec9<\/td><td>Th\u00e9p kh\u00f4ng g\u1ec9<\/td><td>Th\u00e9p kh\u00f4ng g\u1ec9<\/td><\/tr><tr><td>K\u00edch th\u01b0\u1edbc m\u00e1y<\/td><td>490*340*380mm<\/td><td>490*340*380mm<\/td><td>405*320*340mm<\/td><\/tr><\/tbody><\/table><\/figure>    <h2 class=\"wp-block-heading\" id=\"h-structure-details-of-table-top-vacuum-packaging-machine\">Chi ti\u1ebft c\u1ea5u tr\u00fac c\u1ee7a m\u00e1y \u0111\u00f3ng g\u00f3i ch\u00e2n kh\u00f4ng \u0111\u1ec3 b\u00e0n<\/h2>    <p>M\u00e1y \u0111\u00f3ng g\u00f3i ch\u00e2n kh\u00f4ng \u0111\u1ec3 b\u00e0n ch\u1ee7 y\u1ebfu bao g\u1ed3m ph\u00f2ng ch\u00e2n kh\u00f4ng, b\u01a1m ch\u00e2n kh\u00f4ng, b\u1ea3ng \u0111i\u1ec1u khi\u1ec3n, d\u1ea3i ni\u00eam phong, th\u00e2n b\u1eb1ng th\u00e9p kh\u00f4ng g\u1ec9 v\u00e0 v\u1ecf trong su\u1ed1t. C\u1ea5u tr\u00fac \u0111\u01a1n gi\u1ea3n v\u00e0 thi\u1ebft k\u1ebf h\u1ee3p l\u00fd \u0111\u1ea3m b\u1ea3o hi\u1ec7u su\u1ea5t cao c\u1ee7a m\u00e1y \u0111\u00f3ng g\u00f3i ch\u00e2n kh\u00f4ng c\u1ea7m tay. <\/p>    <figure class=\"wp-block-image size-full\"><img decoding=\"async\" src=\"https:\/\/taizypackaging.com\/wp-content\/uploads\/2020\/09\/portable-vacuum-packing-machine-details.jpg\" alt=\"chi ti\u1ebft m\u00e1y \u0111\u00f3ng g\u00f3i ch\u00e2n kh\u00f4ng c\u1ea7m tay\" class=\"wp-image-4079\"\/><figcaption>chi ti\u1ebft m\u00e1y \u0111\u00f3ng g\u00f3i ch\u00e2n kh\u00f4ng c\u1ea7m tay<\/figcaption><\/figure>    <h2 class=\"wp-block-heading\" id=\"h-the-working-principle-of-desktop-vacuum-packaging-machine\">Nguy\u00ean l\u00fd l\u00e0m vi\u1ec7c c\u1ee7a m\u00e1y \u0111\u00f3ng g\u00f3i ch\u00e2n kh\u00f4ng \u0111\u1ec3 b\u00e0n<\/h2>    <p>Ch\u1ee9c n\u0103ng ch\u00ednh c\u1ee7a \u0111\u00f3ng g\u00f3i ch\u00e2n kh\u00f4ng l\u00e0 lo\u1ea1i b\u1ecf oxy gi\u00fap ng\u0103n ng\u1eeba h\u01b0 h\u1ecfng th\u1ef1c ph\u1ea9m. V\u00ec v\u1eady, nguy\u00ean l\u00fd ho\u1ea1t \u0111\u1ed9ng c\u1ee7a g\u00f3i ch\u00e2n kh\u00f4ng t\u01b0\u01a1ng \u0111\u1ed1i \u0111\u01a1n gi\u1ea3n. V\u00ec n\u1ea5m m\u1ed1c v\u00e0 th\u1ed1i r\u1eefa th\u1ef1c ph\u1ea9m ch\u1ee7 y\u1ebfu l\u00e0 do vi sinh v\u1eadt g\u00e2y ra n\u00ean h\u1ea7u h\u1ebft c\u00e1c vi sinh v\u1eadt (nh\u01b0 n\u1ea5m m\u1ed1c v\u00e0 n\u1ea5m men) \u0111\u1ec1u c\u1ea7n oxy \u0111\u1ec3 t\u1ed3n t\u1ea1i. M\u00e1y \u0111\u00f3ng g\u00f3i ch\u00e2n kh\u00f4ng s\u1eed d\u1ee5ng nguy\u00ean l\u00fd n\u00e0y \u0111\u1ec3 t\u00e1ch oxy ra kh\u1ecfi t\u00fai \u0111\u00f3ng g\u00f3i v\u00e0 t\u1ebf b\u00e0o th\u1ef1c ph\u1ea9m \u0111\u1ec3 vi sinh v\u1eadt m\u1ea5t \u0111i m\u00f4i tr\u01b0\u1eddng s\u1ed1ng.<br>C\u00e1c th\u00ed nghi\u1ec7m \u0111\u00e3 ch\u1ee9ng minh r\u1eb1ng khi n\u1ed3ng \u0111\u1ed9 oxy trong t\u00fai \u0111\u00f3ng g\u00f3i \u22641% th\u00ec t\u1ed1c \u0111\u1ed9 sinh tr\u01b0\u1edfng v\u00e0 sinh s\u1ea3n c\u1ee7a vi sinh v\u1eadt s\u1ebd gi\u1ea3m m\u1ea1nh. Khi n\u1ed3ng \u0111\u1ed9 oxy \u22640,5%, h\u1ea7u h\u1ebft vi sinh v\u1eadt s\u1ebd \u1ee9c ch\u1ebf v\u00e0 ng\u1eebng sinh s\u1ea3n. Ngo\u00e0i ra, n\u1ed3i kh\u1eed tr\u00f9ng \u0111\u01b0\u1ee3c k\u1ebft h\u1ee3p v\u1edbi m\u00e1y \u0111\u00f3ng g\u00f3i ch\u00e2n kh\u00f4ng c\u1ee7a ch\u00fang t\u00f4i. V\u00e0 s\u1ea3n ph\u1ea9m sau khi \u0111\u00f3ng g\u00f3i s\u1ebd \u0111\u01b0\u1ee3c \u0111\u01b0a v\u00e0o n\u1ed3i kh\u1eed tr\u00f9ng \u0111\u1ec3 kh\u1eed tr\u00f9ng ti\u1ebfp. V\u00ec v\u1eady n\u00f3 c\u00f3 th\u1ec3 \u0111\u1ea3m b\u1ea3o th\u1ef1c ph\u1ea9m c\u00f3 th\u1ec3 b\u1ea3o qu\u1ea3n \u0111\u01b0\u1ee3c l\u00e2u h\u01a1n.<\/p>    <h2 class=\"wp-block-heading\" id=\"h-advantages-of-small-vacuum-packing-machine\">\u01afu \u0111i\u1ec3m c\u1ee7a m\u00e1y \u0111\u00f3ng g\u00f3i ch\u00e2n kh\u00f4ng nh\u1ecf<\/h2>    <ul class=\"wp-block-list\"><li>Kh\u00f4ng kh\u00ed (oxy) trong t\u00fai \u0111\u00f3ng g\u00f3i \u0111\u01b0\u1ee3c lo\u1ea1i b\u1ecf, c\u00f3 th\u1ec3 ng\u0103n ch\u1eb7n th\u1ef1c ph\u1ea9m b\u1ecb h\u01b0 h\u1ecfng m\u1ed9t c\u00e1ch hi\u1ec7u qu\u1ea3.<\/li><li>C\u00e1c v\u1eadt li\u1ec7u \u0111\u00f3ng g\u00f3i c\u00f3 \u0111\u1ed9 k\u00edn kh\u00edt tuy\u1ec7t v\u1eddi, c\u00f4ng ngh\u1ec7 ni\u00eam phong nghi\u00eam ng\u1eb7t v\u00e0 c\u00e1c y\u00eau c\u1ea7u c\u00f3 th\u1ec3 ng\u0103n ch\u1eb7n hi\u1ec7u qu\u1ea3 vi\u1ec7c trao \u0111\u1ed5i v\u1eadt li\u1ec7u trong t\u00fai \u0111\u00f3ng g\u00f3i. Ngo\u00e0i ra, n\u00f3 c\u00f3 th\u1ec3 tr\u00e1nh gi\u1ea3m c\u00e2n v\u00e0 m\u1ea5t v\u1ecb gi\u00e1c trong th\u1ef1c ph\u1ea9m, \u0111\u1ed3ng th\u1eddi ng\u0103n ng\u1eeba \u00f4 nhi\u1ec5m th\u1ee9 c\u1ea5p.<\/li><li>Kh\u00ed b\u00ean trong th\u00f9ng \u0111\u00f3ng g\u00f3i ch\u00e2n kh\u00f4ng \u0111\u00e3 \u0111\u01b0\u1ee3c lo\u1ea1i b\u1ecf, gi\u00fap t\u0103ng t\u1ed1c qu\u00e1 tr\u00ecnh truy\u1ec1n nhi\u1ec7t. V\u00ec v\u1eady, n\u00f3 c\u00f3 th\u1ec3 n\u00e2ng cao hi\u1ec7u qu\u1ea3 kh\u1eed tr\u00f9ng b\u1eb1ng nhi\u1ec7t v\u00e0 tr\u00e1nh cho h\u1ed9p \u0111\u00f3ng g\u00f3i b\u1ecb v\u1ee1 do gi\u00e3n n\u1edf kh\u00ed trong qu\u00e1 tr\u00ecnh kh\u1eed tr\u00f9ng b\u1eb1ng nhi\u1ec7t.<\/li><li>Thao t\u00e1c \u0111\u01a1n gi\u1ea3n v\u00e0 thu\u1eadn ti\u1ec7n, b\u1ea1n c\u00f3 th\u1ec3 \u0111\u1eb7t ng\u00e0y m\u00e3 h\u00f3a tr\u00ean m\u00e0n h\u00ecnh.<\/li><\/ul>    <div class=\"wp-block-columns is-layout-flex wp-container-core-columns-is-layout-9d6595d7 wp-block-columns-is-layout-flex\"> <div class=\"wp-block-column is-layout-flow wp-block-column-is-layout-flow\"> <figure class=\"wp-block-image size-full\"><img decoding=\"async\" src=\"https:\/\/taizypackaging.com\/wp-content\/uploads\/2020\/09\/quality-vacuum-pump.jpg\" alt=\"b\u01a1m ch\u00e2n kh\u00f4ng ch\u1ea5t l\u01b0\u1ee3ng\" class=\"wp-image-4082\"\/><figcaption>b\u01a1m ch\u00e2n kh\u00f4ng ch\u1ea5t l\u01b0\u1ee3ng<\/figcaption><\/figure> <\/div>    <div class=\"wp-block-column is-layout-flow wp-block-column-is-layout-flow\"> <figure class=\"wp-block-image size-full\"><img decoding=\"async\" src=\"https:\/\/taizypackaging.com\/wp-content\/uploads\/2020\/09\/PLC-control-panel.jpg\" alt=\"B\u1ea3ng \u0111i\u1ec1u khi\u1ec3n PLC\" class=\"wp-image-4083\"\/><figcaption>B\u1ea3ng \u0111i\u1ec1u khi\u1ec3n PLC<\/figcaption><\/figure> <\/div> <\/div>    <div class=\"wp-block-columns is-layout-flex wp-container-core-columns-is-layout-9d6595d7 wp-block-columns-is-layout-flex\"> <div class=\"wp-block-column is-layout-flow wp-block-column-is-layout-flow\"> <figure class=\"wp-block-image size-full\"><img decoding=\"async\" src=\"https:\/\/taizypackaging.com\/wp-content\/uploads\/2020\/09\/portable-size.jpg\" alt=\"k\u00edch th\u01b0\u1edbc di \u0111\u1ed9ng\" class=\"wp-image-4084\"\/><figcaption>k\u00edch th\u01b0\u1edbc di \u0111\u1ed9ng<\/figcaption><\/figure> <\/div>    <div class=\"wp-block-column is-layout-flow wp-block-column-is-layout-flow\"> <figure class=\"wp-block-image size-full\"><img decoding=\"async\" src=\"https:\/\/taizypackaging.com\/wp-content\/uploads\/2020\/09\/bag-styles.jpg\" alt=\"phong c\u00e1ch t\u00fai\" class=\"wp-image-4085\"\/><figcaption>phong c\u00e1ch t\u00fai<\/figcaption><\/figure> <\/div> <\/div>    <h2 class=\"wp-block-heading\" id=\"h-faq\">C\u00e2u h\u1ecfi th\u01b0\u1eddng g\u1eb7p<\/h2>    <div class=\"schema-faq wp-block-yoast-faq-block\"><div class=\"schema-faq-section\" id=\"faq-question-1642743549517\"><strong class=\"schema-faq-question\">1. M\u00e1y n\u00e0y c\u00f3 ho\u00e0n to\u00e0n t\u1ef1 \u0111\u1ed9ng kh\u00f4ng?<\/strong> <p class=\"schema-faq-answer\">Kh\u00f4ng, th\u1ef1c ra ch\u00fang ta c\u1ea7n cho \u0111\u1ed3 v\u00e0o t\u00fai h\u00fat ch\u00e2n kh\u00f4ng tr\u01b0\u1edbc r\u1ed3i m\u1edbi \u0111\u1eb7t t\u00fai l\u00ean m\u00e1y \u0111\u1ec3 h\u00fat t\u00fai c\u00f3 seal.<\/p> <\/div> <div class=\"schema-faq-section\" id=\"faq-question-1642743568200\"><strong class=\"schema-faq-question\">2. C\u00f3 th\u1ec3 \u0111\u00f3ng g\u00f3i t\u1ea5t c\u1ea3 c\u00e1c lo\u1ea1i t\u00fai kh\u00f4ng?<\/strong> <p class=\"schema-faq-answer\">T\u1ea5t nhi\u00ean, m\u00e1y c\u1ee7a c\u00f4ng ty Taizy c\u1ee7a ch\u00fang t\u00f4i ph\u00f9 h\u1ee3p v\u1edbi h\u1ea7u h\u1ebft c\u00e1c t\u00fai ch\u00e2n kh\u00f4ng. Ch\u00fang t\u00f4i c\u0169ng c\u00f3 th\u1ec3 cung c\u1ea5p cho b\u1ea1n t\u00fai ch\u00e2n kh\u00f4ng n\u1ebfu b\u1ea1n c\u1ea7n.<\/p> <\/div> <div class=\"schema-faq-section\" id=\"faq-question-1642743666041\"><strong class=\"schema-faq-question\">3. C\u00f3 m\u00e1y \u0111\u00f3ng g\u00f3i ch\u00e2n kh\u00f4ng n\u00e0o nhanh h\u01a1n m\u00e1y n\u00e0y kh\u00f4ng?<\/strong> <p class=\"schema-faq-answer\">C\u00f3, ch\u00fang t\u00f4i c\u00f3 m\u00e1y \u0111\u00f3ng g\u00f3i ch\u00e2n kh\u00f4ng m\u1ed9t bu\u1ed3ng v\u00e0 hai bu\u1ed3ng. So s\u00e1nh, hi\u1ec7u qu\u1ea3 \u0111\u00f3ng g\u00f3i c\u1ee7a hai m\u00e1y n\u00e0y cao h\u01a1n nhi\u1ec1u so v\u1edbi m\u00e1y n\u00e0y. M\u00e1y n\u00e0y ph\u00f9 h\u1ee3p h\u01a1n cho s\u1ea3n xu\u1ea5t quy m\u00f4 nh\u1ecf v\u00e0 gi\u00e1 c\u1ea3 r\u1ea5t ti\u1ebft ki\u1ec7m chi ph\u00ed. N\u1ebfu b\u1ea1n c\u1ea7n n\u00f3, xin vui l\u00f2ng li\u00ean h\u1ec7 v\u1edbi ch\u00fang t\u00f4i.<\/p> <\/div> <\/div>    <h2 class=\"wp-block-heading\" id=\"h-related-machines\">M\u00e1y li\u00ean quan<\/h2>    <p>L\u00e0 nh\u00e0 s\u1ea3n xu\u1ea5t v\u00e0 cung c\u1ea5p m\u00e1y \u0111\u00f3ng g\u00f3i ch\u00e2n kh\u00f4ng h\u00e0ng \u0111\u1ea7u, ch\u00fang t\u00f4i cung c\u1ea5p nhi\u1ec1u lo\u1ea1i m\u00e1y \u0111\u00f3ng g\u00f3i ch\u00e2n kh\u00f4ng cho kh\u00e1ch h\u00e0ng tr\u00ean kh\u1eafp th\u1ebf gi\u1edbi, m\u00e1y \u0111\u00f3ng g\u00f3i ch\u00e2n kh\u00f4ng \u0111\u1ec3 b\u00e0n t\u1ea1i nh\u00e0, m\u00e1y \u0111\u00f3ng g\u00f3i ch\u00e2n kh\u00f4ng ph\u00f2ng \u0111\u01a1n th\u01b0\u01a1ng m\u1ea1i v\u00e0 m\u00e1y \u0111\u00f3ng g\u00f3i ch\u00e2n kh\u00f4ng ph\u00f2ng \u0111\u00f4i th\u01b0\u01a1ng m\u1ea1i. H\u1ecd c\u00f3 nh\u1eefng l\u1ee3i \u00edch v\u00e0 gi\u00e1 c\u1ea3 kh\u00e1c nhau. Li\u00ean h\u1ec7 v\u1edbi ch\u00fang t\u00f4i ngay b\u00e2y gi\u1edd \u0111\u1ec3 bi\u1ebft chi ti\u1ebft. <\/p>    <figure class=\"wp-block-image size-full\"><img decoding=\"async\" src=\"https:\/\/taizypackaging.com\/wp-content\/uploads\/2020\/09\/single-chamber-sealer-and-double-chamber-sealer.jpg\" alt=\"m\u00e1y h\u00e0n bu\u1ed3ng \u0111\u01a1n v\u00e0 m\u00e1y h\u00e0n bu\u1ed3ng \u0111\u00f4i\" class=\"wp-image-4075\"\/><figcaption>m\u00e1y h\u00e0n bu\u1ed3ng \u0111\u01a1n v\u00e0 m\u00e1y h\u00e0n bu\u1ed3ng \u0111\u00f4i<\/figcaption><\/figure>","protected":false},"excerpt":{"rendered":"<p>M\u00e1y \u0111\u00f3ng g\u00f3i ch\u00e2n kh\u00f4ng \u0111\u01b0\u1ee3c s\u1eed d\u1ee5ng trong nhi\u1ec1u ng\u00e0nh c\u00f4ng nghi\u1ec7p kh\u00e1c nhau, h\u1ea7u h\u1ebft \u0111\u01b0\u1ee3c s\u1eed d\u1ee5ng \u0111\u1ec3 \u0111\u00f3ng g\u00f3i trong ng\u00e0nh th\u1ef1c ph\u1ea9m. Ch\u1eb3ng h\u1ea1n nh\u01b0 \u0111\u00f3ng g\u00f3i ch\u00e2n kh\u00f4ng th\u1ecbt, \u0111\u00f3ng g\u00f3i ch\u00e2n kh\u00f4ng tr\u1ee9ng om, \u0111\u00f3ng g\u00f3i ch\u00e2n kh\u00f4ng x\u00fac x\u00edch, \u0111\u00f3ng g\u00f3i ch\u00e2n kh\u00f4ng ch\u00e2n g\u00e0, \u0111\u00f3ng g\u00f3i ch\u00e2n kh\u00f4ng ng\u00f4, v.v. S\u1ef1 \u0111\u1ed5i m\u1edbi c\u00f4ng ngh\u1ec7 c\u1ee7a m\u00e1y \u0111\u00f3ng g\u00f3i ch\u00e2n kh\u00f4ng \u0111\u00e3 li\u00ean t\u1ee5c c\u1ea3i thi\u1ec7n ch\u1ea5t l\u01b0\u1ee3ng cu\u1ed9c s\u1ed1ng c\u1ee7a ch\u00fang ta.<\/p>","protected":false},"author":1,"featured_media":2629,"parent":0,"template":"","tags":[65,98,99,162,175,203,204,272,390,405,440,443,513],"product-type":[666],"class_list":["post-392","product","type-product","status-publish","has-post-thumbnail","hentry","tag-beef-jerky","tag-chicken-feet","tag-chicken-legs","tag-flowers","tag-fresh-fruits","tag-grilled-fish-fillets","tag-ham","tag-meat","tag-rice","tag-sausages","tag-spiced-corned-egg","tag-spicy-strips","tag-vegetables","product-type-vacuum-packaging-machines"],"_links":{"self":[{"href":"https:\/\/taizypackaging.com\/vi\/wp-json\/wp\/v2\/product\/392","targetHints":{"allow":["GET"]}}],"collection":[{"href":"https:\/\/taizypackaging.com\/vi\/wp-json\/wp\/v2\/product"}],"about":[{"href":"https:\/\/taizypackaging.com\/vi\/wp-json\/wp\/v2\/types\/product"}],"author":[{"embeddable":true,"href":"https:\/\/taizypackaging.com\/vi\/wp-json\/wp\/v2\/users\/1"}],"wp:featuredmedia":[{"embeddable":true,"href":"https:\/\/taizypackaging.com\/vi\/wp-json\/wp\/v2\/media\/2629"}],"wp:attachment":[{"href":"https:\/\/taizypackaging.com\/vi\/wp-json\/wp\/v2\/media?parent=392"}],"wp:term":[{"taxonomy":"post_tag","embeddable":true,"href":"https:\/\/taizypackaging.com\/vi\/wp-json\/wp\/v2\/tags?post=392"},{"taxonomy":"product-type","embeddable":true,"href":"https:\/\/taizypackaging.com\/vi\/wp-json\/wp\/v2\/product-type?post=392"}],"curies":[{"name":"wp","href":"https:\/\/api.w.org\/{rel}","templated":true}]}}