{"id":403,"date":"2020-09-10T07:01:03","date_gmt":"2020-09-10T07:01:03","guid":{"rendered":"https:\/\/taizypackaging.com\/?p=403"},"modified":"2024-07-17T17:44:44","modified_gmt":"2024-07-17T09:44:44","slug":"tea-packaging-machine","status":"publish","type":"product","link":"https:\/\/taizypackaging.com\/vi\/tea-packaging-machine\/","title":{"rendered":"M\u00e1y \u0111\u00f3ng g\u00f3i t\u00fai tr\u00e0 b\u00ean trong v\u00e0 b\u00ean ngo\u00e0i"},"content":{"rendered":"<div class=\"kk-star-ratings kksr-auto kksr-align-left kksr-valign-top\"     data-payload='{&quot;align&quot;:&quot;left&quot;,&quot;id&quot;:&quot;403&quot;,&quot;slug&quot;:&quot;default&quot;,&quot;valign&quot;:&quot;top&quot;,&quot;ignore&quot;:&quot;&quot;,&quot;reference&quot;:&quot;auto&quot;,&quot;class&quot;:&quot;&quot;,&quot;count&quot;:&quot;30&quot;,&quot;legendonly&quot;:&quot;&quot;,&quot;readonly&quot;:&quot;&quot;,&quot;score&quot;:&quot;4.8&quot;,&quot;starsonly&quot;:&quot;&quot;,&quot;best&quot;:&quot;5&quot;,&quot;gap&quot;:&quot;5&quot;,&quot;greet&quot;:&quot;Rate this product&quot;,&quot;legend&quot;:&quot;4.8\\\/5 - (30 b\u00ecnh ch\u1ecdn)&quot;,&quot;size&quot;:&quot;24&quot;,&quot;title&quot;:&quot;Inner \\u0026amp; Outer Tea Bag Packing Machine&quot;,&quot;width&quot;:&quot;136.7&quot;,&quot;_legend&quot;:&quot;{score}\\\/{best} - ({count} {votes})&quot;,&quot;font_factor&quot;:&quot;1.25&quot;}'>              <div class=\"kksr-stars\">      <div class=\"kksr-stars-inactive\">             <div class=\"kksr-star\" data-star=\"1\" style=\"padding-right: 5px\">               <div class=\"kksr-icon\" style=\"width: 24px; height: 24px;\"><\/div>         <\/div>             <div class=\"kksr-star\" data-star=\"2\" style=\"padding-right: 5px\">               <div class=\"kksr-icon\" style=\"width: 24px; height: 24px;\"><\/div>         <\/div>             <div class=\"kksr-star\" data-star=\"3\" style=\"padding-right: 5px\">               <div class=\"kksr-icon\" style=\"width: 24px; height: 24px;\"><\/div>         <\/div>             <div class=\"kksr-star\" data-star=\"4\" style=\"padding-right: 5px\">               <div class=\"kksr-icon\" style=\"width: 24px; height: 24px;\"><\/div>         <\/div>             <div class=\"kksr-star\" data-star=\"5\" style=\"padding-right: 5px\">               <div class=\"kksr-icon\" style=\"width: 24px; height: 24px;\"><\/div>         <\/div>     <\/div>      <div class=\"kksr-stars-active\" style=\"width: 136.7px;\">             <div class=\"kksr-star\" style=\"padding-right: 5px\">               <div class=\"kksr-icon\" style=\"width: 24px; height: 24px;\"><\/div>         <\/div>             <div class=\"kksr-star\" style=\"padding-right: 5px\">               <div class=\"kksr-icon\" style=\"width: 24px; height: 24px;\"><\/div>         <\/div>             <div class=\"kksr-star\" style=\"padding-right: 5px\">               <div class=\"kksr-icon\" style=\"width: 24px; height: 24px;\"><\/div>         <\/div>             <div class=\"kksr-star\" style=\"padding-right: 5px\">               <div class=\"kksr-icon\" style=\"width: 24px; height: 24px;\"><\/div>         <\/div>             <div class=\"kksr-star\" style=\"padding-right: 5px\">               <div class=\"kksr-icon\" style=\"width: 24px; height: 24px;\"><\/div>         <\/div>     <\/div> <\/div>                   <div class=\"kksr-legend\" style=\"font-size: 19.2px;\">             4.8\/5 - (30 l\u01b0\u1ee3t b\u00ecnh ch\u1ecdn)    <\/div>     <\/div>  <p class=\"translation-block\"><strong>Tea bag packing machines<\/strong> are an indispensable packaging tool for the tea manufacturing industry. It can free labor and save your costs. Besides, awesome packaging bags can attract more clients to your tea business. Recently, tea has been growing more and more popular and there is a huge demand for tea packing machines. Tea bag packing machine can pack the inner bag and the outer bag at one time, and automatically combine them into a disposable package. It is suitable for packaging various teas, such as lemongrass tea, black tea, flower tea, white tea, green tea, herbal tea, loose tea, and other common tea on the market. It can also pack small granular items such as medicated tea and powdered tea. Are you looking for a reliable tea packaging machine to benefit your project? Contact us for more details. <\/p>    <h2 class=\"wp-block-heading\">Video ho\u1ea1t \u0111\u1ed9ng c\u1ee7a thi\u1ebft b\u1ecb \u0111\u00f3ng g\u00f3i tr\u00e0<\/h2>   <figure class=\"wp-block-embed-youtube wp-block-embed is-type-video is-provider-youtube wp-embed-aspect-16-9 wp-has-aspect-ratio\"><div class=\"lyte-wrapper fourthree\" title=\"M\u00e1y \u0111\u00f3ng g\u00f3i tr\u00e0 | M\u00e1y \u0111\u00f3ng g\u00f3i t\u00fai tr\u00e0 b\u00ean trong v\u00e0 b\u00ean ngo\u00e0i\" style=\"width:960px;max-width:100%;margin:5px auto;\"><div class=\"lyMe hidef\" id=\"WYL_StbYeKbuokc\" itemprop=\"video\" itemscope itemtype=\"https:\/\/schema.org\/VideoObject\"><div><meta itemprop=\"thumbnailUrl\" content=\"https:\/\/taizypackaging.com\/wp-content\/plugins\/wp-youtube-lyte\/lyteCache.php?origThumbUrl=https%3A%2F%2Fi.ytimg.com%2Fvi%2FStbYeKbuokc%2Fmaxresdefault.jpg\" \/><meta itemprop=\"embedURL\" content=\"https:\/\/www.youtube.com\/embed\/StbYeKbuokc\" \/><meta itemprop=\"duration\" content=\"PT2M19S\" \/><meta itemprop=\"uploadDate\" content=\"2021-08-05T07:13:27Z\" \/><\/div><meta itemprop=\"accessibilityFeature\" content=\"captions\" \/><div id=\"lyte_StbYeKbuokc\" data-src=\"https:\/\/taizypackaging.com\/wp-content\/plugins\/wp-youtube-lyte\/lyteCache.php?origThumbUrl=https%3A%2F%2Fi.ytimg.com%2Fvi%2FStbYeKbuokc%2Fmaxresdefault.jpg\" class=\"pL\"><div class=\"tC\"><div class=\"tT\" itemprop=\"name\">M\u00e1y \u0111\u00f3ng g\u00f3i tr\u00e0 | M\u00e1y \u0111\u00f3ng g\u00f3i t\u00fai tr\u00e0 b\u00ean trong v\u00e0 b\u00ean ngo\u00e0i<\/div><\/div><div class=\"play\"><\/div><div class=\"ctrl\"><div class=\"Lctrl\"><\/div><div class=\"Rctrl\"><\/div><\/div><\/div><noscript><a href=\"https:\/\/youtu.be\/StbYeKbuokc\" rel=\"nofollow noopener\" target=\"_blank\"><img loading=\"lazy\" decoding=\"async\" src=\"https:\/\/taizypackaging.com\/wp-content\/plugins\/wp-youtube-lyte\/lyteCache.php?origThumbUrl=https%3A%2F%2Fi.ytimg.com%2Fvi%2FStbYeKbuokc%2F0.jpg\" alt=\"M\u00e1y \u0111\u00f3ng g\u00f3i tr\u00e0 | M\u00e1y \u0111\u00f3ng g\u00f3i t\u00fai tr\u00e0 b\u00ean trong v\u00e0 b\u00ean ngo\u00e0i\" width=\"960\" height=\"700\" \/><br \/>Xem video n\u00e0y tr\u00ean YouTube<\/a><\/noscript><meta itemprop=\"description\" content=\"WhatsApp\/Wechat\/Tel:+86 19139754781 This machine can pack the inner bag and the outer bag at one time, and automatically combine them into a disposable package.It is suitable for black tea, flower tea, white tea, green tea and other common tea on the market.If you are interested in it,click on:https:\/\/taizypackaging.com\/tea-packaging-machine\/\"><\/div><\/div><div class=\"lL\" style=\"max-width:100%;width:960px;margin:5px auto;\"><\/div><figcaption><\/figcaption><\/figure>   <h2 class=\"wp-block-heading\">\u1ee8ng d\u1ee5ng c\u1ee7a m\u00e1y \u0111\u00f3ng g\u00f3i t\u00fai tr\u00e0 t\u1ef1 \u0111\u1ed9ng<\/h2>    <p>M\u00e1y \u0111\u00f3ng g\u00f3i tr\u00e0 c\u00f3 nhi\u1ec1u \u1ee9ng d\u1ee5ng. N\u00f3 ph\u00f9 h\u1ee3p \u0111\u1ec3 \u0111\u00f3ng g\u00f3i nhi\u1ec1u lo\u1ea1i tr\u00e0 kh\u00e1c nhau nh\u01b0 tr\u00e0 xanh, tr\u00e0 th\u01a1m, tr\u00e0 th\u1ea3o m\u1ed9c, tr\u00e0 l\u00e1 r\u1eddi, tr\u00e0 t\u1ed1t cho s\u1ee9c kh\u1ecfe, tr\u00e0 s\u1ea3, tr\u00e0 \u00f4 long, tr\u00e0 \u0111en, v.v. M\u00e1y \u0111\u00f3ng g\u00f3i t\u00fai tr\u00e0 t\u1ef1 \u0111\u1ed9ng thay th\u1ebf c\u00e1ch \u0111\u00f3ng g\u00f3i th\u1ee7 c\u00f4ng truy\u1ec1n th\u1ed1ng. \u0110i\u1ec1u n\u00e0y gi\u00fap t\u0103ng c\u01b0\u1eddng \u0111\u00e1ng k\u1ec3 n\u0103ng su\u1ea5t. Ngo\u00e0i ra c\u00f2n an to\u00e0n v\u00e0 v\u1ec7 sinh h\u01a1n. Ch\u00fang t\u00f4i s\u1eed d\u1ee5ng v\u1eadt li\u1ec7u m\u00e1y c\u1ea5p th\u1ef1c ph\u1ea9m \u0111\u1ec3 \u0111\u1ea3m b\u1ea3o v\u00f4 h\u1ea1i v\u1edbi con ng\u01b0\u1eddi. N\u1ebfu b\u1ea1n \u0111ang tham gia kinh doanh tr\u00e0 th\u00ec m\u00e1y \u0111\u00f3ng g\u00f3i tr\u00e0 l\u00e0 m\u1ed9t c\u00f4ng c\u1ee5 tuy\u1ec7t v\u1eddi d\u00e0nh cho b\u1ea1n. <\/p>    <figure class=\"wp-block-image size-full\"><img loading=\"lazy\" decoding=\"async\" width=\"600\" height=\"450\" src=\"https:\/\/taizypackaging.com\/wp-content\/uploads\/2020\/09\/tea-bag-packing-machine-applications.jpg\" alt=\"\u1ee9ng d\u1ee5ng m\u00e1y \u0111\u00f3ng g\u00f3i tr\u00e0 t\u00fai l\u1ecdc\" class=\"wp-image-3336\" srcset=\"https:\/\/taizypackaging.com\/wp-content\/uploads\/2020\/09\/tea-bag-packing-machine-applications.jpg 600w, https:\/\/taizypackaging.com\/wp-content\/uploads\/2020\/09\/tea-bag-packing-machine-applications-300x225.jpg 300w\" sizes=\"auto, (max-width: 600px) 100vw, 600px\" \/><figcaption class=\"wp-element-caption\">\u1ee9ng d\u1ee5ng m\u00e1y \u0111\u00f3ng g\u00f3i tr\u00e0 t\u00fai l\u1ecdc<\/figcaption><\/figure>    <h2 class=\"wp-block-heading\" id=\"h-features-of-taizy-tea-packing-machine\">T\u00ednh n\u0103ng c\u1ee7a m\u00e1y \u0111\u00f3ng g\u00f3i tr\u00e0 Taizy<\/h2>    <ul class=\"wp-block-list\"> <li>Gi\u1ea5y d\u00e1n k\u00edn b\u00ean ngo\u00e0i \u0111\u01b0\u1ee3c \u0111i\u1ec1u khi\u1ec3n b\u1eb1ng \u0111\u1ed9ng c\u01a1 b\u01b0\u1edbc, c\u00f3 chi\u1ec1u d\u00e0i t\u00fai \u1ed5n \u0111\u1ecbnh v\u00e0 \u0111\u1ecbnh v\u1ecb ch\u00ednh x\u00e1c.<\/li>    <li>Th\u00f4ng qua b\u1ed9 \u0111i\u1ec1u khi\u1ec3n nhi\u1ec7t \u0111\u1ed9 \u0111i\u1ec1u ch\u1ec9nh PID, nhi\u1ec7t \u0111\u1ed9 \u0111\u01b0\u1ee3c ki\u1ec3m so\u00e1t ch\u00ednh x\u00e1c h\u01a1n.<\/li>    <li>PLC d\u00f9ng \u0111\u1ec3 \u0111i\u1ec1u khi\u1ec3n chuy\u1ec3n \u0111\u1ed9ng c\u1ee7a to\u00e0n b\u1ed9 m\u00e1y, hi\u1ec3n th\u1ecb giao di\u1ec7n ng\u01b0\u1eddi-m\u00e1y, d\u1ec5 v\u1eadn h\u00e0nh.<\/li>    <li>T\u1ea5t c\u1ea3 c\u00e1c b\u1ed9 ph\u1eadn c\u00f3 th\u1ec3 ti\u1ebfp x\u00fac v\u1edbi v\u1eadt li\u1ec7u \u0111\u1ec1u \u0111\u01b0\u1ee3c l\u00e0m b\u1eb1ng th\u00e9p kh\u00f4ng g\u1ec9 SUS304 \u0111\u1ec3 \u0111\u1ea3m b\u1ea3o v\u1ec7 sinh v\u00e0 \u0111\u1ed9 tin c\u1eady c\u1ee7a s\u1ea3n ph\u1ea9m.<\/li>    <li>M\u1ed9t ph\u1ea7n c\u1ee7a xi lanh l\u00e0m vi\u1ec7c s\u1eed d\u1ee5ng c\u00e1c b\u1ed9 ph\u1eadn nh\u1eadp kh\u1ea9u nguy\u00ean b\u1ea3n \u0111\u1ec3 \u0111\u1ea3m b\u1ea3o ho\u1ea1t \u0111\u1ed9ng ch\u00ednh x\u00e1c v\u00e0 \u1ed5n \u0111\u1ecbnh.<\/li>    <li>Thi\u1ebft b\u1ecb b\u1ed5 sung c\u1ee7a m\u00e1y n\u00e0y, ch\u1eb3ng h\u1ea1n nh\u01b0 m\u00e1y m\u00e3 h\u00f3a, c\u00f3 th\u1ec3 ho\u00e0n th\u00e0nh c\u00e1c ch\u1ee9c n\u0103ng c\u1eaft mi\u1ec7ng ph\u1eb3ng, in ng\u00e0y, mi\u1ec7ng d\u1ec5 x\u00e9, v.v.<\/li> <\/ul>    <h2 class=\"wp-block-heading\" id=\"h-what-is-the-cost-of-tea-packing-machine\">Chi ph\u00ed c\u1ee7a m\u00e1y \u0111\u00f3ng g\u00f3i tr\u00e0 l\u00e0 bao nhi\u00eau? <\/h2>    <p>Tr\u00ean th\u1ef1c t\u1ebf, gi\u00e1 th\u00e0nh m\u00e1y \u0111\u00f3ng g\u00f3i ch\u00e8 c\u1ee7a c\u00e1c nh\u00e0 s\u1ea3n xu\u1ea5t m\u00e1y \u0111\u00f3ng g\u00f3i kh\u00e1c nhau r\u1ea5t \u0111a d\u1ea1ng. V\u00ec gi\u00e1 m\u00e1y \u0111\u00f3ng g\u00f3i tr\u00e0 t\u00fai l\u1ecdc li\u00ean quan ch\u1eb7t ch\u1ebd \u0111\u1ebfn r\u1ea5t nhi\u1ec1u y\u1ebfu t\u1ed1 nh\u01b0 ch\u1ea5t li\u1ec7u m\u00e1y, k\u1ebft c\u1ea5u m\u00e1y, c\u1ea5u h\u00ecnh m\u00e1y, chi ph\u00ed v\u1eadn chuy\u1ec3n,\u2026 T\u00f3m l\u1ea1i, m\u00e1y t\u1ed1t x\u1ee9ng \u0111\u00e1ng c\u00f3 m\u1ee9c gi\u00e1 t\u1ed1t. Tuy nhi\u00ean, ngay c\u1ea3 ng\u01b0\u1eddi kinh doanh kh\u00f4n ngoan nh\u1ea5t c\u0169ng c\u00f3 th\u1ec3 b\u1ecb c\u00e1c nh\u00e0 cung c\u1ea5p l\u1eeba g\u1ea1t. V\u00ec v\u1eady, \u0111i\u1ec1u quan tr\u1ecdng l\u00e0 ph\u1ea3i ch\u1ecdn m\u1ed9t nh\u00e0 cung c\u1ea5p m\u00e1y \u0111\u00f3ng g\u00f3i tr\u00e0 \u0111\u00e1ng tin c\u1eady. V\u1edbi hi\u1ec7u su\u1ea5t t\u1ed1t v\u00e0 gi\u00e1 c\u1ea3 thu\u1eadn l\u1ee3i, m\u00e1y \u0111\u00f3ng g\u00f3i tr\u00e0 Taizy \u0111\u00e3 \u0111\u01b0\u1ee3c kh\u00e1ch h\u00e0ng tr\u00ean to\u00e0n th\u1ebf gi\u1edbi \u0111\u00e1nh gi\u00e1 cao. N\u1ebfu b\u1ea1n quan t\u00e2m \u0111\u1ebfn chi\u1ebfc m\u00e1y n\u00e0y, h\u00e3y li\u00ean h\u1ec7 ngay v\u1edbi ch\u00fang t\u00f4i \u0111\u1ec3 nh\u1eadn b\u1ea3ng gi\u00e1 m\u00e1y \u0111\u00f3ng g\u00f3i tr\u00e0 mi\u1ec5n ph\u00ed. <\/p>    <figure class=\"wp-block-image size-full is-resized\"><img decoding=\"async\" src=\"https:\/\/taizypackaging.com\/wp-content\/uploads\/2020\/09\/customer-feedback-of-tea-packing-machine-1.jpg\" alt=\"ph\u1ea3n h\u1ed3i c\u1ee7a kh\u00e1ch h\u00e0ng v\u1ec1 m\u00e1y \u0111\u00f3ng g\u00f3i tr\u00e0\" class=\"wp-image-1144\" style=\"aspect-ratio:1.3333333333333333;width:720px;height:auto\"\/><figcaption class=\"wp-element-caption\">ph\u1ea3n h\u1ed3i c\u1ee7a kh\u00e1ch h\u00e0ng v\u1ec1 m\u00e1y \u0111\u00f3ng g\u00f3i tr\u00e0<\/figcaption><\/figure>    <h2 class=\"wp-block-heading\" id=\"h-technical-parameters-of-tea-bagging-machine\">Th\u00f4ng s\u1ed1 k\u1ef9 thu\u1eadt c\u1ee7a m\u00e1y \u0111\u00f3ng g\u00f3i tr\u00e0 <\/h2>    <figure class=\"wp-block-table\"><table><tbody><tr><td>M\u1eabu ni\u00eam phong<\/td><td>Ni\u00eam phong ba m\u1eb7t<\/td><\/tr><tr><td>Ph\u1ea1m vi c\u00e2n<\/td><td>1-5 gam\/t\u00fai<\/td><\/tr><tr><td>K\u00edch th\u01b0\u1edbc t\u00fai b\u00ean trong<\/td><td>Chi\u1ec1u d\u00e0i: 50-75mm<br>Chi\u1ec1u r\u1ed9ng: 50-75mm<\/td><\/tr><tr><td>K\u00edch th\u01b0\u1edbc t\u00fai b\u00ean ngo\u00e0i<\/td><td>Chi\u1ec1u d\u00e0i: 85-120mm<br>Chi\u1ec1u r\u1ed9ng: 75-95mm<\/td><\/tr><tr><td>K\u00edch th\u01b0\u1edbc nh\u00e3n<\/td><td>25*25<\/td><\/tr><tr><td>T\u1ed1c \u0111\u1ed9 \u0111\u00f3ng g\u00f3i<\/td><td>30-50 t\u00fai \/ ph\u00fat<\/td><\/tr><tr><td>quy\u1ec1n l\u1ef1c<\/td><td>220V\/50HZ<\/td><\/tr><tr><td>T\u1ed5ng c\u00f4ng su\u1ea5t<\/td><td>3,7KW<\/td><\/tr><tr><td>C\u00e2n n\u1eb7ng<\/td><td>650kg<\/td><\/tr><tr><td>K\u00edch c\u1ee1<\/td><td>1050*700*1300<\/td><\/tr><\/tbody><\/table><\/figure>    <h2 class=\"wp-block-heading\" id=\"h-structure-details-of-tea-bag-packaging-machine\">Chi ti\u1ebft c\u1ea5u tr\u00fac c\u1ee7a m\u00e1y \u0111\u00f3ng g\u00f3i t\u00fai tr\u00e0<\/h2>    <div class=\"wp-block-columns is-layout-flex wp-container-core-columns-is-layout-9d6595d7 wp-block-columns-is-layout-flex\"> <div class=\"wp-block-column is-layout-flow wp-block-column-is-layout-flow\"> <figure class=\"wp-block-image size-full\"><img decoding=\"async\" src=\"https:\/\/taizypackaging.com\/wp-content\/uploads\/2020\/09\/tea-bag-packing-machine-structure.jpg\" alt=\"c\u1ea5u t\u1ea1o m\u00e1y \u0111\u00f3ng g\u00f3i tr\u00e0 t\u00fai l\u1ecdc\" class=\"wp-image-4101\"\/><figcaption class=\"wp-element-caption\">c\u1ea5u t\u1ea1o m\u00e1y \u0111\u00f3ng g\u00f3i tr\u00e0 t\u00fai l\u1ecdc<\/figcaption><\/figure> <\/div>    <div class=\"wp-block-column is-layout-flow wp-block-column-is-layout-flow\"> <figure class=\"wp-block-image size-full\"><img decoding=\"async\" src=\"https:\/\/taizypackaging.com\/wp-content\/uploads\/2020\/09\/tea-packing-machine-parts.jpg\" alt=\"b\u1ed9 ph\u1eadn m\u00e1y \u0111\u00f3ng g\u00f3i tr\u00e0\" class=\"wp-image-4102\"\/><figcaption class=\"wp-element-caption\">b\u1ed9 ph\u1eadn m\u00e1y \u0111\u00f3ng g\u00f3i tr\u00e0<\/figcaption><\/figure> <\/div> <\/div>    <h2 class=\"wp-block-heading\">Tr\u00e0 c\u00f3 ph\u1ea3i l\u00e0 m\u1ed9t c\u00f4ng vi\u1ec7c kinh doanh c\u00f3 l\u1ee3i nhu\u1eadn? <\/h2>    <p class=\"translation-block\">Theo kh\u1ea3o s\u00e1t c\u1ee7a c\u00e1c chuy\u00ean gia, <a href=\"https:\/\/en.wikipedia.org\/wiki\/Tea\" target=\"_blank\" rel=\"noopener\">tr\u00e0<\/a> l\u00e0 m\u1ed9t danh m\u1ee5c s\u1ea3n ph\u1ea9m c\u00f3 l\u1ee3i nhu\u1eadn cao v\u00e0 chi ph\u00ed th\u1ea5p cho c\u00e1c nh\u00e0 \u0111i\u1ec1u h\u00e0nh so v\u1edbi c\u00e1c lo\u1ea1i \u0111\u1ed3 u\u1ed1ng kh\u00e1c. Theo m\u1ed9t slide tr\u00ecnh b\u00e0y chi ti\u1ebft v\u1ec1 t\u1ef7 su\u1ea5t l\u1ee3i nhu\u1eadn cho c\u00e1c nh\u00e0 \u0111i\u1ec1u h\u00e0nh th\u01b0\u01a1ng m\u1ea1i, \"Tr\u00e0 c\u00f3 t\u1ef7 su\u1ea5t l\u1ee3i nhu\u1eadn 98% v\u00e0 chi ph\u00ed th\u1ea5p h\u01a1n. \u0110i\u1ec1u n\u00e0y so v\u1edbi 81% cho c\u00e0 ph\u00ea, 75% cho n\u01b0\u1edbc v\u00e0 38% cho n\u01b0\u1edbc ng\u1ecdt. Do \u0111\u00f3, s\u1ef1 ph\u1ed5 bi\u1ebfn c\u1ee7a tr\u00e0 l\u00e0 c\u00f3 l\u00fd do. V\u00e0 m\u00e1y \u0111\u00f3ng g\u00f3i tr\u00e0 c\u00f3 nhu c\u1ea7u l\u1edbn. \u0110\u00e2y l\u00e0 th\u1eddi \u0111i\u1ec3m tuy\u1ec7t v\u1eddi \u0111\u1ec3 b\u1ea1n b\u1eaft \u0111\u1ea7u d\u1ef1 \u00e1n tr\u00e0 c\u1ee7a m\u00ecnh. <\/p>    <h2 class=\"wp-block-heading\" id=\"h-advantages-of-small-tea-bag-packing-machine\">\u01afu \u0111i\u1ec3m c\u1ee7a m\u00e1y \u0111\u00f3ng g\u00f3i t\u00fai tr\u00e0 nh\u1ecf<\/h2>    <ol class=\"wp-block-list\" type=\"1\"> <li>V\u1ec1 m\u1eb7t hi\u1ec7u qu\u1ea3, n\u00f3 hi\u1ec7u qu\u1ea3 h\u01a1n so v\u1edbi lao \u0111\u1ed9ng th\u1ee7 c\u00f4ng.<\/li>    <li>T\u1eeb quan \u0111i\u1ec3m chi ph\u00ed, n\u00f3 th\u1ea5p h\u01a1n so v\u1edbi vi\u1ec7c \u0111\u00f3ng g\u00f3i th\u1ee7 c\u00f4ng.<\/li>    <li>T\u1eeb g\u00f3c \u0111\u1ed9 v\u1ec7 sinh, n\u00f3 h\u1ee3p v\u1ec7 sinh h\u01a1n so v\u1edbi vi\u1ec7c \u0111\u00f3ng g\u00f3i th\u1ee7 c\u00f4ng.<\/li>    <li>S\u1ea3n ph\u1ea9m c\u01a1 gi\u1edbi \u0111\u00f3ng g\u00f3i tinh t\u1ebf h\u01a1n.<\/li> <\/ol>    <h2 class=\"wp-block-heading\" id=\"h-customer-case-from-taizy-packaging-machinery\">Tr\u01b0\u1eddng h\u1ee3p kh\u00e1ch h\u00e0ng t\u1eeb M\u00e1y \u0111\u00f3ng g\u00f3i Taizy<\/h2>    <p>M\u1ed9t kh\u00e1ch h\u00e0ng Hy L\u1ea1p mu\u1ed1n c\u00f3 m\u1ed9t chi\u1ebfc m\u00e1y \u0111\u00f3ng g\u00f3i tr\u00e0 \u0111\u1ec3 \u0111\u00f3ng g\u00f3i c\u00e1c t\u00fai b\u00ean trong v\u00e0 b\u00ean ngo\u00e0i. Ng\u01b0\u1eddi qu\u1ea3n l\u00fd kinh doanh c\u1ee7a ch\u00fang t\u00f4i \u0111\u00e3 \u0111\u1ec1 xu\u1ea5t m\u00f4 h\u00ecnh n\u00e0y theo nhu c\u1ea7u c\u1ee7a kh\u00e1ch h\u00e0ng. Kh\u00e1ch h\u00e0ng n\u00e0y ban \u0111\u1ea7u c\u00f3 m\u1ed9t m\u00e1y \u0111\u00f3ng g\u00f3i tr\u00e0. Nh\u01b0ng nay anh mu\u1ed1n m\u1edf r\u1ed9ng s\u1ea3n xu\u1ea5t n\u00ean mua th\u00eam m\u1ed9t chi\u1ebfc n\u1eefa \u0111\u1ec3 g\u00f3i hoa d\u00e2m b\u1ee5t.<\/p>    <figure class=\"wp-block-image size-large\"><img decoding=\"async\" src=\"https:\/\/taizypackaging.com\/wp-content\/uploads\/2020\/09\/customer-buy-teabag-packaging-machine.jpg\" alt=\"ph\u1ea3n h\u1ed3i t\u1eeb kh\u00e1ch h\u00e0ng Ch\u00e2u Phi c\u1ee7a ch\u00fang t\u00f4i\" class=\"wp-image-697\"\/><figcaption class=\"wp-element-caption\">ph\u1ea3n h\u1ed3i t\u1eeb kh\u00e1ch h\u00e0ng ch\u00e2u Phi c\u1ee7a ch\u00fang t\u00f4i<\/figcaption><\/figure>    <h2 class=\"wp-block-heading\">D\u1ecbch v\u1ee5 gi\u00e1 tr\u1ecb gia t\u0103ng<\/h2>    <p>Ngo\u00e0i m\u1ed9t s\u1ed1 d\u1ee5ng c\u1ee5 thi\u1ebft th\u1ef1c, ch\u00fang t\u00f4i c\u0169ng s\u1ebd cung c\u1ea5p cho b\u1ea1n c\u00e1c b\u1ed9 ph\u1eadn c\u1ea7n thi\u1ebft c\u1ee7a m\u00e1y nh\u01b0 tr\u1ee5c tr\u1ed9n, d\u00e2y c\u1ea3m bi\u1ebfn nhi\u1ec7t \u0111\u1ed9, \u1ed1ng gia nhi\u1ec7t, v.v. K\u1ef9 thu\u1eadt vi\u00ean c\u1ee7a ch\u00fang t\u00f4i s\u1ebd qu\u1ea5n d\u00e2y tr\u00ean bao b\u00ec b\u00ean trong tr\u1ef1c ti\u1ebfp tr\u00ean \u1ed1ng cu\u1ed9n tr\u01b0\u1edbc khi giao h\u00e0ng. s\u1ef1 ti\u1ec7n l\u1ee3i c\u1ee7a b\u1ea1n. Nh\u00e2n ti\u1ec7n, m\u00e1y c\u1ee7a ch\u00fang t\u00f4i c\u00f3 th\u1ec3 \u0111\u01b0\u1ee3c s\u1eed d\u1ee5ng c\u00f9ng v\u1edbi m\u00e1y m\u00e3 h\u00f3a \u0111\u1ec3 thu\u1eadn ti\u1ec7n cho vi\u1ec7c in ng\u00e0y s\u1ea3n xu\u1ea5t tr\u00ean t\u00fai, n\u1ebfu c\u00f3 y\u00eau c\u1ea7u n\u00e0y, b\u1ea1n c\u00f3 th\u1ec3 li\u00ean h\u1ec7 tr\u01b0\u1edbc v\u1edbi ng\u01b0\u1eddi qu\u1ea3n l\u00fd c\u1ee7a ch\u00fang t\u00f4i.<\/p>    <figure class=\"wp-block-image size-full\"><img decoding=\"async\" src=\"https:\/\/taizypackaging.com\/wp-content\/uploads\/2021\/08\/01.jpg\" alt=\"\" class=\"wp-image-2598\"\/><figcaption class=\"wp-element-caption\">d\u00e2y c\u1ea3m bi\u1ebfn nhi\u1ec7t \u0111\u1ed9 v\u00e0 \u1ed1ng s\u01b0\u1edfi \u1ea5m<\/figcaption><\/figure>    <figure class=\"wp-block-image size-full\"><img decoding=\"async\" src=\"https:\/\/taizypackaging.com\/wp-content\/uploads\/2021\/08\/02.jpg\" alt=\"\" class=\"wp-image-2599\"\/><figcaption class=\"wp-element-caption\">m\u00e1y m\u00e3 h\u00f3a c\u00f3 s\u1eb5n<\/figcaption><\/figure>    <h2 class=\"wp-block-heading\">T\u1ea1i sao ch\u1ecdn ch\u00fang t\u00f4i?<\/h2>    <p>Nh\u00e0 m\u00e1y \u0111\u00f3ng g\u00f3i Taizy tuy\u1ec3n d\u1ee5ng c\u00e1c k\u1ef9 s\u01b0 gi\u00e0u kinh nghi\u1ec7m, am hi\u1ec3u chuy\u00ean m\u00f4n \u0111\u1ec3 \u0111\u1ea3m b\u1ea3o ch\u1ea5t l\u01b0\u1ee3ng m\u00e1y m\u00f3c v\u00e0 kh\u00f4ng ng\u1eebng t\u1ea1o ra nh\u1eefng \u0111\u1ed9t ph\u00e1, \u0111\u1ed5i m\u1edbi c\u00f4ng ngh\u1ec7. T\u1ea5t c\u1ea3 c\u00e1c m\u00e1y c\u1ee7a ch\u00fang t\u00f4i c\u00f3 th\u1ec3 \u0111\u01b0\u1ee3c t\u00f9y ch\u1ec9nh theo nhu c\u1ea7u c\u1ee7a kh\u00e1ch h\u00e0ng. Trong m\u01b0\u1eddi n\u0103m qua, nh\u00e0 m\u00e1y c\u1ee7a ch\u00fang t\u00f4i \u0111\u00e3 h\u00ecnh th\u00e0nh m\u1ed9t quy tr\u00ecnh ho\u00e0n ch\u1ec9nh v\u00e0 hi\u1ec7u qu\u1ea3 t\u1eeb s\u1ea3n xu\u1ea5t \u0111\u1ebfn giao h\u00e0ng. L\u00e0m cho kh\u00e1ch h\u00e0ng h\u00e0i l\u00f2ng l\u00e0 t\u00f4n ch\u1ec9 h\u00e0ng \u0111\u1ea7u c\u1ee7a c\u00f4ng ty Taizy ch\u00fang t\u00f4i. V\u00e0 ch\u00fang t\u00f4i tuy\u1ec3n d\u1ee5ng c\u00e1c \u0111\u1ea1i l\u00fd tr\u00ean to\u00e0n th\u1ebf gi\u1edbi. Ch\u00e0o m\u1eebng b\u1ea1n \u0111\u1ebfn tham gia c\u00f9ng ch\u00fang t\u00f4i \u0111\u1ec3 c\u00f9ng nhau c\u00f3 m\u1ed9t h\u00e0nh tr\u00ecnh th\u00e0nh c\u00f4ng. <\/p>    <figure class=\"wp-block-image size-full\"><img loading=\"lazy\" decoding=\"async\" width=\"720\" height=\"540\" src=\"https:\/\/taizypackaging.com\/wp-content\/uploads\/2021\/08\/06.jpg\" alt=\"\" class=\"wp-image-2600\" srcset=\"https:\/\/taizypackaging.com\/wp-content\/uploads\/2021\/08\/06.jpg 720w, https:\/\/taizypackaging.com\/wp-content\/uploads\/2021\/08\/06-300x225.jpg 300w\" sizes=\"auto, (max-width: 720px) 100vw, 720px\" \/><figcaption class=\"wp-element-caption\">h\u00ecnh \u1ea3nh tr\u1ef1c ti\u1ebfp \u0111\u01b0\u1ee3c l\u1ea5y t\u1eeb nh\u00e0 m\u00e1y<\/figcaption><\/figure>","protected":false},"excerpt":{"rendered":"<p>M\u00e1y \u0111\u00f3ng g\u00f3i tr\u00e0 c\u1ee7a ch\u00fang t\u00f4i c\u00f3 th\u1ec3 th\u1ef1c hi\u1ec7n \u0111\u00f3ng g\u00f3i t\u00fai b\u00ean ngo\u00e0i, \u0111\u00f3ng g\u00f3i t\u00fai b\u00ean trong v\u00e0 b\u00ean ngo\u00e0i, bao b\u00ec t\u00fai tr\u00e0 c\u00f3 v\u1ea1ch k\u1ebb, bao b\u00ec tam gi\u00e1c nylon. M\u00e1y \u0111\u00f3ng g\u00f3i Taizy Zhengzhou l\u00e0 m\u1ed9t doanh nghi\u1ec7p hi\u1ec7n \u0111\u1ea1i t\u00edch h\u1ee3p R&amp;D, thi\u1ebft k\u1ebf, s\u1ea3n xu\u1ea5t, b\u00e1n h\u00e0ng v\u00e0 b\u1ea3o tr\u00ec. N\u00f3 ch\u1ee7 y\u1ebfu \u0111\u1ec1 c\u1eadp \u0111\u1ebfn m\u00e1y \u0111\u00f3ng g\u00f3i tr\u00e0 t\u1ef1 \u0111\u1ed9ng, m\u00e1y \u0111\u00f3ng g\u00f3i tr\u00e0 t\u00fai l\u1ecdc, v.v.<\/p>","protected":false},"author":1,"featured_media":2565,"parent":0,"template":"","tags":[71,92,146,202,209,249,263,277,396,406,411,466,529],"product-type":[667],"class_list":["post-403","product","type-product","status-publish","has-post-thumbnail","hentry","tag-black-tea","tag-cassia","tag-eight-treasure-tea","tag-green-tea","tag-health-products","tag-lemon-tea","tag-longan","tag-medicines","tag-rose-black-tea","tag-scented-tea","tag-seeds","tag-tartary-buckwheat","tag-white-tea","product-type-tea-packing-machine"],"_links":{"self":[{"href":"https:\/\/taizypackaging.com\/vi\/wp-json\/wp\/v2\/product\/403","targetHints":{"allow":["GET"]}}],"collection":[{"href":"https:\/\/taizypackaging.com\/vi\/wp-json\/wp\/v2\/product"}],"about":[{"href":"https:\/\/taizypackaging.com\/vi\/wp-json\/wp\/v2\/types\/product"}],"author":[{"embeddable":true,"href":"https:\/\/taizypackaging.com\/vi\/wp-json\/wp\/v2\/users\/1"}],"wp:featuredmedia":[{"embeddable":true,"href":"https:\/\/taizypackaging.com\/vi\/wp-json\/wp\/v2\/media\/2565"}],"wp:attachment":[{"href":"https:\/\/taizypackaging.com\/vi\/wp-json\/wp\/v2\/media?parent=403"}],"wp:term":[{"taxonomy":"post_tag","embeddable":true,"href":"https:\/\/taizypackaging.com\/vi\/wp-json\/wp\/v2\/tags?post=403"},{"taxonomy":"product-type","embeddable":true,"href":"https:\/\/taizypackaging.com\/vi\/wp-json\/wp\/v2\/product-type?post=403"}],"curies":[{"name":"wp","href":"https:\/\/api.w.org\/{rel}","templated":true}]}}