{"id":4121,"date":"2022-03-03T09:29:14","date_gmt":"2022-03-03T09:29:14","guid":{"rendered":"https:\/\/taizypackaging.com\/?p=4121"},"modified":"2024-07-16T16:35:58","modified_gmt":"2024-07-16T08:35:58","slug":"jumbo-bag-filling-machine","status":"publish","type":"product","link":"https:\/\/taizypackaging.com\/vi\/jumbo-bag-filling-machine\/","title":{"rendered":"M\u00e1y l\u00e0m \u0111\u1ea7y t\u00fai Jumbo"},"content":{"rendered":"<div class=\"kk-star-ratings kksr-auto kksr-align-left kksr-valign-top\"     data-payload='{&quot;align&quot;:&quot;left&quot;,&quot;id&quot;:&quot;4121&quot;,&quot;slug&quot;:&quot;default&quot;,&quot;valign&quot;:&quot;top&quot;,&quot;ignore&quot;:&quot;&quot;,&quot;reference&quot;:&quot;auto&quot;,&quot;class&quot;:&quot;&quot;,&quot;count&quot;:&quot;29&quot;,&quot;legendonly&quot;:&quot;&quot;,&quot;readonly&quot;:&quot;&quot;,&quot;score&quot;:&quot;4.5&quot;,&quot;starsonly&quot;:&quot;&quot;,&quot;best&quot;:&quot;5&quot;,&quot;gap&quot;:&quot;5&quot;,&quot;greet&quot;:&quot;Rate this product&quot;,&quot;legend&quot;:&quot;4.5\\\/5 - (29 b\u00ecnh ch\u1ecdn)&quot;,&quot;size&quot;:&quot;24&quot;,&quot;title&quot;:&quot;Jumbo Bag Filling Machine&quot;,&quot;width&quot;:&quot;128&quot;,&quot;_legend&quot;:&quot;{score}\\\/{best} - ({count} {votes})&quot;,&quot;font_factor&quot;:&quot;1.25&quot;}'>              <div class=\"kksr-stars\">      <div class=\"kksr-stars-inactive\">             <div class=\"kksr-star\" data-star=\"1\" style=\"padding-right: 5px\">               <div class=\"kksr-icon\" style=\"width: 24px; height: 24px;\"><\/div>         <\/div>             <div class=\"kksr-star\" data-star=\"2\" style=\"padding-right: 5px\">               <div class=\"kksr-icon\" style=\"width: 24px; height: 24px;\"><\/div>         <\/div>             <div class=\"kksr-star\" data-star=\"3\" style=\"padding-right: 5px\">               <div class=\"kksr-icon\" style=\"width: 24px; height: 24px;\"><\/div>         <\/div>             <div class=\"kksr-star\" data-star=\"4\" style=\"padding-right: 5px\">               <div class=\"kksr-icon\" style=\"width: 24px; height: 24px;\"><\/div>         <\/div>             <div class=\"kksr-star\" data-star=\"5\" style=\"padding-right: 5px\">               <div class=\"kksr-icon\" style=\"width: 24px; height: 24px;\"><\/div>         <\/div>     <\/div>      <div class=\"kksr-stars-active\" style=\"width: 128px;\">             <div class=\"kksr-star\" style=\"padding-right: 5px\">               <div class=\"kksr-icon\" style=\"width: 24px; height: 24px;\"><\/div>         <\/div>             <div class=\"kksr-star\" style=\"padding-right: 5px\">               <div class=\"kksr-icon\" style=\"width: 24px; height: 24px;\"><\/div>         <\/div>             <div class=\"kksr-star\" style=\"padding-right: 5px\">               <div class=\"kksr-icon\" style=\"width: 24px; height: 24px;\"><\/div>         <\/div>             <div class=\"kksr-star\" style=\"padding-right: 5px\">               <div class=\"kksr-icon\" style=\"width: 24px; height: 24px;\"><\/div>         <\/div>             <div class=\"kksr-star\" style=\"padding-right: 5px\">               <div class=\"kksr-icon\" style=\"width: 24px; height: 24px;\"><\/div>         <\/div>     <\/div> <\/div>                   <div class=\"kksr-legend\" style=\"font-size: 19.2px;\">             4.5\/5 - (29 l\u01b0\u1ee3t b\u00ecnh ch\u1ecdn)    <\/div>     <\/div>  <p class=\"translation-block\"><strong>M\u00e1y \u0111\u00f3ng g\u00f3i Jumbo bag<\/strong>, hay m\u00e1y \u0111\u00f3ng g\u00f3i t\u00fai t\u1ea5n, l\u00e0 m\u1ed9t lo\u1ea1i thi\u1ebft b\u1ecb c\u00e2n v\u00e0 \u0111\u00f3ng g\u00f3i h\u1ea1ng n\u1eb7ng th\u00f4ng minh cho nhu c\u1ea7u t\u00fai Jumbo. \u0110\u00e2y l\u00e0 m\u1ed9t gi\u1ea3i ph\u00e1p \u0111\u00f3ng g\u00f3i \u0111a ch\u1ee9c n\u0103ng v\u1edbi c\u00e1c ch\u1ee9c n\u0103ng c\u00e2n \u0111i\u1ec7n t\u1eed, \u0111\u00f3ng g\u00f3i t\u1ef1 \u0111\u1ed9ng, h\u00e0n k\u00edn, th\u00e1o t\u00fai v\u00e0 l\u00e0m s\u1ea1ch b\u1ee5i. B\u00ean c\u1ea1nh \u0111\u00f3, m\u00e1y \u0111\u00f3ng g\u00f3i Jumbo bag Taizy c\u00f3 \u01b0u \u0111i\u1ec3m l\u00e0 k\u1ebft c\u1ea5u h\u1ee3p l\u00fd, hi\u1ec7u su\u1ea5t \u1ed5n \u0111\u1ecbnh, v\u1eadn h\u00e0nh d\u1ec5 d\u00e0ng v\u00e0 \u0111\u1ed9 ch\u00ednh x\u00e1c cao. <\/p>    <p class=\"translation-block\">H\u01a1n n\u1eefa, <strong>m\u00e1y \u0111\u00f3ng g\u00f3i big bag<\/strong> n\u00e0y c\u00f3 ph\u1ea1m vi \u1ee9ng d\u1ee5ng r\u1ed9ng r\u00e3i. N\u00f3 \u00e1p d\u1ee5ng cho m\u1ecdi ng\u00e0nh ngh\u1ec1 nh\u01b0 s\u1ea3n ph\u1ea9m kho\u00e1ng s\u1ea3n, h\u00f3a ch\u1ea5t, vi\u00ean n\u00e9n, v\u1eadt li\u1ec7u x\u00e2y d\u1ef1ng, khai th\u00e1c m\u1ecf, th\u1ee9c \u0103n ch\u0103n nu\u00f4i v\u00e0 ng\u00e0nh c\u00f4ng nghi\u1ec7p th\u1ef1c ph\u1ea9m. N\u1ebfu b\u1ea1n \u0111ang t\u00ecm ki\u1ebfm m\u1ed9t m\u00e1y \u0111\u00f3ng g\u00f3i jumbo bag \u0111\u00e1ng tin c\u1eady, h\u00e3y g\u1eedi y\u00eau c\u1ea7u v\u00e0 ch\u00fang t\u00f4i s\u1ebd s\u1edbm li\u00ean h\u1ec7 l\u1ea1i v\u1edbi b\u1ea1n. \u00a0\u00a0<\/p>    <h2 class=\"wp-block-heading\">Video ho\u1ea1t \u0111\u1ed9ng c\u1ee7a m\u00e1y \u0111\u00f3ng t\u00fai l\u1edbn<\/h2>   <figure class=\"wp-block-embed-youtube wp-block-embed is-type-video is-provider-youtube wp-embed-aspect-16-9 wp-has-aspect-ratio\"><div class=\"lyte-wrapper fourthree\" title=\"M\u00e1y chi\u1ebft r\u00f3t bao Jumbo | H\u1ec7 th\u1ed1ng chi\u1ebft r\u00f3t t\u00fai l\u1edbn Hi\u1ec7u su\u1ea5t cao v\u00e0 hi\u1ec7u su\u1ea5t \u1ed5n \u0111\u1ecbnh\" style=\"width:960px;max-width:100%;margin:5px auto;\"><div class=\"lyMe hidef\" id=\"WYL_hsMUZb38lFk\" itemprop=\"video\" itemscope itemtype=\"https:\/\/schema.org\/VideoObject\"><div><meta itemprop=\"thumbnailUrl\" content=\"https:\/\/taizypackaging.com\/wp-content\/plugins\/wp-youtube-lyte\/lyteCache.php?origThumbUrl=https%3A%2F%2Fi.ytimg.com%2Fvi%2FhsMUZb38lFk%2Fmaxresdefault.jpg\" \/><meta itemprop=\"embedURL\" content=\"https:\/\/www.youtube.com\/embed\/hsMUZb38lFk\" \/><meta itemprop=\"duration\" content=\"PT7M21S\" \/><meta itemprop=\"uploadDate\" content=\"2022-03-10T06:28:56Z\" \/><\/div><meta itemprop=\"accessibilityFeature\" content=\"captions\" \/><div id=\"lyte_hsMUZb38lFk\" data-src=\"https:\/\/taizypackaging.com\/wp-content\/plugins\/wp-youtube-lyte\/lyteCache.php?origThumbUrl=https%3A%2F%2Fi.ytimg.com%2Fvi%2FhsMUZb38lFk%2Fmaxresdefault.jpg\" class=\"pL\"><div class=\"tC\"><div class=\"tT\" itemprop=\"name\">M\u00e1y chi\u1ebft r\u00f3t bao Jumbo | H\u1ec7 th\u1ed1ng chi\u1ebft r\u00f3t t\u00fai l\u1edbn Hi\u1ec7u su\u1ea5t cao v\u00e0 hi\u1ec7u su\u1ea5t \u1ed5n \u0111\u1ecbnh<\/div><\/div><div class=\"play\"><\/div><div class=\"ctrl\"><div class=\"Lctrl\"><\/div><div class=\"Rctrl\"><\/div><\/div><\/div><noscript><a href=\"https:\/\/youtu.be\/hsMUZb38lFk\" rel=\"nofollow noopener\" target=\"_blank\"><img loading=\"lazy\" decoding=\"async\" src=\"https:\/\/taizypackaging.com\/wp-content\/plugins\/wp-youtube-lyte\/lyteCache.php?origThumbUrl=https%3A%2F%2Fi.ytimg.com%2Fvi%2FhsMUZb38lFk%2F0.jpg\" alt=\"M\u00e1y chi\u1ebft r\u00f3t bao Jumbo | H\u1ec7 th\u1ed1ng chi\u1ebft r\u00f3t t\u00fai l\u1edbn Hi\u1ec7u su\u1ea5t cao v\u00e0 hi\u1ec7u su\u1ea5t \u1ed5n \u0111\u1ecbnh\" width=\"960\" height=\"700\" \/><br \/>Xem video n\u00e0y tr\u00ean YouTube<\/a><\/noscript><meta itemprop=\"description\" content=\"#jumbobagfilling #bigbagpacking #fillingmachine Email: info@taizypackaging.com WeChat\/ WhatsApp: +86 18837171591 Useful link: https:\/\/taizypackaging.com\/jumbo-bag-filling-machine\/ This jumbo bag filling machine is designed for big bag packing. It applies to all walks of life like mineral products, chemistry, pellets, building materials, mining, feed, and the food industry. It is a multifunctional packaging solution with functions of electric weighing, automatic filling, sealing, bag removing, and dust cleaning. Performance features of Taizy Jumbo bag filling machine 1. Jumbo bag packing machine for sale is designed and manufactured according to different requirements of customers. The machine uses international standards and advance technology. 2. This machine adopts LCD touch screen to set parameters, easy to operate. 3. A big bag filling machine can equip with a feeding machine and conveyor to realize fully automatic control, which greatly improves efficiency and save cost. 4. We use durable stainless steel material as the machine body structure to ensure long service life. 5. The weighing and filling process of this ton bag packing machine has a high packing precision at high packing speed. 6. Multifunctional. It can packaging both particles and powder products, and is widely used in various industries. You may be also interested in these videos: Powder filling machine 10kg: https:\/\/www.youtube.com\/watch?v=6j2Dz4i-eWY&amp;t=9s Powder filling machine 50kg: https:\/\/www.youtube.com\/watch?v=F5tlcnSb8q4 Granule filling machine 50kg: https:\/\/www.youtube.com\/watch?v=_E3hqS6pwhY Email: info@taizypackaging.com WeChat\/ WhatsApp: +86 18837171591 Useful link: https:\/\/taizypackaging.com\/jumbo-bag-filling-machine\/\"><\/div><\/div><div class=\"lL\" style=\"max-width:100%;width:960px;margin:5px auto;\"><\/div><figcaption><\/figcaption><\/figure>   <h2 class=\"wp-block-heading\">T\u00ednh n\u0103ng ho\u1ea1t \u0111\u1ed9ng c\u1ee7a m\u00e1y \u0111\u00f3ng bao Taizy Jumbo<\/h2>    <ol class=\"wp-block-list\" type=\"1\"> <li>M\u00e1y \u0111\u00f3ng g\u00f3i bao Jumbo \u0111\u1ec3 b\u00e1n \u0111\u01b0\u1ee3c thi\u1ebft k\u1ebf v\u00e0 s\u1ea3n xu\u1ea5t theo y\u00eau c\u1ea7u kh\u00e1c nhau c\u1ee7a kh\u00e1ch h\u00e0ng. M\u00e1y s\u1eed d\u1ee5ng ti\u00eau chu\u1ea9n qu\u1ed1c t\u1ebf v\u00e0 c\u00f4ng ngh\u1ec7 ti\u00ean ti\u1ebfn.<\/li>    <li>M\u00e1y n\u00e0y s\u1eed d\u1ee5ng m\u00e0n h\u00ecnh c\u1ea3m \u1ee9ng LCD \u0111\u1ec3 c\u00e0i \u0111\u1eb7t th\u00f4ng s\u1ed1, d\u1ec5 v\u1eadn h\u00e0nh.<\/li>    <li>M\u00e1y r\u00f3t t\u00fai l\u1edbn c\u00f3 th\u1ec3 trang b\u1ecb m\u00e1y c\u1ea5p li\u1ec7u v\u00e0 b\u0103ng t\u1ea3i \u0111\u1ec3 th\u1ef1c hi\u1ec7n \u0111i\u1ec1u khi\u1ec3n ho\u00e0n to\u00e0n t\u1ef1 \u0111\u1ed9ng, gi\u00fap c\u1ea3i thi\u1ec7n \u0111\u00e1ng k\u1ec3 hi\u1ec7u qu\u1ea3 v\u00e0 ti\u1ebft ki\u1ec7m chi ph\u00ed.<\/li>    <li>Ch\u00fang t\u00f4i s\u1eed d\u1ee5ng v\u1eadt li\u1ec7u th\u00e9p kh\u00f4ng g\u1ec9 b\u1ec1n b\u1ec9 l\u00e0m c\u1ea5u tr\u00fac th\u00e2n m\u00e1y \u0111\u1ec3 \u0111\u1ea3m b\u1ea3o tu\u1ed5i th\u1ecd l\u00e2u d\u00e0i.<\/li>    <li>Qu\u00e1 tr\u00ecnh c\u00e2n v\u00e0 chi\u1ebft r\u00f3t c\u1ee7a m\u00e1y \u0111\u00f3ng g\u00f3i t\u00fai t\u1ea5n n\u00e0y c\u00f3 \u0111\u1ed9 ch\u00ednh x\u00e1c \u0111\u00f3ng g\u00f3i cao \u1edf t\u1ed1c \u0111\u1ed9 \u0111\u00f3ng g\u00f3i cao.<\/li>    <li>\u0110a ch\u1ee9c n\u0103ng. N\u00f3 c\u00f3 th\u1ec3 \u0111\u00f3ng g\u00f3i c\u1ea3 s\u1ea3n ph\u1ea9m h\u1ea1t v\u00e0 b\u1ed9t, v\u00e0 \u0111\u01b0\u1ee3c s\u1eed d\u1ee5ng r\u1ed9ng r\u00e3i trong c\u00e1c ng\u00e0nh c\u00f4ng nghi\u1ec7p kh\u00e1c nhau.<\/li> <\/ol>    <figure class=\"wp-block-image size-full\"><img loading=\"lazy\" decoding=\"async\" width=\"720\" height=\"540\" src=\"https:\/\/taizypackaging.com\/wp-content\/uploads\/2022\/03\/Jumbo-bag-packing-machine-factory.jpg\" alt=\"Nh\u00e0 m\u00e1y s\u1ea3n xu\u1ea5t m\u00e1y \u0111\u00f3ng g\u00f3i bao Jumbo\" class=\"wp-image-4127\" srcset=\"https:\/\/taizypackaging.com\/wp-content\/uploads\/2022\/03\/Jumbo-bag-packing-machine-factory.jpg 720w, https:\/\/taizypackaging.com\/wp-content\/uploads\/2022\/03\/Jumbo-bag-packing-machine-factory-300x225.jpg 300w\" sizes=\"auto, (max-width: 720px) 100vw, 720px\" \/><figcaption class=\"wp-element-caption\">Nh\u00e0 m\u00e1y s\u1ea3n xu\u1ea5t m\u00e1y \u0111\u00f3ng g\u00f3i bao Jumbo<\/figcaption><\/figure>    <h2 class=\"wp-block-heading\">Th\u00f4ng s\u1ed1 m\u00e1y \u0111\u00f3ng bao Jumbo<\/h2>    <figure class=\"wp-block-table\"><table><tbody><tr><td>Ng\u01b0\u1eddi m\u1eabu<\/td><td><strong>ph-2000T<\/strong><\/td><td><strong>ph-2000T<\/strong><\/td><\/tr><tr><td>C\u00e1c \u1ee9ng d\u1ee5ng<\/td><td>V\u1eadt r\u1ea5t nh\u1ecf<\/td><td>b\u1ed9t<\/td><\/tr><tr><td>Ph\u1ea1m vi c\u00e2n<\/td><td>200-1000kg<\/td><td>200-1500kg<\/td><\/tr><tr><td>C\u1ea5p ch\u00ednh x\u00e1c<\/td><td>\u00b10.2%<\/td><td>\u00b10.5%<\/td><\/tr><tr><td>T\u1ed1c \u0111\u1ed9 \u0111\u00f3ng g\u00f3i<\/td><td>M\u1ed7i t\u00fai\/2~3 ph\u00fat<\/td><td>T\u1ed1i thi\u1ec3u 15 t\u00fai\/gi\u1edd<\/td><\/tr><tr><td>Ph\u01b0\u01a1ng ph\u00e1p cho \u0103n<\/td><td>Cho \u0103n b\u1eb1ng tr\u1ecdng l\u1ef1c<\/td><td>cho \u0103n b\u1eb1ng m\u00e1y khoan<\/td><\/tr><tr><td>&nbsp;\u00c1p su\u1ea5t kh\u00f4ng kh\u00ed<\/td><td>0,6-0,8Mpa<\/td><td>0,8Mpa<\/td><\/tr><tr><td>Ti\u00eau th\u1ee5 kh\u00f4ng kh\u00ed<\/td><td>1 m3\/gi\u1edd<\/td><td>1 m3\/gi\u1edd<\/td><\/tr><tr><td>S\u1ef1 ti\u00eau th\u1ee5 n\u0103ng l\u01b0\u1ee3ng<\/td><td>380V\/8KW<\/td><td>380V\/8KW,50hz<\/td><\/tr><tr><td>K\u00edch th\u01b0\u1edbc m\u00e1y (mm)<\/td><td>2000\u00d72000\u00d73000<\/td><td>2000\u00d72000\u00d73400<\/td><\/tr><\/tbody><\/table><\/figure>    <h2 class=\"wp-block-heading\">\u1ee8ng d\u1ee5ng c\u1ee7a m\u00e1y \u0111\u00f3ng g\u00f3i bao jumbo \u0111\u1ec3 b\u00e1n<\/h2>    <p>L\u00e0 m\u1ed9t m\u00e1y l\u00e0m \u0111\u1ea7y t\u00fai l\u1edbn, n\u00f3 ph\u00f9 h\u1ee3p cho vi\u1ec7c \u0111\u00f3ng g\u00f3i \u0111\u1ecbnh l\u01b0\u1ee3ng \u1edf m\u1ee9c 200kg ~ 1500kg. M\u00e1y \u0111\u00f3ng bao jumbo n\u00e0y l\u00fd t\u01b0\u1edfng cho c\u00e1c lo\u1ea1i h\u1ea1t v\u00e0 b\u1ed9t kh\u00e1c nhau, nh\u01b0 b\u1ed9t m\u00ec, gia v\u1ecb, s\u1eefa b\u1ed9t, b\u1ed9t gi\u1eb7t, b\u1ed9t kho\u00e1ng, b\u1ed9t m\u1ecbn, b\u1ed9t \u0111\u1ed3ng, b\u1ed9t PVC, b\u1ed9t h\u00f3a h\u1ecdc, th\u1ee9c \u0103n ch\u0103n nu\u00f4i, th\u1ee9c \u0103n cho ch\u00f3, th\u1ee9c \u0103n cho m\u00e8o, th\u1ee9c \u0103n ch\u0103n nu\u00f4i , \u0111\u1eadu, ng\u0169 c\u1ed1c, h\u1ea1t gi\u1ed1ng, g\u1ea1o, pallet g\u1ed7, pallet nh\u1ef1a, b\u1ed9t c\u00e1, b\u1ed9t ng\u00f4, tinh b\u1ed9t, v.v. &nbsp;<\/p>    <h2 class=\"wp-block-heading\">T\u00fai t\u1ea5n<\/h2>    <p> Lo\u1ea1i bao \u0111\u1ef1ng s\u1ed1 l\u01b0\u1ee3ng l\u1edbn h\u1ea1ng n\u1eb7ng n\u00e0y \u0111\u01b0\u1ee3c thi\u1ebft k\u1ebf cho m\u00e1y \u0111\u00f3ng bao jumbo. N\u00f3 c\u00f3 c\u00e1c t\u00ednh n\u0103ng c\u1ee7a v\u1eadt li\u1ec7u b\u1ec1n v\u00e0 hi\u1ec7u su\u1ea5t t\u1ed1t. T\u00fai s\u1ed1 l\u01b0\u1ee3ng l\u1edbn m\u1edf n\u1eafp \u0111\u01b0\u1ee3c b\u00e1n t\u1eeb Taizy s\u1eed d\u1ee5ng 100% Virgin Polypropylene (PP), c\u00f3 \u0111\u1eb7c t\u00ednh ch\u1ecbu l\u1ef1c tuy\u1ec7t v\u1eddi. N\u00f3 m\u1ea1nh m\u1ebd v\u00e0 \u0111\u00e1ng tin c\u1eady. Bao jumbo s\u1eed d\u1ee5ng v\u1eadt li\u1ec7u c\u1ea5p th\u1ef1c ph\u1ea9m, c\u00f3 th\u1ec3 \u0111\u01b0\u1ee3c s\u1eed d\u1ee5ng cho th\u1ef1c ph\u1ea9m, \u0111\u1eadu, ng\u0169 c\u1ed1c, c\u00e1c lo\u1ea1i h\u1ea1t, x\u00e2y d\u1ef1ng, t\u00e1i ch\u1ebf, n\u00f4ng nghi\u1ec7p, kho\u00e1ng s\u1ea3n, ph\u00e2n b\u00f3n v\u00e0 c\u00f4ng nghi\u1ec7p th\u1ee9c \u0103n ch\u0103n nu\u00f4i. <\/p>    <figure class=\"wp-block-image size-full\"><img decoding=\"async\" src=\"https:\/\/taizypackaging.com\/wp-content\/uploads\/2022\/03\/ton-bags.jpg\" alt=\"t\u1ea5n t\u00fai\" class=\"wp-image-4135\"\/><figcaption class=\"wp-element-caption\">t\u1ea5n t\u00fai s\u1ed1 l\u01b0\u1ee3ng l\u1edbn<\/figcaption><\/figure>    <h2 class=\"wp-block-heading\">C\u1ea5u t\u1ea1o c\u1ee7a m\u00e1y \u0111\u00f3ng g\u00f3i t\u00fai t\u1ea5n <\/h2>    <p>C\u1ea5u t\u1ea1o ch\u00ednh c\u1ee7a m\u00e1y r\u00f3t bao jumbo bao g\u1ed3m h\u1ec7 th\u1ed1ng chi\u1ebft r\u00f3t t\u1ef1 \u0111\u1ed9ng, gi\u00e1 \u0111\u1ee1 bao, b\u0103ng t\u1ea3i l\u0103n, h\u1ec7 th\u1ed1ng \u0111i\u1ec1u khi\u1ec3n th\u00f4ng minh, t\u1ee7 \u0111i\u1ec1u khi\u1ec3n \u0111i\u1ec7n, c\u00e2n \u0111\u1ecbnh l\u01b0\u1ee3ng t\u1ef1 \u0111\u1ed9ng, \u0111\u1ea7u chi\u1ebft r\u00f3t, k\u1ebft c\u1ea5u \u0111\u1ee1, b\u00e0n rung,.. C\u1ea5u t\u1ea1o \u0111\u01a1n gi\u1ea3n, h\u1ee3p l\u00fd gi\u00fap d\u1ec5 d\u00e0ng v\u1eadn h\u00e0nh v\u00e0 b\u1ea3o tr\u00ec.<\/p>    <figure class=\"wp-block-image size-full\"><img loading=\"lazy\" decoding=\"async\" width=\"720\" height=\"540\" src=\"https:\/\/taizypackaging.com\/wp-content\/uploads\/2022\/03\/big-bag-filling-machine-parts.jpg\" alt=\"b\u1ed9 ph\u1eadn m\u00e1y l\u00e0m \u0111\u1ea7y t\u00fai l\u1edbn\" class=\"wp-image-4128\" srcset=\"https:\/\/taizypackaging.com\/wp-content\/uploads\/2022\/03\/big-bag-filling-machine-parts.jpg 720w, https:\/\/taizypackaging.com\/wp-content\/uploads\/2022\/03\/big-bag-filling-machine-parts-300x225.jpg 300w\" sizes=\"auto, (max-width: 720px) 100vw, 720px\" \/><figcaption class=\"wp-element-caption\">b\u1ed9 ph\u1eadn m\u00e1y l\u00e0m \u0111\u1ea7y t\u00fai l\u1edbn<\/figcaption><\/figure>    <h2 class=\"wp-block-heading\">Qu\u00e1 tr\u00ecnh l\u00e0m vi\u1ec7c<\/h2>    <ol class=\"wp-block-list\" type=\"1\"> <li>T\u00fai \u0111\u01b0\u1ee3c l\u00e0m s\u1eb5n &amp; k\u1eb9p b\u1eb1ng tay<\/li>    <li>T\u1ef1 \u0111\u1ed9ng \u0111i\u1ec1n<\/li>    <li>C\u00e2n t\u1ef1 \u0111\u1ed9ng<\/li>    <li>B\u0103ng t\u1ea3i bao th\u00e0nh ph\u1ea9m t\u1ef1 \u0111\u1ed9ng<\/li> <\/ol>    <h2 class=\"wp-block-heading\">Nh\u00e0 s\u1ea3n xu\u1ea5t m\u00e1y \u0111\u00f3ng bao Jumbo \u2013 Taizy Packaging <\/h2>    <p class=\"translation-block\">L\u00e0 <a href=\"https:\/\/taizypackaging.com\/vi\/\">nh\u00e0 cung c\u1ea5p gi\u1ea3i ph\u00e1p \u0111\u00f3ng g\u00f3i h\u00e0ng \u0111\u1ea7u<\/a> t\u1ea1i Trung Qu\u1ed1c, ch\u00fang t\u00f4i h\u01b0\u1edbng t\u1edbi vi\u1ec7c ph\u00e1t tri\u1ec3n <a href=\"https:\/\/taizypackaging.com\/vi\/machines-category\/\">m\u00e1y \u0111\u00f3ng g\u00f3i<\/a> \u0111\u00e1ng tin c\u1eady v\u00e0 c\u1ea1nh tranh \u0111\u1ec3 mang l\u1ea1i l\u1ee3i \u00edch cho c\u00e1c doanh nghi\u1ec7p nh\u1ecf tr\u00ean to\u00e0n c\u1ea7u. Ch\u00fang t\u00f4i \u0111\u00e3 thi\u1ebft k\u1ebf v\u00e0 s\u1ea3n xu\u1ea5t nhi\u1ec1u lo\u1ea1i m\u00e1y \u0111\u00f3ng g\u00f3i Jumbo bag \u0111\u1ec3 \u0111\u00e1p \u1ee9ng c\u00e1c y\u00eau c\u1ea7u kh\u00e1c nhau c\u1ee7a kh\u00e1ch h\u00e0ng. B\u00ean c\u1ea1nh \u0111\u00f3, ch\u00fang t\u00f4i cung c\u1ea5p d\u1ecbch v\u1ee5 OEM m\u1ea1nh m\u1ebd \u0111\u1ec3 th\u1ef1c s\u1ef1 ph\u00f9 h\u1ee3p v\u1edbi nhu c\u1ea7u c\u1ee7a b\u1ea1n. H\u01a1n n\u1eefa, c\u00f3 \u0111\u1ea7y \u0111\u1ee7 c\u00e1c thi\u1ebft b\u1ecb \u0111\u00f3ng g\u00f3i c\u00f3 s\u1eb5n t\u1eeb nh\u00e0 m\u00e1y Taizy. Ch\u00e0o m\u1eebng b\u1ea1n cho ch\u00fang t\u00f4i bi\u1ebft y\u00eau c\u1ea7u c\u1ee7a b\u1ea1n v\u00e0 ch\u00fang t\u00f4i s\u1ebd c\u1ed1 g\u1eafng h\u1ebft s\u1ee9c \u0111\u1ec3 mang l\u1ea1i l\u1ee3i \u00edch cho doanh nghi\u1ec7p c\u1ee7a b\u1ea1n. <\/p>","protected":false},"excerpt":{"rendered":"<p>Jumbo bag filling machine, or ton bag packing machine, is a kind of intelligent heavy weigh and packing equipment for jumbo bags demand. It is a multifunctional packaging solution with functions of electric weighing, automatic filling, sealing, bag removing, and dust cleaning. Besides, Taizy jumbo bag filling machine has the advantages of reasonable structure, stable [&hellip;]<\/p>\n","protected":false},"author":1,"featured_media":4125,"parent":0,"template":"","tags":[621,620],"product-type":[659],"class_list":["post-4121","product","type-product","status-publish","has-post-thumbnail","hentry","tag-big-bag-filling-machine","tag-jumbo-bag-packing-machine","product-type-granule-packing-machines"],"_links":{"self":[{"href":"https:\/\/taizypackaging.com\/vi\/wp-json\/wp\/v2\/product\/4121","targetHints":{"allow":["GET"]}}],"collection":[{"href":"https:\/\/taizypackaging.com\/vi\/wp-json\/wp\/v2\/product"}],"about":[{"href":"https:\/\/taizypackaging.com\/vi\/wp-json\/wp\/v2\/types\/product"}],"author":[{"embeddable":true,"href":"https:\/\/taizypackaging.com\/vi\/wp-json\/wp\/v2\/users\/1"}],"wp:featuredmedia":[{"embeddable":true,"href":"https:\/\/taizypackaging.com\/vi\/wp-json\/wp\/v2\/media\/4125"}],"wp:attachment":[{"href":"https:\/\/taizypackaging.com\/vi\/wp-json\/wp\/v2\/media?parent=4121"}],"wp:term":[{"taxonomy":"post_tag","embeddable":true,"href":"https:\/\/taizypackaging.com\/vi\/wp-json\/wp\/v2\/tags?post=4121"},{"taxonomy":"product-type","embeddable":true,"href":"https:\/\/taizypackaging.com\/vi\/wp-json\/wp\/v2\/product-type?post=4121"}],"curies":[{"name":"wp","href":"https:\/\/api.w.org\/{rel}","templated":true}]}}