{"id":4178,"date":"2022-03-08T09:38:23","date_gmt":"2022-03-08T09:38:23","guid":{"rendered":"https:\/\/taizypackaging.com\/?p=4178"},"modified":"2024-07-10T18:39:46","modified_gmt":"2024-07-10T10:39:46","slug":"automatic-can-sealing-machine","status":"publish","type":"product","link":"https:\/\/taizypackaging.com\/vi\/automatic-can-sealing-machine\/","title":{"rendered":"M\u00e1y d\u00e1n n\u1eafp lon t\u1ef1 \u0111\u1ed9ng"},"content":{"rendered":"<div class=\"kk-star-ratings kksr-auto kksr-align-left kksr-valign-top\"     data-payload='{&quot;align&quot;:&quot;left&quot;,&quot;id&quot;:&quot;4178&quot;,&quot;slug&quot;:&quot;default&quot;,&quot;valign&quot;:&quot;top&quot;,&quot;ignore&quot;:&quot;&quot;,&quot;reference&quot;:&quot;auto&quot;,&quot;class&quot;:&quot;&quot;,&quot;count&quot;:&quot;13&quot;,&quot;legendonly&quot;:&quot;&quot;,&quot;readonly&quot;:&quot;&quot;,&quot;score&quot;:&quot;4.8&quot;,&quot;starsonly&quot;:&quot;&quot;,&quot;best&quot;:&quot;5&quot;,&quot;gap&quot;:&quot;5&quot;,&quot;greet&quot;:&quot;Rate this product&quot;,&quot;legend&quot;:&quot;4.8\\\/5 - (13 b\u00ecnh ch\u1ecdn)&quot;,&quot;size&quot;:&quot;24&quot;,&quot;title&quot;:&quot;Automatic Can Sealing Machine&quot;,&quot;width&quot;:&quot;136.7&quot;,&quot;_legend&quot;:&quot;{score}\\\/{best} - ({count} {votes})&quot;,&quot;font_factor&quot;:&quot;1.25&quot;}'>              <div class=\"kksr-stars\">      <div class=\"kksr-stars-inactive\">             <div class=\"kksr-star\" data-star=\"1\" style=\"padding-right: 5px\">               <div class=\"kksr-icon\" style=\"width: 24px; height: 24px;\"><\/div>         <\/div>             <div class=\"kksr-star\" data-star=\"2\" style=\"padding-right: 5px\">               <div class=\"kksr-icon\" style=\"width: 24px; height: 24px;\"><\/div>         <\/div>             <div class=\"kksr-star\" data-star=\"3\" style=\"padding-right: 5px\">               <div class=\"kksr-icon\" style=\"width: 24px; height: 24px;\"><\/div>         <\/div>             <div class=\"kksr-star\" data-star=\"4\" style=\"padding-right: 5px\">               <div class=\"kksr-icon\" style=\"width: 24px; height: 24px;\"><\/div>         <\/div>             <div class=\"kksr-star\" data-star=\"5\" style=\"padding-right: 5px\">               <div class=\"kksr-icon\" style=\"width: 24px; height: 24px;\"><\/div>         <\/div>     <\/div>      <div class=\"kksr-stars-active\" style=\"width: 136.7px;\">             <div class=\"kksr-star\" style=\"padding-right: 5px\">               <div class=\"kksr-icon\" style=\"width: 24px; height: 24px;\"><\/div>         <\/div>             <div class=\"kksr-star\" style=\"padding-right: 5px\">               <div class=\"kksr-icon\" style=\"width: 24px; height: 24px;\"><\/div>         <\/div>             <div class=\"kksr-star\" style=\"padding-right: 5px\">               <div class=\"kksr-icon\" style=\"width: 24px; height: 24px;\"><\/div>         <\/div>             <div class=\"kksr-star\" style=\"padding-right: 5px\">               <div class=\"kksr-icon\" style=\"width: 24px; height: 24px;\"><\/div>         <\/div>             <div class=\"kksr-star\" style=\"padding-right: 5px\">               <div class=\"kksr-icon\" style=\"width: 24px; height: 24px;\"><\/div>         <\/div>     <\/div> <\/div>                   <div class=\"kksr-legend\" style=\"font-size: 19.2px;\">             4.8\/5 - (13 l\u01b0\u1ee3t b\u00ecnh ch\u1ecdn)    <\/div>     <\/div>  <p class=\"translation-block\"><strong>M\u00e1y \u0111\u00f3ng n\u1eafp lon t\u1ef1 \u0111\u1ed9ng<\/strong> ph\u00f9 h\u1ee3p v\u1edbi nhi\u1ec1u lo\u1ea1i lon kim lo\u1ea1i kh\u00e1c nhau, ch\u1eb3ng h\u1ea1n nh\u01b0 lon thi\u1ebfc, lon nh\u00f4m, v.v. M\u00e1y \u0111\u01b0\u1ee3c \u1ee9ng d\u1ee5ng r\u1ed9ng r\u00e3i trong ng\u00e0nh th\u1ef1c ph\u1ea9m &amp; \u0111\u1ed3 u\u1ed1ng, ng\u00e0nh h\u00f3a ch\u1ea5t v\u00e0 ng\u00e0nh d\u01b0\u1ee3c ph\u1ea9m. Th\u1ef1c t\u1ebf, \u0111\u00e2y l\u00e0 m\u1ed9t lo\u1ea1i m\u00e1y \u0111\u00f3ng n\u1eafp lon th\u00f4ng minh. M\u00e1y \u0111\u00f3ng n\u1eafp lon s\u1eed d\u1ee5ng h\u1ec7 th\u1ed1ng ph\u00e1t hi\u1ec7n t\u1ef1 \u0111\u1ed9ng, kh\u00f4ng c\u00f3 lon th\u00ec kh\u00f4ng \u0111\u00f3ng n\u1eafp. Ngo\u00e0i ra, v\u1edbi h\u1ec7 th\u1ed1ng \u0111i\u1ec1u khi\u1ec3n PLC v\u00e0 m\u00e0n h\u00ecnh c\u1ea3m \u1ee9ng l\u1edbn, m\u00e1y \u0111\u00f3ng n\u1eafp lon t\u1ef1 \u0111\u1ed9ng r\u1ea5t d\u1ec5 v\u1eadn h\u00e0nh. So v\u1edbi m\u00e1y \u0111\u00f3ng n\u1eafp lon th\u1ee7 c\u00f4ng, n\u0103ng su\u1ea5t c\u1ee7a m\u00e1y \u0111\u00f3ng n\u1eafp n\u00e0y cao g\u1ea5p 3 l\u1ea7n. Ch\u00fang t\u00f4i tin r\u1eb1ng m\u00e1y s\u1ebd c\u1ea3i thi\u1ec7n \u0111\u00e1ng k\u1ec3 hi\u1ec7u qu\u1ea3 c\u1ee7a b\u1ea1n v\u00e0 mang l\u1ea1i l\u1ee3i \u00edch cho doanh nghi\u1ec7p c\u1ee7a b\u1ea1n. H\u00e3y g\u1eedi y\u00eau c\u1ea7u b\u00e1o gi\u00e1 mi\u1ec5n ph\u00ed cho ch\u00fang t\u00f4i ngay h\u00f4m nay.<\/p>    <h2 class=\"wp-block-heading\">Video ho\u1ea1t \u0111\u1ed9ng c\u1ee7a m\u00e1y gh\u00e9p lon t\u1ef1 \u0111\u1ed9ng<\/h2>   <figure class=\"wp-block-embed-youtube wp-block-embed is-type-video is-provider-youtube wp-embed-aspect-16-9 wp-has-aspect-ratio\"><div class=\"lyte-wrapper fourthree\" title=\"M\u00e1y h\u00e0n k\u00edn lon kim lo\u1ea1i t\u1ef1 \u0111\u1ed9ng | M\u00e1y h\u00e0n thi\u1ebfc \/ nh\u00f4m c\u00f4ng nghi\u1ec7p cho th\u1ef1c ph\u1ea9m v\u00e0 \u0111\u1ed3 u\u1ed1ng\" style=\"width:960px;max-width:100%;margin:5px auto;\"><div class=\"lyMe hidef\" id=\"WYL_hNiEN74gmak\" itemprop=\"video\" itemscope itemtype=\"https:\/\/schema.org\/VideoObject\"><div><meta itemprop=\"thumbnailUrl\" content=\"https:\/\/taizypackaging.com\/wp-content\/plugins\/wp-youtube-lyte\/lyteCache.php?origThumbUrl=https%3A%2F%2Fi.ytimg.com%2Fvi%2FhNiEN74gmak%2Fmaxresdefault.jpg\" \/><meta itemprop=\"embedURL\" content=\"https:\/\/www.youtube.com\/embed\/hNiEN74gmak\" \/><meta itemprop=\"duration\" content=\"PT2M30S\" \/><meta itemprop=\"uploadDate\" content=\"2022-03-09T07:04:03Z\" \/><\/div><div id=\"lyte_hNiEN74gmak\" data-src=\"https:\/\/taizypackaging.com\/wp-content\/plugins\/wp-youtube-lyte\/lyteCache.php?origThumbUrl=https%3A%2F%2Fi.ytimg.com%2Fvi%2FhNiEN74gmak%2Fmaxresdefault.jpg\" class=\"pL\"><div class=\"tC\"><div class=\"tT\" itemprop=\"name\">M\u00e1y h\u00e0n k\u00edn lon kim lo\u1ea1i t\u1ef1 \u0111\u1ed9ng | M\u00e1y h\u00e0n thi\u1ebfc \/ nh\u00f4m c\u00f4ng nghi\u1ec7p cho th\u1ef1c ph\u1ea9m v\u00e0 \u0111\u1ed3 u\u1ed1ng<\/div><\/div><div class=\"play\"><\/div><div class=\"ctrl\"><div class=\"Lctrl\"><\/div><div class=\"Rctrl\"><\/div><\/div><\/div><noscript><a href=\"https:\/\/youtu.be\/hNiEN74gmak\" rel=\"nofollow noopener\" target=\"_blank\"><img loading=\"lazy\" decoding=\"async\" src=\"https:\/\/taizypackaging.com\/wp-content\/plugins\/wp-youtube-lyte\/lyteCache.php?origThumbUrl=https%3A%2F%2Fi.ytimg.com%2Fvi%2FhNiEN74gmak%2F0.jpg\" alt=\"M\u00e1y h\u00e0n k\u00edn lon kim lo\u1ea1i t\u1ef1 \u0111\u1ed9ng | M\u00e1y h\u00e0n thi\u1ebfc \/ nh\u00f4m c\u00f4ng nghi\u1ec7p cho th\u1ef1c ph\u1ea9m v\u00e0 \u0111\u1ed3 u\u1ed1ng\" width=\"960\" height=\"700\" \/><br \/>Xem video n\u00e0y tr\u00ean YouTube<\/a><\/noscript><meta itemprop=\"description\" content=\"#cansealer #canseamer #cansealingmachine Email: info@taizypackaging.com WeChat\/ WhatsApp: +86 18837171591 Useful link: https:\/\/taizypackaging.com\/automatic-can-sealing-machine\/ --------------------------------------------------------------------------------------------------------------------- This automatic can sealing machine is designed for various round metal cans, such as tin cans, aluminum cans, etc. And it is widely applied in food&amp;beverage industry, chemical industry, and pharmaceutical industry. Automatic can sealing machine or automatic can seamer machine is applied for sealing various metal cans. It is suitable for sealing containers made up of plastic, tin, aluminum, glass, jar, pot, PET, paperboard, and others. Different from manual can sealer machine that needs a push-button or footswitch for operation, this fully automatic can sealing machine does not need any manual operation. Automatic can sealer is essential for factories with large production requirements. They need this machine for much higher efficiency and lower cost. ------------------------------------------------------------------------------------------------------------------------ You may also like these videos: Automatic round bottle labeling machine: https:\/\/www.youtube.com\/watch?v=CCdx5K88i5Q Automatic carton\/box packing machine: https:\/\/www.youtube.com\/watch?v=SpZuuzjcpSs&amp;t=3s ------------------------------------------------------------------------------------------------------------------------ Email: info@taizypackaging.com WeChat\/ WhatsApp: +86 18837171591 Useful link: https:\/\/taizypackaging.com\/automatic-can-sealing-machine\/\"><\/div><\/div><div class=\"lL\" style=\"max-width:100%;width:960px;margin:5px auto;\"><\/div><figcaption><\/figcaption><\/figure>   <h2 class=\"wp-block-heading\">T\u00ednh n\u0103ng ho\u1ea1t \u0111\u1ed9ng c\u1ee7a m\u00e1y d\u00e1n lon t\u1ef1 \u0111\u1ed9ng Taizy<\/h2>    <ol class=\"wp-block-list\" type=\"1\"> <li>H\u1ec7 th\u1ed1ng ph\u00e1t hi\u1ec7n th\u00f4ng minh. Ch\u1ec9 khi m\u00e1y t\u00ecm \u0111\u01b0\u1ee3c lon th\u00ec m\u1edbi ho\u1ea1t \u0111\u1ed9ng. V\u00e0 kh\u00f4ng c\u00f3 lon kh\u00f4ng ni\u00eam phong.<\/li>    <li>Ho\u1ea1t \u0111\u1ed9ng d\u1ec5 d\u00e0ng. M\u00e1y d\u00e1n lon t\u1ef1 \u0111\u1ed9ng s\u1eed d\u1ee5ng h\u1ec7 th\u1ed1ng \u0111i\u1ec1u khi\u1ec3n th\u00f4ng minh v\u00e0 m\u00e0n h\u00ecnh c\u1ea3m \u1ee9ng l\u1edbn, d\u1ec5 v\u1eadn h\u00e0nh v\u00e0 b\u1ea3o tr\u00ec. <\/li>    <li>N\u0103ng l\u1ef1c s\u1ea3n xu\u1ea5t m\u1ea1nh m\u1ebd. M\u1ee9c \u0111\u1ed9 t\u1ef1 \u0111\u1ed9ng h\u00f3a cao, n\u00f3 l\u00e0 thi\u1ebft b\u1ecb ph\u00f9 h\u1ee3p \u0111\u1ec3 l\u1ea5p \u0111\u1ea7y d\u00e2y chuy\u1ec1n s\u1ea3n xu\u1ea5t ni\u00eam phong.<\/li>    <li>B\u00e1nh xe b\u1ecbt k\u00edn \u0111\u01b0\u1ee3c nh\u1eadp kh\u1ea9u t\u1eeb \u0110\u00e0i Loan, c\u00f3 \u0111\u1ed9 c\u1ee9ng cao, ch\u1ed1ng m\u00e0i m\u00f2n t\u1ed1t, kh\u00f4ng r\u1ec9 s\u00e9t v\u00e0 hi\u1ec7u su\u1ea5t b\u1ecbt k\u00edn tuy\u1ec7t v\u1eddi.<\/li>    <li>K\u1ebft c\u1ea5u th\u00e2n b\u1eb1ng th\u00e9p kh\u00f4ng g\u1ec9. N\u00f3 b\u1ec1n v\u00e0 c\u00f3 tu\u1ed5i th\u1ecd s\u1eed d\u1ee5ng l\u00e2u d\u00e0i.<\/li>    <li>\u1ee8ng d\u1ee5ng r\u1ed9ng r\u00e3i. M\u00e1y d\u00e1n lon c\u00f4ng nghi\u1ec7p l\u00fd t\u01b0\u1edfng cho c\u00e1c lo\u1ea1i lon thi\u1ebfc, lon nh\u00f4m v\u00e0 c\u00e1c lo\u1ea1i lon kim lo\u1ea1i tr\u00f2n.<\/li>    <li>D\u1ecbch v\u1ee5 OEM\/ODM. Ch\u00fang t\u00f4i c\u00f3 n\u0103ng l\u1ef1c m\u1ea1nh m\u1ebd \u0111\u1ec3 cung c\u1ea5p c\u00e1c d\u1ecbch v\u1ee5 t\u00f9y bi\u1ebfn \u0111\u1ec3 \u0111\u00e1p \u1ee9ng y\u00eau c\u1ea7u c\u1ee7a kh\u00e1ch h\u00e0ng.<\/li> <\/ol>    <figure class=\"wp-block-image size-full\"><img decoding=\"async\" src=\"https:\/\/taizypackaging.com\/wp-content\/uploads\/2022\/03\/can-sealing-machine-factory.jpg\" alt=\"nh\u00e0 m\u00e1y s\u1ea3n xu\u1ea5t m\u00e1y ni\u00eam phong lon\" class=\"wp-image-4183\"\/><figcaption class=\"wp-element-caption\">nh\u00e0 m\u00e1y s\u1ea3n xu\u1ea5t m\u00e1y ni\u00eam phong lon<\/figcaption><\/figure>    <h2 class=\"wp-block-heading\">Th\u00f4ng s\u1ed1 m\u00e1y \u0111\u00f3ng lon t\u1ef1 \u0111\u1ed9ng<\/h2>    <figure class=\"wp-block-table\"><table><tbody><tr><td>Ng\u01b0\u1eddi m\u1eabu<\/td><td>LT1035<\/td><td>AT-FG<\/td><\/tr><tr><td>Quy\u1ec1n l\u1ef1c<\/td><td>220V, 50-60Hz<\/td><td>220V, 50-60Hz,1.5KW<\/td><\/tr><tr><td>T\u1ed1c \u0111\u1ed9 s\u1ea3n xu\u1ea5t<\/td><td>30-60can\/ph\u00fat<\/td><td>25-35can\/ph\u00fat<\/td><\/tr><tr><td>K\u00edch th\u01b0\u1edbc chai \u00e1p d\u1ee5ng<\/td><td>\u03c6: 70-130mm<br>H: 60-190mm<\/td><td>\u03c6:50-130mm<br>H: 70mm, 70-200mm<\/td><\/tr><tr><td>C\u00e2n n\u1eb7ng<\/td><td>350kg<\/td><td>500kg<\/td><\/tr><tr><td>K\u00edch th\u01b0\u1edbc<\/td><td>3000*1000*1500mm<\/td><td>3000*900*1800<\/td><\/tr><\/tbody><\/table><\/figure>    <p>L\u01b0u \u00fd: D\u1ecbch v\u1ee5 OEM\/ODM c\u00f3 s\u1eb5n<\/p>    <h2 class=\"wp-block-heading\">Th\u01b0\u01a1ng hi\u1ec7u ph\u1ee5 ki\u1ec7n n\u1ed5i ti\u1ebfng c\u1ee7a m\u00e1y ni\u00eam phong lon c\u1ee7a ch\u00fang t\u00f4i<\/h2>    <figure class=\"wp-block-table\"><table><tbody><tr><td>Van \u0111i\u1ec7n t\u1eeb<\/td><td>AirTAC<\/td><\/tr><tr><td>R\u01a1le<\/td><td>Schneider<\/td><\/tr><tr><td>C\u00f4ng t\u1eafc t\u01a1 AC<\/td><td>T\u1ef0 \u0110\u1ed8NG<\/td><\/tr><tr><td>C\u00f4ng t\u1eafc l\u00e2n c\u1eadn<\/td><td>T\u1ef0 \u0110\u1ed8NG<\/td><\/tr><tr><td>C\u00f4ng t\u1eafc quang \u0111i\u1ec7n<\/td><td>T\u1ef0 \u0110\u1ed8NG<\/td><\/tr><tr><td>H\u00ecnh tr\u1ee5<\/td><td>AirTAC<\/td><\/tr><tr><td>C\u00e1i n\u00fat<\/td><td>Schneider<\/td><\/tr><\/tbody><\/table><\/figure>    <h2 class=\"wp-block-heading\">M\u00e1y d\u00e1n n\u1eafp lon t\u1ef1 \u0111\u1ed9ng l\u00e0 g\u00ec?<\/h2>    <p>M\u00e1y d\u00e1n lon t\u1ef1 \u0111\u1ed9ng hay m\u00e1y gh\u00e9p lon t\u1ef1 \u0111\u1ed9ng \u0111\u01b0\u1ee3c \u1ee9ng d\u1ee5ng \u0111\u1ec3 d\u00e1n c\u00e1c lo\u1ea1i lon kim lo\u1ea1i kh\u00e1c nhau. N\u00f3 ph\u00f9 h\u1ee3p \u0111\u1ec3 ni\u00eam phong c\u00e1c th\u00f9ng ch\u1ee9a l\u00e0m b\u1eb1ng nh\u1ef1a, thi\u1ebfc, nh\u00f4m, th\u1ee7y tinh, l\u1ecd, n\u1ed3i, PET, b\u00eca gi\u1ea5y v\u00e0 c\u00e1c lo\u1ea1i kh\u00e1c. Kh\u00e1c v\u1edbi m\u00e1y h\u00e0n k\u00edn lon th\u1ee7 c\u00f4ng c\u1ea7n c\u00f3 n\u00fat \u1ea5n ho\u1eb7c b\u00e0n \u0111\u1ea1p ch\u00e2n \u0111\u1ec3 v\u1eadn h\u00e0nh, m\u00e1y h\u00e0n k\u00edn lon ho\u00e0n to\u00e0n t\u1ef1 \u0111\u1ed9ng n\u00e0y kh\u00f4ng c\u1ea7n thao t\u00e1c th\u1ee7 c\u00f4ng.<\/p>    <p>M\u00e1y d\u00e1n lon t\u1ef1 \u0111\u1ed9ng r\u1ea5t c\u1ea7n thi\u1ebft cho nh\u1eefng nh\u00e0 m\u00e1y c\u00f3 y\u00eau c\u1ea7u s\u1ea3n xu\u1ea5t l\u1edbn. H\u1ecd c\u1ea7n chi\u1ebfc m\u00e1y n\u00e0y \u0111\u1ec3 c\u00f3 hi\u1ec7u qu\u1ea3 cao h\u01a1n nhi\u1ec1u v\u00e0 chi ph\u00ed th\u1ea5p h\u01a1n. H\u01a1n n\u1eefa, m\u00e1y n\u00e0y c\u00f3 th\u1ec3 ho\u1ea1t \u0111\u1ed9ng v\u1edbi c\u00e1c m\u00e1y \u0111\u00f3ng g\u00f3i c\u00f9ng nhau \u0111\u1ec3 t\u1ea1o th\u00e0nh m\u1ed9t d\u00e2y chuy\u1ec1n s\u1ea3n xu\u1ea5t ho\u00e0n ch\u1ec9nh.<\/p>    <figure class=\"wp-block-image size-full\"><img decoding=\"async\" src=\"https:\/\/taizypackaging.com\/wp-content\/uploads\/2022\/03\/automatic-can-sealer-applications.jpg\" alt=\"\u1ee9ng d\u1ee5ng d\u00e1n lon t\u1ef1 \u0111\u1ed9ng\" class=\"wp-image-4184\"\/><figcaption class=\"wp-element-caption\">\u1ee9ng d\u1ee5ng d\u00e1n lon t\u1ef1 \u0111\u1ed9ng<\/figcaption><\/figure>    <h2 class=\"wp-block-heading\">T\u00f9y ch\u1ec9nh m\u00e1y \u0111\u00f3ng h\u1ed9p t\u1ef1 \u0111\u1ed9ng c\u1ee7a b\u1ea1n<\/h2>    <p class=\"translation-block\">L\u00e0 m\u1ed9t trong nh\u1eefng nh\u00e0 s\u1ea3n xu\u1ea5t gi\u1ea3i ph\u00e1p \u0111\u00f3ng g\u00f3i h\u00e0ng \u0111\u1ea7u t\u1ea1i Trung Qu\u1ed1c, <a href=\"https:\/\/taizypackaging.com\/vi\/\">Taizy Packaging Machinery<\/a> c\u00f3 n\u0103ng l\u1ef1c OEM\/ODM m\u1ea1nh m\u1ebd \u0111\u1ec3 cung c\u1ea5p c\u00e1c m\u00e1y \u0111\u00f3ng n\u1eafp lon tuy\u1ec7t v\u1eddi nh\u1eb1m mang l\u1ea1i l\u1ee3i \u00edch cho d\u1ef1 \u00e1n c\u1ee7a b\u1ea1n. Tr\u01b0\u1edbc khi b\u1eaft \u0111\u1ea7u kinh doanh, ch\u00fang t\u00f4i c\u1ea7n gi\u00fap b\u1ea1n hi\u1ec3u r\u00f5 nhu c\u1ea7u c\u1ee7a m\u00ecnh. V\u00ed d\u1ee5, b\u1ea1n mu\u1ed1n \u0111\u00f3ng g\u00f3i s\u1ea3n ph\u1ea9m v\u00e0 v\u1eadt li\u1ec7u bao b\u00ec n\u00e0o? Nhu c\u1ea7u s\u1ea3n xu\u1ea5t c\u1ee7a nh\u00e0 m\u00e1y b\u1ea1n l\u00e0 bao nhi\u00eau? C\u1ea5u tr\u00fac nh\u00e0 m\u00e1y c\u1ee7a b\u1ea1n nh\u01b0 th\u1ebf n\u00e0o? V\u00e0 c\u00e1c y\u00eau c\u1ea7u \u0111\u1eb7c bi\u1ec7t kh\u00e1c c\u1ee7a b\u1ea1n. H\u00e3y li\u00ean h\u1ec7 v\u1edbi ch\u00fang t\u00f4i ngay b\u00e2y gi\u1edd \u0111\u1ec3 b\u1eaft \u0111\u1ea7u d\u1ef1 \u00e1n c\u1ee7a b\u1ea1n. &nbsp;<\/p>","protected":false},"excerpt":{"rendered":"<p>Automatic can sealing machine is suitable for various metal cans, such as tin cans, aluminum cans, etc. It is widely applied in food&amp;beverage industry, chemical industry, and pharmaceutical industry. Actually, it is a kind of intelligent can sealing machine. The can sealing machine uses an automatic detection system, no cans no sealing. Besides, adopting a [&hellip;]<\/p>\n","protected":false},"author":1,"featured_media":4890,"parent":0,"template":"","tags":[612,548],"product-type":[663],"class_list":["post-4178","product","type-product","status-publish","has-post-thumbnail","hentry","tag-can-sealing-machine","tag-sealing-machine","product-type-bottle-filling-production-line"],"_links":{"self":[{"href":"https:\/\/taizypackaging.com\/vi\/wp-json\/wp\/v2\/product\/4178","targetHints":{"allow":["GET"]}}],"collection":[{"href":"https:\/\/taizypackaging.com\/vi\/wp-json\/wp\/v2\/product"}],"about":[{"href":"https:\/\/taizypackaging.com\/vi\/wp-json\/wp\/v2\/types\/product"}],"author":[{"embeddable":true,"href":"https:\/\/taizypackaging.com\/vi\/wp-json\/wp\/v2\/users\/1"}],"wp:featuredmedia":[{"embeddable":true,"href":"https:\/\/taizypackaging.com\/vi\/wp-json\/wp\/v2\/media\/4890"}],"wp:attachment":[{"href":"https:\/\/taizypackaging.com\/vi\/wp-json\/wp\/v2\/media?parent=4178"}],"wp:term":[{"taxonomy":"post_tag","embeddable":true,"href":"https:\/\/taizypackaging.com\/vi\/wp-json\/wp\/v2\/tags?post=4178"},{"taxonomy":"product-type","embeddable":true,"href":"https:\/\/taizypackaging.com\/vi\/wp-json\/wp\/v2\/product-type?post=4178"}],"curies":[{"name":"wp","href":"https:\/\/api.w.org\/{rel}","templated":true}]}}