{"id":4229,"date":"2022-03-11T09:42:24","date_gmt":"2022-03-11T09:42:24","guid":{"rendered":"https:\/\/taizypackaging.com\/?p=4229"},"modified":"2024-07-10T18:38:17","modified_gmt":"2024-07-10T10:38:17","slug":"bottle-washing-machine","status":"publish","type":"product","link":"https:\/\/taizypackaging.com\/vi\/bottle-washing-machine\/","title":{"rendered":"M\u00e1y r\u1eeda chai"},"content":{"rendered":"<div class=\"kk-star-ratings kksr-auto kksr-align-left kksr-valign-top\"     data-payload='{&quot;align&quot;:&quot;left&quot;,&quot;id&quot;:&quot;4229&quot;,&quot;slug&quot;:&quot;default&quot;,&quot;valign&quot;:&quot;top&quot;,&quot;ignore&quot;:&quot;&quot;,&quot;reference&quot;:&quot;auto&quot;,&quot;class&quot;:&quot;&quot;,&quot;count&quot;:&quot;20&quot;,&quot;legendonly&quot;:&quot;&quot;,&quot;readonly&quot;:&quot;&quot;,&quot;score&quot;:&quot;4.6&quot;,&quot;starsonly&quot;:&quot;&quot;,&quot;best&quot;:&quot;5&quot;,&quot;gap&quot;:&quot;5&quot;,&quot;greet&quot;:&quot;Rate this product&quot;,&quot;legend&quot;:&quot;4.6\\\/5 - (20 b\u00ecnh ch\u1ecdn)&quot;,&quot;size&quot;:&quot;24&quot;,&quot;title&quot;:&quot;Bottle Washing Machine&quot;,&quot;width&quot;:&quot;130.9&quot;,&quot;_legend&quot;:&quot;{score}\\\/{best} - ({count} {votes})&quot;,&quot;font_factor&quot;:&quot;1.25&quot;}'>              <div class=\"kksr-stars\">      <div class=\"kksr-stars-inactive\">             <div class=\"kksr-star\" data-star=\"1\" style=\"padding-right: 5px\">               <div class=\"kksr-icon\" style=\"width: 24px; height: 24px;\"><\/div>         <\/div>             <div class=\"kksr-star\" data-star=\"2\" style=\"padding-right: 5px\">               <div class=\"kksr-icon\" style=\"width: 24px; height: 24px;\"><\/div>         <\/div>             <div class=\"kksr-star\" data-star=\"3\" style=\"padding-right: 5px\">               <div class=\"kksr-icon\" style=\"width: 24px; height: 24px;\"><\/div>         <\/div>             <div class=\"kksr-star\" data-star=\"4\" style=\"padding-right: 5px\">               <div class=\"kksr-icon\" style=\"width: 24px; height: 24px;\"><\/div>         <\/div>             <div class=\"kksr-star\" data-star=\"5\" style=\"padding-right: 5px\">               <div class=\"kksr-icon\" style=\"width: 24px; height: 24px;\"><\/div>         <\/div>     <\/div>      <div class=\"kksr-stars-active\" style=\"width: 130.9px;\">             <div class=\"kksr-star\" style=\"padding-right: 5px\">               <div class=\"kksr-icon\" style=\"width: 24px; height: 24px;\"><\/div>         <\/div>             <div class=\"kksr-star\" style=\"padding-right: 5px\">               <div class=\"kksr-icon\" style=\"width: 24px; height: 24px;\"><\/div>         <\/div>             <div class=\"kksr-star\" style=\"padding-right: 5px\">               <div class=\"kksr-icon\" style=\"width: 24px; height: 24px;\"><\/div>         <\/div>             <div class=\"kksr-star\" style=\"padding-right: 5px\">               <div class=\"kksr-icon\" style=\"width: 24px; height: 24px;\"><\/div>         <\/div>             <div class=\"kksr-star\" style=\"padding-right: 5px\">               <div class=\"kksr-icon\" style=\"width: 24px; height: 24px;\"><\/div>         <\/div>     <\/div> <\/div>                   <div class=\"kksr-legend\" style=\"font-size: 19.2px;\">             4.6\/5 - (20 l\u01b0\u1ee3t b\u00ecnh ch\u1ecdn)    <\/div>     <\/div>  <p class=\"translation-block\"><strong>M\u00e1y r\u1eeda chai<\/strong> ho\u1eb7c <strong>m\u00e1y l\u00e0m s\u1ea1ch chai<\/strong> \u0111\u01b0\u1ee3c thi\u1ebft k\u1ebf \u0111\u1ec3 l\u00e0m s\u1ea1ch chai tr\u01b0\u1edbc khi chi\u1ebft r\u00f3t. N\u00f3 \u0111\u01b0\u1ee3c s\u1eed d\u1ee5ng r\u1ed9ng r\u00e3i trong c\u00e1c nh\u00e0 m\u00e1y n\u01b0\u1edbc, nh\u00e0 m\u00e1y \u0111\u1ed3 u\u1ed1ng, nh\u00e0 m\u00e1y r\u01b0\u1ee3u, nh\u00e0 m\u00e1y m\u1ef9 ph\u1ea9m, nh\u00e0 m\u00e1y d\u01b0\u1ee3c ph\u1ea9m v\u00e0 c\u00e1c d\u00e2y chuy\u1ec1n s\u1ea3n xu\u1ea5t kh\u00e1c. B\u00ean c\u1ea1nh \u0111\u00f3, <strong>m\u00e1y l\u00e0m s\u1ea1ch chai<\/strong> ph\u00f9 h\u1ee3p v\u1edbi nhi\u1ec1u lo\u1ea1i chai kh\u00e1c nhau, ch\u1eb3ng h\u1ea1n nh\u01b0 chai nh\u1ef1a, chai th\u1ee7y tinh, chai PET, chai s\u1eefa, chai bia, chai n\u01b0\u1edbc, chai r\u01b0\u1ee3u, chai n\u01b0\u1edbc ng\u1ecdt, v.v. N\u00f3 c\u00f3 th\u1ec3 x\u1eed l\u00fd h\u00e0ng ch\u1ee5c chai c\u00f9ng m\u1ed9t l\u00fac, m\u1ed9t c\u00e1ch hi\u1ec7u qu\u1ea3 v\u00e0 \u0111\u00e1ng tin c\u1eady. V\u00e0 c\u00f4ng su\u1ea5t s\u1ea3n xu\u1ea5t c\u00f3 th\u1ec3 \u0111\u1ea1t 3000 chai m\u1ed7i gi\u1edd. M\u00e1y r\u1eeda chai l\u00e0 thi\u1ebft b\u1ecb thi\u1ebft y\u1ebfu cho nhi\u1ec1u ng\u00e0nh s\u1ea3n xu\u1ea5t l\u1edbn. N\u00f3 c\u00f3 th\u1ec3 c\u1ea3i thi\u1ec7n \u0111\u00e1ng k\u1ec3 hi\u1ec7u qu\u1ea3 c\u1ee7a b\u1ea1n v\u00e0 mang l\u1ea1i l\u1ee3i \u00edch cho doanh nghi\u1ec7p c\u1ee7a b\u1ea1n. &nbsp;<\/p>    <h2 class=\"wp-block-heading\">C\u00e1c t\u00ednh n\u0103ng hi\u1ec7u su\u1ea5t<\/h2>    <ol class=\"wp-block-list\" type=\"1\"><li>\u00c1p d\u1ee5ng h\u1ec7 th\u1ed1ng kh\u00ed n\u00e9n v\u00e0 m\u00e1y b\u01a1m n\u01b0\u1edbc n\u00f3ng b\u1eb1ng th\u00e9p kh\u00f4ng g\u1ec9, s\u1ea1ch s\u1ebd v\u00e0 v\u1ec7 sinh, kh\u00f4ng g\u00e2y \u00f4 nhi\u1ec5m.<\/li><li>B\u1ec3 ch\u1ee9a n\u01b0\u1edbc c\u00f3 th\u1ec3 \u0111\u01b0\u1ee3c l\u00e0m n\u00f3ng b\u1eb1ng h\u01a1i n\u01b0\u1edbc ho\u1eb7c s\u01b0\u1edfi \u1ea5m b\u1eb1ng \u0111i\u1ec7n, \u0111i\u1ec1u khi\u1ec3n nhi\u1ec7t \u0111\u1ed9 t\u1ef1 \u0111\u1ed9ng, h\u1ec7 th\u1ed1ng \u0111i\u1ec1u khi\u1ec3n PLC, th\u1eddi gian l\u00e0m s\u1ea1ch si\u00eau \u00e2m c\u00f3 th\u1ec3 \u0111\u01b0\u1ee3c thi\u1ebft l\u1eadp t\u1ef1 do.<\/li><li>Ph\u01b0\u01a1ng ph\u00e1p l\u00e0m s\u1ea1ch t\u1ea5m ph\u1eb3ng gi\u00fap chai c\u00f3 t\u1ef7 l\u1ec7 h\u01b0 h\u1ecfng th\u1ea5p.<\/li><li>Khay chai ch\u1ee9a \u0111\u1ea7y \u1ed1ng c\u00f3 th\u1ec3 \u0111\u01b0\u1ee3c \u0111\u01b0a tr\u1ef1c ti\u1ebfp v\u00e0o l\u00f2 kh\u1eed tr\u00f9ng m\u00e0 kh\u00f4ng c\u1ea7n l\u1eadt l\u1ea1i.<\/li><li>\u1ed0ng phun c\u00f3 th\u1ec3 \u0111i\u1ec1u ch\u1ec9nh l\u00ean xu\u1ed1ng, th\u00edch h\u1ee3p l\u00e0m s\u1ea1ch chai th\u1ee7y tinh v\u00e0 chai nh\u1ef1a c\u00f3 \u0111\u1ed9 cao kh\u00e1c nhau, ch\u1ea5t l\u01b0\u1ee3ng l\u00e0m s\u1ea1ch \u0111\u1ea1t y\u00eau c\u1ea7u ti\u00eau chu\u1ea9n GMP.<\/li><li>C\u1ea3 hai m\u1eb7t c\u1ee7a ray d\u1eabn h\u01b0\u1edbng lan can c\u00f3 th\u1ec3 \u0111i\u1ec1u ch\u1ec9nh tr\u00e1i ph\u1ea3i, th\u00edch h\u1ee3p \u0111\u1ec3 l\u00e0m s\u1ea1ch c\u00e1c chai th\u1ee7y tinh v\u00e0 chai nh\u1ef1a c\u00f3 k\u00edch c\u1ee1 kh\u00e1c nhau.<\/li><li>V\u1edbi thi\u1ebft b\u1ecb lo\u1ea1i b\u1ecf n\u01b0\u1edbc d\u01b0, c\u00f3 th\u1ec3 ti\u1ebft ki\u1ec7m ngu\u1ed3n n\u01b0\u1edbc cho nh\u00e0 m\u00e1y.<\/li><\/ol>    <h2 class=\"wp-block-heading\">Video ho\u1ea1t \u0111\u1ed9ng c\u1ee7a m\u00e1y r\u1eeda chai <\/h2>   <figure class=\"wp-block-embed-youtube wp-block-embed is-type-video is-provider-youtube wp-embed-aspect-16-9 wp-has-aspect-ratio\"><div class=\"lyte-wrapper fourthree\" title=\"M\u00e1y r\u1eeda r\u1eeda chai t\u1ef1 \u0111\u1ed9ng | M\u00e1y r\u1eeda chai n\u01b0\u1edbc, bia, soda, r\u01b0\u1ee3u, s\u1eefa\" style=\"width:960px;max-width:100%;margin:5px auto;\"><div class=\"lyMe hidef\" id=\"WYL_Y02hdzKkCXo\" itemprop=\"video\" itemscope itemtype=\"https:\/\/schema.org\/VideoObject\"><div><meta itemprop=\"thumbnailUrl\" content=\"https:\/\/taizypackaging.com\/wp-content\/plugins\/wp-youtube-lyte\/lyteCache.php?origThumbUrl=https%3A%2F%2Fi.ytimg.com%2Fvi%2FY02hdzKkCXo%2Fmaxresdefault.jpg\" \/><meta itemprop=\"embedURL\" content=\"https:\/\/www.youtube.com\/embed\/Y02hdzKkCXo\" \/><meta itemprop=\"duration\" content=\"PT1M41S\" \/><meta itemprop=\"uploadDate\" content=\"2022-03-22T07:24:52Z\" \/><\/div><div id=\"lyte_Y02hdzKkCXo\" data-src=\"https:\/\/taizypackaging.com\/wp-content\/plugins\/wp-youtube-lyte\/lyteCache.php?origThumbUrl=https%3A%2F%2Fi.ytimg.com%2Fvi%2FY02hdzKkCXo%2Fmaxresdefault.jpg\" class=\"pL\"><div class=\"tC\"><div class=\"tT\" itemprop=\"name\">M\u00e1y r\u1eeda r\u1eeda chai t\u1ef1 \u0111\u1ed9ng | M\u00e1y r\u1eeda chai n\u01b0\u1edbc, bia, soda, r\u01b0\u1ee3u, s\u1eefa<\/div><\/div><div class=\"play\"><\/div><div class=\"ctrl\"><div class=\"Lctrl\"><\/div><div class=\"Rctrl\"><\/div><\/div><\/div><noscript><a href=\"https:\/\/youtu.be\/Y02hdzKkCXo\" rel=\"nofollow noopener\" target=\"_blank\"><img loading=\"lazy\" decoding=\"async\" src=\"https:\/\/taizypackaging.com\/wp-content\/plugins\/wp-youtube-lyte\/lyteCache.php?origThumbUrl=https%3A%2F%2Fi.ytimg.com%2Fvi%2FY02hdzKkCXo%2F0.jpg\" alt=\"M\u00e1y r\u1eeda r\u1eeda chai t\u1ef1 \u0111\u1ed9ng | M\u00e1y r\u1eeda chai n\u01b0\u1edbc, bia, soda, r\u01b0\u1ee3u, s\u1eefa\" width=\"960\" height=\"700\" \/><br \/>Xem video n\u00e0y tr\u00ean YouTube<\/a><\/noscript><meta itemprop=\"description\" content=\"#bottlewasher #bottlecleaningmachine #bottlerinsing Email: info@taizypackaging.com WhatsApp\/ WeChat: +86 18837171591 Useful link: https:\/\/taizypackaging.com\/bottle-washing-machine\/ ---------------------------------------------- Bottle washing machine is the equipment used for bottle cleaning and rinsing. We supply three types of bottle washers. One is equipped with 32 bottle placing positions. It occupied a small space, suitable for small and middle plants. When using the bottle cleaning machine, placing bottles upside down, bottles will rotate followed by a turntable. It will spray water into the bottles when the bottle reaches the spraying nozzles. The second type of water rinsing machine has 54 bottle holders. They are linked by a chain. Starting the bottle washer, the bottle holders will spin around two toothed gears. When the bottles are conveyed to spouts, it will spraying water into bottles. Besides, waters will drip on the bottles through the curtain above. The other one is an integrated cleaning and drying machine. As the name implies, it can complete the process of rinsing and drying automatically through multiple processes of washing. And the angel of rinsing is adjustable. The equipment can highly improve production efficiency. ---------------------------------------------- You may be also interested in these videos: Automatic bottle unscrambler machine: https:\/\/www.youtube.com\/watch?v=PGWp2gb0pns Automatic bottle filling machine: https:\/\/www.youtube.com\/watch?v=wRSdydlCgJM&amp;t=98s ---------------------------------------------- Email: info@taizypackaging.com WhatsApp\/ WeChat: +86 18837171591 Useful link: https:\/\/taizypackaging.com\/bottle-washing-machine\/\"><\/div><\/div><div class=\"lL\" style=\"max-width:100%;width:960px;margin:5px auto;\"><\/div><figcaption><\/figcaption><\/figure>   <h2 class=\"wp-block-heading\">C\u1ea7n b\u00e1n lo\u1ea1i m\u00e1y r\u1eeda chai<\/h2>    <p class=\"translation-block\">C\u00f3 hai lo\u1ea1i m\u00e1y r\u1eeda chai \u0111\u01b0\u1ee3c b\u00e1n t\u1ea1i <a href=\"https:\/\/taizypackaging.com\/vi\/\">Taizy Machinery Co., Ltd<\/a>, m\u1ed9t m\u00e1y r\u1eeda chai quay nh\u1ecf v\u00e0 m\u00e1y r\u1eeda chai th\u1eb3ng h\u00e0ng 54 \u0111\u1ea7u. Ch\u00fang c\u00f3 c\u00e1c t\u00ednh n\u0103ng v\u00e0 \u01b0u \u0111i\u1ec3m ho\u1ea1t \u0111\u1ed9ng kh\u00e1c nhau.<\/p>    <h3 class=\"wp-block-heading\">Lo\u1ea1i 1: M\u00e1y r\u1eeda chai quay nh\u1ecf<\/h3>    <p>M\u00e1y r\u1eeda chai quay n\u00e0y l\u00e0 m\u1ed9t lo\u1ea1i m\u00e1y r\u1eeda chai nh\u1ecf. N\u00f3 c\u00f3 l\u1ee3i th\u1ebf v\u1ec1 k\u00edch th\u01b0\u1edbc nh\u1ecf v\u00e0 gi\u00e1 c\u1ea3 thu\u1eadn l\u1ee3i. N\u0103ng l\u1ef1c s\u1ea3n xu\u1ea5t c\u00f3 th\u1ec3 \u0111\u1ea1t 2300 chai m\u1ed7i gi\u1edd. N\u00f3 ph\u00f9 h\u1ee3p cho c\u00e1c d\u1ef1 \u00e1n nh\u1ecf. M\u00e1y l\u00e0m s\u1ea1ch chai d\u1ea1ng quay s\u1ebd bao ph\u1ee7 m\u1ed9t khu v\u1ef1c nh\u1ecf trong nh\u00e0 m\u00e1y c\u1ee7a b\u1ea1n. B\u00ean c\u1ea1nh \u0111\u00f3, gi\u00e1 m\u00e1y l\u00e0m s\u1ea1ch chai nh\u1ecf c\u0169ng ph\u1ea3i ch\u0103ng.<\/p>    <figure class=\"wp-block-image size-full\"><img decoding=\"async\" src=\"https:\/\/taizypackaging.com\/wp-content\/uploads\/2022\/03\/rotary-bottle-washing-machine.jpg\" alt=\"m\u00e1y r\u1eeda chai quay\" class=\"wp-image-4234\"\/><figcaption>m\u00e1y r\u1eeda chai quay<\/figcaption><\/figure>    <h3 class=\"wp-block-heading\">Lo\u1ea1i hai: M\u00e1y r\u1eeda chai n\u1ed9i tuy\u1ebfn 54 \u0111\u1ea7u<\/h3>    <p>M\u00e1y n\u00e0y c\u00f3 hi\u1ec7u su\u1ea5t cao h\u01a1n m\u00e1y l\u00e0m s\u1ea1ch chai quay. N\u00f3 c\u00f3 th\u1ec3 r\u1eeda 54 \u0111\u1ea7u m\u1ed9t l\u1ea7n. N\u0103ng l\u1ef1c s\u1ea3n xu\u1ea5t c\u1ee7a n\u00f3 c\u00f3 th\u1ec3 \u0111\u1ea1t t\u1edbi 3000 chai trong m\u1ed9t gi\u1edd. N\u00f3 ph\u00f9 h\u1ee3p cho c\u00e1c d\u1ef1 \u00e1n l\u1edbn. Ph\u1ea1m vi chi\u1ec1u cao c\u1ee7a chai l\u00e0 t\u1eeb 120mm \u0111\u1ebfn 300mm v\u00e0 \u0111\u01b0\u1eddng k\u00ednh chai l\u00e0 t\u1eeb 40mm \u0111\u1ebfn 90mm. Ngo\u00e0i ra, ch\u00fang t\u00f4i h\u1ed7 tr\u1ee3 d\u1ecbch v\u1ee5 OEM m\u1ea1nh m\u1ebd \u0111\u1ec3 \u0111\u00e1p \u1ee9ng ch\u00ednh x\u00e1c nhu c\u1ea7u c\u1ee7a b\u1ea1n.<\/p>    <figure class=\"wp-block-image size-full\"><img loading=\"lazy\" decoding=\"async\" width=\"720\" height=\"540\" src=\"https:\/\/taizypackaging.com\/wp-content\/uploads\/2022\/03\/bottle-cleaning-machine.jpg\" alt=\"m\u00e1y l\u00e0m s\u1ea1ch chai\" class=\"wp-image-4233\" srcset=\"https:\/\/taizypackaging.com\/wp-content\/uploads\/2022\/03\/bottle-cleaning-machine.jpg 720w, https:\/\/taizypackaging.com\/wp-content\/uploads\/2022\/03\/bottle-cleaning-machine-300x225.jpg 300w\" sizes=\"auto, (max-width: 720px) 100vw, 720px\" \/><figcaption>m\u00e1y l\u00e0m s\u1ea1ch chai<\/figcaption><\/figure>    <h2 class=\"wp-block-heading\">\u01afu \u0111i\u1ec3m c\u1ee7a m\u00e1y l\u00e0m s\u1ea1ch b\u00ecnh s\u1eefa Taizy <\/h2>    <ol class=\"wp-block-list\" type=\"1\"><li>\u1ee8ng d\u1ee5ng r\u1ed9ng r\u00e3i. M\u00e1y r\u1eeda chai n\u00e0y l\u00fd t\u01b0\u1edfng \u0111\u1ec3 l\u00e0m s\u1ea1ch chai nh\u1ef1a, chai th\u1ee7y tinh, v.v.<\/li><li>Ch\u1ea5t li\u1ec7u b\u1ec1n. To\u00e0n b\u1ed9 k\u1ebft c\u1ea5u \u0111\u1ee1 c\u1ee7a m\u00e1y \u0111\u01b0\u1ee3c l\u00e0m b\u1eb1ng th\u00e9p kh\u00f4ng g\u1ec9 304.<\/li><li>C\u1ea5u tr\u00fac \u0111\u01a1n gi\u1ea3n v\u00e0 thi\u1ebft k\u1ebf h\u1ee3p l\u00fd. N\u00f3 r\u1ea5t d\u1ec5 d\u00e0ng \u0111\u1ec3 v\u1eadn h\u00e0nh v\u00e0 b\u1ea3o tr\u00ec.<\/li><li>M\u00e1y r\u1eeda chai \u0111\u01b0\u1ee3c trang b\u1ecb b\u00e1nh xe v\u1ea1n n\u0103ng gi\u00fap x\u01b0\u1edfng di chuy\u1ec3n thu\u1eadn l\u1ee3i.<\/li><li>Hi\u1ec7u su\u1ea5t t\u1ed1t. N\u00f3 c\u00f3 hi\u1ec7u su\u1ea5t t\u1ed1t h\u01a1n nhi\u1ec1u so v\u1edbi m\u00e1y r\u1eeda chai truy\u1ec1n th\u1ed1ng.<\/li><li>M\u00e1y n\u00e0y \u0111\u01b0\u1ee3c s\u1eed d\u1ee5ng thi\u1ebft b\u1ecb ki\u1ec3m so\u00e1t nhi\u1ec7t \u0111\u1ed9, thi\u1ebft b\u1ecb trong qu\u00e1 tr\u00ecnh s\u1eed d\u1ee5ng ki\u1ec3m so\u00e1t nhi\u1ec7t \u0111\u1ed9 \u0111\u1ed3ng \u0111\u1ec1u, hi\u1ec7u qu\u1ea3 kh\u1eed tr\u00f9ng t\u1ed1t.<\/li><li>M\u00e1y r\u1eeda chai s\u1eed d\u1ee5ng thi\u1ebft b\u1ecb bi\u1ebfn t\u1ea7n, thi\u1ebft b\u1ecb s\u1eed d\u1ee5ng t\u1ed1c \u0111\u1ed9 thu\u1eadn ti\u1ec7n, v\u1eadn h\u00e0nh \u0111\u01a1n gi\u1ea3n, b\u1ea3o v\u1ec7 \u0111\u1ed9ng c\u01a1 hi\u1ec7u qu\u1ea3, k\u00e9o d\u00e0i tu\u1ed5i th\u1ecd c\u1ee7a \u0111\u1ed9ng c\u01a1.<\/li><li>D\u1ecbch v\u1ee5 OEM. Ch\u00fang t\u00f4i thi\u1ebft k\u1ebf v\u00e0 s\u1ea3n xu\u1ea5t m\u00e1y l\u00e0m s\u1ea1ch chai theo y\u00eau c\u1ea7u c\u1ee5 th\u1ec3 c\u1ee7a b\u1ea1n.<\/li><\/ol>    <h2 class=\"wp-block-heading\">Nguy\u00ean l\u00fd ho\u1ea1t \u0111\u1ed9ng c\u1ee7a m\u00e1y r\u1eeda chai <\/h2>    <p>C\u00e1c chai \u0111\u01b0\u1ee3c t\u1ea3i l\u00ean ph\u1ea7n l\u1eadp ch\u1ec9 m\u1ee5c ti\u1ebfp theo c\u1ee7a b\u1ec7 v\u00e0 \u0111\u01b0\u1ee3c l\u00e0m s\u1ea1ch th\u00f4ng qua m\u1ed9t lo\u1ea1t thao t\u00e1c. Gi\u00e1 \u0111\u1ee1 chai \u0111\u01b0\u1ee3c thi\u1ebft k\u1ebf \u0111\u1eb7c bi\u1ec7t \u0111\u01b0\u1ee3c cung c\u1ea5p \u0111\u1ec3 gi\u1eef chai c\u00f3 \u0111\u01b0\u1eddng k\u00ednh c\u1ed5. Chai \u0111\u01b0\u1ee3c \u0111\u1eb7t l\u1ed9n ng\u01b0\u1ee3c trong c\u00e1c gi\u00e1 \u0111\u1ee1 h\u00ecnh c\u1ed1c n\u00e0y. X\u1ecbt \u0111\u1ec3 l\u00e0m s\u1ea1ch b\u00ean ngo\u00e0i chai. Van \u0111i\u1ec7n t\u1eeb \u0111\u01b0\u1ee3c cung c\u1ea5p \u0111\u1ec3 \u0111i\u1ec1u ch\u1ec9nh th\u1eddi gian l\u00e0m s\u1ea1ch. X\u1ecbt n\u01b0\u1edbc khi chai d\u1eebng l\u1ea1i, \u0111\u1ea3m b\u1ea3o ti\u1ebft ki\u1ec7m n\u01b0\u1edbc v\u00e0 tr\u00ecnh t\u1ef1 c\u00e1c ph\u01b0\u01a1ng ti\u1ec7n l\u00e0m s\u1ea1ch kh\u00e1c nhau \u0111\u1ec3 \u0111\u00e1p \u1ee9ng c\u00e1c y\u00eau c\u1ea7u c\u1ee5 th\u1ec3.<\/p>    <figure class=\"wp-block-image size-full\"><img decoding=\"async\" src=\"https:\/\/taizypackaging.com\/wp-content\/uploads\/2022\/03\/Taizy-bottle-washers-factory.jpg\" alt=\"Nh\u00e0 m\u00e1y r\u1eeda chai Taizy\" class=\"wp-image-4248\"\/><figcaption>Nh\u00e0 m\u00e1y r\u1eeda chai Taizy<\/figcaption><\/figure>    <h2 class=\"wp-block-heading\">B\u1eaft \u0111\u1ea7u c\u00f4ng vi\u1ec7c kinh doanh c\u1ee7a b\u1ea1n<\/h2>    <p class=\"translation-block\">Hai m\u00e1y r\u1eeda chai b\u00e1n t\u1ef1 \u0111\u1ed9ng n\u00e0y c\u00f3 c\u00e1c \u0111\u1eb7c \u0111i\u1ec3m v\u00e0 l\u1ee3i \u00edch kh\u00e1c nhau. V\u00e0 ch\u00fang ph\u00f9 h\u1ee3p v\u1edbi c\u00e1c m\u00f4i tr\u01b0\u1eddng v\u00e0 \u0111i\u1ec1u ki\u1ec7n l\u00e0m vi\u1ec7c kh\u00e1c nhau. M\u00e1y l\u00e0m s\u1ea1ch chai lu\u00f4n ho\u1ea1t \u0111\u1ed9ng c\u00f9ng v\u1edbi c\u00e1c thi\u1ebft b\u1ecb kh\u00e1c nh\u01b0 m\u00e1y chi\u1ebft r\u00f3t chai, <a href=\"https:\/\/taizypackaging.com\/vi\/machines-category\/capping\/\">m\u00e1y \u0111\u00f3ng n\u1eafp chai<\/a>, m\u00e1y d\u00e1n nh\u00e3n chai. N\u00f3 l\u00e0 m\u1ed9t ph\u1ea7n quan tr\u1ecdng c\u1ee7a m\u1ed9t <a href=\"https:\/\/taizypackaging.com\/vi\/machines-category\/bottle-filling-production-line\/\">d\u00e2y chuy\u1ec1n s\u1ea3n xu\u1ea5t ch\u1ea5t l\u1ecfng<\/a> ho\u00e0n ch\u1ec9nh. N\u1ebfu b\u1ea1n quan t\u00e2m \u0111\u1ebfn nh\u1eefng m\u00e1y n\u00e0y, h\u00e3y li\u00ean h\u1ec7 v\u1edbi ch\u00fang t\u00f4i \u0111\u1ec3 nh\u1eadn b\u1ea3ng gi\u00e1 mi\u1ec5n ph\u00ed. <\/p>","protected":false},"excerpt":{"rendered":"<p>Bottle washing machine or bottle washer is designed for cleaning bottles before filling. It is widely used in water, beverage factories, wine factories, cosmetic plants, pharmaceutical factories, and other production lines. Besides, the bottle cleaning machine is suitable for various bottle types, such as plastic bottles, glass bottles, PET bottles, milk bottles, beer bottles, water [&hellip;]<\/p>\n","protected":false},"author":1,"featured_media":4232,"parent":0,"template":"","tags":[618,191,619],"product-type":[663],"class_list":["post-4229","product","type-product","status-publish","has-post-thumbnail","hentry","tag-bottle-washing-machine","tag-glass-bottle","tag-plastic-bottle","product-type-bottle-filling-production-line"],"_links":{"self":[{"href":"https:\/\/taizypackaging.com\/vi\/wp-json\/wp\/v2\/product\/4229","targetHints":{"allow":["GET"]}}],"collection":[{"href":"https:\/\/taizypackaging.com\/vi\/wp-json\/wp\/v2\/product"}],"about":[{"href":"https:\/\/taizypackaging.com\/vi\/wp-json\/wp\/v2\/types\/product"}],"author":[{"embeddable":true,"href":"https:\/\/taizypackaging.com\/vi\/wp-json\/wp\/v2\/users\/1"}],"wp:featuredmedia":[{"embeddable":true,"href":"https:\/\/taizypackaging.com\/vi\/wp-json\/wp\/v2\/media\/4232"}],"wp:attachment":[{"href":"https:\/\/taizypackaging.com\/vi\/wp-json\/wp\/v2\/media?parent=4229"}],"wp:term":[{"taxonomy":"post_tag","embeddable":true,"href":"https:\/\/taizypackaging.com\/vi\/wp-json\/wp\/v2\/tags?post=4229"},{"taxonomy":"product-type","embeddable":true,"href":"https:\/\/taizypackaging.com\/vi\/wp-json\/wp\/v2\/product-type?post=4229"}],"curies":[{"name":"wp","href":"https:\/\/api.w.org\/{rel}","templated":true}]}}