{"id":4257,"date":"2022-03-15T07:30:21","date_gmt":"2022-03-15T07:30:21","guid":{"rendered":"https:\/\/taizypackaging.com\/?p=4257"},"modified":"2024-07-10T18:37:19","modified_gmt":"2024-07-10T10:37:19","slug":"pet-bottle-blowing-machine","status":"publish","type":"product","link":"https:\/\/taizypackaging.com\/vi\/pet-bottle-blowing-machine\/","title":{"rendered":"M\u00e1y th\u1ed5i chai PET"},"content":{"rendered":"<div class=\"kk-star-ratings kksr-auto kksr-align-left kksr-valign-top\"     data-payload='{&quot;align&quot;:&quot;left&quot;,&quot;id&quot;:&quot;4257&quot;,&quot;slug&quot;:&quot;default&quot;,&quot;valign&quot;:&quot;top&quot;,&quot;ignore&quot;:&quot;&quot;,&quot;reference&quot;:&quot;auto&quot;,&quot;class&quot;:&quot;&quot;,&quot;count&quot;:&quot;16&quot;,&quot;legendonly&quot;:&quot;&quot;,&quot;readonly&quot;:&quot;&quot;,&quot;score&quot;:&quot;4.7&quot;,&quot;starsonly&quot;:&quot;&quot;,&quot;best&quot;:&quot;5&quot;,&quot;gap&quot;:&quot;5&quot;,&quot;greet&quot;:&quot;Rate this product&quot;,&quot;legend&quot;:&quot;4.7\\\/5 - (16 b\u00ecnh ch\u1ecdn)&quot;,&quot;size&quot;:&quot;24&quot;,&quot;title&quot;:&quot;PET Bottle Blowing Machine&quot;,&quot;width&quot;:&quot;133.8&quot;,&quot;_legend&quot;:&quot;{score}\\\/{best} - ({count} {votes})&quot;,&quot;font_factor&quot;:&quot;1.25&quot;}'>              <div class=\"kksr-stars\">      <div class=\"kksr-stars-inactive\">             <div class=\"kksr-star\" data-star=\"1\" style=\"padding-right: 5px\">               <div class=\"kksr-icon\" style=\"width: 24px; height: 24px;\"><\/div>         <\/div>             <div class=\"kksr-star\" data-star=\"2\" style=\"padding-right: 5px\">               <div class=\"kksr-icon\" style=\"width: 24px; height: 24px;\"><\/div>         <\/div>             <div class=\"kksr-star\" data-star=\"3\" style=\"padding-right: 5px\">               <div class=\"kksr-icon\" style=\"width: 24px; height: 24px;\"><\/div>         <\/div>             <div class=\"kksr-star\" data-star=\"4\" style=\"padding-right: 5px\">               <div class=\"kksr-icon\" style=\"width: 24px; height: 24px;\"><\/div>         <\/div>             <div class=\"kksr-star\" data-star=\"5\" style=\"padding-right: 5px\">               <div class=\"kksr-icon\" style=\"width: 24px; height: 24px;\"><\/div>         <\/div>     <\/div>      <div class=\"kksr-stars-active\" style=\"width: 133.8px;\">             <div class=\"kksr-star\" style=\"padding-right: 5px\">               <div class=\"kksr-icon\" style=\"width: 24px; height: 24px;\"><\/div>         <\/div>             <div class=\"kksr-star\" style=\"padding-right: 5px\">               <div class=\"kksr-icon\" style=\"width: 24px; height: 24px;\"><\/div>         <\/div>             <div class=\"kksr-star\" style=\"padding-right: 5px\">               <div class=\"kksr-icon\" style=\"width: 24px; height: 24px;\"><\/div>         <\/div>             <div class=\"kksr-star\" style=\"padding-right: 5px\">               <div class=\"kksr-icon\" style=\"width: 24px; height: 24px;\"><\/div>         <\/div>             <div class=\"kksr-star\" style=\"padding-right: 5px\">               <div class=\"kksr-icon\" style=\"width: 24px; height: 24px;\"><\/div>         <\/div>     <\/div> <\/div>                   <div class=\"kksr-legend\" style=\"font-size: 19.2px;\">             4.7\/5 - (16 l\u01b0\u1ee3t b\u00ecnh ch\u1ecdn)    <\/div>     <\/div>  <p class=\"translation-block\"><strong>M\u00e1y th\u1ed5i chai PET<\/strong> l\u00fd t\u01b0\u1edfng \u0111\u1ec3 s\u1ea3n xu\u1ea5t c\u00e1c lo\u1ea1i chai PET\/PE\/PC c\u00f3 h\u00ecnh d\u1ea1ng v\u00e0 k\u00edch c\u1ee1 kh\u00e1c nhau. \u0110\u00e2y l\u00e0 gi\u1ea3i ph\u00e1p c\u00f3 hi\u1ec7u su\u1ea5t chi ph\u00ed cao nh\u1ea5t cho c\u00e1c y\u00eau c\u1ea7u s\u1ea3n xu\u1ea5t chai nh\u1ef1a s\u1ed1 l\u01b0\u1ee3ng l\u1edbn. <strong>M\u00e1y t\u1ea1o khu\u00f4n chai PET<\/strong> n\u00e0y kh\u00e1 ph\u00f9 h\u1ee3p cho c\u00e1c d\u1ef1 \u00e1n quy m\u00f4 nh\u1ecf v\u00e0 v\u1eeba. N\u00f3 \u0111\u01b0\u1ee3c s\u1eed d\u1ee5ng r\u1ed9ng r\u00e3i trong nhi\u1ec1u ng\u00e0nh c\u00f4ng nghi\u1ec7p, ch\u1eb3ng h\u1ea1n nh\u01b0 ng\u00e0nh n\u01b0\u1edbc kho\u00e1ng, n\u01b0\u1edbc tinh khi\u1ebft, ng\u00e0nh \u0111\u1ed3 u\u1ed1ng, ng\u00e0nh m\u1ef9 ph\u1ea9m, ng\u00e0nh d\u01b0\u1ee3c ph\u1ea9m, ng\u00e0nh d\u1ea7u \u0103n, ng\u00e0nh n\u01b0\u1edbc r\u1eeda ch\u00e9n, v.v. M\u00e1y th\u1ed5i chai l\u00e0 thi\u1ebft b\u1ecb thi\u1ebft y\u1ebfu cho m\u1ed9t d\u00e2y chuy\u1ec1n s\u1ea3n xu\u1ea5t ho\u00e0n ch\u1ec9nh trong nhi\u1ec1u ng\u00e0nh c\u00f4ng nghi\u1ec7p. <\/p>    <h2 class=\"wp-block-heading\">Video ho\u1ea1t \u0111\u1ed9ng c\u1ee7a m\u00e1y \u00e9p chai PET b\u00e1n t\u1ef1 \u0111\u1ed9ng<\/h2>   <figure class=\"wp-block-embed-youtube wp-block-embed is-type-video is-provider-youtube wp-embed-aspect-16-9 wp-has-aspect-ratio\"><div class=\"lyte-wrapper fourthree\" title=\"M\u00e1y th\u1ed5i chai PET b\u00e1n t\u1ef1 \u0111\u1ed9ng Thi\u1ebft k\u1ebf m\u1edbi t\u1ed1c \u0111\u1ed9 cao\" style=\"width:960px;max-width:100%;margin:5px auto;\"><div class=\"lyMe hidef\" id=\"WYL_v7ah4l_6rIQ\" itemprop=\"video\" itemscope itemtype=\"https:\/\/schema.org\/VideoObject\"><div><meta itemprop=\"thumbnailUrl\" content=\"https:\/\/taizypackaging.com\/wp-content\/plugins\/wp-youtube-lyte\/lyteCache.php?origThumbUrl=https%3A%2F%2Fi.ytimg.com%2Fvi%2Fv7ah4l_6rIQ%2Fmaxresdefault.jpg\" \/><meta itemprop=\"embedURL\" content=\"https:\/\/www.youtube.com\/embed\/v7ah4l_6rIQ\" \/><meta itemprop=\"duration\" content=\"PT3M36S\" \/><meta itemprop=\"uploadDate\" content=\"2022-04-06T06:51:11Z\" \/><\/div><div id=\"lyte_v7ah4l_6rIQ\" data-src=\"https:\/\/taizypackaging.com\/wp-content\/plugins\/wp-youtube-lyte\/lyteCache.php?origThumbUrl=https%3A%2F%2Fi.ytimg.com%2Fvi%2Fv7ah4l_6rIQ%2Fmaxresdefault.jpg\" class=\"pL\"><div class=\"tC\"><div class=\"tT\" itemprop=\"name\">M\u00e1y th\u1ed5i chai PET b\u00e1n t\u1ef1 \u0111\u1ed9ng Thi\u1ebft k\u1ebf m\u1edbi t\u1ed1c \u0111\u1ed9 cao<\/div><\/div><div class=\"play\"><\/div><div class=\"ctrl\"><div class=\"Lctrl\"><\/div><div class=\"Rctrl\"><\/div><\/div><\/div><noscript><a href=\"https:\/\/youtu.be\/v7ah4l_6rIQ\" rel=\"nofollow noopener\" target=\"_blank\"><img loading=\"lazy\" decoding=\"async\" src=\"https:\/\/taizypackaging.com\/wp-content\/plugins\/wp-youtube-lyte\/lyteCache.php?origThumbUrl=https%3A%2F%2Fi.ytimg.com%2Fvi%2Fv7ah4l_6rIQ%2F0.jpg\" alt=\"M\u00e1y th\u1ed5i chai PET b\u00e1n t\u1ef1 \u0111\u1ed9ng Thi\u1ebft k\u1ebf m\u1edbi t\u1ed1c \u0111\u1ed9 cao\" width=\"960\" height=\"700\" \/><br \/>Xem video n\u00e0y tr\u00ean YouTube<\/a><\/noscript><meta itemprop=\"description\" content=\"#petbottle #bottleblowingmachine #bottlemouldingmachine Email: info@taizypackaging.com WhatsApp: +86 18837171591 Useful link: https:\/\/taizypackaging.com\/pet-bottle-blowing-machine\/ ---------------------------------------------------- PET bottle blowing machine is ideal to manufacture different shapes and sizes of PET\/PE\/PC bottles. It is the most high-cost performance solution for large production requirements of plastic bottles And this pet bottle molding machine is quite suitable for small and medium-scale projects. It is widely used in lots of industries, such as mineral water, pure water industry, beverage industry, cosmetic industry, pharmaceutical industry, cooking oil industry, liquid detergent industry, etc. A bottle blow machine is essential equipment for a complete manufacturing line in many industries. There are fully and semi automatic plastic bottle blowing machine available from Taizy machinery. They are suitable for different working requirements and working conditions. ---------------------------------------------------- You may also like these videos: Automatic bottle washing machine: https:\/\/www.youtube.com\/watch?v=Y02hdzKkCXo Fully automatic pet bottle filling line: https:\/\/youtu.be\/wRSdydlCgJM ---------------------------------------------------- Email: info@taizypackaging.com WhatsApp: +86 18837171591 Useful link: https:\/\/taizypackaging.com\/pet-bottle-blowing-machine\/\"><\/div><\/div><div class=\"lL\" style=\"max-width:100%;width:960px;margin:5px auto;\"><\/div><figcaption><\/figcaption><\/figure>   <h2 class=\"wp-block-heading\">Th\u1ed5i chai PET l\u00e0 g\u00ec?<\/h2>    <p>Th\u00f4ng th\u01b0\u1eddng, khi s\u1ea3n xu\u1ea5t chai nh\u1ef1a s\u1ebd c\u00f3 quy tr\u00ecnh th\u1ed5i chai PET. V\u00e0 qu\u00e1 tr\u00ecnh n\u00e0y th\u01b0\u1eddng \u0111\u01b0\u1ee3c k\u1ebft th\u00fac b\u1eb1ng m\u00e1y th\u1ed5i chai. V\u00e0 c\u00f3 m\u00e1y th\u1ed5i chai PET b\u00e1n t\u1ef1 \u0111\u1ed9ng v\u00e0 m\u00e1y th\u1ed5i chai PET ho\u00e0n to\u00e0n t\u1ef1 \u0111\u1ed9ng. Nh\u1eefng chi\u1ebfc m\u00e1y n\u00e0y v\u1eeba c\u00f3 th\u1ec3 ho\u00e0n th\u00e0nh qu\u00e1 tr\u00ecnh k\u00e9o gi\u00e3n v\u1eeba th\u1ed5i. H\u1ecd c\u00f3 nh\u1eefng t\u00ednh n\u0103ng v\u00e0 l\u1ee3i th\u1ebf kh\u00e1c nhau. N\u1ebfu b\u1ea1n \u0111ang t\u00ecm ki\u1ebfm m\u1ed9t m\u00e1y \u00e9p chai \u0111\u00e1ng tin c\u1eady, b\u1ea1n c\u1ea7n ph\u1ea3i l\u00e0m r\u00f5 y\u00eau c\u1ea7u c\u1ee7a m\u00ecnh.<\/p>    <figure class=\"wp-block-image size-full\"><img decoding=\"async\" src=\"https:\/\/taizypackaging.com\/wp-content\/uploads\/2022\/03\/two-stage-bottle-moulding-machine.jpg\" alt=\"m\u00e1y \u00e9p chai hai giai \u0111o\u1ea1n\" class=\"wp-image-4266\"\/><figcaption class=\"wp-element-caption\">m\u00e1y \u00e9p chai hai giai \u0111o\u1ea1n<\/figcaption><\/figure>    <h2 class=\"wp-block-heading\">T\u00ednh n\u0103ng ho\u1ea1t \u0111\u1ed9ng c\u1ee7a m\u00e1y th\u1ed5i chai PET Taizy<\/h2>    <ul class=\"wp-block-list\" type=\"1\"> <li>\u00c1nh s\u00e1ng h\u1ed3ng ngo\u1ea1i \u0111\u01b0\u1ee3c tr\u1ed9n v\u00e0o b\u1ed9 s\u1ea5y s\u01a1 b\u1ed9 \u0111\u1ec3 \u0111\u1ea3m b\u1ea3o khu\u00f4n chai PET \u0111\u01b0\u1ee3c l\u00e0m n\u00f3ng \u0111\u1ec1u.<\/li>    <li>C\u00e1nh tay c\u01a1 kh\u00ed \u0111\u01b0\u1ee3c an th\u1ea7n \u0111\u1ec3 \u0111\u1ea3m b\u1ea3o khu\u00f4n \u0111\u01b0\u1ee3c \u0111\u00f3ng ch\u1eb7t d\u01b0\u1edbi nhi\u1ec7t \u0111\u1ed9 cao.<\/li> <\/ul>    <ul class=\"wp-block-list\"> <li>H\u1ec7 th\u1ed1ng kh\u00ed n\u00e9n bao g\u1ed3m hai ph\u1ea7n: ph\u1ea7n t\u00e1c \u0111\u1ed9ng b\u1eb1ng kh\u00ed n\u00e9n v\u00e0 ph\u1ea7n chai th\u1ed5i, nh\u1eb1m \u0111\u00e1p \u1ee9ng c\u00e1c y\u00eau c\u1ea7u kh\u00e1c nhau v\u1ec1 t\u00e1c \u0111\u1ed9ng v\u00e0 th\u1ed5i, n\u00f3 cung c\u1ea5p \u0111\u1ee7 \u00e1p su\u1ea5t cao \u1ed5n \u0111\u1ecbnh \u0111\u1ec3 th\u1ed5i. N\u00f3 cung c\u1ea5p \u00e1p su\u1ea5t cao \u1ed5n \u0111\u1ecbnh \u0111\u1ec3 th\u1ed5i c\u00e1c chai l\u1edbn c\u00f3 h\u00ecnh d\u1ea1ng kh\u00f4ng \u0111\u1ec1u.<\/li>    <li>N\u00f3 \u0111\u01b0\u1ee3c trang b\u1ecb b\u1ed9 gi\u1ea3m thanh v\u00e0 h\u1ec7 th\u1ed1ng tra d\u1ea7u \u0111\u1ec3 b\u00f4i tr\u01a1n c\u00e1c b\u1ed9 ph\u1eadn c\u01a1 kh\u00ed c\u1ee7a m\u00e1y.<\/li>    <li>Thi\u1ebft k\u1ebf v\u00e0 c\u1ea5u tr\u00fac h\u1ee3p l\u00fd. M\u00e1y th\u1ed5i chai nh\u1ef1a d\u1ec5 v\u1eadn h\u00e0nh v\u00e0 b\u1ea3o tr\u00ec.<\/li>    <li>\u1ee8ng d\u1ee5ng r\u1ed9ng r\u00e3i. N\u00f3 c\u00f3 th\u1ec3 t\u1ea1o ra nhi\u1ec1u lo\u1ea1i chai PET kh\u00e1c nhau b\u1eb1ng c\u00e1ch thay th\u1ebf c\u00e1c khu\u00f4n kh\u00e1c nhau. \u00a0<\/li> <\/ul>    <h2 class=\"wp-block-heading\">Th\u00f4ng s\u1ed1 m\u00e1y th\u1ed5i chai PET<\/h2>    <figure class=\"wp-block-table is-style-regular\" style=\"font-size:12px\"><table><tbody><tr><td>KI\u1ec2U<\/td><td>M\u1ee4C<\/td><td>\u0110O \u0110\u1ea0C<\/td><td>HZ-880 Lo\u1ea1i k\u1ebft h\u1ee3p<\/td><td>HZ-880 Lo\u1ea1i ti\u00eau chu\u1ea9n<\/td><\/tr><tr><td>S\u1ea2N PH\u1ea8M CU\u1ed0I C\u00d9NG<\/td><td>V\u1eadt li\u1ec7u<\/td><td>\/<\/td><td>PET\/PP\/PE\/PC<\/td><td>PET\/PP\/PE\/PC<\/td><\/tr><tr><td>&nbsp;<\/td><td>\u00c2m l\u01b0\u1ee3ng<\/td><td>L<\/td><td>0,05-2,5(2 khoang)3-6(1 khoang)<\/td><td>0,05-2,5 (2 khoang) 3-6 (1 khoang)<\/td><\/tr><tr><td>&nbsp;<\/td><td>\u0110\u1ea7u ra l\u00fd thuy\u1ebft<\/td><td>Chi\u1ebfc\/gi\u1edd<\/td><td>0,05-2,5L\/17003-6L\/800<\/td><td>0,05-2,5L\/8503-6L\/400<\/td><\/tr><tr><td>&nbsp;<\/td><td>t\u1ed1i \u0111a. \u0111\u01b0\u1eddng k\u00ednh<\/td><td>mm<\/td><td>360<\/td><td>360<\/td><\/tr><tr><td>&nbsp;<\/td><td>T\u1ed1i \u0111a. t\u1ea5m khu\u00f4n<br>k\u00edch th\u01b0\u1edbc (L\u00d7H)<\/td><td>mm<\/td><td>180<\/td><td>180<\/td><\/tr><tr><td>T\u1ea4M KHU\u00d4N<\/td><td>T\u1ed1i \u0111a. \u0111\u1ed9 d\u00e0y khu\u00f4n<\/td><td>mm<\/td><td>420\u00d7500<\/td><td>420\u00d7500<\/td><\/tr><tr><td>&nbsp;<\/td><td>H\u00e0nh tr\u00ecnh m\u1edf khu\u00f4n (c\u00f3 th\u1ec3 \u0111i\u1ec1u ch\u1ec9nh)<\/td><td>mm<\/td><td>160-240<\/td><td>160-240<\/td><\/tr><tr><td>&nbsp;<\/td><td>L\u1ef1c k\u1eb9p<\/td><td>KN<\/td><td>90<\/td><td>90<\/td><\/tr><tr><td>&nbsp;<\/td><td>M\u00e1y n\u00e9n cao \u00e1p \u00a0M3\/Mpa<\/td><td>mm<\/td><td>200<\/td><td>200<\/td><\/tr><tr><td>PH\u1ee4 TR\u1ee2<\/td><td>T\u1ea7n s\u1ed1 \u0111i\u1ec7n \u00e1p<\/td><td>KW<\/td><td>&gt;=0,70\/3,0\u00d71b\u1ed9 22<\/td><td>&gt;=0,7\/3,0\u00d72 b\u1ed9 22<\/td><\/tr><tr><td>&nbsp;<\/td><td>B\u1ed9 l\u1ecdc kh\u00f4ng kh\u00ed ch\u00ednh x\u00e1c<\/td><td>M3\/Mpa<\/td><td>&gt;=1.0\/3.0\u00d72 chi\u1ebfc<\/td><td>&gt;=1.0\/3.0\u00d72 chi\u1ebfc<\/td><\/tr><tr><td>\u0110I\u1ec6N M\u00c1Y CH\u00cdNH<\/td><td>Quy\u1ec1n l\u1ef1c<\/td><td>KW<\/td><td>12<\/td><td>12<\/td><\/tr><tr><td><\/td><td>\u0110i\u1ec7n \u00e1p\/T\u1ea7n s\u1ed1<\/td><td>V\/HZ<\/td><td>220-380\/50-60<\/td><td><\/td><\/tr><tr><td>K\u00cdCH TH\u01af\u1edaC M\u00c1Y<br>V\u00c0 TR\u1eccNG L\u01af\u1ee2NG<\/td><td>K\u00edch th\u01b0\u1edbc th\u00e2n ch\u00ednh (L\u00d7W\u00d7H)<\/td><td>M<\/td><td>1,45\u00d70,6\u00d71,75<\/td><td>1,45\u00d70,6\u00d71,75<\/td><\/tr><tr><td>&nbsp;<\/td><td>Tr\u1ecdng l\u01b0\u1ee3ng c\u01a1 th\u1ec3 ch\u00ednh<\/td><td>T<\/td><td>0.6<\/td><td>0.6<\/td><\/tr><tr><td>&nbsp;<\/td><td>K\u00edch th\u01b0\u1edbc b\u0103ng t\u1ea3i(L*W*H)<\/td><td>M<\/td><td>1,40\u00d70,62\u00d71,25<\/td><td>1,40\u00d70,62\u00d71,25<\/td><\/tr><tr><td>&nbsp;<\/td><td>Tr\u1ecdng l\u01b0\u1ee3ng b\u0103ng t\u1ea3i<\/td><td>T<\/td><td>0.22<\/td><td>0.22<\/td><\/tr><\/tbody><\/table><\/figure>    <h2 class=\"wp-block-heading\">Gi\u1edbi thi\u1ec7u s\u01a1 l\u01b0\u1ee3c v\u1ec1 chai nh\u1ef1a<\/h2>    <p>Ng\u00e0y nay, h\u01a1n 80% chai \u0111\u01b0\u1ee3c s\u1ea3n xu\u1ea5t d\u00e0nh cho ng\u00e0nh \u0111\u1ed3 u\u1ed1ng, ph\u1ea7n l\u1edbn trong s\u1ed1 \u0111\u00f3 \u0111\u01b0\u1ee3c s\u1ea3n xu\u1ea5t b\u1eb1ng c\u00f4ng ngh\u1ec7 hai giai \u0111o\u1ea1n.\u00a015% \u0111\u1ebfn 20% c\u00f2n l\u1ea1i c\u00f3 th\u1ec3 ch\u1ecdn m\u1ed9t trong hai quy tr\u00ecnh v\u00e0 nhi\u1ec1u quy\u1ebft \u0111\u1ecbnh th\u1ef1c s\u1ef1 \u0111\u01b0\u1ee3c th\u00fac \u0111\u1ea9y b\u1edfi gi\u00e1 c\u00f4ng c\u1ee5 d\u01b0\u1edbi 200 (m\/n\u0103m s\u1ea3n xu\u1ea5t c\u00f3 r\u1ea5t nhi\u1ec1u \u1ee9ng d\u1ee5ng t\u00f9y ch\u1ec9nh) v\u00e0 th\u1eadm ch\u00ed mua b\u1ed1n c\u00f4ng c\u1ee5 m\u1ed9t giai \u0111o\u1ea1n khoang \u0111\u1ec3 mua chai th\u1ef1c hi\u1ec7n l\u00e0 c\u0169ng kh\u00f3 ch\u1ee9ng minh t\u00ednh h\u1ee3p l\u00fd c\u1ee7a n\u00f3 v\u00e0 ch\u1ea1y tr\u00ean khoang k\u00e9p v\u00e0 \u0111\u1ed9ng c\u01a1 c\u1ea7n \u00edt v\u1ed1n h\u01a1n. Trong 10 n\u0103m qua, s\u1ed1 l\u01b0\u1ee3ng ph\u00f4i chai c\u00f3 s\u1eb5n \u0111\u00e3 t\u0103ng l\u00ean \u0111\u00e1ng k\u1ec3 tr\u00ean to\u00e0n th\u1ebf gi\u1edbi.\u00a0B\u1edfi v\u00ec hi\u1ec7u su\u1ea5t kh\u00e1c v\u1edbi chai, chi ph\u00ed v\u1eadn chuy\u1ec3n c\u1ee7a n\u00f3 l\u00e0 ti\u1ebft ki\u1ec7m chi ph\u00ed.<\/p>    <figure class=\"wp-block-image size-full\"><img decoding=\"async\" src=\"https:\/\/taizypackaging.com\/wp-content\/uploads\/2022\/03\/plastic-bottles.jpg\" alt=\"chai nh\u1ef1a\" class=\"wp-image-4263\"\/><figcaption class=\"wp-element-caption\">chai nh\u1ef1a<\/figcaption><\/figure>    <h2 class=\"wp-block-heading\">M\u00e1y th\u1ed5i PET ho\u1ea1t \u0111\u1ed9ng nh\u01b0 th\u1ebf n\u00e0o?<\/h2>    <p>T\u00f3m l\u1ea1i, m\u00e1y th\u1ed5i chai PET t\u1ef1 \u0111\u1ed9ng l\u00e0 th\u00f4ng minh. Hi\u1ec7n nay, m\u00e1y \u0111\u00fac th\u1ed5i hai b\u01b0\u1edbc tuy\u1ebfn t\u00ednh, to\u00e0n b\u1ed9 qu\u00e1 tr\u00ecnh \u0111\u00fac th\u1ed5i \u0111\u01b0\u1ee3c chia th\u00e0nh l\u00e0m n\u00f3ng tr\u01b0\u1edbc v\u00e0 \u0111\u00fac th\u1ed5i. Nguy\u00ean l\u00fd l\u00e0m vi\u1ec7c c\u1ee5 th\u1ec3 nh\u01b0 sau.<\/p>    <ol class=\"wp-block-list\"> <li>B\u1ed9 n\u1ea1p t\u1ef1 \u0111\u1ed9ng chuy\u1ec3n to\u00e0n b\u1ed9 chai tr\u1ed1ng s\u1ebd n\u1ea1p ph\u00f4i chai v\u00e0o v\u1ecb tr\u00ed k\u1eb9p, v\u00e0 thi\u1ebft b\u1ecb k\u1eb9p s\u1ebd \u0111\u01b0a ph\u00f4i chai ra ngo\u00e0i v\u00e0 \u0111i v\u00e0o l\u00f2 gia nhi\u1ec7t. &nbsp;<\/li>    <li>Th\u00f4ng qua chu\u1ed7i b\u0103ng t\u1ea3i. L\u00f2 h\u1ed3ng ngo\u1ea1i c\u00f3 hai d\u00e3y \u0111\u00e8n \u0111\u1ecf n\u1eb1m ngang. Nhi\u1ec7t \u0111\u1ed9 c\u1ee7a m\u1ed7i \u1ed1ng c\u00f3 th\u1ec3 \u0111\u01b0\u1ee3c \u0111i\u1ec1u ch\u1ec9nh b\u1eb1ng vi \u0111i\u1ec1u khi\u1ec3n PLC. \u0110\u00e8n v\u1ea1ch \u0111\u1ecf tr\u00ean v\u00e0 d\u01b0\u1edbi \u1ed5n \u0111\u1ecbnh \u1edf nhi\u1ec7t \u0111\u1ed9 kh\u00f4ng \u0111\u1ed5i, nh\u01b0ng chi\u1ec1u cao kh\u00e1c nhau. \u0110\u1ed3ng th\u1eddi, do m\u00f4i tr\u01b0\u1eddng c\u00f3 nhi\u1ec7t \u0111\u1ed9 cao n\u00ean nhi\u1ec7t \u0111\u1ed9 t\u1eeb gi\u1eefa ph\u00f4i chai \u0111\u1ebfn \u0111\u00e1y chai \u0111\u01b0\u1ee3c \u0111i\u1ec1u khi\u1ec3n b\u1eb1ng nhi\u1ec7t \u0111\u1ed9 kh\u00f4ng \u0111\u1ed5i th\u00f4ng qua \u1ed1ng ph\u00e2n t\u00e1n trong m\u00e1y l\u00e0m l\u1ea1nh. Khi kh\u00f4ng kh\u00ed n\u00f3ng b\u1ed1c h\u01a1i l\u00ean tr\u00ean, nhi\u1ec7t \u0111\u1ed9 \u0111\u00e1y chai t\u01b0\u01a1ng \u0111\u1ed1i th\u1ea5p.<\/li>    <li>Th\u1ed5i v\u00e0o chai. Ph\u00f4i \u0111\u01b0\u1ee3c gia nhi\u1ec7t v\u00e0o thi\u1ebft b\u1ecb k\u1eb9p \u0111\u1ec3 th\u1ed5i ph\u00f4i chai n\u00f3ng v\u00e0o ph\u00f4i th\u1ee7y tinh c\u1ee7a thi\u1ebft b\u1ecb k\u1eb9p. V\u1edbi ch\u1ee9c n\u0103ng th\u1ed5i, chai th\u1ef1c hi\u1ec7n k\u00e9o d\u00e3n l\u00ean \u1edf ph\u1ea7n d\u01b0\u1edbi c\u1ee7a th\u00e2n chai, th\u1ed5i \u0111\u1ebfn m\u1ed9t m\u1ee9c \u0111\u1ed9 nh\u1ea5t \u0111\u1ecbnh, \u0111\u1ed3ng th\u1eddi th\u1ed5i \u00e1p su\u1ea5t th\u1ea5p v\u00e0 th\u1ed5i th\u00e0nh \u00e1p su\u1ea5t cao. Trong th\u1eddi gian r\u1ea5t ng\u1eafn, l\u1eadp t\u1ee9c t\u1ea1o khu\u00f4n chai v\u00e0 th\u1ed5i chai. Tr\u01b0\u1edbc khi th\u1ed5i gas th\u01b0\u1eddng ph\u1ea3i c\u00f3 ng\u01b0\u1eddi l\u1eafp \u0111\u1eb7t. Kh\u00ed \u0111i qua b\u1ed9 l\u1ecdc \u0111\u1ec3 l\u1ecdc n\u01b0\u1edbc trong kh\u00f4ng kh\u00ed v\u00e0 d\u1ea7u b\u00f4i tr\u01a1n thi\u1ebft b\u1ecb. Kh\u00ed s\u1ea1ch v\u00e0 h\u00ecnh th\u00e0nh chai kh\u00f4ng c\u00f3 m\u00f9i d\u1ea7u. Ngo\u00e0i ra, ph\u00f4i chai n\u00f3ng trong thi\u1ebft b\u1ecb \u0111\u00f3ng khu\u00f4n s\u1ebd l\u00e0m t\u0103ng nhi\u1ec7t \u0111\u1ed9 trong khu\u00f4n, \u1ea3nh h\u01b0\u1edfng \u0111\u1ebfn chai v\u00e0 thi\u1ebft b\u1ecb.<\/li>    <li>T\u00e1i ch\u1ebf kh\u00ed cao \u00e1p, h\u1ea1 \u00e1p trong b\u00ecnh gas th\u1eeba sau khi th\u1ed5i m\u1ed9t l\u1ea7n, kh\u00ed th\u1ea3i ra ngo\u00e0i s\u1ebd g\u00e2y l\u00e3ng ph\u00ed n\u0103ng l\u01b0\u1ee3ng, \u0111\u1ed3ng th\u1eddi t\u0103ng ti\u00eau hao n\u0103ng l\u01b0\u1ee3ng do l\u1eafp \u0111\u1eb7t thi\u1ebft b\u1ecb thu h\u1ed3i gas, th\u1ed5i v\u00e0 th\u1ed5i qua van m\u1ed9t chi\u1ec1u v\u00e0o b\u1ec3 ch\u1ee9a kh\u00ed, c\u00f3 th\u1ec3 ti\u1ebft ki\u1ec7m 25% m\u1ee9c ti\u00eau th\u1ee5 n\u0103ng l\u01b0\u1ee3ng. \u00a0\u00a0\u00a0<\/li> <\/ol>    <figure class=\"wp-block-image size-full\"><img decoding=\"async\" src=\"https:\/\/taizypackaging.com\/wp-content\/uploads\/2022\/03\/plastic-bottle-blow-machine-working-process.jpg\" alt=\"quy tr\u00ecnh l\u00e0m vi\u1ec7c c\u1ee7a m\u00e1y th\u1ed5i chai nh\u1ef1a\" class=\"wp-image-4262\"\/><figcaption class=\"wp-element-caption\">quy tr\u00ecnh l\u00e0m vi\u1ec7c c\u1ee7a m\u00e1y th\u1ed5i chai nh\u1ef1a<\/figcaption><\/figure>    <h2 class=\"wp-block-heading\">Li\u00ean l\u1ea1c v\u1edbi ch\u00fang t\u00f4i \u0111\u1ec3 \u0111\u01b0\u1ee3c b\u00e1o gi\u00e1<\/h2>    <p class=\"translation-block\">Taizy machinery c\u00f3 s\u1eb5n m\u00e1y th\u1ed5i chai nh\u1ef1a ho\u00e0n to\u00e0n t\u1ef1 \u0111\u1ed9ng v\u00e0 b\u00e1n t\u1ef1 \u0111\u1ed9ng. Ch\u00fang ph\u00f9 h\u1ee3p v\u1edbi c\u00e1c y\u00eau c\u1ea7u v\u00e0 \u0111i\u1ec1u ki\u1ec7n l\u00e0m vi\u1ec7c kh\u00e1c nhau. Th\u00f4ng th\u01b0\u1eddng, m\u00e1y th\u1ed5i chai l\u00e0 m\u1ed9t b\u1ed9 ph\u1eadn quan tr\u1ecdng c\u1ee7a d\u00e2y chuy\u1ec1n s\u1ea3n xu\u1ea5t \u0111\u1ed3 u\u1ed1ng ho\u00e0n ch\u1ec9nh. N\u00f3 c\u00f3 th\u1ec3 gi\u1ea3m \u0111\u00e1ng k\u1ec3 chi ph\u00ed c\u1ee7a b\u1ea1n v\u00e0 c\u1ea3i thi\u1ec7n n\u0103ng su\u1ea5t c\u1ee7a b\u1ea1n. L\u00e0 nh\u00e0 cung c\u1ea5p gi\u1ea3i ph\u00e1p \u0111\u00f3ng g\u00f3i h\u00e0ng \u0111\u1ea7u, ch\u00fang t\u00f4i cung c\u1ea5p nhi\u1ec1u thi\u1ebft b\u1ecb kh\u00e1c \u0111\u1ec3 \u0111\u00e1p \u1ee9ng nhu c\u1ea7u c\u1ee7a b\u1ea1n, ch\u1eb3ng h\u1ea1n nh\u01b0 m\u00e1y ph\u00e2n lo\u1ea1i, <a href=\"https:\/\/taizypackaging.com\/vi\/automatic-liquid-filling-machine\/\">m\u00e1y chi\u1ebft r\u00f3t chai<\/a>, m\u00e1y d\u00e1n nh\u00e3n chai v\u00e0 <a href=\"https:\/\/taizypackaging.com\/vi\/machines-category\/capping\/\">m\u00e1y \u0111\u00f3ng n\u1eafp<\/a>. N\u1ebfu quan t\u00e2m, h\u00e3y li\u00ean h\u1ec7 v\u1edbi ch\u00fang t\u00f4i \u0111\u1ec3 nh\u1eadn b\u1ea3ng gi\u00e1 mi\u1ec5n ph\u00ed. <\/p>","protected":false},"excerpt":{"rendered":"<p>PET bottle blowing machine is ideal for manufacturing different shapes and sizes of PET\/PE\/PC bottles. It is the most high-cost performance solution for large production requirements of plastic bottles. This pet bottle molding machine is quite suitable for small and medium-scale projects. It is widely used in lots of industries, such as mineral water, pure [&hellip;]<\/p>\n","protected":false},"author":1,"featured_media":4261,"parent":0,"template":"","tags":[623,622],"product-type":[663],"class_list":["post-4257","product","type-product","status-publish","has-post-thumbnail","hentry","tag-bottle-blowing-machine","tag-pet-bottle","product-type-bottle-filling-production-line"],"_links":{"self":[{"href":"https:\/\/taizypackaging.com\/vi\/wp-json\/wp\/v2\/product\/4257","targetHints":{"allow":["GET"]}}],"collection":[{"href":"https:\/\/taizypackaging.com\/vi\/wp-json\/wp\/v2\/product"}],"about":[{"href":"https:\/\/taizypackaging.com\/vi\/wp-json\/wp\/v2\/types\/product"}],"author":[{"embeddable":true,"href":"https:\/\/taizypackaging.com\/vi\/wp-json\/wp\/v2\/users\/1"}],"wp:featuredmedia":[{"embeddable":true,"href":"https:\/\/taizypackaging.com\/vi\/wp-json\/wp\/v2\/media\/4261"}],"wp:attachment":[{"href":"https:\/\/taizypackaging.com\/vi\/wp-json\/wp\/v2\/media?parent=4257"}],"wp:term":[{"taxonomy":"post_tag","embeddable":true,"href":"https:\/\/taizypackaging.com\/vi\/wp-json\/wp\/v2\/tags?post=4257"},{"taxonomy":"product-type","embeddable":true,"href":"https:\/\/taizypackaging.com\/vi\/wp-json\/wp\/v2\/product-type?post=4257"}],"curies":[{"name":"wp","href":"https:\/\/api.w.org\/{rel}","templated":true}]}}