{"id":4278,"date":"2022-03-16T09:06:47","date_gmt":"2022-03-16T09:06:47","guid":{"rendered":"https:\/\/taizypackaging.com\/?p=4278"},"modified":"2024-07-17T16:57:10","modified_gmt":"2024-07-17T08:57:10","slug":"water-treatment-equipment","status":"publish","type":"product","link":"https:\/\/taizypackaging.com\/vi\/water-treatment-equipment\/","title":{"rendered":"Thi\u1ebft b\u1ecb x\u1eed l\u00fd n\u01b0\u1edbc"},"content":{"rendered":"<div class=\"kk-star-ratings kksr-auto kksr-align-left kksr-valign-top\"     data-payload='{&quot;align&quot;:&quot;left&quot;,&quot;id&quot;:&quot;4278&quot;,&quot;slug&quot;:&quot;default&quot;,&quot;valign&quot;:&quot;top&quot;,&quot;ignore&quot;:&quot;&quot;,&quot;reference&quot;:&quot;auto&quot;,&quot;class&quot;:&quot;&quot;,&quot;count&quot;:&quot;25&quot;,&quot;legendonly&quot;:&quot;&quot;,&quot;readonly&quot;:&quot;&quot;,&quot;score&quot;:&quot;4.8&quot;,&quot;starsonly&quot;:&quot;&quot;,&quot;best&quot;:&quot;5&quot;,&quot;gap&quot;:&quot;5&quot;,&quot;greet&quot;:&quot;Rate this product&quot;,&quot;legend&quot;:&quot;4.8\\\/5 - (25 b\u00ecnh ch\u1ecdn)&quot;,&quot;size&quot;:&quot;24&quot;,&quot;title&quot;:&quot;Water Treatment Equipment&quot;,&quot;width&quot;:&quot;136.7&quot;,&quot;_legend&quot;:&quot;{score}\\\/{best} - ({count} {votes})&quot;,&quot;font_factor&quot;:&quot;1.25&quot;}'>              <div class=\"kksr-stars\">      <div class=\"kksr-stars-inactive\">             <div class=\"kksr-star\" data-star=\"1\" style=\"padding-right: 5px\">               <div class=\"kksr-icon\" style=\"width: 24px; height: 24px;\"><\/div>         <\/div>             <div class=\"kksr-star\" data-star=\"2\" style=\"padding-right: 5px\">               <div class=\"kksr-icon\" style=\"width: 24px; height: 24px;\"><\/div>         <\/div>             <div class=\"kksr-star\" data-star=\"3\" style=\"padding-right: 5px\">               <div class=\"kksr-icon\" style=\"width: 24px; height: 24px;\"><\/div>         <\/div>             <div class=\"kksr-star\" data-star=\"4\" style=\"padding-right: 5px\">               <div class=\"kksr-icon\" style=\"width: 24px; height: 24px;\"><\/div>         <\/div>             <div class=\"kksr-star\" data-star=\"5\" style=\"padding-right: 5px\">               <div class=\"kksr-icon\" style=\"width: 24px; height: 24px;\"><\/div>         <\/div>     <\/div>      <div class=\"kksr-stars-active\" style=\"width: 136.7px;\">             <div class=\"kksr-star\" style=\"padding-right: 5px\">               <div class=\"kksr-icon\" style=\"width: 24px; height: 24px;\"><\/div>         <\/div>             <div class=\"kksr-star\" style=\"padding-right: 5px\">               <div class=\"kksr-icon\" style=\"width: 24px; height: 24px;\"><\/div>         <\/div>             <div class=\"kksr-star\" style=\"padding-right: 5px\">               <div class=\"kksr-icon\" style=\"width: 24px; height: 24px;\"><\/div>         <\/div>             <div class=\"kksr-star\" style=\"padding-right: 5px\">               <div class=\"kksr-icon\" style=\"width: 24px; height: 24px;\"><\/div>         <\/div>             <div class=\"kksr-star\" style=\"padding-right: 5px\">               <div class=\"kksr-icon\" style=\"width: 24px; height: 24px;\"><\/div>         <\/div>     <\/div> <\/div>                   <div class=\"kksr-legend\" style=\"font-size: 19.2px;\">             4.8\/5 - (25 l\u01b0\u1ee3t b\u00ecnh ch\u1ecdn)    <\/div>     <\/div>  <p class=\"translation-block\"><strong>Thi\u1ebft b\u1ecb x\u1eed l\u00fd n\u01b0\u1edbc<\/strong> \u0111\u00e2y l\u00e0 h\u1ec7 th\u1ed1ng th\u1ea9m th\u1ea5u ng\u01b0\u1ee3c th\u01b0\u01a1ng m\u1ea1i. <strong>H\u1ec7 th\u1ed1ng th\u1ea9m th\u1ea5u ng\u01b0\u1ee3c<\/strong> r\u1ea5t ph\u1ed5 bi\u1ebfn v\u00e0 l\u00e0 h\u1ec7 th\u1ed1ng x\u1eed l\u00fd n\u01b0\u1edbc t\u1ed1t nh\u1ea5t. N\u00f3 bao g\u1ed3m b\u1ed9 l\u1ecdc c\u00e1t th\u1ea1ch anh, b\u1ed9 l\u1ecdc than ho\u1ea1t t\u00ednh, b\u1ed9 l\u1ecdc nh\u1ef1a, th\u1ea9m th\u1ea5u ng\u01b0\u1ee3c RO, b\u01a1m cao \u00e1p v\u00e0 b\u1ed9 l\u1ecdc an to\u00e0n. <strong>Thi\u1ebft b\u1ecb l\u1ecdc n\u01b0\u1edbc<\/strong> c\u00f3 nhi\u1ec1u \u1ee9ng d\u1ee5ng. N\u00f3 l\u00fd t\u01b0\u1edfng cho c\u00e1c nh\u00e0 m\u00e1y s\u1ea3n xu\u1ea5t, nh\u00e0 m\u00e1y th\u1ef1c ph\u1ea9m &amp; \u0111\u1ed3 u\u1ed1ng, nh\u00e0 h\u00e0ng, tr\u01b0\u1eddng h\u1ecdc, trang tr\u1ea1i, b\u1ec7nh vi\u1ec7n, kh\u00e1ch s\u1ea1n, c\u0103n h\u1ed9, v.v. Ngo\u00e0i ra, <strong>h\u1ec7 th\u1ed1ng x\u1eed l\u00fd n\u01b0\u1edbc c\u00f4ng nghi\u1ec7p<\/strong> n\u00e0y s\u1eed d\u1ee5ng c\u00f4ng ngh\u1ec7 ti\u00ean ti\u1ebfn v\u00e0 v\u1eadt li\u1ec7u b\u1ec1n b\u1ec9, \u0111\u1ea3m b\u1ea3o hi\u1ec7u su\u1ea5t t\u1ed1t v\u00e0 tu\u1ed5i th\u1ecd l\u00e2u d\u00e0i.<\/p>    <h2 class=\"wp-block-heading\">Khu v\u1ef1c \u1ee9ng d\u1ee5ng c\u1ee7a thi\u1ebft b\u1ecb x\u1eed l\u00fd n\u01b0\u1edbc Taizy <\/h2>    <ol class=\"wp-block-list\" type=\"1\"> <li>Kh\u00e1ch s\u1ea1n, c\u0103n h\u1ed9, nh\u00e0 h\u00e0ng v\u00e0 c\u00e1c \u0111\u1ecba \u0111i\u1ec3m th\u01b0\u01a1ng m\u1ea1i kh\u00e1c<\/li>    <li>Th\u1ef1c ph\u1ea9m, n\u01b0\u1edbc u\u1ed1ng gia \u0111\u00ecnh, n\u01b0\u1edbc u\u1ed1ng nh\u00e0 m\u00e1y, n\u01b0\u1edbc u\u1ed1ng \u0111\u00f3ng chai<\/li>    <li>X\u1eed l\u00fd n\u01b0\u1edbc th\u1ea3i c\u00f4ng nghi\u1ec7p<\/li>    <li>Tr\u01b0\u1eddng h\u1ecdc, b\u1ec7nh vi\u1ec7n, x\u1eed l\u00fd b\u1ec1 m\u1eb7t, ph\u00f2ng th\u00ed nghi\u1ec7m, n\u1ed3i h\u01a1i c\u00f4ng nghi\u1ec7p, ki\u1ec3m tra th\u1ee7y l\u1ef1c, x\u1eed l\u00fd n\u01b0\u1edbc n\u1ed3i h\u01a1i cao \u00e1p, n\u1ed3i h\u01a1i nh\u00e0 m\u00e1y \u0111i\u1ec7n<\/li>    <li>X\u1eed l\u00fd n\u01b0\u1edbc c\u00f4ng nghi\u1ec7p \u0111i\u1ec7n t\u1eed<\/li>    <li>Cu\u1ed9c s\u1ed1ng h\u00e0ng ng\u00e0y, n\u01b0\u1edbc h\u00f3a h\u1ecdc, ng\u00e0nh n\u00f4ng nghi\u1ec7p<\/li> <\/ol>    <figure class=\"wp-block-image size-full\"><img decoding=\"async\" src=\"https:\/\/taizypackaging.com\/wp-content\/uploads\/2022\/03\/water-treatment-equipment-application.jpg\" alt=\"\u1ee9ng d\u1ee5ng thi\u1ebft b\u1ecb x\u1eed l\u00fd n\u01b0\u1edbc\" class=\"wp-image-4297\"\/><figcaption class=\"wp-element-caption\">\u1ee9ng d\u1ee5ng thi\u1ebft b\u1ecb x\u1eed l\u00fd n\u01b0\u1edbc<\/figcaption><\/figure>    <h2 class=\"wp-block-heading\">C\u00e1c t\u00ednh n\u0103ng hi\u1ec7u su\u1ea5t <\/h2>    <ol class=\"wp-block-list\" type=\"1\"> <li>T\u1ef7 l\u1ec7 lo\u1ea1i b\u1ecf mu\u1ed1i cao h\u01a1n 99%<\/li>    <li>C\u1ea5u tr\u00fac \u0111\u01a1n gi\u1ea3n, thi\u1ebft k\u1ebf ho\u00e0n h\u1ea3o, d\u1ec5 v\u1eadn h\u00e0nh v\u00e0 b\u1ea3o tr\u00ec<\/li>    <li>C\u00f4ng ngh\u1ec7 ti\u00ean ti\u1ebfn v\u00e0 v\u1eadt li\u1ec7u th\u00e9p kh\u00f4ng g\u1ec9 b\u1ec1n b\u1ec9, tu\u1ed5i th\u1ecd cao v\u00e0 hi\u1ec7u su\u1ea5t \u1ed5n \u0111\u1ecbnh<\/li>    <li>Ti\u1ebft ki\u1ec7m n\u0103ng l\u01b0\u1ee3ng v\u00e0 chi ph\u00ed b\u1ea3o tr\u00ec th\u1ea5p<\/li>    <li>H\u1ec7 th\u1ed1ng \u0111i\u1ec1u khi\u1ec3n t\u1ef1 \u0111\u1ed9ng, k\u00edch th\u01b0\u1edbc nh\u1ecf<\/li>    <li>\u1ee8ng d\u1ee5ng r\u1ed9ng r\u00e3i. N\u00f3 ph\u00f9 h\u1ee3p cho c\u00e1c ng\u00e0nh c\u00f4ng nghi\u1ec7p kh\u00e1c nhau<\/li> <\/ol>    <h2 class=\"wp-block-heading\">T\u1ea1i sao n\u00ean ch\u1ecdn m\u00e1y x\u1eed l\u00fd n\u01b0\u1edbc Taizy l\u00e0 l\u1ef1a ch\u1ecdn h\u00e0ng \u0111\u1ea7u c\u1ee7a b\u1ea1n?<\/h2>    <p class=\"translation-block\">L\u00e0 nh\u00e0 s\u1ea3n xu\u1ea5t v\u00e0 xu\u1ea5t kh\u1ea9u thi\u1ebft b\u1ecb l\u1ecdc n\u01b0\u1edbc n\u1ed5i ti\u1ebfng, <a href=\"https:\/\/taizypackaging.com\/vi\/\">Taizy Machinery<\/a> cung c\u1ea5p thi\u1ebft b\u1ecb x\u1eed l\u00fd th\u1ea9m th\u1ea5u ng\u01b0\u1ee3c tuy\u1ec7t v\u1eddi \u0111\u1ec3 b\u00e1n. D\u01b0\u1edbi \u0111\u00e2y l\u00e0 m\u1ed9t v\u00e0i l\u00fd do \u0111\u1ec3 ch\u1ecdn h\u1ec7 th\u1ed1ng x\u1eed l\u00fd n\u01b0\u1edbc th\u01b0\u01a1ng m\u1ea1i c\u1ee7a Taizy l\u00e0 l\u1ef1a ch\u1ecdn h\u00e0ng \u0111\u1ea7u c\u1ee7a b\u1ea1n.<\/p>    <ol class=\"wp-block-list\" type=\"1\"> <li>Ti\u1ebft ki\u1ec7m ti\u1ec1n. V\u1edbi thi\u1ebft b\u1ecb l\u1ecdc n\u01b0\u1edbc Taizy, b\u1ea1n c\u00f3 th\u1ec3 ng\u1eebng mua n\u01b0\u1edbc \u0111\u00f3ng chai v\u00e0 che gi\u1ea5u vi\u1ec7c cung c\u1ea5p n\u01b0\u1edbc c\u1ee7a m\u00ecnh. M\u00e1y l\u1ecdc n\u01b0\u1edbc \u0111a ch\u1ee9c n\u0103ng c\u1ee7a ch\u00fang t\u00f4i c\u00f3 th\u1ec3 gi\u00fap b\u1ea1n ti\u1ebft ki\u1ec7m ti\u1ec1n r\u1ea5t nhi\u1ec1u.<\/li>    <li>C\u1ea3i thi\u1ec7n h\u01b0\u01a1ng v\u1ecb. H\u1ec7 th\u1ed1ng x\u1eed l\u00fd n\u01b0\u1edbc Taizy c\u1ea3i thi\u1ec7n h\u01b0\u01a1ng v\u1ecb, h\u00ecnh th\u1ee9c v\u00e0 m\u00f9i c\u1ee7a n\u01b0\u1edbc.<\/li>    <li>Lo\u1ea1i b\u1ecf t\u1ea1p ch\u1ea5t. H\u1ec7 th\u1ed1ng RO c\u1ee7a ch\u00fang t\u00f4i lo\u1ea1i b\u1ecf c\u00e1c ch\u1ea5t \u00f4 nhi\u1ec5m kh\u1ecfi n\u01b0\u1edbc, bao g\u1ed3m thu\u1ed1c tr\u1eeb s\u00e2u, nitates, sunfat, v.v. B\u1ed9 l\u1ecdc RO c\u0169ng lo\u1ea1i b\u1ecf cloramin v\u00e0 clo.<\/li>    <li>B\u1ea3o tr\u00ec \u0111\u01a1n gi\u1ea3n. H\u1ec7 th\u1ed1ng l\u1ecdc n\u01b0\u1edbc th\u1ea9m th\u1ea5u ng\u01b0\u1ee3c v\u00e0 \u00edt b\u1ed9 ph\u1eadn c\u00f3 th\u1ec3 thay th\u1ebf ho\u1eb7c chuy\u1ec3n \u0111\u1ed9ng gi\u00fap d\u1ec5 d\u00e0ng v\u1eadn h\u00e0nh v\u00e0 b\u1ea3o tr\u00ec.<\/li> <\/ol>    <figure class=\"wp-block-image size-full\"><img decoding=\"async\" src=\"https:\/\/taizypackaging.com\/wp-content\/uploads\/2022\/03\/water-treatment-machine-factory.jpg\" alt=\"nh\u00e0 m\u00e1y s\u1ea3n xu\u1ea5t m\u00e1y x\u1eed l\u00fd n\u01b0\u1edbc\" class=\"wp-image-4287\"\/><figcaption class=\"wp-element-caption\">nh\u00e0 m\u00e1y s\u1ea3n xu\u1ea5t m\u00e1y x\u1eed l\u00fd n\u01b0\u1edbc<\/figcaption><\/figure>    <h2 class=\"wp-block-heading\">Nguy\u00ean l\u00fd l\u00e0m vi\u1ec7c c\u1ee7a h\u1ec7 th\u1ed1ng x\u1eed l\u00fd n\u01b0\u1edbc <\/h2>    <ul class=\"wp-block-list\" type=\"1\"> <li>Giai \u0111o\u1ea1n ti\u1ec1n x\u1eed l\u00fd \u0111\u1ea7u ti\u00ean. (l\u1ecdc c\u00e1t)<\/li> <\/ul>    <p>\u00c1p d\u1ee5ng b\u1ed9 l\u1ecdc c\u00e1t th\u1ea1ch anh \u0111a trung b\u00ecnh, m\u1ee5c \u0111\u00edch ch\u00ednh l\u00e0 lo\u1ea1i b\u1ecf n\u01b0\u1edbc ch\u1ee9a k\u1ebft t\u1ee7a, mangan, r\u1ec9 s\u00e9t, ch\u1ea5t keo, t\u1ea1p ch\u1ea5t c\u01a1 h\u1ecdc, ch\u1ea5t r\u1eafn l\u01a1 l\u1eedng v\u00e0 c\u00e1c h\u1ea1t kh\u00e1c tr\u00ean 20 UM c\u00f3 h\u1ea1i cho s\u1ee9c kh\u1ecfe.<\/p>    <ul class=\"wp-block-list\"> <li>Ti\u1ec1n x\u1eed l\u00fd giai \u0111o\u1ea1n th\u1ee9 hai (b\u1ed9 l\u1ecdc carbon)<\/li> <\/ul>    <p>B\u1ed9 l\u1ecdc than ho\u1ea1t t\u00ednh \u0111\u01b0\u1ee3c s\u1eed d\u1ee5ng \u0111\u1ec3 lo\u1ea1i b\u1ecf s\u1eafc t\u1ed1, m\u00f9i h\u00f4i v\u00e0 m\u1ed9t s\u1ed1 l\u01b0\u1ee3ng l\u1edbn c\u00e1c sinh v\u1eadt h\u00f3a h\u1ecdc v\u00e0 sinh h\u1ecdc kh\u1ecfi n\u01b0\u1edbc, \u0111\u1ed3ng th\u1eddi gi\u1ea3m gi\u00e1 tr\u1ecb t\u1ed3n d\u01b0 c\u1ee7a n\u01b0\u1edbc v\u00e0 c\u00e1c ch\u1ea5t \u00f4 nhi\u1ec5m c\u00f3 h\u1ea1i nh\u01b0 \u00f4 nhi\u1ec5m thu\u1ed1c tr\u1eeb s\u00e2u.<\/p>    <ul class=\"wp-block-list\"> <li>Ti\u1ec1n x\u1eed l\u00fd giai \u0111o\u1ea1n th\u1ee9 ba (b\u1ed9 l\u1ecdc carbon)<\/li> <\/ul>    <p>B\u1ed9 trao \u0111\u1ed5i ion \u0111\u01b0\u1ee3c s\u1eed d\u1ee5ng \u0111\u1ec3 l\u00e0m m\u1ec1m n\u01b0\u1edbc, ch\u1ee7 y\u1ebfu l\u00e0 lo\u1ea1i b\u1ecf \u0111\u1ed9 c\u1ee9ng c\u1ee7a n\u01b0\u1edbc. Do \u0111\u00f3 c\u00f3 hi\u1ec7u qu\u1ea3 ng\u0103n ng\u1eeba \u00f4 nhi\u1ec5m m\u00e0ng th\u1ea9m th\u1ea5u ng\u01b0\u1ee3c. H\u1ec7 th\u1ed1ng c\u00f3 th\u1ec3 t\u1ef1 \u0111\u1ed9ng gi\u1eadt l\u1ea1i.<\/p>    <ul class=\"wp-block-list\"> <li>Ti\u1ec1n x\u1eed l\u00fd giai \u0111o\u1ea1n th\u1ee9 t\u01b0 (b\u1ed9 l\u1ecdc ch\u00ednh x\u00e1c)<\/li> <\/ul>    <p>K\u00edch th\u01b0\u1edbc h\u1ea1t c\u00f3 th\u1ec3 lo\u1ea1i b\u1ecf c\u00e1c h\u1ea1t nh\u1ecf trong n\u01b0\u1edbc, b\u1ed9 l\u1ecdc c\u00e1t c\u00f3 th\u1ec3 lo\u1ea1i b\u1ecf c\u00e1c h\u1ea1t keo nh\u1ecf trong n\u01b0\u1edbc \u0111\u1ec3 \u0111\u1ed9 \u0111\u1ee5c \u0111\u1ea1t t\u1edbi 1 \u0111\u1ed9.<\/p>    <ul class=\"wp-block-list\"> <li>h\u1ec7 th\u1ed1ng RO<\/li> <\/ul>    <p>Thi\u1ebft b\u1ecb l\u00f5i b\u01a1m \u0111\u01b0\u1ee3c nh\u1eadp kh\u1ea9u, m\u00e0ng l\u1ecdc \u0111\u01b0\u1ee3c nh\u1eadp kh\u1ea9u t\u1eeb HYDRautics USA. \u0110\u01b0\u1ee3c trang b\u1ecb \u0111\u1ea7y \u0111\u1ee7 c\u00e1c thi\u1ebft b\u1ecb v\u1ec7 sinh. N\u00f3 c\u00f3 \u0111\u1eb7c \u0111i\u1ec3m c\u1ea5u tr\u00fac \u0111\u01a1n gi\u1ea3n, v\u1eadn h\u00e0nh thu\u1eadn ti\u1ec7n v\u00e0 tr\u00ecnh \u0111\u1ed9 k\u1ef9 thu\u1eadt cao.<\/p>    <h2 class=\"wp-block-heading\">D\u1ecbch v\u1ee5 sau b\u00e1n h\u00e0ng<\/h2>    <ol class=\"wp-block-list\" type=\"1\"> <li>Ch\u00fang t\u00f4i c\u1eed c\u00e1c k\u1ef9 s\u01b0 \u0111\u1ebfn gi\u00fap c\u00e0i \u0111\u1eb7t, \u0111\u00e0o t\u1ea1o v\u00e0 b\u1ea3o tr\u00ec n\u1ebfu c\u1ea7n thi\u1ebft.<\/li>    <li>D\u1ecbch v\u1ee5 tr\u1ef1c tuy\u1ebfn 24 gi\u1edd\/7 ng\u00e0y.<\/li>    <li>Ch\u00fang t\u00f4i cung c\u1ea5p c\u00e1c gi\u1ea5y t\u1edd c\u1ea7n thi\u1ebft k\u00e8m theo m\u00e1y nh\u01b0 sau: <ol class=\"wp-block-list\"> <li>s\u01a1 \u0111\u1ed3 \u0111i\u1ec7n<\/li>    <li>B\u1ed1 tr\u00ed m\u00e1y<\/li>    <li>S\u00e1ch h\u01b0\u1edbng d\u1eabn<\/li>    <li>Ch\u1ee9ng ch\u1ec9 m\u00e1y<\/li> <\/ol> <\/li>    <li>Sau m\u1ed9t n\u0103m b\u1ea3o h\u00e0nh, ch\u00fang t\u00f4i cung c\u1ea5p d\u1ecbch v\u1ee5 th\u0103m quan v\u00e0 ph\u1ee5 t\u00f9ng thay th\u1ebf cho k\u1ef9 thu\u1eadt vi\u00ean ph\u1ea3i tr\u1ea3 ti\u1ec1n.<\/li> <\/ol>    <h2 class=\"wp-block-heading\">Ph\u1ea7n k\u1ebft lu\u1eadn <\/h2>    <p class=\"translation-block\">L\u00e0 m\u1ed9t c\u00f4ng ty m\u00e1y m\u00f3c m\u1ea1nh m\u1ebd v\u1edbi d\u1ecbch v\u1ee5 OEM m\u1ea1nh m\u1ebd, ch\u00fang t\u00f4i cung c\u1ea5p thi\u1ebft b\u1ecb x\u1eed l\u00fd n\u01b0\u1edbc tuy\u1ec7t v\u1eddi \u0111\u1ec3 b\u00e1n cho kh\u00e1ch h\u00e0ng tr\u00ean to\u00e0n th\u1ebf gi\u1edbi. Ngo\u00e0i m\u00e1y x\u1eed l\u00fd n\u01b0\u1edbc, c\u00f2n c\u00f3 <a href=\"https:\/\/taizypackaging.com\/vi\/bottle-filling-machine\/\">d\u00e2y chuy\u1ec1n chi\u1ebft r\u00f3t chai n\u01b0\u1edbc<\/a> ho\u00e0n ch\u1ec9nh c\u00f3 s\u1eb5n t\u1eeb nh\u00e0 m\u00e1y c\u1ee7a ch\u00fang t\u00f4i. Ngo\u00e0i ra, ch\u00fang t\u00f4i cung c\u1ea5p nhi\u1ec1u lo\u1ea1i <a href=\"https:\/\/taizypackaging.com\/vi\/machines-category\/capping\/\">m\u00e1y \u0111\u00f3ng n\u1eafp chai<\/a> v\u00e0 m\u00e1y d\u00e1n nh\u00e3n chai. N\u1ebfu quan t\u00e2m, h\u00e3y li\u00ean h\u1ec7 v\u1edbi ch\u00fang t\u00f4i \u0111\u1ec3 nh\u1eadn b\u1ea3ng gi\u00e1 mi\u1ec5n ph\u00ed. <\/p>","protected":false},"excerpt":{"rendered":"<p>Water treatment equipment here is a commercial revere osmosis system. The reverse osmosis system is very popular and it is the best water treatment system. It consists of a quartz sand filter, activated carbon filter, resin filter, RO reverse osmosis, high-pressure pump, and security filter. Water purification equipment has a wide range of applications. It [&hellip;]<\/p>\n","protected":false},"author":1,"featured_media":4284,"parent":0,"template":"","tags":[624,625],"product-type":[663],"class_list":["post-4278","product","type-product","status-publish","has-post-thumbnail","hentry","tag-water-treatment","tag-water-treatment-equipment","product-type-bottle-filling-production-line"],"_links":{"self":[{"href":"https:\/\/taizypackaging.com\/vi\/wp-json\/wp\/v2\/product\/4278","targetHints":{"allow":["GET"]}}],"collection":[{"href":"https:\/\/taizypackaging.com\/vi\/wp-json\/wp\/v2\/product"}],"about":[{"href":"https:\/\/taizypackaging.com\/vi\/wp-json\/wp\/v2\/types\/product"}],"author":[{"embeddable":true,"href":"https:\/\/taizypackaging.com\/vi\/wp-json\/wp\/v2\/users\/1"}],"wp:featuredmedia":[{"embeddable":true,"href":"https:\/\/taizypackaging.com\/vi\/wp-json\/wp\/v2\/media\/4284"}],"wp:attachment":[{"href":"https:\/\/taizypackaging.com\/vi\/wp-json\/wp\/v2\/media?parent=4278"}],"wp:term":[{"taxonomy":"post_tag","embeddable":true,"href":"https:\/\/taizypackaging.com\/vi\/wp-json\/wp\/v2\/tags?post=4278"},{"taxonomy":"product-type","embeddable":true,"href":"https:\/\/taizypackaging.com\/vi\/wp-json\/wp\/v2\/product-type?post=4278"}],"curies":[{"name":"wp","href":"https:\/\/api.w.org\/{rel}","templated":true}]}}