{"id":4356,"date":"2022-03-18T10:26:08","date_gmt":"2022-03-18T10:26:08","guid":{"rendered":"https:\/\/taizypackaging.com\/?p=4356"},"modified":"2024-07-16T18:16:08","modified_gmt":"2024-07-16T10:16:08","slug":"rotary-premade-pouch-packing-machine","status":"publish","type":"product","link":"https:\/\/taizypackaging.com\/vi\/rotary-premade-pouch-packing-machine\/","title":{"rendered":"M\u00e1y \u0111\u00f3ng g\u00f3i t\u00fai quay l\u00e0m s\u1eb5n"},"content":{"rendered":"<div class=\"kk-star-ratings kksr-auto kksr-align-left kksr-valign-top\"     data-payload='{&quot;align&quot;:&quot;left&quot;,&quot;id&quot;:&quot;4356&quot;,&quot;slug&quot;:&quot;default&quot;,&quot;valign&quot;:&quot;top&quot;,&quot;ignore&quot;:&quot;&quot;,&quot;reference&quot;:&quot;auto&quot;,&quot;class&quot;:&quot;&quot;,&quot;count&quot;:&quot;6&quot;,&quot;legendonly&quot;:&quot;&quot;,&quot;readonly&quot;:&quot;&quot;,&quot;score&quot;:&quot;4.8&quot;,&quot;starsonly&quot;:&quot;&quot;,&quot;best&quot;:&quot;5&quot;,&quot;gap&quot;:&quot;5&quot;,&quot;greet&quot;:&quot;Rate this product&quot;,&quot;legend&quot;:&quot;4.8\\\/5 - (6 b\u00ecnh ch\u1ecdn)&quot;,&quot;size&quot;:&quot;24&quot;,&quot;title&quot;:&quot;Rotary Premade Pouch Packing Machine&quot;,&quot;width&quot;:&quot;136.7&quot;,&quot;_legend&quot;:&quot;{score}\\\/{best} - ({count} {votes})&quot;,&quot;font_factor&quot;:&quot;1.25&quot;}'>              <div class=\"kksr-stars\">      <div class=\"kksr-stars-inactive\">             <div class=\"kksr-star\" data-star=\"1\" style=\"padding-right: 5px\">               <div class=\"kksr-icon\" style=\"width: 24px; height: 24px;\"><\/div>         <\/div>             <div class=\"kksr-star\" data-star=\"2\" style=\"padding-right: 5px\">               <div class=\"kksr-icon\" style=\"width: 24px; height: 24px;\"><\/div>         <\/div>             <div class=\"kksr-star\" data-star=\"3\" style=\"padding-right: 5px\">               <div class=\"kksr-icon\" style=\"width: 24px; height: 24px;\"><\/div>         <\/div>             <div class=\"kksr-star\" data-star=\"4\" style=\"padding-right: 5px\">               <div class=\"kksr-icon\" style=\"width: 24px; height: 24px;\"><\/div>         <\/div>             <div class=\"kksr-star\" data-star=\"5\" style=\"padding-right: 5px\">               <div class=\"kksr-icon\" style=\"width: 24px; height: 24px;\"><\/div>         <\/div>     <\/div>      <div class=\"kksr-stars-active\" style=\"width: 136.7px;\">             <div class=\"kksr-star\" style=\"padding-right: 5px\">               <div class=\"kksr-icon\" style=\"width: 24px; height: 24px;\"><\/div>         <\/div>             <div class=\"kksr-star\" style=\"padding-right: 5px\">               <div class=\"kksr-icon\" style=\"width: 24px; height: 24px;\"><\/div>         <\/div>             <div class=\"kksr-star\" style=\"padding-right: 5px\">               <div class=\"kksr-icon\" style=\"width: 24px; height: 24px;\"><\/div>         <\/div>             <div class=\"kksr-star\" style=\"padding-right: 5px\">               <div class=\"kksr-icon\" style=\"width: 24px; height: 24px;\"><\/div>         <\/div>             <div class=\"kksr-star\" style=\"padding-right: 5px\">               <div class=\"kksr-icon\" style=\"width: 24px; height: 24px;\"><\/div>         <\/div>     <\/div> <\/div>                   <div class=\"kksr-legend\" style=\"font-size: 19.2px;\">             4.8\/5 - (6 l\u01b0\u1ee3t b\u00ecnh ch\u1ecdn)    <\/div>     <\/div>  <p class=\"translation-block\"><strong>M\u00e1y \u0111\u00f3ng g\u00f3i t\u00fai s\u1eb5n d\u1ea1ng xoay<\/strong> \u1edf \u0111\u00e2y \u0111\u01b0\u1ee3c thi\u1ebft k\u1ebf cho nhu c\u1ea7u s\u1ea3n xu\u1ea5t trung b\u00ecnh v\u00e0 l\u1edbn. N\u00f3 c\u00f3 m\u1ee9c \u0111\u1ed9 t\u1ef1 \u0111\u1ed9ng h\u00f3a cao v\u00e0 hi\u1ec7u su\u1ea5t v\u01b0\u1ee3t tr\u1ed9i. <strong>M\u00e1y \u0111i\u1ec1n v\u00e0 ni\u00eam phong t\u00fai s\u1eb5n<\/strong> n\u00e0y c\u00f3 th\u1ec3 t\u1ef1 \u0111\u1ed9ng ho\u00e0n th\u00e0nh quy tr\u00ecnh l\u1ea5y t\u00fai, m\u1edf t\u00fai, \u0111i\u1ec1n, ni\u00eam phong, in ng\u00e0y th\u00e1ng v\u00e0 xu\u1ea5t ra. <strong>M\u00e1y \u0111\u00f3ng g\u00f3i t\u00fai s\u1eb5n d\u1ea1ng xoay<\/strong> c\u00f3 c\u00f4ng ngh\u1ec7 m\u1edbi nh\u1ea5t, h\u1ec7 th\u1ed1ng \u0111i\u1ec1u khi\u1ec3n PLC, \u0111\u1ed9ng c\u01a1 n\u1ed5i ti\u1ebfng, c\u1ea5u tr\u00fac c\u01a1 kh\u00ed, d\u1ec5 v\u1eadn h\u00e0nh, b\u1ea3o tr\u00ec v\u00e0 hi\u1ec7u su\u1ea5t \u1ed5n \u0111\u1ecbnh. Ngo\u00e0i ra, m\u00e1y \u0111\u00f3ng g\u00f3i t\u00fai s\u1eb5n cho b\u00e1n t\u1eeb nh\u00e0 m\u00e1y c\u1ee7a ch\u00fang t\u00f4i c\u00f3 gi\u00e1 c\u1ea3 r\u1ea5t c\u1ea1nh tranh. Ch\u00e0o m\u1eebng b\u1ea1n li\u00ean h\u1ec7 v\u1edbi ch\u00fang t\u00f4i \u0111\u1ec3 nh\u1eadn b\u1ea3ng gi\u00e1 mi\u1ec5n ph\u00ed.<\/p>    <h2 class=\"wp-block-heading\">Video ho\u1ea1t \u0111\u1ed9ng c\u1ee7a m\u00e1y \u0111\u00f3ng g\u00f3i t\u00fai quay l\u00e0m s\u1eb5n<\/h2>   <figure class=\"wp-block-embed-youtube wp-block-embed is-type-video is-provider-youtube wp-embed-aspect-16-9 wp-has-aspect-ratio\"><div class=\"lyte-wrapper fourthree\" title=\"M\u00e1y chi\u1ebft r\u00f3t v\u00e0 h\u00e0n k\u00edn t\u00fai l\u00e0m s\u1eb5n | M\u00e1y \u0111\u00f3ng bao quay - Gi\u1ea3i ph\u00e1p \u0111\u00f3ng g\u00f3i th\u1ef1c ph\u1ea9m \u01b0u vi\u1ec7t\" style=\"width:960px;max-width:100%;margin:5px auto;\"><div class=\"lyMe hidef\" id=\"WYL_2SdTCor5Un4\" itemprop=\"video\" itemscope itemtype=\"https:\/\/schema.org\/VideoObject\"><div><meta itemprop=\"thumbnailUrl\" content=\"https:\/\/taizypackaging.com\/wp-content\/plugins\/wp-youtube-lyte\/lyteCache.php?origThumbUrl=https%3A%2F%2Fi.ytimg.com%2Fvi%2F2SdTCor5Un4%2Fmaxresdefault.jpg\" \/><meta itemprop=\"embedURL\" content=\"https:\/\/www.youtube.com\/embed\/2SdTCor5Un4\" \/><meta itemprop=\"duration\" content=\"PT2M11S\" \/><meta itemprop=\"uploadDate\" content=\"2022-02-22T08:53:55Z\" \/><\/div><meta itemprop=\"accessibilityFeature\" content=\"captions\" \/><div id=\"lyte_2SdTCor5Un4\" data-src=\"https:\/\/taizypackaging.com\/wp-content\/plugins\/wp-youtube-lyte\/lyteCache.php?origThumbUrl=https%3A%2F%2Fi.ytimg.com%2Fvi%2F2SdTCor5Un4%2Fmaxresdefault.jpg\" class=\"pL\"><div class=\"tC\"><div class=\"tT\" itemprop=\"name\">M\u00e1y chi\u1ebft r\u00f3t v\u00e0 h\u00e0n k\u00edn t\u00fai l\u00e0m s\u1eb5n | M\u00e1y \u0111\u00f3ng bao quay - Gi\u1ea3i ph\u00e1p \u0111\u00f3ng g\u00f3i th\u1ef1c ph\u1ea9m \u01b0u vi\u1ec7t<\/div><\/div><div class=\"play\"><\/div><div class=\"ctrl\"><div class=\"Lctrl\"><\/div><div class=\"Rctrl\"><\/div><\/div><\/div><noscript><a href=\"https:\/\/youtu.be\/2SdTCor5Un4\" rel=\"nofollow noopener\" target=\"_blank\"><img loading=\"lazy\" decoding=\"async\" src=\"https:\/\/taizypackaging.com\/wp-content\/plugins\/wp-youtube-lyte\/lyteCache.php?origThumbUrl=https%3A%2F%2Fi.ytimg.com%2Fvi%2F2SdTCor5Un4%2F0.jpg\" alt=\"M\u00e1y chi\u1ebft r\u00f3t v\u00e0 h\u00e0n k\u00edn t\u00fai l\u00e0m s\u1eb5n | M\u00e1y \u0111\u00f3ng bao quay - Gi\u1ea3i ph\u00e1p \u0111\u00f3ng g\u00f3i th\u1ef1c ph\u1ea9m \u01b0u vi\u1ec7t\" width=\"960\" height=\"700\" \/><br \/>Xem video n\u00e0y tr\u00ean YouTube<\/a><\/noscript><meta itemprop=\"description\" content=\"#premadebagmachine #foodpackaging #fillingsealingmachine #packingmachine EMAIL: info@taizypackaging.com TEL\/WHATSAPP: +86 18837171591 USEFUL LINK: https:\/\/taizypackaging.com\/horizontal-bag-feeding-machine\/ This premade bag filling and sealing machine is suitable for various products and bag styles. It has a very wide range of applications. Performance features of this premade pouch feeding machine 1. PLC intelligent control system, support multi-language, parameter setting, machine control are particularly convenient. 2. The long dragging plate at the seal is also made of stainless steel, which is not only beautiful as a whole but also plays a role in buffering the packaged items to a certain extent. 3. The equipment meets the sanitary standards of food processing machinery, and the parts of the equipment in contact with materials are processed with 304 stainless steel or other materials that meet the requirements of food hygiene. Besides, it is designed in line with GMP standards. 4. Intelligent alarm system, when the plastic bag sealing place is melted by high temperature, stick to the copper block when the machine will automatically alarm and stop operation timely. This premade pouch feeding machine has multi-function by changing feeding systems. This machine can be divided into a horizontal bag feeding machine for granules, a horizontal bag feeding machine for powders, horizontal bag feeding machine for liquids. You may also like these videos about food packaging: 14-head multihead weigher packing machine: https:\/\/www.youtube.com\/watch?v=GtA66u8XLv8 Premade bag feeding machine with 10-head multihead weigher: https:\/\/www.youtube.com\/watch?v=Xqb5_CFb_H8&amp;t=42s EMAIL: info@taizypackaging.com TEL\/WHATSAPP: +86 18837171591 USEFUL LINK: https:\/\/taizypackaging.com\/horizontal-bag-feeding-machine\/\"><\/div><\/div><div class=\"lL\" style=\"max-width:100%;width:960px;margin:5px auto;\"><\/div><figcaption><\/figcaption><\/figure>   <h2 class=\"wp-block-heading\">T\u00ednh n\u0103ng ho\u1ea1t \u0111\u1ed9ng c\u1ee7a m\u00e1y \u0111\u00f3ng g\u00f3i t\u00fai l\u00e0m s\u1eb5n<\/h2>    <ol class=\"wp-block-list\" type=\"1\"> <li>Thi\u1ebft k\u1ebf tuy\u1ec7t v\u1eddi. N\u00f3 c\u00f3 th\u1ec3 \u0111\u1ea3m b\u1ea3o s\u1ef1 \u1ed5n \u0111\u1ecbnh c\u1ee7a ho\u1ea1t \u0111\u1ed9ng c\u1ee7a thi\u1ebft b\u1ecb, gi\u1ea3m t\u1ed5n th\u1ea5t v\u1eadt li\u1ec7u v\u00e0 k\u00e9o d\u00e0i t\u1ef7 l\u1ec7 l\u1ed7i gi\u1ea3m.<\/li>    <li>\u00c1p d\u1ee5ng h\u1ec7 th\u1ed1ng \u0111i\u1ec1u khi\u1ec3n \u0111i\u1ec7n PLC + POD (m\u00e0n h\u00ecnh c\u1ea3m \u1ee9ng) ti\u00ean ti\u1ebfn, v\u1eadn h\u00e0nh d\u1ec5 d\u00e0ng v\u00e0 thu\u1eadn ti\u1ec7n.<\/li>    <li>\u1ee8ng d\u1ee5ng r\u1ed9ng r\u00e3i. N\u00f3 l\u00e0 m\u1ed9t m\u00e1y \u0111\u00f3ng g\u00f3i quay t\u1ed1c \u0111\u1ed9 cao cho c\u00e1c s\u1ea3n ph\u1ea9m kh\u00e1c nhau, ch\u1eb3ng h\u1ea1n nh\u01b0 ch\u1ea5t l\u1ecfng, b\u1ed9t nh\u00e3o, h\u1ea1t, b\u1ed9t v\u00e0 ch\u1ea5t r\u1eafn. H\u1ec7 th\u1ed1ng c\u1ea5p li\u1ec7u v\u00e0 h\u1ec7 th\u1ed1ng \u0111\u00f3ng g\u00f3i kh\u00e1c nhau \u0111\u00e1p \u1ee9ng c\u00e1c y\u00eau c\u1ea7u \u0111\u00f3ng g\u00f3i c\u1ee5 th\u1ec3 kh\u00e1c nhau.<\/li>    <li>Chi\u1ec1u r\u1ed9ng t\u00fai c\u00f3 th\u1ec3 \u0111\u01b0\u1ee3c \u0111i\u1ec1u ch\u1ec9nh t\u1ef1 \u0111\u1ed9ng b\u1eb1ng m\u1ed9t n\u00fat b\u1ea5m.<\/li>    <li>C\u00e1c thi\u1ebft b\u1ecb ki\u1ec3m so\u00e1t nhi\u1ec7t \u0111\u1ed9 ch\u00ednh x\u00e1c, h\u1ec7 th\u1ed1ng s\u01b0\u1edfi m\u00f4-\u0111un v\u00e0 l\u1ed7i h\u1ec7 th\u1ed1ng s\u01b0\u1edfi \u0111\u1ec1u c\u00f3 l\u1eddi nh\u1eafc c\u1ea3nh b\u00e1o.<\/li>    <li>T\u1ea5t c\u1ea3 c\u00e1c v\u1eadt li\u1ec7u th\u00e9p kh\u00f4ng g\u1ec9 b\u1ec1n, v\u1eadt li\u1ec7u c\u1ea5p th\u1ef1c ph\u1ea9m. &nbsp;&nbsp;<\/li> <\/ol>    <figure class=\"wp-block-image size-full\"><img decoding=\"async\" src=\"https:\/\/taizypackaging.com\/wp-content\/uploads\/2022\/03\/premade-pouch-packing-machine-applications.jpg\" alt=\"\u1ee9ng d\u1ee5ng m\u00e1y \u0111\u00f3ng g\u00f3i t\u00fai l\u00e0m s\u1eb5n\" class=\"wp-image-4365\"\/><figcaption class=\"wp-element-caption\">\u1ee9ng d\u1ee5ng m\u00e1y \u0111\u00f3ng g\u00f3i t\u00fai l\u00e0m s\u1eb5n<\/figcaption><\/figure>    <h2 class=\"wp-block-heading\">C\u1ea5u t\u1ea1o chi ti\u1ebft c\u1ee7a m\u00e1y l\u00e0m t\u00fai l\u00e0m s\u1eb5n<\/h2>    <p>M\u00e1y \u0111\u00f3ng g\u00f3i t\u00fai quay l\u00e0m s\u1eb5n ch\u1ee7 y\u1ebfu bao g\u1ed3m m\u1ed9t b\u1ec7 l\u00e0m vi\u1ec7c, m\u00e1y c\u00e2n nhi\u1ec1u \u0111\u1ea7u, t\u1eddi n\u00e2ng v\u1eadt li\u1ec7u, m\u00e1y d\u00f2 kim lo\u1ea1i, m\u00e1y c\u1ea5p li\u1ec7u rung, thang m\u00e1y, bi\u1ebfn t\u1ea7n, h\u1ec7 th\u1ed1ng \u0111i\u1ec1u khi\u1ec3n PLC, b\u01a1m ch\u00e2n kh\u00f4ng, xi lanh, thi\u1ebft b\u1ecb m\u1edf t\u00fai, b\u1ed9 \u0111i\u1ec1u khi\u1ec3n nhi\u1ec7t \u0111\u1ed9, h\u1ec7 th\u1ed1ng \u0111\u1ea7u ra, v.v ... H\u01a1n n\u1eefa, vi\u1ec7c s\u1eed d\u1ee5ng th\u00e9p kh\u00f4ng g\u1ec9 304 l\u00e0m v\u1eadt li\u1ec7u k\u1ebft c\u1ea5u th\u00e2n ch\u00ednh \u0111\u1ea3m b\u1ea3o tu\u1ed5i th\u1ecd l\u00e2u d\u00e0i v\u00e0 d\u1ec5 d\u00e0ng v\u1ec7 sinh.<\/p>    <h2 class=\"wp-block-heading\">T\u1ea1i sao b\u1ea1n c\u1ea7n m\u1ed9t m\u00e1y l\u00e0m \u0111\u1ea7y v\u00e0 ni\u00eam phong t\u00fai l\u00e0m s\u1eb5n?<\/h2>    <p>M\u00e1y l\u00e0m \u0111\u1ea7y v\u00e0 ni\u00eam phong t\u00fai l\u00e0m s\u1eb5n l\u00e0 m\u1ed9t s\u1ef1 \u0111\u1ed5i m\u1edbi l\u1edbn trong ng\u00e0nh bao b\u00ec. N\u00f3 c\u00f3 nh\u1eefng t\u00ednh n\u0103ng v\u00e0 l\u1ee3i \u00edch kh\u00f4ng th\u1ec3 so s\u00e1nh \u0111\u01b0\u1ee3c so v\u1edbi m\u00e1y \u0111\u00f3ng g\u00f3i t\u00fai ho\u1eb7c m\u00e1y chi\u1ebft r\u00f3t th\u00f4ng th\u01b0\u1eddng.<\/p>    <h3 class=\"wp-block-heading\"># S\u1ee9c h\u00fat l\u1edbn \u0111\u1ed1i v\u1edbi ng\u01b0\u1eddi ti\u00eau d\u00f9ng<\/h3>    <p>Bao b\u00ec d\u1ea1ng t\u00fai \u0111\u1ee9ng \u0111\u00e3 gi\u00e0nh \u0111\u01b0\u1ee3c th\u1ecb ph\u1ea7n l\u1edbn tr\u00ean k\u1ec7 si\u00eau th\u1ecb trong nh\u1eefng n\u0103m n\u00e0y. Lo\u1ea1i t\u00fai n\u00e0y l\u00fd t\u01b0\u1edfng cho nhi\u1ec1u s\u1ea3n ph\u1ea9m nh\u01b0 khoai t\u00e2y chi\u00ean, b\u1ecfng ng\u00f4, \u0111\u1ed3 \u0103n nh\u1eb9, n\u01b0\u1edbc tr\u00e1i c\u00e2y, n\u01b0\u1edbc s\u1ed1t v\u00e0 nhi\u1ec1u s\u1ea3n ph\u1ea9m th\u1ef1c ph\u1ea9m v\u00e0 \u0111\u1ed3 u\u1ed1ng kh\u00e1c. B\u00ean c\u1ea1nh \u0111\u00f3, nh\u1eefng chi\u1ebfc t\u00fai m\u1ec1m n\u00e0y c\u00f2n th\u00e2n thi\u1ec7n v\u1edbi m\u00f4i tr\u01b0\u1eddng h\u01a1n so v\u1edbi nh\u1eefng chi\u1ebfc h\u1ed9p c\u1ee9ng. N\u00f3 \u0111\u00f2i h\u1ecfi \u00edt t\u00e0i nguy\u00ean v\u00e0 n\u0103ng l\u01b0\u1ee3ng h\u01a1n \u0111\u1ec3 s\u1ea3n xu\u1ea5t v\u00e0 cho ph\u00e9p t\u1ea1o ra m\u1ed9t s\u1ea3n ph\u1ea9m h\u1ea5p d\u1eabn \u0111\u1ed1i v\u1edbi ng\u01b0\u1eddi d\u00f9ng cu\u1ed1i.<\/p>    <h3 class=\"wp-block-heading\"># T\u00ednh linh ho\u1ea1t cho nh\u00e0 s\u1ea3n xu\u1ea5t<\/h3>    <p class=\"translation-block\">V\u1edbi c\u00e1c t\u00ednh n\u0103ng v\u00e0 c\u1ea5u tr\u00fac \u0111\u1ed9c \u0111\u00e1o, m\u00e1y \u0111i\u1ec1n t\u00fai s\u1eb5n d\u1ea1ng xoay n\u00e0y r\u1ea5t linh ho\u1ea1t cho c\u00e1c nh\u00e0 s\u1ea3n xu\u1ea5t m\u00e1y \u0111\u00f3ng g\u00f3i. T\u1ea1i sao l\u1ea1i nh\u01b0 v\u1eady? B\u1edfi v\u00ec m\u00e1y n\u00e0y ch\u1ee7 y\u1ebfu bao g\u1ed3m hai ph\u1ea7n, m\u1ed9t h\u1ec7 th\u1ed1ng \u0111i\u1ec1n v\u00e0 m\u1ed9t h\u1ec7 th\u1ed1ng ni\u00eam phong. H\u1ec7 th\u1ed1ng \u0111i\u1ec1n c\u00f3 th\u1ec3 thu\u1ed9c nhi\u1ec1u lo\u1ea1i kh\u00e1c nhau. V\u00ed d\u1ee5, n\u1ebfu b\u1ea1n mu\u1ed1n \u0111\u00f3ng g\u00f3i khoai t\u00e2y chi\u00ean, c\u00f3 <a href=\"https:\/\/taizypackaging.com\/vi\/lapel-combination-packaging-machine\/\">m\u00e1y c\u00e2n \u0111a \u0111\u1ea7u<\/a> s\u1eb5n c\u00f3 v\u1edbi t\u1ed1c \u0111\u1ed9 cao v\u00e0 hi\u1ec7u su\u1ea5t v\u01b0\u1ee3t tr\u1ed9i. V\u00e0 n\u1ebfu b\u1ea1n mu\u1ed1n \u0111\u00f3ng g\u00f3i n\u01b0\u1edbc tr\u00e1i c\u00e2y ho\u1eb7c d\u1ea7u, c\u00f3 m\u00e1y b\u01a1m l\u1ecfng s\u1eb5n c\u00f3 \u0111\u1ec3 \u0111\u00e1p \u1ee9ng nhu c\u1ea7u c\u1ee7a b\u1ea1n. Do \u0111\u00f3, m\u00e1y t\u00fai s\u1eb5n n\u00e0y c\u00f3 th\u1ec3 \u0111\u00e1p \u1ee9ng c\u00e1c y\u00eau c\u1ea7u kh\u00e1c nhau c\u1ee7a b\u1ea1n.<\/p>    <figure class=\"wp-block-image size-full\"><img decoding=\"async\" src=\"https:\/\/taizypackaging.com\/wp-content\/uploads\/2022\/03\/premade-bag-filling-machine.jpg\" alt=\"m\u00e1y l\u00e0m \u0111\u1ea7y t\u00fai l\u00e0m s\u1eb5n\" class=\"wp-image-4363\"\/><figcaption class=\"wp-element-caption\">m\u00e1y l\u00e0m \u0111\u1ea7y t\u00fai l\u00e0m s\u1eb5n<\/figcaption><\/figure>    <h2 class=\"wp-block-heading\">C\u00e1c lo\u1ea1i t\u00fai c\u1ee7a m\u00e1y l\u00e0m t\u00fai l\u00e0m s\u1eb5n<\/h2>    <p>T\u00fai \u0111\u1ee9ng, t\u00fai d\u00e2y k\u00e9o, t\u00fai x\u00e1ch tay, t\u00fai d\u00e1n 3 c\u1ea1nh, t\u00fai d\u00e1n 4 c\u1ea1nh v\u00e0 c\u00e1c lo\u1ea1i t\u00fai gh\u00e9p.<\/p>    <h2 class=\"wp-block-heading\">Qu\u00e1 tr\u00ecnh l\u00e0m vi\u1ec7c<\/h2>    <ol class=\"wp-block-list\" type=\"1\"> <li>Cho \u0103n theo t\u00fai<\/li>    <li>In ng\u00e0y<\/li>    <li>M\u1edf t\u00fai<\/li>    <li>\u0111\u1ed5 \u0111\u1ea7y<\/li>    <li>\u0111\u1ed5 \u0111\u1ea7y<\/li>    <li>\u00c9p nhi\u1ec7t<\/li>    <li>h\u00ecnh th\u00e0nh<\/li>    <li>S\u1ea3n ph\u1ea9m \u0111\u1ea7u ra<\/li> <\/ol>    <h2 class=\"wp-block-heading\">Thi\u1ebft b\u1ecb an to\u00e0n c\u1ee7a m\u00e1y \u0111\u00f3ng g\u00f3i t\u00fai quay s\u1eb5n Taizy<\/h2>    <ol class=\"wp-block-list\" type=\"1\"> <li>Kh\u00f4ng c\u00f3 t\u00fai ho\u1eb7c kh\u00f4ng l\u00e0m \u0111\u1ea7y, kh\u00f4ng ni\u00eam phong<\/li>    <li>Kh\u00f4ng c\u00f3\u00a0d\u1ea3i\u00a0m\u00e3 h\u00f3a,\u00a0d\u1eebng\u00a0kh\u1ea9n c\u1ea5p\u00a0v\u00e0\u00a0c\u1ea3nh b\u00e1o<\/li>    <li>Nhi\u1ec7t \u0111\u1ed9 ni\u00eam phong b\u1ea5t th\u01b0\u1eddng, b\u00e1o \u0111\u1ed9ng<\/li>    <li>Kh\u00f4ng c\u00f3 t\u00fai ho\u1eb7c l\u1ed7i m\u1edf, kh\u00f4ng \u0111\u1ed5 \u0111\u1ea7y<\/li>    <li>\u00c1p su\u1ea5t kh\u00f4ng kh\u00ed kh\u00f4ng \u0111\u1ee7 v\u00e0 b\u00e1o \u0111\u1ed9ng<\/li>    <li>Kh\u00f4ng c\u00f3 t\u00fai ho\u1eb7c l\u1ed7i m\u1edf, kh\u00f4ng \u0111\u1ed5 \u0111\u1ea7y<\/li> <\/ol>","protected":false},"excerpt":{"rendered":"<p>The rotary premade pouch packing machine here is designed for medium and large production demand. It has a high automation level and super efficiency. This premade pouch fill and seal machine can automatically complete the process of taking the bag, opening the bag, filling, sealing, date printing, and output. The rotary premade bag packing machine [&hellip;]<\/p>\n","protected":false},"author":1,"featured_media":4361,"parent":0,"template":"","tags":[628,630,629],"product-type":[665],"class_list":["post-4356","product","type-product","status-publish","has-post-thumbnail","hentry","tag-premade-bag","tag-premade-bag-packing-machine","tag-premade-pouch","product-type-premade-pouch-packing-machine"],"_links":{"self":[{"href":"https:\/\/taizypackaging.com\/vi\/wp-json\/wp\/v2\/product\/4356","targetHints":{"allow":["GET"]}}],"collection":[{"href":"https:\/\/taizypackaging.com\/vi\/wp-json\/wp\/v2\/product"}],"about":[{"href":"https:\/\/taizypackaging.com\/vi\/wp-json\/wp\/v2\/types\/product"}],"author":[{"embeddable":true,"href":"https:\/\/taizypackaging.com\/vi\/wp-json\/wp\/v2\/users\/1"}],"wp:featuredmedia":[{"embeddable":true,"href":"https:\/\/taizypackaging.com\/vi\/wp-json\/wp\/v2\/media\/4361"}],"wp:attachment":[{"href":"https:\/\/taizypackaging.com\/vi\/wp-json\/wp\/v2\/media?parent=4356"}],"wp:term":[{"taxonomy":"post_tag","embeddable":true,"href":"https:\/\/taizypackaging.com\/vi\/wp-json\/wp\/v2\/tags?post=4356"},{"taxonomy":"product-type","embeddable":true,"href":"https:\/\/taizypackaging.com\/vi\/wp-json\/wp\/v2\/product-type?post=4356"}],"curies":[{"name":"wp","href":"https:\/\/api.w.org\/{rel}","templated":true}]}}