{"id":4396,"date":"2022-03-24T10:36:10","date_gmt":"2022-03-24T10:36:10","guid":{"rendered":"https:\/\/taizypackaging.com\/?p=4396"},"modified":"2024-07-16T16:47:18","modified_gmt":"2024-07-16T08:47:18","slug":"face-mask-packing-machine","status":"publish","type":"product","link":"https:\/\/taizypackaging.com\/vi\/face-mask-packing-machine\/","title":{"rendered":"M\u00e1y \u0111\u00f3ng g\u00f3i m\u1eb7t n\u1ea1"},"content":{"rendered":"<div class=\"kk-star-ratings kksr-auto kksr-align-left kksr-valign-top\"     data-payload='{&quot;align&quot;:&quot;left&quot;,&quot;id&quot;:&quot;4396&quot;,&quot;slug&quot;:&quot;default&quot;,&quot;valign&quot;:&quot;top&quot;,&quot;ignore&quot;:&quot;&quot;,&quot;reference&quot;:&quot;auto&quot;,&quot;class&quot;:&quot;&quot;,&quot;count&quot;:&quot;24&quot;,&quot;legendonly&quot;:&quot;&quot;,&quot;readonly&quot;:&quot;&quot;,&quot;score&quot;:&quot;4.7&quot;,&quot;starsonly&quot;:&quot;&quot;,&quot;best&quot;:&quot;5&quot;,&quot;gap&quot;:&quot;5&quot;,&quot;greet&quot;:&quot;Rate this product&quot;,&quot;legend&quot;:&quot;4.7\\\/5 - (24 b\u00ecnh ch\u1ecdn)&quot;,&quot;size&quot;:&quot;24&quot;,&quot;title&quot;:&quot;Face Mask Packing Machine&quot;,&quot;width&quot;:&quot;133.8&quot;,&quot;_legend&quot;:&quot;{score}\\\/{best} - ({count} {votes})&quot;,&quot;font_factor&quot;:&quot;1.25&quot;}'>              <div class=\"kksr-stars\">      <div class=\"kksr-stars-inactive\">             <div class=\"kksr-star\" data-star=\"1\" style=\"padding-right: 5px\">               <div class=\"kksr-icon\" style=\"width: 24px; height: 24px;\"><\/div>         <\/div>             <div class=\"kksr-star\" data-star=\"2\" style=\"padding-right: 5px\">               <div class=\"kksr-icon\" style=\"width: 24px; height: 24px;\"><\/div>         <\/div>             <div class=\"kksr-star\" data-star=\"3\" style=\"padding-right: 5px\">               <div class=\"kksr-icon\" style=\"width: 24px; height: 24px;\"><\/div>         <\/div>             <div class=\"kksr-star\" data-star=\"4\" style=\"padding-right: 5px\">               <div class=\"kksr-icon\" style=\"width: 24px; height: 24px;\"><\/div>         <\/div>             <div class=\"kksr-star\" data-star=\"5\" style=\"padding-right: 5px\">               <div class=\"kksr-icon\" style=\"width: 24px; height: 24px;\"><\/div>         <\/div>     <\/div>      <div class=\"kksr-stars-active\" style=\"width: 133.8px;\">             <div class=\"kksr-star\" style=\"padding-right: 5px\">               <div class=\"kksr-icon\" style=\"width: 24px; height: 24px;\"><\/div>         <\/div>             <div class=\"kksr-star\" style=\"padding-right: 5px\">               <div class=\"kksr-icon\" style=\"width: 24px; height: 24px;\"><\/div>         <\/div>             <div class=\"kksr-star\" style=\"padding-right: 5px\">               <div class=\"kksr-icon\" style=\"width: 24px; height: 24px;\"><\/div>         <\/div>             <div class=\"kksr-star\" style=\"padding-right: 5px\">               <div class=\"kksr-icon\" style=\"width: 24px; height: 24px;\"><\/div>         <\/div>             <div class=\"kksr-star\" style=\"padding-right: 5px\">               <div class=\"kksr-icon\" style=\"width: 24px; height: 24px;\"><\/div>         <\/div>     <\/div> <\/div>                   <div class=\"kksr-legend\" style=\"font-size: 19.2px;\">             4.7\/5 - (24 l\u01b0\u1ee3t b\u00ecnh ch\u1ecdn)    <\/div>     <\/div>  <p class=\"translation-block\"><strong>M\u00e1y \u0111\u00f3ng g\u00f3i kh\u1ea9u trang<\/strong> l\u00e0 r\u1ea5t quan tr\u1ecdng trong ng\u00e0nh s\u1ea3n xu\u1ea5t kh\u1ea9u trang. Th\u1ef1c t\u1ebf, m\u00e1y \u0111\u00f3ng g\u00f3i kh\u1ea9u trang \u1edf \u0111\u00e2y l\u00e0 m\u1ed9t m\u00e1y \u0111\u00f3ng g\u00f3i theo d\u00f2ng ngang. N\u00f3 c\u00f3 th\u1ec3 t\u1ef1 \u0111\u1ed9ng ho\u00e0n th\u00e0nh qu\u00e1 tr\u00ecnh giao kh\u1ea9u trang, \u0111\u00f3ng g\u00f3i, c\u1eaft, ni\u00eam phong v\u00e0 ho\u00e0n thi\u1ec7n s\u1ea3n ph\u1ea9m. \u00c1p d\u1ee5ng c\u00f4ng ngh\u1ec7 ti\u00ean ti\u1ebfn v\u00e0 c\u00e1c linh ki\u1ec7n ch\u1ea5t l\u01b0\u1ee3ng, m\u00e1y \u0111\u00f3ng g\u00f3i t\u00fai kh\u1ea9u trang n\u00e0y c\u00f3 th\u1ec3 n\u00e2ng cao \u0111\u00e1ng k\u1ec3 hi\u1ec7u qu\u1ea3 l\u00e0m vi\u1ec7c c\u1ee7a b\u1ea1n v\u00e0 ti\u1ebft ki\u1ec7m chi ph\u00ed lao \u0111\u1ed9ng. B\u00ean c\u1ea1nh \u0111\u00f3, t\u1ea5t c\u1ea3 m\u00e1y m\u00f3c c\u1ee7a ch\u00fang t\u00f4i \u0111\u01b0\u1ee3c thi\u1ebft k\u1ebf v\u00e0 s\u1ea3n xu\u1ea5t theo c\u00e1c ti\u00eau chu\u1ea9n qu\u1ed1c t\u1ebf CE v\u00e0 ISO. V\u1edbi kinh nghi\u1ec7m phong ph\u00fa trong ng\u00e0nh \u0111\u00f3ng g\u00f3i, ch\u00fang t\u00f4i cung c\u1ea5p c\u00e1c m\u00e1y \u0111\u00f3ng g\u00f3i kh\u1ea9u trang y t\u1ebf ti\u00eau chu\u1ea9n tuy\u1ec7t v\u1eddi v\u00e0 t\u00f9y ch\u1ec9nh cho kh\u00e1ch h\u00e0ng to\u00e0n c\u1ea7u.<\/p>    <h2 class=\"wp-block-heading\">Video ho\u1ea1t \u0111\u1ed9ng c\u1ee7a m\u00e1y \u0111\u00f3ng g\u00f3i kh\u1ea9u trang<\/h2>   <figure class=\"wp-block-embed-youtube wp-block-embed is-type-video is-provider-youtube wp-embed-aspect-16-9 wp-has-aspect-ratio\"><div class=\"lyte-wrapper fourthree\" title=\"M\u00e1y \u0111\u00f3ng g\u00f3i m\u1eb7t n\u1ea1 t\u1ef1 \u0111\u1ed9ng | Gi\u1ea3i ph\u00e1p \u0111\u00f3ng g\u00f3i m\u1eb7t n\u1ea1 d\u00f9ng m\u1ed9t l\u1ea7n si\u00eau hi\u1ec7u qu\u1ea3\" style=\"width:960px;max-width:100%;margin:5px auto;\"><div class=\"lyMe hidef\" id=\"WYL_2l5oCE_eUDE\" itemprop=\"video\" itemscope itemtype=\"https:\/\/schema.org\/VideoObject\"><div><meta itemprop=\"thumbnailUrl\" content=\"https:\/\/taizypackaging.com\/wp-content\/plugins\/wp-youtube-lyte\/lyteCache.php?origThumbUrl=https%3A%2F%2Fi.ytimg.com%2Fvi%2F2l5oCE_eUDE%2Fmaxresdefault.jpg\" \/><meta itemprop=\"embedURL\" content=\"https:\/\/www.youtube.com\/embed\/2l5oCE_eUDE\" \/><meta itemprop=\"duration\" content=\"PT1M4S\" \/><meta itemprop=\"uploadDate\" content=\"2022-03-03T06:55:37Z\" \/><\/div><meta itemprop=\"accessibilityFeature\" content=\"captions\" \/><div id=\"lyte_2l5oCE_eUDE\" data-src=\"https:\/\/taizypackaging.com\/wp-content\/plugins\/wp-youtube-lyte\/lyteCache.php?origThumbUrl=https%3A%2F%2Fi.ytimg.com%2Fvi%2F2l5oCE_eUDE%2Fmaxresdefault.jpg\" class=\"pL\"><div class=\"tC\"><div class=\"tT\" itemprop=\"name\">M\u00e1y \u0111\u00f3ng g\u00f3i m\u1eb7t n\u1ea1 t\u1ef1 \u0111\u1ed9ng | Gi\u1ea3i ph\u00e1p \u0111\u00f3ng g\u00f3i m\u1eb7t n\u1ea1 d\u00f9ng m\u1ed9t l\u1ea7n si\u00eau hi\u1ec7u qu\u1ea3<\/div><\/div><div class=\"play\"><\/div><div class=\"ctrl\"><div class=\"Lctrl\"><\/div><div class=\"Rctrl\"><\/div><\/div><\/div><noscript><a href=\"https:\/\/youtu.be\/2l5oCE_eUDE\" rel=\"nofollow noopener\" target=\"_blank\"><img loading=\"lazy\" decoding=\"async\" src=\"https:\/\/taizypackaging.com\/wp-content\/plugins\/wp-youtube-lyte\/lyteCache.php?origThumbUrl=https%3A%2F%2Fi.ytimg.com%2Fvi%2F2l5oCE_eUDE%2F0.jpg\" alt=\"M\u00e1y \u0111\u00f3ng g\u00f3i m\u1eb7t n\u1ea1 t\u1ef1 \u0111\u1ed9ng | Gi\u1ea3i ph\u00e1p \u0111\u00f3ng g\u00f3i m\u1eb7t n\u1ea1 d\u00f9ng m\u1ed9t l\u1ea7n si\u00eau hi\u1ec7u qu\u1ea3\" width=\"960\" height=\"700\" \/><br \/>Xem video n\u00e0y tr\u00ean YouTube<\/a><\/noscript><meta itemprop=\"description\" content=\"#facemaskpacking #maskpackaging #facemaskmachine EMAIL: info@taizypackaging.com WECHAT\/WHATSAPP: +86 18837171591 USEFUL LINK: https:\/\/taizypackaging.com\/horizontal-packing-machine\/ This face mask packing machine is ideal for single or multiple mask packaging. It is cleaner and hygienic than manual packaging, and its speed is many times faster than that of manual packaging. It meets the National Health standards Performance features of the efficient face mask packaging machine 1. It&#039;s widely used for many kinds of products, such as Disposable mask packaging, N95 mask packaging, medical masks, N95 \/ kn95 masks, biscuits, rice noodles, snow cakes, egg yolk pie, chocolate, bread, instant noodles, moon cake medicine, daily necessities, industrial parts, cartons or trays, and other regular objects. 2. The control and drive core is composed of servo motor, programmable controller, and large color touch LCD, which greatly improves the control accuracy, speed range, reliability, and intelligence of the whole machine; the locking of bag forming, cutting length, sealing temperature and other parameters is more accurate. 3. The servo motor drive realizes the feeding, film feeding, longitudinal sealing, transverse sealing, and output of the packaging machine, simplifies the mechanical transmission system, makes the packaging machine run stably and reliably, and significantly reduces the mechanical noise and mechanical failure rate. 4. Adopting double drive vertical seal and advanced horizontal seal heating technology, the longitudinal sealing temperature is low, so as to minimize the possibility of scalding film in the process of operation and shutdown; moreover, it is well sealed with smooth and beautiful lines. 5. The user can set the packaging parameters of various products in the control panel, and only need to transfer the corresponding data from the memory and execute it, so that the packaging operation can be carried out, and the professional skills of operators are reduced. With super efficiency and good quality, the face mask packing machine can greatly improve your productivity and benefit your project. You may also like these videos about the horizontal flow wrap machine: Soap packing machine: https:\/\/www.youtube.com\/watch?v=omb3vEXZlIE Shisha charcoal packing machine: https:\/\/www.youtube.com\/watch?v=isZgH2NxMVs&amp;t=13s EMAIL: info@taizypackaging.com WECHAT\/WHATSAPP: +86 18837171591 USEFUL LINK: https:\/\/taizypackaging.com\/horizontal-packing-machine\/\"><\/div><\/div><div class=\"lL\" style=\"max-width:100%;width:960px;margin:5px auto;\"><\/div><figcaption><\/figcaption><\/figure>   <h2 class=\"wp-block-heading\">M\u00e1y n\u00e0o \u0111\u01b0\u1ee3c s\u1eed d\u1ee5ng \u0111\u1ec3 \u0111\u00f3ng g\u00f3i m\u1eb7t n\u1ea1?<\/h2>    <p class=\"translation-block\">Tr\u00ean th\u1ef1c t\u1ebf, c\u00f3 r\u1ea5t nhi\u1ec1u gi\u1ea3i ph\u00e1p \u0111\u00f3ng g\u00f3i kh\u1ea9u trang tr\u00ean to\u00e0n c\u1ea7u. Tuy nhi\u00ean, ch\u00fang t\u00f4i cho r\u1eb1ng <a href=\"https:\/\/taizypackaging.com\/vi\/horizontal-packing-machine\/\">m\u00e1y \u0111\u00f3ng g\u00f3i ki\u1ec3u g\u1ed1i<\/a> l\u00e0 thi\u1ebft b\u1ecb ph\u00f9 h\u1ee3p nh\u1ea5t cho \u0111\u00f3ng g\u00f3i kh\u1ea9u trang. Nh\u01b0 ch\u00fang ta \u0111\u00e3 bi\u1ebft, kh\u1ea9u trang d\u00f9ng m\u1ed9t l\u1ea7n b\u1eb1ng v\u1ea3i kh\u00f4ng d\u1ec7t m\u1ec1m v\u00e0 d\u1ec5 bi\u1ebfn d\u1ea1ng. M\u1ed9t m\u00e1y \u0111\u00f3ng g\u00f3i ki\u1ec3u g\u1ed1i c\u00f3 th\u1ec3 gi\u1ea3i quy\u1ebft v\u1ea5n \u0111\u1ec1 n\u00e0y m\u1ed9t c\u00e1ch ho\u00e0n h\u1ea3o. B\u00ean c\u1ea1nh \u0111\u00f3, thi\u1ebft b\u1ecb n\u00e0y c\u00f3 hi\u1ec7u su\u1ea5t \u1ed5n \u0111\u1ecbnh v\u00e0 hi\u1ec7u qu\u1ea3 cao. V\u00e0 n\u00f3 gi\u1ea3i quy\u1ebft xu\u1ea5t s\u1eafc b\u00e0i to\u00e1n v\u1ec1 t\u1ed1c \u0111\u1ed9 \u0111\u00f3ng g\u00f3i v\u00e0 hi\u1ec7u su\u1ea5t \u0111\u00f3ng g\u00f3i. Kh\u00f4ng c\u00f2n nghi ng\u1edd g\u00ec n\u1eefa, m\u1ed9t m\u00e1y \u0111\u00f3ng g\u00f3i d\u00f2ng ngang l\u00e0 m\u1ed9t gi\u1ea3i ph\u00e1p tuy\u1ec7t v\u1eddi cho \u0111\u00f3ng g\u00f3i kh\u1ea9u trang. &nbsp;<\/p>    <figure class=\"wp-block-image size-full\"><img loading=\"lazy\" decoding=\"async\" width=\"720\" height=\"540\" src=\"https:\/\/taizypackaging.com\/wp-content\/uploads\/2022\/03\/face-mask-packing-machine-1.jpg\" alt=\"m\u00e1y \u0111\u00f3ng g\u00f3i m\u1eb7t n\u1ea1\" class=\"wp-image-4408\" srcset=\"https:\/\/taizypackaging.com\/wp-content\/uploads\/2022\/03\/face-mask-packing-machine-1.jpg 720w, https:\/\/taizypackaging.com\/wp-content\/uploads\/2022\/03\/face-mask-packing-machine-1-300x225.jpg 300w\" sizes=\"auto, (max-width: 720px) 100vw, 720px\" \/><figcaption class=\"wp-element-caption\">m\u00e1y \u0111\u00f3ng g\u00f3i m\u1eb7t n\u1ea1<\/figcaption><\/figure>    <h2 class=\"wp-block-heading\">Lo\u1ea1i m\u1eb7t n\u1ea1 n\u00e0o ph\u00f9 h\u1ee3p v\u1edbi m\u00e1y \u0111\u00f3ng g\u00f3i n\u00e0y?<\/h2>    <p>M\u00e1y \u0111\u00f3ng g\u00f3i kh\u1ea9u trang d\u1ea1ng g\u1ed1i n\u00e0y l\u00fd t\u01b0\u1edfng \u0111\u1ec3 x\u1eed l\u00fd c\u00e1c lo\u1ea1i kh\u1ea9u trang kh\u00e1c nhau, ch\u1eb3ng h\u1ea1n nh\u01b0 kh\u1ea9u trang v\u1ea3i kh\u00f4ng d\u1ec7t d\u00f9ng m\u1ed9t l\u1ea7n, kh\u1ea9u trang ph\u1eabu thu\u1eadt, kh\u1ea9u trang N95, kh\u1ea9u trang y t\u1ebf, kh\u1ea9u trang \u0111\u01a1n, kh\u1ea9u trang 3 l\u1edbp, v.v. N\u00f3i t\u00f3m l\u1ea1i, m\u00e1y \u0111\u00f3ng g\u00f3i t\u00fai kh\u1ea9u trang n\u00e0y c\u00f3 th\u1ec3 \u0111\u00f3ng g\u00f3i c\u00e1c lo\u1ea1i m\u1eb7t n\u1ea1. Ngo\u00e0i ra, ch\u00fang t\u00f4i h\u1ed7 tr\u1ee3 d\u1ecbch v\u1ee5 t\u00f9y ch\u1ec9nh m\u1ea1nh m\u1ebd \u0111\u1ec3 \u0111\u00e1p \u1ee9ng c\u00e1c y\u00eau c\u1ea7u c\u1ee5 th\u1ec3 c\u1ee7a b\u1ea1n.<\/p>    <figure class=\"wp-block-image size-full\"><img decoding=\"async\" src=\"https:\/\/taizypackaging.com\/wp-content\/uploads\/2022\/03\/disposable-face-masks.jpg\" alt=\"m\u1eb7t n\u1ea1 d\u00f9ng m\u1ed9t l\u1ea7n\" class=\"wp-image-4413\"\/><figcaption class=\"wp-element-caption\">m\u1eb7t n\u1ea1 d\u00f9ng m\u1ed9t l\u1ea7n<\/figcaption><\/figure>    <h2 class=\"wp-block-heading\">T\u00ednh n\u0103ng ho\u1ea1t \u0111\u1ed9ng c\u1ee7a m\u00e1y \u0111\u00f3ng g\u00f3i m\u1eb7t n\u1ea1 Taizy<\/h2>    <ol class=\"wp-block-list\"> <li>C\u1ea5u tr\u00fac \u0111\u01a1n gi\u1ea3n v\u00e0 nh\u1ecf g\u1ecdn. D\u1ec5 d\u00e0ng c\u00e0i \u0111\u1eb7t, v\u1eadn h\u00e0nh v\u00e0 b\u1ea3o tr\u00ec <\/li>    <li>H\u1ec7 th\u1ed1ng \u0111i\u1ec1u khi\u1ec3n PLC ti\u00ean ti\u1ebfn v\u00e0 m\u00e0n h\u00ecnh c\u1ea3m \u1ee9ng l\u1edbn, c\u00e1c th\u00f4ng s\u1ed1 d\u1ec5 c\u00e0i \u0111\u1eb7t v\u00e0 ho\u1ea1t \u0111\u1ed9ng \u1ed5n \u0111\u1ecbnh<\/li>    <li>Th\u00e2n m\u00e1y k\u1ebft c\u1ea5u b\u1eb1ng th\u00e9p kh\u00f4ng g\u1ec9, v\u1ebb ngo\u00e0i b\u1ec1n b\u1ec9 v\u00e0 thanh l\u1ecbch<\/li>    <li>\u1ee8ng d\u1ee5ng r\u1ed9ng r\u00e3i. Kh\u00f4ng ch\u1ec9 l\u00fd t\u01b0\u1edfng \u0111\u1ec3 l\u00e0m m\u1eb7t n\u1ea1 m\u00e0 c\u00f2n th\u00edch h\u1ee3p cho rau, tr\u00e1i c\u00e2y, than shisha, b\u00e1nh quy, b\u00e1nh m\u00ec, s\u00f4 c\u00f4 la, v.v.<\/li>    <li>Ki\u1ec3m so\u00e1t nhi\u1ec7t \u0111\u1ed9 ni\u00eam phong \u0111\u1ed9c l\u1eadp, th\u00edch h\u1ee3p cho c\u00e1c v\u1eadt li\u1ec7u \u0111\u00f3ng g\u00f3i kh\u00e1c nhau<\/li>    <li>H\u1ec7 th\u1ed1ng theo d\u00f5i bi\u1ec3u \u0111\u1ed3 m\u00e0u quang \u0111i\u1ec7n c\u1ea3m bi\u1ebfn cao, v\u1ecb tr\u00ed c\u1eaft ch\u00ednh x\u00e1c <\/li>    <li>B\u1ed9 \u0111i\u1ec1u khi\u1ec3n chuy\u1ec3n \u0111\u1ed5i t\u1ea7n s\u1ed1 k\u00e9p, hi\u1ec7u su\u1ea5t t\u1ed1t, ti\u1ebft ki\u1ec7m th\u1eddi gian v\u00e0 phim<\/li>    <li>M\u1ee9c \u0111\u1ed9 t\u1ef1 \u0111\u1ed9ng h\u00f3a cao, si\u00eau hi\u1ec7u qu\u1ea3, ti\u1ebft ki\u1ec7m chi ph\u00ed lao \u0111\u1ed9ng v\u00e0 l\u1ee3i \u00edch c\u1ee7a d\u1ef1 \u00e1n<\/li> <\/ol>    <h2 class=\"wp-block-heading\">T\u00ecm nh\u00e0 s\u1ea3n xu\u1ea5t m\u00e1y \u0111\u00f3ng g\u00f3i m\u1eb7t n\u1ea1 t\u1ed1t nh\u1ea5t \u1edf \u0111\u00e2u?<\/h2>    <p class=\"translation-block\">Th\u1eadt s\u1ef1, m\u1ed9t m\u00e1y \u0111\u00f3ng g\u00f3i theo lu\u1ed3ng ngang l\u00e0 thi\u1ebft b\u1ecb ph\u00f9 h\u1ee3p nh\u1ea5t \u0111\u1ec3 \u0111\u00f3ng g\u00f3i kh\u1ea9u trang. N\u00f3 c\u00f3 \u01b0u \u0111i\u1ec3m l\u00e0 hi\u1ec7u su\u1ea5t t\u1ed1t, n\u0103ng su\u1ea5t cao v\u00e0 v\u1eadn h\u00e0nh d\u1ec5 d\u00e0ng. L\u00e0 m\u1ed9t <a href=\"https:\/\/taizypackaging.com\/vi\/\">nh\u00e0 s\u1ea3n xu\u1ea5t m\u00e1y \u0111\u00f3ng g\u00f3i chuy\u00ean nghi\u1ec7p<\/a> v\u00e0 nh\u00e0 cung c\u1ea5p t\u1ea1i Trung Qu\u1ed1c, ch\u00fang t\u00f4i c\u00f3 \u0111\u1ed9i ng\u0169 nh\u00e2n s\u1ef1 c\u00f3 k\u1ef9 n\u0103ng cao \u0111\u1ec3 \u0111\u1ea3m b\u1ea3o ch\u1ea5t l\u01b0\u1ee3ng t\u1ed1t v\u00e0 giao h\u00e0ng nhanh cho m\u00e1y m\u00f3c c\u1ee7a m\u00ecnh. S\u1ea3n ph\u1ea9m c\u1ee7a ch\u00fang t\u00f4i \u0111\u00e3 \u0111\u01b0\u1ee3c xu\u1ea5t kh\u1ea9u th\u00e0nh c\u00f4ng \u0111\u1ebfn h\u01a1n 80 qu\u1ed1c gia v\u00e0 v\u00f9ng l\u00e3nh th\u1ed5. B\u00ean c\u1ea1nh \u0111\u00f3, t\u1ea5t c\u1ea3 thi\u1ebft b\u1ecb \u0111\u00f3ng g\u00f3i c\u1ee7a ch\u00fang t\u00f4i \u0111\u01b0\u1ee3c thi\u1ebft k\u1ebf v\u00e0 s\u1ea3n xu\u1ea5t theo ti\u00eau chu\u1ea9n qu\u1ed1c t\u1ebf. Ch\u00fang t\u00f4i h\u01b0\u1edbng t\u1edbi vi\u1ec7c l\u00e0m cho s\u1ea3n ph\u1ea9m c\u1ee7a m\u00ecnh gi\u00fap c\u00e1c doanh nh\u00e2n nh\u1ecf ph\u00e1t tri\u1ec3n t\u1ed1t h\u01a1n. V\u00e0 gi\u00fap nhi\u1ec1u ng\u01b0\u1eddi nh\u1eadn \u0111\u01b0\u1ee3c nhi\u1ec1u l\u1ee3i \u00edch h\u01a1n t\u1eeb m\u00e1y m\u00f3c c\u1ee7a ch\u00fang t\u00f4i. <\/p>    <figure class=\"wp-block-image size-full\"><img decoding=\"async\" src=\"https:\/\/taizypackaging.com\/wp-content\/uploads\/2022\/03\/flow-wrapping-machine-factory.jpg\" alt=\"nh\u00e0 m\u00e1y s\u1ea3n xu\u1ea5t m\u00e1y qu\u1ea5n d\u00f2ng ch\u1ea3y\" class=\"wp-image-4409\"\/><figcaption class=\"wp-element-caption\">nh\u00e0 m\u00e1y s\u1ea3n xu\u1ea5t m\u00e1y qu\u1ea5n d\u00f2ng ch\u1ea3y<\/figcaption><\/figure>    <h2 class=\"wp-block-heading\">L\u1ee3i \u00edch v\u00e0 \u1ee9ng d\u1ee5ng c\u1ee7a m\u00e1y \u0111\u00f3ng g\u00f3i m\u1eb7t n\u1ea1<\/h2>    <p>M\u00e1y \u0111\u00f3ng g\u00f3i kh\u1ea9u trang l\u00e0 m\u1ed9t thi\u1ebft b\u1ecb \u0111\u01b0\u1ee3c s\u1eed d\u1ee5ng \u0111\u1ec3 \u0111\u00f3ng g\u00f3i kh\u1ea9u trang, \u0111i\u1ec3n h\u00ecnh l\u00e0 kh\u1ea9u trang ph\u1eabu thu\u1eadt ho\u1eb7c kh\u1ea9u trang ph\u00f2ng \u0111\u1ed9c. Nh\u1eefng m\u00e1y n\u00e0y \u0111\u01b0\u1ee3c thi\u1ebft k\u1ebf \u0111\u1ec3 ho\u1ea1t \u0111\u1ed9ng v\u1edbi nhi\u1ec1u lo\u1ea1i v\u00e0 k\u00edch c\u1ee1 kh\u1ea9u trang kh\u00e1c nhau v\u00e0 c\u00f3 th\u1ec3 \u0111\u01b0\u1ee3c s\u1eed d\u1ee5ng \u0111\u1ec3 \u0111\u00f3ng g\u00f3i kh\u1ea9u trang theo t\u1eebng t\u00fai ho\u1eb7c v\u1edbi s\u1ed1 l\u01b0\u1ee3ng l\u1edbn. M\u1ed9t s\u1ed1 t\u00ednh n\u0103ng ph\u1ed5 bi\u1ebfn c\u1ee7a m\u00e1y \u0111\u00f3ng g\u00f3i kh\u1ea9u trang bao g\u1ed3m t\u1ef1 \u0111\u1ed9ng \u0111\u1ebfm v\u00e0 chi\u1ebft r\u00f3t, kh\u1ea3 n\u0103ng ni\u00eam phong t\u00fai v\u00e0 kh\u1ea3 n\u0103ng in c\u00e1c th\u00f4ng tin nh\u01b0 h\u1ea1n s\u1eed d\u1ee5ng tr\u00ean bao b\u00ec. C\u00e1c \u1ee9ng d\u1ee5ng c\u1ee7a m\u00e1y \u0111\u00f3ng g\u00f3i kh\u1ea9u trang bao g\u1ed3m ch\u0103m s\u00f3c s\u1ee9c kh\u1ecfe, s\u1ea3n xu\u1ea5t v\u00e0 ph\u00e2n ph\u1ed1i kh\u1ea9u trang.<\/p>    <h2 class=\"wp-block-heading\">Gi\u00e1 m\u00e1y \u0111\u00f3ng g\u00f3i m\u1eb7t n\u1ea1 l\u00e0 bao nhi\u00eau?<\/h2>    <p>Gi\u00e1 m\u00e1y \u0111\u00f3ng g\u00f3i kh\u1ea9u trang g\u1ea7n v\u1edbi nhi\u1ec1u y\u1ebfu t\u1ed1 nh\u01b0 th\u01b0\u01a1ng hi\u1ec7u, \u0111\u1ed9ng c\u01a1, ch\u1ea5t li\u1ec7u c\u1ea5u tr\u00fac th\u00e2n m\u00e1y, m\u1eabu m\u00e3, chi ph\u00ed v\u1eadn chuy\u1ec3n, v.v. M\u1ed7i y\u1ebfu t\u1ed1 c\u00f3 th\u1ec3 \u1ea3nh h\u01b0\u1edfng l\u1edbn \u0111\u1ebfn gi\u00e1 m\u00e1y \u0111\u00f3ng g\u00f3i kh\u1ea9u trang. Tr\u00ean th\u1ef1c t\u1ebf, ch\u00fang ta kh\u00f4ng th\u1ec3 hy sinh ch\u1ea5t l\u01b0\u1ee3ng \u0111\u1ec3 ti\u1ebft ki\u1ec7m chi ph\u00ed khi l\u1ef1a ch\u1ecdn m\u00e1y \u0111\u00f3ng g\u00f3i kh\u1ea9u trang. Ch\u00fang ta ph\u1ea3i \u0111\u1ea3m b\u1ea3o ch\u1ea5t l\u01b0\u1ee3ng t\u1ed1t c\u1ee7a m\u00e1y, \u0111\u00e2y l\u00e0 c\u00e1ch t\u1ed1t nh\u1ea5t \u0111\u1ec3 ti\u1ebft ki\u1ec7m chi ph\u00ed v\u00e0 n\u0103ng l\u01b0\u1ee3ng c\u1ee7a b\u1ea1n. Nh\u1edd \u0111\u00f3 b\u1ea1n kh\u00f4ng c\u1ea7n t\u1ed1n nhi\u1ec1u th\u1eddi gian cho vi\u1ec7c thay th\u1ebf, b\u1ea3o tr\u00ec m\u00e1y.<\/p>","protected":false},"excerpt":{"rendered":"<p>Face mask packing machine is vitally important in the mask manufacturing industry. Actually, the face mask packaging machine here is a horizontal type flow wrap machine. It can automatically complete the process of mask delivering, wrapping, cutting, sealing, and finishing products. Adopting advanced technology and quality parts, this mask pouch packing machine can highly improve [&hellip;]<\/p>\n","protected":false},"author":1,"featured_media":4408,"parent":0,"template":"","tags":[633,269,635,634],"product-type":[664],"class_list":["post-4396","product","type-product","status-publish","has-post-thumbnail","hentry","tag-face-mask","tag-mask","tag-medical-mask","tag-surgical-mask","product-type-horizontal-flow-wrapping-machines"],"_links":{"self":[{"href":"https:\/\/taizypackaging.com\/vi\/wp-json\/wp\/v2\/product\/4396","targetHints":{"allow":["GET"]}}],"collection":[{"href":"https:\/\/taizypackaging.com\/vi\/wp-json\/wp\/v2\/product"}],"about":[{"href":"https:\/\/taizypackaging.com\/vi\/wp-json\/wp\/v2\/types\/product"}],"author":[{"embeddable":true,"href":"https:\/\/taizypackaging.com\/vi\/wp-json\/wp\/v2\/users\/1"}],"wp:featuredmedia":[{"embeddable":true,"href":"https:\/\/taizypackaging.com\/vi\/wp-json\/wp\/v2\/media\/4408"}],"wp:attachment":[{"href":"https:\/\/taizypackaging.com\/vi\/wp-json\/wp\/v2\/media?parent=4396"}],"wp:term":[{"taxonomy":"post_tag","embeddable":true,"href":"https:\/\/taizypackaging.com\/vi\/wp-json\/wp\/v2\/tags?post=4396"},{"taxonomy":"product-type","embeddable":true,"href":"https:\/\/taizypackaging.com\/vi\/wp-json\/wp\/v2\/product-type?post=4396"}],"curies":[{"name":"wp","href":"https:\/\/api.w.org\/{rel}","templated":true}]}}