{"id":5071,"date":"2024-07-11T10:49:10","date_gmt":"2024-07-11T02:49:10","guid":{"rendered":"https:\/\/taizypackaging.com\/?post_type=product&#038;p=5071"},"modified":"2024-07-11T14:06:01","modified_gmt":"2024-07-11T06:06:01","slug":"heat-shrink-wrap-machine","status":"publish","type":"product","link":"https:\/\/taizypackaging.com\/vi\/heat-shrink-wrap-machine\/","title":{"rendered":"M\u00e1y qu\u1ea5n m\u00e0ng co nhi\u1ec7t LC-560B"},"content":{"rendered":"<div class=\"kk-star-ratings kksr-auto kksr-align-left kksr-valign-top\"     data-payload='{&quot;align&quot;:&quot;left&quot;,&quot;id&quot;:&quot;5071&quot;,&quot;slug&quot;:&quot;default&quot;,&quot;valign&quot;:&quot;top&quot;,&quot;ignore&quot;:&quot;&quot;,&quot;reference&quot;:&quot;auto&quot;,&quot;class&quot;:&quot;&quot;,&quot;count&quot;:&quot;26&quot;,&quot;legendonly&quot;:&quot;&quot;,&quot;readonly&quot;:&quot;&quot;,&quot;score&quot;:&quot;4.9&quot;,&quot;starsonly&quot;:&quot;&quot;,&quot;best&quot;:&quot;5&quot;,&quot;gap&quot;:&quot;5&quot;,&quot;greet&quot;:&quot;Rate this product&quot;,&quot;legend&quot;:&quot;4.9\\\/5 - (26 b\u00ecnh ch\u1ecdn)&quot;,&quot;size&quot;:&quot;24&quot;,&quot;title&quot;:&quot;LC-560B Heat Shrink Wrap Machine&quot;,&quot;width&quot;:&quot;139.6&quot;,&quot;_legend&quot;:&quot;{score}\\\/{best} - ({count} {votes})&quot;,&quot;font_factor&quot;:&quot;1.25&quot;}'>              <div class=\"kksr-stars\">      <div class=\"kksr-stars-inactive\">             <div class=\"kksr-star\" data-star=\"1\" style=\"padding-right: 5px\">               <div class=\"kksr-icon\" style=\"width: 24px; height: 24px;\"><\/div>         <\/div>             <div class=\"kksr-star\" data-star=\"2\" style=\"padding-right: 5px\">               <div class=\"kksr-icon\" style=\"width: 24px; height: 24px;\"><\/div>         <\/div>             <div class=\"kksr-star\" data-star=\"3\" style=\"padding-right: 5px\">               <div class=\"kksr-icon\" style=\"width: 24px; height: 24px;\"><\/div>         <\/div>             <div class=\"kksr-star\" data-star=\"4\" style=\"padding-right: 5px\">               <div class=\"kksr-icon\" style=\"width: 24px; height: 24px;\"><\/div>         <\/div>             <div class=\"kksr-star\" data-star=\"5\" style=\"padding-right: 5px\">               <div class=\"kksr-icon\" style=\"width: 24px; height: 24px;\"><\/div>         <\/div>     <\/div>      <div class=\"kksr-stars-active\" style=\"width: 139.6px;\">             <div class=\"kksr-star\" style=\"padding-right: 5px\">               <div class=\"kksr-icon\" style=\"width: 24px; height: 24px;\"><\/div>         <\/div>             <div class=\"kksr-star\" style=\"padding-right: 5px\">               <div class=\"kksr-icon\" style=\"width: 24px; height: 24px;\"><\/div>         <\/div>             <div class=\"kksr-star\" style=\"padding-right: 5px\">               <div class=\"kksr-icon\" style=\"width: 24px; height: 24px;\"><\/div>         <\/div>             <div class=\"kksr-star\" style=\"padding-right: 5px\">               <div class=\"kksr-icon\" style=\"width: 24px; height: 24px;\"><\/div>         <\/div>             <div class=\"kksr-star\" style=\"padding-right: 5px\">               <div class=\"kksr-icon\" style=\"width: 24px; height: 24px;\"><\/div>         <\/div>     <\/div> <\/div>                   <div class=\"kksr-legend\" style=\"font-size: 19.2px;\">             4.9\/5 - (26 l\u01b0\u1ee3t b\u00ecnh ch\u1ecdn)    <\/div>     <\/div>  <p>M\u00e1y qu\u1ea5n m\u00e0ng co nhi\u1ec7t b\u1ecdc ho\u00e0n to\u00e0n s\u1ea3n ph\u1ea9m b\u1eb1ng m\u00e0ng co nhi\u1ec7t nh\u1eb1m b\u1ea3o v\u1ec7 v\u00e0 l\u00e0m \u0111\u1eb9p cho s\u1ea3n ph\u1ea9m. <\/p>    <p>M\u00e1y \u0111\u00f3ng g\u00f3i co nhi\u1ec7t k\u00edn ho\u00e0n to\u00e0n do c\u00f4ng ty ch\u00fang t\u00f4i ph\u00e1t tri\u1ec3n \u0111\u1ed9c l\u1eadp \u0111\u01b0\u1ee3c s\u1eed d\u1ee5ng r\u1ed9ng r\u00e3i trong vi\u1ec7c \u0111\u00f3ng g\u00f3i s\u1ea3n ph\u1ea9m trong c\u00e1c ng\u00e0nh c\u00f4ng nghi\u1ec7p nh\u01b0 \u0111\u1ed3 u\u1ed1ng, th\u1ef1c ph\u1ea9m, thu\u1ed1c v\u00e0 c\u00e1c s\u1ea3n ph\u1ea9m h\u00f3a ch\u1ea5t.<\/p>   <figure class=\"wp-block-embed-youtube wp-block-embed is-type-video is-provider-youtube wp-embed-aspect-16-9 wp-has-aspect-ratio\"><div class=\"lyte-wrapper fourthree\" title=\"M\u00e1y qu\u1ea5n m\u00e0ng co t\u1ef1 \u0111\u1ed9ng | M\u00e1y c\u1eaft co nhi\u1ec7t t\u1ef1 \u0111\u1ed9ng\" style=\"width:960px;max-width:100%;margin:5px auto;\"><div class=\"lyMe hidef\" id=\"WYL_dyFayXTAn-s\" itemprop=\"video\" itemscope itemtype=\"https:\/\/schema.org\/VideoObject\"><div><meta itemprop=\"thumbnailUrl\" content=\"https:\/\/taizypackaging.com\/wp-content\/plugins\/wp-youtube-lyte\/lyteCache.php?origThumbUrl=https%3A%2F%2Fi.ytimg.com%2Fvi%2FdyFayXTAn-s%2Fmaxresdefault.jpg\" \/><meta itemprop=\"embedURL\" content=\"https:\/\/www.youtube.com\/embed\/dyFayXTAn-s\" \/><meta itemprop=\"duration\" content=\"PT1M52S\" \/><meta itemprop=\"uploadDate\" content=\"2021-07-28T09:46:36Z\" \/><\/div><meta itemprop=\"accessibilityFeature\" content=\"captions\" \/><div id=\"lyte_dyFayXTAn-s\" data-src=\"https:\/\/taizypackaging.com\/wp-content\/plugins\/wp-youtube-lyte\/lyteCache.php?origThumbUrl=https%3A%2F%2Fi.ytimg.com%2Fvi%2FdyFayXTAn-s%2Fmaxresdefault.jpg\" class=\"pL\"><div class=\"tC\"><div class=\"tT\" itemprop=\"name\">M\u00e1y qu\u1ea5n m\u00e0ng co t\u1ef1 \u0111\u1ed9ng | M\u00e1y c\u1eaft co nhi\u1ec7t t\u1ef1 \u0111\u1ed9ng<\/div><\/div><div class=\"play\"><\/div><div class=\"ctrl\"><div class=\"Lctrl\"><\/div><div class=\"Rctrl\"><\/div><\/div><\/div><noscript><a href=\"https:\/\/youtu.be\/dyFayXTAn-s\" rel=\"nofollow noopener\" target=\"_blank\"><img loading=\"lazy\" decoding=\"async\" src=\"https:\/\/taizypackaging.com\/wp-content\/plugins\/wp-youtube-lyte\/lyteCache.php?origThumbUrl=https%3A%2F%2Fi.ytimg.com%2Fvi%2FdyFayXTAn-s%2F0.jpg\" alt=\"M\u00e1y qu\u1ea5n m\u00e0ng co t\u1ef1 \u0111\u1ed9ng | M\u00e1y c\u1eaft co nhi\u1ec7t t\u1ef1 \u0111\u1ed9ng\" width=\"960\" height=\"700\" \/><br \/>Xem video n\u00e0y tr\u00ean YouTube<\/a><\/noscript><meta itemprop=\"description\" content=\"WhatsApp\/Wechat\/Tel:+86 19139754781 Our company&#039;s automatic shrink wrap machine is an L-type heat shrink film wrapping machine, widely used for mass production packaging flowing operation. You can learn more information on :https:\/\/taizypackaging.com\/automatic-shrink-wrap-machine\/\"><\/div><\/div><div class=\"lL\" style=\"max-width:100%;width:960px;margin:5px auto;\"><\/div><figcaption>video ho\u1ea1t \u0111\u1ed9ng c\u1ee7a m\u00e1y qu\u1ea5n m\u00e0ng co t\u1ef1 \u0111\u1ed9ng<\/figcaption><\/figure>   <h2 class=\"wp-block-heading\">\u01afu \u0111i\u1ec3m c\u1ee7a m\u00e1y qu\u1ea5n m\u00e0ng co nhi\u1ec7t<\/h2>    <ol class=\"wp-block-list\"> <li>Ch\u1ea5t l\u01b0\u1ee3ng cao. To\u00e0n b\u1ed9 m\u00e1y \u0111\u00f3ng g\u00f3i m\u00e0ng co nhi\u1ec7t \u0111\u01b0\u1ee3c l\u00e0m b\u1eb1ng th\u00e9p ch\u1ea5t l\u01b0\u1ee3ng cao v\u00e0 th\u00e9p kh\u00f4ng g\u1ec9.<\/li>    <li>\u0110i\u1ec1u ch\u1ec9nh theo c\u1ea5u tr\u00fac l\u01b0u th\u00f4ng kh\u00f4ng kh\u00ed n\u00f3ng. M\u00e1y \u0111\u00f3ng g\u00f3i m\u00e0ng co n\u00e0y \u00e1p d\u1ee5ng cho nhi\u1ec1u lo\u1ea1i m\u00e0ng co nhi\u1ec7t hi\u1ec7n c\u00f3 (bao g\u1ed3m c\u1ea3 in m\u00e0u).<\/li>    <li>M\u1ee9c \u0111\u1ed9 t\u1ef1 \u0111\u1ed9ng h\u00f3a cao. M\u00e1y qu\u1ea5n m\u00e0ng co nhi\u1ec7t to\u00e0n k\u00edn c\u1ee7a ch\u00fang t\u00f4i \u0111\u01b0\u1ee3c trang b\u1ecb kh\u1ea3 n\u0103ng c\u1ea5p li\u1ec7u t\u1ef1 \u0111\u1ed9ng, h\u00e0n k\u00edn t\u1ef1 \u0111\u1ed9ng, c\u1eaft m\u00e0ng t\u1ef1 \u0111\u1ed9ng v\u00e0 c\u00e1c ch\u1ee9c n\u0103ng kh\u00e1c.<\/li>    <li>\u1ee8ng d\u1ee5ng r\u1ed9ng r\u00e3i. Th\u00edch h\u1ee3p cho th\u1ef1c ph\u1ea9m, \u0111\u1ed3 u\u1ed1ng, thu\u1ed1c men, nhu y\u1ebfu ph\u1ea9m h\u00e0ng ng\u00e0y, s\u1ea3n ph\u1ea9m \u0111i\u1ec7n t\u1eed v\u00e0 c\u00e1c ng\u00e0nh c\u00f4ng nghi\u1ec7p kh\u00e1c.<\/li>    <li>Ho\u1ea1t \u0111\u1ed9ng d\u1ec5 d\u00e0ng. Thi\u1ebft b\u1ecb \u0111\u01b0\u1ee3c trang b\u1ecb h\u1ec7 th\u1ed1ng \u0111i\u1ec1u khi\u1ec3n th\u00f4ng minh.<\/li>    <li>Hi\u1ec7u qu\u1ea3 cao v\u00e0 ti\u1ebft ki\u1ec7m n\u0103ng l\u01b0\u1ee3ng. H\u1ec7 th\u1ed1ng s\u01b0\u1edfi ti\u1ebft ki\u1ec7m n\u0103ng l\u01b0\u1ee3ng c\u00f3 th\u1ec3 nhanh ch\u00f3ng \u0111\u1ea1t \u0111\u1ebfn nhi\u1ec7t \u0111\u1ed9 l\u00e0m vi\u1ec7c \u0111\u1ec3 gi\u1ea3m m\u1ee9c ti\u00eau th\u1ee5 n\u0103ng l\u01b0\u1ee3ng.<\/li> <\/ol>    <h2 class=\"wp-block-heading\">Ph\u1ea1m vi \u1ee9ng d\u1ee5ng c\u1ee7a m\u00e1y qu\u1ea5n m\u00e0ng co nhi\u1ec7t<\/h2>    <ul class=\"wp-block-list\"> <li>C\u00f4ng nghi\u1ec7p th\u1ef1c ph\u1ea9m: b\u00e1nh quy, <a href=\"https:\/\/en.wikipedia.org\/wiki\/Chocolate\" target=\"_blank\" rel=\"noopener\">s\u00f4 c\u00f4 la<\/a>, b\u00e1nh m\u00ec, n\u01b0\u1edbc u\u1ed1ng c\u00f3 ga, n\u01b0\u1edbc kho\u00e1ng, soda, m\u00ec g\u00f3i \u0111\u00f3ng h\u1ed9p.<\/li>    <li>Nhu y\u1ebfu ph\u1ea9m h\u00e0ng ng\u00e0y: d\u1ea7u g\u1ed9i, s\u1eefa t\u1eafm, kem d\u01b0\u1ee1ng da m\u1eb7t, b\u1ed9t gi\u1eb7t, n\u01b0\u1edbc r\u1eeda ch\u00e9n.<\/li>    <li>Ng\u00e0nh d\u01b0\u1ee3c ph\u1ea9m: chai thu\u1ed1c, h\u1ed9p thu\u1ed1c, \u1ed1ng ti\u00eam, b\u1ed9 d\u1ee5ng c\u1ee5 x\u00e9t nghi\u1ec7m.<\/li>    <li>S\u1ea3n ph\u1ea9m \u0111i\u1ec7n t\u1eed: b\u1ed9 s\u01b0u t\u1eadp, \u0111i\u1ec1u khi\u1ec3n t\u1eeb xa, v.v.<\/li>    <li>S\u00e1ch: t\u1ea1p ch\u00ed, s\u00e1ch gi\u00e1o khoa, s\u1ed5 ghi ch\u00e9p, v.v.<\/li> <\/ul>    <h2 class=\"wp-block-heading\">Th\u00f4ng s\u1ed1 thi\u1ebft b\u1ecb b\u1ecdc m\u00e0ng co Taizy<\/h2>    <figure class=\"wp-block-table\"><table><tbody><tr><td>Ng\u01b0\u1eddi m\u1eabu<\/td><td>LC-560B<\/td><\/tr><tr><td>Lo\u1ea1i ni\u00eam phong<\/td><td>Bao b\u1ecdc ho\u00e0n to\u00e0n<\/td><\/tr><tr><td>Ngu\u1ed3n c\u1ea5p<\/td><td>380V \/ 50 \u4e00 60Hz\/3 pha<\/td><\/tr><tr><td>C\u00f4ng su\u1ea5t \u0111\u00f3ng g\u00f3i t\u1ed1i \u0111a<\/td><td>35 t\u00fai\/ph\u00fat (ph\u1ee5 thu\u1ed9c v\u00e0o k\u00edch th\u01b0\u1edbc s\u1ea3n ph\u1ea9m)<\/td><\/tr><tr><td>Chi\u1ec1u cao ni\u00eam phong<\/td><td>125mm<\/td><\/tr><tr><td>Chi\u1ec1u r\u1ed9ng \u0111\u00f3ng g\u00f3i<\/td><td>350mm<\/td><\/tr><tr><td>K\u00edch th\u01b0\u1edbc th\u00e0nh ph\u1ea9m<\/td><td>Chi\u1ec1u r\u1ed9ng + chi\u1ec1u cao&lt;400mm Chi\u1ec1u d\u00e0i\u00a0+ chi\u1ec1u cao&lt;480mm<\/td><\/tr><tr><td>Lo\u1ea1i phim<\/td><td>Phim polyolefin g\u1ea5p \u1edf gi\u1eefa (POF)<\/td><\/tr><tr><td>T\u1ed5ng c\u00f4ng su\u1ea5t<\/td><td>1,5KW<\/td><\/tr><tr><td>Chi\u1ec1u cao l\u00e0m vi\u1ec7c<\/td><td>780-850mm<\/td><\/tr><tr><td>\u00c1p su\u1ea5t kh\u00f4ng kh\u00ed<\/td><td>.50,5MPa \uff085 thanh<\/td><\/tr><tr><td>H\u1ec7 th\u1ed1ng ni\u00eam phong<\/td><td>H\u1ec7 th\u1ed1ng s\u01b0\u1edfi \u1ea5m nhi\u1ec7t \u0111\u1ed9 kh\u00f4ng \u0111\u1ed5i<\/td><\/tr><tr><td>V\u1eadt li\u1ec7u m\u00e1y<\/td><td>Th\u00e9p carbon<\/td><\/tr><tr><td>C\u00e2n n\u1eb7ng<\/td><td>300kg<\/td><\/tr><\/tbody><\/table><figcaption class=\"wp-element-caption\">thi\u1ebft b\u1ecb b\u1ecdc co l\u1ea1i<\/figcaption><\/figure>    <p>T\u1eeb b\u1ea3ng tr\u00ean, b\u1ea1n c\u00f3 th\u1ec3 xem d\u1eef li\u1ec7u k\u1ef9 thu\u1eadt c\u1ee7a m\u1eabu LC-560B. N\u1ebfu b\u1ea1n mu\u1ed1n bi\u1ebft th\u00eam v\u1ec1 m\u00e1y qu\u1ea5n m\u00e0ng co nhi\u1ec7t n\u00e0y, vui l\u00f2ng li\u00ean h\u1ec7 v\u1edbi ch\u00fang t\u00f4i.<\/p>    <h2 class=\"wp-block-heading\">Quy tr\u00ecnh l\u00e0m vi\u1ec7c c\u1ee7a m\u00e1y qu\u1ea5n m\u00e0ng co nhi\u1ec7t<\/h2>    <p>\u0110\u1ea7u ti\u00ean, chai c\u1ea7n \u0111\u00f3ng g\u00f3i c\u1ea7n \u0111\u01b0\u1ee3c \u0111\u1eb7t tr\u00ean c\u01a1 c\u1ea5u v\u1eadn chuy\u1ec3n chai. Sau \u0111\u00f3, h\u1ed9p \u0111\u00f3ng g\u00f3i \u0111\u1ebfn v\u00e1ch ng\u0103n chai d\u1ecdc theo r\u00e3nh \u0111\u01b0\u1ee3c h\u00ecnh th\u00e0nh b\u1edfi c\u01a1 ch\u1ebf t\u00e1ch chai.<\/p>    <p>Khi \u0111\u00f3 \u0111\u1ea7u ph\u00e1t hi\u1ec7n quang \u0111i\u1ec7n \u1edf ph\u1ea7n tr\u00ean c\u1ee7a m\u00e1y qu\u1ea5n m\u00e0ng co nhi\u1ec7t s\u1ebd ph\u00e1t t\u00edn hi\u1ec7u d\u1eebng m\u00e1y v\u1eadn chuy\u1ec3n.<\/p>    <p>Sau \u0111\u00f3, v\u00e1ch ng\u0103n di chuy\u1ec3n tr\u1edf l\u1ea1i \u0111\u1ec3 gi\u1ea3i ph\u00f3ng \u00e1p l\u1ef1c v\u1eadn chuy\u1ec3n v\u00e0 \u00e9p \u0111\u00f9n s\u1ea3n xu\u1ea5t. Ti\u1ebfp theo, v\u00e1ch ng\u0103n n\u00e2ng l\u00ean \u0111\u1ec3 t\u00e1ch chai (h\u1ed9p) \u0111\u00f3ng g\u00f3i ra kh\u1ecfi chai (h\u1ed9p) c\u1ea7n \u0111\u00f3ng g\u00f3i.<\/p>    <p>Ti\u1ebfp theo, c\u01a1 c\u1ea5u v\u1eadn chuy\u1ec3n c\u1ee7a m\u00e1y s\u1ebd di chuy\u1ec3n v\u1ec1 ph\u00eda tr\u01b0\u1edbc \u0111\u1ec3 l\u00e0m chai (h\u1ed9p) \u0111\u00f3ng g\u00f3i d\u1ecdc theo c\u01a1 c\u1ea5u d\u1eabn h\u01b0\u1edbng chai (h\u1ed9p) c\u00f9ng v\u1edbi m\u00e0ng \u0111\u1ec3 \u0111\u1ebfn v\u1ecb tr\u00ed h\u00e0n k\u00edn v\u00e0 c\u1eaft.<\/p>    <p>\u0110\u1ed3ng th\u1eddi, thi\u1ebft b\u1ecb v\u1eadn chuy\u1ec3n s\u1ebd \u0111\u1ea9y chai \u0111\u00f3ng g\u00f3i \u0111\u00e3 \u0111\u01b0\u1ee3c quay ph\u00eda tr\u01b0\u1edbc l\u00ean b\u0103ng chuy\u1ec1n trong m\u00e1y \u0111\u00f3ng g\u00f3i m\u00e0ng co nhi\u1ec7t. L\u00fac n\u00e0y c\u01a1 ch\u1ebf c\u1ea5p m\u00e0ng c\u0169ng ho\u1ea1t \u0111\u1ed9ng \u0111\u1ed3ng th\u1eddi.<\/p>    <p>Sau \u0111\u00f3, dao c\u1eaft h\u00e0n nhi\u1ec7t di chuy\u1ec3n xu\u1ed1ng d\u01b0\u1edbi \u0111\u1ec3 ho\u00e0n th\u00e0nh ch\u1ee9c n\u0103ng h\u00e0n v\u00e0 c\u1eaft.<\/p>    <p>Chai \u0111\u00f3ng g\u00f3i \u0111\u01b0\u1ee3c \u0111\u1ea9y l\u00ean b\u0103ng t\u1ea3i nhi\u1ec7t \u0111\u1ed9 cao s\u1ebd di chuy\u1ec3n v\u1ec1 ph\u00eda tr\u01b0\u1edbc trong thi\u1ebft b\u1ecb co nhi\u1ec7t \u0111\u1ed3ng th\u1eddi ho\u00e0n th\u00e0nh ch\u1ee9c n\u0103ng co nhi\u1ec7t.<\/p>    <p>Cu\u1ed1i c\u00f9ng, s\u1ea3n ph\u1ea9m \u0111\u00f3ng g\u00f3i s\u1ebd \u0111\u1ebfn n\u01a1i v\u1eadn chuy\u1ec3n th\u00e0nh ph\u1ea9m sau khi \u0111\u01b0\u1ee3c l\u00e0m l\u1ea1nh v\u00e0 co l\u1ea1i b\u1eb1ng kh\u00f4ng kh\u00ed l\u1ea1nh.<\/p>    <h2 class=\"wp-block-heading\">Li\u00ean h\u1ec7 ch\u00fang t\u00f4i<\/h2>    <p class=\"translation-block\">Taizy Machinery l\u00e0 nh\u00e0 s\u1ea3n xu\u1ea5t m\u00e1y \u0111\u00f3ng g\u00f3i chuy\u00ean nghi\u1ec7p. Ngo\u00e0i m\u00e1y \u0111\u00f3ng g\u00f3i m\u00e0ng co nhi\u1ec7t t\u1ef1 \u0111\u1ed9ng, ch\u00fang t\u00f4i c\u00f2n c\u00f3 <a href=\"https:\/\/taizypackaging.com\/vi\/powder-packaging-machine\/\">m\u00e1y \u0111\u00f3ng g\u00f3i b\u1ed9t<\/a>, <a href=\"https:\/\/taizypackaging.com\/vi\/automatic-liquid-filling-machine\/\">m\u00e1y chi\u1ebft r\u00f3t l\u1ecfng<\/a>, <a href=\"https:\/\/taizypackaging.com\/vi\/vacuum-packing-machine\/\">m\u00e1y h\u00fat ch\u00e2n kh\u00f4ng<\/a> v\u00e0 <a href=\"https:\/\/taizypackaging.com\/vi\/granule-packaging-machine\/\">m\u00e1y \u0111\u00f3ng g\u00f3i h\u1ea1t<\/a> \u0111\u1ec3 b\u00e1n. <\/p>    <p>N\u1ebfu b\u1ea1n \u0111ang t\u00ecm ki\u1ebfm m\u00e1y \u0111\u00f3ng g\u00f3i m\u00e0ng co ch\u1ea5t l\u01b0\u1ee3ng cao, vui l\u00f2ng li\u00ean h\u1ec7 v\u1edbi ch\u00fang t\u00f4i.<\/p>","protected":false},"excerpt":{"rendered":"<p>M\u00e1y \u0111\u00f3ng g\u00f3i m\u00e0ng co nhi\u1ec7t \u0111\u01b0\u1ee3c s\u1eed d\u1ee5ng r\u1ed9ng r\u00e3i trong vi\u1ec7c \u0111\u00f3ng g\u00f3i c\u00e1c s\u1ea3n ph\u1ea9m trong c\u00e1c ng\u00e0nh c\u00f4ng nghi\u1ec7p nh\u01b0 \u0111\u1ed3 u\u1ed1ng, th\u1ef1c ph\u1ea9m, d\u01b0\u1ee3c ph\u1ea9m v\u00e0 c\u00e1c s\u1ea3n ph\u1ea9m h\u00f3a ch\u1ea5t.<\/p>","protected":false},"author":1,"featured_media":5073,"parent":0,"template":"","tags":[672],"product-type":[668],"class_list":["post-5071","product","type-product","status-publish","has-post-thumbnail","hentry","tag-heat-shrink","product-type-supporting-equipment"],"_links":{"self":[{"href":"https:\/\/taizypackaging.com\/vi\/wp-json\/wp\/v2\/product\/5071","targetHints":{"allow":["GET"]}}],"collection":[{"href":"https:\/\/taizypackaging.com\/vi\/wp-json\/wp\/v2\/product"}],"about":[{"href":"https:\/\/taizypackaging.com\/vi\/wp-json\/wp\/v2\/types\/product"}],"author":[{"embeddable":true,"href":"https:\/\/taizypackaging.com\/vi\/wp-json\/wp\/v2\/users\/1"}],"wp:featuredmedia":[{"embeddable":true,"href":"https:\/\/taizypackaging.com\/vi\/wp-json\/wp\/v2\/media\/5073"}],"wp:attachment":[{"href":"https:\/\/taizypackaging.com\/vi\/wp-json\/wp\/v2\/media?parent=5071"}],"wp:term":[{"taxonomy":"post_tag","embeddable":true,"href":"https:\/\/taizypackaging.com\/vi\/wp-json\/wp\/v2\/tags?post=5071"},{"taxonomy":"product-type","embeddable":true,"href":"https:\/\/taizypackaging.com\/vi\/wp-json\/wp\/v2\/product-type?post=5071"}],"curies":[{"name":"wp","href":"https:\/\/api.w.org\/{rel}","templated":true}]}}