{"id":5080,"date":"2024-07-11T14:05:51","date_gmt":"2024-07-11T06:05:51","guid":{"rendered":"https:\/\/taizypackaging.com\/?post_type=product&#038;p=5080"},"modified":"2024-07-11T14:12:25","modified_gmt":"2024-07-11T06:12:25","slug":"shrink-packing-machine","status":"publish","type":"product","link":"https:\/\/taizypackaging.com\/vi\/shrink-packing-machine\/","title":{"rendered":"M\u00e1y \u0111\u00f3ng g\u00f3i co g\u1ed1i LC-590"},"content":{"rendered":"<div class=\"kk-star-ratings kksr-auto kksr-align-left kksr-valign-top\"     data-payload='{&quot;align&quot;:&quot;left&quot;,&quot;id&quot;:&quot;5080&quot;,&quot;slug&quot;:&quot;default&quot;,&quot;valign&quot;:&quot;top&quot;,&quot;ignore&quot;:&quot;&quot;,&quot;reference&quot;:&quot;auto&quot;,&quot;class&quot;:&quot;&quot;,&quot;count&quot;:&quot;5&quot;,&quot;legendonly&quot;:&quot;&quot;,&quot;readonly&quot;:&quot;&quot;,&quot;score&quot;:&quot;4.8&quot;,&quot;starsonly&quot;:&quot;&quot;,&quot;best&quot;:&quot;5&quot;,&quot;gap&quot;:&quot;5&quot;,&quot;greet&quot;:&quot;Rate this product&quot;,&quot;legend&quot;:&quot;4.8\\\/5 - (5 b\u00ecnh ch\u1ecdn)&quot;,&quot;size&quot;:&quot;24&quot;,&quot;title&quot;:&quot;LC-590 Pillow Shrink Packing Machine&quot;,&quot;width&quot;:&quot;136.7&quot;,&quot;_legend&quot;:&quot;{score}\\\/{best} - ({count} {votes})&quot;,&quot;font_factor&quot;:&quot;1.25&quot;}'>              <div class=\"kksr-stars\">      <div class=\"kksr-stars-inactive\">             <div class=\"kksr-star\" data-star=\"1\" style=\"padding-right: 5px\">               <div class=\"kksr-icon\" style=\"width: 24px; height: 24px;\"><\/div>         <\/div>             <div class=\"kksr-star\" data-star=\"2\" style=\"padding-right: 5px\">               <div class=\"kksr-icon\" style=\"width: 24px; height: 24px;\"><\/div>         <\/div>             <div class=\"kksr-star\" data-star=\"3\" style=\"padding-right: 5px\">               <div class=\"kksr-icon\" style=\"width: 24px; height: 24px;\"><\/div>         <\/div>             <div class=\"kksr-star\" data-star=\"4\" style=\"padding-right: 5px\">               <div class=\"kksr-icon\" style=\"width: 24px; height: 24px;\"><\/div>         <\/div>             <div class=\"kksr-star\" data-star=\"5\" style=\"padding-right: 5px\">               <div class=\"kksr-icon\" style=\"width: 24px; height: 24px;\"><\/div>         <\/div>     <\/div>      <div class=\"kksr-stars-active\" style=\"width: 136.7px;\">             <div class=\"kksr-star\" style=\"padding-right: 5px\">               <div class=\"kksr-icon\" style=\"width: 24px; height: 24px;\"><\/div>         <\/div>             <div class=\"kksr-star\" style=\"padding-right: 5px\">               <div class=\"kksr-icon\" style=\"width: 24px; height: 24px;\"><\/div>         <\/div>             <div class=\"kksr-star\" style=\"padding-right: 5px\">               <div class=\"kksr-icon\" style=\"width: 24px; height: 24px;\"><\/div>         <\/div>             <div class=\"kksr-star\" style=\"padding-right: 5px\">               <div class=\"kksr-icon\" style=\"width: 24px; height: 24px;\"><\/div>         <\/div>             <div class=\"kksr-star\" style=\"padding-right: 5px\">               <div class=\"kksr-icon\" style=\"width: 24px; height: 24px;\"><\/div>         <\/div>     <\/div> <\/div>                   <div class=\"kksr-legend\" style=\"font-size: 19.2px;\">             4.8\/5 - (5 l\u01b0\u1ee3t b\u00ecnh ch\u1ecdn)    <\/div>     <\/div>  <p>M\u00e1y \u0111\u00f3ng g\u00f3i co g\u1ed1i \u0111\u01b0\u1ee3c s\u1eed d\u1ee5ng r\u1ed9ng r\u00e3i trong d\u01b0\u1ee3c ph\u1ea9m, th\u1ef1c ph\u1ea9m, m\u1ef9 ph\u1ea9m, v\u0103n h\u00f3a ph\u1ea9m, s\u1ea3n ph\u1ea9m \u0111i\u1ec7n t\u1eed, nhu y\u1ebfu ph\u1ea9m h\u00e0ng ng\u00e0y v\u00e0 c\u00f4ng nghi\u1ec7p \u0111\u1ed3 ch\u01a1i. <\/p>    <p>M\u00e1y kh\u00f4ng c\u1ea7n khay v\u00e0 th\u00f9ng carton trong qu\u00e1 tr\u00ecnh \u0111\u00f3ng g\u00f3i. Cho d\u00f9 s\u1ea3n ph\u1ea9m c\u00f3 h\u00ecnh vu\u00f4ng, tr\u00f2n hay ph\u1eb3ng, m\u00e1y qu\u1ea5n m\u00e0ng co t\u1ed1c \u0111\u1ed9 cao n\u00e0y \u0111\u1ec1u c\u00f3 th\u1ec3 \u0111\u00f3ng g\u00f3i ho\u00e0n h\u1ea3o.<\/p>    <h2 class=\"wp-block-heading\">T\u00ednh n\u0103ng c\u1ee7a m\u00e1y \u0111\u00f3ng g\u00f3i g\u1ed1i co<\/h2>    <ol class=\"wp-block-list\"> <li>M\u00e1y c\u00f3 thi\u1ebft b\u1ecb ly h\u1ee3p an to\u00e0n ch\u1ed1ng c\u1eaft. \u0110i\u1ec1u n\u00e0y c\u00f3 th\u1ec3 ng\u0103n ch\u1eb7n thi\u1ec7t h\u1ea1i cho h\u00e0ng h\u00f3a \u0111\u01b0\u1ee3c \u0111\u00f3ng g\u00f3i.<\/li>    <li>Thi\u1ebft b\u1ecb t\u00e1i ch\u1ebf ch\u1ea5t th\u1ea3i \u0111\u1ed9c \u0111\u00e1o c\u00f3 th\u1ec3 l\u00e0m cho bao b\u00ec \u0111\u1eb9p h\u01a1n. \u0110\u1ed3ng th\u1eddi c\u00f2n ti\u1ebft ki\u1ec7m \u0111\u01b0\u1ee3c kho\u1ea3ng 3%-10% nguy\u00ean li\u1ec7u so v\u1edbi c\u00e1c m\u00e1y \u0111\u00f3ng g\u00f3i truy\u1ec1n th\u1ed1ng.<\/li>    <li>H\u1ec7 th\u1ed1ng \u0111i\u1ec1u khi\u1ec3n m\u00e0n h\u00ecnh c\u1ea3m \u1ee9ng m\u00e0u gi\u00fap m\u00e1y v\u1eadn h\u00e0nh d\u1ec5 d\u00e0ng h\u01a1n. V\u00e0 \u0111i\u1ec1u khi\u1ec3n PLC gi\u00fap h\u1ec7 th\u1ed1ng \u1ed5n \u0111\u1ecbnh h\u01a1n.<\/li>    <li>Chi\u1ec1u d\u00e0i c\u1ee7a t\u00fai \u0111\u00f3ng g\u00f3i, t\u1ed1c \u0111\u1ed9 \u0111\u00f3ng g\u00f3i v\u00e0 nhi\u1ec7t \u0111\u1ed9 c\u00f3 th\u1ec3 \u0111\u01b0\u1ee3c \u0111i\u1ec1u ch\u1ec9nh ri\u00eang.<\/li>    <li>M\u00e1y qu\u1ea5n m\u00e0ng co t\u1ed1c \u0111\u1ed9 cao c\u00f3 th\u1ec3 \u0111\u01b0\u1ee3c trang b\u1ecb m\u00e1y m\u00e3 h\u00f3a ho\u1eb7c m\u00e1y in phun. Kh\u00f4ng c\u1ea7n thao t\u00e1c th\u1ee7 c\u00f4ng trong qu\u00e1 tr\u00ecnh \u0111\u00f3ng g\u00f3i.<\/li>    <li>V\u1edbi \u0111i\u1ec1u khi\u1ec3n phanh \u0111\u1ed9ng c\u01a1, thi\u1ebft b\u1ecb r\u1ea5t nh\u1ea1y c\u1ea3m v\u1edbi ph\u1ea3n \u1ee9ng.<\/li>    <li>H\u1ec7 th\u1ed1ng l\u01b0u th\u00f4ng kh\u00f4ng kh\u00ed n\u00f3ng hi\u1ec7u qu\u1ea3 v\u00e0 h\u1ec7 th\u1ed1ng ki\u1ec3m so\u00e1t nhi\u1ec7t \u0111\u1ed9 t\u1ef1 \u0111\u1ed9ng c\u00f3 th\u1ec3 \u0111\u1ea3m b\u1ea3o ch\u1ea5t l\u01b0\u1ee3ng co l\u1ea1i.<\/li> <\/ol>    <h2 class=\"wp-block-heading\">Th\u00f4ng s\u1ed1 k\u1ef9 thu\u1eadt m\u00e1y \u0111\u00f3ng g\u00f3i g\u1ed1i co<\/h2>    <figure class=\"wp-block-table\"><table><tbody><tr><td>Ng\u01b0\u1eddi m\u1eabu<\/td><td>LC-590<\/td><\/tr><tr><td>T\u1ed1c \u0111\u1ed9 \u0111\u00f3ng g\u00f3i<\/td><td>30-135 t\u00fai\/ph\u00fat<\/td><\/tr><tr><td>\u0110\u00e3 x\u1ebfp h\u1ea1ng <a href=\"https:\/\/en.wikipedia.org\/wiki\/Power_(physics)\" target=\"_blank\" rel=\"noopener\">quy\u1ec1n l\u1ef1c<\/a><\/td><td>3,6(KW)+16,5(KW)<\/td><\/tr><tr><td>Ngu\u1ed3n c\u1ea5p<\/td><td>M\u00e1y ch\u00ednh: 220V, 50HZ; m\u00e1y thu nh\u1ecf: 380V, 50HZ<\/td><\/tr><tr><td>K\u00edch c\u1ee1<\/td><td>M\u00e1y ch\u00ednh: 5000x965x1450mm; m\u00e1y thu nh\u1ecf 2600x600x1750mm<\/td><\/tr><tr><td>C\u00e2n n\u1eb7ng<\/td><td>M\u00e1y ch\u00ednh: 1000kg; m\u00e1y thu nh\u1ecf: 600kg<\/td><\/tr><\/tbody><\/table><figcaption class=\"wp-element-caption\">th\u00f4ng s\u1ed1 m\u00e1y qu\u1ea5n m\u00e0ng co<\/figcaption><\/figure>    <p>T\u1ed1c \u0111\u1ed9 \u0111\u00f3ng g\u00f3i c\u1ee7a m\u00e1y qu\u1ea5n m\u00e0ng co t\u1ed1c \u0111\u1ed9 cao n\u00e0y l\u00e0 30-135 t\u00fai\/ph\u00fat. \u0110i\u1ec1u n\u00e0y c\u00f3 th\u1ec3 th\u00edch \u1ee9ng v\u1edbi h\u1ea7u h\u1ebft c\u00e1c nhu c\u1ea7u \u0111\u00f3ng g\u00f3i. K\u00edch th\u01b0\u1edbc m\u00e1y ch\u00ednh l\u00e0 5000x965x1450mm v\u00e0 k\u00edch th\u01b0\u1edbc m\u00e1y \u0111\u00f3ng g\u00f3i l\u00e0 2600x600x1750mm.<\/p>    <h2 class=\"wp-block-heading\">Li\u00ean h\u1ec7 v\u1edbi ch\u00fang t\u00f4i \u0111\u1ec3 nh\u1eadn b\u00e1o gi\u00e1 m\u1edbi nh\u1ea5t<\/h2>    <p class=\"translation-block\">B\u1ea1n \u0111ang t\u00ecm ki\u1ebfm m\u1ed9t m\u00e1y \u0111\u00f3ng g\u00f3i co m\u00e0ng hi\u1ec7u qu\u1ea3? Taizy Machinery l\u00e0 m\u1ed9t l\u1ef1a ch\u1ecdn t\u1ed1t. L\u00e0 nh\u00e0 s\u1ea3n xu\u1ea5t m\u00e1y \u0111\u00f3ng g\u00f3i co m\u00e0ng chuy\u00ean nghi\u1ec7p, ch\u00fang t\u00f4i c\u00f2n c\u00f3 <a href=\"https:\/\/taizypackaging.com\/vi\/bottle-filling-machine\/\">m\u00e1y chi\u1ebft r\u00f3t chai<\/a>, <a href=\"https:\/\/taizypackaging.com\/vi\/powder-filling-machine\/\">m\u00e1y chi\u1ebft r\u00f3t b\u1ed9t<\/a>, <a href=\"https:\/\/taizypackaging.com\/vi\/double-chamber-vacuum-packing-machine\/\">m\u00e1y h\u00fat ch\u00e2n kh\u00f4ng<\/a> v\u00e0 <a href=\"https:\/\/taizypackaging.com\/vi\/multi-lane-stick-pack-machine\/\">m\u00e1y \u0111\u00f3ng g\u00f3i que<\/a> \u0111\u1ec3 b\u00e1n. N\u1ebfu b\u1ea1n c\u1ea7n, vui l\u00f2ng li\u00ean h\u1ec7 v\u1edbi ch\u00fang t\u00f4i qua c\u1eeda s\u1ed5 b\u1eadt l\u00ean \u1edf g\u00f3c d\u01b0\u1edbi b\u00ean ph\u1ea3i.<\/p>","protected":false},"excerpt":{"rendered":"<p>M\u00e1y \u0111\u00f3ng g\u00f3i co g\u1ed1i \u0111\u01b0\u1ee3c s\u1eed d\u1ee5ng r\u1ed9ng r\u00e3i trong d\u01b0\u1ee3c ph\u1ea9m, th\u1ef1c ph\u1ea9m, m\u1ef9 ph\u1ea9m, v\u0103n h\u00f3a ph\u1ea9m, s\u1ea3n ph\u1ea9m \u0111i\u1ec7n t\u1eed, nhu y\u1ebfu ph\u1ea9m h\u00e0ng ng\u00e0y, v.v. <\/p>","protected":false},"author":1,"featured_media":5082,"parent":0,"template":"","tags":[672],"product-type":[668],"class_list":["post-5080","product","type-product","status-publish","has-post-thumbnail","hentry","tag-heat-shrink","product-type-supporting-equipment"],"_links":{"self":[{"href":"https:\/\/taizypackaging.com\/vi\/wp-json\/wp\/v2\/product\/5080","targetHints":{"allow":["GET"]}}],"collection":[{"href":"https:\/\/taizypackaging.com\/vi\/wp-json\/wp\/v2\/product"}],"about":[{"href":"https:\/\/taizypackaging.com\/vi\/wp-json\/wp\/v2\/types\/product"}],"author":[{"embeddable":true,"href":"https:\/\/taizypackaging.com\/vi\/wp-json\/wp\/v2\/users\/1"}],"wp:featuredmedia":[{"embeddable":true,"href":"https:\/\/taizypackaging.com\/vi\/wp-json\/wp\/v2\/media\/5082"}],"wp:attachment":[{"href":"https:\/\/taizypackaging.com\/vi\/wp-json\/wp\/v2\/media?parent=5080"}],"wp:term":[{"taxonomy":"post_tag","embeddable":true,"href":"https:\/\/taizypackaging.com\/vi\/wp-json\/wp\/v2\/tags?post=5080"},{"taxonomy":"product-type","embeddable":true,"href":"https:\/\/taizypackaging.com\/vi\/wp-json\/wp\/v2\/product-type?post=5080"}],"curies":[{"name":"wp","href":"https:\/\/api.w.org\/{rel}","templated":true}]}}