{"id":536,"date":"2020-10-15T06:01:20","date_gmt":"2020-10-15T06:01:20","guid":{"rendered":"https:\/\/taizypackaging.com\/?p=536"},"modified":"2024-07-17T17:34:53","modified_gmt":"2024-07-17T09:34:53","slug":"incense-stick-counting-and-packing-machine","status":"publish","type":"product","link":"https:\/\/taizypackaging.com\/vi\/incense-stick-counting-and-packing-machine\/","title":{"rendered":"M\u00e1y \u0111\u1ebfm v\u00e0 \u0111\u00f3ng g\u00f3i nhang"},"content":{"rendered":"<div class=\"kk-star-ratings kksr-auto kksr-align-left kksr-valign-top\"     data-payload='{&quot;align&quot;:&quot;left&quot;,&quot;id&quot;:&quot;536&quot;,&quot;slug&quot;:&quot;default&quot;,&quot;valign&quot;:&quot;top&quot;,&quot;ignore&quot;:&quot;&quot;,&quot;reference&quot;:&quot;auto&quot;,&quot;class&quot;:&quot;&quot;,&quot;count&quot;:&quot;15&quot;,&quot;legendonly&quot;:&quot;&quot;,&quot;readonly&quot;:&quot;&quot;,&quot;score&quot;:&quot;4.8&quot;,&quot;starsonly&quot;:&quot;&quot;,&quot;best&quot;:&quot;5&quot;,&quot;gap&quot;:&quot;5&quot;,&quot;greet&quot;:&quot;Rate this product&quot;,&quot;legend&quot;:&quot;4.8\\\/5 - (15 b\u00ecnh ch\u1ecdn)&quot;,&quot;size&quot;:&quot;24&quot;,&quot;title&quot;:&quot;Incense Stick Counting and Packaging Machine&quot;,&quot;width&quot;:&quot;136.7&quot;,&quot;_legend&quot;:&quot;{score}\\\/{best} - ({count} {votes})&quot;,&quot;font_factor&quot;:&quot;1.25&quot;}'>              <div class=\"kksr-stars\">      <div class=\"kksr-stars-inactive\">             <div class=\"kksr-star\" data-star=\"1\" style=\"padding-right: 5px\">               <div class=\"kksr-icon\" style=\"width: 24px; height: 24px;\"><\/div>         <\/div>             <div class=\"kksr-star\" data-star=\"2\" style=\"padding-right: 5px\">               <div class=\"kksr-icon\" style=\"width: 24px; height: 24px;\"><\/div>         <\/div>             <div class=\"kksr-star\" data-star=\"3\" style=\"padding-right: 5px\">               <div class=\"kksr-icon\" style=\"width: 24px; height: 24px;\"><\/div>         <\/div>             <div class=\"kksr-star\" data-star=\"4\" style=\"padding-right: 5px\">               <div class=\"kksr-icon\" style=\"width: 24px; height: 24px;\"><\/div>         <\/div>             <div class=\"kksr-star\" data-star=\"5\" style=\"padding-right: 5px\">               <div class=\"kksr-icon\" style=\"width: 24px; height: 24px;\"><\/div>         <\/div>     <\/div>      <div class=\"kksr-stars-active\" style=\"width: 136.7px;\">             <div class=\"kksr-star\" style=\"padding-right: 5px\">               <div class=\"kksr-icon\" style=\"width: 24px; height: 24px;\"><\/div>         <\/div>             <div class=\"kksr-star\" style=\"padding-right: 5px\">               <div class=\"kksr-icon\" style=\"width: 24px; height: 24px;\"><\/div>         <\/div>             <div class=\"kksr-star\" style=\"padding-right: 5px\">               <div class=\"kksr-icon\" style=\"width: 24px; height: 24px;\"><\/div>         <\/div>             <div class=\"kksr-star\" style=\"padding-right: 5px\">               <div class=\"kksr-icon\" style=\"width: 24px; height: 24px;\"><\/div>         <\/div>             <div class=\"kksr-star\" style=\"padding-right: 5px\">               <div class=\"kksr-icon\" style=\"width: 24px; height: 24px;\"><\/div>         <\/div>     <\/div> <\/div>                   <div class=\"kksr-legend\" style=\"font-size: 19.2px;\">             4.8\/5 - (15 l\u01b0\u1ee3t b\u00ecnh ch\u1ecdn)    <\/div>     <\/div>  <p class=\"translation-block\">M\u00e1y <strong>\u0111\u00f3ng g\u00f3i nhang<\/strong> c\u00f2n \u0111\u01b0\u1ee3c g\u1ecdi l\u00e0 m\u00e1y \u0111\u00f3ng g\u00f3i agarbatti. Ch\u00fang t\u00f4i \u0111\u00e3 s\u1ea3n xu\u1ea5t m\u00e1y \u0111\u1ebfm v\u00e0 ni\u00eam phong agarbatti n\u00e0y theo \u0111\u1eb7c \u0111i\u1ec3m c\u1ee7a c\u00e1c lo\u1ea1i nhang kh\u00e1c nhau tr\u00ean th\u1ebf gi\u1edbi. Hi\u1ec7n t\u1ea1i, ch\u00fang t\u00f4i c\u00f3 m\u00e1y \u0111\u00f3ng g\u00f3i nhang, m\u00e1y \u0111\u00f3ng g\u00f3i t\u00fai agarbatti, m\u00e1y \u0111\u00f3ng g\u00f3i agarbatti Indiamart, m\u00e1y \u0111\u1ebfm v\u00e0 \u0111\u00f3ng g\u00f3i agarbatti, m\u00e1y \u0111\u00f3ng g\u00f3i agarbatti t\u1ef1 \u0111\u1ed9ng, v.v.<\/p>    <p class=\"translation-block\">M\u1ed9t lo\u1ea1t m\u00e1y \u0111\u00f3ng g\u00f3i nhang m\u00e0 ch\u00fang t\u00f4i s\u1ea3n xu\u1ea5t t\u1eeb <a href=\"https:\/\/taizypackaging.com\/vi\/\" target=\"_blank\" rel=\"noreferrer noopener\">c\u00f4ng ty Taizy<\/a> c\u00f3 th\u1ec3 \u0111\u01b0\u1ee3c s\u1eed d\u1ee5ng \u0111\u1ec3 \u0111\u1ebfm v\u00e0 \u0111\u00f3ng g\u00f3i c\u00e1c lo\u1ea1i nhang nh\u01b0 nhang Ph\u1eadt, nhang mu\u1ed7i, nhang d\u00e0i, nhang ru\u1ed3i, nhang s\u00e1u th\u1ebf h\u1ec7, nhang que, nhang que tre, v.v.<\/p>    <figure class=\"wp-block-image size-large\"><img decoding=\"async\" src=\"https:\/\/taizypackaging.com\/wp-content\/uploads\/2020\/10\/various-incenses-in-the-world.jpg\" alt=\"c\u00e1c lo\u1ea1i h\u01b0\u01a1ng tr\u00ean th\u1ebf gi\u1edbi\" class=\"wp-image-666\"\/><figcaption>c\u00e1c lo\u1ea1i h\u01b0\u01a1ng tr\u00ean th\u1ebf gi\u1edbi<\/figcaption><\/figure>    <h2 class=\"wp-block-heading\" id=\"h-the-features-and-characteristics-of-agarbatti-incense-stick-packing-machine\">C\u00e1c t\u00ednh n\u0103ng v\u00e0 \u0111\u1eb7c \u0111i\u1ec3m c\u1ee7a m\u00e1y \u0111\u00f3ng g\u00f3i nhang Agarbatti<\/h2>    <ul class=\"wp-block-list\"><li>M\u00e1y n\u00e0y s\u1eed d\u1ee5ng \u0111i\u1ec1u khi\u1ec3n m\u00e0n h\u00ecnh c\u1ea3m \u1ee9ng v\u00e0 \u0111i\u1ec1u khi\u1ec3n th\u00f4ng minh m\u1ea1ch \u0111i\u1ec1u khi\u1ec3n ch\u00ednh plc. V\u00e0 n\u00f3 c\u00f3 ph\u00e9p \u0111o ch\u00ednh x\u00e1c.<\/li><\/ul>    <ul class=\"wp-block-list\"><li>N\u00f3 c\u00f3 th\u1ec3 t\u1ef1 \u0111\u1ed9ng ph\u00e1t hi\u1ec7n l\u1ed7i. V\u00ec v\u1eady n\u00f3 c\u00f3 thao t\u00e1c \u0111\u01a1n gi\u1ea3n v\u00e0 \u0111i\u1ec1u ch\u1ec9nh thu\u1eadn ti\u1ec7n.<\/li><li>M\u00e1y s\u1eed d\u1ee5ng c\u1ea5u tr\u00fac servo k\u00e9p ch\u1ea5t l\u01b0\u1ee3ng cao v\u00e0 d\u1ec5 b\u1ea3o tr\u00ec. N\u00f3 \u00edt hao m\u00f2n h\u01a1n v\u00e0 c\u00f3 tu\u1ed5i th\u1ecd cao.<\/li><\/ul>    <ul class=\"wp-block-list\"><li>M\u00e1y \u0111\u00f3ng g\u00f3i nhang s\u1eed d\u1ee5ng kh\u1ea3 n\u0103ng ph\u00e1t hi\u1ec7n s\u1ee3i quang c\u00f3 \u0111\u1ed9 ch\u00ednh x\u00e1c cao. V\u00ec v\u1eady bao b\u00ec l\u00e0 ch\u00ednh x\u00e1c v\u00e0 \u0111\u00e1ng tin c\u1eady.<\/li><li>Chi\u1ec1u d\u00e0i t\u00fai kh\u00f4ng c\u1ea7n thi\u1ebft l\u1eadp th\u1ee7 c\u00f4ng m\u00e0 \u0111\u01b0\u1ee3c thi\u1ebft l\u1eadp b\u1eb1ng m\u00e1y.<\/li><li>Con d\u1ea5u cu\u1ed1i c\u00f3 c\u1ea5u tr\u00fac c\u00f3 th\u1ec3 \u0111i\u1ec1u ch\u1ec9nh \u0111\u01b0\u1ee3c, c\u00f3 th\u1ec3 l\u00e0m cho con d\u1ea5u \u0111\u1eb9p v\u00e0 lo\u1ea1i b\u1ecf hi\u1ec7n t\u01b0\u1ee3ng t\u00fai c\u1eaft.<\/li><li>M\u00e1y ch\u1ee7 \u0111\u01b0\u1ee3c phun s\u01a1n nh\u1ef1a. Ngo\u00e0i ra, n\u00f3 c\u00f3 th\u1ec3 \u0111\u01b0\u1ee3c l\u00e0m b\u1eb1ng t\u1ea5t c\u1ea3 c\u00e1c lo\u1ea1i th\u00e9p kh\u00f4ng g\u1ec9 theo nhu c\u1ea7u c\u1ee7a kh\u00e1ch h\u00e0ng.<\/li><li>D\u00e2y chuy\u1ec1n l\u1eafp r\u00e1p \u0111\u00f3ng g\u00f3i ho\u00e0n to\u00e0n t\u1ef1 \u0111\u1ed9ng v\u1edbi \u0111i\u1ec1u khi\u1ec3n \u0111\u01a1n gi\u1ea3n, \u0111\u1ed9 \u1ed5n \u0111\u1ecbnh cao v\u00e0 t\u1ef7 l\u1ec7 ph\u1ebf li\u1ec7u th\u1ea5p. N\u00f3 gi\u00fap ti\u1ebft ki\u1ec7m \u0111\u00e1ng k\u1ec3 lao \u0111\u1ed9ng v\u00e0 c\u1ea3i thi\u1ec7n hi\u1ec7u qu\u1ea3 s\u1ea3n xu\u1ea5t.<\/li><\/ul>    <ul class=\"wp-block-list\"><li>Hi\u1ec7u qu\u1ea3 \u0111\u00f3ng g\u00f3i cao, hi\u1ec7u su\u1ea5t \u1ed5n \u0111\u1ecbnh, v\u1eadn h\u00e0nh v\u00e0 b\u1ea3o tr\u00ec thu\u1eadn ti\u1ec7n v\u00e0 t\u1ef7 l\u1ec7 h\u1ecfng h\u00f3c th\u1ea5p.<\/li><\/ul>    <figure class=\"wp-block-image size-large\"><img decoding=\"async\" src=\"https:\/\/taizypackaging.com\/wp-content\/uploads\/2020\/10\/the-structure-incense-stick-packing-machine.jpg\" alt=\"C\u1ea5u t\u1ea1o m\u00e1y \u0111\u00f3ng g\u00f3i nhang\" class=\"wp-image-667\"\/><figcaption>C\u1ea5u t\u1ea1o m\u00e1y \u0111\u00f3ng g\u00f3i nhang<\/figcaption><\/figure>    <h2 class=\"wp-block-heading\" id=\"h-technical-parameters\">Th\u00f4ng s\u1ed1 m\u00e1y \u0111\u00f3ng g\u00f3i nhang<\/h2>    <figure class=\"wp-block-table\"><table><tbody><tr><td>Ng\u01b0\u1eddi m\u1eabu<\/td><td>CX-300<\/td><td>CX-500<\/td><\/tr><tr><td>Ph\u01b0\u01a1ng ph\u00e1p ni\u00eam phong <\/td><td>Ni\u00eam phong l\u1ea1i <\/td><td>Ni\u00eam phong l\u1ea1i<\/td><\/tr><tr><td>T\u1ed1c \u0111\u1ed9 \u0111\u00f3ng g\u00f3i <\/td><td>20-50 t\u00fai\/ph\u00fat <\/td><td>20-70 t\u00fai\/ph\u00fat<\/td><\/tr><tr><td>\u0110\u1ed9 d\u00e0y m\u00e0ng bao b\u00ec<\/td><td>2,0-5,2 \u1eebm<\/td><td>1,0-2,2 \u1eebm<\/td><\/tr><tr><td>Chi\u1ec1u r\u1ed9ng m\u00e0ng bao b\u00ec<\/td><td>300mm<\/td><td>300mm<\/td><\/tr><tr><td>chi\u1ec1u d\u00e0i t\u00fai <\/td><td>300-600mm <\/td><td>300-600mm<\/td><\/tr><tr><td>Chi\u1ec1u r\u1ed9ng t\u00fai <\/td><td>10-150 mm<\/td><td>10-150 mm<\/td><\/tr><tr><td>V\u1eadt li\u1ec7u m\u00e0ng t\u00fai <\/td><td>BOPP, PE\/OPP<\/td><td>BOPP<\/td><\/tr><\/tbody><\/table><\/figure>    <h2 class=\"wp-block-heading\" id=\"h-the-advantages-of-incense-stick-packaging-machine\">\u01afu \u0111i\u1ec3m c\u1ee7a m\u00e1y \u0111\u00f3ng g\u00f3i nhang<\/h2>    <p>N\u00f3 c\u00f3 th\u1ec3 ch\u1ea1y li\u00ean t\u1ee5c trong th\u1eddi gian d\u00e0i.<\/p>    <p>Hi\u1ec7u su\u1ea5t ni\u00eam phong t\u1ed1t v\u00e0 hi\u1ec7u \u1ee9ng \u0111\u00f3ng g\u00f3i \u0111\u1eb9p.<\/p>    <p>N\u00f3 c\u00f2n c\u00f3 th\u1ec3 in \u0111\u1ed3ng th\u1eddi ng\u00e0y s\u1ea3n xu\u1ea5t, l\u1ed7 x\u1ecf khuy\u00ean (l\u1ed7 tr\u00f2n, l\u1ed7 tam gi\u00e1c, v.v.).<\/p>    <p>Ph\u1ea1m vi \u0111\u00f3ng g\u00f3i r\u1ed9ng: ph\u1ea1m vi s\u1eed d\u1ee5ng ph\u00f9 h\u1ee3p cho vi\u1ec7c \u0111\u00f3ng g\u00f3i h\u01b0\u01a1ng Ph\u1eadt, h\u01b0\u01a1ng d\u00e0i (1-100 mi\u1ebfng).<\/p>    <p>Nh\u1eadp c\u00e1c th\u00f4ng s\u1ed1 v\u00e0 t\u1ef1 \u0111\u1ed9ng \u0111\u1ebfm v\u00e0 \u0111\u00f3ng g\u00f3i<\/p>    <figure class=\"wp-block-image size-large\"><img decoding=\"async\" src=\"https:\/\/taizypackaging.com\/wp-content\/uploads\/2020\/10\/pack-display-of-Counting-Agarbatti-Incense-Stick-Packing-Machine-.jpg\" alt=\"tr\u01b0ng b\u00e0y g\u00f3i c\u1ee7a M\u00e1y \u0111\u00f3ng g\u00f3i nhang Agarbatti \u0111\u1ebfm\" class=\"wp-image-668\"\/><figcaption>tr\u01b0ng b\u00e0y g\u00f3i c\u1ee7a M\u00e1y \u0111\u00f3ng g\u00f3i nhang Agarbatti \u0111\u1ebfm<\/figcaption><\/figure>    <h2 class=\"wp-block-heading\" id=\"h-the-incense-stick-packing-machine-manufacturer\">Nh\u00e0 s\u1ea3n xu\u1ea5t m\u00e1y \u0111\u00f3ng g\u00f3i nhang<\/h2>    <p class=\"translation-block\">Ch\u00fang t\u00f4i l\u00e0 nh\u00e0 s\u1ea3n xu\u1ea5t m\u00e1y \u0111\u00f3ng g\u00f3i. Ch\u00fang t\u00f4i l\u00e0 m\u1ed9t doanh nghi\u1ec7p chuy\u00ean nghi\u00ean c\u1ee9u v\u00e0 b\u00e1n m\u00e1y \u0111\u00f3ng g\u00f3i. Hi\u1ec7n t\u1ea1i, c\u00e1c m\u00e1y \u0111\u00f3ng g\u00f3i ch\u00ednh c\u1ee7a ch\u00fang t\u00f4i bao g\u1ed3m <a href=\"https:\/\/taizypackaging.com\/vi\/granule-packaging-machine\/\" target=\"_blank\" rel=\"noreferrer noopener\">m\u00e1y \u0111\u00f3ng g\u00f3i h\u1ea1t<\/a>, m\u00e1y \u0111\u00f3ng g\u00f3i b\u1ed9t, m\u00e1y \u0111\u00f3ng g\u00f3i keo, <a href=\"https:\/\/taizypackaging.com\/vi\/machines-category\/vpm\/\" target=\"_blank\" rel=\"noreferrer noopener\">m\u00e1y \u0111\u00f3ng g\u00f3i ch\u00e2n kh\u00f4ng<\/a>, m\u00e1y \u0111\u00f3ng g\u00f3i nhang, v\u00e0 nhi\u1ec1u h\u01a1n n\u1eefa.<\/p>    <h2 class=\"wp-block-heading\" id=\"h-customer-case\">Tr\u01b0\u1eddng h\u1ee3p kh\u00e1ch h\u00e0ng<\/h2>    <p>Kh\u00e1ch h\u00e0ng Argentina \u0111\u00e3 mua lo\u1ea1i m\u00e1y \u0111\u00f3ng g\u00f3i nhang n\u00e0y t\u1eeb c\u00e1c c\u00f4ng ty kh\u00e1c v\u00e0o n\u0103m 2017 v\u00e0 \u0111\u00e3 li\u00ean h\u1ec7 v\u1edbi ch\u00fang t\u00f4i v\u00e0o th\u00e1ng 10 n\u0103m nay \u0111\u1ec3 mua m\u1ed9t chi\u1ebfc m\u00e1y \u0111\u00f3ng g\u00f3i cao c\u1ea5p h\u01a1n. V\u00ec v\u1eady, chuy\u00ean vi\u00ean t\u01b0 v\u1ea5n b\u00e1n h\u00e0ng c\u1ee7a ch\u00fang t\u00f4i \u0111\u00e3 g\u1eedi h\u00ecnh \u1ea3nh m\u00e1y \u0111\u00f3ng g\u00f3i th\u1ea1ch agarbatti t\u1ef1 \u0111\u1ed9ng v\u00e0 c\u00e1c th\u00f4ng s\u1ed1 cho kh\u00e1ch h\u00e0ng. Kh\u00e1ch h\u00e0ng r\u1ea5t h\u00e0i l\u00f2ng v\u00e0 quy\u1ebft \u0111\u1ecbnh tr\u1ea3 cho ch\u00fang t\u00f4i kho\u1ea3n \u0111\u1eb7t c\u1ecdc 50% tr\u01b0\u1edbc. Kh\u00e1ch h\u00e0ng \u0111\u00e3 g\u1eedi cho ch\u00fang t\u00f4i video ph\u1ea3n h\u1ed3i sau khi nh\u1eadn \u0111\u01b0\u1ee3c m\u00e1y v\u00e0 m\u00e1y \u0111ang ch\u1ea1y r\u1ea5t t\u1ed1t.<\/p>","protected":false},"excerpt":{"rendered":"<p>The incense stick packaging machine is also called agarbatti packing machine. We have produced this agarbatti counting and sealing packaging machine according to the characteristics of various incense in the world. Now, we have&nbsp;an incense stick packing machine, agarbatti pouch packing machine, Indiamart agarbatti packing machine, agarbatti counting and packing machine, automatic agarbatti packing machine, [&hellip;]<\/p>\n","protected":false},"author":1,"featured_media":670,"parent":0,"template":"","tags":[],"product-type":[668],"class_list":["post-536","product","type-product","status-publish","has-post-thumbnail","hentry","product-type-supporting-equipment"],"_links":{"self":[{"href":"https:\/\/taizypackaging.com\/vi\/wp-json\/wp\/v2\/product\/536","targetHints":{"allow":["GET"]}}],"collection":[{"href":"https:\/\/taizypackaging.com\/vi\/wp-json\/wp\/v2\/product"}],"about":[{"href":"https:\/\/taizypackaging.com\/vi\/wp-json\/wp\/v2\/types\/product"}],"author":[{"embeddable":true,"href":"https:\/\/taizypackaging.com\/vi\/wp-json\/wp\/v2\/users\/1"}],"wp:featuredmedia":[{"embeddable":true,"href":"https:\/\/taizypackaging.com\/vi\/wp-json\/wp\/v2\/media\/670"}],"wp:attachment":[{"href":"https:\/\/taizypackaging.com\/vi\/wp-json\/wp\/v2\/media?parent=536"}],"wp:term":[{"taxonomy":"post_tag","embeddable":true,"href":"https:\/\/taizypackaging.com\/vi\/wp-json\/wp\/v2\/tags?post=536"},{"taxonomy":"product-type","embeddable":true,"href":"https:\/\/taizypackaging.com\/vi\/wp-json\/wp\/v2\/product-type?post=536"}],"curies":[{"name":"wp","href":"https:\/\/api.w.org\/{rel}","templated":true}]}}