{"id":772,"date":"2020-11-21T06:47:00","date_gmt":"2020-11-21T06:47:00","guid":{"rendered":"https:\/\/taizypackaging.com\/?p=772"},"modified":"2024-07-17T17:58:18","modified_gmt":"2024-07-17T09:58:18","slug":"single-chamber-vacuum-packing-machine","status":"publish","type":"product","link":"https:\/\/taizypackaging.com\/vi\/single-chamber-vacuum-packing-machine\/","title":{"rendered":"M\u00e1y \u0111\u00f3ng g\u00f3i ch\u00e2n kh\u00f4ng bu\u1ed3ng \u0111\u01a1n"},"content":{"rendered":"<div class=\"kk-star-ratings kksr-auto kksr-align-left kksr-valign-top\"     data-payload='{&quot;align&quot;:&quot;left&quot;,&quot;id&quot;:&quot;772&quot;,&quot;slug&quot;:&quot;default&quot;,&quot;valign&quot;:&quot;top&quot;,&quot;ignore&quot;:&quot;&quot;,&quot;reference&quot;:&quot;auto&quot;,&quot;class&quot;:&quot;&quot;,&quot;count&quot;:&quot;8&quot;,&quot;legendonly&quot;:&quot;&quot;,&quot;readonly&quot;:&quot;&quot;,&quot;score&quot;:&quot;4.8&quot;,&quot;starsonly&quot;:&quot;&quot;,&quot;best&quot;:&quot;5&quot;,&quot;gap&quot;:&quot;5&quot;,&quot;greet&quot;:&quot;Rate this product&quot;,&quot;legend&quot;:&quot;4.8\\\/5 - (8 b\u00ecnh ch\u1ecdn)&quot;,&quot;size&quot;:&quot;24&quot;,&quot;title&quot;:&quot;Single Chamber Vacuum Packing Machine&quot;,&quot;width&quot;:&quot;136.7&quot;,&quot;_legend&quot;:&quot;{score}\\\/{best} - ({count} {votes})&quot;,&quot;font_factor&quot;:&quot;1.25&quot;}'>              <div class=\"kksr-stars\">      <div class=\"kksr-stars-inactive\">             <div class=\"kksr-star\" data-star=\"1\" style=\"padding-right: 5px\">               <div class=\"kksr-icon\" style=\"width: 24px; height: 24px;\"><\/div>         <\/div>             <div class=\"kksr-star\" data-star=\"2\" style=\"padding-right: 5px\">               <div class=\"kksr-icon\" style=\"width: 24px; height: 24px;\"><\/div>         <\/div>             <div class=\"kksr-star\" data-star=\"3\" style=\"padding-right: 5px\">               <div class=\"kksr-icon\" style=\"width: 24px; height: 24px;\"><\/div>         <\/div>             <div class=\"kksr-star\" data-star=\"4\" style=\"padding-right: 5px\">               <div class=\"kksr-icon\" style=\"width: 24px; height: 24px;\"><\/div>         <\/div>             <div class=\"kksr-star\" data-star=\"5\" style=\"padding-right: 5px\">               <div class=\"kksr-icon\" style=\"width: 24px; height: 24px;\"><\/div>         <\/div>     <\/div>      <div class=\"kksr-stars-active\" style=\"width: 136.7px;\">             <div class=\"kksr-star\" style=\"padding-right: 5px\">               <div class=\"kksr-icon\" style=\"width: 24px; height: 24px;\"><\/div>         <\/div>             <div class=\"kksr-star\" style=\"padding-right: 5px\">               <div class=\"kksr-icon\" style=\"width: 24px; height: 24px;\"><\/div>         <\/div>             <div class=\"kksr-star\" style=\"padding-right: 5px\">               <div class=\"kksr-icon\" style=\"width: 24px; height: 24px;\"><\/div>         <\/div>             <div class=\"kksr-star\" style=\"padding-right: 5px\">               <div class=\"kksr-icon\" style=\"width: 24px; height: 24px;\"><\/div>         <\/div>             <div class=\"kksr-star\" style=\"padding-right: 5px\">               <div class=\"kksr-icon\" style=\"width: 24px; height: 24px;\"><\/div>         <\/div>     <\/div> <\/div>                   <div class=\"kksr-legend\" style=\"font-size: 19.2px;\">             4.8\/5 - (8 l\u01b0\u1ee3t b\u00ecnh ch\u1ecdn)    <\/div>     <\/div>  <p class=\"translation-block\"><strong>M\u00e1y \u0111\u00f3ng g\u00f3i ch\u00e2n kh\u00f4ng m\u1ed9t bu\u1ed3ng<\/strong> \u0111\u1ec1 c\u1eadp \u0111\u1ebfn c\u00e1c m\u00e1y ni\u00eam phong ch\u00e2n kh\u00f4ng v\u1edbi m\u1ed9t bu\u1ed3ng. M\u00e1y \u0111\u00f3ng g\u00f3i ch\u00e2n kh\u00f4ng \u0111\u01b0\u1ee3c s\u1eed d\u1ee5ng r\u1ed9ng r\u00e3i trong ng\u00e0nh th\u1ef1c ph\u1ea9m, ch\u1eb3ng h\u1ea1n nh\u01b0 th\u1ecbt, rau, tr\u00e1i c\u00e2y, ng\u00f4, g\u1ea1o, x\u00fac x\u00edch, v.v. N\u00f3 c\u00f3 th\u1ec3 t\u1ef1 \u0111\u1ed9ng h\u00fat kh\u00f4ng kh\u00ed ra kh\u1ecfi t\u00fai v\u00e0 ho\u00e0n th\u00e0nh qu\u00e1 tr\u00ecnh ni\u00eam phong. N\u00f3 c\u0169ng c\u00f3 th\u1ec3 \u0111\u01b0\u1ee3c b\u01a1m \u0111\u1ea7y nitrogen ho\u1eb7c c\u00e1c h\u1ed7n h\u1ee3p kh\u00ed kh\u00e1c \u0111\u1ec3 ho\u00e0n th\u00e0nh qu\u00e1 tr\u00ecnh ni\u00eam phong. Sau khi \u0111\u00f3ng g\u00f3i ch\u00e2n kh\u00f4ng, th\u1ef1c ph\u1ea9m c\u00f3 th\u1ec3 ch\u1ed1ng oxy h\u00f3a, nh\u1eb1m \u0111\u1ea1t \u0111\u01b0\u1ee3c m\u1ee5c \u0111\u00edch b\u1ea3o qu\u1ea3n l\u00e2u d\u00e0i. M\u00e1y \u0111\u00f3ng g\u00f3i ch\u00e2n kh\u00f4ng m\u1ed9t bu\u1ed3ng l\u00e0 m\u1ed9t m\u00e1y ni\u00eam phong ch\u00e2n kh\u00f4ng nh\u1ecf v\u00e0 di \u0111\u1ed9ng. N\u00f3 ph\u00f9 h\u1ee3p cho c\u1ea3 \u1ee9ng d\u1ee5ng t\u1ea1i nh\u00e0 v\u00e0 c\u00f4ng nghi\u1ec7p.  <\/p>    <h2 class=\"wp-block-heading\" id=\"h-how-does-this-kind-of-vacuum-packing-machine-work\">M\u00e1y \u0111\u00f3ng g\u00f3i ch\u00e2n kh\u00f4ng m\u1ed9t ph\u00f2ng ho\u1ea1t \u0111\u1ed9ng nh\u01b0 th\u1ebf n\u00e0o?<\/h2>   <figure class=\"wp-block-embed-youtube wp-block-embed is-type-video is-provider-youtube wp-embed-aspect-16-9 wp-has-aspect-ratio\"><div class=\"lyte-wrapper fourthree\" title=\"M\u00e1y \u0111\u00f3ng g\u00f3i ch\u00e2n kh\u00f4ng bu\u1ed3ng \u0111\u01a1n | M\u00e1y \u0111\u00f3ng g\u00f3i ch\u00e2n kh\u00f4ng th\u01b0\u01a1ng m\u1ea1i hi\u1ec7u qu\u1ea3 cao\" style=\"width:960px;max-width:100%;margin:5px auto;\"><div class=\"lyMe hidef\" id=\"WYL_ogHoh9d3IKc\" itemprop=\"video\" itemscope itemtype=\"https:\/\/schema.org\/VideoObject\"><div><meta itemprop=\"thumbnailUrl\" content=\"https:\/\/taizypackaging.com\/wp-content\/plugins\/wp-youtube-lyte\/lyteCache.php?origThumbUrl=https%3A%2F%2Fi.ytimg.com%2Fvi%2FogHoh9d3IKc%2Fmaxresdefault.jpg\" \/><meta itemprop=\"embedURL\" content=\"https:\/\/www.youtube.com\/embed\/ogHoh9d3IKc\" \/><meta itemprop=\"duration\" content=\"PT47S\" \/><meta itemprop=\"uploadDate\" content=\"2021-08-13T00:52:06Z\" \/><\/div><div id=\"lyte_ogHoh9d3IKc\" data-src=\"https:\/\/taizypackaging.com\/wp-content\/plugins\/wp-youtube-lyte\/lyteCache.php?origThumbUrl=https%3A%2F%2Fi.ytimg.com%2Fvi%2FogHoh9d3IKc%2Fmaxresdefault.jpg\" class=\"pL\"><div class=\"tC\"><div class=\"tT\" itemprop=\"name\">M\u00e1y \u0111\u00f3ng g\u00f3i ch\u00e2n kh\u00f4ng bu\u1ed3ng \u0111\u01a1n | M\u00e1y \u0111\u00f3ng g\u00f3i ch\u00e2n kh\u00f4ng th\u01b0\u01a1ng m\u1ea1i hi\u1ec7u qu\u1ea3 cao<\/div><\/div><div class=\"play\"><\/div><div class=\"ctrl\"><div class=\"Lctrl\"><\/div><div class=\"Rctrl\"><\/div><\/div><\/div><noscript><a href=\"https:\/\/youtu.be\/ogHoh9d3IKc\" rel=\"nofollow noopener\" target=\"_blank\"><img loading=\"lazy\" decoding=\"async\" src=\"https:\/\/taizypackaging.com\/wp-content\/plugins\/wp-youtube-lyte\/lyteCache.php?origThumbUrl=https%3A%2F%2Fi.ytimg.com%2Fvi%2FogHoh9d3IKc%2F0.jpg\" alt=\"M\u00e1y \u0111\u00f3ng g\u00f3i ch\u00e2n kh\u00f4ng bu\u1ed3ng \u0111\u01a1n | M\u00e1y \u0111\u00f3ng g\u00f3i ch\u00e2n kh\u00f4ng th\u01b0\u01a1ng m\u1ea1i hi\u1ec7u qu\u1ea3 cao\" width=\"960\" height=\"700\" \/><br \/>Xem video n\u00e0y tr\u00ean YouTube<\/a><\/noscript><meta itemprop=\"description\" content=\"#vacuumpacking #vacuumsealer #vacuumpacker Email: info@taizypackaging.com WhatsApp\/Wechat\/Tel:+86 18837171591 Useful link: https:\/\/taizypackaging.com\/single-chamber-vacuum-packing-machine\/ ---------------------------------------------------- This vacuum packaging machine has only one vacuum chamber to work. It is mainly used for packaging all kinds of snack foods, such as chicken legs, ham, chicken feet, spiced corned egg, spicy strips, grilled fish fillets, beef jerky, sausages, meat, etc. Compared with a double chamber vacuum packing machine, it has a smaller size and a cheaper price. Single chamber vacuum packaging machine is a small and portable vacuum sealer. It is both suitable for home and industrial applications. Taizy is a professional vacuum sealer manufacturer and exporter, providing various vacuum packing machines for sale. Contact us today for the best quote. You may also like this video: Double chamber vacuum packing machine: https:\/\/www.youtube.com\/watch?v=aPYp44oAyio ---------------------------------------------------- Email: info@taizypackaging.com WhatsApp\/Wechat\/Tel:+86 18837171591 Useful link: https:\/\/taizypackaging.com\/single-chamber-vacuum-packing-machine\/\"><\/div><\/div><div class=\"lL\" style=\"max-width:100%;width:960px;margin:5px auto;\"><\/div><figcaption><\/figcaption><\/figure>   <h2 class=\"wp-block-heading\" id=\"h-what-can-single-chamber-vacuum-packaging-machine-pack\">M\u00e1y \u0111\u00f3ng g\u00f3i ch\u00e2n kh\u00f4ng bu\u1ed3ng \u0111\u01a1n c\u00f3 th\u1ec3 \u0111\u00f3ng g\u00f3i nh\u1eefng g\u00ec? <\/h2>    <p>M\u00e1y \u0111\u00f3ng g\u00f3i ch\u00e2n kh\u00f4ng m\u1ed9t bu\u1ed3ng th\u00edch h\u1ee3p \u0111\u1ec3 \u0111\u00f3ng g\u00f3i nhi\u1ec1u lo\u1ea1i th\u1ef1c ph\u1ea9m kh\u00e1c nhau b\u1eb1ng c\u00e1ch s\u1eed d\u1ee5ng c\u00e1c m\u00e0ng composite b\u1eb1ng nh\u1ef1a ho\u1eb7c l\u00e1 nh\u00f4m kh\u00e1c nhau. N\u00f3 c\u00f3 th\u1ec3 \u0111\u00f3ng g\u00f3i th\u1ef1c ph\u1ea9m d\u1ea1ng l\u1ecfng, b\u00e1n l\u1ecfng, d\u1ea1ng h\u1ea1t r\u1eafn, d\u1ea1ng b\u1ed9t, d\u1ea1ng nh\u00e3o, tr\u00e1i c\u00e2y t\u01b0\u01a1i, rau, g\u1ea1o, hoa, h\u00f3a ch\u1ea5t, d\u01b0\u1ee3c li\u1ec7u c\u00f3 gi\u00e1 tr\u1ecb, th\u01b0 ph\u00e1p v\u00e0 h\u1ed9i h\u1ecda c\u00f3 gi\u00e1 tr\u1ecb, linh ki\u1ec7n \u0111i\u1ec7n t\u1eed, c\u00e1c lo\u1ea1i ch\u1ed1ng s\u00e2u b\u01b0\u1edbm, ch\u1ed1ng \u0103n m\u00f2n , s\u1ea3n ph\u1ea9m ch\u1ed1ng \u1ea9m, ch\u1ed1ng n\u1ea5m m\u1ed1c, ch\u1ed1ng oxy h\u00f3a.<\/p>    <figure class=\"wp-block-image size-full\"><img decoding=\"async\" src=\"https:\/\/taizypackaging.com\/wp-content\/uploads\/2020\/11\/single-chamber-vacuum-sealer-applications.jpg\" alt=\"\u1ee9ng d\u1ee5ng m\u00e1y h\u00fat ch\u00e2n kh\u00f4ng bu\u1ed3ng \u0111\u01a1n\" class=\"wp-image-4089\"\/><figcaption class=\"wp-element-caption\">\u1ee9ng d\u1ee5ng m\u00e1y h\u00fat ch\u00e2n kh\u00f4ng bu\u1ed3ng \u0111\u01a1n<\/figcaption><\/figure>    <h2 class=\"wp-block-heading\" id=\"h-technical-parameters\">Th\u00f4ng s\u1ed1 k\u1ef9 thu\u1eadt c\u1ee7a m\u00e1y h\u00fat ch\u00e2n kh\u00f4ng bu\u1ed3ng \u0111\u01a1n<\/h2>    <figure class=\"wp-block-table\"><table><tbody><tr><td>Ng\u01b0\u1eddi m\u1eabu<\/td><td>DZ400\/2E<\/td><td>DZ500\/2E<\/td><td>DZ600\/2E<\/td><\/tr><tr><td>Quy\u1ec1n l\u1ef1c<\/td><td>220V\/110V<\/td><td>220V\/110V<\/td><td>220V\/110V<\/td><\/tr><tr><td>C\u00f4ng su\u1ea5t b\u01a1m ch\u00e2n kh\u00f4ng<\/td><td>900W<\/td><td>900W<\/td><td>1800W<\/td><\/tr><tr><td>S\u1ee9c m\u1ea1nh ni\u00eam phong<\/td><td>600W<\/td><td>750W<\/td><td>1200W<\/td><\/tr><tr><td>\u00c1p su\u1ea5t tuy\u1ec7t \u0111\u1ed1i th\u1ea5p nh\u1ea5t<\/td><td>1Kpa<\/td><td>1Kpa<\/td><td>1Kpa<\/td><\/tr><tr><td>M\u1ea3nh d\u00e1n<\/td><td>2<\/td><td>2<\/td><td>2<\/td><\/tr><tr><td>K\u00edch th\u01b0\u1edbc bu\u1ed3ng ch\u00e2n kh\u00f4ng<\/td><td>430*<em>420<\/em>*75mm<\/td><td>530*<em>520<\/em>*75mm<\/td><td>650*<em>620<\/em>*100mm<\/td><\/tr><tr><td>K\u00edch th\u01b0\u1edbc ni\u00eam phong<\/td><td>400*10mm<\/td><td>500*10mm<\/td><td>600*10mm<\/td><\/tr><tr><td>C\u00e2n n\u1eb7ng<\/td><td>80kg<\/td><td>100kg<\/td><td>150kg<\/td><\/tr><tr><td>K\u00edch th\u01b0\u1edbc m\u00e1y<\/td><td>540*<em>500<\/em>*950mm<\/td><td>580*<em>630<\/em>*1000mm<\/td><td>750*<em>710<\/em>*1000mm<\/td><\/tr><\/tbody><\/table><\/figure>    <h2 class=\"wp-block-heading\">M\u00e1y \u0111\u00f3ng g\u00f3i ch\u00e2n kh\u00f4ng bu\u1ed3ng \u0111\u01a1n VS bu\u1ed3ng \u0111\u00f4i<\/h2>    <h3 class=\"wp-block-heading\">\u0110i\u1ec3m t\u01b0\u01a1ng \u0111\u1ed3ng<\/h3>    <p>M\u00e1y \u0111\u00f3ng g\u00f3i ch\u00e2n kh\u00f4ng bu\u1ed3ng \u0111\u01a1n v\u00e0 m\u00e1y \u0111\u00f3ng g\u00f3i ch\u00e2n kh\u00f4ng bu\u1ed3ng \u0111\u00f4i l\u00e0 hai lo\u1ea1i m\u00e1y h\u00fat ch\u00e2n kh\u00f4ng \u0111\u01b0\u1ee3c s\u1eed d\u1ee5ng ph\u1ed5 bi\u1ebfn nh\u1ea5t. \u0110\u00fang nh\u01b0 t\u00ean g\u1ecdi, m\u00e1y \u0111\u00f3ng g\u00f3i ch\u00e2n kh\u00f4ng bu\u1ed3ng \u0111\u01a1n ch\u1ec9 c\u00f3 m\u1ed9t ph\u00f2ng, c\u00f2n m\u00e1y \u0111\u00f3ng g\u00f3i ch\u00e2n kh\u00f4ng bu\u1ed3ng \u0111\u00f4i c\u00f3 hai ph\u00f2ng. Ch\u00fang c\u00f3 c\u00f9ng nguy\u00ean t\u1eafc v\u00e0 m\u1ee5c \u0111\u00edch l\u00e0m vi\u1ec7c. To\u00e0n b\u1ed9 s\u1ea3n ph\u1ea9m \u0111\u01b0\u1ee3c cho v\u00e0o m\u00e1y b\u00ean trong t\u00fai nh\u1ef1a, \u0111\u1eady k\u00edn, \u0111\u1eady n\u1eafp b\u1eb1ng b\u01a1m ch\u00e2n kh\u00f4ng c\u1ef1c m\u1ea1nh \u0111\u1ec3 lo\u1ea1i b\u1ecf kh\u00f4ng kh\u00ed, m\u1ed9t khi \u0111\u00e3 lo\u1ea1i b\u1ecf h\u1ebft kh\u00f4ng kh\u00ed. Sau \u0111\u00f3 m\u1edf n\u1eafp v\u00e0 l\u1ea5y th\u00e0nh ph\u1ea9m ra.<\/p>    <h3 class=\"wp-block-heading\">S\u1ef1 kh\u00e1c bi\u1ec7t<\/h3>    <p>S\u1ef1 kh\u00e1c bi\u1ec7t gi\u1eefa hai m\u00e1y h\u00fat ch\u00e2n kh\u00f4ng kh\u00f4ng n\u1eb1m \u1edf c\u00e1ch b\u1ecbt k\u00edn m\u00e0 n\u1eb1m \u1edf kh\u1ea3 n\u0103ng b\u1ecbt k\u00edn. M\u00e1y h\u00fat ch\u00e2n kh\u00f4ng bu\u1ed3ng \u0111\u01a1n ph\u00f9 h\u1ee3p h\u01a1n v\u1edbi nhu c\u1ea7u \u0111\u00f3ng g\u00f3i kh\u1ed1i l\u01b0\u1ee3ng trung b\u00ecnh v\u00e0 th\u1ea5p v\u00ec nhi\u1ec1u h\u01a1n m\u1ed9t k\u00edch th\u01b0\u1edbc bao b\u00ec nh\u1ea5t \u0111\u1ecbnh s\u1ebd kh\u00f4ng th\u1ec3 v\u1eeba kh\u00edt v\u1edbi m\u00e1y bu\u1ed3ng duy nh\u1ea5t. Trong khi \u0111\u00f3, \u0111\u00fang nh\u01b0 t\u00ean g\u1ecdi, m\u00e1y h\u00fat ch\u00e2n kh\u00f4ng hai bu\u1ed3ng c\u00f3 c\u00f4ng su\u1ea5t l\u1edbn h\u01a1n v\u00e0 k\u00edch th\u01b0\u1edbc l\u1edbn h\u01a1n \u0111\u1ec3 ni\u00eam phong c\u00e1c m\u1eb7t h\u00e0ng v\u00e0 ch\u00fang \u0111\u01b0\u1ee3c s\u1eed d\u1ee5ng cho c\u00e1c g\u00f3i h\u00e0ng c\u00f3 dung l\u01b0\u1ee3ng trung b\u00ecnh. N\u00f3 th\u01b0\u1eddng \u0111\u01b0\u1ee3c s\u1eed d\u1ee5ng \u0111\u1ec3 \u0111\u00f3ng g\u00f3i c\u00e1c s\u1ea3n ph\u1ea9m s\u1eefa, th\u1ecbt, \u0111\u1ed3 h\u1ed9p v\u00e0 c\u00e1c m\u1eb7t h\u00e0ng b\u00e1nh k\u1eb9o. <\/p>    <p>X\u00e9t v\u1ec1 phong \u0111\u1ed9 th\u00ec c\u1ea3 hai \u0111\u1ec1u \u0111ang l\u00e0m t\u1ed1t. C\u00e1i n\u00e0o l\u00e0 l\u00fd t\u01b0\u1edfng cho d\u1ef1 \u00e1n c\u1ee7a b\u1ea1n ch\u1ec9 ph\u1ee5 thu\u1ed9c v\u00e0o k\u00edch th\u01b0\u1edbc c\u1ee7a c\u00e1c m\u1eb7t h\u00e0ng b\u1ea1n c\u1ea7n ni\u00eam phong. N\u1ebfu b\u1ea1n kh\u00f4ng ch\u1eafc ch\u1eafn v\u1ec1 y\u00eau c\u1ea7u c\u1ee7a m\u00ecnh, h\u00e3y h\u1ecfi \u0111\u1ed9i ng\u0169 nh\u00e2n vi\u00ean l\u00e0nh ngh\u1ec1 c\u1ee7a ch\u00fang t\u00f4i \u0111\u1ec3 \u0111\u01b0\u1ee3c t\u01b0 v\u1ea5n h\u1eefu \u00edch. <\/p>    <figure class=\"wp-block-image size-full\"><img loading=\"lazy\" decoding=\"async\" width=\"720\" height=\"540\" src=\"https:\/\/taizypackaging.com\/wp-content\/uploads\/2020\/11\/single-chamber-vacuum-packaging-machine-2.jpg\" alt=\"m\u00e1y \u0111\u00f3ng g\u00f3i ch\u00e2n kh\u00f4ng bu\u1ed3ng \u0111\u01a1n\" class=\"wp-image-4087\" srcset=\"https:\/\/taizypackaging.com\/wp-content\/uploads\/2020\/11\/single-chamber-vacuum-packaging-machine-2.jpg 720w, https:\/\/taizypackaging.com\/wp-content\/uploads\/2020\/11\/single-chamber-vacuum-packaging-machine-2-300x225.jpg 300w\" sizes=\"auto, (max-width: 720px) 100vw, 720px\" \/><figcaption class=\"wp-element-caption\">m\u00e1y \u0111\u00f3ng g\u00f3i ch\u00e2n kh\u00f4ng bu\u1ed3ng \u0111\u01a1n<\/figcaption><\/figure>    <h2 class=\"wp-block-heading\" id=\"h-what-are-the-advantages-of-the-single-chamber-vacuum-packaging-machine\">\u01afu \u0111i\u1ec3m c\u1ee7a m\u00e1y \u0111\u00f3ng g\u00f3i ch\u00e2n kh\u00f4ng bu\u1ed3ng \u0111\u01a1n<\/h2>    <ul class=\"wp-block-list\"> <li>H\u1ec7 th\u1ed1ng \u0111i\u1ec1u khi\u1ec3n m\u00e1y vi t\u00ednh \u0111\u01b0\u1ee3c \u00e1p d\u1ee5ng \u0111\u1ec3 gi\u00fap c\u00e0i \u0111\u1eb7t tham s\u1ed1 \u0111\u00f3ng g\u00f3i ch\u00ednh x\u00e1c h\u01a1n v\u00e0 v\u1eadn h\u00e0nh thu\u1eadn ti\u1ec7n<\/li>    <li>M\u00e1y \u0111\u00f3ng g\u00f3i ch\u00e2n kh\u00f4ng th\u1ef1c ph\u1ea9m th\u1ecbt c\u00f3 th\u1ec3 \u0111\u1eb7t th\u1eddi gian h\u00fat b\u1ee5i v\u00e0 th\u1eddi gian ni\u00eam phong bao b\u00ec \u0111\u1ec3 th\u00edch \u1ee9ng v\u1edbi vi\u1ec7c \u0111\u00f3ng g\u00f3i c\u00f3 th\u00f4ng s\u1ed1 k\u1ef9 thu\u1eadt v\u00e0 v\u1eadt li\u1ec7u kh\u00e1c nhau.<\/li>    <li>M\u00e1y c\u1ee7a ch\u00fang t\u00f4i \u0111\u01b0\u1ee3c trang b\u1ecb b\u01a1m ch\u00e2n kh\u00f4ng c\u00f4ng su\u1ea5t cao n\u00ean t\u00fai \u0111\u00f3ng g\u00f3i c\u00f3 th\u1ec3 thu \u0111\u01b0\u1ee3c \u0111\u1ed9 ch\u00e2n kh\u00f4ng l\u1edbn trong th\u1eddi gian ng\u1eafn, gi\u00fap c\u1ea3i thi\u1ec7n hi\u1ec7u qu\u1ea3 l\u00e0m vi\u1ec7c c\u1ee7a thi\u1ebft b\u1ecb.<\/li>    <li>To\u00e0n b\u1ed9 ch\u1ea5t li\u1ec7u c\u1ee7a m\u00e1y \u0111\u00f3ng g\u00f3i ch\u00e2n kh\u00f4ng l\u00e0 th\u00e9p kh\u00f4ng g\u1ec9 304, c\u00f3 t\u00e1c d\u1ee5ng ch\u1ed1ng \u0103n m\u00f2n khi s\u1eed d\u1ee5ng trong m\u00f4i tr\u01b0\u1eddng \u0103n m\u00f2n nghi\u00eam tr\u1ecdng.<\/li>    <li>Bu\u1ed3ng ch\u00e2n kh\u00f4ng s\u1eed d\u1ee5ng d\u1ea3i ni\u00eam phong h\u00ecnh ch\u1eef V \u0111\u01b0\u1ee3c l\u00e0m b\u1eb1ng v\u1eadt li\u1ec7u m\u1eadt \u0111\u1ed9 cao \u0111\u1ec3 \u0111\u1ea3m b\u1ea3o \u0111\u1ed9 k\u00edn kh\u00ed c\u1ee7a thi\u1ebft b\u1ecb trong c\u00f4ng vi\u1ec7c h\u00e0ng ng\u00e0y, kh\u1ea3 n\u0103ng ch\u1ecbu \u00e1p l\u1ef1c v\u00e0 ch\u1ed1ng m\u00e0i m\u00f2n c\u1ee7a v\u1eadt li\u1ec7u, \u0111\u1ed3ng th\u1eddi k\u00e9o d\u00e0i tu\u1ed5i th\u1ecd c\u1ee7a d\u1ea3i ni\u00eam phong.<\/li> <\/ul>    <h2 class=\"wp-block-heading\" id=\"h-related-machine\">M\u00e1y li\u00ean quan v\u1ec1 m\u00e1y h\u00fat ch\u00e2n kh\u00f4ng bu\u1ed3ng \u0111\u01a1n<\/h2>    <p class=\"translation-block\">Ngo\u00e0i m\u00e1y \u0111\u00f3ng g\u00f3i ch\u00e2n kh\u00f4ng m\u1ed9t bu\u1ed3ng, c\u00f2n c\u00f3 m\u00e1y \u0111\u00f3ng g\u00f3i ch\u00e2n kh\u00f4ng \u0111\u1ec3 b\u00e0n v\u00e0 m\u00e1y \u0111\u00f3ng g\u00f3i ch\u00e2n kh\u00f4ng hai bu\u1ed3ng c\u00f3 s\u1eb5n t\u1eeb nh\u00e0 m\u00e1y Taizy. M\u00e1y \u0111\u00f3ng g\u00f3i ch\u00e2n kh\u00f4ng \u0111\u1ec3 b\u00e0n l\u00e0 m\u1ed9t lo\u1ea1i m\u00e1y ni\u00eam phong ch\u00e2n kh\u00f4ng nh\u1ecf, r\u1ea5t ph\u00f9 h\u1ee3p cho vi\u1ec7c s\u1eed d\u1ee5ng t\u1ea1i nh\u00e0 v\u1edbi k\u00edch th\u01b0\u1edbc nh\u1ecf v\u00e0 chi ph\u00ed th\u1ea5p. V\u00e0 <a href=\"https:\/\/taizypackaging.com\/vi\/double-chamber-vacuum-packing-machine\/\">m\u00e1y \u0111\u00f3ng g\u00f3i ch\u00e2n kh\u00f4ng hai bu\u1ed3ng<\/a> ph\u00f9 h\u1ee3p cho \u1ee9ng d\u1ee5ng th\u01b0\u01a1ng m\u1ea1i. B\u1edfi v\u00ec n\u00f3 c\u00f3 hi\u1ec7u su\u1ea5t cao v\u00e0 hi\u1ec7u qu\u1ea3 t\u1ed1t. Ba lo\u1ea1i m\u00e1y \u0111\u00f3ng g\u00f3i ch\u00e2n kh\u00f4ng n\u00e0y \u0111\u01b0\u1ee3c b\u00e1n t\u1eeb ch\u00fang t\u00f4i c\u00f3 c\u00e1c t\u00ednh n\u0103ng v\u00e0 gi\u00e1 c\u1ea3 kh\u00e1c nhau. B\u1ea1n c\u00f3 quan t\u00e2m \u0111\u1ebfn ch\u00fang kh\u00f4ng? H\u00e3y li\u00ean h\u1ec7 v\u1edbi ch\u00fang t\u00f4i \u0111\u1ec3 bi\u1ebft th\u00eam th\u00f4ng tin h\u1eefu \u00edch. <\/p>    <figure class=\"wp-block-image size-full\"><img decoding=\"async\" src=\"https:\/\/taizypackaging.com\/wp-content\/uploads\/2021\/08\/\u753b\u677f-11.jpg\" alt=\"m\u00e1y h\u00fat ch\u00e2n kh\u00f4ng \u0111\u1ec3 b\u00e0n v\u00e0 m\u00e1y h\u00fat ch\u00e2n kh\u00f4ng bu\u1ed3ng \u0111\u00f4i\" class=\"wp-image-2654\"\/><figcaption class=\"wp-element-caption\">m\u00e1y h\u00fat ch\u00e2n kh\u00f4ng \u0111\u1ec3 b\u00e0n v\u00e0 m\u00e1y h\u00fat ch\u00e2n kh\u00f4ng bu\u1ed3ng \u0111\u00f4i<\/figcaption><\/figure>    <h2 class=\"wp-block-heading\" id=\"h-about-us\">T\u1ea1i sao ch\u1ecdn ch\u00fang t\u00f4i l\u00e0m nh\u00e0 s\u1ea3n xu\u1ea5t m\u00e1y \u0111\u00f3ng g\u00f3i ch\u00e2n kh\u00f4ng h\u00e0ng \u0111\u1ea7u c\u1ee7a b\u1ea1n? <\/h2>    <p class=\"translation-block\">C\u00f4ng ty Taizy \u0111\u00e3 t\u1eadp trung v\u00e0o <a href=\"https:\/\/taizypackaging.com\/vi\/\">ng\u00e0nh c\u00f4ng nghi\u1ec7p m\u00e1y \u0111\u00f3ng g\u00f3i<\/a> h\u01a1n 10 n\u0103m. Ch\u00fang t\u00f4i \u0111\u00e3 thu h\u00fat kh\u00e1ch h\u00e0ng t\u1eeb kh\u1eafp n\u01a1i tr\u00ean th\u1ebf gi\u1edbi v\u1edbi uy t\u00edn t\u1ed1t, s\u1ea3n ph\u1ea9m ch\u1ea5t l\u01b0\u1ee3ng cao v\u00e0 gi\u00e1 c\u1ea3 ph\u1ea3i ch\u0103ng. Nh\u00e0 m\u00e1y \u0111\u00e3 t\u1eadp h\u1ee3p c\u00e1c k\u1ef9 s\u01b0 cao c\u1ea5p v\u00e0 k\u1ef9 thu\u1eadt vi\u00ean h\u00e0ng \u0111\u1ea7u \u0111\u1ec3 ki\u1ec3m so\u00e1t ch\u1ea5t l\u01b0\u1ee3ng s\u1ea3n ph\u1ea9m m\u1ed9t c\u00e1ch nghi\u00eam ng\u1eb7t. Ngo\u00e0i ra, qu\u1ea3n l\u00fd b\u00e1n h\u00e0ng c\u1ee7a ch\u00fang t\u00f4i s\u1ebd gi\u1edbi thi\u1ec7u cho b\u1ea1n v\u1ec1 m\u00e1y m\u1ed9t c\u00e1ch to\u00e0n di\u1ec7n th\u00f4ng qua nhi\u1ec1u c\u00e1ch kh\u00e1c nhau, ch\u1eb3ng h\u1ea1n nh\u01b0 video, h\u00ecnh \u1ea3nh, v\u00e0 \u0111\u1ec1 xu\u1ea5t m\u00e1y ph\u00f9 h\u1ee3p nh\u1ea5t theo nhu c\u1ea7u c\u1ee7a b\u1ea1n. <\/p>    <p>N\u1ebfu c\u1ea7n, b\u1ea1n c\u00f3 th\u1ec3 th\u00f4ng b\u00e1o tr\u01b0\u1edbc cho ng\u01b0\u1eddi qu\u1ea3n l\u00fd v\u00e0 nh\u00e2n vi\u00ean k\u1ef9 thu\u1eadt c\u1ee7a ch\u00fang t\u00f4i s\u1ebd t\u00f9y ch\u1ec9nh m\u00e1y cho d\u1ef1 \u00e1n c\u1ee7a b\u1ea1n. V\u00e0 c\u00f4ng ty ch\u00fang t\u00f4i duy tr\u00ec m\u1ed1i quan h\u1ec7 h\u1ee3p t\u00e1c l\u00e2u d\u00e0i v\u1edbi c\u00e1c c\u00f4ng ty v\u1eadn t\u1ea3i l\u1edbn trong n\u01b0\u1edbc \u0111\u1ec3 \u0111\u1ea3m b\u1ea3o h\u00e0ng h\u00f3a c\u1ee7a b\u1ea1n \u0111\u01b0\u1ee3c v\u1eadn chuy\u1ec3n v\u1edbi \u00edt t\u1ed5n th\u1ea5t kh\u00f4ng \u0111\u00e1ng c\u00f3 nh\u1ea5t. \u0110\u1ed3ng th\u1eddi, sau khi nh\u1eadn h\u00e0ng, nh\u00e2n vi\u00ean sau b\u00e1n h\u00e0ng c\u1ee7a ch\u00fang t\u00f4i lu\u00f4n s\u1eb5n s\u00e0ng gi\u1ea3i \u0111\u00e1p nh\u1eefng th\u1eafc m\u1eafc c\u1ee7a b\u1ea1n v\u00e0 \u0111\u01b0a ra l\u1eddi khuy\u00ean v\u1ec1 vi\u1ec7c b\u1ea3o tr\u00ec, ch\u0103m s\u00f3c m\u00e1y. <\/p>    <figure class=\"wp-block-image size-full\"><img decoding=\"async\" src=\"https:\/\/taizypackaging.com\/wp-content\/uploads\/2021\/08\/\u753b\u677f-10-1.jpg\" alt=\"m\u00e1y \u0111\u00f3ng g\u00f3i ch\u00e2n kh\u00f4ng bu\u1ed3ng \u0111\u01a1n trong kho\" class=\"wp-image-2655\"\/><figcaption class=\"wp-element-caption\">m\u00e1y \u0111\u00f3ng g\u00f3i ch\u00e2n kh\u00f4ng bu\u1ed3ng \u0111\u01a1n trong kho<\/figcaption><\/figure>    <figure class=\"wp-block-image size-full\"><img decoding=\"async\" src=\"https:\/\/taizypackaging.com\/wp-content\/uploads\/2021\/08\/\u753b\u677f-9-2.jpg\" alt=\"nh\u00e0 m\u00e1y s\u1ea3n xu\u1ea5t m\u00e1y h\u00fat ch\u00e2n kh\u00f4ng bu\u1ed3ng \u0111\u01a1n\" class=\"wp-image-2656\"\/><figcaption class=\"wp-element-caption\">nh\u00e0 m\u00e1y s\u1ea3n xu\u1ea5t m\u00e1y h\u00fat ch\u00e2n kh\u00f4ng bu\u1ed3ng \u0111\u01a1n<\/figcaption><\/figure>","protected":false},"excerpt":{"rendered":"<p>Theo c\u00e1c y\u00eau c\u1ea7u v\u1ec1 n\u0103ng su\u1ea5t \u0111\u00f3ng g\u00f3i kh\u00e1c nhau, b\u1ea1n c\u00f3 th\u1ec3 ch\u1ecdn m\u00e1y \u0111\u00f3ng g\u00f3i ch\u00e2n kh\u00f4ng lo\u1ea1i \u0111\u01a1n ho\u1eb7c m\u00e1y \u0111\u00f3ng g\u00f3i ch\u00e2n kh\u00f4ng hai bu\u1ed3ng.<\/p>","protected":false},"author":1,"featured_media":2660,"parent":0,"template":"","tags":[],"product-type":[666],"class_list":["post-772","product","type-product","status-publish","has-post-thumbnail","hentry","product-type-vacuum-packaging-machines"],"_links":{"self":[{"href":"https:\/\/taizypackaging.com\/vi\/wp-json\/wp\/v2\/product\/772","targetHints":{"allow":["GET"]}}],"collection":[{"href":"https:\/\/taizypackaging.com\/vi\/wp-json\/wp\/v2\/product"}],"about":[{"href":"https:\/\/taizypackaging.com\/vi\/wp-json\/wp\/v2\/types\/product"}],"author":[{"embeddable":true,"href":"https:\/\/taizypackaging.com\/vi\/wp-json\/wp\/v2\/users\/1"}],"wp:featuredmedia":[{"embeddable":true,"href":"https:\/\/taizypackaging.com\/vi\/wp-json\/wp\/v2\/media\/2660"}],"wp:attachment":[{"href":"https:\/\/taizypackaging.com\/vi\/wp-json\/wp\/v2\/media?parent=772"}],"wp:term":[{"taxonomy":"post_tag","embeddable":true,"href":"https:\/\/taizypackaging.com\/vi\/wp-json\/wp\/v2\/tags?post=772"},{"taxonomy":"product-type","embeddable":true,"href":"https:\/\/taizypackaging.com\/vi\/wp-json\/wp\/v2\/product-type?post=772"}],"curies":[{"name":"wp","href":"https:\/\/api.w.org\/{rel}","templated":true}]}}